{"id":85761,"date":"2026-05-14T11:39:36","date_gmt":"2026-05-14T09:39:36","guid":{"rendered":"https:\/\/www.acs.si\/?page_id=85761"},"modified":"2026-05-14T11:45:22","modified_gmt":"2026-05-14T09:45:22","slug":"councils","status":"publish","type":"page","link":"https:\/\/www.acs.si\/en\/about-us\/councils\/","title":{"rendered":"Councils"},"content":{"rendered":"<p>[et_pb_section fb_built=&#8221;1&#8243; _builder_version=&#8221;4.16&#8243; global_colors_info=&#8221;{}&#8221;][et_pb_row _builder_version=&#8221;4.16&#8243; background_size=&#8221;initial&#8221; background_position=&#8221;top_left&#8221; background_repeat=&#8221;repeat&#8221; global_colors_info=&#8221;{}&#8221;][et_pb_column type=&#8221;4_4&#8243; _builder_version=&#8221;4.16&#8243; custom_padding=&#8221;|||&#8221; global_colors_info=&#8221;{}&#8221; custom_padding__hover=&#8221;|||&#8221;][et_pb_text _builder_version=&#8221;4.27.5&#8243; background_size=&#8221;initial&#8221; background_position=&#8221;top_left&#8221; background_repeat=&#8221;repeat&#8221; hover_enabled=&#8221;0&#8243; global_colors_info=&#8221;{}&#8221; sticky_enabled=&#8221;0&#8243;]<\/p>\n<h5>Council of the Slovenian Institute for Adult Education<\/h5>\n<ol>\n<li>Dr Tina Toma\u017ei\u010d, Ministry of Education \u2013 president<\/li>\n<li>Dr Nevenka Bogataj, SIAE<\/li>\n<li>Irena Kuntari\u010d Hribar, Ministry of Labour, Family, Social Affairs and Equal Opportunities<\/li>\n<li>Eva Mermolja, representative of the network of educational organizations for adult education<\/li>\n<li>Dr Maja Mezgec, University of Primorska<\/li>\n<li>Zdenka Mili\u010d Kav\u010di\u010d, Ministry of Higher Education, Science and Innovation<\/li>\n<li>Jasmina Ore\u0161nik Cunja, SIAE<\/li>\n<li>Ana Peklenik, SIAE<\/li>\n<li>Dddr Joca Zurc, University of Maribor<\/li>\n<\/ol>\n<p>Three representatives of the founder were appointed by the by the decision of the Government of the Republic of Slovenia on 22 January 2025.<\/p>\n<p>The appointed SIAE Council members have a four year mandate.<\/p>\n<h5>\u00a0<\/h5>\n<h5>Professional Council\u00a0of the Slovenian Institute for Adult Education<\/h5>\n<ol>\n<li>Ur\u0161ka Bittner Pipan, MSc, SIAE \u2013 president<\/li>\n<li>Neda \u0110or\u0111evi\u0107, SIAE<\/li>\n<li>Dr Danijela Makovec Radovan, Faculty of Arts of the University of Ljubljana<\/li>\n<li>Dubravka Milovanovi\u0107, Employment Service of the Republic of Slovenia<\/li>\n<li>Ur\u0161ka Pavli\u010d, SIAE<\/li>\n<li>Dr Alenka Polak,\u00a0 Faculty of Education of the University of Ljubljana<\/li>\n<li>Jasmina Poli\u010dnik, SIAE<\/li>\n<li>Alida Zagorc \u0160uligoj, Ljubljana Public Education Centre &#8211; Cene \u0160tupar &#8211; CILJ<\/li>\n<li>Franci Zlatar, Slovene Philanthropy<\/li>\n<li>Natalija \u017dalec, MAEd (UK), SIAE<\/li>\n<\/ol>\n<p>The decision on the appointment was made at the 5th correspondence session of the ACS Council held on 19 November 2025, on the basis of Article 22 of the Decision Establishing the Slovenia Institut for Adult Education, adopted on 4 July 2024, and Articles 40 and 41 of the Statute of the SIEA, adopted on 21 February 2025.<\/p>\n<p>The term of office of the appointed members of the\u00a0Professional Council of the\u00a0of the SIAE lasts five years.<\/p>\n<p>[\/et_pb_text][\/et_pb_column][\/et_pb_row][\/et_pb_section]<\/p>\n","protected":false},"excerpt":{"rendered":"<p>Council of the&#8230;<\/p>\n","protected":false},"author":41,"featured_media":0,"parent":28058,"menu_order":50,"comment_status":"closed","ping_status":"closed","template":"","meta":{"_acf_changed":false,"_et_pb_use_builder":"on","_et_pb_old_content":"<p>[et_pb_section bb_built=\"1\"][et_pb_row][et_pb_column type=\"4_4\"][et_pb_text]<\/p><h5>Council of the Slovenian Institute for Adult Education<\/h5><ol><li>Darja \u010cot, Ministry of Labour, Family, Social Affairs and Equal Opportunities<\/li><li>Andreja Dobrovoljc, MSc, SIAE<\/li><li>Katja Dov\u017eak, MSc, Ministry of Education, Science and Sport<\/li><li>Dr Tanja Mo\u017eina, SIAE<\/li><li>Zvonka Pangerc Pahernik, MSc, SIAE<\/li><li>Mihaela Praprotnik,\u00a0Ministry of Education, Science and Sport<\/li><li>Maja Radinovi\u010d Hajdi\u010d, MA,\u00a0representative of the network of educational organizations for adult education<\/li><li>Dr Marko Radovan, University of Ljubljana<\/li><li>Dr Andreja \u0160pernjak, University of Maribor<\/li><\/ol><p>Three representatives of the founder were appointed by the Government of the Republic of Slovenia at its 98th regular meeting on 28 July 2016. The appointed SIAE Council members\u00a0have a four year mandate.<\/p><h5>Professional Council\u00a0of the Slovenian Institute for Adult Education<\/h5><ol><li>Erika Brenk, SIAE<\/li><li>A. Mi\u0161a Hrovath Derganc,\u00a0Employment Service of the Republic of Slovenia<\/li><li>Dr Anita Jug Do\u0161ler, SIAE<\/li><li>Dr Andrej Kohont, University of Ljubljana, Faculty of Social Sciences<\/li><li>Brigita Kropu\u0161ek Ranzinger, Adult Education Centre Velenje<\/li><li>Goran Luki\u0107, Workers' counseling<\/li><li>Jasmina Ore\u0161nik Cunja, SIAE<\/li><li>Andrej Soto\u0161ek, MSc, SIAE<\/li><li>Dare Stojan, Avitel d.o.o.<\/li><li>Tanja Vili\u010d Klenov\u0161ek, SIAE<\/li><li>Franci Zlatar, Slovene Philanthropy<\/li><\/ol><p>The decision on the appointment was made at the 11th regular meeting of the SIAE Council on 19 December 2019 in accordance with Article 7 of the Ordinance on establishment of the SIAE and Articles 25 and 26 of the Status of the SIAE, adopted on 31 July 2008.<\/p><p>The appointed Professional Council members have a four year mandate.<\/p><p>[\/et_pb_text][\/et_pb_column][\/et_pb_row][\/et_pb_section]<\/p>","_et_gb_content_width":"","inline_featured_image":false,"footnotes":""},"class_list":["post-85761","page","type-page","status-publish","hentry"],"acf":[],"yoast_head":"<!-- This site is optimized with the Yoast SEO plugin v26.2 - https:\/\/yoast.com\/wordpress\/plugins\/seo\/ -->\n<title>Councils | Andrago\u0161ki center Republike Slovenije<\/title>\n<meta name=\"robots\" content=\"index, follow, max-snippet:-1, max-image-preview:large, max-video-preview:-1\" \/>\n<link rel=\"canonical\" href=\"https:\/\/www.acs.si\/en\/about-us\/councils\/\" \/>\n<meta property=\"og:locale\" content=\"en_US\" \/>\n<meta property=\"og:type\" content=\"article\" \/>\n<meta property=\"og:title\" content=\"Councils | Andrago\u0161ki center Republike Slovenije\" \/>\n<meta property=\"og:description\" content=\"Council of the...\" \/>\n<meta property=\"og:url\" content=\"https:\/\/www.acs.si\/en\/about-us\/councils\/\" \/>\n<meta property=\"og:site_name\" content=\"Andrago\u0161ki center Republike Slovenije\" \/>\n<meta property=\"article:publisher\" content=\"https:\/\/www.facebook.com\/AndragoskiCenterSlovenije\/\" \/>\n<meta property=\"article:modified_time\" content=\"2026-05-14T09:45:22+00:00\" \/>\n<meta name=\"twitter:card\" content=\"summary_large_image\" \/>\n<meta name=\"twitter:label1\" content=\"Est. reading time\" \/>\n\t<meta name=\"twitter:data1\" content=\"2 minutes\" \/>\n<script type=\"application\/ld+json\" class=\"yoast-schema-graph\">{\"@context\":\"https:\/\/schema.org\",\"@graph\":[{\"@type\":\"WebPage\",\"@id\":\"https:\/\/www.acs.si\/en\/about-us\/councils\/\",\"url\":\"https:\/\/www.acs.si\/en\/about-us\/councils\/\",\"name\":\"Councils | Andrago\u0161ki center Republike Slovenije\",\"isPartOf\":{\"@id\":\"https:\/\/www.acs.si\/#website\"},\"datePublished\":\"2026-05-14T09:39:36+00:00\",\"dateModified\":\"2026-05-14T09:45:22+00:00\",\"breadcrumb\":{\"@id\":\"https:\/\/www.acs.si\/en\/about-us\/councils\/#breadcrumb\"},\"inLanguage\":\"en-US\",\"potentialAction\":[{\"@type\":\"ReadAction\",\"target\":[\"https:\/\/www.acs.si\/en\/about-us\/councils\/\"]}]},{\"@type\":\"BreadcrumbList\",\"@id\":\"https:\/\/www.acs.si\/en\/about-us\/councils\/#breadcrumb\",\"itemListElement\":[{\"@type\":\"ListItem\",\"position\":1,\"name\":\"Home\",\"item\":\"https:\/\/www.acs.si\/en\/\"},{\"@type\":\"ListItem\",\"position\":2,\"name\":\"About us\",\"item\":\"https:\/\/www.acs.si\/en\/about-us\/\"},{\"@type\":\"ListItem\",\"position\":3,\"name\":\"Councils\"}]},{\"@type\":\"WebSite\",\"@id\":\"https:\/\/www.acs.si\/#website\",\"url\":\"https:\/\/www.acs.si\/\",\"name\":\"Andrago\u0161ki center Republike Slovenije\",\"description\":\"\",\"potentialAction\":[{\"@type\":\"SearchAction\",\"target\":{\"@type\":\"EntryPoint\",\"urlTemplate\":\"https:\/\/www.acs.si\/?s={search_term_string}\"},\"query-input\":{\"@type\":\"PropertyValueSpecification\",\"valueRequired\":true,\"valueName\":\"search_term_string\"}}],\"inLanguage\":\"en-US\"}]}<\/script>\n<!-- \/ Yoast SEO plugin. -->","yoast_head_json":{"title":"Councils | Andrago\u0161ki center Republike Slovenije","robots":{"index":"index","follow":"follow","max-snippet":"max-snippet:-1","max-image-preview":"max-image-preview:large","max-video-preview":"max-video-preview:-1"},"canonical":"https:\/\/www.acs.si\/en\/about-us\/councils\/","og_locale":"en_US","og_type":"article","og_title":"Councils | Andrago\u0161ki center Republike Slovenije","og_description":"Council of the...","og_url":"https:\/\/www.acs.si\/en\/about-us\/councils\/","og_site_name":"Andrago\u0161ki center Republike Slovenije","article_publisher":"https:\/\/www.facebook.com\/AndragoskiCenterSlovenije\/","article_modified_time":"2026-05-14T09:45:22+00:00","twitter_card":"summary_large_image","twitter_misc":{"Est. reading time":"2 minutes"},"schema":{"@context":"https:\/\/schema.org","@graph":[{"@type":"WebPage","@id":"https:\/\/www.acs.si\/en\/about-us\/councils\/","url":"https:\/\/www.acs.si\/en\/about-us\/councils\/","name":"Councils | Andrago\u0161ki center Republike Slovenije","isPartOf":{"@id":"https:\/\/www.acs.si\/#website"},"datePublished":"2026-05-14T09:39:36+00:00","dateModified":"2026-05-14T09:45:22+00:00","breadcrumb":{"@id":"https:\/\/www.acs.si\/en\/about-us\/councils\/#breadcrumb"},"inLanguage":"en-US","potentialAction":[{"@type":"ReadAction","target":["https:\/\/www.acs.si\/en\/about-us\/councils\/"]}]},{"@type":"BreadcrumbList","@id":"https:\/\/www.acs.si\/en\/about-us\/councils\/#breadcrumb","itemListElement":[{"@type":"ListItem","position":1,"name":"Home","item":"https:\/\/www.acs.si\/en\/"},{"@type":"ListItem","position":2,"name":"About us","item":"https:\/\/www.acs.si\/en\/about-us\/"},{"@type":"ListItem","position":3,"name":"Councils"}]},{"@type":"WebSite","@id":"https:\/\/www.acs.si\/#website","url":"https:\/\/www.acs.si\/","name":"Andrago\u0161ki center Republike Slovenije","description":"","potentialAction":[{"@type":"SearchAction","target":{"@type":"EntryPoint","urlTemplate":"https:\/\/www.acs.si\/?s={search_term_string}"},"query-input":{"@type":"PropertyValueSpecification","valueRequired":true,"valueName":"search_term_string"}}],"inLanguage":"en-US"}]}},"_links":{"self":[{"href":"https:\/\/www.acs.si\/en\/wp-json\/wp\/v2\/pages\/85761","targetHints":{"allow":["GET"]}}],"collection":[{"href":"https:\/\/www.acs.si\/en\/wp-json\/wp\/v2\/pages"}],"about":[{"href":"https:\/\/www.acs.si\/en\/wp-json\/wp\/v2\/types\/page"}],"author":[{"embeddable":true,"href":"https:\/\/www.acs.si\/en\/wp-json\/wp\/v2\/users\/41"}],"replies":[{"embeddable":true,"href":"https:\/\/www.acs.si\/en\/wp-json\/wp\/v2\/comments?post=85761"}],"version-history":[{"count":4,"href":"https:\/\/www.acs.si\/en\/wp-json\/wp\/v2\/pages\/85761\/revisions"}],"predecessor-version":[{"id":87194,"href":"https:\/\/www.acs.si\/en\/wp-json\/wp\/v2\/pages\/85761\/revisions\/87194"}],"up":[{"embeddable":true,"href":"https:\/\/www.acs.si\/en\/wp-json\/wp\/v2\/pages\/28058"}],"wp:attachment":[{"href":"https:\/\/www.acs.si\/en\/wp-json\/wp\/v2\/media?parent=85761"}],"curies":[{"name":"wp","href":"https:\/\/api.w.org\/{rel}","templated":true}]}}