{"id":75773,"date":"2024-10-14T12:17:26","date_gmt":"2024-10-14T10:17:26","guid":{"rendered":"https:\/\/www.acs.si\/?page_id=75773"},"modified":"2024-11-08T08:08:40","modified_gmt":"2024-11-08T07:08:40","slug":"awareness-raising-for-lifelong-learning","status":"publish","type":"page","link":"https:\/\/www.acs.si\/en\/projects\/esf-projects\/awareness-raising-for-lifelong-learning\/","title":{"rendered":"Awareness-raising for Lifelong Learning (2023\u20132028)"},"content":{"rendered":"<p>[et_pb_section fb_built=&#8221;1&#8243; _builder_version=&#8221;4.16&#8243; custom_padding=&#8221;0px|||&#8221; global_colors_info=&#8221;{}&#8221;][et_pb_row column_structure=&#8221;1_3,2_3&#8243; use_custom_gutter=&#8221;on&#8221; gutter_width=&#8221;1&#8243; make_equal=&#8221;on&#8221; module_class=&#8221;logo-img-cont &#8221; _builder_version=&#8221;4.17.2&#8243; custom_margin=&#8221;||20px|&#8221; custom_padding=&#8221;0px||0px|&#8221; border_width_all=&#8221;1px&#8221; border_color_all=&#8221;#cdd1d6&#8243; global_colors_info=&#8221;{}&#8221;][et_pb_column type=&#8221;1_3&#8243; _builder_version=&#8221;4.17.2&#8243; custom_padding=&#8221;|||&#8221; custom_css_main_element=&#8221;display: flex;||flex-direction: column;||justify-content: center;&#8221; global_colors_info=&#8221;{}&#8221; custom_padding__hover=&#8221;|||&#8221;][et_pb_image src=&#8221;https:\/\/www.acs.si\/wp-content\/uploads\/2024\/10\/OI-Lahko_si_kar_zelis.png&#8221; alt=&#8221;Logotip promocijske kampanje Lahko.si.&#8221; title_text=&#8221;OI-Lahko_si_kar_zelis&#8221; align=&#8221;center&#8221; _builder_version=&#8221;4.17.2&#8243; _module_preset=&#8221;default&#8221; module_alignment=&#8221;center&#8221; global_colors_info=&#8221;{}&#8221;][\/et_pb_image][\/et_pb_column][et_pb_column type=&#8221;2_3&#8243; _builder_version=&#8221;4.16&#8243; custom_padding=&#8221;|||&#8221; global_colors_info=&#8221;{}&#8221; custom_padding__hover=&#8221;|||&#8221;][et_pb_text admin_label=&#8221;Osnovni podatki&#8221; _builder_version=&#8221;4.17.2&#8243; custom_padding=&#8221;20px|20px|20px|20px&#8221; border_width_left=&#8221;1px&#8221; border_color_left=&#8221;#cdd1d6&#8243; global_colors_info=&#8221;{}&#8221;]<\/p>\n<table class=\"projektTable\" style=\"height: 192px;\">\n<tbody>\n<tr style=\"height: 24px;\">\n<td style=\"height: 24px; width: 127px;\">Project<\/td>\n<td style=\"height: 24px; width: 911px;\">Raising awareness, communicating with different audiences and encouraging greater involvement in lifelong learning (shortened to Awareness-raising for Lifelong Learning)<\/td>\n<\/tr>\n<tr style=\"height: 24px;\">\n<td style=\"height: 24px; width: 127px;\">Time period<\/td>\n<td style=\"height: 24px; width: 911px;\">April 2023 \u2013 October 2028<\/td>\n<\/tr>\n<tr style=\"height: 24px;\">\n<td style=\"height: 24px; width: 127px;\">Project value<\/td>\n<td style=\"height: 24px; width: 911px;\">5,732,500.00 EUR<\/td>\n<\/tr>\n<tr style=\"height: 24px;\">\n<td style=\"height: 24px; width: 127px;\">Financed by<\/td>\n<td style=\"height: 24px; width: 911px;\">The investment is co-financed by the Republic of Slovenia and the European Union from the European Social Fund Plus (ESF+).<\/td>\n<\/tr>\n<tr style=\"height: 72px;\">\n<td style=\"height: 72px; width: 127px;\">Contact<\/td>\n<td style=\"height: 72px; width: 911px;\">mag. Ur\u0161ka Bittner Pipan<br \/>T: +386 1 5842 547<br \/>E: <a href=\"mailto:urska.bittner.pipan@acs.si\" target=\"_blank\" rel=\"noopener\">urska.bittner.pipan@acs.si<\/a><\/td>\n<\/tr>\n<tr style=\"height: 24px;\">\n<td style=\"height: 24px; width: 127px;\">Contract caretaker<\/td>\n<td style=\"height: 24px; width: 911px;\">Alenka Ra\u017eman, , Ministry of Education<\/td>\n<\/tr>\n<\/tbody>\n<\/table>\n<p>[\/et_pb_text][\/et_pb_column][\/et_pb_row][et_pb_row column_structure=&#8221;1_3,1_3,1_3&#8243; use_custom_gutter=&#8221;on&#8221; gutter_width=&#8221;2&#8243; _builder_version=&#8221;4.17.2&#8243; _module_preset=&#8221;default&#8221; width=&#8221;100%&#8221; global_colors_info=&#8221;{}&#8221;][et_pb_column type=&#8221;1_3&#8243; _builder_version=&#8221;4.17.2&#8243; _module_preset=&#8221;default&#8221; global_colors_info=&#8221;{}&#8221;][et_pb_image src=&#8221;https:\/\/www.acs.si\/wp-content\/uploads\/2024\/06\/logo_oz-mvi-1.svg&#8221; alt=&#8221;Ministrstvo za vzgojo in izobra\u017eevanje&#8221; url=&#8221;https:\/\/www.gov.si\/drzavni-organi\/ministrstva\/ministrstvo-za-vzgojo-in-izobrazevanje\/&#8221; url_new_window=&#8221;on&#8221; admin_label=&#8221;Image: MVI&#8221; _builder_version=&#8221;4.17.2&#8243; _module_preset=&#8221;default&#8221; global_colors_info=&#8221;{}&#8221;][\/et_pb_image][\/et_pb_column][et_pb_column type=&#8221;1_3&#8243; _builder_version=&#8221;4.17.2&#8243; _module_preset=&#8221;default&#8221; global_colors_info=&#8221;{}&#8221;][et_pb_image src=&#8221;https:\/\/www.acs.si\/wp-content\/uploads\/2024\/06\/logo_oz-i-feel-slo.svg&#8221; alt=&#8221;Logo I FEEL SLOVENIA&#8221; url=&#8221;https:\/\/www.slovenia.info\/sl&#8221; url_new_window=&#8221;on&#8221; admin_label=&#8221;Image: I Feel SLO&#8221; _builder_version=&#8221;4.17.2&#8243; _module_preset=&#8221;default&#8221; max_width=&#8221;80%&#8221; module_alignment=&#8221;center&#8221; custom_padding=&#8221;15px||||false|false&#8221; global_colors_info=&#8221;{}&#8221;][\/et_pb_image][\/et_pb_column][et_pb_column type=&#8221;1_3&#8243; _builder_version=&#8221;4.17.2&#8243; _module_preset=&#8221;default&#8221; global_colors_info=&#8221;{}&#8221;][et_pb_image src=&#8221;https:\/\/www.acs.si\/wp-content\/uploads\/2024\/06\/logo_oz-sof-eu.svg&#8221; alt=&#8221;Sofinancira Evropska unija&#8221; url=&#8221;https:\/\/evropskasredstva.si\/&#8221; url_new_window=&#8221;on&#8221; admin_label=&#8221;Image: Sofinancira EU&#8221; _builder_version=&#8221;4.17.2&#8243; _module_preset=&#8221;default&#8221; global_colors_info=&#8221;{}&#8221;][\/et_pb_image][\/et_pb_column][\/et_pb_row][et_pb_row _builder_version=&#8221;4.16&#8243; background_size=&#8221;initial&#8221; background_position=&#8221;top_left&#8221; background_repeat=&#8221;repeat&#8221; global_colors_info=&#8221;{}&#8221;][et_pb_column type=&#8221;4_4&#8243; _builder_version=&#8221;4.16&#8243; custom_padding=&#8221;|||&#8221; global_colors_info=&#8221;{}&#8221; custom_padding__hover=&#8221;|||&#8221;][et_pb_text admin_label=&#8221;Namen&#8221; _builder_version=&#8221;4.17.2&#8243; text_font_size=&#8221;10px&#8221; header_5_text_color=&#8221;#ffffff&#8221; header_5_font_size=&#8221;17px&#8221; header_5_line_height=&#8221;27px&#8221; custom_margin=&#8221;||0px|&#8221; custom_padding=&#8221;0px||0px|&#8221; global_colors_info=&#8221;{}&#8221;]<\/p>\n<h5 class=\"purple\">AIM<\/h5>\n<p>The project aims to strengthen general awareness of the importance of lifelong learning (LLL) and to contribute to greater adult participation in LLL. The goal is to enhance their skills for functioning in society and to reinforce their ability to respond to technological, demographic and climate changes in modern society.<\/p>\n<p>The project will enable systematic, continuous and long-term awareness-raising of the importance of LLL. We will develop a creative and comprehensive campaign that will influence the perception of learning in Slovenia, deepen reflection on it and encourage participation in LLL.<\/p>\n<p>The project will target all adults over the age of 16 and vulnerable groups.<\/p>\n<p>[\/et_pb_text][\/et_pb_column][\/et_pb_row][et_pb_row _builder_version=&#8221;4.16&#8243; background_size=&#8221;initial&#8221; background_position=&#8221;top_left&#8221; background_repeat=&#8221;repeat&#8221; global_colors_info=&#8221;{}&#8221;][et_pb_column type=&#8221;4_4&#8243; _builder_version=&#8221;4.16&#8243; custom_padding=&#8221;|||&#8221; global_colors_info=&#8221;{}&#8221; custom_padding__hover=&#8221;|||&#8221;][et_pb_text admin_label=&#8221;Cilji projekta&#8221; _builder_version=&#8221;4.17.2&#8243; text_font_size=&#8221;10px&#8221; header_5_text_color=&#8221;#ffffff&#8221; header_5_font_size=&#8221;17px&#8221; header_5_line_height=&#8221;27px&#8221; custom_margin=&#8221;||0px|&#8221; custom_padding=&#8221;||0px|&#8221; global_colors_info=&#8221;{}&#8221;]<\/p>\n<h5 class=\"purple\">OBJECTIVES<\/h5>\n<p>The main objectives of the project are:<\/p>\n<ul>\n<li>To strengthen the general awareness among all adults of the importance of learning;<\/li>\n<li>To establish new forms of coordinated events and methods for raising awareness, providing information and encouraging adults to participate in lifelong learning;<\/li>\n<li>To reinforce a positive attitude towards lifelong learning, which brings progress on personal, social and professional levels;<\/li>\n<li>To contribute to increasing the recognition and reputation of lifelong learning;<\/li>\n<li>To enhance cooperation between adult education providers and other stakeholders at national and local levels.<\/li>\n<\/ul>\n<p>[\/et_pb_text][\/et_pb_column][\/et_pb_row][et_pb_row _builder_version=&#8221;4.16&#8243; background_size=&#8221;initial&#8221; background_position=&#8221;top_left&#8221; background_repeat=&#8221;repeat&#8221; global_colors_info=&#8221;{}&#8221;][et_pb_column type=&#8221;4_4&#8243; _builder_version=&#8221;4.16&#8243; custom_padding=&#8221;|||&#8221; global_colors_info=&#8221;{}&#8221; custom_padding__hover=&#8221;|||&#8221;][et_pb_text admin_label=&#8221;Na\u010drtovani dose\u017eki&#8221; _builder_version=&#8221;4.17.2&#8243; text_font_size=&#8221;10px&#8221; header_5_text_color=&#8221;#ffffff&#8221; header_5_font_size=&#8221;17px&#8221; header_5_line_height=&#8221;27px&#8221; custom_margin=&#8221;||0px|&#8221; custom_padding=&#8221;||0px|&#8221; global_colors_info=&#8221;{}&#8221;]<\/p>\n<h5 class=\"purple\">PLANNED ACHIEVEMENTS<\/h5>\n<p>The project aims to accomplish the following achievements<\/p>\n<ul>\n<li>Establishment of a regional network of coordinators (12 coordinators);<\/li>\n<li>The organisation of 50 new events to raise awareness about the importance of lifelong learning;<\/li>\n<li>Creation of a new website, lahko.si, which will provide up-to-date information on lifelong learning, inspiring stories, interviews with experts, an interactive programme search tool and a comprehensive offering of the LLL programmes in Slovenia;<\/li>\n<li>A 14-day nationwide media campaign each year of the project\u2019s duration (once or twice a year);<\/li>\n<li>Establishment of a new social media profile, lahko.si, aimed at the target group of all adults.<\/li>\n<\/ul>\n<p>[\/et_pb_text][\/et_pb_column][\/et_pb_row][\/et_pb_section]<\/p>\n","protected":false},"excerpt":{"rendered":"<p>Project Raising&#8230;<\/p>\n","protected":false},"author":41,"featured_media":0,"parent":28557,"menu_order":19,"comment_status":"closed","ping_status":"closed","template":"page_projekt.php","meta":{"_acf_changed":false,"_et_pb_use_builder":"on","_et_pb_old_content":"[et_pb_section fb_built=\"1\" _builder_version=\"4.16\" custom_padding=\"0px|||\" global_colors_info=\"{}\"][et_pb_row column_structure=\"1_3,2_3\" use_custom_gutter=\"on\" gutter_width=\"1\" make_equal=\"on\" module_class=\"logo-img-cont \" _builder_version=\"4.17.2\" custom_margin=\"||20px|\" custom_padding=\"0px||0px|\" border_width_all=\"1px\" border_color_all=\"#cdd1d6\" global_colors_info=\"{}\"][et_pb_column type=\"1_3\" _builder_version=\"4.17.2\" custom_padding=\"|||\" custom_css_main_element=\"display: flex;||flex-direction: column;||justify-content: center;\" global_colors_info=\"{}\" custom_padding__hover=\"|||\"][et_pb_image src=\"https:\/\/www.acs.si\/wp-content\/uploads\/2024\/10\/OI-Lahko_si_kar_zelis.png\" alt=\"Logotip promocijske kampanje Lahko.si.\" title_text=\"OI-Lahko_si_kar_zelis\" align=\"center\" _builder_version=\"4.17.2\" _module_preset=\"default\" module_alignment=\"center\" hover_enabled=\"0\" global_colors_info=\"{}\" sticky_enabled=\"0\"][\/et_pb_image][\/et_pb_column][et_pb_column type=\"2_3\" _builder_version=\"4.16\" custom_padding=\"|||\" global_colors_info=\"{}\" custom_padding__hover=\"|||\"][et_pb_text admin_label=\"Osnovni podatki\" _builder_version=\"4.17.2\" custom_padding=\"20px|20px|20px|20px\" border_width_left=\"1px\" border_color_left=\"#cdd1d6\" global_colors_info=\"{}\"]\r\n<table class=\"projektTable\" style=\"height: 192px;\">\r\n<tbody>\r\n<tr style=\"height: 24px;\">\r\n<td style=\"height: 24px; width: 127.403px;\">Naziv projekta<\/td>\r\n<td style=\"height: 24px; width: 911.306px;\">Ozave\u0161\u010danje, obve\u0161\u010danje razli\u010dnih javnosti in spodbujanje k ve\u010dji vklju\u010denosti v vse\u017eivljenjsko u\u010denje (kraj\u0161e Ozave\u0161\u010danje za V\u017dU)<\/td>\r\n<\/tr>\r\n<tr style=\"height: 24px;\">\r\n<td style=\"height: 24px; width: 127.403px;\">\u010casovni okvir<\/td>\r\n<td style=\"height: 24px; width: 911.306px;\">1. 4. 2023 \u2013 31. 10. 2028<\/td>\r\n<\/tr>\r\n<tr style=\"height: 24px;\">\r\n<td style=\"height: 24px; width: 127.403px;\">Vrednost projekta<\/td>\r\n<td style=\"height: 24px; width: 911.306px;\">Skupna vrednost projekta je 5.732.500,00 EUR.<\/td>\r\n<\/tr>\r\n<tr style=\"height: 24px;\">\r\n<td style=\"height: 24px; width: 127.403px;\">Financerja<\/td>\r\n<td style=\"height: 24px; width: 911.306px;\">Nalo\u017ebo sofinancirata Republika Slovenija in Evropska unija iz Evropskega socialnega sklada plus (ESS+).<\/td>\r\n<\/tr>\r\n<tr style=\"height: 72px;\">\r\n<td style=\"height: 72px; width: 127.403px;\">Kontaktna oseba<\/td>\r\n<td style=\"height: 72px; width: 911.306px;\">mag. Ur\u0161ka Bittner Pipan\r\nT: 01 5842 547\r\nE: <a href=\"mailto:urska.bittner.pipan@acs.si\" target=\"_blank\" rel=\"noopener\">urska.bittner.pipan@acs.si<\/a><\/td>\r\n<\/tr>\r\n<tr style=\"height: 24px;\">\r\n<td style=\"height: 24px; width: 127.403px;\">Skrbnik pogodbe<\/td>\r\n<td style=\"height: 24px; width: 911.306px;\">Alenka Ra\u017eman, Ministrstvo za vzgojo in izobra\u017eevanje<\/td>\r\n<\/tr>\r\n<\/tbody>\r\n<\/table>\r\n[\/et_pb_text][\/et_pb_column][\/et_pb_row][et_pb_row column_structure=\"1_3,1_3,1_3\" use_custom_gutter=\"on\" gutter_width=\"2\" _builder_version=\"4.17.2\" _module_preset=\"default\" width=\"100%\" global_colors_info=\"{}\"][et_pb_column type=\"1_3\" _builder_version=\"4.17.2\" _module_preset=\"default\" global_colors_info=\"{}\"][et_pb_image src=\"https:\/\/www.acs.si\/wp-content\/uploads\/2024\/06\/logo_oz-mvi-1.svg\" alt=\"Ministrstvo za vzgojo in izobra\u017eevanje\" url=\"https:\/\/www.gov.si\/drzavni-organi\/ministrstva\/ministrstvo-za-vzgojo-in-izobrazevanje\/\" url_new_window=\"on\" admin_label=\"Image: MVI\" _builder_version=\"4.17.2\" _module_preset=\"default\" global_colors_info=\"{}\"][\/et_pb_image][\/et_pb_column][et_pb_column type=\"1_3\" _builder_version=\"4.17.2\" _module_preset=\"default\" global_colors_info=\"{}\"][et_pb_image src=\"https:\/\/www.acs.si\/wp-content\/uploads\/2024\/06\/logo_oz-i-feel-slo.svg\" alt=\"Logo I FEEL SLOVENIA\" url=\"https:\/\/www.slovenia.info\/sl\" url_new_window=\"on\" admin_label=\"Image: I Feel SLO\" _builder_version=\"4.17.2\" _module_preset=\"default\" max_width=\"80%\" module_alignment=\"center\" custom_padding=\"15px||||false|false\" global_colors_info=\"{}\"][\/et_pb_image][\/et_pb_column][et_pb_column type=\"1_3\" _builder_version=\"4.17.2\" _module_preset=\"default\" global_colors_info=\"{}\"][et_pb_image src=\"https:\/\/www.acs.si\/wp-content\/uploads\/2024\/06\/logo_oz-sof-eu.svg\" alt=\"Sofinancira Evropska unija\" url=\"https:\/\/evropskasredstva.si\/\" url_new_window=\"on\" admin_label=\"Image: Sofinancira EU\" _builder_version=\"4.17.2\" _module_preset=\"default\" global_colors_info=\"{}\"][\/et_pb_image][\/et_pb_column][\/et_pb_row][et_pb_row _builder_version=\"4.16\" background_size=\"initial\" background_position=\"top_left\" background_repeat=\"repeat\" global_colors_info=\"{}\"][et_pb_column type=\"4_4\" _builder_version=\"4.16\" custom_padding=\"|||\" global_colors_info=\"{}\" custom_padding__hover=\"|||\"][et_pb_text admin_label=\"Namen\" _builder_version=\"4.17.2\" text_font_size=\"10px\" header_5_text_color=\"#ffffff\" header_5_font_size=\"17px\" header_5_line_height=\"27px\" custom_margin=\"||0px|\" custom_padding=\"0px||0px|\" global_colors_info=\"{}\"]\r\n<h5 class=\"purple\">NAMEN<\/h5>\r\nNamen projekta je okrepiti splo\u0161no zavedanje o pomenu vse\u017eivljenjskega u\u010denja (V\u017dU) ter prispevati k ve\u010dji vklju\u010denosti odraslih v V\u017dU. Cilj je izbolj\u0161ati kompetence za njihovo delovanje v dru\u017ebi in utrjevati sposobnost odzivanja na tehnolo\u0161ke, demografske in podnebne spremembe v sodobni dru\u017ebi.\r\n\r\nProjekt bo omogo\u010dil sistemati\u010dno, kontinuirano in ve\u010dletno ozave\u0161\u010danje o pomenu V\u017dU. Oblikovali bomo kreativno in celostno kampanjo, s katero bomo vplivali na dojemanje u\u010denja v Sloveniji, poglabljali razmislek o njem ter spodbujali vklju\u010denost v V\u017dU.\r\n\r\nS projektom bomo nagovarjali vse odrasle, starej\u0161e od 16 let, ter ranljive ciljne skupine.\r\n\r\n[\/et_pb_text][\/et_pb_column][\/et_pb_row][et_pb_row _builder_version=\"4.16\" background_size=\"initial\" background_position=\"top_left\" background_repeat=\"repeat\" global_colors_info=\"{}\"][et_pb_column type=\"4_4\" _builder_version=\"4.16\" custom_padding=\"|||\" global_colors_info=\"{}\" custom_padding__hover=\"|||\"][et_pb_text admin_label=\"Cilji projekta\" _builder_version=\"4.17.2\" text_font_size=\"10px\" header_5_text_color=\"#ffffff\" header_5_font_size=\"17px\" header_5_line_height=\"27px\" custom_margin=\"||0px|\" custom_padding=\"||0px|\" global_colors_info=\"{}\"]\r\n<h5 class=\"purple\">CILJI<\/h5>\r\nTemeljni cilji projekta so:\r\n<ul>\r\n \t<li>okrepiti splo\u0161no zavedanje vseh odraslih o pomenu u\u010denja,<\/li>\r\n \t<li>uveljaviti nove oblike koordiniranih dogodkov in na\u010dine ozave\u0161\u010danja, informiranja ter spodbujanja odraslih za vklju\u010devanje v V\u017dU,<\/li>\r\n \t<li>utrditi pozitiven odnos do vse\u017eivljenjskega u\u010denja, ki prina\u0161a napredek na osebnem, dru\u017ebenem in profesionalnem podro\u010dju,<\/li>\r\n \t<li>prispevati k pove\u010danju prepoznavnosti in ugleda V\u017dU,<\/li>\r\n \t<li>izbolj\u0161ati sodelovanje med izvajalci izobra\u017eevanja odraslih in drugimi dele\u017eniki na nacionalni in lokalni ravni.<\/li>\r\n<\/ul>\r\n[\/et_pb_text][\/et_pb_column][\/et_pb_row][et_pb_row _builder_version=\"4.16\" background_size=\"initial\" background_position=\"top_left\" background_repeat=\"repeat\" global_colors_info=\"{}\"][et_pb_column type=\"4_4\" _builder_version=\"4.16\" custom_padding=\"|||\" global_colors_info=\"{}\" custom_padding__hover=\"|||\"][et_pb_text admin_label=\"Na\u010drtovani dose\u017eki\" _builder_version=\"4.17.2\" text_font_size=\"10px\" header_5_text_color=\"#ffffff\" header_5_font_size=\"17px\" header_5_line_height=\"27px\" custom_margin=\"||0px|\" custom_padding=\"||0px|\" global_colors_info=\"{}\"]\r\n<h5 class=\"purple\">NA\u010cRTOVANI DOSE\u017dKI<\/h5>\r\nV projektu na\u010drtujemo te dose\u017eke:\r\n<ul>\r\n \t<li>vzpostavitev regijske mre\u017ee koordinatorjev (12 koordinatorjev),<\/li>\r\n \t<li>organizacijo 50 novih dogodkov za ozave\u0161\u010danje o pomenu V\u017dU,<\/li>\r\n \t<li>postavitev novega spletnega portala lahko.si, ki bo na enem mestu ponujal aktualne informacije o V\u017dU, navdihujo\u010de zgodbe, intervjuje s strokovnjaki, interaktivni iskalnik programov in celovito ponudbo programov V\u017dU v Sloveniji,<\/li>\r\n \t<li>14-dnevno vseslovensko medijsko kampanjo vsako leto trajanja projekta (enkrat ali dvakrat letno),<\/li>\r\n \t<li>vzpostavitev novega dru\u017ebenega profila lahko.si, namenjenega ciljni skupini vseh odraslih.<\/li>\r\n<\/ul>\r\n\u00a0\r\n\r\n[\/et_pb_text][\/et_pb_column][\/et_pb_row][\/et_pb_section]","_et_gb_content_width":"","inline_featured_image":false,"footnotes":""},"class_list":["post-75773","page","type-page","status-publish","hentry"],"acf":[],"yoast_head":"<!-- This site is optimized with the Yoast SEO plugin v26.2 - https:\/\/yoast.com\/wordpress\/plugins\/seo\/ -->\n<title>Awareness-raising for Lifelong Learning (2023\u20132028) | Andrago\u0161ki center Republike Slovenije<\/title>\n<meta name=\"robots\" content=\"index, follow, max-snippet:-1, max-image-preview:large, max-video-preview:-1\" \/>\n<link rel=\"canonical\" href=\"https:\/\/www.acs.si\/en\/projects\/esf-projects\/awareness-raising-for-lifelong-learning\/\" \/>\n<meta property=\"og:locale\" content=\"en_US\" \/>\n<meta property=\"og:type\" content=\"article\" \/>\n<meta property=\"og:title\" content=\"Awareness-raising for Lifelong Learning (2023\u20132028) | Andrago\u0161ki center Republike Slovenije\" \/>\n<meta property=\"og:description\" content=\"Project Raising...\" \/>\n<meta property=\"og:url\" content=\"https:\/\/www.acs.si\/en\/projects\/esf-projects\/awareness-raising-for-lifelong-learning\/\" \/>\n<meta property=\"og:site_name\" content=\"Andrago\u0161ki center Republike Slovenije\" \/>\n<meta property=\"article:publisher\" content=\"https:\/\/www.facebook.com\/AndragoskiCenterSlovenije\/\" \/>\n<meta property=\"article:modified_time\" content=\"2024-11-08T07:08:40+00:00\" \/>\n<meta name=\"twitter:card\" content=\"summary_large_image\" \/>\n<meta name=\"twitter:label1\" content=\"Est. reading time\" \/>\n\t<meta name=\"twitter:data1\" content=\"3 minutes\" \/>\n<script type=\"application\/ld+json\" class=\"yoast-schema-graph\">{\"@context\":\"https:\/\/schema.org\",\"@graph\":[{\"@type\":\"WebPage\",\"@id\":\"https:\/\/www.acs.si\/en\/projects\/esf-projects\/awareness-raising-for-lifelong-learning\/\",\"url\":\"https:\/\/www.acs.si\/en\/projects\/esf-projects\/awareness-raising-for-lifelong-learning\/\",\"name\":\"Awareness-raising for Lifelong Learning (2023\u20132028) | Andrago\u0161ki center Republike Slovenije\",\"isPartOf\":{\"@id\":\"https:\/\/www.acs.si\/#website\"},\"datePublished\":\"2024-10-14T10:17:26+00:00\",\"dateModified\":\"2024-11-08T07:08:40+00:00\",\"breadcrumb\":{\"@id\":\"https:\/\/www.acs.si\/en\/projects\/esf-projects\/awareness-raising-for-lifelong-learning\/#breadcrumb\"},\"inLanguage\":\"en-US\",\"potentialAction\":[{\"@type\":\"ReadAction\",\"target\":[\"https:\/\/www.acs.si\/en\/projects\/esf-projects\/awareness-raising-for-lifelong-learning\/\"]}]},{\"@type\":\"BreadcrumbList\",\"@id\":\"https:\/\/www.acs.si\/en\/projects\/esf-projects\/awareness-raising-for-lifelong-learning\/#breadcrumb\",\"itemListElement\":[{\"@type\":\"ListItem\",\"position\":1,\"name\":\"Home\",\"item\":\"https:\/\/www.acs.si\/en\/\"},{\"@type\":\"ListItem\",\"position\":2,\"name\":\"Projects\",\"item\":\"https:\/\/www.acs.si\/en\/projects\/\"},{\"@type\":\"ListItem\",\"position\":3,\"name\":\"ESF projects\",\"item\":\"https:\/\/www.acs.si\/en\/projects\/esf-projects\/\"},{\"@type\":\"ListItem\",\"position\":4,\"name\":\"Awareness-raising for Lifelong Learning (2023\u20132028)\"}]},{\"@type\":\"WebSite\",\"@id\":\"https:\/\/www.acs.si\/#website\",\"url\":\"https:\/\/www.acs.si\/\",\"name\":\"Andrago\u0161ki center Republike Slovenije\",\"description\":\"\",\"potentialAction\":[{\"@type\":\"SearchAction\",\"target\":{\"@type\":\"EntryPoint\",\"urlTemplate\":\"https:\/\/www.acs.si\/?s={search_term_string}\"},\"query-input\":{\"@type\":\"PropertyValueSpecification\",\"valueRequired\":true,\"valueName\":\"search_term_string\"}}],\"inLanguage\":\"en-US\"}]}<\/script>\n<!-- \/ Yoast SEO plugin. -->","yoast_head_json":{"title":"Awareness-raising for Lifelong Learning (2023\u20132028) | Andrago\u0161ki center Republike Slovenije","robots":{"index":"index","follow":"follow","max-snippet":"max-snippet:-1","max-image-preview":"max-image-preview:large","max-video-preview":"max-video-preview:-1"},"canonical":"https:\/\/www.acs.si\/en\/projects\/esf-projects\/awareness-raising-for-lifelong-learning\/","og_locale":"en_US","og_type":"article","og_title":"Awareness-raising for Lifelong Learning (2023\u20132028) | Andrago\u0161ki center Republike Slovenije","og_description":"Project Raising...","og_url":"https:\/\/www.acs.si\/en\/projects\/esf-projects\/awareness-raising-for-lifelong-learning\/","og_site_name":"Andrago\u0161ki center Republike Slovenije","article_publisher":"https:\/\/www.facebook.com\/AndragoskiCenterSlovenije\/","article_modified_time":"2024-11-08T07:08:40+00:00","twitter_card":"summary_large_image","twitter_misc":{"Est. reading time":"3 minutes"},"schema":{"@context":"https:\/\/schema.org","@graph":[{"@type":"WebPage","@id":"https:\/\/www.acs.si\/en\/projects\/esf-projects\/awareness-raising-for-lifelong-learning\/","url":"https:\/\/www.acs.si\/en\/projects\/esf-projects\/awareness-raising-for-lifelong-learning\/","name":"Awareness-raising for Lifelong Learning (2023\u20132028) | Andrago\u0161ki center Republike Slovenije","isPartOf":{"@id":"https:\/\/www.acs.si\/#website"},"datePublished":"2024-10-14T10:17:26+00:00","dateModified":"2024-11-08T07:08:40+00:00","breadcrumb":{"@id":"https:\/\/www.acs.si\/en\/projects\/esf-projects\/awareness-raising-for-lifelong-learning\/#breadcrumb"},"inLanguage":"en-US","potentialAction":[{"@type":"ReadAction","target":["https:\/\/www.acs.si\/en\/projects\/esf-projects\/awareness-raising-for-lifelong-learning\/"]}]},{"@type":"BreadcrumbList","@id":"https:\/\/www.acs.si\/en\/projects\/esf-projects\/awareness-raising-for-lifelong-learning\/#breadcrumb","itemListElement":[{"@type":"ListItem","position":1,"name":"Home","item":"https:\/\/www.acs.si\/en\/"},{"@type":"ListItem","position":2,"name":"Projects","item":"https:\/\/www.acs.si\/en\/projects\/"},{"@type":"ListItem","position":3,"name":"ESF projects","item":"https:\/\/www.acs.si\/en\/projects\/esf-projects\/"},{"@type":"ListItem","position":4,"name":"Awareness-raising for Lifelong Learning (2023\u20132028)"}]},{"@type":"WebSite","@id":"https:\/\/www.acs.si\/#website","url":"https:\/\/www.acs.si\/","name":"Andrago\u0161ki center Republike Slovenije","description":"","potentialAction":[{"@type":"SearchAction","target":{"@type":"EntryPoint","urlTemplate":"https:\/\/www.acs.si\/?s={search_term_string}"},"query-input":{"@type":"PropertyValueSpecification","valueRequired":true,"valueName":"search_term_string"}}],"inLanguage":"en-US"}]}},"_links":{"self":[{"href":"https:\/\/www.acs.si\/en\/wp-json\/wp\/v2\/pages\/75773","targetHints":{"allow":["GET"]}}],"collection":[{"href":"https:\/\/www.acs.si\/en\/wp-json\/wp\/v2\/pages"}],"about":[{"href":"https:\/\/www.acs.si\/en\/wp-json\/wp\/v2\/types\/page"}],"author":[{"embeddable":true,"href":"https:\/\/www.acs.si\/en\/wp-json\/wp\/v2\/users\/41"}],"replies":[{"embeddable":true,"href":"https:\/\/www.acs.si\/en\/wp-json\/wp\/v2\/comments?post=75773"}],"version-history":[{"count":8,"href":"https:\/\/www.acs.si\/en\/wp-json\/wp\/v2\/pages\/75773\/revisions"}],"predecessor-version":[{"id":76371,"href":"https:\/\/www.acs.si\/en\/wp-json\/wp\/v2\/pages\/75773\/revisions\/76371"}],"up":[{"embeddable":true,"href":"https:\/\/www.acs.si\/en\/wp-json\/wp\/v2\/pages\/28557"}],"wp:attachment":[{"href":"https:\/\/www.acs.si\/en\/wp-json\/wp\/v2\/media?parent=75773"}],"curies":[{"name":"wp","href":"https:\/\/api.w.org\/{rel}","templated":true}]}}