{"id":54483,"date":"2023-01-30T11:23:53","date_gmt":"2023-01-30T10:23:53","guid":{"rendered":"https:\/\/www.acs.si\/?page_id=54483"},"modified":"2023-01-31T08:55:03","modified_gmt":"2023-01-31T07:55:03","slug":"lifelong-learning-of-adults-for-sustainable-development-and-digital-breakthrough-2021-2023","status":"publish","type":"page","link":"https:\/\/www.acs.si\/en\/projects\/national\/lifelong-learning-of-adults-for-sustainable-development-and-digital-breakthrough-2021-2023\/","title":{"rendered":"Lifelong learning of adults for sustainable development and digital breakthrough (2021\u20132023)"},"content":{"rendered":"<p>[et_pb_section fb_built=&#8221;1&#8243; _builder_version=&#8221;4.16&#8243; custom_padding=&#8221;0px|||&#8221; global_colors_info=&#8221;{}&#8221;][et_pb_row column_structure=&#8221;1_3,2_3&#8243; make_equal=&#8221;on&#8221; module_class=&#8221;logo-img-cont &#8221; _builder_version=&#8221;4.16&#8243; custom_margin=&#8221;||20px|&#8221; custom_padding=&#8221;0px||0px|&#8221; border_width_all=&#8221;1px&#8221; border_color_all=&#8221;#cdd1d6&#8243; global_colors_info=&#8221;{}&#8221;][et_pb_column type=&#8221;1_3&#8243; _builder_version=&#8221;4.16&#8243; custom_padding=&#8221;|||&#8221; global_colors_info=&#8221;{}&#8221; custom_padding__hover=&#8221;|||&#8221;][et_pb_image src=&#8221;https:\/\/www.acs.si\/wp-content\/uploads\/2022\/12\/VZU_Preboj.png&#8221; alt=&#8221;Logotip projekta TVU&#8221; title_text=&#8221;VZU_Preboj&#8221; url=&#8221;https:\/\/llw.acs.si\/about\/&#8221; url_new_window=&#8221;on&#8221; align=&#8221;center&#8221; align_tablet=&#8221;center&#8221; align_phone=&#8221;&#8221; align_last_edited=&#8221;on|desktop&#8221; module_class=&#8221;logo-img&#8221; _builder_version=&#8221;4.17.2&#8243; custom_padding=&#8221;10px|10px|10px|10px&#8221; z_index_tablet=&#8221;500&#8243; border_color_right=&#8221;#cdd1d6&#8243; global_colors_info=&#8221;{}&#8221;][\/et_pb_image][\/et_pb_column][et_pb_column type=&#8221;2_3&#8243; _builder_version=&#8221;4.16&#8243; custom_padding=&#8221;|||&#8221; global_colors_info=&#8221;{}&#8221; custom_padding__hover=&#8221;|||&#8221;][et_pb_text _builder_version=&#8221;4.17.2&#8243; custom_padding=&#8221;20px|20px|20px|20px&#8221; z_index_tablet=&#8221;500&#8243; border_width_left=&#8221;1px&#8221; border_color_left=&#8221;#cdd1d6&#8243; global_colors_info=&#8221;{}&#8221;]<\/p>\n<p>&nbsp;<\/p>\n<table class=\"projektTable\" style=\"width: 524px;\">\n<tbody>\n<tr>\n<td style=\"width: 101px;\"><strong>Project<\/strong><\/td>\n<td style=\"width: 407px;\">Lifelong learning of adults for sustainable development and digital breakthrough \u2013 LLL breakthrough<\/td>\n<\/tr>\n<tr>\n<td style=\"width: 101px;\"><strong>Time period<\/strong><\/td>\n<td style=\"width: 407px;\">1st September 2021 \u2013 31st August 2023<\/td>\n<\/tr>\n<tr>\n<td style=\"width: 101px;\"><strong>Financed by<\/strong><\/td>\n<td style=\"width: 407px;\">Slovenian Research Agency (ARRS) and Ministry of Education, Science and Sport (Slovenia)<\/td>\n<\/tr>\n<tr>\n<td style=\"width: 101px;\"><strong>Partners<br \/><\/strong><\/td>\n<td style=\"width: 407px;\">University of Primorska, Faculty of Education \u2013 coordinator<br \/>Slovenian Institute for Adult Education \u2013 SIAE<br \/>University of Ljubljana, Faculty of Arts<br \/>University of Ljubljana, Faculty of Economics<br \/>University of Ljubljana, Faculty of Public Administration<\/td>\n<\/tr>\n<tr>\n<td style=\"width: 101px;\"><strong>Contact<\/strong><\/td>\n<td style=\"width: 407px;\">Dr Petra Javrh<br \/>T: +386 1 5842 572<br \/>E: <a href=\"mailto:petra.javrh@acs.si\">petra.javrh@acs.si<\/a><\/td>\n<\/tr>\n<\/tbody>\n<\/table>\n<p>&nbsp;<\/p>\n<p>[\/et_pb_text][\/et_pb_column][\/et_pb_row][et_pb_row _builder_version=&#8221;4.16&#8243; background_size=&#8221;initial&#8221; background_position=&#8221;top_left&#8221; background_repeat=&#8221;repeat&#8221; global_colors_info=&#8221;{}&#8221;][et_pb_column type=&#8221;4_4&#8243; _builder_version=&#8221;4.16&#8243; custom_padding=&#8221;|||&#8221; global_colors_info=&#8221;{}&#8221; custom_padding__hover=&#8221;|||&#8221;][et_pb_text admin_label=&#8221;Namen&#8221; _builder_version=&#8221;4.17.2&#8243; text_font_size=&#8221;10px&#8221; header_5_text_color=&#8221;#ffffff&#8221; header_5_font_size=&#8221;17px&#8221; header_5_line_height=&#8221;27px&#8221; custom_margin=&#8221;||0px|&#8221; custom_padding=&#8221;||0px|&#8221; global_colors_info=&#8221;{}&#8221;]<\/p>\n<p>&nbsp;<\/p>\n<h5 class=\"purple\">AIM<\/h5>\n<p>The target research project (referred to the Slovenian abbreviation of CRP) answers the question about the state and factors that promote lifelong learning (LLL).<\/p>\n<p>[\/et_pb_text][\/et_pb_column][\/et_pb_row][et_pb_row _builder_version=&#8221;4.16&#8243; background_size=&#8221;initial&#8221; background_position=&#8221;top_left&#8221; background_repeat=&#8221;repeat&#8221; global_colors_info=&#8221;{}&#8221;][et_pb_column type=&#8221;4_4&#8243; _builder_version=&#8221;4.16&#8243; custom_padding=&#8221;|||&#8221; global_colors_info=&#8221;{}&#8221; custom_padding__hover=&#8221;|||&#8221;][et_pb_text admin_label=&#8221;Cilji&#8221; _builder_version=&#8221;4.17.2&#8243; text_font_size=&#8221;10px&#8221; header_5_text_color=&#8221;#ffffff&#8221; header_5_font_size=&#8221;17px&#8221; header_5_line_height=&#8221;27px&#8221; custom_margin=&#8221;||0px|&#8221; custom_padding=&#8221;||0px|&#8221; global_colors_info=&#8221;{}&#8221;]<\/p>\n<p>&nbsp;<\/p>\n<h5 class=\"purple\">OBJECTIVES<\/h5>\n<p>The aim of the project is to examine newer theoretical models of lifelong learning with an emphasis on sustainable development and digital breakthrough.<\/p>\n<p>[\/et_pb_text][et_pb_toggle title=&#8221;Read more&#8221; admin_label=&#8221;Preberi ve\u010d&#8221; _builder_version=&#8221;4.17.2&#8243; _module_preset=&#8221;default&#8221; global_colors_info=&#8221;{}&#8221;]<\/p>\n<p>From a theoretical point of view, we are interested in systemic factors and environmental factors that affect the decline in adult participation in LLL. From the point of view of the models, we are looking at how well they also meet the needs of sustainable development and digital breakthrough. In the project, we connect the theoretical models of LLL with the practical application of the original integrated model of LLL for companies. In practice, we will apply the created model of LLL and carry out its evaluation &#8211; which will answer the question of how much the model meets the actual needs of practice in a broader sense.<\/p>\n<p>[\/et_pb_toggle][\/et_pb_column][\/et_pb_row][et_pb_row _builder_version=&#8221;4.16&#8243; background_size=&#8221;initial&#8221; background_position=&#8221;top_left&#8221; background_repeat=&#8221;repeat&#8221; global_colors_info=&#8221;{}&#8221;][et_pb_column type=&#8221;4_4&#8243; _builder_version=&#8221;4.16&#8243; custom_padding=&#8221;|||&#8221; global_colors_info=&#8221;{}&#8221; custom_padding__hover=&#8221;|||&#8221;][et_pb_text admin_label=&#8221;Opis&#8221; _builder_version=&#8221;4.17.2&#8243; text_font_size=&#8221;10px&#8221; header_5_text_color=&#8221;#ffffff&#8221; header_5_font_size=&#8221;17px&#8221; header_5_line_height=&#8221;27px&#8221; custom_margin=&#8221;||0px|&#8221; custom_padding=&#8221;||0px|&#8221; global_colors_info=&#8221;{}&#8221;]<\/p>\n<p>&nbsp;<\/p>\n<h5 class=\"purple\">DESCRIPTION<\/h5>\n<p>In Slovenia, according to the results of international indicators, we are faced with the problem of a large group of insufficiently functionally literate adults who do not have enough opportunities to develop their competences. According to the measurements of the &#8220;Program for the International Assessment of Adult Competencies&#8221; (PIAAC) research, it was found that too large a group of adults in the working age have poorly developed skills for solving problems in a technologically demanding environment. The unfavorable position of the described segment of the population strongly inhibits social development. An additional challenge for Slovenia is the aging of the population and the decline in skills among the elderly.<\/p>\n<p>[\/et_pb_text][et_pb_toggle title=&#8221;Read more&#8221; admin_label=&#8221;Preberi ve\u010d&#8221; _builder_version=&#8221;4.17.2&#8243; global_colors_info=&#8221;{}&#8221;]<\/p>\n<p>The project is interdisciplinary, so more than ten researchers from four faculties and SIAE participate in it. The latter is the carrier of several parts of the project. So far, an important review of the state of LLL in Slovenia has already been carried out. The material is published in our Digital Library under the title The diversity of the state of lifelong learning in Slovenia by region in terms of problem-solving skills in technologically rich environments (<a href=\"https:\/\/www.acs.si\/digitalna-bralnica\/raznolikost-stanja-vsezivljenjskega-ucenja-v-sloveniji-po-regijah-glede-na-spretnosti-resevanja-problemov-v-tehnolosko-bogatih-okoljih\/\" target=\"_blank\" rel=\"noopener\">Raznolikost stanja vse\u017eivljenjskega u\u010denja v Sloveniji po regijah glede na spretnosti re\u0161evanja problemov v tehnolo\u0161ko bogatih okoljih<\/a>).<\/p>\n<p>[\/et_pb_toggle][\/et_pb_column][\/et_pb_row][et_pb_row _builder_version=&#8221;4.16&#8243; background_size=&#8221;initial&#8221; background_position=&#8221;top_left&#8221; background_repeat=&#8221;repeat&#8221; global_colors_info=&#8221;{}&#8221;][et_pb_column type=&#8221;4_4&#8243; _builder_version=&#8221;4.16&#8243; custom_padding=&#8221;|||&#8221; global_colors_info=&#8221;{}&#8221; custom_padding__hover=&#8221;|||&#8221;][et_pb_text admin_label=&#8221;Aktivnost&#8221; _builder_version=&#8221;4.17.2&#8243; text_font_size=&#8221;10px&#8221; header_5_text_color=&#8221;#ffffff&#8221; header_5_font_size=&#8221;17px&#8221; header_5_line_height=&#8221;27px&#8221; custom_margin=&#8221;||0px|&#8221; custom_padding=&#8221;||0px|&#8221; global_colors_info=&#8221;{}&#8221;]<\/p>\n<p>&nbsp;<\/p>\n<h5 class=\"purple\">ACTIVITIES<\/h5>\n<p>Various activities take place within the project:<\/p>\n<p>1) analysis of the state of lifelong learning in Slovenia from an international comparative point of view, with an emphasis on sustainable development and digital breakthrough,<\/p>\n<p>2) analysis of the diversity of the state of lifelong learning in Slovenia by region,<\/p>\n<p>[\/et_pb_text][et_pb_toggle title=&#8221;Read more&#8221; admin_label=&#8221;Preberi ve\u010d&#8221; _builder_version=&#8221;4.17.2&#8243; _module_preset=&#8221;default&#8221; global_colors_info=&#8221;{}&#8221;]<\/p>\n<p>3) identification and analysis of factors for strengthening lifelong learning at the micro, meso and macro levels with a proposal for strengthening instruments,<\/p>\n<p>4) analysis of existing models of vocational training in the international context and development of a holistic model of vocational training in Slovenia, with an emphasis on strengthening participation in adult education and vocational training,<\/p>\n<p>5) application of the holistic model of LLL in the selected company to promote the development of problem-solving skills in technologically rich environments and reduce the digital gap, especially for vulnerable groups of adults with proposals for innovative andragogic strategies,<\/p>\n<p>6) dissemination and transfer of knowledge into practice.<\/p>\n<p>[\/et_pb_toggle][\/et_pb_column][\/et_pb_row][et_pb_row _builder_version=&#8221;4.16&#8243; background_size=&#8221;initial&#8221; background_position=&#8221;top_left&#8221; background_repeat=&#8221;repeat&#8221; global_colors_info=&#8221;{}&#8221;][et_pb_column type=&#8221;4_4&#8243; _builder_version=&#8221;4.16&#8243; custom_padding=&#8221;|||&#8221; global_colors_info=&#8221;{}&#8221; custom_padding__hover=&#8221;|||&#8221;][et_pb_text admin_label=&#8221;Klju\u010dni dose\u017eki&#8221; _builder_version=&#8221;4.17.2&#8243; text_font_size=&#8221;10px&#8221; header_5_text_color=&#8221;#ffffff&#8221; header_5_font_size=&#8221;17px&#8221; header_5_line_height=&#8221;27px&#8221; custom_margin=&#8221;||0px|&#8221; custom_padding=&#8221;||0px|&#8221; z_index_tablet=&#8221;500&#8243; global_colors_info=&#8221;{}&#8221;]<\/p>\n<p>&nbsp;<\/p>\n<h5 class=\"purple\">KEY ACHIEVEMENTS<\/h5>\n<p>The results of the project are designed in such a way that they can be transferred into practice to different end users at different levels. An analysis of theoretical starting points and an analysis of LLL will be prepared in relation to solving problems in technologically rich environments by region in Slovenia.<\/p>\n<p>[\/et_pb_text][et_pb_toggle title=&#8221;Read more&#8221; admin_label=&#8221;Preberi ve\u010d&#8221; _builder_version=&#8221;4.17.2&#8243; _module_preset=&#8221;default&#8221; global_colors_info=&#8221;{}&#8221;]<\/p>\n<p>Among the more important expected results are<\/p>\n<ul>\n<li>the application of a holistic model of LLL in the company based on the analysis of data from field research,<\/li>\n<li>publication of a scientific monograph and<\/li>\n<li>dissemination of findings in the scientific and professional community.<\/li>\n<\/ul>\n<p>[\/et_pb_toggle][\/et_pb_column][\/et_pb_row][\/et_pb_section]<\/p>\n","protected":false},"excerpt":{"rendered":"<p>&nbsp; Project&#8230;<\/p>\n","protected":false},"author":41,"featured_media":0,"parent":28417,"menu_order":2,"comment_status":"closed","ping_status":"closed","template":"page_projekt.php","meta":{"_acf_changed":false,"_et_pb_use_builder":"on","_et_pb_old_content":"FOTOGRAFIJA \r\n\r\n<table class=\"projektTableNew\">\r\n<tbody>\r\n<tr>\r\n\t\t\t<td>Naziv projekta:<\/td>\r\n\t\t\t<td>Teden vse\u017eivljenjskega u\u010denja \u2013 TVU<\/td>\r\n\t\t<\/tr>\r\n\t\t<tr>\r\n\t\t\t<td>Financer<\/td>\r\n\t\t\t<td>inistrstvo za delo, dru\u017eino, socialne zadeve in enake mo\u017enosti \r\n(Ministrstvo za izobra\u017eevanje, znanost in \u0161port \u2013 sofinanciranje koordinacije TVU in Parade u\u010denja)<\/td>\r\n\t\t<\/tr>\r\n\t\t<tr>\r\n\t\t\t<td>Financer<\/td>\r\n\t\t\t<td>Ministrstvo RS za izobra\u017eevanje, znanost in \u0161port, Evropski socialni sklad<\/td>\r\n\t\t<\/tr>\r\n<tr>\r\n\r\n\r\n<tr>\r\n<td>\r\n<p> FB: <\/p>\r\n<p> Twitter: <\/p>\r\n<\/td>\r\n\t\t<td> <a href=\"https:\/\/www.facebook.com\/TedenVsezivljenjskegaUcenja\" rel=\"noopener\" target=\"_blank\">https:\/\/www.facebook.com\/TedenVsezivljenjskegaUcenja <\/a><\/p>\r\n<p> <a href=\"https:\/\/twitter.com\/TVUslo\" rel=\"noopener\" target=\"_blank\">https:\/\/twitter.com\/TVUslo<\/a> <\/p>\r\n<\/td> \r\n<\/tr>\r\n\t\t\t<td>Kontaktna oseba<\/td>\r\n\t\t\t\t<td> Mag. Zvonka Pangerc Pahernik, ACS T: 01 5842 567, E: <a href=\"mailto: zvonka.pangerc@acs.si\">zvonka.pangerc@acs.si<\/a>)<\/td>\r\n\t\t<\/tr>\r\n<\/tbody>\r\n<\/table>\r\n\r\n<a href=\"http:\/\/tvu.acs.si\" rel=\"noopener\" target=\"_blank\">http:\/\/tvu.acs.si<\/a> <p>\r\n\r\n[accordion]\r\n[accordion-item title=\"Namen\"]<p>Promocija in udejanjanje strategije vse\u017eivljenjskega u\u010denja za vse. Izobra\u017eevalni,  promocijski,  informativno-svetovalni,  dru\u017eabni  in  kulturni  dogodki zrcalijo  u\u010dne mo\u017enosti, namenjene:<\/p>\r\n<ul>\r\n<li> pridobivanju znanja in razumevanja,<\/li>\r\n<li> pridobivanju in posodabljanju spretnosti in ve\u0161\u010din, potrebnih za delo, <\/li>\r\n<li> osebnostni rasti in razvoju odgovornega, osve\u0161\u010denega, ustvarjalnega posameznika, <\/li>\r\n<li> razvijanju odprtosti ter miroljubnega in dejavnega so\u017eitja v skupnosti. <\/li>\r\n<\/ul>\r\n[\/accordion-item]\r\n[\/accordion]\r\n\r\n[accordion]\r\n[accordion-item title=\"Cilji\"]<p>Promovirati pomen, vlogo ter mo\u017enosti u\u010denja in izobra\u017eevanja v vseh \u017eivljenjskih obdobjih in za vse vloge, ki jih \u010dlovek prevzema \u2013 kot posameznik, \u010dlan dru\u017eine, delovnega kolektiva in drugih skupnosti.<\/p>\r\n [\/accordion-item]\r\n[\/accordion]\r\n\r\n[accordion]\r\n[accordion-item title=\"Opis\"]<p>Teden vse\u017eivljenjskega u\u010denja (TVU) je najvidnej\u0161a promocijska manifestacija na podro\u010dju izobra\u017eevanja in u\u010denja v Sloveniji. Projekt usklajujemo na ACS in ga prirejamo v sodelovanju s stotinami ustanov (vrtci, osnovne in srednje \u0161ole, ljudske univerze in izobra\u017eevalni centri, ob\u010dine, podjetja in uradi in slu\u017ebe Zavoda za zaposlovanje, dru\u0161tva in interesne skupine, knji\u017enice, kulturni domovi, glasbene in plesne \u0161ole, kmetije, turisti\u010dna dru\u0161tva, taborniki, skavti, \u0161tudijski in bralni kro\u017eki, svetovalna sredi\u0161\u010da, sredi\u0161\u010da za samostojno u\u010denje in \u0161e mnogi drugi), skupin in posameznikov po vsej dr\u017eavi pa tudi onkraj na\u0161ih meja. Z njim opozarjamo na vseprisotnost pa tudi pomembnost u\u010denja \u2013 v vseh \u017eivljenjskih obdobjih in za vse vloge, ki jih posameznik v svojem \u017eivljenju prevzema. Vsi, ki projekt soustvarjamo, bodisi v vlogi izvajalcev prireditev bodisi kot udele\u017eenci, prispevamo k udejanjanju slogana <strong>'Slovenija, u\u010de\u010da se de\u017eela'<\/strong>.  <\/p>\r\n\r\n<p> Ciljne skupine so naj\u0161ir\u0161a  javnost,  predstavniki  vseh  predstavniki  vseh  generacij: udele\u017eenci  v  u\u010denju  in  izobra\u017eevanju,  morebitni udele\u017eenci ter neudele\u017eenci, strokovnjaki, politiki, socialni partnerji. <\/p>\r\n\r\n<p>TVU je \u010dlan mednarodnega gibanja festivalov u\u010denja. <\/p>\r\n[\/accordion-item]\r\n[\/accordion]\r\n\r\n\r\n[accordion]\r\n[accordion-item title=\"Aktivnosti\"]\r\n<ul>\r\n<li> nacionalna koordinacija TVU (konceptualno-razvojne naloge,  sodelovanje z izvajalci TVU, nacionalna promocija TVU, mednarodno sodelovanje), <\/li>\r\n<li> koordinacija skupnih akcij TVU, namenjenih ozave\u0161\u010danju in informiranju \u010dim \u0161ir\u0161ega kroga prebivalstva o  vlogi  vse\u017eivljenjskega  u\u010denja (npr. Parada u\u010denja), <\/li>\r\n<li> institut Priznanja za promocijo u\u010denja in znanja odraslih, <\/li>\r\n<li> promocijska kampanja in portal Zgledi vle\u010dejo, <\/li>\r\n<li> soorganizacija nacionalnega odprtja TVU, <\/li>\r\n<li> (so)organizacija andrago\u0161kega kolokvija, <\/li>\r\n<li> koordinacija dejavnosti projekta EPUO, povezanih s TVU. <\/li>\r\n<ul>\r\n[\/accordion-item]\r\n[\/accordion]\r\n\r\n\r\n[accordion]\r\n[accordion-item title=\"Klju\u010dni dose\u017eki\"]\r\n<p>Skupni kazalnik: 22 izpeljav TVU <\/p>\r\n\r\n<p> Kazalniki TVU 2017: <\/p>\r\n<ul>\r\n<li> \u0161tevilo prirediteljev: 1.669 <\/li>\r\n<li> \u0161tevilo koordinatorjev: 45  <\/li>\r\n<li> \u0161tevilo vseh dogodkov: 9.189 <\/li>\r\n<li> \u0161tevilo medijskih objav: okrog 2.500 <\/li>\r\n<li> \u0161tevilo obiskovalcev: nad 258.700  <\/li> \r\n<\/ul>\r\n\r\n<p> Ve\u010d v Analizi in poro\u010dilu o Tednu vse\u017eivljenjskega u\u010denja 2017: <a href=\"http:\/\/tvu.acs.si\/porocila.\" rel=\"noopener\" target=\"_blank\">http:\/\/tvu.acs.si\/porocila.<\/a>\r\n<\/p>\r\n[\/accordion-item]\r\n[\/accordion]","_et_gb_content_width":"","inline_featured_image":false,"footnotes":""},"class_list":["post-54483","page","type-page","status-publish","hentry"],"acf":[],"yoast_head":"<!-- This site is optimized with the Yoast SEO plugin v26.2 - https:\/\/yoast.com\/wordpress\/plugins\/seo\/ -->\n<title>Lifelong learning of adults for sustainable development and digital breakthrough (2021\u20132023) | Andrago\u0161ki center Republike Slovenije<\/title>\n<meta name=\"robots\" content=\"index, follow, max-snippet:-1, max-image-preview:large, max-video-preview:-1\" \/>\n<link rel=\"canonical\" href=\"https:\/\/www.acs.si\/en\/projects\/national\/lifelong-learning-of-adults-for-sustainable-development-and-digital-breakthrough-2021-2023\/\" \/>\n<meta property=\"og:locale\" content=\"en_US\" \/>\n<meta property=\"og:type\" content=\"article\" \/>\n<meta property=\"og:title\" content=\"Lifelong learning of adults for sustainable development and digital breakthrough (2021\u20132023) | Andrago\u0161ki center Republike Slovenije\" \/>\n<meta property=\"og:description\" content=\"&nbsp; Project...\" \/>\n<meta property=\"og:url\" content=\"https:\/\/www.acs.si\/en\/projects\/national\/lifelong-learning-of-adults-for-sustainable-development-and-digital-breakthrough-2021-2023\/\" \/>\n<meta property=\"og:site_name\" content=\"Andrago\u0161ki center Republike Slovenije\" \/>\n<meta property=\"article:publisher\" content=\"https:\/\/www.facebook.com\/AndragoskiCenterSlovenije\/\" \/>\n<meta property=\"article:modified_time\" content=\"2023-01-31T07:55:03+00:00\" \/>\n<meta name=\"twitter:card\" content=\"summary_large_image\" \/>\n<meta name=\"twitter:label1\" content=\"Est. reading time\" \/>\n\t<meta name=\"twitter:data1\" content=\"7 minutes\" \/>\n<script type=\"application\/ld+json\" class=\"yoast-schema-graph\">{\"@context\":\"https:\/\/schema.org\",\"@graph\":[{\"@type\":\"WebPage\",\"@id\":\"https:\/\/www.acs.si\/en\/projects\/national\/lifelong-learning-of-adults-for-sustainable-development-and-digital-breakthrough-2021-2023\/\",\"url\":\"https:\/\/www.acs.si\/en\/projects\/national\/lifelong-learning-of-adults-for-sustainable-development-and-digital-breakthrough-2021-2023\/\",\"name\":\"Lifelong learning of adults for sustainable development and digital breakthrough (2021\u20132023) | Andrago\u0161ki center Republike Slovenije\",\"isPartOf\":{\"@id\":\"https:\/\/www.acs.si\/#website\"},\"datePublished\":\"2023-01-30T10:23:53+00:00\",\"dateModified\":\"2023-01-31T07:55:03+00:00\",\"breadcrumb\":{\"@id\":\"https:\/\/www.acs.si\/en\/projects\/national\/lifelong-learning-of-adults-for-sustainable-development-and-digital-breakthrough-2021-2023\/#breadcrumb\"},\"inLanguage\":\"en-US\",\"potentialAction\":[{\"@type\":\"ReadAction\",\"target\":[\"https:\/\/www.acs.si\/en\/projects\/national\/lifelong-learning-of-adults-for-sustainable-development-and-digital-breakthrough-2021-2023\/\"]}]},{\"@type\":\"BreadcrumbList\",\"@id\":\"https:\/\/www.acs.si\/en\/projects\/national\/lifelong-learning-of-adults-for-sustainable-development-and-digital-breakthrough-2021-2023\/#breadcrumb\",\"itemListElement\":[{\"@type\":\"ListItem\",\"position\":1,\"name\":\"Home\",\"item\":\"https:\/\/www.acs.si\/en\/\"},{\"@type\":\"ListItem\",\"position\":2,\"name\":\"Projects\",\"item\":\"https:\/\/www.acs.si\/en\/projects\/\"},{\"@type\":\"ListItem\",\"position\":3,\"name\":\"National\",\"item\":\"https:\/\/www.acs.si\/en\/projects\/national\/\"},{\"@type\":\"ListItem\",\"position\":4,\"name\":\"Lifelong learning of adults for sustainable development and digital breakthrough (2021\u20132023)\"}]},{\"@type\":\"WebSite\",\"@id\":\"https:\/\/www.acs.si\/#website\",\"url\":\"https:\/\/www.acs.si\/\",\"name\":\"Andrago\u0161ki center Republike Slovenije\",\"description\":\"\",\"potentialAction\":[{\"@type\":\"SearchAction\",\"target\":{\"@type\":\"EntryPoint\",\"urlTemplate\":\"https:\/\/www.acs.si\/?s={search_term_string}\"},\"query-input\":{\"@type\":\"PropertyValueSpecification\",\"valueRequired\":true,\"valueName\":\"search_term_string\"}}],\"inLanguage\":\"en-US\"}]}<\/script>\n<!-- \/ Yoast SEO plugin. -->","yoast_head_json":{"title":"Lifelong learning of adults for sustainable development and digital breakthrough (2021\u20132023) | Andrago\u0161ki center Republike Slovenije","robots":{"index":"index","follow":"follow","max-snippet":"max-snippet:-1","max-image-preview":"max-image-preview:large","max-video-preview":"max-video-preview:-1"},"canonical":"https:\/\/www.acs.si\/en\/projects\/national\/lifelong-learning-of-adults-for-sustainable-development-and-digital-breakthrough-2021-2023\/","og_locale":"en_US","og_type":"article","og_title":"Lifelong learning of adults for sustainable development and digital breakthrough (2021\u20132023) | Andrago\u0161ki center Republike Slovenije","og_description":"&nbsp; Project...","og_url":"https:\/\/www.acs.si\/en\/projects\/national\/lifelong-learning-of-adults-for-sustainable-development-and-digital-breakthrough-2021-2023\/","og_site_name":"Andrago\u0161ki center Republike Slovenije","article_publisher":"https:\/\/www.facebook.com\/AndragoskiCenterSlovenije\/","article_modified_time":"2023-01-31T07:55:03+00:00","twitter_card":"summary_large_image","twitter_misc":{"Est. reading time":"7 minutes"},"schema":{"@context":"https:\/\/schema.org","@graph":[{"@type":"WebPage","@id":"https:\/\/www.acs.si\/en\/projects\/national\/lifelong-learning-of-adults-for-sustainable-development-and-digital-breakthrough-2021-2023\/","url":"https:\/\/www.acs.si\/en\/projects\/national\/lifelong-learning-of-adults-for-sustainable-development-and-digital-breakthrough-2021-2023\/","name":"Lifelong learning of adults for sustainable development and digital breakthrough (2021\u20132023) | Andrago\u0161ki center Republike Slovenije","isPartOf":{"@id":"https:\/\/www.acs.si\/#website"},"datePublished":"2023-01-30T10:23:53+00:00","dateModified":"2023-01-31T07:55:03+00:00","breadcrumb":{"@id":"https:\/\/www.acs.si\/en\/projects\/national\/lifelong-learning-of-adults-for-sustainable-development-and-digital-breakthrough-2021-2023\/#breadcrumb"},"inLanguage":"en-US","potentialAction":[{"@type":"ReadAction","target":["https:\/\/www.acs.si\/en\/projects\/national\/lifelong-learning-of-adults-for-sustainable-development-and-digital-breakthrough-2021-2023\/"]}]},{"@type":"BreadcrumbList","@id":"https:\/\/www.acs.si\/en\/projects\/national\/lifelong-learning-of-adults-for-sustainable-development-and-digital-breakthrough-2021-2023\/#breadcrumb","itemListElement":[{"@type":"ListItem","position":1,"name":"Home","item":"https:\/\/www.acs.si\/en\/"},{"@type":"ListItem","position":2,"name":"Projects","item":"https:\/\/www.acs.si\/en\/projects\/"},{"@type":"ListItem","position":3,"name":"National","item":"https:\/\/www.acs.si\/en\/projects\/national\/"},{"@type":"ListItem","position":4,"name":"Lifelong learning of adults for sustainable development and digital breakthrough (2021\u20132023)"}]},{"@type":"WebSite","@id":"https:\/\/www.acs.si\/#website","url":"https:\/\/www.acs.si\/","name":"Andrago\u0161ki center Republike Slovenije","description":"","potentialAction":[{"@type":"SearchAction","target":{"@type":"EntryPoint","urlTemplate":"https:\/\/www.acs.si\/?s={search_term_string}"},"query-input":{"@type":"PropertyValueSpecification","valueRequired":true,"valueName":"search_term_string"}}],"inLanguage":"en-US"}]}},"_links":{"self":[{"href":"https:\/\/www.acs.si\/en\/wp-json\/wp\/v2\/pages\/54483","targetHints":{"allow":["GET"]}}],"collection":[{"href":"https:\/\/www.acs.si\/en\/wp-json\/wp\/v2\/pages"}],"about":[{"href":"https:\/\/www.acs.si\/en\/wp-json\/wp\/v2\/types\/page"}],"author":[{"embeddable":true,"href":"https:\/\/www.acs.si\/en\/wp-json\/wp\/v2\/users\/41"}],"replies":[{"embeddable":true,"href":"https:\/\/www.acs.si\/en\/wp-json\/wp\/v2\/comments?post=54483"}],"version-history":[{"count":7,"href":"https:\/\/www.acs.si\/en\/wp-json\/wp\/v2\/pages\/54483\/revisions"}],"predecessor-version":[{"id":56003,"href":"https:\/\/www.acs.si\/en\/wp-json\/wp\/v2\/pages\/54483\/revisions\/56003"}],"up":[{"embeddable":true,"href":"https:\/\/www.acs.si\/en\/wp-json\/wp\/v2\/pages\/28417"}],"wp:attachment":[{"href":"https:\/\/www.acs.si\/en\/wp-json\/wp\/v2\/media?parent=54483"}],"curies":[{"name":"wp","href":"https:\/\/api.w.org\/{rel}","templated":true}]}}