{"id":47400,"date":"2022-06-09T15:52:20","date_gmt":"2022-06-09T13:52:20","guid":{"rendered":"https:\/\/www.acs.si\/?page_id=47400"},"modified":"2024-06-26T08:03:32","modified_gmt":"2024-06-26T06:03:32","slug":"reachout","status":"publish","type":"page","link":"https:\/\/www.acs.si\/en\/projects\/international\/reachout\/","title":{"rendered":"ReachOut (2022\u20132024)"},"content":{"rendered":"<p>[et_pb_section fb_built=&#8221;1&#8243; _builder_version=&#8221;4.16&#8243; custom_padding=&#8221;0px|||&#8221; global_colors_info=&#8221;{}&#8221;][et_pb_row column_structure=&#8221;1_3,2_3&#8243; make_equal=&#8221;on&#8221; module_class=&#8221;logo-img-cont &#8221; _builder_version=&#8221;4.16&#8243; background_size=&#8221;initial&#8221; background_position=&#8221;top_left&#8221; background_repeat=&#8221;repeat&#8221; custom_margin=&#8221;||20px|&#8221; custom_padding=&#8221;0px||0px|&#8221; border_width_all=&#8221;1px&#8221; border_color_all=&#8221;#cdd1d6&#8243; global_colors_info=&#8221;{}&#8221;][et_pb_column type=&#8221;1_3&#8243; _builder_version=&#8221;4.16&#8243; custom_padding=&#8221;|||&#8221; global_colors_info=&#8221;{}&#8221; custom_padding__hover=&#8221;|||&#8221;][et_pb_image src=&#8221;https:\/\/www.acs.si\/wp-content\/uploads\/2023\/05\/OI-ReachOut-ang-1.png&#8221; alt=&#8221;ReachOut Project and co-funder logos.&#8221; title_text=&#8221;ReachOut Project and co-funder logos.&#8221; url_new_window=&#8221;on&#8221; align=&#8221;center&#8221; align_tablet=&#8221;center&#8221; align_phone=&#8221;&#8221; align_last_edited=&#8221;on|desktop&#8221; module_class=&#8221;logo-img&#8221; _builder_version=&#8221;4.17.2&#8243; custom_padding=&#8221;10px|10px|10px|10px&#8221; border_color_right=&#8221;#cdd1d6&#8243; global_colors_info=&#8221;{}&#8221;][\/et_pb_image][\/et_pb_column][et_pb_column type=&#8221;2_3&#8243; _builder_version=&#8221;4.16&#8243; custom_padding=&#8221;|||&#8221; global_colors_info=&#8221;{}&#8221; custom_padding__hover=&#8221;|||&#8221;][et_pb_text _builder_version=&#8221;4.17.2&#8243; custom_padding=&#8221;20px|20px|20px|20px&#8221; border_width_left=&#8221;1px&#8221; border_color_left=&#8221;#cdd1d6&#8243; global_colors_info=&#8221;{}&#8221;]<\/p>\n<p>&nbsp;<\/p>\n<table class=\"projektTable\" style=\"height: 329px;\">\n<tbody>\n<tr style=\"height: 65px;\">\n<td style=\"width: 102px; height: 65px;\"><b>Project<\/b><\/td>\n<td style=\"width: 545px; height: 65px;\">Reach Out to the &#8220;Left-Behind&#8221; \u2013 improving guidance for working persons from the underprivileged milieu<br \/><a href=\"https:\/\/www.oesb-socialinnovation.at\/research\/#reach-out\">PROJECT WEBPAGE-international<\/a><\/td>\n<\/tr>\n<tr style=\"height: 24px;\">\n<td style=\"width: 102px; height: 24px;\"><b>Time period<\/b><\/td>\n<td style=\"width: 545px; height: 24px;\">March 2022 \u2013 February 2024<\/td>\n<\/tr>\n<tr style=\"height: 24px;\">\n<td style=\"width: 102px; height: 24px;\"><strong>Programme<\/strong><\/td>\n<td style=\"width: 545px; height: 24px;\">Erasmus+, KA2<\/td>\n<\/tr>\n<tr style=\"height: 144px;\">\n<td style=\"width: 102px; height: 144px;\"><b>Partners<\/b><\/td>\n<td style=\"width: 545px; height: 144px;\"><a href=\"https:\/\/www.oesb-sb.at\/\" target=\"_blank\" rel=\"noopener\">\u00d6SB Social Innovation gemeinn\u00fctzige GmbH<\/a><a href=\"https:\/\/www.oesb-socialinnovation.at\/research-guidance\/#reach-out\" target=\"_blank\" rel=\"noopener\"><\/a>\u00a0(Vienna, Austria) \u2013 coordinator<br \/><a href=\"https:\/\/www.bbb-dortmund.de\/\" target=\"_blank\" rel=\"noopener\">Bbb B\u00fcro f\u00fcr berufliche Bildungsplanung R. Germany, Klein &amp; Partner GbR<\/a> (Dortmund, Germany)<br \/><a href=\"https:\/\/www.vupsv.cz\/en\/\" target=\"_blank\" rel=\"noopener\">Vyzkumny ustav prace a socialnich veci<\/a> (Praha, Czech Republic)<br \/><a href=\"https:\/\/www.acs.si\/en\/\" target=\"_blank\" rel=\"noopener\">Slovenian Institute for Adult Education<\/a> (Ljubljana, Slovenia)<\/td>\n<\/tr>\n<tr style=\"height: 72px;\">\n<td style=\"width: 102px; height: 72px;\"><b>Contacts<\/b><\/td>\n<td style=\"width: 545px; height: 72px;\">Mag. Tanja Vili\u010d Klenov\u0161ek<br \/>T: +386 1 5842 584<br \/>E: <a href=\"mailto:tanja.vilic.klenovsek@acs.si\">tanja.vilic.klenovsek@acs.si<\/a><\/td>\n<\/tr>\n<\/tbody>\n<\/table>\n<p>&nbsp;<\/p>\n<p>[\/et_pb_text][\/et_pb_column][\/et_pb_row][et_pb_row _builder_version=&#8221;4.16&#8243; background_size=&#8221;initial&#8221; background_position=&#8221;top_left&#8221; background_repeat=&#8221;repeat&#8221; global_colors_info=&#8221;{}&#8221;][et_pb_column type=&#8221;4_4&#8243; _builder_version=&#8221;4.16&#8243; custom_padding=&#8221;|||&#8221; global_colors_info=&#8221;{}&#8221; custom_padding__hover=&#8221;|||&#8221;][et_pb_text admin_label=&#8221;Namen&#8221; _builder_version=&#8221;4.17.2&#8243; text_font_size=&#8221;10px&#8221; header_5_text_color=&#8221;#ffffff&#8221; header_5_font_size=&#8221;17px&#8221; header_5_line_height=&#8221;27px&#8221; custom_margin=&#8221;||0px|&#8221; custom_padding=&#8221;||0px|&#8221; global_colors_info=&#8221;{}&#8221;]<\/p>\n<h5 class=\"purple\">AIMS<\/h5>\n<p>ReachOut aims to increase demand and take-up of adult education through effective outreach, guidance, and motivation strategies.\u00a0<\/p>\n<p>[\/et_pb_text][\/et_pb_column][\/et_pb_row][et_pb_row _builder_version=&#8221;4.16&#8243; background_size=&#8221;initial&#8221; background_position=&#8221;top_left&#8221; background_repeat=&#8221;repeat&#8221; global_colors_info=&#8221;{}&#8221;][et_pb_column type=&#8221;4_4&#8243; _builder_version=&#8221;4.16&#8243; custom_padding=&#8221;|||&#8221; global_colors_info=&#8221;{}&#8221; custom_padding__hover=&#8221;|||&#8221;][et_pb_text admin_label=&#8221;Cilji&#8221; _builder_version=&#8221;4.17.2&#8243; text_font_size=&#8221;10px&#8221; header_5_text_color=&#8221;#ffffff&#8221; header_5_font_size=&#8221;17px&#8221; header_5_line_height=&#8221;27px&#8221; custom_margin=&#8221;||0px|&#8221; custom_padding=&#8221;||0px|&#8221; global_colors_info=&#8221;{}&#8221;]<\/p>\n<h5 class=\"purple\">OBJECTIVES<\/h5>\n<p>\u200bThe main goals of the ReachOut project arte:<\/p>\n<ul>\n<li>to improve approaches to guidance in adult education in a way that enables employees from underprivileged milieu to be included in education and training (&#8220;to leave no one behind&#8221;) and<\/li>\n<li>to prepare a strategic document with recommendations for decision-makers on national policy levels in the project partner countries on reaching those employees from underprivileged milieu.<\/li>\n<\/ul>\n<p>[\/et_pb_text][\/et_pb_column][\/et_pb_row][et_pb_row _builder_version=&#8221;4.16&#8243; background_size=&#8221;initial&#8221; background_position=&#8221;top_left&#8221; background_repeat=&#8221;repeat&#8221; global_colors_info=&#8221;{}&#8221;][et_pb_column type=&#8221;4_4&#8243; _builder_version=&#8221;4.16&#8243; custom_padding=&#8221;|||&#8221; global_colors_info=&#8221;{}&#8221; custom_padding__hover=&#8221;|||&#8221;][et_pb_text admin_label=&#8221;Opis&#8221; _builder_version=&#8221;4.17.2&#8243; text_font_size=&#8221;10px&#8221; header_5_text_color=&#8221;#ffffff&#8221; header_5_font_size=&#8221;17px&#8221; header_5_line_height=&#8221;27px&#8221; custom_margin=&#8221;||0px|&#8221; custom_padding=&#8221;||0px|&#8221; global_colors_info=&#8221;{}&#8221;]<\/p>\n<h5 class=\"purple\">DESCRIPTION<\/h5>\n<p>\u200b\u2018Western societies\u2019 are drifting apart. Along the increase of inequality, the sphere of underprivileged milieus is growing. Many drivers such as digitalisation (e-literacy, information literacy\u2026), polarisation of the labour market (increase of working poor, new forms of precarious work\u2026) and immigration are pushing this development.<\/p>\n<p>[\/et_pb_text][et_pb_toggle title=&#8221;Read more&#8221; admin_label=&#8221;Preberi ve\u010d&#8221; _builder_version=&#8221;4.17.2&#8243; global_colors_info=&#8221;{}&#8221;]<\/p>\n<p>Education is a key strategy to address growing inequality. However, education, being an important distinction mechanism in modern societies, is less open to all than often proclaimed. Especially among the lower underprivileged milieu \u2013 the \u2018left behind\u2019 \u2013 there are still major barriers to education and further training. Therefore:<\/p>\n<p>The project focusses on the needs of working persons from the prime working age with less stable forms of gainful work (e.g. fragmented, precarious, low paid, marginal, partly declared) and a certain distance to formal education and guidance and some of which have migration background.<\/p>\n<p>ReachOut raises the question of the \u2018connectivity\u2019 of educational guidance to the clients and asks how habitus sensitivity can be supported in offers of guidance.<\/p>\n<p>The project addresses guidance practitioners and their organisations.<\/p>\n<p>\u200bRead about the project in <a href=\"https:\/\/arhiv.acs.si\/rezultati_projektov\/ReachOut\/Onepager-en.pdf\" target=\"_blank\" rel=\"noopener\">onepager<\/a> (<a href=\"https:\/\/arhiv.acs.si\/rezultati_projektov\/ReachOut\/Onepager-slo.pdf\" target=\"_blank\" rel=\"noopener\">in Slovenian<\/a>).<\/p>\n<p>[\/et_pb_toggle][\/et_pb_column][\/et_pb_row][et_pb_row _builder_version=&#8221;4.16&#8243; background_size=&#8221;initial&#8221; background_position=&#8221;top_left&#8221; background_repeat=&#8221;repeat&#8221; global_colors_info=&#8221;{}&#8221;][et_pb_column type=&#8221;4_4&#8243; _builder_version=&#8221;4.16&#8243; custom_padding=&#8221;|||&#8221; global_colors_info=&#8221;{}&#8221; custom_padding__hover=&#8221;|||&#8221;][et_pb_text admin_label=&#8221;Aktivnost&#8221; _builder_version=&#8221;4.17.2&#8243; text_font_size=&#8221;10px&#8221; header_5_text_color=&#8221;#ffffff&#8221; header_5_font_size=&#8221;17px&#8221; header_5_line_height=&#8221;27px&#8221; custom_margin=&#8221;||0px|&#8221; custom_padding=&#8221;||0px|&#8221; global_colors_info=&#8221;{}&#8221;]<\/p>\n<h5 class=\"purple\">ACTIVITIES<\/h5>\n<p>\u200bThe following activities will be implemented during the project period and beyond:<\/p>\n<ul>\n<li>Extensive desk research at national and European level on the topic at hand.<\/li>\n<li>Presentation of progress during Mutual Learning Seminars of all partners at the Transnational Partner Meetings.<\/li>\n<\/ul>\n<p>[\/et_pb_text][et_pb_toggle title=&#8221;Read more&#8221; admin_label=&#8221;Preberi ve\u010d&#8221; _builder_version=&#8221;4.17.2&#8243; _module_preset=&#8221;default&#8221; global_colors_info=&#8221;{}&#8221;]<\/p>\n<ul>\n<li>Interviews with stakeholders, 3-5 interviews per partner.<\/li>\n<li>Interviews with guidance practitioners, 12 interviews per country.<\/li>\n<li>Presentation and discussion of results at Multiplier Events in Austria, Germany, Slovenia and Czech Republic. Each event will have about 30 participants.<\/li>\n<li>Presentations at numerous conferences, workshops, seminars for different target groups.<\/li>\n<\/ul>\n<p>[\/et_pb_toggle][\/et_pb_column][\/et_pb_row][et_pb_row _builder_version=&#8221;4.16&#8243; background_size=&#8221;initial&#8221; background_position=&#8221;top_left&#8221; background_repeat=&#8221;repeat&#8221; global_colors_info=&#8221;{}&#8221;][et_pb_column type=&#8221;4_4&#8243; _builder_version=&#8221;4.16&#8243; custom_padding=&#8221;|||&#8221; global_colors_info=&#8221;{}&#8221; custom_padding__hover=&#8221;|||&#8221;][et_pb_text admin_label=&#8221;Klju\u010dni dose\u017eki&#8221; _builder_version=&#8221;4.17.2&#8243; text_font_size=&#8221;10px&#8221; header_5_text_color=&#8221;#ffffff&#8221; header_5_font_size=&#8221;17px&#8221; header_5_line_height=&#8221;27px&#8221; custom_margin=&#8221;||0px|&#8221; custom_padding=&#8221;||0px|&#8221; global_colors_info=&#8221;{}&#8221;]<\/p>\n<h5 class=\"purple\">KEY ACHIEVEMENTS<\/h5>\n<p>\u200bThe ReachOut project publishes three project outputs for the use of guidance practitioners and other stakeholders:<\/p>\n<ul>\n<li><a href=\"https:\/\/arhiv.acs.si\/rezultati_projektov\/ReachOut\/Habitus_Sensitive_Guidance_for_Underprivileged_Milieu-Country_Report_Slovenia.pdf\" target=\"_blank\" rel=\"noopener\">Country report Slovenia: Habitus Sensitive Guidance for Undefprivileged Milieu<\/a>\u00a0(<a href=\"https:\/\/arhiv.acs.si\/rezultati_projektov\/ReachOut\/Svetovanje_senzibilno_za_habituse_odraslih_iz_depriviligiranih_okolij-nacionalno_porocilo_za_Slovenijo.pdf\" target=\"_blank\" rel=\"noopener\">in Slovenian<\/a>),<\/li>\n<li><a href=\"https:\/\/www.acs.si\/en\/digital-library\/improving-guidance-for-working-persons-from-the-underprivileged-milieu-self-study-manual\/\">Self-study-manual: Experiences and Cases from working with the Underprivileged Milieu<\/a> (<a href=\"https:\/\/www.acs.si\/digitalna-bralnica\/terensko-delo-v-svetovanju-za-zaposlene-iz-depriviligiranih-okolij-prirocnik-za-samostojno-ucenje\/\">in Slovenian<\/a>),<\/li>\n<li><a href=\"https:\/\/www.acs.si\/en\/digital-library\/habitus-sensitive-guidance-to-reach-out-to-the-left-behind-recommendations-for-policymakers\/\">Policy paper: Habitus Sensitive Guidance &#8211; recommendations for policy makers<\/a> (<a href=\"https:\/\/www.acs.si\/digitalna-bralnica\/habitus-senzibilno-svetovanje-za-doseganje-odraslih-iz-depriviligiranih-okolij-priporocila-za-politiko\/\">in Slovenian<\/a>).\n<p><em style=\"font-size: 15px;\"><\/em><\/p>\n<p><em style=\"font-size: 15px;\"> <\/em><\/p>\n<p><em style=\"font-size: 15px;\"><br \/>Funded by the European Union. Views and opinions expressed are however those of the author(s) only and do not necessarily reflect those of the European Union or the European Education and Culture Executive Agency (EACEA). Neither the European Union nor EACEA can be held responsible for them.<\/em><\/p>\n<p><em><\/em><\/p>\n<\/li>\n<\/ul>\n<p>[\/et_pb_text][\/et_pb_column][\/et_pb_row][\/et_pb_section]<\/p>\n","protected":false},"excerpt":{"rendered":"<p>&nbsp; Project&#8230;<\/p>\n","protected":false},"author":41,"featured_media":0,"parent":28549,"menu_order":10,"comment_status":"closed","ping_status":"closed","template":"page_projekt.php","meta":{"_acf_changed":false,"_et_pb_use_builder":"on","_et_pb_old_content":"<table class=\"projektTableNew\">\r\n<tbody>\r\n<tr>\r\n\t\t\t<td>Naziv projekta (v angle\u0161\u010dini):<\/td>\r\n\t\t\t<td>EPALE \u2013 ePlatforma za izobra\u017eevanje odraslih v Evropi (EPALE \u2013 Electronic Platform for Adult Learning in Europe)\/td>\r\n\t\t<\/tr>\r\n\t\t<tr>\r\n\t\t\t<td>\u010casovni okvir<\/td>\r\n\t\t\t<td>januar \u2013 december 2017<\/td>\r\n\t\t<\/tr>\r\n\t\t<tr>\r\n\t\t\t<td>Program:<\/td>\r\n\t\t\t<td>Erasmus+<\/td>\r\n\t\t<\/tr>\r\n\r\n<tr>\r\n\t\t\t<td>Partnerji:<\/td>\r\n\t\t\t<td>Center Republike Slovenije za mobilnost in evropske programe izobra\u017eevanja in usposabljanja \u2013 CMEPIUS (Nacionalna svetovalna slu\u017eba Slovenije \u2013 NSS Slovenije)<br>Andrago\u0161ki center Slovenije \u2013 ACS<\/td>\r\n\t\t<\/tr>\r\n<tr>\r\n\t\t\t<td>Kontaktna oseba<\/td>\r\n\t\t\t<td>mag. Zvonka Pangerc Pahernik (T: 01 584 2576, E: <a href=\"mailto:zvonka.pangerc@acs.si\">zvonka.pangerc@acs.si<\/a>)<\/td>\r\n\t\t<\/tr>\r\n<\/tbody>\r\n<\/table>\r\n\r\n[accordion autoclose=\"false\" clicktoclose=\"true\" openfirst=\"true\"]\r\n[accordion-item title=\"Namen\"]Namen spletnega mesta EPALE je izbolj\u0161ati kakovost izobra\u017eevanja odraslih v Evropi s tem, da ponuja vsebine, ki bodo k temu doprinesle, in seznanja z aktualnimi trendi in razvojnimi smernicami izobra\u017eevanja odraslih v Sloveniji in drugod po Evropi.[\/accordion-item]\r\n[accordion-item title=\"Cilji\"]Cilj platforme EPALE je postati glavno spletno sti\u010di\u0161\u010de za izobra\u017eevanje odraslih v Evropi.[\/accordion-item]\r\n[accordion-item title=\"Opis\"]<p>EPALE je ve\u010djezi\u010dna skupnost izobra\u017eevalcev, vodij usposabljanj, raziskovalcev, akademikov, mentorjev, oblikovalcev politik, odlo\u010devalcev, prostovoljcev, in vseh tistih, ki se dejavno ukvarjajo z u\u010denjem odraslih.<\/p>\r\n\t\t\t<p>\u010clani skupnosti izmenjujejo vsebine, ki so povezane z u\u010denjem odraslih. Prek funkcij spletnega mesta se lahko pove\u017eejo s kolegi iz vse Evrope, ki se ukvarjajo z u\u010denjem odraslih. Z njimi lahko komunicirajo prek tematskih podro\u010dij, ki nudijo strukturirano vsebino po posameznih temah, lahko pa jih zaprosijo za sodelovanje v t.i. zasebnem prostoru na platformi EPALE, kjer lahko organizirajo razprave, nalagajo dokumente, delijo novice ipd. Z orodjem za iskanje partnerjev lahko vzpostavljajo poslovne stike.<\/p>\r\n\t\t\t<p>Spletno mesto omogo\u010da objavo novic o aktualnih vsebinah v izobra\u017eevanju odraslih v Sloveniji in tudi drugod po Evropi. Na voljo je informacijsko sredi\u0161\u010de z objavljenimi viri, med katerimi so dobre prakse, pomembni dokumenti, poro\u010dila in druge zanimive publikacije. Spletni dnevnik ponuja mo\u017enost, da uporabniki portala izrazijo svoje mnenje in pogled na izbrano temo. V koledarju dogodkov so objavljeni seminarji, konference in druga izobra\u017eevanja.<\/p>\r\n\t\t\t<p>Iskalnik partnerjev omogo\u010da sodelujo\u010dim predstaviti svojo organizacijo ali stopiti v stik z gostujo\u010dimi mentorji ali novimi projektnimi partnerji<\/p>[\/accordion-item]\r\n[accordion-item title=\"Aktivnosti\"]<p>Vloga ACS-a v tem projektu je:<\/p>\r\n\t\t\t\t<ul>\r\n\t\t\t\t\t<li>animirati uporabnike spletnega mesta za aktivno sodelovanje,<\/li>\r\n\t\t\t\t\t<li>zagotoviti pomo\u010d pri doseganju klju\u010dnih ciljnih skupin preko \u017ee vzpostavljenih mre\u017e sodelovanja,<\/li>\r\n\t\t\t\t\t<li>sodelovati pri pripravi predlogov za objavo na platformi,<\/li>\r\n\t\t\t\t\t<li>poskrbeti za samostojne objave zlasti ob ve\u010djih dogodkih, ki jih organizira ACS,<\/li>\r\n\t\t\t\t\t<li>informirati o knji\u017enih novostih in drugih virih s podro\u010dja izobra\u017eevanja odraslih,<\/li>\r\n\t\t\t\t\t<li>prirejati tuje objave za slovensko platformo,<\/li>\r\n\t\t\t\t\t<li>na razli\u010dnih strokovnih dogodkih promovirati dejavnosti EPALE,<\/li>\r\n\t\t\t\t\t<li>povezovati dogodke in druge dejavnosti EPALE s projektom Uresni\u010devanje EPUO v Sloveniji (kratko EPUO),<\/li>\r\n\t\t\t\t\t<li>zagotoviti sodelovanje predstavnika ACS v ekspertni skupini EPALE in tako sodelovati pri razvoju platforme ter re\u0161evanju strokovnih dilem<\/li>\r\n\t\t\t\t\t<li>razvijati rubriko 'EPALE' v elektronskem glasilu ACS e-Novi\u010dke,<\/li>\r\n\t\t\t\t\t<li>razvijati rubriko 'EPALE koti\u010dek' v spletni aplikaciji 'Kam po znanje',<\/li>\r\n\t\t\t\t\t<li>komentirati objave na platformi EPALE.<\/li>\r\n\t\t\t\t<\/ul>[\/accordion-item]\r\n[accordion-item title=\"Klju\u010dni dose\u017eki\"]<p>V letu 2017 smo opravili vse naloge, ki opredeljujejo na\u0161e sodelovanje z NSS EPALE Slovenija. Med klju\u010dnimi so bile:<\/p>\r\n\t\t\t<ul>\r\n\t\t\t\t<li>prispevali smo 34 spletnih dnevnikov, od tega 14 v angle\u0161\u010dini, 17 novic, 12 zapisov o dogodkih, 48 predstavitev virov in 9 komentarjev;<\/li>\r\n\t\t\t\t<li>na treh predavanjih smo platformo predstavili \u0161tudentom pedagogike in andragogike na Filozofski fakulteti;<\/li>\r\n\t\t\t\t<li>sodelovanje z nacionalno koordinatorico EPALE smo zagotovili na razli\u010dnih dogodkih ACS (oba Letna posveta o izobra\u017eevanju odraslih v Ljubljani, Nacionalno odprtje TVU 2017 v Trbovljah, osrednji dogodek akcije TVU 'Erasmus+ ni mus, pomaga pa' v Velenju, na dveh od sedmih strokovnih dogodkov EPUO v \u017direh ter Slovenj Gradcu, na zaklju\u010dku projekta \u00a0EPUO ter AK v Ajdov\u0161\u010dini;<\/li>\r\n\t\t\t\t<li>delili smo objave na FB ACS, TVU in Knji\u017enica ACS;<\/li>\r\n\t\t\t\t<li>udele\u017eili smo se \u0161tirih sestankov ekspertne skupine EPALE;<\/li>\r\n\t\t\t\t<li>povezali smo dogodke in druge dejavnosti EPALE in projekta EPUO: v \u00a0okviru \u0161tudijskega obiska delovne skupine EPUO na ACS na Irskem \u00a0in ob izpeljavi strokovnih dogodkov EPUO je nastalo kar nekaj spletnih dnevnikov;<\/li>\r\n\t\t\t\t<li>udele\u017eili smo se 2. regionalne konference EPALE v Banja Luki.<\/li>\r\n\t\t\t<\/ul>[\/accordion-item][\/accordion]","_et_gb_content_width":"","inline_featured_image":false,"footnotes":""},"class_list":["post-47400","page","type-page","status-publish","hentry"],"acf":[],"yoast_head":"<!-- This site is optimized with the Yoast SEO plugin v26.2 - https:\/\/yoast.com\/wordpress\/plugins\/seo\/ -->\n<title>ReachOut (2022\u20132024) | Andrago\u0161ki center Republike Slovenije<\/title>\n<meta name=\"robots\" content=\"index, follow, max-snippet:-1, max-image-preview:large, max-video-preview:-1\" \/>\n<link rel=\"canonical\" href=\"https:\/\/www.acs.si\/en\/projects\/international\/reachout\/\" \/>\n<meta property=\"og:locale\" content=\"en_US\" \/>\n<meta property=\"og:type\" content=\"article\" \/>\n<meta property=\"og:title\" content=\"ReachOut (2022\u20132024) | Andrago\u0161ki center Republike Slovenije\" \/>\n<meta property=\"og:description\" content=\"&nbsp; Project...\" \/>\n<meta property=\"og:url\" content=\"https:\/\/www.acs.si\/en\/projects\/international\/reachout\/\" \/>\n<meta property=\"og:site_name\" content=\"Andrago\u0161ki center Republike Slovenije\" \/>\n<meta property=\"article:publisher\" content=\"https:\/\/www.facebook.com\/AndragoskiCenterSlovenije\/\" \/>\n<meta property=\"article:modified_time\" content=\"2024-06-26T06:03:32+00:00\" \/>\n<meta name=\"twitter:card\" content=\"summary_large_image\" \/>\n<meta name=\"twitter:label1\" content=\"Est. reading time\" \/>\n\t<meta name=\"twitter:data1\" content=\"6 minutes\" \/>\n<script type=\"application\/ld+json\" class=\"yoast-schema-graph\">{\"@context\":\"https:\/\/schema.org\",\"@graph\":[{\"@type\":\"WebPage\",\"@id\":\"https:\/\/www.acs.si\/en\/projects\/international\/reachout\/\",\"url\":\"https:\/\/www.acs.si\/en\/projects\/international\/reachout\/\",\"name\":\"ReachOut (2022\u20132024) | Andrago\u0161ki center Republike Slovenije\",\"isPartOf\":{\"@id\":\"https:\/\/www.acs.si\/#website\"},\"datePublished\":\"2022-06-09T13:52:20+00:00\",\"dateModified\":\"2024-06-26T06:03:32+00:00\",\"breadcrumb\":{\"@id\":\"https:\/\/www.acs.si\/en\/projects\/international\/reachout\/#breadcrumb\"},\"inLanguage\":\"en-US\",\"potentialAction\":[{\"@type\":\"ReadAction\",\"target\":[\"https:\/\/www.acs.si\/en\/projects\/international\/reachout\/\"]}]},{\"@type\":\"BreadcrumbList\",\"@id\":\"https:\/\/www.acs.si\/en\/projects\/international\/reachout\/#breadcrumb\",\"itemListElement\":[{\"@type\":\"ListItem\",\"position\":1,\"name\":\"Home\",\"item\":\"https:\/\/www.acs.si\/en\/\"},{\"@type\":\"ListItem\",\"position\":2,\"name\":\"Projects\",\"item\":\"https:\/\/www.acs.si\/en\/projects\/\"},{\"@type\":\"ListItem\",\"position\":3,\"name\":\"International\",\"item\":\"https:\/\/www.acs.si\/en\/projects\/international\/\"},{\"@type\":\"ListItem\",\"position\":4,\"name\":\"ReachOut (2022\u20132024)\"}]},{\"@type\":\"WebSite\",\"@id\":\"https:\/\/www.acs.si\/#website\",\"url\":\"https:\/\/www.acs.si\/\",\"name\":\"Andrago\u0161ki center Republike Slovenije\",\"description\":\"\",\"potentialAction\":[{\"@type\":\"SearchAction\",\"target\":{\"@type\":\"EntryPoint\",\"urlTemplate\":\"https:\/\/www.acs.si\/?s={search_term_string}\"},\"query-input\":{\"@type\":\"PropertyValueSpecification\",\"valueRequired\":true,\"valueName\":\"search_term_string\"}}],\"inLanguage\":\"en-US\"}]}<\/script>\n<!-- \/ Yoast SEO plugin. -->","yoast_head_json":{"title":"ReachOut (2022\u20132024) | Andrago\u0161ki center Republike Slovenije","robots":{"index":"index","follow":"follow","max-snippet":"max-snippet:-1","max-image-preview":"max-image-preview:large","max-video-preview":"max-video-preview:-1"},"canonical":"https:\/\/www.acs.si\/en\/projects\/international\/reachout\/","og_locale":"en_US","og_type":"article","og_title":"ReachOut (2022\u20132024) | Andrago\u0161ki center Republike Slovenije","og_description":"&nbsp; Project...","og_url":"https:\/\/www.acs.si\/en\/projects\/international\/reachout\/","og_site_name":"Andrago\u0161ki center Republike Slovenije","article_publisher":"https:\/\/www.facebook.com\/AndragoskiCenterSlovenije\/","article_modified_time":"2024-06-26T06:03:32+00:00","twitter_card":"summary_large_image","twitter_misc":{"Est. reading time":"6 minutes"},"schema":{"@context":"https:\/\/schema.org","@graph":[{"@type":"WebPage","@id":"https:\/\/www.acs.si\/en\/projects\/international\/reachout\/","url":"https:\/\/www.acs.si\/en\/projects\/international\/reachout\/","name":"ReachOut (2022\u20132024) | Andrago\u0161ki center Republike Slovenije","isPartOf":{"@id":"https:\/\/www.acs.si\/#website"},"datePublished":"2022-06-09T13:52:20+00:00","dateModified":"2024-06-26T06:03:32+00:00","breadcrumb":{"@id":"https:\/\/www.acs.si\/en\/projects\/international\/reachout\/#breadcrumb"},"inLanguage":"en-US","potentialAction":[{"@type":"ReadAction","target":["https:\/\/www.acs.si\/en\/projects\/international\/reachout\/"]}]},{"@type":"BreadcrumbList","@id":"https:\/\/www.acs.si\/en\/projects\/international\/reachout\/#breadcrumb","itemListElement":[{"@type":"ListItem","position":1,"name":"Home","item":"https:\/\/www.acs.si\/en\/"},{"@type":"ListItem","position":2,"name":"Projects","item":"https:\/\/www.acs.si\/en\/projects\/"},{"@type":"ListItem","position":3,"name":"International","item":"https:\/\/www.acs.si\/en\/projects\/international\/"},{"@type":"ListItem","position":4,"name":"ReachOut (2022\u20132024)"}]},{"@type":"WebSite","@id":"https:\/\/www.acs.si\/#website","url":"https:\/\/www.acs.si\/","name":"Andrago\u0161ki center Republike Slovenije","description":"","potentialAction":[{"@type":"SearchAction","target":{"@type":"EntryPoint","urlTemplate":"https:\/\/www.acs.si\/?s={search_term_string}"},"query-input":{"@type":"PropertyValueSpecification","valueRequired":true,"valueName":"search_term_string"}}],"inLanguage":"en-US"}]}},"_links":{"self":[{"href":"https:\/\/www.acs.si\/en\/wp-json\/wp\/v2\/pages\/47400","targetHints":{"allow":["GET"]}}],"collection":[{"href":"https:\/\/www.acs.si\/en\/wp-json\/wp\/v2\/pages"}],"about":[{"href":"https:\/\/www.acs.si\/en\/wp-json\/wp\/v2\/types\/page"}],"author":[{"embeddable":true,"href":"https:\/\/www.acs.si\/en\/wp-json\/wp\/v2\/users\/41"}],"replies":[{"embeddable":true,"href":"https:\/\/www.acs.si\/en\/wp-json\/wp\/v2\/comments?post=47400"}],"version-history":[{"count":18,"href":"https:\/\/www.acs.si\/en\/wp-json\/wp\/v2\/pages\/47400\/revisions"}],"predecessor-version":[{"id":71434,"href":"https:\/\/www.acs.si\/en\/wp-json\/wp\/v2\/pages\/47400\/revisions\/71434"}],"up":[{"embeddable":true,"href":"https:\/\/www.acs.si\/en\/wp-json\/wp\/v2\/pages\/28549"}],"wp:attachment":[{"href":"https:\/\/www.acs.si\/en\/wp-json\/wp\/v2\/media?parent=47400"}],"curies":[{"name":"wp","href":"https:\/\/api.w.org\/{rel}","templated":true}]}}