{"id":28336,"date":"2018-09-18T15:41:13","date_gmt":"2018-09-18T14:41:13","guid":{"rendered":"http:\/\/www.acs.si\/?page_id=28336"},"modified":"2018-09-18T15:41:13","modified_gmt":"2018-09-18T14:41:13","slug":"what-are-cookies","status":"publish","type":"page","link":"https:\/\/www.acs.si\/en\/what-are-cookies\/","title":{"rendered":"What are cookies?"},"content":{"rendered":"<p>[et_pb_section bb_built=&#8221;1&#8243;][et_pb_row][et_pb_column type=&#8221;4_4&#8243;][et_pb_text _builder_version=&#8221;3.14&#8243;]<\/p>\n<p>Cookies are small text files on your computer that store the information on the number of your visits to our website and on what interests you during these visits. The cookies do not contain any personal data or information that could identify you.<\/p>\n<p><span style=\"font-size: 18pt;\"><strong>Why are cookies necessary?<\/strong><\/span><\/p>\n<p>Cookies allow us to provide you a better user experience on our website.<\/p>\n<p>Cookies can for example record your preferences and settings, your entries in online forms and the information for logged-in users.<\/p>\n<p>The basic e-commerce functions would not be possible without cookies, as online stores use cookies to record the items in carts, popular items, and other purchase data.<\/p>\n<p>We can also use cookies to monitor website statistics for easier detection and correction of any possible mistakes, which allows us to improve and offer you better suited content at your next visit.<\/p>\n<p>Cookies also allow any eventual advertising partners to offer you relevant ads.<\/p>\n<p>Some cookies are essential for basic functioning of the website, while others can only be stored in your browser if you agree to them.<\/p>\n<p><span style=\"font-size: 18pt;\"><strong>List of cookies<\/strong><\/span><\/p>\n<table border=\"0\">\n<thead>\n<tr>\n<th>Name of the cookie<\/th>\n<th>Purpose<\/th>\n<th>Storage period<\/th>\n<th>Source<\/th>\n<\/tr>\n<\/thead>\n<tbody>\n<tr>\n<td>_ga<\/td>\n<td>Statistics of website views<\/td>\n<td>2 years<\/td>\n<td>Google Analytics<\/td>\n<\/tr>\n<\/tbody>\n<\/table>\n<h2>Deactivating cookies<\/h2>\n<p>Most web browsers automatically accept cookies. You can turn off cookies at any time in your browser settings. Information on cookies\u2019 settings for different browsers is listed below:<\/p>\n<ul>\n<li><a href=\"https:\/\/support.google.com\/chrome\/answer\/95647?hl=sl-sl&amp;p=cpn_cookies\" target=\"_blank\" rel=\"noopener noreferrer\">Chrome<\/a><\/li>\n<li><a href=\"http:\/\/support.mozilla.org\/sl\/kb\/Kako%20aktivirate%20in%20deaktivirate%20pi%C5%A1kote\" target=\"_blank\" rel=\"noopener noreferrer\">Firefox<\/a><\/li>\n<li><a href=\"http:\/\/windows.microsoft.com\/sl-si\/windows-vista\/block-or-allow-cookies\" target=\"_blank\" rel=\"noopener noreferrer\">Internet Explorer<\/a><\/li>\n<li><a href=\"http:\/\/www.opera.com\/help\/tutorials\/security\/privacy\/\" target=\"_blank\" rel=\"noopener noreferrer\">Opera<\/a><\/li>\n<li><a href=\"http:\/\/www.apple.com\/support\/safari\/\" target=\"_blank\" rel=\"noopener noreferrer\">Safari<\/a><\/li>\n<\/ul>\n<p>If you deactivate the cookies, the website will not function optimally and some functions might be disabled. When you deactivate all the cookies, the browser continues to receive some information which is essential for basic functioning of our website.<\/p>\n<p>[\/et_pb_text][\/et_pb_column][\/et_pb_row][\/et_pb_section]<\/p>\n","protected":false},"excerpt":{"rendered":"<p>Cookies are small&#8230;<\/p>\n","protected":false},"author":161,"featured_media":0,"parent":0,"menu_order":0,"comment_status":"closed","ping_status":"closed","template":"","meta":{"_acf_changed":false,"_et_pb_use_builder":"on","_et_pb_old_content":"<p>Pi\u0161kotki so majhne tekstovne datoteke na va\u0161em ra\u010dunalniku, v katerih se shranjujejo informacije o tem, kolikokrat obi\u0161\u010dete na\u0161o stran in kaj vas v teh obiskih zanima. Pi\u0161kotki ne vsebujejo nobenih osebnih podatkov oz. informacij, ki bi vas lahko identificirale.<\/p><h2>Zakaj so pi\u0161kotki potrebni?<\/h2><p>S pomo\u010djo pi\u0161kotkov vam lahko zagotovimo bolj\u0161o uporabni\u0161ko izku\u0161njo na spletni strani.<\/p><p>Tako se npr. v pi\u0161kotke lahko bele\u017eijo va\u0161e preference in nastavitve, vnosi v spletne obrazce in informacije za prijavljene uporabnike.<\/p><p>Osnovne funkcije e-poslovanja ne bi bile mogo\u010de brez pi\u0161kotkov. V spletnih trgovinah se namre\u010d v pi\u0161kotke bele\u017eijo izdelki v nakupovalni ko\u0161arici, priljubljeni izdelki, ostali podatki o nakupu itd.<\/p><p>S pomo\u010djo pi\u0161kotkov lahko bele\u017eimo statistiko spletne strani in tako la\u017eje odkrijemo in odpravimo morebitne napake ter vam ob naslednjih obiskih ponudimo bolj\u0161o vsebino oz. primernej\u0161o ponudbo.<\/p><p>S pomo\u010djo pi\u0161kotkov vam morebitni ogla\u0161evalski partnerji lahko servirajo relevantne oglase.<\/p><p>Nekateri pi\u0161kotki so nujno potrebni za samo delovanje spletne strani, medtem, ko se ostali lahko shranijo, le \u010de se s tem strinjate.<\/p><h2>Seznam pi\u0161kotkov<\/h2><table border=\"0\"><thead><tr><th>Ime pi\u0161kotka<\/th><th>Namen<\/th><th>Trajanje<\/th><th>Izvor<\/th><\/tr><\/thead><tbody><tr><td>_ga<\/td><td>Statistika ogledov spletne strani<\/td><td>2 leti<\/td><td>Google Analytics<\/td><\/tr><\/tbody><\/table><h2>Onemogo\u010denje pi\u0161kotkov<\/h2><p>Ve\u010dina spletnih brskalnikov samodejno sprejme pi\u0161kotke. V nastavitvah brskalnika lahko pi\u0161kotke kadarkoli izklopite. Informacije o nastavitvah za pi\u0161kotke v posameznih brskalnikih so na voljo na spodnjih povezavah:<\/p><ul><li><a href=\"https:\/\/support.google.com\/chrome\/answer\/95647?hl=sl-sl&amp;p=cpn_cookies\" target=\"_blank\" rel=\"noopener noreferrer\">Chrome<\/a><\/li><li><a href=\"http:\/\/support.mozilla.org\/sl\/kb\/Kako%20aktivirate%20in%20deaktivirate%20pi%C5%A1kote\" target=\"_blank\" rel=\"noopener noreferrer\">Firefox<\/a><\/li><li><a href=\"http:\/\/windows.microsoft.com\/sl-si\/windows-vista\/block-or-allow-cookies\" target=\"_blank\" rel=\"noopener noreferrer\">Internet Explorer<\/a><\/li><li><a href=\"http:\/\/www.opera.com\/help\/tutorials\/security\/privacy\/\" target=\"_blank\" rel=\"noopener noreferrer\">Opera<\/a><\/li><li><a href=\"http:\/\/www.apple.com\/support\/safari\/\" target=\"_blank\" rel=\"noopener noreferrer\">Safari<\/a><\/li><\/ul><p>\u010ce pi\u0161kotke izklopite, spletna stran ne bo delovala optimalno oz. bodo nekatere funkcionalnosti onemogo\u010dene. Tudi pri izklopu vseh pi\u0161kotkov bo brskalnik \u0161e vedno pridobival dolo\u010dene informacije, ki so potrebne za osnovno delovanje na\u0161e spletne strani.<em><br \/><\/em><\/p>","_et_gb_content_width":"","inline_featured_image":false,"footnotes":""},"class_list":["post-28336","page","type-page","status-publish","hentry"],"acf":[],"yoast_head":"<!-- This site is optimized with the Yoast SEO plugin v26.2 - https:\/\/yoast.com\/wordpress\/plugins\/seo\/ -->\n<title>What are cookies? | Andrago\u0161ki center Republike Slovenije<\/title>\n<meta name=\"robots\" content=\"index, follow, max-snippet:-1, max-image-preview:large, max-video-preview:-1\" \/>\n<link rel=\"canonical\" href=\"https:\/\/www.acs.si\/en\/what-are-cookies\/\" \/>\n<meta property=\"og:locale\" content=\"en_US\" \/>\n<meta property=\"og:type\" content=\"article\" \/>\n<meta property=\"og:title\" content=\"What are cookies? | Andrago\u0161ki center Republike Slovenije\" \/>\n<meta property=\"og:description\" content=\"Cookies are small...\" \/>\n<meta property=\"og:url\" content=\"https:\/\/www.acs.si\/en\/what-are-cookies\/\" \/>\n<meta property=\"og:site_name\" content=\"Andrago\u0161ki center Republike Slovenije\" \/>\n<meta property=\"article:publisher\" content=\"https:\/\/www.facebook.com\/AndragoskiCenterSlovenije\/\" \/>\n<meta name=\"twitter:card\" content=\"summary_large_image\" \/>\n<meta name=\"twitter:label1\" content=\"Est. reading time\" \/>\n\t<meta name=\"twitter:data1\" content=\"1 minute\" \/>\n<script type=\"application\/ld+json\" class=\"yoast-schema-graph\">{\"@context\":\"https:\/\/schema.org\",\"@graph\":[{\"@type\":\"WebPage\",\"@id\":\"https:\/\/www.acs.si\/en\/what-are-cookies\/\",\"url\":\"https:\/\/www.acs.si\/en\/what-are-cookies\/\",\"name\":\"What are cookies? | Andrago\u0161ki center Republike Slovenije\",\"isPartOf\":{\"@id\":\"https:\/\/www.acs.si\/#website\"},\"datePublished\":\"2018-09-18T14:41:13+00:00\",\"breadcrumb\":{\"@id\":\"https:\/\/www.acs.si\/en\/what-are-cookies\/#breadcrumb\"},\"inLanguage\":\"en-US\",\"potentialAction\":[{\"@type\":\"ReadAction\",\"target\":[\"https:\/\/www.acs.si\/en\/what-are-cookies\/\"]}]},{\"@type\":\"BreadcrumbList\",\"@id\":\"https:\/\/www.acs.si\/en\/what-are-cookies\/#breadcrumb\",\"itemListElement\":[{\"@type\":\"ListItem\",\"position\":1,\"name\":\"Home\",\"item\":\"https:\/\/www.acs.si\/en\/\"},{\"@type\":\"ListItem\",\"position\":2,\"name\":\"What are cookies?\"}]},{\"@type\":\"WebSite\",\"@id\":\"https:\/\/www.acs.si\/#website\",\"url\":\"https:\/\/www.acs.si\/\",\"name\":\"Andrago\u0161ki center Republike Slovenije\",\"description\":\"\",\"potentialAction\":[{\"@type\":\"SearchAction\",\"target\":{\"@type\":\"EntryPoint\",\"urlTemplate\":\"https:\/\/www.acs.si\/?s={search_term_string}\"},\"query-input\":{\"@type\":\"PropertyValueSpecification\",\"valueRequired\":true,\"valueName\":\"search_term_string\"}}],\"inLanguage\":\"en-US\"}]}<\/script>\n<!-- \/ Yoast SEO plugin. -->","yoast_head_json":{"title":"What are cookies? | Andrago\u0161ki center Republike Slovenije","robots":{"index":"index","follow":"follow","max-snippet":"max-snippet:-1","max-image-preview":"max-image-preview:large","max-video-preview":"max-video-preview:-1"},"canonical":"https:\/\/www.acs.si\/en\/what-are-cookies\/","og_locale":"en_US","og_type":"article","og_title":"What are cookies? | Andrago\u0161ki center Republike Slovenije","og_description":"Cookies are small...","og_url":"https:\/\/www.acs.si\/en\/what-are-cookies\/","og_site_name":"Andrago\u0161ki center Republike Slovenije","article_publisher":"https:\/\/www.facebook.com\/AndragoskiCenterSlovenije\/","twitter_card":"summary_large_image","twitter_misc":{"Est. reading time":"1 minute"},"schema":{"@context":"https:\/\/schema.org","@graph":[{"@type":"WebPage","@id":"https:\/\/www.acs.si\/en\/what-are-cookies\/","url":"https:\/\/www.acs.si\/en\/what-are-cookies\/","name":"What are cookies? | Andrago\u0161ki center Republike Slovenije","isPartOf":{"@id":"https:\/\/www.acs.si\/#website"},"datePublished":"2018-09-18T14:41:13+00:00","breadcrumb":{"@id":"https:\/\/www.acs.si\/en\/what-are-cookies\/#breadcrumb"},"inLanguage":"en-US","potentialAction":[{"@type":"ReadAction","target":["https:\/\/www.acs.si\/en\/what-are-cookies\/"]}]},{"@type":"BreadcrumbList","@id":"https:\/\/www.acs.si\/en\/what-are-cookies\/#breadcrumb","itemListElement":[{"@type":"ListItem","position":1,"name":"Home","item":"https:\/\/www.acs.si\/en\/"},{"@type":"ListItem","position":2,"name":"What are cookies?"}]},{"@type":"WebSite","@id":"https:\/\/www.acs.si\/#website","url":"https:\/\/www.acs.si\/","name":"Andrago\u0161ki center Republike Slovenije","description":"","potentialAction":[{"@type":"SearchAction","target":{"@type":"EntryPoint","urlTemplate":"https:\/\/www.acs.si\/?s={search_term_string}"},"query-input":{"@type":"PropertyValueSpecification","valueRequired":true,"valueName":"search_term_string"}}],"inLanguage":"en-US"}]}},"_links":{"self":[{"href":"https:\/\/www.acs.si\/en\/wp-json\/wp\/v2\/pages\/28336","targetHints":{"allow":["GET"]}}],"collection":[{"href":"https:\/\/www.acs.si\/en\/wp-json\/wp\/v2\/pages"}],"about":[{"href":"https:\/\/www.acs.si\/en\/wp-json\/wp\/v2\/types\/page"}],"author":[{"embeddable":true,"href":"https:\/\/www.acs.si\/en\/wp-json\/wp\/v2\/users\/161"}],"replies":[{"embeddable":true,"href":"https:\/\/www.acs.si\/en\/wp-json\/wp\/v2\/comments?post=28336"}],"version-history":[{"count":1,"href":"https:\/\/www.acs.si\/en\/wp-json\/wp\/v2\/pages\/28336\/revisions"}],"predecessor-version":[{"id":28337,"href":"https:\/\/www.acs.si\/en\/wp-json\/wp\/v2\/pages\/28336\/revisions\/28337"}],"wp:attachment":[{"href":"https:\/\/www.acs.si\/en\/wp-json\/wp\/v2\/media?parent=28336"}],"curies":[{"name":"wp","href":"https:\/\/api.w.org\/{rel}","templated":true}]}}