{"id":28064,"date":"2018-08-30T16:28:26","date_gmt":"2018-08-30T15:28:26","guid":{"rendered":"http:\/\/www.acs.si\/?page_id=28064"},"modified":"2026-04-02T11:45:09","modified_gmt":"2026-04-02T09:45:09","slug":"identity-card","status":"publish","type":"page","link":"https:\/\/www.acs.si\/en\/about-us\/identity-card\/","title":{"rendered":"Identity Card"},"content":{"rendered":"<p>[et_pb_section bb_built=&#8221;1&#8243;][et_pb_row][et_pb_column type=&#8221;4_4&#8243;][et_pb_text _builder_version=&#8221;3.4.1&#8243;]<\/p>\n<table style=\"height: 453px;\">\n<tbody>\n<tr style=\"height: 37px;\">\n<td style=\"width: 171px; height: 37px;\">Institution<\/td>\n<td style=\"width: 729px; height: 37px;\">Slovenian Institute for Adult Education\u00a0 (Andrago\u0161ki center Slovenije)<\/td>\n<\/tr>\n<tr style=\"height: 23px;\">\n<td style=\"width: 171px; height: 23px;\">Acronym<\/td>\n<td style=\"width: 729px; height: 23px;\">SIAE (ACS)<\/td>\n<\/tr>\n<tr style=\"height: 23px;\">\n<td style=\"width: 171px; height: 23px;\">Address<\/td>\n<td style=\"width: 729px; height: 23px;\">Ulica Ambro\u017ei\u010da Novljana 5, SI &#8211; 1000 Ljubljana, Slovenia<\/td>\n<\/tr>\n<tr style=\"height: 23px;\">\n<td style=\"width: 171px; height: 23px;\">Phone<\/td>\n<td style=\"width: 729px; height: 23px;\">+386 1 5842 560<\/td>\n<\/tr>\n<tr style=\"height: 23px;\">\n<td style=\"width: 171px; height: 23px;\">Fax<\/td>\n<td style=\"width: 729px; height: 23px;\">+386 1 5842 550<\/td>\n<\/tr>\n<tr style=\"height: 23px;\">\n<td style=\"width: 171px; height: 23px;\">E-mail<\/td>\n<td style=\"width: 729px; height: 23px;\"><a href=\"mailto:info@acs.si\">info@acs.si<\/a><\/td>\n<\/tr>\n<tr style=\"height: 47px;\">\n<td style=\"width: 171px; height: 47px;\">Website<\/td>\n<td style=\"width: 729px; height: 47px;\"><a href=\"https:\/\/www.acs.si\/en\/\">https:\/\/www.acs.si<\/a><br \/>\n<a href=\"https:\/\/www.acs.si\/en\">https:\/\/www.acs.si\/en<\/a><\/td>\n<\/tr>\n<tr style=\"height: 23px;\">\n<td style=\"width: 171px; height: 23px;\">Registration No<\/td>\n<td style=\"width: 729px; height: 23px;\">5523192000<\/td>\n<\/tr>\n<tr style=\"height: 23px;\">\n<td style=\"width: 171px; height: 23px;\">Main activity code<\/td>\n<td style=\"width: 729px; height: 23px;\">72.200 \u2013\u00a0Research and development activities in the field of social sciences and humanities<\/td>\n<\/tr>\n<tr style=\"height: 23px;\">\n<td style=\"width: 171px; height: 23px;\">Tax No<\/td>\n<td style=\"width: 729px; height: 23px;\">54646499 (we are not subject to VAT)<\/td>\n<\/tr>\n<tr style=\"height: 23px;\">\n<td style=\"width: 171px; height: 23px;\">Account No<\/td>\n<td style=\"width: 729px; height: 23px;\">01100-6030632623<\/td>\n<\/tr>\n<tr style=\"height: 23px;\">\n<td style=\"width: 171px; height: 23px;\">Founder<\/td>\n<td style=\"width: 729px; height: 23px;\">Government of the Republic of Slovenia<\/td>\n<\/tr>\n<tr style=\"height: 23px;\">\n<td style=\"width: 171px; height: 23px;\">Activity<\/td>\n<td style=\"width: 729px; height: 23px;\">research, development, education, quality, guidance, validation, information and promotional work in the field of adult education<\/td>\n<\/tr>\n<tr style=\"height: 23px;\">\n<td style=\"width: 171px; height: 23px;\">Represented by<\/td>\n<td style=\"width: 729px; height: 23px;\">Dr Nata\u0161a Poto\u010dnik, director<\/td>\n<\/tr>\n<tr style=\"height: 23px;\">\n<td style=\"width: 171px; height: 23px;\">No of employees<\/td>\n<td style=\"width: 729px; height: 23px;\">50 (7 Doctors of Science, 8 Masters of Science, 1 Specialist)<\/td>\n<\/tr>\n<tr style=\"height: 23px;\">\n<td style=\"width: 171px; height: 23px;\">Outset<\/td>\n<td style=\"width: 729px; height: 23px;\">Official gazette of the Republic of Slovenia No 18\/199127, September 1991; opening ceremony: 24 January 1992<\/td>\n<\/tr>\n<\/tbody>\n<\/table>\n<p>[\/et_pb_text][\/et_pb_column][\/et_pb_row][\/et_pb_section]<\/p>\n","protected":false},"excerpt":{"rendered":"<p>[et_pb_section bb_built=&#8221;1&#8243;][et_pb_row][et_pb_column type=&#8221;4_4&#8243;][et_pb_text _builder_version=&#8221;3.4.1&#8243;] Institution Slovenian Institute for Adult Education\u00a0 (Andrago\u0161ki center Slovenije) Acronym SIAE (ACS) Address Ulica Ambro\u017ei\u010da Novljana&#8230;<\/p>\n","protected":false},"author":161,"featured_media":0,"parent":28058,"menu_order":10,"comment_status":"closed","ping_status":"closed","template":"","meta":{"_acf_changed":false,"_et_pb_use_builder":"","_et_pb_old_content":"","_et_gb_content_width":"","inline_featured_image":false,"footnotes":""},"class_list":["post-28064","page","type-page","status-publish","hentry"],"acf":[],"yoast_head":"<!-- This site is optimized with the Yoast SEO plugin v26.2 - https:\/\/yoast.com\/wordpress\/plugins\/seo\/ -->\n<title>Identity Card | Andrago\u0161ki center Republike Slovenije<\/title>\n<meta name=\"robots\" content=\"index, follow, max-snippet:-1, max-image-preview:large, max-video-preview:-1\" \/>\n<link rel=\"canonical\" href=\"https:\/\/www.acs.si\/en\/about-us\/identity-card\/\" \/>\n<meta property=\"og:locale\" content=\"en_US\" \/>\n<meta property=\"og:type\" content=\"article\" \/>\n<meta property=\"og:title\" content=\"Identity Card | Andrago\u0161ki center Republike Slovenije\" \/>\n<meta property=\"og:description\" content=\"[et_pb_section bb_built=&#8221;1&#8243;][et_pb_row][et_pb_column type=&#8221;4_4&#8243;][et_pb_text _builder_version=&#8221;3.4.1&#8243;] Institution Slovenian Institute for Adult Education\u00a0 (Andrago\u0161ki center Slovenije) Acronym SIAE (ACS) Address Ulica Ambro\u017ei\u010da Novljana...\" \/>\n<meta property=\"og:url\" content=\"https:\/\/www.acs.si\/en\/about-us\/identity-card\/\" \/>\n<meta property=\"og:site_name\" content=\"Andrago\u0161ki center Republike Slovenije\" \/>\n<meta property=\"article:publisher\" content=\"https:\/\/www.facebook.com\/AndragoskiCenterSlovenije\/\" \/>\n<meta property=\"article:modified_time\" content=\"2026-04-02T09:45:09+00:00\" \/>\n<meta name=\"twitter:card\" content=\"summary_large_image\" \/>\n<meta name=\"twitter:label1\" content=\"Est. reading time\" \/>\n\t<meta name=\"twitter:data1\" content=\"1 minute\" \/>\n<script type=\"application\/ld+json\" class=\"yoast-schema-graph\">{\"@context\":\"https:\/\/schema.org\",\"@graph\":[{\"@type\":\"WebPage\",\"@id\":\"https:\/\/www.acs.si\/en\/about-us\/identity-card\/\",\"url\":\"https:\/\/www.acs.si\/en\/about-us\/identity-card\/\",\"name\":\"Identity Card | Andrago\u0161ki center Republike Slovenije\",\"isPartOf\":{\"@id\":\"https:\/\/www.acs.si\/#website\"},\"datePublished\":\"2018-08-30T15:28:26+00:00\",\"dateModified\":\"2026-04-02T09:45:09+00:00\",\"breadcrumb\":{\"@id\":\"https:\/\/www.acs.si\/en\/about-us\/identity-card\/#breadcrumb\"},\"inLanguage\":\"en-US\",\"potentialAction\":[{\"@type\":\"ReadAction\",\"target\":[\"https:\/\/www.acs.si\/en\/about-us\/identity-card\/\"]}]},{\"@type\":\"BreadcrumbList\",\"@id\":\"https:\/\/www.acs.si\/en\/about-us\/identity-card\/#breadcrumb\",\"itemListElement\":[{\"@type\":\"ListItem\",\"position\":1,\"name\":\"Home\",\"item\":\"https:\/\/www.acs.si\/en\/\"},{\"@type\":\"ListItem\",\"position\":2,\"name\":\"About us\",\"item\":\"https:\/\/www.acs.si\/en\/about-us\/\"},{\"@type\":\"ListItem\",\"position\":3,\"name\":\"Identity Card\"}]},{\"@type\":\"WebSite\",\"@id\":\"https:\/\/www.acs.si\/#website\",\"url\":\"https:\/\/www.acs.si\/\",\"name\":\"Andrago\u0161ki center Republike Slovenije\",\"description\":\"\",\"potentialAction\":[{\"@type\":\"SearchAction\",\"target\":{\"@type\":\"EntryPoint\",\"urlTemplate\":\"https:\/\/www.acs.si\/?s={search_term_string}\"},\"query-input\":{\"@type\":\"PropertyValueSpecification\",\"valueRequired\":true,\"valueName\":\"search_term_string\"}}],\"inLanguage\":\"en-US\"}]}<\/script>\n<!-- \/ Yoast SEO plugin. -->","yoast_head_json":{"title":"Identity Card | Andrago\u0161ki center Republike Slovenije","robots":{"index":"index","follow":"follow","max-snippet":"max-snippet:-1","max-image-preview":"max-image-preview:large","max-video-preview":"max-video-preview:-1"},"canonical":"https:\/\/www.acs.si\/en\/about-us\/identity-card\/","og_locale":"en_US","og_type":"article","og_title":"Identity Card | Andrago\u0161ki center Republike Slovenije","og_description":"[et_pb_section bb_built=&#8221;1&#8243;][et_pb_row][et_pb_column type=&#8221;4_4&#8243;][et_pb_text _builder_version=&#8221;3.4.1&#8243;] Institution Slovenian Institute for Adult Education\u00a0 (Andrago\u0161ki center Slovenije) Acronym SIAE (ACS) Address Ulica Ambro\u017ei\u010da Novljana...","og_url":"https:\/\/www.acs.si\/en\/about-us\/identity-card\/","og_site_name":"Andrago\u0161ki center Republike Slovenije","article_publisher":"https:\/\/www.facebook.com\/AndragoskiCenterSlovenije\/","article_modified_time":"2026-04-02T09:45:09+00:00","twitter_card":"summary_large_image","twitter_misc":{"Est. reading time":"1 minute"},"schema":{"@context":"https:\/\/schema.org","@graph":[{"@type":"WebPage","@id":"https:\/\/www.acs.si\/en\/about-us\/identity-card\/","url":"https:\/\/www.acs.si\/en\/about-us\/identity-card\/","name":"Identity Card | Andrago\u0161ki center Republike Slovenije","isPartOf":{"@id":"https:\/\/www.acs.si\/#website"},"datePublished":"2018-08-30T15:28:26+00:00","dateModified":"2026-04-02T09:45:09+00:00","breadcrumb":{"@id":"https:\/\/www.acs.si\/en\/about-us\/identity-card\/#breadcrumb"},"inLanguage":"en-US","potentialAction":[{"@type":"ReadAction","target":["https:\/\/www.acs.si\/en\/about-us\/identity-card\/"]}]},{"@type":"BreadcrumbList","@id":"https:\/\/www.acs.si\/en\/about-us\/identity-card\/#breadcrumb","itemListElement":[{"@type":"ListItem","position":1,"name":"Home","item":"https:\/\/www.acs.si\/en\/"},{"@type":"ListItem","position":2,"name":"About us","item":"https:\/\/www.acs.si\/en\/about-us\/"},{"@type":"ListItem","position":3,"name":"Identity Card"}]},{"@type":"WebSite","@id":"https:\/\/www.acs.si\/#website","url":"https:\/\/www.acs.si\/","name":"Andrago\u0161ki center Republike Slovenije","description":"","potentialAction":[{"@type":"SearchAction","target":{"@type":"EntryPoint","urlTemplate":"https:\/\/www.acs.si\/?s={search_term_string}"},"query-input":{"@type":"PropertyValueSpecification","valueRequired":true,"valueName":"search_term_string"}}],"inLanguage":"en-US"}]}},"_links":{"self":[{"href":"https:\/\/www.acs.si\/en\/wp-json\/wp\/v2\/pages\/28064","targetHints":{"allow":["GET"]}}],"collection":[{"href":"https:\/\/www.acs.si\/en\/wp-json\/wp\/v2\/pages"}],"about":[{"href":"https:\/\/www.acs.si\/en\/wp-json\/wp\/v2\/types\/page"}],"author":[{"embeddable":true,"href":"https:\/\/www.acs.si\/en\/wp-json\/wp\/v2\/users\/161"}],"replies":[{"embeddable":true,"href":"https:\/\/www.acs.si\/en\/wp-json\/wp\/v2\/comments?post=28064"}],"version-history":[{"count":48,"href":"https:\/\/www.acs.si\/en\/wp-json\/wp\/v2\/pages\/28064\/revisions"}],"predecessor-version":[{"id":86511,"href":"https:\/\/www.acs.si\/en\/wp-json\/wp\/v2\/pages\/28064\/revisions\/86511"}],"up":[{"embeddable":true,"href":"https:\/\/www.acs.si\/en\/wp-json\/wp\/v2\/pages\/28058"}],"wp:attachment":[{"href":"https:\/\/www.acs.si\/en\/wp-json\/wp\/v2\/media?parent=28064"}],"curies":[{"name":"wp","href":"https:\/\/api.w.org\/{rel}","templated":true}]}}