{"id":28053,"date":"2018-08-30T15:31:21","date_gmt":"2018-08-30T14:31:21","guid":{"rendered":"http:\/\/www.acs.si\/?page_id=28053"},"modified":"2025-02-07T08:16:20","modified_gmt":"2025-02-07T07:16:20","slug":"organiziranost-in-organi-acs","status":"publish","type":"page","link":"https:\/\/www.acs.si\/en\/about-us\/organiziranost-in-organi-acs\/","title":{"rendered":"Councils"},"content":{"rendered":"<p>[et_pb_section fb_built=&#8221;1&#8243; _builder_version=&#8221;4.16&#8243; global_colors_info=&#8221;{}&#8221;][et_pb_row _builder_version=&#8221;4.16&#8243; background_size=&#8221;initial&#8221; background_position=&#8221;top_left&#8221; background_repeat=&#8221;repeat&#8221; global_colors_info=&#8221;{}&#8221;][et_pb_column type=&#8221;4_4&#8243; _builder_version=&#8221;4.16&#8243; custom_padding=&#8221;|||&#8221; global_colors_info=&#8221;{}&#8221; custom_padding__hover=&#8221;|||&#8221;][et_pb_text _builder_version=&#8221;4.17.2&#8243; background_size=&#8221;initial&#8221; background_position=&#8221;top_left&#8221; background_repeat=&#8221;repeat&#8221; hover_enabled=&#8221;0&#8243; global_colors_info=&#8221;{}&#8221; sticky_enabled=&#8221;0&#8243;]<\/p>\n<h5>Council of the Slovenian Institute for Adult Education<\/h5>\n<ol>\n<li>Dr Nevenka Bogataj, SIAE<\/li>\n<li>Irena Kuntari\u010d Hribar, Ministry of Labour, Family, Social Affairs and Equal Opportunities<\/li>\n<li>Eva Mermolja, representative of the network of educational organizations for adult education<\/li>\n<li>Dr Maja Mezgec, University of Primorska<\/li>\n<li>Zdenka Mili\u010d Kav\u010di\u010d, Ministry of Higher Education, Science and Innovation<\/li>\n<li>Jasmina Ore\u0161nik Cunja, SIAE<\/li>\n<li>Ana Peklenik, SIAE<\/li>\n<li>Dr Tina Toma\u017ei\u010d, Ministry of Education<\/li>\n<li>Dddr Joca Zurc, University of Maribor<\/li>\n<\/ol>\n<p>Three representatives of the founder were appointed by the by the decision of the Government of the Republic of Slovenia on 22 January 2025.<\/p>\n<p>The appointed SIAE Council members have a four year mandate.<\/p>\n<h5>\u00a0<\/h5>\n<h5>Professional Council\u00a0of the Slovenian Institute for Adult Education<\/h5>\n<ol>\n<li>Erika Brenk, SIAE<\/li>\n<li>Andreja Mi\u0161a Hrovath Derganc, Employment Service of the Republic of Slovenia<\/li>\n<li>Dr Andrej Kohont, University of Ljubljana, Faculty of Social Sciences<\/li>\n<li>Brigita Kropu\u0161ek Ranzinger, Adult Education Centre Velenje<\/li>\n<li>Goran Luki\u0107, Workers&#8217; counseling<\/li>\n<li>Jasmina Ore\u0161nik Cunja, SIAE<\/li>\n<li>Dr Nata\u0161a Poto\u010dnik, SIAE<\/li>\n<li>Dare Stojan, Avitel d.o.o.<\/li>\n<li>Tanja Vili\u010d Klenov\u0161ek, MSc, SIAE<\/li>\n<li>Franci Zlatar, Slovene Philanthropy<\/li>\n<li>Natalija \u017dalec, SIAE<\/li>\n<\/ol>\n<p>The decision on the appointment was made at the 11th regular meeting of the SIAE Council on 19 December 2019 in accordance with Article 7 of the Ordinance on establishment of the SIAE and Articles 25 and 26 of the Status of the SIAE, adopted on 31 July 2008.<\/p>\n<p>The appointed Professional Council members have a four year mandate.<\/p>\n<p>[\/et_pb_text][\/et_pb_column][\/et_pb_row][\/et_pb_section]<\/p>\n","protected":false},"excerpt":{"rendered":"<p>Council of the&#8230;<\/p>\n","protected":false},"author":161,"featured_media":0,"parent":28058,"menu_order":40,"comment_status":"closed","ping_status":"closed","template":"","meta":{"_acf_changed":false,"_et_pb_use_builder":"on","_et_pb_old_content":"<p>[et_pb_section bb_built=\"1\"][et_pb_row][et_pb_column type=\"4_4\"][et_pb_text]<\/p><h5>Council of the Slovenian Institute for Adult Education<\/h5><ol><li>Darja \u010cot, Ministry of Labour, Family, Social Affairs and Equal Opportunities<\/li><li>Andreja Dobrovoljc, MSc, SIAE<\/li><li>Katja Dov\u017eak, MSc, Ministry of Education, Science and Sport<\/li><li>Dr Tanja Mo\u017eina, SIAE<\/li><li>Zvonka Pangerc Pahernik, MSc, SIAE<\/li><li>Mihaela Praprotnik,\u00a0Ministry of Education, Science and Sport<\/li><li>Maja Radinovi\u010d Hajdi\u010d, MA,\u00a0representative of the network of educational organizations for adult education<\/li><li>Dr Marko Radovan, University of Ljubljana<\/li><li>Dr Andreja \u0160pernjak, University of Maribor<\/li><\/ol><p>Three representatives of the founder were appointed by the Government of the Republic of Slovenia at its 98th regular meeting on 28 July 2016. The appointed SIAE Council members\u00a0have a four year mandate.<\/p><h5>Professional Council\u00a0of the Slovenian Institute for Adult Education<\/h5><ol><li>Erika Brenk, SIAE<\/li><li>A. Mi\u0161a Hrovath Derganc,\u00a0Employment Service of the Republic of Slovenia<\/li><li>Dr Anita Jug Do\u0161ler, SIAE<\/li><li>Dr Andrej Kohont, University of Ljubljana, Faculty of Social Sciences<\/li><li>Brigita Kropu\u0161ek Ranzinger, Adult Education Centre Velenje<\/li><li>Goran Luki\u0107, Workers' counseling<\/li><li>Jasmina Ore\u0161nik Cunja, SIAE<\/li><li>Andrej Soto\u0161ek, MSc, SIAE<\/li><li>Dare Stojan, Avitel d.o.o.<\/li><li>Tanja Vili\u010d Klenov\u0161ek, SIAE<\/li><li>Franci Zlatar, Slovene Philanthropy<\/li><\/ol><p>The decision on the appointment was made at the 11th regular meeting of the SIAE Council on 19 December 2019 in accordance with Article 7 of the Ordinance on establishment of the SIAE and Articles 25 and 26 of the Status of the SIAE, adopted on 31 July 2008.<\/p><p>The appointed Professional Council members have a four year mandate.<\/p><p>[\/et_pb_text][\/et_pb_column][\/et_pb_row][\/et_pb_section]<\/p>","_et_gb_content_width":"","inline_featured_image":false,"footnotes":""},"class_list":["post-28053","page","type-page","status-publish","hentry"],"acf":[],"yoast_head":"<!-- This site is optimized with the Yoast SEO plugin v26.2 - https:\/\/yoast.com\/wordpress\/plugins\/seo\/ -->\n<title>Councils | Andrago\u0161ki center Republike Slovenije<\/title>\n<meta name=\"robots\" content=\"index, follow, max-snippet:-1, max-image-preview:large, max-video-preview:-1\" \/>\n<link rel=\"canonical\" href=\"https:\/\/www.acs.si\/en\/about-us\/organiziranost-in-organi-acs\/\" \/>\n<meta property=\"og:locale\" content=\"en_US\" \/>\n<meta property=\"og:type\" content=\"article\" \/>\n<meta property=\"og:title\" content=\"Councils | Andrago\u0161ki center Republike Slovenije\" \/>\n<meta property=\"og:description\" content=\"Council of the...\" \/>\n<meta property=\"og:url\" content=\"https:\/\/www.acs.si\/en\/about-us\/organiziranost-in-organi-acs\/\" \/>\n<meta property=\"og:site_name\" content=\"Andrago\u0161ki center Republike Slovenije\" \/>\n<meta property=\"article:publisher\" content=\"https:\/\/www.facebook.com\/AndragoskiCenterSlovenije\/\" \/>\n<meta property=\"article:modified_time\" content=\"2025-02-07T07:16:20+00:00\" \/>\n<meta name=\"twitter:card\" content=\"summary_large_image\" \/>\n<meta name=\"twitter:label1\" content=\"Est. reading time\" \/>\n\t<meta name=\"twitter:data1\" content=\"2 minutes\" \/>\n<script type=\"application\/ld+json\" class=\"yoast-schema-graph\">{\"@context\":\"https:\/\/schema.org\",\"@graph\":[{\"@type\":\"WebPage\",\"@id\":\"https:\/\/www.acs.si\/en\/about-us\/organiziranost-in-organi-acs\/\",\"url\":\"https:\/\/www.acs.si\/en\/about-us\/organiziranost-in-organi-acs\/\",\"name\":\"Councils | Andrago\u0161ki center Republike Slovenije\",\"isPartOf\":{\"@id\":\"https:\/\/www.acs.si\/#website\"},\"datePublished\":\"2018-08-30T14:31:21+00:00\",\"dateModified\":\"2025-02-07T07:16:20+00:00\",\"breadcrumb\":{\"@id\":\"https:\/\/www.acs.si\/en\/about-us\/organiziranost-in-organi-acs\/#breadcrumb\"},\"inLanguage\":\"en-US\",\"potentialAction\":[{\"@type\":\"ReadAction\",\"target\":[\"https:\/\/www.acs.si\/en\/about-us\/organiziranost-in-organi-acs\/\"]}]},{\"@type\":\"BreadcrumbList\",\"@id\":\"https:\/\/www.acs.si\/en\/about-us\/organiziranost-in-organi-acs\/#breadcrumb\",\"itemListElement\":[{\"@type\":\"ListItem\",\"position\":1,\"name\":\"Home\",\"item\":\"https:\/\/www.acs.si\/en\/\"},{\"@type\":\"ListItem\",\"position\":2,\"name\":\"About us\",\"item\":\"https:\/\/www.acs.si\/en\/about-us\/\"},{\"@type\":\"ListItem\",\"position\":3,\"name\":\"Councils\"}]},{\"@type\":\"WebSite\",\"@id\":\"https:\/\/www.acs.si\/#website\",\"url\":\"https:\/\/www.acs.si\/\",\"name\":\"Andrago\u0161ki center Republike Slovenije\",\"description\":\"\",\"potentialAction\":[{\"@type\":\"SearchAction\",\"target\":{\"@type\":\"EntryPoint\",\"urlTemplate\":\"https:\/\/www.acs.si\/?s={search_term_string}\"},\"query-input\":{\"@type\":\"PropertyValueSpecification\",\"valueRequired\":true,\"valueName\":\"search_term_string\"}}],\"inLanguage\":\"en-US\"}]}<\/script>\n<!-- \/ Yoast SEO plugin. -->","yoast_head_json":{"title":"Councils | Andrago\u0161ki center Republike Slovenije","robots":{"index":"index","follow":"follow","max-snippet":"max-snippet:-1","max-image-preview":"max-image-preview:large","max-video-preview":"max-video-preview:-1"},"canonical":"https:\/\/www.acs.si\/en\/about-us\/organiziranost-in-organi-acs\/","og_locale":"en_US","og_type":"article","og_title":"Councils | Andrago\u0161ki center Republike Slovenije","og_description":"Council of the...","og_url":"https:\/\/www.acs.si\/en\/about-us\/organiziranost-in-organi-acs\/","og_site_name":"Andrago\u0161ki center Republike Slovenije","article_publisher":"https:\/\/www.facebook.com\/AndragoskiCenterSlovenije\/","article_modified_time":"2025-02-07T07:16:20+00:00","twitter_card":"summary_large_image","twitter_misc":{"Est. reading time":"2 minutes"},"schema":{"@context":"https:\/\/schema.org","@graph":[{"@type":"WebPage","@id":"https:\/\/www.acs.si\/en\/about-us\/organiziranost-in-organi-acs\/","url":"https:\/\/www.acs.si\/en\/about-us\/organiziranost-in-organi-acs\/","name":"Councils | Andrago\u0161ki center Republike Slovenije","isPartOf":{"@id":"https:\/\/www.acs.si\/#website"},"datePublished":"2018-08-30T14:31:21+00:00","dateModified":"2025-02-07T07:16:20+00:00","breadcrumb":{"@id":"https:\/\/www.acs.si\/en\/about-us\/organiziranost-in-organi-acs\/#breadcrumb"},"inLanguage":"en-US","potentialAction":[{"@type":"ReadAction","target":["https:\/\/www.acs.si\/en\/about-us\/organiziranost-in-organi-acs\/"]}]},{"@type":"BreadcrumbList","@id":"https:\/\/www.acs.si\/en\/about-us\/organiziranost-in-organi-acs\/#breadcrumb","itemListElement":[{"@type":"ListItem","position":1,"name":"Home","item":"https:\/\/www.acs.si\/en\/"},{"@type":"ListItem","position":2,"name":"About us","item":"https:\/\/www.acs.si\/en\/about-us\/"},{"@type":"ListItem","position":3,"name":"Councils"}]},{"@type":"WebSite","@id":"https:\/\/www.acs.si\/#website","url":"https:\/\/www.acs.si\/","name":"Andrago\u0161ki center Republike Slovenije","description":"","potentialAction":[{"@type":"SearchAction","target":{"@type":"EntryPoint","urlTemplate":"https:\/\/www.acs.si\/?s={search_term_string}"},"query-input":{"@type":"PropertyValueSpecification","valueRequired":true,"valueName":"search_term_string"}}],"inLanguage":"en-US"}]}},"_links":{"self":[{"href":"https:\/\/www.acs.si\/en\/wp-json\/wp\/v2\/pages\/28053","targetHints":{"allow":["GET"]}}],"collection":[{"href":"https:\/\/www.acs.si\/en\/wp-json\/wp\/v2\/pages"}],"about":[{"href":"https:\/\/www.acs.si\/en\/wp-json\/wp\/v2\/types\/page"}],"author":[{"embeddable":true,"href":"https:\/\/www.acs.si\/en\/wp-json\/wp\/v2\/users\/161"}],"replies":[{"embeddable":true,"href":"https:\/\/www.acs.si\/en\/wp-json\/wp\/v2\/comments?post=28053"}],"version-history":[{"count":13,"href":"https:\/\/www.acs.si\/en\/wp-json\/wp\/v2\/pages\/28053\/revisions"}],"predecessor-version":[{"id":78224,"href":"https:\/\/www.acs.si\/en\/wp-json\/wp\/v2\/pages\/28053\/revisions\/78224"}],"up":[{"embeddable":true,"href":"https:\/\/www.acs.si\/en\/wp-json\/wp\/v2\/pages\/28058"}],"wp:attachment":[{"href":"https:\/\/www.acs.si\/en\/wp-json\/wp\/v2\/media?parent=28053"}],"curies":[{"name":"wp","href":"https:\/\/api.w.org\/{rel}","templated":true}]}}