{"id":28048,"date":"2018-08-30T14:56:50","date_gmt":"2018-08-30T13:56:50","guid":{"rendered":"http:\/\/www.acs.si\/?page_id=28048"},"modified":"2026-02-05T07:47:11","modified_gmt":"2026-02-05T06:47:11","slug":"library-2","status":"publish","type":"page","link":"https:\/\/www.acs.si\/en\/library-and-resources\/library-2\/","title":{"rendered":"Library"},"content":{"rendered":"<p>[et_pb_section fb_built=&#8221;1&#8243; _builder_version=&#8221;4.16&#8243; global_colors_info=&#8221;{}&#8221;][et_pb_row _builder_version=&#8221;4.16&#8243; background_size=&#8221;initial&#8221; background_position=&#8221;top_left&#8221; background_repeat=&#8221;repeat&#8221; global_colors_info=&#8221;{}&#8221;][et_pb_column type=&#8221;4_4&#8243; _builder_version=&#8221;4.16&#8243; custom_padding=&#8221;|||&#8221; global_colors_info=&#8221;{}&#8221; custom_padding__hover=&#8221;|||&#8221;][et_pb_text _builder_version=&#8221;4.27.5&#8243; hover_enabled=&#8221;0&#8243; global_colors_info=&#8221;{}&#8221; sticky_enabled=&#8221;0&#8243;]<\/p>\n<p><strong>Renting of materials and use of other services<\/strong><\/p>\n<p>You can visit the library every work day, but only after <strong>making an appointment<\/strong> via phone, e-mail <a href=\"https:\/\/www.facebook.com\/ACS.knjiznica\/\">or Facebook<\/a>.<\/p>\n<p><strong>Membership<\/strong><\/p>\n<p>There is no membership or renting fee. An ID must be shown upon registration (ID card, passport or the new drivers licence (with a photo)).<\/p>\n<p><strong>Contact\u00a0<\/strong><\/p>\n<p>Kontaktna oseba:\u00a0<em>Ana Peklenik<\/em><br \/>T: +386 1 5842 575<br \/>E-po\u0161ta:\u00a0<a href=\"mailto:knjiznica@acs.si\">knjiznica@acs.si<\/a><\/p>\n<p>Follow us on our <a href=\"https:\/\/www.facebook.com\/ACS.knjiznica\">Facebook page<\/a>, where we post our new additions and events, share achievements of our associates and offer reading and learning recommendations. We are also always happy to see your comments.<\/p>\n<p>You can also learn about our novelties and events in the <a href=\"https:\/\/enovicke.acs.si\/en\/home\/\" target=\"_blank\" rel=\"noopener noreferrer\">SIAE Newsletter<\/a> under the SIAE Library section, where we present new additions with short presentations and inform you of our other activities.<\/p>\n<p><strong>About the library<\/strong><\/p>\n<p>The SIAE Library is a non-independent special library that operates as part of the Slovenian Institute for Adult Education. Its collection includes mostly materials from the field of adult education and lifelong learning. You can choose from more than 10,000 units of material, including around 9000 books and more than 1000 serial publications. There are also nearly 170 titles of Slovenian and foreign journals and newspapers, with more than 60 subscriptions.<\/p>\n<p>You can also find numerous manuals, glossary, encyclopaedias, etc., read different journals or use computers or tablets. The SIAE Library base is included into the <a href=\"http:\/\/cobiss.izum.si\/\">COBISS\/OPAC<\/a> union bibliographic\/catalogue database. This means that you can also order books from other libraries in Slovenia.<\/p>\n<p>In the library, you can <strong>borrow, read or copy materials<\/strong> (books, journals, audio and video recordings) on:<\/p>\n<ul>\n<li>adult education in different countries,<\/li>\n<li>basic definitions, theories and principles of adult education,<\/li>\n<li>policy, financing and reforms,<\/li>\n<li>organisation of adult education: subjects, personnel, learning processes, teaching methodology, learning materials, efficient learning methods,<\/li>\n<li>adult education centres and similar organisations,<\/li>\n<li>education of special groups of adults: older people, women, unemployed, poorly literate, adults with special needs,<\/li>\n<li>professional and vocational education and training,<\/li>\n<li>tertiary education,<\/li>\n<li>education and training within companies and other organisations.<\/li>\n<\/ul>\n<p><strong>Library users<\/strong><\/p>\n<p>The SIAE Library is well-stocked with professional literature in its field, providing valuable resources to <strong>adult educators<\/strong>. This is your perfect place to prepare for teaching or leafing through interesting literature. You can ask for help and guidance with finding the right resources or ask for an introduction to Slovenian and international databases. As in every library, you can also find materials you need for your work or for your personal enjoyment. You can also find advice on lifelong learning, familiarise yourself with the SIAE activities, arrange to collaborate and participate in raising of the quality of life and of course find the materials you need and are interested in.<\/p>\n<p>The library also offers a lot to <strong>future adult educators \u2013 students<\/strong>. The library offers access to professional resources and can provide you a pleasant and calm space for studying or writing your Bachelor\u2019s or other theses. We can also help you find appropriate materials in our database or in other databases. You can leaf through numerous interesting journals or borrow them for thorough reading. Another advantage of our library is that we can help you contact our researchers or arrange for you to volunteer at the centre, where you can gain main experiences. Last but not least, we can help you familiarise yourself with the SIAE and its activities.<\/p>\n<p>However, we are open to <strong>anybody<\/strong>! We want to offer our users useful information both in the library and in quickly accessible online areas.<\/p>\n<p>&nbsp;<\/p>\n<p>[\/et_pb_text][\/et_pb_column][\/et_pb_row][\/et_pb_section]<\/p>\n","protected":false},"excerpt":{"rendered":"<p>Renting of&#8230;<\/p>\n","protected":false},"author":161,"featured_media":0,"parent":28326,"menu_order":1,"comment_status":"closed","ping_status":"closed","template":"","meta":{"_acf_changed":false,"_et_pb_use_builder":"on","_et_pb_old_content":"<h5>Izposoja gradiva in uporaba drugih storitev<\/h5><p>Knji\u017enico lahko obi\u0161\u010dete vsak delovnik, vendar se morate za obisk <strong>predhodno dogovoriti <\/strong>po telefonu, <a href=\"mailto:simona.kavcic@acs.si\" target=\"_blank\" rel=\"noopener\">e-po\u0161ti<\/a> ali <a href=\"https:\/\/www.facebook.com\/ACS.knjiznica\/\">Facebooku<\/a>.<\/p><h5>\u010clanstvo<\/h5><p>Vpis in izposoja sta brezpla\u010dna. Pri vpisu je treba pokazati osebno izkaznico, potni list ali novo vozni\u0161ko dovoljenje.<\/p><h5>Stik<\/h5><p>Kontaktna oseba: <em>Ana Peklenik<\/em><br \/>T: 01 5842 575<br \/>E-po\u0161ta: <a href=\"mailto:knjiznica@acs.si\">knjiznica@acs.si<\/a><\/p><p>Spremljajte nas na na\u0161i <a href=\"https:\/\/www.facebook.com\/ACS.knjiznica\" target=\"_blank\" rel=\"noopener\">Facebook strani<\/a>, na kateri objavljamo novosti in dogodke, seznanjamo z delom na\u0161ih sodelavcev in ponujamo namige za branje in izobra\u017eevanje. Seveda smo veseli tudi va\u0161ih komentarjev.<\/p><p>Z novostmi in dogodki vas seznanjamo tudi v <a href=\"https:\/\/enovicke.acs.si\/\" target=\"_blank\" rel=\"noopener\">e-Novi\u010dkah<\/a>, kjer v rubriki Knji\u017enica ACS predstavljamo novosti v obliki kratkih predstavitev publikacij ter vas seznanjamo z drugimi dejavnostmi knji\u017enice.<\/p><h5>O knji\u017enici<\/h5><p>Knji\u017enica ACS je nesamostojna specialna knji\u017enica, ki deluje na Andrago\u0161kem centru Slovenije. Vsvoji zbirki hrani predvsem gradiva s podro\u010dja izobra\u017eevanja odraslih in vse\u017eivljenjskega u\u010denja. Izbirate lahko med ve\u010d kot 10.000 enotami gradiva, od tega je slabih 9000 monografskih publikacij in ve\u010d kot 1000 serijskih. Na voljo je skoraj 170 doma\u010dih in tujih revij in \u010dasopisov, od tega ve\u010d kot 60 z rednim dotokom.<\/p><p>Pri nas najdete tudi \u0161tevilne priro\u010dnike, slovarje, enciklopedije ipd., prebirate lahko tudi razli\u010dne revije in uporabljate ra\u010dunalnik in tablice. Fond knji\u017enice ACS je uvr\u0161\u010den v <a href=\"http:\/\/cobiss.izum.si\/\" target=\"_blank\" rel=\"noopener\">COBISS\/OPAC,<\/a> kooperativni bibliografski sistem online. Lahko si torej z medknji\u017eni\u010dno izposojo izposodite knjige iz drugih knji\u017enic po Sloveniji.<\/p><p>V knji\u017enici si lahko <strong>izposodite, preberete ali fotokopirate literaturo<\/strong> (knjige, revije, zvo\u010dne in videoposnetke) o:<\/p><ul><li>izobra\u017eevanju odraslih v posameznih dr\u017eavah,<\/li><li>osnovnih pojmih, teorijah, na\u010delih izobra\u017eevanja odraslih,<\/li><li>politiki, financiranju, reformah,<\/li><li>organizaciji izobra\u017eevanja odraslih: u\u010dnih predmetih, osebju, u\u010dnih postopkih, metodiki pou\u010devanja, u\u010dilih, <span style=\"font-family: arial, helvetica, sans-serif;\">u\u010dinkovitih na\u010dinih u\u010denja,<\/span><\/li><li>ljudskih univerzah, ljudskih visokih \u0161olah in podobnih organizacijah,<\/li><li>izobra\u017eevanju posebnih skupin odraslih: starej\u0161ih, \u017eensk, brezposelnih, manj pismenih, odraslih s posebnimi potrebami,<\/li><li>strokovnem in poklicnem izobra\u017eevanju in usposabljanju,<\/li><li>visoko\u0161olskem izobra\u017eevanju,<\/li><li>izobra\u017eevanju in usposabljanju v podjetjih in drugih organizacijah.<\/li><\/ul><h5>Uporabniki knji\u017enice<\/h5><p>Knji\u017enica ACS je dobro zalo\u017eena s strokovno literaturo svojega podro\u010dja, zato je \u0161e posebej uporabna za <strong>izobra\u017eevalce odraslih<\/strong>. Tu med drugim najdete primeren prostor za pripravo na izobra\u017eevanje in mirno brskanje po literaturi. Obrnete se lahko po pomo\u010d in svetovanje pri iskanju ustreznih virov, lahko tudi povpra\u0161ate in se seznanite z doma\u010dimi in tujimi podatkovnimi bazami. Kot v vsaki knji\u017enici lahko tudi tu poi\u0161\u010dete gradivo, ki ga potrebujete za svoje delo ali zgolj prosti \u010das. Tu najdete nasvete o vse\u017eivljenjskem iskanju znanj, med drugim se lahko spoznate tudi z delom ACS, dogovorite se za sodelovanje in va\u0161 prispevek k dvigovanju kakovosti \u017eivljenja ter seveda najdete gradivo, ki ga potrebujete in vas zanima.<\/p><p>Veliko pa lahko v knji\u017enici najdejo tudi <strong>prihodnji izobra\u017eevalci odraslih, tj. \u0161tudentje<\/strong>.V knji\u017enici lahko dostopate do strokovnega gradiva in koristite lahko prijeten in miren prostor za \u0161tudij ter pisanje diplomskih in drugih nalog. Ponudimo vam tudi pomo\u010d pri iskanju ustreznega gradiva v doma\u010di bazi, pa tudi v tujih podatkovnih bazah. Mirno lahko prelistate \u0161tevilne zanimive revije ali si jih izposodite na dom. Dodatna prednost na\u0161e knji\u017enice je tudi ta, da lahko preko nas v stik lahko pridete z na\u0161imi raziskovalci ali se dogovorite za morebitno prostovoljno delo na centru, s \u010dimer pridobite bogate izku\u0161nje. Ne nazadnje lahko tu spoznate ACS in njegovo delovanje.<\/p><p>Obi\u0161\u010de pa nas seveda lahko <strong>kdorkoli<\/strong>! Svojim uporabnikom \u017eelimo ponuditi koristne informacije tako v knji\u017enici kot tudi na hitro dostopnih mestih.<\/p><h5>Datoteke:<\/h5><p><a href=\"https:\/\/www.acs.si\/wp-content\/uploads\/2017\/12\/160_Pravilnik_o_delu_knjiznice_ACS.pdf\" target=\"_blank\" rel=\"noopener\">Pravilnik o delu knji\u017enice ACS<\/a><\/p><h5>Galerija:<\/h5><p>[gallery link=\"file\" size=\"medium\" ids=\"3231,3251,3241\"]<\/p>","_et_gb_content_width":"","inline_featured_image":false,"footnotes":""},"class_list":["post-28048","page","type-page","status-publish","hentry"],"acf":[],"yoast_head":"<!-- This site is optimized with the Yoast SEO plugin v26.2 - https:\/\/yoast.com\/wordpress\/plugins\/seo\/ -->\n<title>Library | Andrago\u0161ki center Republike Slovenije<\/title>\n<meta name=\"robots\" content=\"index, follow, max-snippet:-1, max-image-preview:large, max-video-preview:-1\" \/>\n<link rel=\"canonical\" href=\"https:\/\/www.acs.si\/en\/library-and-resources\/library-2\/\" \/>\n<meta property=\"og:locale\" content=\"en_US\" \/>\n<meta property=\"og:type\" content=\"article\" \/>\n<meta property=\"og:title\" content=\"Library | Andrago\u0161ki center Republike Slovenije\" \/>\n<meta property=\"og:description\" content=\"Renting of...\" \/>\n<meta property=\"og:url\" content=\"https:\/\/www.acs.si\/en\/library-and-resources\/library-2\/\" \/>\n<meta property=\"og:site_name\" content=\"Andrago\u0161ki center Republike Slovenije\" \/>\n<meta property=\"article:publisher\" content=\"https:\/\/www.facebook.com\/AndragoskiCenterSlovenije\/\" \/>\n<meta property=\"article:modified_time\" content=\"2026-02-05T06:47:11+00:00\" \/>\n<meta name=\"twitter:card\" content=\"summary_large_image\" \/>\n<meta name=\"twitter:label1\" content=\"Est. reading time\" \/>\n\t<meta name=\"twitter:data1\" content=\"4 minutes\" \/>\n<script type=\"application\/ld+json\" class=\"yoast-schema-graph\">{\"@context\":\"https:\/\/schema.org\",\"@graph\":[{\"@type\":\"WebPage\",\"@id\":\"https:\/\/www.acs.si\/en\/library-and-resources\/library-2\/\",\"url\":\"https:\/\/www.acs.si\/en\/library-and-resources\/library-2\/\",\"name\":\"Library | Andrago\u0161ki center Republike Slovenije\",\"isPartOf\":{\"@id\":\"https:\/\/www.acs.si\/#website\"},\"datePublished\":\"2018-08-30T13:56:50+00:00\",\"dateModified\":\"2026-02-05T06:47:11+00:00\",\"breadcrumb\":{\"@id\":\"https:\/\/www.acs.si\/en\/library-and-resources\/library-2\/#breadcrumb\"},\"inLanguage\":\"en-US\",\"potentialAction\":[{\"@type\":\"ReadAction\",\"target\":[\"https:\/\/www.acs.si\/en\/library-and-resources\/library-2\/\"]}]},{\"@type\":\"BreadcrumbList\",\"@id\":\"https:\/\/www.acs.si\/en\/library-and-resources\/library-2\/#breadcrumb\",\"itemListElement\":[{\"@type\":\"ListItem\",\"position\":1,\"name\":\"Home\",\"item\":\"https:\/\/www.acs.si\/en\/\"},{\"@type\":\"ListItem\",\"position\":2,\"name\":\"Library and Resources\",\"item\":\"https:\/\/www.acs.si\/en\/library-and-resources\/\"},{\"@type\":\"ListItem\",\"position\":3,\"name\":\"Library\"}]},{\"@type\":\"WebSite\",\"@id\":\"https:\/\/www.acs.si\/#website\",\"url\":\"https:\/\/www.acs.si\/\",\"name\":\"Andrago\u0161ki center Republike Slovenije\",\"description\":\"\",\"potentialAction\":[{\"@type\":\"SearchAction\",\"target\":{\"@type\":\"EntryPoint\",\"urlTemplate\":\"https:\/\/www.acs.si\/?s={search_term_string}\"},\"query-input\":{\"@type\":\"PropertyValueSpecification\",\"valueRequired\":true,\"valueName\":\"search_term_string\"}}],\"inLanguage\":\"en-US\"}]}<\/script>\n<!-- \/ Yoast SEO plugin. -->","yoast_head_json":{"title":"Library | Andrago\u0161ki center Republike Slovenije","robots":{"index":"index","follow":"follow","max-snippet":"max-snippet:-1","max-image-preview":"max-image-preview:large","max-video-preview":"max-video-preview:-1"},"canonical":"https:\/\/www.acs.si\/en\/library-and-resources\/library-2\/","og_locale":"en_US","og_type":"article","og_title":"Library | Andrago\u0161ki center Republike Slovenije","og_description":"Renting of...","og_url":"https:\/\/www.acs.si\/en\/library-and-resources\/library-2\/","og_site_name":"Andrago\u0161ki center Republike Slovenije","article_publisher":"https:\/\/www.facebook.com\/AndragoskiCenterSlovenije\/","article_modified_time":"2026-02-05T06:47:11+00:00","twitter_card":"summary_large_image","twitter_misc":{"Est. reading time":"4 minutes"},"schema":{"@context":"https:\/\/schema.org","@graph":[{"@type":"WebPage","@id":"https:\/\/www.acs.si\/en\/library-and-resources\/library-2\/","url":"https:\/\/www.acs.si\/en\/library-and-resources\/library-2\/","name":"Library | Andrago\u0161ki center Republike Slovenije","isPartOf":{"@id":"https:\/\/www.acs.si\/#website"},"datePublished":"2018-08-30T13:56:50+00:00","dateModified":"2026-02-05T06:47:11+00:00","breadcrumb":{"@id":"https:\/\/www.acs.si\/en\/library-and-resources\/library-2\/#breadcrumb"},"inLanguage":"en-US","potentialAction":[{"@type":"ReadAction","target":["https:\/\/www.acs.si\/en\/library-and-resources\/library-2\/"]}]},{"@type":"BreadcrumbList","@id":"https:\/\/www.acs.si\/en\/library-and-resources\/library-2\/#breadcrumb","itemListElement":[{"@type":"ListItem","position":1,"name":"Home","item":"https:\/\/www.acs.si\/en\/"},{"@type":"ListItem","position":2,"name":"Library and Resources","item":"https:\/\/www.acs.si\/en\/library-and-resources\/"},{"@type":"ListItem","position":3,"name":"Library"}]},{"@type":"WebSite","@id":"https:\/\/www.acs.si\/#website","url":"https:\/\/www.acs.si\/","name":"Andrago\u0161ki center Republike Slovenije","description":"","potentialAction":[{"@type":"SearchAction","target":{"@type":"EntryPoint","urlTemplate":"https:\/\/www.acs.si\/?s={search_term_string}"},"query-input":{"@type":"PropertyValueSpecification","valueRequired":true,"valueName":"search_term_string"}}],"inLanguage":"en-US"}]}},"_links":{"self":[{"href":"https:\/\/www.acs.si\/en\/wp-json\/wp\/v2\/pages\/28048","targetHints":{"allow":["GET"]}}],"collection":[{"href":"https:\/\/www.acs.si\/en\/wp-json\/wp\/v2\/pages"}],"about":[{"href":"https:\/\/www.acs.si\/en\/wp-json\/wp\/v2\/types\/page"}],"author":[{"embeddable":true,"href":"https:\/\/www.acs.si\/en\/wp-json\/wp\/v2\/users\/161"}],"replies":[{"embeddable":true,"href":"https:\/\/www.acs.si\/en\/wp-json\/wp\/v2\/comments?post=28048"}],"version-history":[{"count":4,"href":"https:\/\/www.acs.si\/en\/wp-json\/wp\/v2\/pages\/28048\/revisions"}],"predecessor-version":[{"id":85279,"href":"https:\/\/www.acs.si\/en\/wp-json\/wp\/v2\/pages\/28048\/revisions\/85279"}],"up":[{"embeddable":true,"href":"https:\/\/www.acs.si\/en\/wp-json\/wp\/v2\/pages\/28326"}],"wp:attachment":[{"href":"https:\/\/www.acs.si\/en\/wp-json\/wp\/v2\/media?parent=28048"}],"curies":[{"name":"wp","href":"https:\/\/api.w.org\/{rel}","templated":true}]}}