{"id":28032,"date":"2018-08-29T17:01:53","date_gmt":"2018-08-29T16:01:53","guid":{"rendered":"http:\/\/www.acs.si\/?page_id=28032"},"modified":"2021-03-17T07:44:04","modified_gmt":"2021-03-17T06:44:04","slug":"e-corner-on-e-learning","status":"publish","type":"page","link":"https:\/\/www.acs.si\/en\/fields-of-work\/podpora-sistemu\/e-corner-on-e-learning\/","title":{"rendered":"e-Corner on e-Learning"},"content":{"rendered":"<p>[et_pb_section fb_built=&#8221;1&#8243; _builder_version=&#8221;3.22&#8243; custom_padding=&#8221;0px|||&#8221;][et_pb_row make_equal=&#8221;on&#8221; module_class=&#8221;logo-img-cont &#8221; _builder_version=&#8221;3.25&#8243; custom_margin=&#8221;||20px|&#8221; custom_padding=&#8221;0px||0px|&#8221; border_width_all=&#8221;1px&#8221; border_color_all=&#8221;#cdd1d6&#8243;][et_pb_column type=&#8221;4_4&#8243; _builder_version=&#8221;3.25&#8243; custom_padding=&#8221;|||&#8221; custom_padding__hover=&#8221;|||&#8221;][et_pb_text _builder_version=&#8221;4.7.4&#8243; custom_padding=&#8221;20px|20px|20px|20px&#8221; hover_enabled=&#8221;0&#8243; border_width_left=&#8221;1px&#8221; border_color_left=&#8221;#cdd1d6&#8243; sticky_enabled=&#8221;0&#8243;]<\/p>\n<p>&nbsp;<\/p>\n<table class=\"projektTable\" style=\"height: 212px;\">\n<tbody>\n<tr style=\"height: 47px;\">\n<td style=\"height: 47px;\"><strong>Activity<\/strong><\/td>\n<td style=\"height: 47px;\">e-Corner on e-Learning<\/td>\n<\/tr>\n<tr style=\"height: 23px;\">\n<td style=\"height: 23px;\"><strong>Time period<\/strong><\/td>\n<td style=\"height: 23px;\">Since 2012<\/td>\n<\/tr>\n<tr style=\"height: 71px;\">\n<td style=\"height: 71px;\"><strong>Financed by<\/strong><\/td>\n<td style=\"height: 71px;\">\n<p><span style=\"font-family: inherit; font-size: inherit;\">Ministry of Education, Science and Sport\u00a0<\/span><\/p>\n<\/td>\n<\/tr>\n<tr style=\"height: 71px;\">\n<td style=\"height: 71px;\"><strong>Contact<\/strong><\/td>\n<td style=\"height: 71px;\">Margerita Zagmajster, MSc<br \/>T: +386 1 5842 563<br \/>E: <a href=\"mailto:margerita.zagmajster@acs.si\">margerita.zagmajster@acs.si<\/a><\/td>\n<\/tr>\n<\/tbody>\n<\/table>\n<p>&nbsp;<\/p>\n<p>[\/et_pb_text][\/et_pb_column][\/et_pb_row][et_pb_row _builder_version=&#8221;3.25&#8243; background_size=&#8221;initial&#8221; background_position=&#8221;top_left&#8221; background_repeat=&#8221;repeat&#8221;][et_pb_column type=&#8221;4_4&#8243; _builder_version=&#8221;3.25&#8243; custom_padding=&#8221;|||&#8221; custom_padding__hover=&#8221;|||&#8221;][et_pb_text admin_label=&#8221;Namen&#8221; _builder_version=&#8221;3.27.4&#8243; text_font_size=&#8221;10px&#8221; header_5_text_color=&#8221;#ffffff&#8221; header_5_font_size=&#8221;17px&#8221; header_5_line_height=&#8221;27px&#8221; custom_margin=&#8221;||0px|&#8221; custom_padding=&#8221;||0px|&#8221;]<\/p>\n<p>&nbsp;<\/p>\n<h5 class=\"purple\">AIM<\/h5>\n<p>The aim of the project is to promote development of e-learning in adult education.<\/p>\n<p>[\/et_pb_text][\/et_pb_column][\/et_pb_row][et_pb_row _builder_version=&#8221;3.25&#8243; background_size=&#8221;initial&#8221; background_position=&#8221;top_left&#8221; background_repeat=&#8221;repeat&#8221;][et_pb_column type=&#8221;4_4&#8243; _builder_version=&#8221;3.25&#8243; custom_padding=&#8221;|||&#8221; custom_padding__hover=&#8221;|||&#8221;][et_pb_text admin_label=&#8221;Cilji&#8221; _builder_version=&#8221;3.27.4&#8243; text_font_size=&#8221;10px&#8221; header_5_text_color=&#8221;#ffffff&#8221; header_5_font_size=&#8221;17px&#8221; header_5_line_height=&#8221;27px&#8221; custom_margin=&#8221;||0px|&#8221; custom_padding=&#8221;||0px|&#8221;]<\/p>\n<p>&nbsp;<\/p>\n<h5 class=\"purple\">OBJECTIVES<\/h5>\n<p>The main goal is to ensure systematic access to up-to-date information and knowledge resources from the field of e-learning and partially from the field of ICT use in education, which are collected in one place.<\/p>\n<p>[\/et_pb_text][\/et_pb_column][\/et_pb_row][et_pb_row _builder_version=&#8221;3.25&#8243; background_size=&#8221;initial&#8221; background_position=&#8221;top_left&#8221; background_repeat=&#8221;repeat&#8221;][et_pb_column type=&#8221;4_4&#8243; _builder_version=&#8221;3.25&#8243; custom_padding=&#8221;|||&#8221; custom_padding__hover=&#8221;|||&#8221;][et_pb_text admin_label=&#8221;Opis&#8221; _builder_version=&#8221;4.7.4&#8243; text_font_size=&#8221;10px&#8221; header_5_text_color=&#8221;#ffffff&#8221; header_5_font_size=&#8221;17px&#8221; header_5_line_height=&#8221;27px&#8221; custom_margin=&#8221;||0px|&#8221; custom_padding=&#8221;||0px|&#8221; hover_enabled=&#8221;0&#8243; sticky_enabled=&#8221;0&#8243;]<\/p>\n<p>&nbsp;<\/p>\n<h5 class=\"purple\">DESCRIPTION<\/h5>\n<p>In the e-Corner, we present up-to-date relevant information and resources from the field of e-learning and partially from the field of ICT use in education provided by different international organisations (e.g. EDEN, ICDE, EADTU) or gathered via e-journals\u00a0and searching for information through Google.\u00a0The information and the online knowledge resources are divided into thematic sets and subsets that are changed or completed as necessary.<\/p>\n<p>[\/et_pb_text][\/et_pb_column][\/et_pb_row][et_pb_row _builder_version=&#8221;3.25&#8243; background_size=&#8221;initial&#8221; background_position=&#8221;top_left&#8221; background_repeat=&#8221;repeat&#8221;][et_pb_column type=&#8221;4_4&#8243; _builder_version=&#8221;3.25&#8243; custom_padding=&#8221;|||&#8221; custom_padding__hover=&#8221;|||&#8221;][et_pb_text admin_label=&#8221;Aktivnost&#8221; _builder_version=&#8221;3.27.4&#8243; text_font_size=&#8221;10px&#8221; header_5_text_color=&#8221;#ffffff&#8221; header_5_font_size=&#8221;17px&#8221; header_5_line_height=&#8221;27px&#8221; custom_margin=&#8221;||0px|&#8221; custom_padding=&#8221;||0px|&#8221;]<\/p>\n<p>&nbsp;<\/p>\n<h5 class=\"purple\">ACTIVITIES<\/h5>\n<ul>\n<li>Monitoring and reviewing different online knowledge resources from the e-learning field;<\/li>\n<li>Selection and posting of new links from the e-learning field in the e-Corner;<\/li>\n<li>Deletion of obsolete links.<\/li>\n<\/ul>\n<p>[\/et_pb_text][\/et_pb_column][\/et_pb_row][et_pb_row _builder_version=&#8221;3.25&#8243; background_size=&#8221;initial&#8221; background_position=&#8221;top_left&#8221; background_repeat=&#8221;repeat&#8221;][et_pb_column type=&#8221;4_4&#8243; _builder_version=&#8221;3.25&#8243; custom_padding=&#8221;|||&#8221; custom_padding__hover=&#8221;|||&#8221;][et_pb_text admin_label=&#8221;Klju\u010dni dose\u017eki&#8221; _builder_version=&#8221;4.7.4&#8243; text_font_size=&#8221;10px&#8221; header_5_text_color=&#8221;#ffffff&#8221; header_5_font_size=&#8221;17px&#8221; header_5_line_height=&#8221;27px&#8221; custom_margin=&#8221;||0px|&#8221; custom_padding=&#8221;||0px|&#8221; hover_enabled=&#8221;0&#8243; sticky_enabled=&#8221;0&#8243;]<\/p>\n<p>&nbsp;<\/p>\n<h5 class=\"purple\">KEY ACHIEVEMENTS<\/h5>\n<p>More than 900 online learning resources in the e-Corner.<\/p>\n<p>[\/et_pb_text][\/et_pb_column][\/et_pb_row][\/et_pb_section]<\/p>\n","protected":false},"excerpt":{"rendered":"<p>&nbsp; Activity&#8230;<\/p>\n","protected":false},"author":161,"featured_media":0,"parent":27419,"menu_order":0,"comment_status":"closed","ping_status":"closed","template":"page_projekt.php","meta":{"_acf_changed":false,"_et_pb_use_builder":"on","_et_pb_old_content":"FOTOGRAFIJA \r\n\r\n<table class=\"projektTableNew\">\r\n<tbody>\r\n<tr>\r\n\t\t\t<td>Naziv projekta:<\/td>\r\n\t\t\t<td>E-koti\u010dek o e-izobra\u017eevanju<\/td>\r\n\t\t<\/tr>\r\n\t\t<tr>\r\n\t\t\t<td>\u010casovni okvir:<\/td>\r\n\t\t\t<td>2012-<\/td>\r\n\t\t<\/tr>\r\n\t\t<tr>\r\n\t\t\t<td>Financer:<\/td>\r\n\t\t\t<td>Ministrstvo za delo, dru\u017eino, socialne zadeve in enake mo\u017enosti, Mednarodni projekt Uresni\u010devanje prenovljenega Evropskega programa za u\u010denje odraslih 2012\u20132014 v Sloveniji<\/td>\r\n\t\t<\/tr>\r\n<tr>\r\n\t\t\t<td>Kontaktna oseba:<\/td>\r\n\t\t\t<td>Mag. Margerita Zagmajster  (T: 01 5842 563 , E: <a href=\"mailto:margerita.zagmajster@acs.si\">margerita.zagmajster@acs.si<\/a>) <\/td>\r\n\t\t<\/tr>\r\n<\/tbody>\r\n<\/table>\r\n\r\n\r\n<a href=\"http:\/\/tvu.acs.si\/paradaucenja\/ekoticek\/\" rel=\"noopener\" target=\"_blank\">http:\/\/tvu.acs.si\/paradaucenja\/ekoticek\/<\/a>\r\n\r\n\r\n\r\n\r\n[accordion]\r\n[accordion-item title=\"Namen\"]Spodbujati razvoj e-izobra\u017eevanja v izobra\u017eevanju odraslih.\r\n[\/accordion-item]\r\n[\/accordion]\r\n\r\n[accordion]\r\n[accordion-item title=\"Cilji\"]Sistemati\u010dno zagotavljanje dostopa do a\u017eurnih informacij in virov znanja s podro\u010dja e-izobra\u017eevanja in deloma tudi s podro\u010dja uporabe sodobne IKT v izobra\u017eevanju na enem mestu na spletu.\r\n[\/accordion-item]\r\n[\/accordion]\r\n\r\n[accordion]\r\n[accordion-item title=\"Opis\"]V e-koti\u010dku prikazujemo a\u017eurne in relevantne informacije in vire znanja s podro\u010dja e-izobra\u017eevanja in deloma tudi s podro\u010dja uporabe IKT v izobra\u017eevanju, ki nam jih posredujejo razli\u010dne mednarodne organizacije (npr. EDEN, ICDE, EADTU) ali pa jih pridobimo preko elektronskih revij, Facebook-a ipd. V e-koti\u010dku so informacije in spletni viri znanja prikazani v okviru razli\u010dnih vsebinskih sklopov in podsklopov, ki jih po potrebi spreminjamo oziroma dopolnjujemo. \r\n[\/accordion-item]\r\n[\/accordion]\r\n\r\n[accordion]\r\n[accordion-item title=\"Aktivnosti\"]\r\n<ul>\r\n<li>Spremljanje in pregledovanje razli\u010dnih spletnih virov znanja s podro\u010dja e-izobra\u017eevanja,<\/li>\r\n<li>Selekcija in objavljanje novih spletnih povezav s podro\u010dja e-izobra\u017eevanja v e-koti\u010dku,<\/li>\r\n<li>Brisanje zastarelih spletnih povezav<\/li> <\/ul>\r\n[\/accordion-item]\r\n[\/accordion]\r\n\r\n[accordion]\r\n[accordion-item title=\"Klju\u010dni dose\u017eki\"]Ve\u010d kot 800 spletnih virov znanja v e-koti\u010dku.\r\n[\/accordion-item]\r\n[\/accordion]","_et_gb_content_width":"","inline_featured_image":false,"footnotes":""},"class_list":["post-28032","page","type-page","status-publish","hentry"],"acf":[],"yoast_head":"<!-- This site is optimized with the Yoast SEO plugin v26.2 - https:\/\/yoast.com\/wordpress\/plugins\/seo\/ -->\n<title>e-Corner on e-Learning | Andrago\u0161ki center Republike Slovenije<\/title>\n<meta name=\"robots\" content=\"index, follow, max-snippet:-1, max-image-preview:large, max-video-preview:-1\" \/>\n<link rel=\"canonical\" href=\"https:\/\/www.acs.si\/en\/fields-of-work\/podpora-sistemu\/e-corner-on-e-learning\/\" \/>\n<meta property=\"og:locale\" content=\"en_US\" \/>\n<meta property=\"og:type\" content=\"article\" \/>\n<meta property=\"og:title\" content=\"e-Corner on e-Learning | Andrago\u0161ki center Republike Slovenije\" \/>\n<meta property=\"og:description\" content=\"&nbsp; Activity...\" \/>\n<meta property=\"og:url\" content=\"https:\/\/www.acs.si\/en\/fields-of-work\/podpora-sistemu\/e-corner-on-e-learning\/\" \/>\n<meta property=\"og:site_name\" content=\"Andrago\u0161ki center Republike Slovenije\" \/>\n<meta property=\"article:publisher\" content=\"https:\/\/www.facebook.com\/AndragoskiCenterSlovenije\/\" \/>\n<meta property=\"article:modified_time\" content=\"2021-03-17T06:44:04+00:00\" \/>\n<meta name=\"twitter:card\" content=\"summary_large_image\" \/>\n<meta name=\"twitter:label1\" content=\"Est. reading time\" \/>\n\t<meta name=\"twitter:data1\" content=\"3 minutes\" \/>\n<script type=\"application\/ld+json\" class=\"yoast-schema-graph\">{\"@context\":\"https:\/\/schema.org\",\"@graph\":[{\"@type\":\"WebPage\",\"@id\":\"https:\/\/www.acs.si\/en\/fields-of-work\/podpora-sistemu\/e-corner-on-e-learning\/\",\"url\":\"https:\/\/www.acs.si\/en\/fields-of-work\/podpora-sistemu\/e-corner-on-e-learning\/\",\"name\":\"e-Corner on e-Learning | Andrago\u0161ki center Republike Slovenije\",\"isPartOf\":{\"@id\":\"https:\/\/www.acs.si\/#website\"},\"datePublished\":\"2018-08-29T16:01:53+00:00\",\"dateModified\":\"2021-03-17T06:44:04+00:00\",\"breadcrumb\":{\"@id\":\"https:\/\/www.acs.si\/en\/fields-of-work\/podpora-sistemu\/e-corner-on-e-learning\/#breadcrumb\"},\"inLanguage\":\"en-US\",\"potentialAction\":[{\"@type\":\"ReadAction\",\"target\":[\"https:\/\/www.acs.si\/en\/fields-of-work\/podpora-sistemu\/e-corner-on-e-learning\/\"]}]},{\"@type\":\"BreadcrumbList\",\"@id\":\"https:\/\/www.acs.si\/en\/fields-of-work\/podpora-sistemu\/e-corner-on-e-learning\/#breadcrumb\",\"itemListElement\":[{\"@type\":\"ListItem\",\"position\":1,\"name\":\"Home\",\"item\":\"https:\/\/www.acs.si\/en\/\"},{\"@type\":\"ListItem\",\"position\":2,\"name\":\"Fields of Work\",\"item\":\"https:\/\/www.acs.si\/en\/fields-of-work\/\"},{\"@type\":\"ListItem\",\"position\":3,\"name\":\"System support\",\"item\":\"https:\/\/www.acs.si\/en\/fields-of-work\/podpora-sistemu\/\"},{\"@type\":\"ListItem\",\"position\":4,\"name\":\"e-Corner on e-Learning\"}]},{\"@type\":\"WebSite\",\"@id\":\"https:\/\/www.acs.si\/#website\",\"url\":\"https:\/\/www.acs.si\/\",\"name\":\"Andrago\u0161ki center Republike Slovenije\",\"description\":\"\",\"potentialAction\":[{\"@type\":\"SearchAction\",\"target\":{\"@type\":\"EntryPoint\",\"urlTemplate\":\"https:\/\/www.acs.si\/?s={search_term_string}\"},\"query-input\":{\"@type\":\"PropertyValueSpecification\",\"valueRequired\":true,\"valueName\":\"search_term_string\"}}],\"inLanguage\":\"en-US\"}]}<\/script>\n<!-- \/ Yoast SEO plugin. -->","yoast_head_json":{"title":"e-Corner on e-Learning | Andrago\u0161ki center Republike Slovenije","robots":{"index":"index","follow":"follow","max-snippet":"max-snippet:-1","max-image-preview":"max-image-preview:large","max-video-preview":"max-video-preview:-1"},"canonical":"https:\/\/www.acs.si\/en\/fields-of-work\/podpora-sistemu\/e-corner-on-e-learning\/","og_locale":"en_US","og_type":"article","og_title":"e-Corner on e-Learning | Andrago\u0161ki center Republike Slovenije","og_description":"&nbsp; Activity...","og_url":"https:\/\/www.acs.si\/en\/fields-of-work\/podpora-sistemu\/e-corner-on-e-learning\/","og_site_name":"Andrago\u0161ki center Republike Slovenije","article_publisher":"https:\/\/www.facebook.com\/AndragoskiCenterSlovenije\/","article_modified_time":"2021-03-17T06:44:04+00:00","twitter_card":"summary_large_image","twitter_misc":{"Est. reading time":"3 minutes"},"schema":{"@context":"https:\/\/schema.org","@graph":[{"@type":"WebPage","@id":"https:\/\/www.acs.si\/en\/fields-of-work\/podpora-sistemu\/e-corner-on-e-learning\/","url":"https:\/\/www.acs.si\/en\/fields-of-work\/podpora-sistemu\/e-corner-on-e-learning\/","name":"e-Corner on e-Learning | Andrago\u0161ki center Republike Slovenije","isPartOf":{"@id":"https:\/\/www.acs.si\/#website"},"datePublished":"2018-08-29T16:01:53+00:00","dateModified":"2021-03-17T06:44:04+00:00","breadcrumb":{"@id":"https:\/\/www.acs.si\/en\/fields-of-work\/podpora-sistemu\/e-corner-on-e-learning\/#breadcrumb"},"inLanguage":"en-US","potentialAction":[{"@type":"ReadAction","target":["https:\/\/www.acs.si\/en\/fields-of-work\/podpora-sistemu\/e-corner-on-e-learning\/"]}]},{"@type":"BreadcrumbList","@id":"https:\/\/www.acs.si\/en\/fields-of-work\/podpora-sistemu\/e-corner-on-e-learning\/#breadcrumb","itemListElement":[{"@type":"ListItem","position":1,"name":"Home","item":"https:\/\/www.acs.si\/en\/"},{"@type":"ListItem","position":2,"name":"Fields of Work","item":"https:\/\/www.acs.si\/en\/fields-of-work\/"},{"@type":"ListItem","position":3,"name":"System support","item":"https:\/\/www.acs.si\/en\/fields-of-work\/podpora-sistemu\/"},{"@type":"ListItem","position":4,"name":"e-Corner on e-Learning"}]},{"@type":"WebSite","@id":"https:\/\/www.acs.si\/#website","url":"https:\/\/www.acs.si\/","name":"Andrago\u0161ki center Republike Slovenije","description":"","potentialAction":[{"@type":"SearchAction","target":{"@type":"EntryPoint","urlTemplate":"https:\/\/www.acs.si\/?s={search_term_string}"},"query-input":{"@type":"PropertyValueSpecification","valueRequired":true,"valueName":"search_term_string"}}],"inLanguage":"en-US"}]}},"_links":{"self":[{"href":"https:\/\/www.acs.si\/en\/wp-json\/wp\/v2\/pages\/28032","targetHints":{"allow":["GET"]}}],"collection":[{"href":"https:\/\/www.acs.si\/en\/wp-json\/wp\/v2\/pages"}],"about":[{"href":"https:\/\/www.acs.si\/en\/wp-json\/wp\/v2\/types\/page"}],"author":[{"embeddable":true,"href":"https:\/\/www.acs.si\/en\/wp-json\/wp\/v2\/users\/161"}],"replies":[{"embeddable":true,"href":"https:\/\/www.acs.si\/en\/wp-json\/wp\/v2\/comments?post=28032"}],"version-history":[{"count":7,"href":"https:\/\/www.acs.si\/en\/wp-json\/wp\/v2\/pages\/28032\/revisions"}],"predecessor-version":[{"id":39822,"href":"https:\/\/www.acs.si\/en\/wp-json\/wp\/v2\/pages\/28032\/revisions\/39822"}],"up":[{"embeddable":true,"href":"https:\/\/www.acs.si\/en\/wp-json\/wp\/v2\/pages\/27419"}],"wp:attachment":[{"href":"https:\/\/www.acs.si\/en\/wp-json\/wp\/v2\/media?parent=28032"}],"curies":[{"name":"wp","href":"https:\/\/api.w.org\/{rel}","templated":true}]}}