{"id":28026,"date":"2018-08-29T16:40:39","date_gmt":"2018-08-29T15:40:39","guid":{"rendered":"http:\/\/www.acs.si\/?page_id=28026"},"modified":"2024-09-06T09:21:55","modified_gmt":"2024-09-06T07:21:55","slug":"training-of-members-of-commissions-for-verification-and-certification-of-national-vocational-qualifications","status":"publish","type":"page","link":"https:\/\/www.acs.si\/en\/projects\/other-activities\/training-of-members-of-commissions-for-verification-and-certification-of-national-vocational-qualifications\/","title":{"rendered":"Training of members of commissions for verification and certification of national vocational qualifications"},"content":{"rendered":"<p>[et_pb_section fb_built=&#8221;1&#8243; _builder_version=&#8221;4.16&#8243; custom_padding=&#8221;0px|||&#8221; global_colors_info=&#8221;{}&#8221;][et_pb_row make_equal=&#8221;on&#8221; module_class=&#8221;logo-img-cont &#8221; _builder_version=&#8221;4.16&#8243; custom_margin=&#8221;||20px|&#8221; custom_padding=&#8221;0px||0px|&#8221; border_width_all=&#8221;1px&#8221; border_color_all=&#8221;#cdd1d6&#8243; global_colors_info=&#8221;{}&#8221;][et_pb_column type=&#8221;4_4&#8243; _builder_version=&#8221;4.16&#8243; custom_padding=&#8221;|||&#8221; global_colors_info=&#8221;{}&#8221; custom_padding__hover=&#8221;|||&#8221;][et_pb_text _builder_version=&#8221;4.16&#8243; custom_padding=&#8221;20px|20px|20px|20px&#8221; border_width_left=&#8221;1px&#8221; border_color_left=&#8221;#cdd1d6&#8243; global_colors_info=&#8221;{}&#8221;]<\/p>\n<p>&nbsp;<\/p>\n<table class=\"projektTable\" style=\"height: 212px;\">\n<tbody>\n<tr style=\"height: 95px;\">\n<td style=\"height: 95px;\">Activity<\/td>\n<td style=\"height: 95px;\">Training of members of commissions for verification and certification of national vocational qualifications<\/p>\n<p>(shorter:\u00a0Training of members of commissions NVQ)<\/td>\n<\/tr>\n<tr style=\"height: 23px;\">\n<td style=\"height: 23px;\">Time period<\/td>\n<td style=\"height: 23px;\">Permanent task<\/td>\n<\/tr>\n<tr style=\"height: 23px;\">\n<td style=\"height: 23px;\">Financed by<\/td>\n<td style=\"height: 23px;\">Ministry of Labour, Family, Social Affairs and Equal Opportunities<\/td>\n<\/tr>\n<tr style=\"height: 71px;\">\n<td style=\"height: 71px;\">Contact<\/td>\n<td style=\"height: 71px;\">Vera Mlinar<br \/>\nT: +386 1 584 2588<br \/>\nE: <a href=\"mailto:vera.mlinar@acs.si\">vera.mlinar@acs.si<\/a><\/td>\n<\/tr>\n<\/tbody>\n<\/table>\n<p>&nbsp;<\/p>\n<p>[\/et_pb_text][\/et_pb_column][\/et_pb_row][et_pb_row _builder_version=&#8221;4.16&#8243; background_size=&#8221;initial&#8221; background_position=&#8221;top_left&#8221; background_repeat=&#8221;repeat&#8221; global_colors_info=&#8221;{}&#8221;][et_pb_column type=&#8221;4_4&#8243; _builder_version=&#8221;4.16&#8243; custom_padding=&#8221;|||&#8221; global_colors_info=&#8221;{}&#8221; custom_padding__hover=&#8221;|||&#8221;][et_pb_text admin_label=&#8221;Namen&#8221; _builder_version=&#8221;4.16&#8243; text_font_size=&#8221;10px&#8221; header_5_text_color=&#8221;#ffffff&#8221; header_5_font_size=&#8221;17px&#8221; header_5_line_height=&#8221;27px&#8221; custom_margin=&#8221;||0px|&#8221; custom_padding=&#8221;||0px|&#8221; global_colors_info=&#8221;{}&#8221;]<\/p>\n<p>&nbsp;<\/p>\n<h5 class=\"purple\">AIM<\/h5>\n<p>The main aim of this SIAE task is collaboration on systematic development and regulation of the field of verification and certification of national vocational qualifications and provision of training for members of commissions for verification and certification of national vocational qualifications.<\/p>\n<p>[\/et_pb_text][\/et_pb_column][\/et_pb_row][et_pb_row _builder_version=&#8221;4.16&#8243; background_size=&#8221;initial&#8221; background_position=&#8221;top_left&#8221; background_repeat=&#8221;repeat&#8221; global_colors_info=&#8221;{}&#8221;][et_pb_column type=&#8221;4_4&#8243; _builder_version=&#8221;4.16&#8243; custom_padding=&#8221;|||&#8221; global_colors_info=&#8221;{}&#8221; custom_padding__hover=&#8221;|||&#8221;][et_pb_text admin_label=&#8221;Cilji projekta&#8221; _builder_version=&#8221;4.16&#8243; text_font_size=&#8221;10px&#8221; header_5_text_color=&#8221;#ffffff&#8221; header_5_font_size=&#8221;17px&#8221; header_5_line_height=&#8221;27px&#8221; custom_margin=&#8221;||0px|&#8221; custom_padding=&#8221;||0px|&#8221; global_colors_info=&#8221;{}&#8221;]<\/p>\n<p>&nbsp;<\/p>\n<h5 class=\"purple\">OBJECTIVES<\/h5>\n<ul>\n<li>Ensuring training for members of national vocational qualification commissions;<\/li>\n<li>Collaboration with the Ministry of Ministry of Labour, Family, Social Affairs and Equal Opportunities and other public institutes on further development of the system of national vocational qualifications.<\/li>\n<\/ul>\n<p>[\/et_pb_text][\/et_pb_column][\/et_pb_row][et_pb_row _builder_version=&#8221;4.16&#8243; background_size=&#8221;initial&#8221; background_position=&#8221;top_left&#8221; background_repeat=&#8221;repeat&#8221; global_colors_info=&#8221;{}&#8221;][et_pb_column type=&#8221;4_4&#8243; _builder_version=&#8221;4.16&#8243; custom_padding=&#8221;|||&#8221; global_colors_info=&#8221;{}&#8221; custom_padding__hover=&#8221;|||&#8221;][et_pb_text admin_label=&#8221;Opis&#8221; _builder_version=&#8221;4.16&#8243; text_font_size=&#8221;10px&#8221; header_5_text_color=&#8221;#ffffff&#8221; header_5_font_size=&#8221;17px&#8221; header_5_line_height=&#8221;27px&#8221; custom_margin=&#8221;||0px|&#8221; custom_padding=&#8221;||0px|&#8221; global_colors_info=&#8221;{}&#8221;]<\/p>\n<p>&nbsp;<\/p>\n<h5 class=\"purple\">DESCRIPTION<\/h5>\n<p>As part of this task, the SIAE collaborates with the Ministry of Labour, Family, Social Affairs and Equal Opportunities and other public institutes (RIC, CPI) on further development of the system of national vocational qualifications. The main task of the SIAE is to train the commission members for verification and certification of the NVQs. We also provide basic training for commission members that need to get their licence and continuous advanced training programmes for commission members that already have their licences and work as active commission members.<\/p>\n<p>[\/et_pb_text][et_pb_toggle title=&#8221;Read more&#8221; admin_label=&#8221;Preberi ve\u010d&#8221; _builder_version=&#8221;4.17.2&#8243; hover_enabled=&#8221;0&#8243; global_colors_info=&#8221;{}&#8221; sticky_enabled=&#8221;0&#8243;]<\/p>\n<p>&nbsp;<\/p>\n<p>In the advanced training programmes, we work with the members of the commission to improve their knowledge of adult education and strengthen their key competences for quality performance of tasks in the scope of NVQ verification and certification processes.<\/p>\n<p>The SIAE also participates in coordination of public institutes at the Ministry of Labour, Family, Social Affairs and Equal Opportunities, which coordinates and plans systematic activities of public institutes in the field of NVQ verification and certification. We also participate in the work of commissions and groups that support the system (Permanent commission for appeals, Professional commission at National Coordination Point for SQF &#8211; EQF, Europass project group etc.).<\/p>\n<p>[\/et_pb_toggle][\/et_pb_column][\/et_pb_row][et_pb_row _builder_version=&#8221;4.16&#8243; background_size=&#8221;initial&#8221; background_position=&#8221;top_left&#8221; background_repeat=&#8221;repeat&#8221; global_colors_info=&#8221;{}&#8221;][et_pb_column type=&#8221;4_4&#8243; _builder_version=&#8221;4.16&#8243; custom_padding=&#8221;|||&#8221; global_colors_info=&#8221;{}&#8221; custom_padding__hover=&#8221;|||&#8221;][et_pb_text admin_label=&#8221;Klju\u010dni dose\u017eki&#8221; _builder_version=&#8221;4.16&#8243; text_font_size=&#8221;10px&#8221; header_5_text_color=&#8221;#ffffff&#8221; header_5_font_size=&#8221;17px&#8221; header_5_line_height=&#8221;27px&#8221; custom_margin=&#8221;||0px|&#8221; custom_padding=&#8221;||0px|&#8221; global_colors_info=&#8221;{}&#8221;]<\/p>\n<p>&nbsp;<\/p>\n<h5 class=\"purple\">KEY ACHIEVEMENTS<\/h5>\n<ul>\n<li>Preparation of professional materials in accordance with the coordination agreement and instructions of the Ministry of Ministry of Labour, Family, Social Affairs and Equal Opportunities;<\/li>\n<li>Organisation and implementation of basic professional training for members of commissions for NVQ verification and certification;<\/li>\n<li>Development and implementation of programmes for constant professional improvement of members of commissions for NVQ verification and certification.<\/li>\n<\/ul>\n<p>[\/et_pb_text][\/et_pb_column][\/et_pb_row][\/et_pb_section]<\/p>\n","protected":false},"excerpt":{"rendered":"<p>&nbsp; Activity&#8230;<\/p>\n","protected":false},"author":161,"featured_media":0,"parent":28559,"menu_order":3,"comment_status":"closed","ping_status":"closed","template":"page_projekt.php","meta":{"_acf_changed":false,"_et_pb_use_builder":"on","_et_pb_old_content":"<table class=\"projektTable\">\r\n\t<tbody>\r\n\t\t<tr>\r\n\t\t\t<td>Naziv projekta:<\/td>\r\n\t\t\t<td>SUsposabljanje \u010dlanov komisij NPK in druge aktivnosti na podro\u010dju nacionalnih poklicnih kvalifikacij (kraj\u0161e Usposabljanje \u010dlanov komisij NPK)<\/td>\r\n\t\t<\/tr>\r\n\t\t<tr>\r\n\t\t\t<td>\u010casovni okvir:<\/td>\r\n\t\t\t<td>Redna naloga<\/td>\r\n\t\t<\/tr>\r\n\t\t<tr>\r\n\t\t\t<td>Financer:<\/td>\r\n\t\t\t<td>Ministrstvo za delo, dru\u017eino, socialne zadeve in enake mo\u017enosti \r\n\r\n<\/td>\r\n\t\t<\/tr>\r\n\t\t\t\t\r\n<tr>\t\t\t<td>Kontaktna oseba:<\/td>\r\n\t\t\t<td>Vera Mlinar  (T: 01 584 2588, E: <a href=\"mailto:vera.mlinar@acs.si\">vera.mlinar@acs.si<\/a>)<\/td>\r\n\t\t<\/tr>\r\n<\/tbody>\r\n<\/table>\r\n\t\t\r\n<a href=\"http:\/\/www.npk.si\/\" rel=\"noopener\" target=\"_blank\">http:\/\/www.npk.si\/<\/a>\r\n<a href=\"http:\/\/www.nrpslo.org\/\" rel=\"noopener\" target=\"_blank\">http:\/\/www.nrpslo.org\/<\/a>\r\n\r\n\t\t\r\n\r\n\r\n[accordion]\r\n[accordion-item title=\"Namen\"]<p>Temeljni namen te naloge na ACS je sodelovanje pri sistemskem razvoju in urejanju podro\u010dja preverjanja in potrjevanja NPK in zagotavljanje usposabljanja za \u010dlane komisij za preverjanje in potrjevanje NPK.<p>\r\n[\/accordion-item]\r\n[\/accordion]\r\n\r\n[accordion]\r\n[accordion-item title=\"Cilji\"]\r\n<ul>\r\n<li>zagotavljanje usposobljenih \u010dlanov komisij NPK,<\/li>\r\n<li>sodelovanje z MDDSZ in drugimi javnimi zavodi pri nadaljnjem razvoju sistema NPK.<\/li>\r\n[\/accordion-item]\r\n[\/accordion]\r\n\r\n[accordion]\r\n[accordion-item title=\"Opis\"]<p>V okviru naloge sodeluje ACS z MDDSZ in drugimi javnimi zavodi (RIC, CPI) pri nadaljnjem razvoju sistema NPK. Temeljna naloga centra je usposabljanje \u010dlanov komisij za preverjanje in potrjevanje NPK. Izpeljujemo temeljno usposabljanje za \u010dlane komisij za pridobitev licence ter programe stalnega strokovnega spopolnjevanja \u010dlanov komisij, ki so licenco \u017ee pridobili in kot \u010dlani komisij delujejo v praksi. Pri programih stalnega strokovnega spopolnjevanja skupaj s \u010dlani komisij poglabljamo andrago\u0161ka znanja in krepimo klju\u010dne kompetence, ki so nujno potrebne za kakovostno opravljanje nalog \u010dlanov komisije v okviru postopkov preverjanja in potrjevanja NPK.<\/p>\r\n<p>\r\nACS sodeluje tudi na koordinaciji javnih zavodov pri MDDSZ, ki usklajuje in na\u010drtuje sistemske aktivnosti javnih zavodov na podro\u010dju preverjanja in potrjevanja NPK. Sodelujemo tudi pri delu komisij in skupin, ki delujejo v podporo sistemu (stalna komisija za ugovore, usklajevalna skupina pri RIC, skupina za prenovo NRP,\u2026).\r\n<\/p>\r\n[\/accordion-item]\r\n[\/accordion]\r\n\r\n\r\n[accordion]\r\n[accordion-item title=\"Klju\u010dni dose\u017eki\"]<p>Klju\u010dni dose\u017eki v okviru dejavnosti so:<\/p>\r\n<ul>\r\n<li>priprava strokovnih gradiv po dogovoru na koordinaciji  in navodilih MDDSZ,<\/li>\r\n<li>organizacija in izvedba temeljnega strokovnega usposabljanja \u010dlanov komisij za preverjanje in  potrjevanje NPK, <\/li>\r\n<li>razvoj in izpeljava programov stalnega strokovnega spoppolnjevanja za \u010dlane komisij za preverjanje in potrjevanje NPK.<\/li>\r\n[\/accordion-item]\r\n[\/accordion]","_et_gb_content_width":"","inline_featured_image":false,"footnotes":""},"class_list":["post-28026","page","type-page","status-publish","hentry"],"acf":[],"yoast_head":"<!-- This site is optimized with the Yoast SEO plugin v26.2 - https:\/\/yoast.com\/wordpress\/plugins\/seo\/ -->\n<title>Training of members of commissions for verification and certification of national vocational qualifications | Andrago\u0161ki center Republike Slovenije<\/title>\n<meta name=\"robots\" content=\"index, follow, max-snippet:-1, max-image-preview:large, max-video-preview:-1\" \/>\n<link rel=\"canonical\" href=\"https:\/\/www.acs.si\/en\/projects\/other-activities\/training-of-members-of-commissions-for-verification-and-certification-of-national-vocational-qualifications\/\" \/>\n<meta property=\"og:locale\" content=\"en_US\" \/>\n<meta property=\"og:type\" content=\"article\" \/>\n<meta property=\"og:title\" content=\"Training of members of commissions for verification and certification of national vocational qualifications | Andrago\u0161ki center Republike Slovenije\" \/>\n<meta property=\"og:description\" content=\"&nbsp; Activity...\" \/>\n<meta property=\"og:url\" content=\"https:\/\/www.acs.si\/en\/projects\/other-activities\/training-of-members-of-commissions-for-verification-and-certification-of-national-vocational-qualifications\/\" \/>\n<meta property=\"og:site_name\" content=\"Andrago\u0161ki center Republike Slovenije\" \/>\n<meta property=\"article:publisher\" content=\"https:\/\/www.facebook.com\/AndragoskiCenterSlovenije\/\" \/>\n<meta property=\"article:modified_time\" content=\"2024-09-06T07:21:55+00:00\" \/>\n<meta name=\"twitter:card\" content=\"summary_large_image\" \/>\n<meta name=\"twitter:label1\" content=\"Est. reading time\" \/>\n\t<meta name=\"twitter:data1\" content=\"4 minutes\" \/>\n<script type=\"application\/ld+json\" class=\"yoast-schema-graph\">{\"@context\":\"https:\/\/schema.org\",\"@graph\":[{\"@type\":\"WebPage\",\"@id\":\"https:\/\/www.acs.si\/en\/projects\/other-activities\/training-of-members-of-commissions-for-verification-and-certification-of-national-vocational-qualifications\/\",\"url\":\"https:\/\/www.acs.si\/en\/projects\/other-activities\/training-of-members-of-commissions-for-verification-and-certification-of-national-vocational-qualifications\/\",\"name\":\"Training of members of commissions for verification and certification of national vocational qualifications | Andrago\u0161ki center Republike Slovenije\",\"isPartOf\":{\"@id\":\"https:\/\/www.acs.si\/#website\"},\"datePublished\":\"2018-08-29T15:40:39+00:00\",\"dateModified\":\"2024-09-06T07:21:55+00:00\",\"breadcrumb\":{\"@id\":\"https:\/\/www.acs.si\/en\/projects\/other-activities\/training-of-members-of-commissions-for-verification-and-certification-of-national-vocational-qualifications\/#breadcrumb\"},\"inLanguage\":\"en-US\",\"potentialAction\":[{\"@type\":\"ReadAction\",\"target\":[\"https:\/\/www.acs.si\/en\/projects\/other-activities\/training-of-members-of-commissions-for-verification-and-certification-of-national-vocational-qualifications\/\"]}]},{\"@type\":\"BreadcrumbList\",\"@id\":\"https:\/\/www.acs.si\/en\/projects\/other-activities\/training-of-members-of-commissions-for-verification-and-certification-of-national-vocational-qualifications\/#breadcrumb\",\"itemListElement\":[{\"@type\":\"ListItem\",\"position\":1,\"name\":\"Home\",\"item\":\"https:\/\/www.acs.si\/en\/\"},{\"@type\":\"ListItem\",\"position\":2,\"name\":\"Projects\",\"item\":\"https:\/\/www.acs.si\/en\/projects\/\"},{\"@type\":\"ListItem\",\"position\":3,\"name\":\"Other activities\",\"item\":\"https:\/\/www.acs.si\/en\/projects\/other-activities\/\"},{\"@type\":\"ListItem\",\"position\":4,\"name\":\"Training of members of commissions for verification and certification of national vocational qualifications\"}]},{\"@type\":\"WebSite\",\"@id\":\"https:\/\/www.acs.si\/#website\",\"url\":\"https:\/\/www.acs.si\/\",\"name\":\"Andrago\u0161ki center Republike Slovenije\",\"description\":\"\",\"potentialAction\":[{\"@type\":\"SearchAction\",\"target\":{\"@type\":\"EntryPoint\",\"urlTemplate\":\"https:\/\/www.acs.si\/?s={search_term_string}\"},\"query-input\":{\"@type\":\"PropertyValueSpecification\",\"valueRequired\":true,\"valueName\":\"search_term_string\"}}],\"inLanguage\":\"en-US\"}]}<\/script>\n<!-- \/ Yoast SEO plugin. -->","yoast_head_json":{"title":"Training of members of commissions for verification and certification of national vocational qualifications | Andrago\u0161ki center Republike Slovenije","robots":{"index":"index","follow":"follow","max-snippet":"max-snippet:-1","max-image-preview":"max-image-preview:large","max-video-preview":"max-video-preview:-1"},"canonical":"https:\/\/www.acs.si\/en\/projects\/other-activities\/training-of-members-of-commissions-for-verification-and-certification-of-national-vocational-qualifications\/","og_locale":"en_US","og_type":"article","og_title":"Training of members of commissions for verification and certification of national vocational qualifications | Andrago\u0161ki center Republike Slovenije","og_description":"&nbsp; Activity...","og_url":"https:\/\/www.acs.si\/en\/projects\/other-activities\/training-of-members-of-commissions-for-verification-and-certification-of-national-vocational-qualifications\/","og_site_name":"Andrago\u0161ki center Republike Slovenije","article_publisher":"https:\/\/www.facebook.com\/AndragoskiCenterSlovenije\/","article_modified_time":"2024-09-06T07:21:55+00:00","twitter_card":"summary_large_image","twitter_misc":{"Est. reading time":"4 minutes"},"schema":{"@context":"https:\/\/schema.org","@graph":[{"@type":"WebPage","@id":"https:\/\/www.acs.si\/en\/projects\/other-activities\/training-of-members-of-commissions-for-verification-and-certification-of-national-vocational-qualifications\/","url":"https:\/\/www.acs.si\/en\/projects\/other-activities\/training-of-members-of-commissions-for-verification-and-certification-of-national-vocational-qualifications\/","name":"Training of members of commissions for verification and certification of national vocational qualifications | Andrago\u0161ki center Republike Slovenije","isPartOf":{"@id":"https:\/\/www.acs.si\/#website"},"datePublished":"2018-08-29T15:40:39+00:00","dateModified":"2024-09-06T07:21:55+00:00","breadcrumb":{"@id":"https:\/\/www.acs.si\/en\/projects\/other-activities\/training-of-members-of-commissions-for-verification-and-certification-of-national-vocational-qualifications\/#breadcrumb"},"inLanguage":"en-US","potentialAction":[{"@type":"ReadAction","target":["https:\/\/www.acs.si\/en\/projects\/other-activities\/training-of-members-of-commissions-for-verification-and-certification-of-national-vocational-qualifications\/"]}]},{"@type":"BreadcrumbList","@id":"https:\/\/www.acs.si\/en\/projects\/other-activities\/training-of-members-of-commissions-for-verification-and-certification-of-national-vocational-qualifications\/#breadcrumb","itemListElement":[{"@type":"ListItem","position":1,"name":"Home","item":"https:\/\/www.acs.si\/en\/"},{"@type":"ListItem","position":2,"name":"Projects","item":"https:\/\/www.acs.si\/en\/projects\/"},{"@type":"ListItem","position":3,"name":"Other activities","item":"https:\/\/www.acs.si\/en\/projects\/other-activities\/"},{"@type":"ListItem","position":4,"name":"Training of members of commissions for verification and certification of national vocational qualifications"}]},{"@type":"WebSite","@id":"https:\/\/www.acs.si\/#website","url":"https:\/\/www.acs.si\/","name":"Andrago\u0161ki center Republike Slovenije","description":"","potentialAction":[{"@type":"SearchAction","target":{"@type":"EntryPoint","urlTemplate":"https:\/\/www.acs.si\/?s={search_term_string}"},"query-input":{"@type":"PropertyValueSpecification","valueRequired":true,"valueName":"search_term_string"}}],"inLanguage":"en-US"}]}},"_links":{"self":[{"href":"https:\/\/www.acs.si\/en\/wp-json\/wp\/v2\/pages\/28026","targetHints":{"allow":["GET"]}}],"collection":[{"href":"https:\/\/www.acs.si\/en\/wp-json\/wp\/v2\/pages"}],"about":[{"href":"https:\/\/www.acs.si\/en\/wp-json\/wp\/v2\/types\/page"}],"author":[{"embeddable":true,"href":"https:\/\/www.acs.si\/en\/wp-json\/wp\/v2\/users\/161"}],"replies":[{"embeddable":true,"href":"https:\/\/www.acs.si\/en\/wp-json\/wp\/v2\/comments?post=28026"}],"version-history":[{"count":5,"href":"https:\/\/www.acs.si\/en\/wp-json\/wp\/v2\/pages\/28026\/revisions"}],"predecessor-version":[{"id":74537,"href":"https:\/\/www.acs.si\/en\/wp-json\/wp\/v2\/pages\/28026\/revisions\/74537"}],"up":[{"embeddable":true,"href":"https:\/\/www.acs.si\/en\/wp-json\/wp\/v2\/pages\/28559"}],"wp:attachment":[{"href":"https:\/\/www.acs.si\/en\/wp-json\/wp\/v2\/media?parent=28026"}],"curies":[{"name":"wp","href":"https:\/\/api.w.org\/{rel}","templated":true}]}}