{"id":28020,"date":"2018-08-29T16:22:19","date_gmt":"2018-08-29T15:22:19","guid":{"rendered":"http:\/\/www.acs.si\/?page_id=28020"},"modified":"2025-02-17T12:41:31","modified_gmt":"2025-02-17T11:41:31","slug":"validation-of-prior-learning-of-adults-portal","status":"publish","type":"page","link":"https:\/\/www.acs.si\/en\/projects\/esf-projects\/validation-of-prior-learning-of-adults-portal\/","title":{"rendered":"Validation of Prior Learning of Adults Portal (2016\u20132022)"},"content":{"rendered":"<p>[et_pb_section fb_built=&#8221;1&#8243; _builder_version=&#8221;4.16&#8243; custom_padding=&#8221;0px|||&#8221; global_colors_info=&#8221;{}&#8221;][et_pb_row column_structure=&#8221;1_3,2_3&#8243; make_equal=&#8221;on&#8221; module_class=&#8221;logo-img-cont &#8221; _builder_version=&#8221;4.16&#8243; custom_margin=&#8221;||20px|&#8221; custom_padding=&#8221;0px||0px|&#8221; border_width_all=&#8221;1px&#8221; border_color_all=&#8221;#cdd1d6&#8243; global_colors_info=&#8221;{}&#8221;][et_pb_column type=&#8221;1_3&#8243; _builder_version=&#8221;4.16&#8243; custom_padding=&#8221;|||&#8221; global_colors_info=&#8221;{}&#8221; custom_padding__hover=&#8221;|||&#8221;][et_pb_image src=&#8221;https:\/\/www.acs.si\/wp-content\/uploads\/2018\/09\/OI-VPNZ.png&#8221; url=&#8221;http:\/\/vpnz.acs.si\/portal&#8221; url_new_window=&#8221;on&#8221; align=&#8221;center&#8221; align_tablet=&#8221;center&#8221; align_phone=&#8221;&#8221; align_last_edited=&#8221;on|desktop&#8221; module_class=&#8221;logo-img&#8221; _builder_version=&#8221;4.16&#8243; custom_padding=&#8221;10px|10px|10px|10px&#8221; border_color_right=&#8221;#cdd1d6&#8243; global_colors_info=&#8221;{}&#8221;][\/et_pb_image][\/et_pb_column][et_pb_column type=&#8221;2_3&#8243; _builder_version=&#8221;4.16&#8243; custom_padding=&#8221;|||&#8221; global_colors_info=&#8221;{}&#8221; custom_padding__hover=&#8221;|||&#8221;][et_pb_text _builder_version=&#8221;4.16&#8243; custom_padding=&#8221;20px|20px|20px|20px&#8221; border_width_left=&#8221;1px&#8221; border_color_left=&#8221;#cdd1d6&#8243; global_colors_info=&#8221;{}&#8221;]<\/p>\n<p>&nbsp;<\/p>\n<table class=\"projektTable\">\n<tbody>\n<tr>\n<td>Activity<\/td>\n<td>Validation of Prior Learning of Adults Portal<\/td>\n<\/tr>\n<tr>\n<td>Time period<\/td>\n<td>June 2016 \u2013 March 2022<\/td>\n<\/tr>\n<tr>\n<td>Financed by<\/td>\n<td>European Social Fund, Ministry of Education, Science and Sport<\/td>\n<\/tr>\n<tr>\n<td>Contact<\/td>\n<td>Ur\u0161ka Pavli\u010d<br \/> T: +386 1 5842 581<br \/> E: <a href=\"mailto:urska.pavlic@acs.si\">urska.pavlic@acs.si<\/a><\/td>\n<\/tr>\n<\/tbody>\n<\/table>\n<p>&nbsp;<\/p>\n<p>[\/et_pb_text][\/et_pb_column][\/et_pb_row][et_pb_row _builder_version=&#8221;4.16&#8243; background_size=&#8221;initial&#8221; background_position=&#8221;top_left&#8221; background_repeat=&#8221;repeat&#8221; global_colors_info=&#8221;{}&#8221;][et_pb_column type=&#8221;4_4&#8243; _builder_version=&#8221;4.16&#8243; custom_padding=&#8221;|||&#8221; global_colors_info=&#8221;{}&#8221; custom_padding__hover=&#8221;|||&#8221;][et_pb_text admin_label=&#8221;Namen&#8221; _builder_version=&#8221;4.16&#8243; text_font_size=&#8221;10px&#8221; header_5_text_color=&#8221;#ffffff&#8221; header_5_font_size=&#8221;17px&#8221; header_5_line_height=&#8221;27px&#8221; custom_margin=&#8221;||0px|&#8221; custom_padding=&#8221;||0px|&#8221; global_colors_info=&#8221;{}&#8221;]<\/p>\n<p>&nbsp;<\/p>\n<h5 class=\"purple\">AIM<\/h5>\n<p>Collection and publication of information and current news from the field of assessment, evaluation and recognition of non-formal and informal knowledge in one place.<\/p>\n<p>[\/et_pb_text][\/et_pb_column][\/et_pb_row][et_pb_row _builder_version=&#8221;4.16&#8243; background_size=&#8221;initial&#8221; background_position=&#8221;top_left&#8221; background_repeat=&#8221;repeat&#8221; global_colors_info=&#8221;{}&#8221;][et_pb_column type=&#8221;4_4&#8243; _builder_version=&#8221;4.16&#8243; custom_padding=&#8221;|||&#8221; global_colors_info=&#8221;{}&#8221; custom_padding__hover=&#8221;|||&#8221;][et_pb_text admin_label=&#8221;Cilji projekta&#8221; _builder_version=&#8221;4.16&#8243; text_font_size=&#8221;10px&#8221; header_5_text_color=&#8221;#ffffff&#8221; header_5_font_size=&#8221;17px&#8221; header_5_line_height=&#8221;27px&#8221; custom_margin=&#8221;||0px|&#8221; custom_padding=&#8221;||0px|&#8221; global_colors_info=&#8221;{}&#8221;]<\/p>\n<p>&nbsp;<\/p>\n<h5 class=\"purple\">OBJECTIVES<\/h5>\n<ul>\n<li>To collect and post information from the field of assessment, evaluation and recognition of non-formal and informal knowledge in one place;<\/li>\n<li>To ensure access to the information to the professional public and individuals.<\/li>\n<\/ul>\n<p>[\/et_pb_text][\/et_pb_column][\/et_pb_row][et_pb_row _builder_version=&#8221;4.16&#8243; background_size=&#8221;initial&#8221; background_position=&#8221;top_left&#8221; background_repeat=&#8221;repeat&#8221; global_colors_info=&#8221;{}&#8221;][et_pb_column type=&#8221;4_4&#8243; _builder_version=&#8221;4.16&#8243; custom_padding=&#8221;|||&#8221; global_colors_info=&#8221;{}&#8221; custom_padding__hover=&#8221;|||&#8221;][et_pb_text admin_label=&#8221;Opis&#8221; _builder_version=&#8221;4.16&#8243; text_font_size=&#8221;10px&#8221; header_5_text_color=&#8221;#ffffff&#8221; header_5_font_size=&#8221;17px&#8221; header_5_line_height=&#8221;27px&#8221; custom_margin=&#8221;||0px|&#8221; custom_padding=&#8221;||0px|&#8221; global_colors_info=&#8221;{}&#8221;]<\/p>\n<p>&nbsp;<\/p>\n<h5 class=\"purple\">DESCRIPTION<\/h5>\n<p>The portal Validation of Prior Learning of Adults was developed as part of the EFS project Literacy development and assessment and recognition of non-formal learning 2011\u20132014 and has been maintained and updated as part of the current ESF project Expert support for the guidance and orientation activities and evaluation of non-formal education 2016\u20132021.<\/p>\n<p>[\/et_pb_text][et_pb_toggle title=&#8221;Read more&#8221; admin_label=&#8221;Preberi ve\u010d&#8221; _builder_version=&#8221;4.16&#8243; global_colors_info=&#8221;{}&#8221;]<\/p>\n<p>&nbsp;<\/p>\n<p>The content of the portal primarily aims to offer information on the field to the wider professional public and others as well as to provide support to educational organisations with counselling and evaluation of knowledge of employees and other stakeholders, companies, worker unions, policy makers, etc.<\/p>\n<p>[\/et_pb_toggle][\/et_pb_column][\/et_pb_row][et_pb_row _builder_version=&#8221;4.16&#8243; background_size=&#8221;initial&#8221; background_position=&#8221;top_left&#8221; background_repeat=&#8221;repeat&#8221; global_colors_info=&#8221;{}&#8221;][et_pb_column type=&#8221;4_4&#8243; _builder_version=&#8221;4.16&#8243; custom_padding=&#8221;|||&#8221; global_colors_info=&#8221;{}&#8221; custom_padding__hover=&#8221;|||&#8221;][et_pb_text admin_label=&#8221;Aktivnost&#8221; _builder_version=&#8221;4.16&#8243; text_font_size=&#8221;10px&#8221; header_5_text_color=&#8221;#ffffff&#8221; header_5_font_size=&#8221;17px&#8221; header_5_line_height=&#8221;27px&#8221; custom_margin=&#8221;||0px|&#8221; custom_padding=&#8221;||0px|&#8221; global_colors_info=&#8221;{}&#8221;]<\/p>\n<p>&nbsp;<\/p>\n<h5 class=\"purple\">ACTIVITIES<\/h5>\n<p>Maintenance of the web portal and regular posting of activities from the field of assessment, evaluation and recognition of non-formal and informal knowledge (events, legislation, professional materials, etc.).<\/p>\n<p>[\/et_pb_text][\/et_pb_column][\/et_pb_row][et_pb_row _builder_version=&#8221;4.16&#8243; background_size=&#8221;initial&#8221; background_position=&#8221;top_left&#8221; background_repeat=&#8221;repeat&#8221; global_colors_info=&#8221;{}&#8221;][et_pb_column type=&#8221;4_4&#8243; _builder_version=&#8221;4.16&#8243; custom_padding=&#8221;|||&#8221; global_colors_info=&#8221;{}&#8221; custom_padding__hover=&#8221;|||&#8221;][et_pb_text admin_label=&#8221;Klju\u010dni dose\u017eki&#8221; _builder_version=&#8221;4.16&#8243; text_font_size=&#8221;10px&#8221; header_5_text_color=&#8221;#ffffff&#8221; header_5_font_size=&#8221;17px&#8221; header_5_line_height=&#8221;27px&#8221; custom_margin=&#8221;||0px|&#8221; custom_padding=&#8221;||0px|&#8221; global_colors_info=&#8221;{}&#8221;]<\/p>\n<p>&nbsp;<\/p>\n<h5 class=\"purple\">KEY ACHIEVEMENTS<\/h5>\n<p>Establishment of the web portal for the field of assessment, evaluation and recognition of non-formal and informal knowledge and making the current content available to the wider professional public and individuals.<\/p>\n<p>&nbsp;<\/p>\n<p>On 1 January 2021, a public service was established in the area of adult education guidance, with the identification and documentation of adult knowledge and skills being one of the three areas of guidance provided as a public service. For up-to-date information on the evaluation of adult skills as developed in the context of adult education guidance, please visit the website: <a href=\"https:\/\/svetovanje.acs.si\/\">svetovanje.acs.si<\/a>.<\/p>\n<p>[\/et_pb_text][\/et_pb_column][\/et_pb_row][\/et_pb_section]<\/p>\n","protected":false},"excerpt":{"rendered":"<p>&nbsp; Activity&#8230;<\/p>\n","protected":false},"author":161,"featured_media":0,"parent":28557,"menu_order":0,"comment_status":"closed","ping_status":"closed","template":"page_projekt.php","meta":{"_acf_changed":false,"_et_pb_use_builder":"on","_et_pb_old_content":"<table class=\"projektTable\">\r\n\t<tbody>\r\n\t\t<tr>\r\n\t\t\t<td>Naziv projekta:<\/td>\r\n\t\t\t<td>Spletni portal Vrednotenje in priznavanje neformalnega znanja \u2013 VPNZ<\/td>\r\n\t\t<\/tr>\r\n\t\t<tr>\r\n\t\t\t<td>\u010casovni okvir:<\/td>\r\n\t\t\t<td>Junij 2016 \u2013 junij 2021<\/td>\r\n\t\t<\/tr>\r\n\t\t<tr>\r\n\t\t\t<td>Financer:<\/td>\r\n\t\t\t<td>Evropski socialni sklad Ministrstvo za izobra\u017eevanje, znanost in \u0161port\r\n\r\n<\/td>\r\n\t\t<\/tr>\r\n\t\t\t\t\r\n<tr>\t\t\t<td>Kontaktna oseba:<\/td>\r\n\t\t\t<td>Ur\u0161ka Pavli\u010d (T: , E: <a href=\"mailto:urska.pavlic@acs.si\">urska.pavlic@acs.si<\/a>)<\/td>\r\n\t\t<\/tr>\r\n<\/tbody>\r\n<\/table>\r\n\t\t\r\n<a href=\"http:\/\/vpnz.acs.si\/portal\">http:\/\/vpnz.acs.si\/portal <\/a>\r\n\t\t\r\n\r\n\r\n[accordion]\r\n[accordion-item title=\"Namen\"]<p>Zbiranje in objava informacij ter aktualnega dogajanja na podro\u010dju ugotavljanja, vrednotenja in priznavanja neformalno in prilo\u017enostno pridobljenega znanja na enem mestu.<p>\r\n[\/accordion-item]\r\n[\/accordion]\r\n\r\n[accordion]\r\n[accordion-item title=\"Cilji\"]<p>Cilja spletnega portala sta: <p>\r\n<ul>\r\n<li>na enem mestu zbrati in objaviti informacije s podro\u010dja ugotavljanja, vrednotenja in priznavanja neformalno in prilo\u017enostno pridobljenega znanja,<\/li>\r\n<li>omogo\u010diti dostop do njih tako strokovni javnosti kot posameznikom.<\/li>\r\n[\/accordion-item]\r\n[\/accordion]\r\n\r\n[accordion]\r\n[accordion-item title=\"Opis\"]\r\n<p>Spletni portal Vrednotenje in priznavanje neformalnega znanja (VPNZ)  smo razvili v ESS projektu Razvoj pismenosti ter ugotavljanje in priznavanje neformalnega u\u010denja od 2011 do 2014, vzdr\u017eujemo in a\u017euriramo pa ga v aktualnem ESS projektu Strokovna podpora informativno svetovalni dejavnosti in vrednotenju neformalno pridobljenega znanja 2016\u20132021.<\/p>\r\n<p>\r\nVsebine spletnega portala VPNZ so prvenstveno sicer namenjene informiranju \u0161ir\u0161e strokovne javnosti ter drugih o podro\u010dju, isto\u010dasno pa so v  podporo tudi izvajalskim organizacijam za izvajanje svetovanja in vrednotenja znanja za zaposlene ter drugim dele\u017enikom, podjetjem, sindikatom, nosilcem politik idr.<\/p>\r\n[\/accordion-item]\r\n[\/accordion]\r\n\r\n[accordion]\r\n[accordion-item title=\"Aktivnosti\"]<p>Vzdr\u017eevanje spletnega portala ter redna objava aktivnosti na podro\u010dju ugotavljanja, vrednotenja in priznavanja neformalno in prilo\u017enostno pridobljenega znanja (dogodki, zakonodaja, strokovna gradiva idr.).<\/p>\r\n[\/accordion-item]\r\n[\/accordion]\r\n\r\n[accordion]\r\n[accordion-item title=\"Klju\u010dni dose\u017eki\"]<p>Vzpostavljen spletni portal za podro\u010dje ugotavljanja, vrednotenja in priznavanja neformalno in prilo\u017enostno pridobljenega znanja in dostopnost aktualnih vsebin tako \u0161ir\u0161i strokovni javnosti kot posameznikom.<\/p>\r\n[\/accordion-item]\r\n[\/accordion]","_et_gb_content_width":"","inline_featured_image":false,"footnotes":""},"class_list":["post-28020","page","type-page","status-publish","hentry"],"acf":[],"yoast_head":"<!-- This site is optimized with the Yoast SEO plugin v26.2 - https:\/\/yoast.com\/wordpress\/plugins\/seo\/ -->\n<title>Validation of Prior Learning of Adults Portal (2016\u20132022) | Andrago\u0161ki center Republike Slovenije<\/title>\n<meta name=\"robots\" content=\"index, follow, max-snippet:-1, max-image-preview:large, max-video-preview:-1\" \/>\n<link rel=\"canonical\" href=\"https:\/\/www.acs.si\/en\/projects\/esf-projects\/validation-of-prior-learning-of-adults-portal\/\" \/>\n<meta property=\"og:locale\" content=\"en_US\" \/>\n<meta property=\"og:type\" content=\"article\" \/>\n<meta property=\"og:title\" content=\"Validation of Prior Learning of Adults Portal (2016\u20132022) | Andrago\u0161ki center Republike Slovenije\" \/>\n<meta property=\"og:description\" content=\"&nbsp; Activity...\" \/>\n<meta property=\"og:url\" content=\"https:\/\/www.acs.si\/en\/projects\/esf-projects\/validation-of-prior-learning-of-adults-portal\/\" \/>\n<meta property=\"og:site_name\" content=\"Andrago\u0161ki center Republike Slovenije\" \/>\n<meta property=\"article:publisher\" content=\"https:\/\/www.facebook.com\/AndragoskiCenterSlovenije\/\" \/>\n<meta property=\"article:modified_time\" content=\"2025-02-17T11:41:31+00:00\" \/>\n<meta name=\"twitter:card\" content=\"summary_large_image\" \/>\n<meta name=\"twitter:label1\" content=\"Est. reading time\" \/>\n\t<meta name=\"twitter:data1\" content=\"2 minutes\" \/>\n<script type=\"application\/ld+json\" class=\"yoast-schema-graph\">{\"@context\":\"https:\/\/schema.org\",\"@graph\":[{\"@type\":\"WebPage\",\"@id\":\"https:\/\/www.acs.si\/en\/projects\/esf-projects\/validation-of-prior-learning-of-adults-portal\/\",\"url\":\"https:\/\/www.acs.si\/en\/projects\/esf-projects\/validation-of-prior-learning-of-adults-portal\/\",\"name\":\"Validation of Prior Learning of Adults Portal (2016\u20132022) | Andrago\u0161ki center Republike Slovenije\",\"isPartOf\":{\"@id\":\"https:\/\/www.acs.si\/#website\"},\"datePublished\":\"2018-08-29T15:22:19+00:00\",\"dateModified\":\"2025-02-17T11:41:31+00:00\",\"breadcrumb\":{\"@id\":\"https:\/\/www.acs.si\/en\/projects\/esf-projects\/validation-of-prior-learning-of-adults-portal\/#breadcrumb\"},\"inLanguage\":\"en-US\",\"potentialAction\":[{\"@type\":\"ReadAction\",\"target\":[\"https:\/\/www.acs.si\/en\/projects\/esf-projects\/validation-of-prior-learning-of-adults-portal\/\"]}]},{\"@type\":\"BreadcrumbList\",\"@id\":\"https:\/\/www.acs.si\/en\/projects\/esf-projects\/validation-of-prior-learning-of-adults-portal\/#breadcrumb\",\"itemListElement\":[{\"@type\":\"ListItem\",\"position\":1,\"name\":\"Home\",\"item\":\"https:\/\/www.acs.si\/en\/\"},{\"@type\":\"ListItem\",\"position\":2,\"name\":\"Projects\",\"item\":\"https:\/\/www.acs.si\/en\/projects\/\"},{\"@type\":\"ListItem\",\"position\":3,\"name\":\"ESF projects\",\"item\":\"https:\/\/www.acs.si\/en\/projects\/esf-projects\/\"},{\"@type\":\"ListItem\",\"position\":4,\"name\":\"Validation of Prior Learning of Adults Portal (2016\u20132022)\"}]},{\"@type\":\"WebSite\",\"@id\":\"https:\/\/www.acs.si\/#website\",\"url\":\"https:\/\/www.acs.si\/\",\"name\":\"Andrago\u0161ki center Republike Slovenije\",\"description\":\"\",\"potentialAction\":[{\"@type\":\"SearchAction\",\"target\":{\"@type\":\"EntryPoint\",\"urlTemplate\":\"https:\/\/www.acs.si\/?s={search_term_string}\"},\"query-input\":{\"@type\":\"PropertyValueSpecification\",\"valueRequired\":true,\"valueName\":\"search_term_string\"}}],\"inLanguage\":\"en-US\"}]}<\/script>\n<!-- \/ Yoast SEO plugin. -->","yoast_head_json":{"title":"Validation of Prior Learning of Adults Portal (2016\u20132022) | Andrago\u0161ki center Republike Slovenije","robots":{"index":"index","follow":"follow","max-snippet":"max-snippet:-1","max-image-preview":"max-image-preview:large","max-video-preview":"max-video-preview:-1"},"canonical":"https:\/\/www.acs.si\/en\/projects\/esf-projects\/validation-of-prior-learning-of-adults-portal\/","og_locale":"en_US","og_type":"article","og_title":"Validation of Prior Learning of Adults Portal (2016\u20132022) | Andrago\u0161ki center Republike Slovenije","og_description":"&nbsp; Activity...","og_url":"https:\/\/www.acs.si\/en\/projects\/esf-projects\/validation-of-prior-learning-of-adults-portal\/","og_site_name":"Andrago\u0161ki center Republike Slovenije","article_publisher":"https:\/\/www.facebook.com\/AndragoskiCenterSlovenije\/","article_modified_time":"2025-02-17T11:41:31+00:00","twitter_card":"summary_large_image","twitter_misc":{"Est. reading time":"2 minutes"},"schema":{"@context":"https:\/\/schema.org","@graph":[{"@type":"WebPage","@id":"https:\/\/www.acs.si\/en\/projects\/esf-projects\/validation-of-prior-learning-of-adults-portal\/","url":"https:\/\/www.acs.si\/en\/projects\/esf-projects\/validation-of-prior-learning-of-adults-portal\/","name":"Validation of Prior Learning of Adults Portal (2016\u20132022) | Andrago\u0161ki center Republike Slovenije","isPartOf":{"@id":"https:\/\/www.acs.si\/#website"},"datePublished":"2018-08-29T15:22:19+00:00","dateModified":"2025-02-17T11:41:31+00:00","breadcrumb":{"@id":"https:\/\/www.acs.si\/en\/projects\/esf-projects\/validation-of-prior-learning-of-adults-portal\/#breadcrumb"},"inLanguage":"en-US","potentialAction":[{"@type":"ReadAction","target":["https:\/\/www.acs.si\/en\/projects\/esf-projects\/validation-of-prior-learning-of-adults-portal\/"]}]},{"@type":"BreadcrumbList","@id":"https:\/\/www.acs.si\/en\/projects\/esf-projects\/validation-of-prior-learning-of-adults-portal\/#breadcrumb","itemListElement":[{"@type":"ListItem","position":1,"name":"Home","item":"https:\/\/www.acs.si\/en\/"},{"@type":"ListItem","position":2,"name":"Projects","item":"https:\/\/www.acs.si\/en\/projects\/"},{"@type":"ListItem","position":3,"name":"ESF projects","item":"https:\/\/www.acs.si\/en\/projects\/esf-projects\/"},{"@type":"ListItem","position":4,"name":"Validation of Prior Learning of Adults Portal (2016\u20132022)"}]},{"@type":"WebSite","@id":"https:\/\/www.acs.si\/#website","url":"https:\/\/www.acs.si\/","name":"Andrago\u0161ki center Republike Slovenije","description":"","potentialAction":[{"@type":"SearchAction","target":{"@type":"EntryPoint","urlTemplate":"https:\/\/www.acs.si\/?s={search_term_string}"},"query-input":{"@type":"PropertyValueSpecification","valueRequired":true,"valueName":"search_term_string"}}],"inLanguage":"en-US"}]}},"_links":{"self":[{"href":"https:\/\/www.acs.si\/en\/wp-json\/wp\/v2\/pages\/28020","targetHints":{"allow":["GET"]}}],"collection":[{"href":"https:\/\/www.acs.si\/en\/wp-json\/wp\/v2\/pages"}],"about":[{"href":"https:\/\/www.acs.si\/en\/wp-json\/wp\/v2\/types\/page"}],"author":[{"embeddable":true,"href":"https:\/\/www.acs.si\/en\/wp-json\/wp\/v2\/users\/161"}],"replies":[{"embeddable":true,"href":"https:\/\/www.acs.si\/en\/wp-json\/wp\/v2\/comments?post=28020"}],"version-history":[{"count":9,"href":"https:\/\/www.acs.si\/en\/wp-json\/wp\/v2\/pages\/28020\/revisions"}],"predecessor-version":[{"id":78446,"href":"https:\/\/www.acs.si\/en\/wp-json\/wp\/v2\/pages\/28020\/revisions\/78446"}],"up":[{"embeddable":true,"href":"https:\/\/www.acs.si\/en\/wp-json\/wp\/v2\/pages\/28557"}],"wp:attachment":[{"href":"https:\/\/www.acs.si\/en\/wp-json\/wp\/v2\/media?parent=28020"}],"curies":[{"name":"wp","href":"https:\/\/api.w.org\/{rel}","templated":true}]}}