{"id":28017,"date":"2018-08-29T16:14:05","date_gmt":"2018-08-29T15:14:05","guid":{"rendered":"http:\/\/www.acs.si\/?page_id=28017"},"modified":"2026-03-02T16:32:42","modified_gmt":"2026-03-02T15:32:42","slug":"adult-education-colloquium","status":"publish","type":"page","link":"https:\/\/www.acs.si\/en\/projects\/other-activities\/adult-education-colloquium\/","title":{"rendered":"Adult Education Colloquium"},"content":{"rendered":"<p>[et_pb_section fb_built=&#8221;1&#8243; _builder_version=&#8221;4.16&#8243; custom_padding=&#8221;0px|||&#8221; global_colors_info=&#8221;{}&#8221;][et_pb_row make_equal=&#8221;on&#8221; module_class=&#8221;logo-img-cont &#8221; _builder_version=&#8221;4.16&#8243; background_size=&#8221;initial&#8221; background_position=&#8221;top_left&#8221; background_repeat=&#8221;repeat&#8221; custom_margin=&#8221;||20px|&#8221; custom_padding=&#8221;0px||0px|&#8221; border_width_all=&#8221;1px&#8221; border_color_all=&#8221;#cdd1d6&#8243; global_colors_info=&#8221;{}&#8221;][et_pb_column type=&#8221;4_4&#8243; _builder_version=&#8221;4.16&#8243; custom_padding=&#8221;|||&#8221; global_colors_info=&#8221;{}&#8221; custom_padding__hover=&#8221;|||&#8221;][et_pb_text _builder_version=&#8221;4.27.5&#8243; custom_padding=&#8221;20px|20px|20px|20px&#8221; hover_enabled=&#8221;0&#8243; border_width_left=&#8221;1px&#8221; border_color_left=&#8221;#cdd1d6&#8243; global_colors_info=&#8221;{}&#8221; sticky_enabled=&#8221;0&#8243;]<\/p>\n<p>&nbsp;<\/p>\n<table class=\"projektTable\" style=\"height: 156px;\">\n<tbody>\n<tr style=\"height: 39px;\">\n<td style=\"height: 39px;\">Activity<\/td>\n<td style=\"height: 39px;\">Adult Education Colloquium <strong>\u2013 <\/strong>AEC<\/td>\n<\/tr>\n<tr style=\"height: 23px;\">\n<td style=\"height: 23px;\">Time period<\/td>\n<td style=\"height: 23px;\">Since 1997 (one or two days in May\/June, exceptionally in September\/October)<\/td>\n<\/tr>\n<tr style=\"height: 23px;\">\n<td style=\"height: 23px;\">Financed by<\/td>\n<td style=\"height: 23px;\">\n<p>Ministry of Education (since 2022)<\/p>\n<p>Ministry of Labour, Family, Social Affairs and Equal Opportunities (until 2021)<\/p>\n<\/td>\n<\/tr>\n<tr style=\"height: 71px;\">\n<td style=\"height: 71px;\">Contact<\/td>\n<td style=\"height: 71px;\">Ur\u0161ka Bittner Pipan, MSc<br \/>T: +386 1 5842 547<br \/>E: <a href=\"mailto:urska.bittner.pipan@acs.si\">urska.bittner.pipan@acs.si<\/a><\/td>\n<\/tr>\n<\/tbody>\n<\/table>\n<p>&nbsp;<\/p>\n<p>[\/et_pb_text][\/et_pb_column][\/et_pb_row][et_pb_row _builder_version=&#8221;4.16&#8243; background_size=&#8221;initial&#8221; background_position=&#8221;top_left&#8221; background_repeat=&#8221;repeat&#8221; global_colors_info=&#8221;{}&#8221;][et_pb_column type=&#8221;4_4&#8243; _builder_version=&#8221;4.16&#8243; custom_padding=&#8221;|||&#8221; global_colors_info=&#8221;{}&#8221; custom_padding__hover=&#8221;|||&#8221;][et_pb_text admin_label=&#8221;Namen&#8221; _builder_version=&#8221;4.17.2&#8243; text_font_size=&#8221;10px&#8221; header_5_text_color=&#8221;#ffffff&#8221; header_5_font_size=&#8221;17px&#8221; header_5_line_height=&#8221;27px&#8221; custom_margin=&#8221;||0px|&#8221; custom_padding=&#8221;||0px|&#8221; global_colors_info=&#8221;{}&#8221;]<\/p>\n<p>&nbsp;<\/p>\n<h5 class=\"purple\">AIM<\/h5>\n<p>The aim of the AEC is to shed light on current topics and exchange the achievements and views of researchers and professionals in the theory and practice of adult education and lifelong learning.<\/p>\n<p>[\/et_pb_text][\/et_pb_column][\/et_pb_row][et_pb_row _builder_version=&#8221;4.16&#8243; background_size=&#8221;initial&#8221; background_position=&#8221;top_left&#8221; background_repeat=&#8221;repeat&#8221; global_colors_info=&#8221;{}&#8221;][et_pb_column type=&#8221;4_4&#8243; _builder_version=&#8221;4.16&#8243; custom_padding=&#8221;|||&#8221; global_colors_info=&#8221;{}&#8221; custom_padding__hover=&#8221;|||&#8221;][et_pb_text admin_label=&#8221;Cilji projekta&#8221; _builder_version=&#8221;4.17.2&#8243; text_font_size=&#8221;10px&#8221; header_5_text_color=&#8221;#ffffff&#8221; header_5_font_size=&#8221;17px&#8221; header_5_line_height=&#8221;27px&#8221; custom_margin=&#8221;||0px|&#8221; custom_padding=&#8221;||0px|&#8221; global_colors_info=&#8221;{}&#8221;]<\/p>\n<p>&nbsp;<\/p>\n<h5 class=\"purple\">OBJECTIVES<\/h5>\n<p>Contemplation, discussion and creation of opinions on current topics and challenges in the field of adult education.<\/p>\n<p>[\/et_pb_text][\/et_pb_column][\/et_pb_row][et_pb_row _builder_version=&#8221;4.16&#8243; background_size=&#8221;initial&#8221; background_position=&#8221;top_left&#8221; background_repeat=&#8221;repeat&#8221; global_colors_info=&#8221;{}&#8221;][et_pb_column type=&#8221;4_4&#8243; _builder_version=&#8221;4.16&#8243; custom_padding=&#8221;|||&#8221; global_colors_info=&#8221;{}&#8221; custom_padding__hover=&#8221;|||&#8221;][et_pb_text admin_label=&#8221;Opis&#8221; _builder_version=&#8221;4.17.2&#8243; text_font_size=&#8221;10px&#8221; header_5_text_color=&#8221;#ffffff&#8221; header_5_font_size=&#8221;17px&#8221; header_5_line_height=&#8221;27px&#8221; custom_margin=&#8221;||0px|&#8221; custom_padding=&#8221;||0px|&#8221; global_colors_info=&#8221;{}&#8221;]<\/p>\n<p>&nbsp;<\/p>\n<h5 class=\"purple\">DESCRIPTION<\/h5>\n<p>The SIAE has been organising the AEC, the main gathering of professionals on national level, since 1997 as part of the Lifelong Learning Eeek. In some years, the AEC has been organised in collaboration with local LLW coordinators. Often, we invite foreign experts with whom we collaborate in international projects to participate.<\/p>\n<p>[\/et_pb_text][\/et_pb_column][\/et_pb_row][et_pb_row _builder_version=&#8221;4.16&#8243; background_size=&#8221;initial&#8221; background_position=&#8221;top_left&#8221; background_repeat=&#8221;repeat&#8221; global_colors_info=&#8221;{}&#8221;][et_pb_column type=&#8221;4_4&#8243; _builder_version=&#8221;4.16&#8243; custom_padding=&#8221;|||&#8221; global_colors_info=&#8221;{}&#8221; custom_padding__hover=&#8221;|||&#8221;][et_pb_text admin_label=&#8221;Aktivnost&#8221; _builder_version=&#8221;4.17.2&#8243; text_font_size=&#8221;10px&#8221; header_5_text_color=&#8221;#ffffff&#8221; header_5_font_size=&#8221;17px&#8221; header_5_line_height=&#8221;27px&#8221; custom_margin=&#8221;||0px|&#8221; custom_padding=&#8221;||0px|&#8221; global_colors_info=&#8221;{}&#8221;]<\/p>\n<p>&nbsp;<\/p>\n<h5 class=\"purple\">ACTIVITIES<\/h5>\n<p>The SIAE (with a possible local LLW coordinator) implements the tasks in the following thematic sets:<\/p>\n<ul>\n<li>Definition of concept and contents of the colloquium;<\/li>\n<li>Informing the professional public of the event and sending out invitations;<\/li>\n<\/ul>\n<p>[\/et_pb_text][et_pb_toggle title=&#8221;Read more&#8221; admin_label=&#8221;Preberi ve\u010d&#8221; _builder_version=&#8221;4.17.2&#8243; custom_margin=&#8221;20px|||&#8221; global_colors_info=&#8221;{}&#8221;]<\/p>\n<p>&nbsp;<\/p>\n<ul>\n<li>Collaboration with providers of plenary and panel contributions;<\/li>\n<li>Implementation of organisational tasks in the strictest sense of the word;<\/li>\n<li>Informational and promotional support;<\/li>\n<li>Promotional materials;<\/li>\n<li>Ensuring media support;<\/li>\n<li>Implementation of the colloquium and its evaluation.<\/li>\n<\/ul>\n<p>[\/et_pb_toggle][\/et_pb_column][\/et_pb_row][et_pb_row _builder_version=&#8221;4.16&#8243; background_size=&#8221;initial&#8221; background_position=&#8221;top_left&#8221; background_repeat=&#8221;repeat&#8221; global_colors_info=&#8221;{}&#8221;][et_pb_column type=&#8221;4_4&#8243; _builder_version=&#8221;4.16&#8243; custom_padding=&#8221;|||&#8221; global_colors_info=&#8221;{}&#8221; custom_padding__hover=&#8221;|||&#8221;][et_pb_text admin_label=&#8221;Klju\u010dni dose\u017eki&#8221; _builder_version=&#8221;4.17.2&#8243; text_font_size=&#8221;10px&#8221; header_5_text_color=&#8221;#ffffff&#8221; header_5_font_size=&#8221;17px&#8221; header_5_line_height=&#8221;27px&#8221; custom_margin=&#8221;||0px|&#8221; custom_padding=&#8221;||0px|&#8221; global_colors_info=&#8221;{}&#8221;]<\/p>\n<p>&nbsp;<\/p>\n<h5 class=\"purple\">KEY ACHIEVEMENTS<\/h5>\n<p><strong>Total indicator<\/strong> (1997<strong>\u2013<\/strong>2024): 28 editions of the AEC<\/p>\n<p><strong>AEC 2024 indicators<\/strong>:<\/p>\n<ul>\n<li>Hybrid event on the theme of reading literacy with the title Zapeljani v branje (Enticed into reading), 4 June at SIAE premises<\/li>\n<li>Number of participants: 43 in person, 33 via Zoom<\/li>\n<li>Number of presentations: 5<\/li>\n<li>Website (in Slovenian): <a href=\"https:\/\/tvu.acs.si\/sl\/ak2024\" target=\"_blank\" rel=\"noopener\">https:\/\/tvu.acs.si\/sl\/ak2024<\/a><\/li>\n<li>Recording: <a href=\"https:\/\/youtu.be\/etEvbNVZHeU\" target=\"_blank\" rel=\"noopener\">https:\/\/youtu.be\/etEvbNVZHeU<\/a> and 2 word clouds on participants&#8217; reading habits<\/li>\n<\/ul>\n<p>&nbsp;<\/p>\n<p>[\/et_pb_text][\/et_pb_column][\/et_pb_row][\/et_pb_section]<\/p>\n","protected":false},"excerpt":{"rendered":"<p>&nbsp; Activity&#8230;<\/p>\n","protected":false},"author":161,"featured_media":0,"parent":28559,"menu_order":11,"comment_status":"closed","ping_status":"closed","template":"page_projekt.php","meta":{"_acf_changed":false,"_et_pb_use_builder":"on","_et_pb_old_content":"FOTOGRAFIJA \r\n\r\n<table class=\"projektTableNew\">\r\n<tbody>\r\n<tr>\r\n\t\t\t<td>Naziv projekta:<\/td>\r\n\t\t\t<td>Androgo\u0161ki kolokvij<\/td>\r\n\t\t<\/tr>\r\n\t\t<tr>\r\n\t\t\t<td>\u010casovni okvir:<\/td>\r\n\t\t\t<td>1 dan ali dva dni v maju\/juniju (izjemoma v septembru\/oktobru); od leta 1997 dalje8<\/td>\r\n\t\t<\/tr>\r\n\t\t<tr>\r\n\t\t\t<td>Financer:<\/td>\r\n\t\t\t<td>Ministrstvo za delo, dru\u017eino, socialne zadeve in enake mo\u017enosti <\/td>\r\n\t\t<\/tr>\r\n\r\n<td>\r\n<p> Facebook: <\/p>\r\n<p> Twitter:<\/p>\r\n<\/td>\r\n\r\n<td>\r\n<p> <a href=\"https:\/\/www.facebook.com\/TedenVsezivljenjskegaUcenja\" rel=\"noopener\" target=\"_blank\">https:\/\/www.facebook.com\/TedenVsezivljenjskegaUcenja<\/a>\r\n<\/p>\r\n<p>\r\n<a href=\"https:\/\/twitter.com\/TVUslo\" rel=\"noopener\" target=\"_blank\">https:\/\/twitter.com\/TVUslo<\/a>\r\n<\/p>\r\n<\/td>\r\n\r\n<tr>\t\t\r\n<td>Kontaktna oseba<\/td>\r\n<td>Mag. Zvonka Pangerc Pahernik (T: 01 5842 567, E: <a href=\"mailto:zvonka.pangerc@acs.si\">zvonka.pangerc@acs.si<\/a>)<\/td>\r\n<\/tr>\r\n<\/tbody>\r\n<\/table>\r\n\r\n\r\n<a href=\"http:\/\/tvu.acs.si\/ak\" rel=\"noopener\" target=\"_blank\">http:\/\/tvu.acs.si\/ak<\/a>; <a href=\"http:\/\/pro.acs.si\/ak2017\" rel=\"noopener\" target=\"_blank\">http:\/\/pro.acs.si\/ak2017<\/a>\r\n\r\n\r\n[accordion]\r\n[accordion-item title=\"Namen\"]\r\n<p>Andrago\u0161ki kolokvij je namenjen osvetlitvi sodobnih tem ter izmenjavi dose\u017ekov in stali\u0161\u010d raziskovalcev, teoretikov in praktikov na podro\u010dju izobra\u017eevanja odraslih in vse\u017eivljenjskega u\u010denja. <\/p>\r\n[\/accordion-item]\r\n[\/accordion]\r\n\r\n[accordion]\r\n[accordion-item title=\"Cilji\"]\r\n<p> Razmislek in razprava ter oblikovanje stali\u0161\u010d o sodobnih temah na podro\u010dju izobra\u017eevanja odraslih.  <\/p>\r\n[\/accordion-item]\r\n[\/accordion]\r\n\r\n[accordion]\r\n[accordion-item title=\"Opis\"]\r\n<p> ACS v okviru Tedna vse\u017eivljenjskega u\u010denja \u017ee od leta 1997 organizira andrago\u0161ki kolokvij (AK), osrednje strokovno sre\u010danje na dr\u017eavni ravni. Od leta 2017 dalje ga pripravlja v sodelovanju s koordinatorji TVU v lokalnem okolju. Nanj povabimo tudi strokovnjake iz tujine, s katerimi sodelujemo v mednarodnih projektih. <\/p>\r\n[\/accordion-item]\r\n[\/accordion]\r\n\r\n[accordion]\r\n[accordion-item title=\"Aktivnosti\"]\r\n<p>\r\nACS (skupaj z lokalnim koordinatorjem TVU) izpelje naloge, ki potekajo v naslednjih vsebinskih sklopih:<\/p>\r\n<ul>\r\n<li>opredelitev koncepta in vsebin kolokvija,<\/li>\r\n<li>obve\u0161\u010danje strokovne javnosti o posvetu in vabljenje,<\/li>\r\n<li>sodelovanje z izvajalci plenarnih in panelnih prispevkov <\/li>\r\n<li>izpeljava organizacijskih del v o\u017ejem smislu,<\/li>\r\n<li>informacijsko-promocijska podpora,<\/li>\r\n<li>promocijska gradiva,<\/li>\r\n<li>zagotavljanje medijske podpore,<\/li>\r\n<li>izpeljava kolokvija in njegova evalvacija.<\/li>\r\n<\/ul>\r\n\r\n[\/accordion-item]\r\n[\/accordion]\r\n\r\n[accordion]\r\n[accordion-item title=\"Klju\u010dni dose\u017eki\"]\r\n<p>Skupni kazalnik: 21 izpeljav AK<\/p>\r\n<p> Kazalniki AK 2017: <\/p>\r\n<uL> \r\n<li>\u0161tevilo udele\u017eencev: 122<\/li>\r\n<li>\u0161tevilo prispevkov: 14 <\/li>\r\n<li>\u0161tevilo nastopajo\u010dih: 16<\/li>\r\n<li>naklada  promocijskih gradiv (3): po 150 izvodov<\/li>\r\n<\/ul>\r\n[\/accordion-item]\r\n[\/accordion]","_et_gb_content_width":"","inline_featured_image":false,"footnotes":""},"class_list":["post-28017","page","type-page","status-publish","hentry"],"acf":[],"yoast_head":"<!-- This site is optimized with the Yoast SEO plugin v26.2 - https:\/\/yoast.com\/wordpress\/plugins\/seo\/ -->\n<title>Adult Education Colloquium | Andrago\u0161ki center Republike Slovenije<\/title>\n<meta name=\"robots\" content=\"index, follow, max-snippet:-1, max-image-preview:large, max-video-preview:-1\" \/>\n<link rel=\"canonical\" href=\"https:\/\/www.acs.si\/en\/projects\/other-activities\/adult-education-colloquium\/\" \/>\n<meta property=\"og:locale\" content=\"en_US\" \/>\n<meta property=\"og:type\" content=\"article\" \/>\n<meta property=\"og:title\" content=\"Adult Education Colloquium | Andrago\u0161ki center Republike Slovenije\" \/>\n<meta property=\"og:description\" content=\"&nbsp; Activity...\" \/>\n<meta property=\"og:url\" content=\"https:\/\/www.acs.si\/en\/projects\/other-activities\/adult-education-colloquium\/\" \/>\n<meta property=\"og:site_name\" content=\"Andrago\u0161ki center Republike Slovenije\" \/>\n<meta property=\"article:publisher\" content=\"https:\/\/www.facebook.com\/AndragoskiCenterSlovenije\/\" \/>\n<meta property=\"article:modified_time\" content=\"2026-03-02T15:32:42+00:00\" \/>\n<meta name=\"twitter:card\" content=\"summary_large_image\" \/>\n<meta name=\"twitter:label1\" content=\"Est. reading time\" \/>\n\t<meta name=\"twitter:data1\" content=\"2 minutes\" \/>\n<script type=\"application\/ld+json\" class=\"yoast-schema-graph\">{\"@context\":\"https:\/\/schema.org\",\"@graph\":[{\"@type\":\"WebPage\",\"@id\":\"https:\/\/www.acs.si\/en\/projects\/other-activities\/adult-education-colloquium\/\",\"url\":\"https:\/\/www.acs.si\/en\/projects\/other-activities\/adult-education-colloquium\/\",\"name\":\"Adult Education Colloquium | Andrago\u0161ki center Republike Slovenije\",\"isPartOf\":{\"@id\":\"https:\/\/www.acs.si\/#website\"},\"datePublished\":\"2018-08-29T15:14:05+00:00\",\"dateModified\":\"2026-03-02T15:32:42+00:00\",\"breadcrumb\":{\"@id\":\"https:\/\/www.acs.si\/en\/projects\/other-activities\/adult-education-colloquium\/#breadcrumb\"},\"inLanguage\":\"en-US\",\"potentialAction\":[{\"@type\":\"ReadAction\",\"target\":[\"https:\/\/www.acs.si\/en\/projects\/other-activities\/adult-education-colloquium\/\"]}]},{\"@type\":\"BreadcrumbList\",\"@id\":\"https:\/\/www.acs.si\/en\/projects\/other-activities\/adult-education-colloquium\/#breadcrumb\",\"itemListElement\":[{\"@type\":\"ListItem\",\"position\":1,\"name\":\"Home\",\"item\":\"https:\/\/www.acs.si\/en\/\"},{\"@type\":\"ListItem\",\"position\":2,\"name\":\"Projects\",\"item\":\"https:\/\/www.acs.si\/en\/projects\/\"},{\"@type\":\"ListItem\",\"position\":3,\"name\":\"Other activities\",\"item\":\"https:\/\/www.acs.si\/en\/projects\/other-activities\/\"},{\"@type\":\"ListItem\",\"position\":4,\"name\":\"Adult Education Colloquium\"}]},{\"@type\":\"WebSite\",\"@id\":\"https:\/\/www.acs.si\/#website\",\"url\":\"https:\/\/www.acs.si\/\",\"name\":\"Andrago\u0161ki center Republike Slovenije\",\"description\":\"\",\"potentialAction\":[{\"@type\":\"SearchAction\",\"target\":{\"@type\":\"EntryPoint\",\"urlTemplate\":\"https:\/\/www.acs.si\/?s={search_term_string}\"},\"query-input\":{\"@type\":\"PropertyValueSpecification\",\"valueRequired\":true,\"valueName\":\"search_term_string\"}}],\"inLanguage\":\"en-US\"}]}<\/script>\n<!-- \/ Yoast SEO plugin. -->","yoast_head_json":{"title":"Adult Education Colloquium | Andrago\u0161ki center Republike Slovenije","robots":{"index":"index","follow":"follow","max-snippet":"max-snippet:-1","max-image-preview":"max-image-preview:large","max-video-preview":"max-video-preview:-1"},"canonical":"https:\/\/www.acs.si\/en\/projects\/other-activities\/adult-education-colloquium\/","og_locale":"en_US","og_type":"article","og_title":"Adult Education Colloquium | Andrago\u0161ki center Republike Slovenije","og_description":"&nbsp; Activity...","og_url":"https:\/\/www.acs.si\/en\/projects\/other-activities\/adult-education-colloquium\/","og_site_name":"Andrago\u0161ki center Republike Slovenije","article_publisher":"https:\/\/www.facebook.com\/AndragoskiCenterSlovenije\/","article_modified_time":"2026-03-02T15:32:42+00:00","twitter_card":"summary_large_image","twitter_misc":{"Est. reading time":"2 minutes"},"schema":{"@context":"https:\/\/schema.org","@graph":[{"@type":"WebPage","@id":"https:\/\/www.acs.si\/en\/projects\/other-activities\/adult-education-colloquium\/","url":"https:\/\/www.acs.si\/en\/projects\/other-activities\/adult-education-colloquium\/","name":"Adult Education Colloquium | Andrago\u0161ki center Republike Slovenije","isPartOf":{"@id":"https:\/\/www.acs.si\/#website"},"datePublished":"2018-08-29T15:14:05+00:00","dateModified":"2026-03-02T15:32:42+00:00","breadcrumb":{"@id":"https:\/\/www.acs.si\/en\/projects\/other-activities\/adult-education-colloquium\/#breadcrumb"},"inLanguage":"en-US","potentialAction":[{"@type":"ReadAction","target":["https:\/\/www.acs.si\/en\/projects\/other-activities\/adult-education-colloquium\/"]}]},{"@type":"BreadcrumbList","@id":"https:\/\/www.acs.si\/en\/projects\/other-activities\/adult-education-colloquium\/#breadcrumb","itemListElement":[{"@type":"ListItem","position":1,"name":"Home","item":"https:\/\/www.acs.si\/en\/"},{"@type":"ListItem","position":2,"name":"Projects","item":"https:\/\/www.acs.si\/en\/projects\/"},{"@type":"ListItem","position":3,"name":"Other activities","item":"https:\/\/www.acs.si\/en\/projects\/other-activities\/"},{"@type":"ListItem","position":4,"name":"Adult Education Colloquium"}]},{"@type":"WebSite","@id":"https:\/\/www.acs.si\/#website","url":"https:\/\/www.acs.si\/","name":"Andrago\u0161ki center Republike Slovenije","description":"","potentialAction":[{"@type":"SearchAction","target":{"@type":"EntryPoint","urlTemplate":"https:\/\/www.acs.si\/?s={search_term_string}"},"query-input":{"@type":"PropertyValueSpecification","valueRequired":true,"valueName":"search_term_string"}}],"inLanguage":"en-US"}]}},"_links":{"self":[{"href":"https:\/\/www.acs.si\/en\/wp-json\/wp\/v2\/pages\/28017","targetHints":{"allow":["GET"]}}],"collection":[{"href":"https:\/\/www.acs.si\/en\/wp-json\/wp\/v2\/pages"}],"about":[{"href":"https:\/\/www.acs.si\/en\/wp-json\/wp\/v2\/types\/page"}],"author":[{"embeddable":true,"href":"https:\/\/www.acs.si\/en\/wp-json\/wp\/v2\/users\/161"}],"replies":[{"embeddable":true,"href":"https:\/\/www.acs.si\/en\/wp-json\/wp\/v2\/comments?post=28017"}],"version-history":[{"count":16,"href":"https:\/\/www.acs.si\/en\/wp-json\/wp\/v2\/pages\/28017\/revisions"}],"predecessor-version":[{"id":85837,"href":"https:\/\/www.acs.si\/en\/wp-json\/wp\/v2\/pages\/28017\/revisions\/85837"}],"up":[{"embeddable":true,"href":"https:\/\/www.acs.si\/en\/wp-json\/wp\/v2\/pages\/28559"}],"wp:attachment":[{"href":"https:\/\/www.acs.si\/en\/wp-json\/wp\/v2\/media?parent=28017"}],"curies":[{"name":"wp","href":"https:\/\/api.w.org\/{rel}","templated":true}]}}