{"id":28014,"date":"2018-08-29T15:38:44","date_gmt":"2018-08-29T14:38:44","guid":{"rendered":"http:\/\/www.acs.si\/?page_id=28014"},"modified":"2026-03-02T16:37:18","modified_gmt":"2026-03-02T15:37:18","slug":"awards-for-the-promotion-of-adult-learning-and-knowledge","status":"publish","type":"page","link":"https:\/\/www.acs.si\/en\/projects\/other-activities\/awards-for-the-promotion-of-adult-learning-and-knowledge\/","title":{"rendered":"Awards for the Promotion of Adult Learning and Knowledge"},"content":{"rendered":"<p>[et_pb_section fb_built=&#8221;1&#8243; _builder_version=&#8221;4.16&#8243; custom_padding=&#8221;0px|||&#8221; global_colors_info=&#8221;{}&#8221;][et_pb_row make_equal=&#8221;on&#8221; module_class=&#8221;logo-img-cont &#8221; _builder_version=&#8221;4.16&#8243; background_size=&#8221;initial&#8221; background_position=&#8221;top_left&#8221; background_repeat=&#8221;repeat&#8221; custom_margin=&#8221;||20px|&#8221; custom_padding=&#8221;0px||0px|&#8221; border_width_all=&#8221;1px&#8221; border_color_all=&#8221;#cdd1d6&#8243; global_colors_info=&#8221;{}&#8221;][et_pb_column type=&#8221;4_4&#8243; _builder_version=&#8221;4.16&#8243; custom_padding=&#8221;|||&#8221; global_colors_info=&#8221;{}&#8221; custom_padding__hover=&#8221;|||&#8221;][et_pb_text _builder_version=&#8221;4.27.5&#8243; custom_padding=&#8221;20px|20px|20px|20px&#8221; hover_enabled=&#8221;0&#8243; border_width_left=&#8221;1px&#8221; border_color_left=&#8221;#cdd1d6&#8243; global_colors_info=&#8221;{}&#8221; sticky_enabled=&#8221;0&#8243;]<\/p>\n<p>&nbsp;<\/p>\n<table class=\"projektTable\">\n<tbody>\n<tr>\n<td style=\"width: 127px;\">Activity<\/td>\n<td style=\"width: 496px;\">\u00a0Awards for the Promotion of Adult Learning and Knowledge<br \/>(shorter: SIAE Awards)<\/td>\n<\/tr>\n<tr>\n<td style=\"width: 127px;\">Time period<\/td>\n<td style=\"width: 496px;\">Since 1997<\/td>\n<\/tr>\n<tr>\n<td style=\"width: 127px;\">Financed by<\/td>\n<td style=\"width: 496px;\">Ministry of Education<\/td>\n<\/tr>\n<tr>\n<td style=\"width: 127px;\">Contact<\/td>\n<td style=\"width: 496px;\">Ur\u0161ka Bittner Pipan, MSc<br \/>T: +386 1 5842 547<br \/>E:<a href=\"mailto:urska.bittner.pipan@acs.si\"> urska.bittner.pipan@acs.si<\/a><\/td>\n<\/tr>\n<\/tbody>\n<\/table>\n<p>&nbsp;<\/p>\n<p>[\/et_pb_text][\/et_pb_column][\/et_pb_row][et_pb_row _builder_version=&#8221;4.16&#8243; background_size=&#8221;initial&#8221; background_position=&#8221;top_left&#8221; background_repeat=&#8221;repeat&#8221; global_colors_info=&#8221;{}&#8221;][et_pb_column type=&#8221;4_4&#8243; _builder_version=&#8221;4.16&#8243; custom_padding=&#8221;|||&#8221; global_colors_info=&#8221;{}&#8221; custom_padding__hover=&#8221;|||&#8221;][et_pb_text admin_label=&#8221;Namen&#8221; _builder_version=&#8221;4.16&#8243; text_font_size=&#8221;10px&#8221; header_5_text_color=&#8221;#ffffff&#8221; header_5_font_size=&#8221;17px&#8221; header_5_line_height=&#8221;27px&#8221; custom_margin=&#8221;||0px|&#8221; custom_padding=&#8221;||0px|&#8221; global_colors_info=&#8221;{}&#8221;]<\/p>\n<p>&nbsp;<\/p>\n<h5 class=\"purple\">AIM<\/h5>\n<p>The aim of the Awards is to present individuals, groups and organisations who invest a lot into learning and education and thus achieve a lot for the general public as role models, celebrating achievements of adults who change lives through learning and highlighting the advantages of learning.<\/p>\n<p>[\/et_pb_text][et_pb_toggle title=&#8221;Read more&#8221; admin_label=&#8221;Preberi ve\u010d&#8221; _builder_version=&#8221;4.16&#8243; custom_margin=&#8221;0px||0px|&#8221; custom_padding=&#8221;0px||0px|&#8221; global_colors_info=&#8221;{}&#8221;]<\/p>\n<p>&nbsp;<\/p>\n<p>We want to encourage participation in learning, as only empowered individuals can change themselves and the world for the better. Learning has an important effect on personal and social life of individuals. It influences their health, employability, the learning ability of their children, their savings at the end of their life and the development of their environment. Through their endeavours, they change themselves, their closest relatives and friends, their neighbourhood, their community and the society in general.<\/p>\n<p>[\/et_pb_toggle][\/et_pb_column][\/et_pb_row][et_pb_row _builder_version=&#8221;4.16&#8243; background_size=&#8221;initial&#8221; background_position=&#8221;top_left&#8221; background_repeat=&#8221;repeat&#8221; global_colors_info=&#8221;{}&#8221;][et_pb_column type=&#8221;4_4&#8243; _builder_version=&#8221;4.16&#8243; custom_padding=&#8221;|||&#8221; global_colors_info=&#8221;{}&#8221; custom_padding__hover=&#8221;|||&#8221;][et_pb_text admin_label=&#8221;Cilji&#8221; _builder_version=&#8221;4.16&#8243; text_font_size=&#8221;10px&#8221; header_5_text_color=&#8221;#ffffff&#8221; header_5_font_size=&#8221;17px&#8221; header_5_line_height=&#8221;27px&#8221; custom_margin=&#8221;||0px|&#8221; custom_padding=&#8221;||0px|&#8221; global_colors_info=&#8221;{}&#8221;]<\/p>\n<p>&nbsp;<\/p>\n<h5 class=\"purple\">OBJECTIVES<\/h5>\n<p>To raise awareness among the largest possible number of citizens of the effects of learning and education on development of individuals and society, increasing the participation of adults in learning and education.<\/p>\n<p>[\/et_pb_text][\/et_pb_column][\/et_pb_row][et_pb_row _builder_version=&#8221;4.16&#8243; background_size=&#8221;initial&#8221; background_position=&#8221;top_left&#8221; background_repeat=&#8221;repeat&#8221; global_colors_info=&#8221;{}&#8221;][et_pb_column type=&#8221;4_4&#8243; _builder_version=&#8221;4.16&#8243; custom_padding=&#8221;|||&#8221; global_colors_info=&#8221;{}&#8221; custom_padding__hover=&#8221;|||&#8221;][et_pb_text admin_label=&#8221;Opis&#8221; _builder_version=&#8221;4.16&#8243; text_font_size=&#8221;10px&#8221; header_5_text_color=&#8221;#ffffff&#8221; header_5_font_size=&#8221;17px&#8221; header_5_line_height=&#8221;27px&#8221; custom_margin=&#8221;||0px|&#8221; custom_padding=&#8221;||0px|&#8221; global_colors_info=&#8221;{}&#8221;]<\/p>\n<p>&nbsp;<\/p>\n<h5 class=\"purple\">DESCRIPTION<\/h5>\n<p>We have been bestowing the Awards as part of the LLW project since 1997. The Awards are divided into three categories (5 awards altogether in the past few years):<\/p>\n<ol>\n<li>Awards for individuals for special achievements in the category of lifelong learning;<\/li>\n<li>Awards for groups for special achievements in the category of lifelong learning;<\/li>\n<li>Awards for institutions, companies or local communities for special professional or promotional achievements and for enrichment of their own knowledge and knowledge of others.<\/li>\n<\/ol>\n<p>[\/et_pb_text][et_pb_toggle title=&#8221;Read more&#8221; admin_label=&#8221;Preberi ve\u010d&#8221; _builder_version=&#8221;4.16&#8243; global_colors_info=&#8221;{}&#8221;]<\/p>\n<p>&nbsp;<\/p>\n<p>Since 1999, all the Award winners have been presented with a video portrait. The action is regulated by the Regulations on the SIAE awards <a href=\"http:\/\/tvu.acs.si\/priznanja\/pravilnik\">http:\/\/tvu.acs.si\/priznanja\/pravilnik<\/a>.<\/p>\n<p>So far, we have bestowed 208 awards:<\/p>\n<ul>\n<li>109 to individuals who reached their desired education, their desired job, developed their creativity and\/or helped develop the local community;<\/li>\n<li>61 to groups who motivated and developed hidden talents, acquired knowledge of their hobbies and contributed to the quality of a professional field; and<\/li>\n<li>38 to institutions\/companies\/local communities who contributed to development and spreading of a culture of learning.<\/li>\n<\/ul>\n<p>[\/et_pb_toggle][\/et_pb_column][\/et_pb_row][et_pb_row _builder_version=&#8221;4.16&#8243; background_size=&#8221;initial&#8221; background_position=&#8221;top_left&#8221; background_repeat=&#8221;repeat&#8221; global_colors_info=&#8221;{}&#8221;][et_pb_column type=&#8221;4_4&#8243; _builder_version=&#8221;4.16&#8243; custom_padding=&#8221;|||&#8221; global_colors_info=&#8221;{}&#8221; custom_padding__hover=&#8221;|||&#8221;][et_pb_text admin_label=&#8221;Aktivnosti&#8221; _builder_version=&#8221;4.16&#8243; text_font_size=&#8221;10px&#8221; header_5_text_color=&#8221;#ffffff&#8221; header_5_font_size=&#8221;17px&#8221; header_5_line_height=&#8221;27px&#8221; custom_margin=&#8221;||0px|&#8221; custom_padding=&#8221;||0px|&#8221; global_colors_info=&#8221;{}&#8221;]<\/p>\n<p>&nbsp;<\/p>\n<h5 class=\"purple\">ACTIVITIES<\/h5>\n<p>Every year, we put out a Call for tenders for Awards for promotion of adult learning and knowledge, in the last few years between 15 September and 14 October, to collect proposals for awards. Based on valid proposals, the Awards Committee selects up to ten new winners, usually in December.<\/p>\n<p>[\/et_pb_text][et_pb_toggle title=&#8221;Read more&#8221; admin_label=&#8221;Preberi ve\u010d&#8221; _builder_version=&#8221;4.16&#8243; global_colors_info=&#8221;{}&#8221;]<\/p>\n<p>&nbsp;<\/p>\n<p>Due to the economic situation, we had to reduce the number of winners to up to 5. In January, we have the first meeting with the winners to interview them and learn their life stories. In March, we film the videos, which are edited in April so that we can present them to the public at the LLW opening ceremony in May. Later, the videos are distributed to all interested parties.<\/p>\n<p>[\/et_pb_toggle][\/et_pb_column][\/et_pb_row][et_pb_row _builder_version=&#8221;4.16&#8243; background_size=&#8221;initial&#8221; background_position=&#8221;top_left&#8221; background_repeat=&#8221;repeat&#8221; global_colors_info=&#8221;{}&#8221;][et_pb_column type=&#8221;4_4&#8243; _builder_version=&#8221;4.16&#8243; custom_padding=&#8221;|||&#8221; global_colors_info=&#8221;{}&#8221; custom_padding__hover=&#8221;|||&#8221;][et_pb_text admin_label=&#8221;Klju\u010dni dose\u017eki&#8221; _builder_version=&#8221;4.16&#8243; text_font_size=&#8221;10px&#8221; header_5_text_color=&#8221;#ffffff&#8221; header_5_font_size=&#8221;17px&#8221; header_5_line_height=&#8221;27px&#8221; custom_margin=&#8221;||0px|&#8221; custom_padding=&#8221;||0px|&#8221; global_colors_info=&#8221;{}&#8221;]<\/p>\n<p>&nbsp;<\/p>\n<h5 class=\"purple\">KEY ACHIEVEMENTS<\/h5>\n<ul>\n<li>208 Awards: http:\/\/tvu.acs.si\/priznanja\/dobitniki<\/li>\n<li>184 video portraits of Award winners available on the website<\/li>\n<li>Inclusion of winner into different SIAE activities.<\/li>\n<\/ul>\n<p>[\/et_pb_text][\/et_pb_column][\/et_pb_row][\/et_pb_section]<\/p>\n","protected":false},"excerpt":{"rendered":"<p>&nbsp; Activity&#8230;<\/p>\n","protected":false},"author":161,"featured_media":0,"parent":28559,"menu_order":4,"comment_status":"closed","ping_status":"closed","template":"page_projekt.php","meta":{"_acf_changed":false,"_et_pb_use_builder":"on","_et_pb_old_content":"FOTOGRAFIJA \r\n\r\n<table class=\"projektTableNew\">\r\n<tbody>\r\n<tr>\r\n\t\t\t<td>Naziv projekta:<\/td>\r\n\t\t\t<td>Priznanja za promocijo u\u010denja in znanja odraslih (kratko: Priznanja ACS)<\/td>\r\n\t\t<\/tr>\r\n\t\t<tr>\r\n\t\t\t<td>\u010casovni okvir<\/td>\r\n\t\t\t<td>Vse leto; od leta 1997 dalje<\/td>\r\n\t\t<\/tr>\r\n\t\t<tr>\r\n\t\t\t<td>Financer<\/td>\r\n\t\t\t<td>Ministrstvo za delo, dru\u017eino, socialne zadeve in enake mo\u017enosti<\/td>\r\n\t\t<\/tr>\r\n<tr>\r\n\t\t\t<td>Kontaktna oseba<\/td>\r\n\t\t<td> Mag. Zvonka Pangerc Pahernik, ACS T: 01 5842 567, E: <a href=\"mailto: zvonka.pangerc@acs.si\">zvonka.pangerc@acs.si<\/a>)<\/td>\r\n\t\t<\/tr>\r\n<\/tbody>\r\n<\/table>\r\n\r\n<a href=\"http:\/\/tvu.acs.si\/priznanja\" rel=\"noopener\" target=\"_blank\">http:\/\/tvu.acs.si\/priznanja<\/a>\r\n\r\n[accordion]\r\n[accordion-item title=\"Namen\"]<p>Priznanja podeljujemo, da bi naj\u0161ir\u0161i javnosti kot zgled postavili posameznike, skupine in organizacije, ki v u\u010denje in izobra\u017eevanje veliko vlagajo in zato dosegajo lepe uspehe, s tem pa praznovali dose\u017eke odraslih, ki z u\u010denjem spreminjajo \u017eivljenja in poudarili koristi u\u010denja. Spodbuditi \u017eelimo vklju\u010devanje v u\u010denje saj bodo le opolnomo\u010deni posamezniki spreminjali sebe in svet na bolje. U\u010denje pomembno vpliva na osebno in dru\u017ebeno \u017eivljenje posameznikov. Vpliva na njihovo zdravje, na zaposljivost, kako dobro se u\u010dijo njihovi otroci, koliko jim konec meseca ostane v \u017eepu, ter kako razvito bo njihovo okolje. S svojimi prizadevanji spreminjajo sebe, svoje bli\u017enje, sose\u0161\u010dino, skupnost in celotno dru\u017ebo. <\/p> [\/accordion-item]\r\n[\/accordion]\r\n\r\n\r\n[accordion]\r\n[accordion-item title=\"Cilji\"]<p>Ozavestiti kar najve\u010dje \u0161tevilo dr\u017eavljank in dr\u017eavljanov, da u\u010denje in izobra\u017eevanje spodbujata razvoj posameznika in dru\u017ebe ter tako pove\u010devati vklju\u010devanje odraslih v u\u010denje in izobra\u017eevanje.<\/p>\r\n[\/accordion-item]\r\n[\/accordion]\r\n\r\n\r\n[accordion]\r\n[accordion-item title=\"Opis\"]<p> Priznanja podeljujemo od leta 1997 v okviru projekta TVU. Podeljujemo jih (v zadnjih letih po 5 priznanj) v treh kategorijah: <\/p>\r\n<ol>\r\n<li>posameznikom za posebne dose\u017eke na podro\u010dju vse\u017eivljenjskega u\u010denja;<\/li>\r\n<li>skupinam za posebne dose\u017eke na podro\u010dju vse\u017eivljenjskega u\u010denja;<\/li>\r\n<li>ustanovam, podjetjem ali lokalnim skupnostim za posebne strokovne ali promocijske dose\u017eke ter za dose\u017eke pri bogatitvi lastnega znanja in znanja drugih. <\/li>\r\n<\/ol>\r\n<p> Od leta 1999 dobitnike predstavljamo z video portretom. Akcijo ureja Pravilnik o podeljevanju priznanj ACS <a href=\"http:\/\/tvu.acs.si\/priznanja\/pravilnik\" rel=\"noopener\" target=\"_blank\">http:\/\/tvu.acs.si\/priznanja\/pravilnik<\/a>. <\/p>\r\n\r\n<p> Do danes smo podelili 208 priznanj: <\/p>\r\n<ul>\r\n<li> 109 posameznikom, ki so pri\u0161li do izobrazbe, dosegli izbrani poklic, razvijali ustvarjalnost in\/ali razvijali lokalno skupnost; <\/li>\r\n<li> 61 skupinam, ki so razvijale motivacijo in spe\u010de talente, se u\u010dile v ljubiteljskih dejavnostih in prispevale h kakovosti na strokovnem podro\u010dju, ter <\/li>\r\n<li> 38 ustanovam\/podjetjem\/lokalnim skupnostim, ki so prispevale k razvoju in \u0161irjenju kulture u\u010denja.<\/li>\r\n<\/ul>\r\n[\/accordion-item]\r\n[\/accordion]","_et_gb_content_width":"","inline_featured_image":false,"footnotes":""},"class_list":["post-28014","page","type-page","status-publish","hentry"],"acf":[],"yoast_head":"<!-- This site is optimized with the Yoast SEO plugin v26.2 - https:\/\/yoast.com\/wordpress\/plugins\/seo\/ -->\n<title>Awards for the Promotion of Adult Learning and Knowledge | Andrago\u0161ki center Republike Slovenije<\/title>\n<meta name=\"robots\" content=\"index, follow, max-snippet:-1, max-image-preview:large, max-video-preview:-1\" \/>\n<link rel=\"canonical\" href=\"https:\/\/www.acs.si\/en\/projects\/other-activities\/awards-for-the-promotion-of-adult-learning-and-knowledge\/\" \/>\n<meta property=\"og:locale\" content=\"en_US\" \/>\n<meta property=\"og:type\" content=\"article\" \/>\n<meta property=\"og:title\" content=\"Awards for the Promotion of Adult Learning and Knowledge | Andrago\u0161ki center Republike Slovenije\" \/>\n<meta property=\"og:description\" content=\"&nbsp; Activity...\" \/>\n<meta property=\"og:url\" content=\"https:\/\/www.acs.si\/en\/projects\/other-activities\/awards-for-the-promotion-of-adult-learning-and-knowledge\/\" \/>\n<meta property=\"og:site_name\" content=\"Andrago\u0161ki center Republike Slovenije\" \/>\n<meta property=\"article:publisher\" content=\"https:\/\/www.facebook.com\/AndragoskiCenterSlovenije\/\" \/>\n<meta property=\"article:modified_time\" content=\"2026-03-02T15:37:18+00:00\" \/>\n<meta name=\"twitter:card\" content=\"summary_large_image\" \/>\n<meta name=\"twitter:label1\" content=\"Est. reading time\" \/>\n\t<meta name=\"twitter:data1\" content=\"3 minutes\" \/>\n<script type=\"application\/ld+json\" class=\"yoast-schema-graph\">{\"@context\":\"https:\/\/schema.org\",\"@graph\":[{\"@type\":\"WebPage\",\"@id\":\"https:\/\/www.acs.si\/en\/projects\/other-activities\/awards-for-the-promotion-of-adult-learning-and-knowledge\/\",\"url\":\"https:\/\/www.acs.si\/en\/projects\/other-activities\/awards-for-the-promotion-of-adult-learning-and-knowledge\/\",\"name\":\"Awards for the Promotion of Adult Learning and Knowledge | Andrago\u0161ki center Republike Slovenije\",\"isPartOf\":{\"@id\":\"https:\/\/www.acs.si\/#website\"},\"datePublished\":\"2018-08-29T14:38:44+00:00\",\"dateModified\":\"2026-03-02T15:37:18+00:00\",\"breadcrumb\":{\"@id\":\"https:\/\/www.acs.si\/en\/projects\/other-activities\/awards-for-the-promotion-of-adult-learning-and-knowledge\/#breadcrumb\"},\"inLanguage\":\"en-US\",\"potentialAction\":[{\"@type\":\"ReadAction\",\"target\":[\"https:\/\/www.acs.si\/en\/projects\/other-activities\/awards-for-the-promotion-of-adult-learning-and-knowledge\/\"]}]},{\"@type\":\"BreadcrumbList\",\"@id\":\"https:\/\/www.acs.si\/en\/projects\/other-activities\/awards-for-the-promotion-of-adult-learning-and-knowledge\/#breadcrumb\",\"itemListElement\":[{\"@type\":\"ListItem\",\"position\":1,\"name\":\"Home\",\"item\":\"https:\/\/www.acs.si\/en\/\"},{\"@type\":\"ListItem\",\"position\":2,\"name\":\"Projects\",\"item\":\"https:\/\/www.acs.si\/en\/projects\/\"},{\"@type\":\"ListItem\",\"position\":3,\"name\":\"Other activities\",\"item\":\"https:\/\/www.acs.si\/en\/projects\/other-activities\/\"},{\"@type\":\"ListItem\",\"position\":4,\"name\":\"Awards for the Promotion of Adult Learning and Knowledge\"}]},{\"@type\":\"WebSite\",\"@id\":\"https:\/\/www.acs.si\/#website\",\"url\":\"https:\/\/www.acs.si\/\",\"name\":\"Andrago\u0161ki center Republike Slovenije\",\"description\":\"\",\"potentialAction\":[{\"@type\":\"SearchAction\",\"target\":{\"@type\":\"EntryPoint\",\"urlTemplate\":\"https:\/\/www.acs.si\/?s={search_term_string}\"},\"query-input\":{\"@type\":\"PropertyValueSpecification\",\"valueRequired\":true,\"valueName\":\"search_term_string\"}}],\"inLanguage\":\"en-US\"}]}<\/script>\n<!-- \/ Yoast SEO plugin. -->","yoast_head_json":{"title":"Awards for the Promotion of Adult Learning and Knowledge | Andrago\u0161ki center Republike Slovenije","robots":{"index":"index","follow":"follow","max-snippet":"max-snippet:-1","max-image-preview":"max-image-preview:large","max-video-preview":"max-video-preview:-1"},"canonical":"https:\/\/www.acs.si\/en\/projects\/other-activities\/awards-for-the-promotion-of-adult-learning-and-knowledge\/","og_locale":"en_US","og_type":"article","og_title":"Awards for the Promotion of Adult Learning and Knowledge | Andrago\u0161ki center Republike Slovenije","og_description":"&nbsp; Activity...","og_url":"https:\/\/www.acs.si\/en\/projects\/other-activities\/awards-for-the-promotion-of-adult-learning-and-knowledge\/","og_site_name":"Andrago\u0161ki center Republike Slovenije","article_publisher":"https:\/\/www.facebook.com\/AndragoskiCenterSlovenije\/","article_modified_time":"2026-03-02T15:37:18+00:00","twitter_card":"summary_large_image","twitter_misc":{"Est. reading time":"3 minutes"},"schema":{"@context":"https:\/\/schema.org","@graph":[{"@type":"WebPage","@id":"https:\/\/www.acs.si\/en\/projects\/other-activities\/awards-for-the-promotion-of-adult-learning-and-knowledge\/","url":"https:\/\/www.acs.si\/en\/projects\/other-activities\/awards-for-the-promotion-of-adult-learning-and-knowledge\/","name":"Awards for the Promotion of Adult Learning and Knowledge | Andrago\u0161ki center Republike Slovenije","isPartOf":{"@id":"https:\/\/www.acs.si\/#website"},"datePublished":"2018-08-29T14:38:44+00:00","dateModified":"2026-03-02T15:37:18+00:00","breadcrumb":{"@id":"https:\/\/www.acs.si\/en\/projects\/other-activities\/awards-for-the-promotion-of-adult-learning-and-knowledge\/#breadcrumb"},"inLanguage":"en-US","potentialAction":[{"@type":"ReadAction","target":["https:\/\/www.acs.si\/en\/projects\/other-activities\/awards-for-the-promotion-of-adult-learning-and-knowledge\/"]}]},{"@type":"BreadcrumbList","@id":"https:\/\/www.acs.si\/en\/projects\/other-activities\/awards-for-the-promotion-of-adult-learning-and-knowledge\/#breadcrumb","itemListElement":[{"@type":"ListItem","position":1,"name":"Home","item":"https:\/\/www.acs.si\/en\/"},{"@type":"ListItem","position":2,"name":"Projects","item":"https:\/\/www.acs.si\/en\/projects\/"},{"@type":"ListItem","position":3,"name":"Other activities","item":"https:\/\/www.acs.si\/en\/projects\/other-activities\/"},{"@type":"ListItem","position":4,"name":"Awards for the Promotion of Adult Learning and Knowledge"}]},{"@type":"WebSite","@id":"https:\/\/www.acs.si\/#website","url":"https:\/\/www.acs.si\/","name":"Andrago\u0161ki center Republike Slovenije","description":"","potentialAction":[{"@type":"SearchAction","target":{"@type":"EntryPoint","urlTemplate":"https:\/\/www.acs.si\/?s={search_term_string}"},"query-input":{"@type":"PropertyValueSpecification","valueRequired":true,"valueName":"search_term_string"}}],"inLanguage":"en-US"}]}},"_links":{"self":[{"href":"https:\/\/www.acs.si\/en\/wp-json\/wp\/v2\/pages\/28014","targetHints":{"allow":["GET"]}}],"collection":[{"href":"https:\/\/www.acs.si\/en\/wp-json\/wp\/v2\/pages"}],"about":[{"href":"https:\/\/www.acs.si\/en\/wp-json\/wp\/v2\/types\/page"}],"author":[{"embeddable":true,"href":"https:\/\/www.acs.si\/en\/wp-json\/wp\/v2\/users\/161"}],"replies":[{"embeddable":true,"href":"https:\/\/www.acs.si\/en\/wp-json\/wp\/v2\/comments?post=28014"}],"version-history":[{"count":5,"href":"https:\/\/www.acs.si\/en\/wp-json\/wp\/v2\/pages\/28014\/revisions"}],"predecessor-version":[{"id":85842,"href":"https:\/\/www.acs.si\/en\/wp-json\/wp\/v2\/pages\/28014\/revisions\/85842"}],"up":[{"embeddable":true,"href":"https:\/\/www.acs.si\/en\/wp-json\/wp\/v2\/pages\/28559"}],"wp:attachment":[{"href":"https:\/\/www.acs.si\/en\/wp-json\/wp\/v2\/media?parent=28014"}],"curies":[{"name":"wp","href":"https:\/\/api.w.org\/{rel}","templated":true}]}}