{"id":28008,"date":"2018-08-29T15:25:53","date_gmt":"2018-08-29T14:25:53","guid":{"rendered":"http:\/\/www.acs.si\/?page_id=28008"},"modified":"2022-07-21T14:59:38","modified_gmt":"2022-07-21T12:59:38","slug":"role-models-attract-multimedia-portal","status":"publish","type":"page","link":"https:\/\/www.acs.si\/en\/projects\/other-activities\/role-models-attract-multimedia-portal\/","title":{"rendered":"Role Models Attract Multimedia Portal"},"content":{"rendered":"<p>[et_pb_section fb_built=&#8221;1&#8243; _builder_version=&#8221;4.16&#8243; custom_padding=&#8221;0px|||&#8221; global_colors_info=&#8221;{}&#8221;][et_pb_row column_structure=&#8221;1_3,2_3&#8243; make_equal=&#8221;on&#8221; module_class=&#8221;logo-img-cont &#8221; _builder_version=&#8221;4.16&#8243; background_size=&#8221;initial&#8221; background_position=&#8221;top_left&#8221; background_repeat=&#8221;repeat&#8221; custom_margin=&#8221;||20px|&#8221; custom_padding=&#8221;0px||0px|&#8221; border_width_all=&#8221;1px&#8221; border_color_all=&#8221;#cdd1d6&#8243; global_colors_info=&#8221;{}&#8221;][et_pb_column type=&#8221;1_3&#8243; _builder_version=&#8221;4.16&#8243; custom_padding=&#8221;|||&#8221; global_colors_info=&#8221;{}&#8221; custom_padding__hover=&#8221;|||&#8221;][et_pb_image src=&#8221;https:\/\/www.acs.si\/wp-content\/uploads\/2018\/10\/We_create-role_models_attract.png&#8221; align=&#8221;center&#8221; align_tablet=&#8221;center&#8221; align_phone=&#8221;&#8221; align_last_edited=&#8221;on|desktop&#8221; module_class=&#8221;logo-img&#8221; _builder_version=&#8221;4.17.2&#8243; custom_padding=&#8221;10px|10px|10px|10px&#8221; hover_enabled=&#8221;0&#8243; border_color_right=&#8221;#cdd1d6&#8243; always_center_on_mobile=&#8221;on&#8221; global_colors_info=&#8221;{}&#8221; title_text=&#8221;We_create-role_models_attract&#8221; sticky_enabled=&#8221;0&#8243;][\/et_pb_image][\/et_pb_column][et_pb_column type=&#8221;2_3&#8243; _builder_version=&#8221;4.16&#8243; custom_padding=&#8221;|||&#8221; global_colors_info=&#8221;{}&#8221; custom_padding__hover=&#8221;|||&#8221;][et_pb_text _builder_version=&#8221;4.16&#8243; custom_padding=&#8221;20px|20px|20px|20px&#8221; border_width_left=&#8221;1px&#8221; border_color_left=&#8221;#cdd1d6&#8243; global_colors_info=&#8221;{}&#8221;]<\/p>\n<p>&nbsp;<\/p>\n<table class=\"projektTableNew\" style=\"height: 125px;\">\n<tbody>\n<tr style=\"height: 55px;\">\n<td style=\"width: 90px; height: 40px;\">Activity\/project<\/td>\n<td style=\"width: 472px; height: 40px;\">Role Models Attract Multimedia Portal<\/td>\n<\/tr>\n<tr style=\"height: 23px;\">\n<td style=\"width: 90px; height: 23px;\">Time period<\/td>\n<td style=\"width: 472px; height: 23px;\">Multimedia Portal since 2012, project Role Models Attract since 2007<\/td>\n<\/tr>\n<tr style=\"height: 23px;\">\n<td style=\"width: 90px; height: 23px;\">Financed by<\/td>\n<td style=\"width: 472px; height: 23px;\">Ministry of Labour, Family, Social Affairs and Equal Opportunities<\/td>\n<\/tr>\n<tr style=\"height: 24px;\">\n<td style=\"width: 90px; height: 10px;\">Contact<\/td>\n<td style=\"width: 472px; height: 10px;\">Darijan Novak<\/p>\n<p>(T: +386 1 584 25 82, E: <a href=\"mailto:darijan.novaka@acs.si\">darijan.novak@acs.si<\/a>)<\/td>\n<\/tr>\n<\/tbody>\n<\/table>\n<p>&nbsp;<\/p>\n<p>[\/et_pb_text][\/et_pb_column][\/et_pb_row][et_pb_row _builder_version=&#8221;4.16&#8243; background_size=&#8221;initial&#8221; background_position=&#8221;top_left&#8221; background_repeat=&#8221;repeat&#8221; global_colors_info=&#8221;{}&#8221;][et_pb_column type=&#8221;4_4&#8243; _builder_version=&#8221;4.16&#8243; custom_padding=&#8221;|||&#8221; global_colors_info=&#8221;{}&#8221; custom_padding__hover=&#8221;|||&#8221;][et_pb_text admin_label=&#8221;Namen&#8221; _builder_version=&#8221;4.16&#8243; text_font_size=&#8221;10px&#8221; header_5_text_color=&#8221;#ffffff&#8221; header_5_font_size=&#8221;17px&#8221; header_5_line_height=&#8221;27px&#8221; custom_margin=&#8221;||0px|&#8221; custom_padding=&#8221;||0px|&#8221; global_colors_info=&#8221;{}&#8221;]<\/p>\n<p>&nbsp;<\/p>\n<h5 class=\"purple\">AIM<\/h5>\n<p>We created this multimedia portal to present the SIAE multimedia production and encourage other stakeholders in adult education to produce multimedia materials. To complement the portal, we also prepared a training on Use of multimedia in education, where we encouraged the participants to create their own high-quality multimedia materials. The portal includes the pages: Award winner, SIAE production, Multimedia school and Good things from the internet.<\/p>\n<p>[\/et_pb_text][\/et_pb_column][\/et_pb_row][et_pb_row _builder_version=&#8221;4.16&#8243; background_size=&#8221;initial&#8221; background_position=&#8221;top_left&#8221; background_repeat=&#8221;repeat&#8221; global_colors_info=&#8221;{}&#8221;][et_pb_column type=&#8221;4_4&#8243; _builder_version=&#8221;4.16&#8243; custom_padding=&#8221;|||&#8221; global_colors_info=&#8221;{}&#8221; custom_padding__hover=&#8221;|||&#8221;][et_pb_text admin_label=&#8221;Cilji projekta&#8221; _builder_version=&#8221;4.16&#8243; text_font_size=&#8221;10px&#8221; header_5_text_color=&#8221;#ffffff&#8221; header_5_font_size=&#8221;17px&#8221; header_5_line_height=&#8221;27px&#8221; custom_margin=&#8221;||0px|&#8221; custom_padding=&#8221;||0px|&#8221; global_colors_info=&#8221;{}&#8221;]<\/p>\n<p>&nbsp;<\/p>\n<h5 class=\"purple\">OBJECTIVES<\/h5>\n<p>To encourage the network of adult educators and educators in general to use multimedia in their everyday work and to produce their own high-quality multimedia materials.<\/p>\n<p>[\/et_pb_text][\/et_pb_column][\/et_pb_row][et_pb_row _builder_version=&#8221;4.16&#8243; background_size=&#8221;initial&#8221; background_position=&#8221;top_left&#8221; background_repeat=&#8221;repeat&#8221; global_colors_info=&#8221;{}&#8221;][et_pb_column type=&#8221;4_4&#8243; _builder_version=&#8221;4.16&#8243; custom_padding=&#8221;|||&#8221; global_colors_info=&#8221;{}&#8221; custom_padding__hover=&#8221;|||&#8221;][et_pb_text admin_label=&#8221;Opis&#8221; _builder_version=&#8221;4.16&#8243; text_font_size=&#8221;10px&#8221; header_5_text_color=&#8221;#ffffff&#8221; header_5_font_size=&#8221;17px&#8221; header_5_line_height=&#8221;27px&#8221; custom_margin=&#8221;||0px|&#8221; custom_padding=&#8221;||0px|&#8221; global_colors_info=&#8221;{}&#8221;]<\/p>\n<p>&nbsp;<\/p>\n<h5 class=\"purple\">DESCRIPTION<\/h5>\n<p>In 2007, we began the promotional campaign Role Models Attract (RMA) and prepared a collection of multimedia publications for selected target groups that were offered to the interested parties for free. The collection includes:<\/p>\n<ul>\n<li>RMA 1\u20133: Lifelong learning for equal opportunities for everyone (in Slovenian only)<\/li>\n<li>RMA 4: Reaching my goals I, early career stages (in Slovenian only)<\/li>\n<\/ul>\n<p>[\/et_pb_text][et_pb_toggle title=&#8221;Preberi ve\u010d&#8221; admin_label=&#8221;Preberi ve\u010d&#8221; _builder_version=&#8221;4.16&#8243; global_colors_info=&#8221;{}&#8221;]<\/p>\n<p>&nbsp;<\/p>\n<ul>\n<li style=\"list-style-type: none;\"><\/li>\n<\/ul>\n<ul>\n<li>RMA 5: Reaching my goals II, mid career stages (in Slovenian only)<\/li>\n<li>RMA 6: Reaching my goals III, mature career stages (in Slovenian only)<\/li>\n<li>RMA 7: Richness in diversity (in Slovenian only)<\/li>\n<li>RMA 7a: Richness in diversity (Slovenian and English version)<\/li>\n<li>RMA 8: Learning \u2013 Doorway to the World of New Opportunities (Slovenian and English version)<\/li>\n<li>RMA 9: Third Age Lucky \u2013 Learning and Creativity in the Third Age (Slovenian and English version)<\/li>\n<\/ul>\n<p>In 2012, these materials were published on the Role Models Attract portal together with the SIAE Award Winners, other SIAE multimedia productions and examples of good practices from the internet.<\/p>\n<p>[\/et_pb_toggle][\/et_pb_column][\/et_pb_row][et_pb_row _builder_version=&#8221;4.16&#8243; background_size=&#8221;initial&#8221; background_position=&#8221;top_left&#8221; background_repeat=&#8221;repeat&#8221; global_colors_info=&#8221;{}&#8221;][et_pb_column type=&#8221;4_4&#8243; _builder_version=&#8221;4.16&#8243; custom_padding=&#8221;|||&#8221; global_colors_info=&#8221;{}&#8221; custom_padding__hover=&#8221;|||&#8221;][et_pb_text admin_label=&#8221;Klju\u010dni dose\u017eki&#8221; _builder_version=&#8221;4.16&#8243; text_font_size=&#8221;10px&#8221; header_5_text_color=&#8221;#ffffff&#8221; header_5_font_size=&#8221;17px&#8221; header_5_line_height=&#8221;27px&#8221; custom_margin=&#8221;||0px|&#8221; custom_padding=&#8221;||0px|&#8221; global_colors_info=&#8221;{}&#8221;]<\/p>\n<p>&nbsp;<\/p>\n<h5 class=\"purple\">KEY ACHIEVEMENTS<\/h5>\n<ul>\n<li>Collection Role Models Attract 1\u20139 (DVD)<\/li>\n<li>Printed publication Role Models Attract, Actions tempt (Zgledi vle\u010dejo, dejanja mi\u010dejo, 1997\u20132008)<\/li>\n<li>Training Use of multimedia in education<\/li>\n<li>Role Models Attract Multimedia Portal.<\/li>\n<\/ul>\n<p>[\/et_pb_text][\/et_pb_column][\/et_pb_row][\/et_pb_section]<\/p>\n","protected":false},"excerpt":{"rendered":"<p>&nbsp;&#8230;<\/p>\n","protected":false},"author":161,"featured_media":0,"parent":28559,"menu_order":2,"comment_status":"closed","ping_status":"closed","template":"page_projekt.php","meta":{"_acf_changed":false,"_et_pb_use_builder":"on","_et_pb_old_content":"FOTOGRAFIJA \r\n\r\n<table class=\"projektTableNew\">\r\n<tbody>\r\n<tr>\r\n\t\t\t<td>Naziv projekta\/dejavnosti:<\/td>\r\n\t\t\t<td>Portal Zgledi vle\u010dejo<\/td>\r\n\t\t<\/tr>\r\n\t\t<tr>\r\n\t\t\t<td>\u010casovni okvir<\/td>\r\n\t\t\t<td>Vse leto; od leta 2012 dalje, projekt Zgledi vle\u010dejo od 2007 dalje\/td>\r\n\t\t<\/tr>\r\n\t\t<tr>\r\n\t\t\t<td>Financer<\/td>\r\n\t\t\t<td>Ministrstvo za delo, dru\u017eino, socialne zadeve in enake mo\u017enosti<\/td>\r\n\t\t<\/tr>\r\n<tr>\r\n\t\t\t<td>Kontaktna oseba<\/td>\r\n\t\t<td> Darijan Novak (T: 01 584 25 82, E: <a href=\"mailto:darijan.novaka@acs.si\">darijan.novak@acs.si<\/a>)<\/td>\r\n\t\t<\/tr>\r\n<\/tbody>\r\n<\/table>\r\n\r\n<a href=\"http:\/\/zv.acs.si\" rel=\"noopener\" target=\"_blank\">http:\/\/zv.acs.si<\/a> \r\n\r\n\r\n[accordion]\r\n[accordion-item title=\"Namen\"]<p>Multimedijski portal ustvarjamo, da bi na enem mestu prikazali multimedijsko produkcijo ACS-a, ter tako spodbudili tudi druge dele\u017enike v izobra\u017eevanju odraslih k pripravi multimedijskih gradiv. Vzporedno s portalom smo pripravili tudi usposabljanje za Uporabo multimedijev v izobra\u017eevanju, kjer smo udele\u017eence spodbujali h kreiranju lastnih kvalitetnih multimedijskih gradiv. Portal vsebuje podstrani Dobitniki priznanj, Produkcija ACS, Mala \u0161ola multimedije in Dobro s spleta.<\/p>[\/accordion-item]\r\n[\/accordion]\r\n\r\n[accordion]\r\n[accordion-item title=\"Cilji\"]<p>Spodbuditi mre\u017eo izobra\u017eevalcev odraslih, oziroma izobra\u017eevalcev na splo\u0161no, k uporabi multimedijskih vsebin pri vsakdanjem delu ter k produkciji lastnih kvalitetnih multimedijskih vsebin.<\/p>[\/accordion-item]\r\n[\/accordion]\r\n\r\n[accordion]\r\n[accordion-item title=\"Opis\"]<p>Leta 2007 smo za\u010deli s promocijsko kampanjo Zgledi vle\u010dejo (ZV), v kateri smo pripravili zbirko multimedijskih publikacij namenjenih izbranim ciljnim skupinam in jih v obliki brezpla\u010dnih DVD-jev ponujali zainteresiranim. Zbirka obsega: <\/p>\r\n<ul>\r\n<li> ZV 1-3: Z vse\u017eivljenjskim u\u010denjem do enakih mo\u017enosti za vse<\/li>\r\n<li> ZV 4: Svojim ciljem naproti I, Zgodnje obdobje kariere<\/li>\r\n<li> ZV 5: Svojim ciljem naproti II, Srednje obdobje kariere<\/li>\r\n<li> ZV 6: Svojim ciljem naproti III, Zrelo obdobje kariere<\/li>\r\n<li> ZV 7: Bogatej\u0161i v razli\u010dnosti<\/li>\r\n<li> ZV 7a: Bogatej\u0161i v razli\u010dnosti \/ Richness in Diversity<\/li>\r\n<li> ZV 8: U\u010denje - vrata v svet novih prilo\u017enosti \/ Learning - Doorway to the World of New Opportunities<\/li>\r\n<li> ZV 9: V tretjem gre rado - U\u010denje in ustvarjalnost v tretjem \u017eivljenjskem obdobju \/ Third Age Lucky - Learning and Creativity in the Third Age<\/li>.\r\n<\/ul>\r\n<p>\r\nLeta 2012 smo te vsebine prvi\u010d objavili na portalu Zgledi vle\u010dejo in jim dodali dobitnike priznanj ACS, drugo multimedijsko produkcijo ACS-a ter dobre prakse s spleta.\r\n<\/p>\r\n[\/accordion-item]\r\n[\/accordion]\r\n\r\n[accordion]\r\n[accordion-item title=\"Aktivnosti\"][\/accordion-item]\r\n[\/accordion]\r\n\r\n\r\n[accordion]\r\n[accordion-item title=\"Klju\u010dni dose\u017eki\"]\r\n<ul>\r\n<li> Zbirka Zgledi vle\u010dejo 1-9 (DVD) <\/li>\r\n<li> Tiskana publikacija Zgledi vle\u010dejo, dejanja mi\u010dejo (1997\u20132008)<\/li>\r\n<li> Usposabljanje Uporaba multimedijev v izobra\u017eevanju <\/li>\r\n<li> Portal Zgledi vle\u010dejo<\/li>\r\n<\/ul>\r\n[\/accordion-item]\r\n[\/accordion]","_et_gb_content_width":"","inline_featured_image":false,"footnotes":""},"class_list":["post-28008","page","type-page","status-publish","hentry"],"acf":[],"yoast_head":"<!-- This site is optimized with the Yoast SEO plugin v26.2 - https:\/\/yoast.com\/wordpress\/plugins\/seo\/ -->\n<title>Role Models Attract Multimedia Portal | Andrago\u0161ki center Republike Slovenije<\/title>\n<meta name=\"robots\" content=\"index, follow, max-snippet:-1, max-image-preview:large, max-video-preview:-1\" \/>\n<link rel=\"canonical\" href=\"https:\/\/www.acs.si\/en\/projects\/other-activities\/role-models-attract-multimedia-portal\/\" \/>\n<meta property=\"og:locale\" content=\"en_US\" \/>\n<meta property=\"og:type\" content=\"article\" \/>\n<meta property=\"og:title\" content=\"Role Models Attract Multimedia Portal | Andrago\u0161ki center Republike Slovenije\" \/>\n<meta property=\"og:description\" content=\"&nbsp;...\" \/>\n<meta property=\"og:url\" content=\"https:\/\/www.acs.si\/en\/projects\/other-activities\/role-models-attract-multimedia-portal\/\" \/>\n<meta property=\"og:site_name\" content=\"Andrago\u0161ki center Republike Slovenije\" \/>\n<meta property=\"article:publisher\" content=\"https:\/\/www.facebook.com\/AndragoskiCenterSlovenije\/\" \/>\n<meta property=\"article:modified_time\" content=\"2022-07-21T12:59:38+00:00\" \/>\n<meta name=\"twitter:card\" content=\"summary_large_image\" \/>\n<meta name=\"twitter:label1\" content=\"Est. reading time\" \/>\n\t<meta name=\"twitter:data1\" content=\"4 minutes\" \/>\n<script type=\"application\/ld+json\" class=\"yoast-schema-graph\">{\"@context\":\"https:\/\/schema.org\",\"@graph\":[{\"@type\":\"WebPage\",\"@id\":\"https:\/\/www.acs.si\/en\/projects\/other-activities\/role-models-attract-multimedia-portal\/\",\"url\":\"https:\/\/www.acs.si\/en\/projects\/other-activities\/role-models-attract-multimedia-portal\/\",\"name\":\"Role Models Attract Multimedia Portal | Andrago\u0161ki center Republike Slovenije\",\"isPartOf\":{\"@id\":\"https:\/\/www.acs.si\/#website\"},\"datePublished\":\"2018-08-29T14:25:53+00:00\",\"dateModified\":\"2022-07-21T12:59:38+00:00\",\"breadcrumb\":{\"@id\":\"https:\/\/www.acs.si\/en\/projects\/other-activities\/role-models-attract-multimedia-portal\/#breadcrumb\"},\"inLanguage\":\"en-US\",\"potentialAction\":[{\"@type\":\"ReadAction\",\"target\":[\"https:\/\/www.acs.si\/en\/projects\/other-activities\/role-models-attract-multimedia-portal\/\"]}]},{\"@type\":\"BreadcrumbList\",\"@id\":\"https:\/\/www.acs.si\/en\/projects\/other-activities\/role-models-attract-multimedia-portal\/#breadcrumb\",\"itemListElement\":[{\"@type\":\"ListItem\",\"position\":1,\"name\":\"Home\",\"item\":\"https:\/\/www.acs.si\/en\/\"},{\"@type\":\"ListItem\",\"position\":2,\"name\":\"Projects\",\"item\":\"https:\/\/www.acs.si\/en\/projects\/\"},{\"@type\":\"ListItem\",\"position\":3,\"name\":\"Other activities\",\"item\":\"https:\/\/www.acs.si\/en\/projects\/other-activities\/\"},{\"@type\":\"ListItem\",\"position\":4,\"name\":\"Role Models Attract Multimedia Portal\"}]},{\"@type\":\"WebSite\",\"@id\":\"https:\/\/www.acs.si\/#website\",\"url\":\"https:\/\/www.acs.si\/\",\"name\":\"Andrago\u0161ki center Republike Slovenije\",\"description\":\"\",\"potentialAction\":[{\"@type\":\"SearchAction\",\"target\":{\"@type\":\"EntryPoint\",\"urlTemplate\":\"https:\/\/www.acs.si\/?s={search_term_string}\"},\"query-input\":{\"@type\":\"PropertyValueSpecification\",\"valueRequired\":true,\"valueName\":\"search_term_string\"}}],\"inLanguage\":\"en-US\"}]}<\/script>\n<!-- \/ Yoast SEO plugin. -->","yoast_head_json":{"title":"Role Models Attract Multimedia Portal | Andrago\u0161ki center Republike Slovenije","robots":{"index":"index","follow":"follow","max-snippet":"max-snippet:-1","max-image-preview":"max-image-preview:large","max-video-preview":"max-video-preview:-1"},"canonical":"https:\/\/www.acs.si\/en\/projects\/other-activities\/role-models-attract-multimedia-portal\/","og_locale":"en_US","og_type":"article","og_title":"Role Models Attract Multimedia Portal | Andrago\u0161ki center Republike Slovenije","og_description":"&nbsp;...","og_url":"https:\/\/www.acs.si\/en\/projects\/other-activities\/role-models-attract-multimedia-portal\/","og_site_name":"Andrago\u0161ki center Republike Slovenije","article_publisher":"https:\/\/www.facebook.com\/AndragoskiCenterSlovenije\/","article_modified_time":"2022-07-21T12:59:38+00:00","twitter_card":"summary_large_image","twitter_misc":{"Est. reading time":"4 minutes"},"schema":{"@context":"https:\/\/schema.org","@graph":[{"@type":"WebPage","@id":"https:\/\/www.acs.si\/en\/projects\/other-activities\/role-models-attract-multimedia-portal\/","url":"https:\/\/www.acs.si\/en\/projects\/other-activities\/role-models-attract-multimedia-portal\/","name":"Role Models Attract Multimedia Portal | Andrago\u0161ki center Republike Slovenije","isPartOf":{"@id":"https:\/\/www.acs.si\/#website"},"datePublished":"2018-08-29T14:25:53+00:00","dateModified":"2022-07-21T12:59:38+00:00","breadcrumb":{"@id":"https:\/\/www.acs.si\/en\/projects\/other-activities\/role-models-attract-multimedia-portal\/#breadcrumb"},"inLanguage":"en-US","potentialAction":[{"@type":"ReadAction","target":["https:\/\/www.acs.si\/en\/projects\/other-activities\/role-models-attract-multimedia-portal\/"]}]},{"@type":"BreadcrumbList","@id":"https:\/\/www.acs.si\/en\/projects\/other-activities\/role-models-attract-multimedia-portal\/#breadcrumb","itemListElement":[{"@type":"ListItem","position":1,"name":"Home","item":"https:\/\/www.acs.si\/en\/"},{"@type":"ListItem","position":2,"name":"Projects","item":"https:\/\/www.acs.si\/en\/projects\/"},{"@type":"ListItem","position":3,"name":"Other activities","item":"https:\/\/www.acs.si\/en\/projects\/other-activities\/"},{"@type":"ListItem","position":4,"name":"Role Models Attract Multimedia Portal"}]},{"@type":"WebSite","@id":"https:\/\/www.acs.si\/#website","url":"https:\/\/www.acs.si\/","name":"Andrago\u0161ki center Republike Slovenije","description":"","potentialAction":[{"@type":"SearchAction","target":{"@type":"EntryPoint","urlTemplate":"https:\/\/www.acs.si\/?s={search_term_string}"},"query-input":{"@type":"PropertyValueSpecification","valueRequired":true,"valueName":"search_term_string"}}],"inLanguage":"en-US"}]}},"_links":{"self":[{"href":"https:\/\/www.acs.si\/en\/wp-json\/wp\/v2\/pages\/28008","targetHints":{"allow":["GET"]}}],"collection":[{"href":"https:\/\/www.acs.si\/en\/wp-json\/wp\/v2\/pages"}],"about":[{"href":"https:\/\/www.acs.si\/en\/wp-json\/wp\/v2\/types\/page"}],"author":[{"embeddable":true,"href":"https:\/\/www.acs.si\/en\/wp-json\/wp\/v2\/users\/161"}],"replies":[{"embeddable":true,"href":"https:\/\/www.acs.si\/en\/wp-json\/wp\/v2\/comments?post=28008"}],"version-history":[{"count":8,"href":"https:\/\/www.acs.si\/en\/wp-json\/wp\/v2\/pages\/28008\/revisions"}],"predecessor-version":[{"id":49083,"href":"https:\/\/www.acs.si\/en\/wp-json\/wp\/v2\/pages\/28008\/revisions\/49083"}],"up":[{"embeddable":true,"href":"https:\/\/www.acs.si\/en\/wp-json\/wp\/v2\/pages\/28559"}],"wp:attachment":[{"href":"https:\/\/www.acs.si\/en\/wp-json\/wp\/v2\/media?parent=28008"}],"curies":[{"name":"wp","href":"https:\/\/api.w.org\/{rel}","templated":true}]}}