{"id":28005,"date":"2018-08-29T15:16:35","date_gmt":"2018-08-29T14:16:35","guid":{"rendered":"http:\/\/www.acs.si\/?page_id=28005"},"modified":"2024-09-06T09:32:51","modified_gmt":"2024-09-06T07:32:51","slug":"e-portfolio","status":"publish","type":"page","link":"https:\/\/www.acs.si\/en\/projects\/esf-projects\/e-portfolio\/","title":{"rendered":"e-Portfolio (2016\u20132022)"},"content":{"rendered":"<p>[et_pb_section fb_built=&#8221;1&#8243; _builder_version=&#8221;4.16&#8243; custom_padding=&#8221;0px|||&#8221; global_colors_info=&#8221;{}&#8221;][et_pb_row column_structure=&#8221;1_3,2_3&#8243; make_equal=&#8221;on&#8221; module_class=&#8221;logo-img-cont &#8221; _builder_version=&#8221;4.16&#8243; custom_margin=&#8221;||20px|&#8221; custom_padding=&#8221;0px||0px|&#8221; border_width_all=&#8221;1px&#8221; border_color_all=&#8221;#cdd1d6&#8243; global_colors_info=&#8221;{}&#8221;][et_pb_column type=&#8221;1_3&#8243; _builder_version=&#8221;4.16&#8243; custom_padding=&#8221;|||&#8221; global_colors_info=&#8221;{}&#8221; custom_padding__hover=&#8221;|||&#8221;][et_pb_image src=&#8221;https:\/\/www.acs.si\/wp-content\/uploads\/2018\/03\/OI-e-portfolijo.png&#8221; url=&#8221;https:\/\/eportfolijo.acs.si\/&#8221; url_new_window=&#8221;on&#8221; align=&#8221;center&#8221; align_tablet=&#8221;center&#8221; align_phone=&#8221;&#8221; align_last_edited=&#8221;on|desktop&#8221; module_class=&#8221;logo-img&#8221; _builder_version=&#8221;4.16&#8243; custom_padding=&#8221;10px|10px|10px|10px&#8221; border_color_right=&#8221;#cdd1d6&#8243; global_colors_info=&#8221;{}&#8221;][\/et_pb_image][\/et_pb_column][et_pb_column type=&#8221;2_3&#8243; _builder_version=&#8221;4.16&#8243; custom_padding=&#8221;|||&#8221; global_colors_info=&#8221;{}&#8221; custom_padding__hover=&#8221;|||&#8221;][et_pb_text _builder_version=&#8221;4.16&#8243; custom_padding=&#8221;20px|20px|20px|20px&#8221; border_width_left=&#8221;1px&#8221; border_color_left=&#8221;#cdd1d6&#8243; global_colors_info=&#8221;{}&#8221;]<\/p>\n<p>&nbsp;<\/p>\n<table class=\"projektTable\">\n<tbody>\n<tr>\n<td>Project<\/td>\n<td>e-Portfolio<\/td>\n<\/tr>\n<tr>\n<td>Time period<\/td>\n<td>June 2016 \u2013 March 2022<\/td>\n<\/tr>\n<tr>\n<td>Financed by<\/td>\n<td>European Social Fund, Ministry of Education, Science and Sport<\/td>\n<\/tr>\n<tr>\n<td>Contact<\/td>\n<td>Vera Mlinar<br \/> T: +386 1 5842 588<br \/> E: <a href=\"mailto:vera.mlinar@acs.si\">vera.mlinar@acs.si<\/a><\/td>\n<\/tr>\n<\/tbody>\n<\/table>\n<p>&nbsp;<\/p>\n<p>[\/et_pb_text][\/et_pb_column][\/et_pb_row][et_pb_row _builder_version=&#8221;4.16&#8243; background_size=&#8221;initial&#8221; background_position=&#8221;top_left&#8221; background_repeat=&#8221;repeat&#8221; global_colors_info=&#8221;{}&#8221;][et_pb_column type=&#8221;4_4&#8243; _builder_version=&#8221;4.16&#8243; custom_padding=&#8221;|||&#8221; global_colors_info=&#8221;{}&#8221; custom_padding__hover=&#8221;|||&#8221;][et_pb_text admin_label=&#8221;Namen&#8221; _builder_version=&#8221;4.16&#8243; text_font_size=&#8221;10px&#8221; header_5_text_color=&#8221;#ffffff&#8221; header_5_font_size=&#8221;17px&#8221; header_5_line_height=&#8221;27px&#8221; custom_margin=&#8221;||0px|&#8221; custom_padding=&#8221;||0px|&#8221; global_colors_info=&#8221;{}&#8221;]<\/p>\n<p>&nbsp;<\/p>\n<h5 class=\"purple\">AIM<\/h5>\n<p>The e-Portfolio (eP) is the main tool for evaluation of the already acquired knowledge, skills and competences developed by the SIAE as part of the project Assessment and recognition of non-formal learning in adults 2012\u20132014. We maintain and upgrade it and offer support as part of the project Expert support for the guidance and orientation activities and evaluation of non-formal education 2016\u20132022.<\/p>\n<p>[\/et_pb_text][et_pb_toggle title=&#8221;Read more&#8221; admin_label=&#8221;Preberi ve\u010d&#8221; _builder_version=&#8221;4.16&#8243; global_colors_info=&#8221;{}&#8221;]<\/p>\n<p>&nbsp;<\/p>\n<p>The aim of the e-Portfolio is systematic keeping of records of acquired knowledge, skills and competences of an individual and documentation of everything the individual learned. It serves as the foundation for evaluation of knowledge, skills and competences acquired in different ways (through formal, non-formal, informal learning or through work and life experiences). It allows the individual to prove already acquired educational achievements and to record the competences acquired during the learning process.<\/p>\n<p>[\/et_pb_toggle][\/et_pb_column][\/et_pb_row][et_pb_row _builder_version=&#8221;4.16&#8243; background_size=&#8221;initial&#8221; background_position=&#8221;top_left&#8221; background_repeat=&#8221;repeat&#8221; global_colors_info=&#8221;{}&#8221;][et_pb_column type=&#8221;4_4&#8243; _builder_version=&#8221;4.16&#8243; custom_padding=&#8221;|||&#8221; global_colors_info=&#8221;{}&#8221; custom_padding__hover=&#8221;|||&#8221;][et_pb_text admin_label=&#8221;Cilji projekta&#8221; _builder_version=&#8221;4.16&#8243; text_font_size=&#8221;10px&#8221; header_5_text_color=&#8221;#ffffff&#8221; header_5_font_size=&#8221;17px&#8221; header_5_line_height=&#8221;27px&#8221; custom_margin=&#8221;||0px|&#8221; custom_padding=&#8221;||0px|&#8221; global_colors_info=&#8221;{}&#8221;]<\/p>\n<p>&nbsp;<\/p>\n<h5 class=\"purple\">OBJECTIVES<\/h5>\n<p>When using the e-Portfolio, we pursue the following objectives:<\/p>\n<ul>\n<li>Identification and documentation: collecting certificates, keeping record of knowledge, skills and competences acquired in different ways;<\/li>\n<li>Development of competences in the individual: through the use of e-Portfolio, the individuals develop some of the basic skills, such as communication in mother tongue, communication in a foreign language and digital literacy competence.<\/li>\n<\/ul>\n<p>[\/et_pb_text][\/et_pb_column][\/et_pb_row][et_pb_row _builder_version=&#8221;4.16&#8243; background_size=&#8221;initial&#8221; background_position=&#8221;top_left&#8221; background_repeat=&#8221;repeat&#8221; global_colors_info=&#8221;{}&#8221;][et_pb_column type=&#8221;4_4&#8243; _builder_version=&#8221;4.16&#8243; custom_padding=&#8221;|||&#8221; global_colors_info=&#8221;{}&#8221; custom_padding__hover=&#8221;|||&#8221;][et_pb_text admin_label=&#8221;Opis&#8221; _builder_version=&#8221;4.16&#8243; text_font_size=&#8221;10px&#8221; header_5_text_color=&#8221;#ffffff&#8221; header_5_font_size=&#8221;17px&#8221; header_5_line_height=&#8221;27px&#8221; custom_margin=&#8221;||0px|&#8221; custom_padding=&#8221;||0px|&#8221; global_colors_info=&#8221;{}&#8221;]<\/p>\n<p>&nbsp;<\/p>\n<h5 class=\"purple\">DESCRIPTION<\/h5>\n<p>The e-Portfolio (eP) is a basic tool for evaluation developed by the Slovenian Institute for Adult Education that is based on one of the evaluation purposes that was defined as record keeping and evaluation of knowledge, work experiences and competences to facilitate re-employment, career change or development, personal development and a contemplation of the questions \u201cWhere am I?\u201d and \u201cWhere am I going?\u201d.<\/p>\n<p>[\/et_pb_text][et_pb_toggle title=&#8221;Read more&#8221; admin_label=&#8221;Preberi ve\u010d&#8221; _builder_version=&#8221;4.16&#8243; global_colors_info=&#8221;{}&#8221;]<\/p>\n<p>It is a tool for collection of proofs and keeping records of everything that is learned. The e-Portfolio has several roles, such as:<\/p>\n<ul>\n<li>Showing all the learning achievements of an individual regardless of how they were acquired;<\/li>\n<li>Its reflective nature allows the individual to become aware of his\/her knowledge, skill and competences;<\/li>\n<li>It systematically arranges the candidates achievements for creation of a \u201clearning\u201d CV;<\/li>\n<li>Raises and improves the confidence and self-image of the individual, encouraging further learning and personal development on a social and work level;<\/li>\n<li>Allows the individual to evaluate own learning achievements and encourages further learning and independent planning.<\/li>\n<\/ul>\n<ul>\n<li style=\"list-style-type: none;\"><\/li>\n<\/ul>\n<p>The electronic version of the portfolio also enables simpler record keeping and planning, connection with others and quicker feedback.<\/p>\n<p>[\/et_pb_toggle][\/et_pb_column][\/et_pb_row][et_pb_row _builder_version=&#8221;4.16&#8243; background_size=&#8221;initial&#8221; background_position=&#8221;top_left&#8221; background_repeat=&#8221;repeat&#8221; global_colors_info=&#8221;{}&#8221;][et_pb_column type=&#8221;4_4&#8243; _builder_version=&#8221;4.16&#8243; custom_padding=&#8221;|||&#8221; global_colors_info=&#8221;{}&#8221; custom_padding__hover=&#8221;|||&#8221;][et_pb_text admin_label=&#8221;Aktivnost&#8221; _builder_version=&#8221;4.16&#8243; text_font_size=&#8221;10px&#8221; header_5_text_color=&#8221;#ffffff&#8221; header_5_font_size=&#8221;17px&#8221; header_5_line_height=&#8221;27px&#8221; custom_margin=&#8221;||0px|&#8221; custom_padding=&#8221;||0px|&#8221; global_colors_info=&#8221;{}&#8221;]<\/p>\n<p>&nbsp;<\/p>\n<h5 class=\"purple\">ACTIVITIES<\/h5>\n<p>Maintaining and updating the online application for creation of e-Portfolios and user support (technical support and support with content), monitoring, training.<\/p>\n<p>[\/et_pb_text][\/et_pb_column][\/et_pb_row][et_pb_row _builder_version=&#8221;4.16&#8243; background_size=&#8221;initial&#8221; background_position=&#8221;top_left&#8221; background_repeat=&#8221;repeat&#8221; global_colors_info=&#8221;{}&#8221;][et_pb_column type=&#8221;4_4&#8243; _builder_version=&#8221;4.16&#8243; custom_padding=&#8221;|||&#8221; global_colors_info=&#8221;{}&#8221; custom_padding__hover=&#8221;|||&#8221;][et_pb_text admin_label=&#8221;Klju\u010dni dose\u017eki&#8221; _builder_version=&#8221;4.16&#8243; text_font_size=&#8221;10px&#8221; header_5_text_color=&#8221;#ffffff&#8221; header_5_font_size=&#8221;17px&#8221; header_5_line_height=&#8221;27px&#8221; custom_margin=&#8221;||0px|&#8221; custom_padding=&#8221;||0px|&#8221; global_colors_info=&#8221;{}&#8221;]<\/p>\n<p>&nbsp;<\/p>\n<h5 class=\"purple\">KEY ACHIEVEMENTS<\/h5>\n<p>On the SIAE level: establishment of a working online application for creation of the e-Portfolio.<\/p>\n<p>On the level of individuals: the option to create an electronic version of educational portfolio (a collection of education achievement).<\/p>\n<p>e-Portfolio was developed for the purpose of use within the framework of the ESF project, so it is no longer in regular use.<\/p>\n<p>&nbsp;<\/p>\n<p>[\/et_pb_text][\/et_pb_column][\/et_pb_row][\/et_pb_section]<\/p>\n","protected":false},"excerpt":{"rendered":"<p>&nbsp; Project&#8230;<\/p>\n","protected":false},"author":161,"featured_media":0,"parent":28557,"menu_order":0,"comment_status":"closed","ping_status":"closed","template":"page_projekt.php","meta":{"_acf_changed":false,"_et_pb_use_builder":"on","_et_pb_old_content":"<table class=\"projektTable\">\r\n\t<tbody>\r\n\t\t<tr>\r\n\t\t\t<td>Naziv projekta:<\/td>\r\n\t\t\t<td>e-portfolijo<\/td>\r\n\t\t<\/tr>\r\n\t\t<tr>\r\n\t\t\t<td>\u010casovni okvir:<\/td>\r\n\t\t\t<td>Junij 2016 \u2013 junij 2021<\/td>\r\n\t\t<\/tr>\r\n\t\t<tr>\r\n\t\t\t<td>Financer:<\/td>\r\n\t\t\t<td>Evropski socialni sklad Ministrstvo za izobra\u017eevanje, znanost in \u0161port\r\n<\/td>\r\n\t\t<\/tr>\r\n\t\t\t\t\r\n<tr>\t\t\t<td>Kontaktna oseba:<\/td>\r\n\t\t\t<td>Vera Mlinar  (T: 01 5842 588, E: <a href=\"mailto:vera.mlinar@acs.si\">vera.mlinar@acs.si<\/a>)<\/td>\r\n\t\t<\/tr>\r\n<\/tbody>\r\n<\/table>\r\n\t\t\r\n<a href=\"https:\/\/eportfolijo.acs.si\/\" rel=\"noopener\" target=\"_blank\">https:\/\/eportfolijo.acs.si\/ <\/a>\r\n\t\t\r\n\r\n\r\n[accordion]\r\n[accordion-item title=\"Namen\"]<p>Elektronski portfolijo (eP) je temeljno orodje za vrednotenje \u017ee pridobljenega znanja, spretnosti in kompetenc, ki smo ga na Andrago\u0161kem centru Slovenije razvili pri projektu Ugotavljanje in priznavanje neformalnega u\u010denja odraslih od 2012 do 2014. V okviru  projekta Strokovna podpora informativno svetovalni dejavnosti in vrednotenju neformalno pridobljenega znanja 2016\u20132021 ga vzdr\u017eujemo in nadgrajujemo ter nudimo ustrezno podporo.<p>\r\nTemeljni namen njegove rabe je sistemati\u010dno urejanje posameznikovih dokazil o pridobljenih znanjih, spretnostih in kompetencah ter dokumentiranje vsega nau\u010denega. Je podlaga za vrednotenje po razli\u010dnih poteh pridobljenega znanja, spretnosti in kompetenc  (s formalnim, neformalnim in prilo\u017enostnim u\u010denjem ali delovnimi in \u017eivljenjskimi izku\u0161njami). Omogo\u010da dokazovanje \u017ee dose\u017eenih u\u010dnih dose\u017ekov posameznika, lahko pa posameznik bele\u017ei tudi pridobljene kompetenc med procesom u\u010denja.<\/p>\r\n[\/accordion-item]\r\n[\/accordion]\r\n\r\n\r\n[accordion]\r\n[accordion-item title=\"Cilji\"]<p>Pri uporabi elektronskega portfolija sledimo naslednjim ciljem:<\/p>\r\n<ul>\r\n<li>identificiranje in dokumentiranje: zbiranje dokazil, evidentiranje razli\u010dno pridobljenega znanja, spretnosti in razvitih kompetenc,<\/li>\r\n<li>razvijanje kompetenc posameznika: z uporabo elektronskega portfolija posamezniki razvijajo nekatere temeljne zmo\u017enosti, na primer sporazumevanje v maternem jeziku, sporazumevanje v tujem jeziku ter kompetenco digitalne pismenosti.<\/li>\r\n<\/p>\r\n[\/accordion-item]\r\n[\/accordion]\r\n\r\n[accordion]\r\n[accordion-item title=\"Opis\"]<p>Elektronski portfolijo (eP) je temeljno orodje za vrednotenje, ki smo ga razvili na Andrago\u0161kem centru Slovenije, izhajajo\u010d iz enega od namenov vrednotenja, ki smo ga opredelili kot evidentiranje in ovrednotenje znanja, delovnih izku\u0161enj in kompetenc za la\u017ejo vnovi\u010dno zaposlitev, razvoj in spremembo kariere, osebni razvoj in za premislek \u00bbkje sem\u00ab in \u00bbkam naprej\u00ab. <\/p>\r\n<p>\r\nJe orodje, namenjeno zbiranju dokazil in evidentiranju vsega nau\u010denega. Vloga portfolija je ve\u010dplastna, in sicer:<\/p>\r\n<ul>\r\n<li>izkazuje posameznikove u\u010dne dose\u017eke ne glede na to, kje so bili pridobljeni; <\/li>\r\n<li>zaradi svoje reflektivne narave omogo\u010da posamezniku ozavestiti znanje, spretnosti in kompetence;<\/li>\r\n<li>sistemati\u010dno ureja kandidatove dose\u017eke in tako omogo\u010da izdelavo posameznikovega \u00bbu\u010dnega\u00ab \u017eivljenjepisa; <\/li>\r\n<li>posamezniku zve\u010duje in utrjuje samozavest in samopodobo ter ga spodbuja k nadaljnjemu u\u010denju in osebnostnemu razvoju, na dru\u017ebeni in poklicni ravni; <\/li>\r\n<li>posamezniku omogo\u010da vrednotenje lastnih u\u010dnih dose\u017ekov in ga spodbuja k nadaljnjemu u\u010denju ter samostojnemu na\u010drtovanju.  <\/li>\r\n<\/p>\r\n<p>Elektronska oblika portfolija pa omogo\u010da tudi enostavnej\u0161e arhiviranje in na\u010drtovanje, povezovanje z drugimi ter hitro povratno informacijo.<\/p>\r\n[\/accordion-item]\r\n[\/accordion]\r\n\r\n\r\n[accordion]\r\n[accordion-item title=\"Aktivnosti\"]<p>Vzdr\u017eevanje in nadgradnja spletne aplikacije za izdelavo elektronskih portfolijev ter podpora uporabnikom (tehni\u010dno in vsebinsko), spremljanje, usposabljanje.<\/p>\r\n[\/accordion-item]\r\n[\/accordion]\r\n\r\n[accordion]\r\n[accordion-item title=\"Klju\u010dni dose\u017eki\"]<p>Na ravni ACS: vzpostavljena delujo\u010da spletna aplikacija za izdelavo elektronskega portfolija.<\/p>\r\n<p>\r\nNa ravni posameznika: mo\u017enost izdelati si prorfolijo (zbirno mapo u\u010dnih dose\u017ekov) v elektronski obliki.\r\n<\/p>\r\n[\/accordion-item]\r\n[\/accordion]","_et_gb_content_width":"","inline_featured_image":false,"footnotes":""},"class_list":["post-28005","page","type-page","status-publish","hentry"],"acf":[],"yoast_head":"<!-- This site is optimized with the Yoast SEO plugin v26.2 - https:\/\/yoast.com\/wordpress\/plugins\/seo\/ -->\n<title>e-Portfolio (2016\u20132022) | Andrago\u0161ki center Republike Slovenije<\/title>\n<meta name=\"robots\" content=\"index, follow, max-snippet:-1, max-image-preview:large, max-video-preview:-1\" \/>\n<link rel=\"canonical\" href=\"https:\/\/www.acs.si\/en\/projects\/esf-projects\/e-portfolio\/\" \/>\n<meta property=\"og:locale\" content=\"en_US\" \/>\n<meta property=\"og:type\" content=\"article\" \/>\n<meta property=\"og:title\" content=\"e-Portfolio (2016\u20132022) | Andrago\u0161ki center Republike Slovenije\" \/>\n<meta property=\"og:description\" content=\"&nbsp; Project...\" \/>\n<meta property=\"og:url\" content=\"https:\/\/www.acs.si\/en\/projects\/esf-projects\/e-portfolio\/\" \/>\n<meta property=\"og:site_name\" content=\"Andrago\u0161ki center Republike Slovenije\" \/>\n<meta property=\"article:publisher\" content=\"https:\/\/www.facebook.com\/AndragoskiCenterSlovenije\/\" \/>\n<meta property=\"article:modified_time\" content=\"2024-09-06T07:32:51+00:00\" \/>\n<meta name=\"twitter:card\" content=\"summary_large_image\" \/>\n<meta name=\"twitter:label1\" content=\"Est. reading time\" \/>\n\t<meta name=\"twitter:data1\" content=\"5 minutes\" \/>\n<script type=\"application\/ld+json\" class=\"yoast-schema-graph\">{\"@context\":\"https:\/\/schema.org\",\"@graph\":[{\"@type\":\"WebPage\",\"@id\":\"https:\/\/www.acs.si\/en\/projects\/esf-projects\/e-portfolio\/\",\"url\":\"https:\/\/www.acs.si\/en\/projects\/esf-projects\/e-portfolio\/\",\"name\":\"e-Portfolio (2016\u20132022) | Andrago\u0161ki center Republike Slovenije\",\"isPartOf\":{\"@id\":\"https:\/\/www.acs.si\/#website\"},\"datePublished\":\"2018-08-29T14:16:35+00:00\",\"dateModified\":\"2024-09-06T07:32:51+00:00\",\"breadcrumb\":{\"@id\":\"https:\/\/www.acs.si\/en\/projects\/esf-projects\/e-portfolio\/#breadcrumb\"},\"inLanguage\":\"en-US\",\"potentialAction\":[{\"@type\":\"ReadAction\",\"target\":[\"https:\/\/www.acs.si\/en\/projects\/esf-projects\/e-portfolio\/\"]}]},{\"@type\":\"BreadcrumbList\",\"@id\":\"https:\/\/www.acs.si\/en\/projects\/esf-projects\/e-portfolio\/#breadcrumb\",\"itemListElement\":[{\"@type\":\"ListItem\",\"position\":1,\"name\":\"Home\",\"item\":\"https:\/\/www.acs.si\/en\/\"},{\"@type\":\"ListItem\",\"position\":2,\"name\":\"Projects\",\"item\":\"https:\/\/www.acs.si\/en\/projects\/\"},{\"@type\":\"ListItem\",\"position\":3,\"name\":\"ESF projects\",\"item\":\"https:\/\/www.acs.si\/en\/projects\/esf-projects\/\"},{\"@type\":\"ListItem\",\"position\":4,\"name\":\"e-Portfolio (2016\u20132022)\"}]},{\"@type\":\"WebSite\",\"@id\":\"https:\/\/www.acs.si\/#website\",\"url\":\"https:\/\/www.acs.si\/\",\"name\":\"Andrago\u0161ki center Republike Slovenije\",\"description\":\"\",\"potentialAction\":[{\"@type\":\"SearchAction\",\"target\":{\"@type\":\"EntryPoint\",\"urlTemplate\":\"https:\/\/www.acs.si\/?s={search_term_string}\"},\"query-input\":{\"@type\":\"PropertyValueSpecification\",\"valueRequired\":true,\"valueName\":\"search_term_string\"}}],\"inLanguage\":\"en-US\"}]}<\/script>\n<!-- \/ Yoast SEO plugin. -->","yoast_head_json":{"title":"e-Portfolio (2016\u20132022) | Andrago\u0161ki center Republike Slovenije","robots":{"index":"index","follow":"follow","max-snippet":"max-snippet:-1","max-image-preview":"max-image-preview:large","max-video-preview":"max-video-preview:-1"},"canonical":"https:\/\/www.acs.si\/en\/projects\/esf-projects\/e-portfolio\/","og_locale":"en_US","og_type":"article","og_title":"e-Portfolio (2016\u20132022) | Andrago\u0161ki center Republike Slovenije","og_description":"&nbsp; Project...","og_url":"https:\/\/www.acs.si\/en\/projects\/esf-projects\/e-portfolio\/","og_site_name":"Andrago\u0161ki center Republike Slovenije","article_publisher":"https:\/\/www.facebook.com\/AndragoskiCenterSlovenije\/","article_modified_time":"2024-09-06T07:32:51+00:00","twitter_card":"summary_large_image","twitter_misc":{"Est. reading time":"5 minutes"},"schema":{"@context":"https:\/\/schema.org","@graph":[{"@type":"WebPage","@id":"https:\/\/www.acs.si\/en\/projects\/esf-projects\/e-portfolio\/","url":"https:\/\/www.acs.si\/en\/projects\/esf-projects\/e-portfolio\/","name":"e-Portfolio (2016\u20132022) | Andrago\u0161ki center Republike Slovenije","isPartOf":{"@id":"https:\/\/www.acs.si\/#website"},"datePublished":"2018-08-29T14:16:35+00:00","dateModified":"2024-09-06T07:32:51+00:00","breadcrumb":{"@id":"https:\/\/www.acs.si\/en\/projects\/esf-projects\/e-portfolio\/#breadcrumb"},"inLanguage":"en-US","potentialAction":[{"@type":"ReadAction","target":["https:\/\/www.acs.si\/en\/projects\/esf-projects\/e-portfolio\/"]}]},{"@type":"BreadcrumbList","@id":"https:\/\/www.acs.si\/en\/projects\/esf-projects\/e-portfolio\/#breadcrumb","itemListElement":[{"@type":"ListItem","position":1,"name":"Home","item":"https:\/\/www.acs.si\/en\/"},{"@type":"ListItem","position":2,"name":"Projects","item":"https:\/\/www.acs.si\/en\/projects\/"},{"@type":"ListItem","position":3,"name":"ESF projects","item":"https:\/\/www.acs.si\/en\/projects\/esf-projects\/"},{"@type":"ListItem","position":4,"name":"e-Portfolio (2016\u20132022)"}]},{"@type":"WebSite","@id":"https:\/\/www.acs.si\/#website","url":"https:\/\/www.acs.si\/","name":"Andrago\u0161ki center Republike Slovenije","description":"","potentialAction":[{"@type":"SearchAction","target":{"@type":"EntryPoint","urlTemplate":"https:\/\/www.acs.si\/?s={search_term_string}"},"query-input":{"@type":"PropertyValueSpecification","valueRequired":true,"valueName":"search_term_string"}}],"inLanguage":"en-US"}]}},"_links":{"self":[{"href":"https:\/\/www.acs.si\/en\/wp-json\/wp\/v2\/pages\/28005","targetHints":{"allow":["GET"]}}],"collection":[{"href":"https:\/\/www.acs.si\/en\/wp-json\/wp\/v2\/pages"}],"about":[{"href":"https:\/\/www.acs.si\/en\/wp-json\/wp\/v2\/types\/page"}],"author":[{"embeddable":true,"href":"https:\/\/www.acs.si\/en\/wp-json\/wp\/v2\/users\/161"}],"replies":[{"embeddable":true,"href":"https:\/\/www.acs.si\/en\/wp-json\/wp\/v2\/comments?post=28005"}],"version-history":[{"count":8,"href":"https:\/\/www.acs.si\/en\/wp-json\/wp\/v2\/pages\/28005\/revisions"}],"predecessor-version":[{"id":74543,"href":"https:\/\/www.acs.si\/en\/wp-json\/wp\/v2\/pages\/28005\/revisions\/74543"}],"up":[{"embeddable":true,"href":"https:\/\/www.acs.si\/en\/wp-json\/wp\/v2\/pages\/28557"}],"wp:attachment":[{"href":"https:\/\/www.acs.si\/en\/wp-json\/wp\/v2\/media?parent=28005"}],"curies":[{"name":"wp","href":"https:\/\/api.w.org\/{rel}","templated":true}]}}