{"id":28001,"date":"2018-08-29T15:00:28","date_gmt":"2018-08-29T14:00:28","guid":{"rendered":"http:\/\/www.acs.si\/?page_id=28001"},"modified":"2026-03-02T16:35:03","modified_gmt":"2026-03-02T15:35:03","slug":"annual-adult-education-conference","status":"publish","type":"page","link":"https:\/\/www.acs.si\/en\/projects\/other-activities\/annual-adult-education-conference\/","title":{"rendered":"Annual Adult Education Conference"},"content":{"rendered":"<p>[et_pb_section fb_built=&#8221;1&#8243; _builder_version=&#8221;4.16&#8243; custom_padding=&#8221;0px|||&#8221; global_colors_info=&#8221;{}&#8221;][et_pb_row module_class=&#8221;logo_table_row&#8221; _builder_version=&#8221;4.16&#8243; custom_padding=&#8221;20px|20px|20px|20px&#8221; border_width_all=&#8221;1px&#8221; border_color_all=&#8221;#cdd1d6&#8243; global_colors_info=&#8221;{}&#8221;][et_pb_column type=&#8221;4_4&#8243; _builder_version=&#8221;4.16&#8243; custom_padding=&#8221;|||&#8221; global_colors_info=&#8221;{}&#8221; custom_padding__hover=&#8221;|||&#8221;][et_pb_text _builder_version=&#8221;4.27.5&#8243; text_font_size=&#8221;10px&#8221; header_5_text_color=&#8221;#ffffff&#8221; header_5_font_size=&#8221;17px&#8221; header_5_line_height=&#8221;27px&#8221; custom_margin=&#8221;||0px|&#8221; custom_padding=&#8221;||0px|&#8221; hover_enabled=&#8221;0&#8243; global_colors_info=&#8221;{}&#8221; sticky_enabled=&#8221;0&#8243;]<\/p>\n<p>&nbsp;<\/p>\n<table class=\"projektTable\">\n<tbody>\n<tr>\n<td><b>Activity<\/b><\/td>\n<td>Annual Adult Education Conference <strong>\u2013 <\/strong><a href=\"https:\/\/web.acs.si\/lp\" target=\"_blank\" rel=\"noopener\">AAEC<\/a><\/td>\n<\/tr>\n<tr>\n<td><strong>Time period<\/strong><\/td>\n<td>Since 2010 (one or two days in autumn)<\/td>\n<\/tr>\n<tr>\n<td><strong>Financed by<\/strong><\/td>\n<td>Ministry of Education (ME)<\/td>\n<\/tr>\n<tr>\n<td><strong>Contact<\/strong><\/td>\n<td>Ur\u0161ka Bittner Pipan, MSc<br \/>T: +386 1 5842 547<br \/>E: <a href=\"mailto:urska.bittner.pipan@acs.si\">urska.bittner.pipan@acs.si<\/a><\/td>\n<\/tr>\n<\/tbody>\n<\/table>\n<p>&nbsp;<\/p>\n<p>[\/et_pb_text][\/et_pb_column][\/et_pb_row][et_pb_row _builder_version=&#8221;4.16&#8243; background_size=&#8221;initial&#8221; background_position=&#8221;top_left&#8221; background_repeat=&#8221;repeat&#8221; global_colors_info=&#8221;{}&#8221;][et_pb_column type=&#8221;4_4&#8243; _builder_version=&#8221;4.16&#8243; custom_padding=&#8221;|||&#8221; global_colors_info=&#8221;{}&#8221; custom_padding__hover=&#8221;|||&#8221;][et_pb_text admin_label=&#8221;Namen&#8221; _builder_version=&#8221;4.17.2&#8243; text_font_size=&#8221;10px&#8221; header_5_text_color=&#8221;#ffffff&#8221; header_5_font_size=&#8221;17px&#8221; header_5_line_height=&#8221;27px&#8221; custom_margin=&#8221;||0px|&#8221; custom_padding=&#8221;||0px|&#8221; global_colors_info=&#8221;{}&#8221;]<\/p>\n<p>&nbsp;<\/p>\n<h5 class=\"purple\">AIM<\/h5>\n<p>The Annual Adult Education Conference is a regular meeting of policy makers and professionals in the theory and practice of adult education.<\/p>\n<p>[\/et_pb_text][\/et_pb_column][\/et_pb_row][et_pb_row _builder_version=&#8221;4.16&#8243; background_size=&#8221;initial&#8221; background_position=&#8221;top_left&#8221; background_repeat=&#8221;repeat&#8221; global_colors_info=&#8221;{}&#8221;][et_pb_column type=&#8221;4_4&#8243; _builder_version=&#8221;4.16&#8243; custom_padding=&#8221;|||&#8221; global_colors_info=&#8221;{}&#8221; custom_padding__hover=&#8221;|||&#8221;][et_pb_text admin_label=&#8221;Cilji projekta&#8221; _builder_version=&#8221;4.17.2&#8243; text_font_size=&#8221;10px&#8221; header_5_text_color=&#8221;#ffffff&#8221; header_5_font_size=&#8221;17px&#8221; header_5_line_height=&#8221;27px&#8221; custom_margin=&#8221;||0px|&#8221; custom_padding=&#8221;||0px|&#8221; global_colors_info=&#8221;{}&#8221;]<\/p>\n<p>&nbsp;<\/p>\n<h5 class=\"purple\">OBJECTIVES<\/h5>\n<p>Presentation of current topics and challenges, participation in implementation of these themes, professional exchanges, collections of suggestions and proposals of adult education stakeholders.<\/p>\n<p>[\/et_pb_text][\/et_pb_column][\/et_pb_row][et_pb_row _builder_version=&#8221;4.16&#8243; background_size=&#8221;initial&#8221; background_position=&#8221;top_left&#8221; background_repeat=&#8221;repeat&#8221; global_colors_info=&#8221;{}&#8221;][et_pb_column type=&#8221;4_4&#8243; _builder_version=&#8221;4.16&#8243; custom_padding=&#8221;|||&#8221; global_colors_info=&#8221;{}&#8221; custom_padding__hover=&#8221;|||&#8221;][et_pb_text admin_label=&#8221;Opis&#8221; _builder_version=&#8221;4.17.2&#8243; text_font_size=&#8221;10px&#8221; header_5_text_color=&#8221;#ffffff&#8221; header_5_font_size=&#8221;17px&#8221; header_5_line_height=&#8221;27px&#8221; custom_margin=&#8221;||0px|&#8221; custom_padding=&#8221;||0px|&#8221; global_colors_info=&#8221;{}&#8221;]<\/p>\n<p>&nbsp;<\/p>\n<h5 class=\"purple\">DESCRIPTION<\/h5>\n<p>This event offers an opportunity to evaluate the activities and goals reached in the previous year. The aim of the conference is also to spread information and encourage discussion of challenges and orientation that will influence the activities in adult education in the future. The event is also an opportunity for creation of non-formal connections with professionals from all across Slovenia and from all fields, strengthening our joint commitment to development of adult education in Slovenia.<\/p>\n<p>[\/et_pb_text][\/et_pb_column][\/et_pb_row][et_pb_row _builder_version=&#8221;4.16&#8243; background_size=&#8221;initial&#8221; background_position=&#8221;top_left&#8221; background_repeat=&#8221;repeat&#8221; global_colors_info=&#8221;{}&#8221;][et_pb_column type=&#8221;4_4&#8243; _builder_version=&#8221;4.16&#8243; custom_padding=&#8221;|||&#8221; global_colors_info=&#8221;{}&#8221; custom_padding__hover=&#8221;|||&#8221;][et_pb_text admin_label=&#8221;Aktivnost&#8221; _builder_version=&#8221;4.17.2&#8243; text_font_size=&#8221;10px&#8221; header_5_text_color=&#8221;#ffffff&#8221; header_5_font_size=&#8221;17px&#8221; header_5_line_height=&#8221;27px&#8221; custom_margin=&#8221;||0px|&#8221; custom_padding=&#8221;||0px|&#8221; global_colors_info=&#8221;{}&#8221;]<\/p>\n<p>&nbsp;<\/p>\n<h5 class=\"purple\">ACTIVITIES<\/h5>\n<p>The SIAE has been tasked with organisation of the AAEC on the behalf of the ME for several consecutive years.<\/p>\n<p>The tasks are grouped into the following sets:<\/p>\n<ul>\n<li>Definition of concept and contents of the meeting \u2013 in cooperation with the ME;<\/li>\n<li>Informing different publics of the event and sending out invitations;<\/li>\n<\/ul>\n<p>[\/et_pb_text][et_pb_toggle title=&#8221;Preberi ve\u010d&#8221; admin_label=&#8221;Preberi ve\u010d&#8221; _builder_version=&#8221;4.17.2&#8243; custom_margin=&#8221;20px|||&#8221; global_colors_info=&#8221;{}&#8221;]<\/p>\n<p>&nbsp;<\/p>\n<ul>\n<li>Collaboration with providers of plenary and panel contributions and teamwork;<\/li>\n<li>Implementation of organisational tasks in the strictest sense of the word;<\/li>\n<li>ICT and promotional support;<\/li>\n<li>Promotional materials;<\/li>\n<li>Ensuring media support;<\/li>\n<li>Implementation (including webstreaming);<\/li>\n<li>Documentation (recording, photographing) of the meeting;<\/li>\n<li>Evaluation of the AAEC.<\/li>\n<\/ul>\n<p>[\/et_pb_toggle][\/et_pb_column][\/et_pb_row][et_pb_row _builder_version=&#8221;4.16&#8243; background_size=&#8221;initial&#8221; background_position=&#8221;top_left&#8221; background_repeat=&#8221;repeat&#8221; global_colors_info=&#8221;{}&#8221;][et_pb_column type=&#8221;4_4&#8243; _builder_version=&#8221;4.16&#8243; custom_padding=&#8221;|||&#8221; global_colors_info=&#8221;{}&#8221; custom_padding__hover=&#8221;|||&#8221;][et_pb_text admin_label=&#8221;Klju\u010dni dose\u017eki&#8221; _builder_version=&#8221;4.17.2&#8243; text_font_size=&#8221;10px&#8221; header_5_text_color=&#8221;#ffffff&#8221; header_5_font_size=&#8221;17px&#8221; header_5_line_height=&#8221;27px&#8221; custom_margin=&#8221;||0px|&#8221; custom_padding=&#8221;||0px|&#8221; global_colors_info=&#8221;{}&#8221;]<\/p>\n<h5 class=\"purple\">KEY ACHIEVEMENTS<\/h5>\n<p><strong>Total (2021\u20132023) indicator:<\/strong> 14 editions of the AAECs; learn more about each at <a href=\"https:\/\/web.acs.si\/lp\" target=\"_blank\" rel=\"noopener\">https:\/\/web.acs.si\/lp<\/a>.<\/p>\n<p><strong>2023 AAEC <\/strong><strong>indicators:<\/strong><\/p>\n<ul>\n<li>A two-day (Portoro\u017e, 17 in 18 October) hybrid event under the slogan Self-actualised. Connected. Strong.<\/li>\n<li>AAEC website (<a href=\"https:\/\/web.acs.si\/lp2023\" target=\"_blank\" rel=\"noopener\">https:\/\/web.acs.si\/lp2023<\/a> ; in Slovenian);<\/li>\n<li>Number of participants: 224 (present in person on either day or the first or second day);<\/li>\n<li>Number of speakers: 24 in plenary (6 of the SIAE), and 18 in working groups;<\/li>\n<li>Number of presentations: 3 introductory speeches, 12 plenary contributions, 3 working groups, 2 cultural performances;<\/li>\n<li>Exhibition Portraits of Reading and promotional material;\u00a0<\/li>\n<li>Webstreaming (120 followers on the first day and 116 on the second day);<\/li>\n<li>Promotion and dissemination via SIAE communication channels;<\/li>\n<li>Editing of recording, final version made available in the SIAE YouTube channel (more than 600 views);<\/li>\n<li>Evaluation report based on participants&#8217; survey.<\/li>\n<li style=\"list-style-type: none;\">\u00a0<\/li>\n<\/ul>\n<p>[\/et_pb_text][\/et_pb_column][\/et_pb_row][\/et_pb_section]<\/p>\n","protected":false},"excerpt":{"rendered":"<p>&nbsp; Activity&#8230;<\/p>\n","protected":false},"author":161,"featured_media":0,"parent":28559,"menu_order":6,"comment_status":"closed","ping_status":"closed","template":"page_projekt.php","meta":{"_acf_changed":false,"_et_pb_use_builder":"on","_et_pb_old_content":"<table class=\"projektTable\">\r\n\t<tbody>\r\n\t\t<tr>\r\n\t\t\t<td><strong>Naziv projekta:<\/strong><\/td>\r\n\t\t\t<td>Letni posvet o izobra\u017eevanju odraslih \u2013 LPoIO<\/td>\r\n\t\t<\/tr>\r\n\t\t<tr>\r\n\t\t\t<td><strong>\u010casovni okvir:<\/strong><\/td>\r\n\t\t\t<td>en dan ali dva dni v novembru; ACS organizira LPoIO po naro\u010dilu Ministrstva za izobra\u017eevanje, znanost in \u0161port od leta 2010 dalje<\/td>\r\n\t\t<\/tr>\r\n\t\t<tr>\r\n\t\t\t<td><strong>Financer:<\/strong><\/td>\r\n\t\t\t<td>Ministrstvo za izobra\u017eevanje, znanost in \u0161port (MIZ\u0160)<\/td>\r\n\t\t<\/tr>\r\n<tr>\r\n\r\n<tr>\r\n\t\t\t<td><strong>Kontaktna oseba:<\/strong><\/td>\r\n\t\t\t<td>Mag. Zvonka Pangerc Pahernik (T: 01 5842 567, E: <a href=\"mailto:zvonka.pangerc@acs.si\">zvonka.pangerc@acs.si<\/a>)<\/td>\r\n\t\t<\/tr>\r\n\r\n<\/tbody>\r\n<\/table>\r\n\r\n<p><a href=\"https:\/\/www.facebook.com\/AndragoskiCenterSlovenije\" rel=\"noopener\" target=\"_blank\">FACEBOOK<\/a><\/p>\r\n\r\n<p><a href=\"https:\/\/twitter.com\/TVUslo\" rel=\"noopener\" target=\"_blank\">TWITTER<\/a> <\/p>\r\n\r\n<p><a href=\"http:\/\/pro.acs.si\/lp\" rel=\"noopener\" target=\"_blank\">http:\/\/pro.acs.si\/lp<\/a>; <a href=\"http:\/\/pro.acs.si\/lp2017\" rel=\"noopener\" target=\"_blank\">http:\/\/pro.acs.si\/lp2017<\/a> <\/p>\r\n\r\n\r\n\r\n[accordion]\r\n[accordion-item title=\"Namen\"]\r\n<p>Letni posvet o izobra\u017eevanju odraslih (LPoIO) je redno stanovsko sre\u010danje nosilcev politike, stroke in prakse na podro\u010dju izobra\u017eevanja odraslih. <\/p>\r\n[\/accordion-item]\r\n[\/accordion]\r\n\r\n\r\n[accordion]\r\n[accordion-item title=\"Cilji\"]\r\n<p>Spoznavanje aktualnih vsebin, sodelovanje pri njihovem udejanjanju, strokovne izmenjave, zbiranje pobud dele\u017enikov v izobra\u017eevanju odraslih. <\/p>\r\n[\/accordion-item]\r\n[\/accordion]\r\n\r\n[accordion]\r\n[accordion-item title=\"Opis\"]\r\n<p>Dogodek je prilo\u017enost za ovrednotenje prehojenih poti in dose\u017eenih ciljev v preteklem letu. Obenem je dogodek namenjen informiranju in razpravi o izzivih in usmeritvah, ki bodo krojili delovanje v izobra\u017eevanju odraslih v prihodnje. Posvet je tudi prilo\u017enost za neformalne stike strokovnjakov iz vse Slovenije in iz resorjev , ki krepijo na\u0161o skupno zavezanost razvoju izobra\u017eevanja odraslih v Sloveniji. <\/p>\r\n[\/accordion-item]\r\n[\/accordion]\r\n\r\n[accordion]\r\n[accordion-item title=\"Aktivnosti\"]\r\n<p>Andrago\u0161ki center Slovenije (ACS) je nalogo, da samostojno koordinira LPoIO za MIZ\u0160, izpeljal \u017ee ve\u010d let zapovrstjo. <\/p>\r\n<p>Naloge potekajo v naslednjih vsebinskih sklopih:<\/p>\r\n<ul>\r\n<li> opredelitev koncepta in vsebin posveta,<\/li>\r\n<li> obve\u0161\u010danje razli\u010dnih javnosti o posvetu in vabljenje,<\/li>\r\n<li> sodelovanje z izvajalci plenarnih in panelnih prispevkov ter dela v skupinah,<\/li>\r\n<li> izpeljava organizacijskih del v o\u017ejem smislu,<\/li>\r\n<li> informacijsko-promocijska podpora,<\/li>\r\n<li> promocijska gradiva,<\/li>\r\n<li> zagotavljanje medijske podpore,<\/li>\r\n<li> izpeljava posveta in njegova evalvacija.<\/li> \r\n<\/ul>\r\n[\/accordion-item]\r\n[\/accordion]\r\n\r\n\t\r\n[accordion]\r\n[accordion-item title=\"Klju\u010dni dose\u017eki\"]\r\n<p>Skupni kazalnik: 7 izpeljav LPoIO ter 1 izpeljava v sodelovanju s \u0160olo za ravnatelje (marec 2017); podrobneje na <a href=\"http:\/\/pro.acs.si\/lp\" rel=\"noopener\" target=\"_blank\">http:\/\/pro.acs.si\/lp<\/a>. <\/p>\r\n<p> <strong>Kazalniki LPoIO 2017:<\/strong> <\/p>\r\n<ul>\r\n<li> \u0161tevilo udele\u017eencev: 200, <\/li>\r\n<li> \u0161tevilo prispevkov: 11, <\/li>\r\n<li> \u0161tevilo nastopajo\u010dih: 14,<\/li>\r\n<li> naklada  promocijskih gradiv (5): po 250 izvodov,<\/li>\r\n<\/ul>\r\n[\/accordion-item]\r\n[\/accordion]","_et_gb_content_width":"","inline_featured_image":false,"footnotes":""},"class_list":["post-28001","page","type-page","status-publish","hentry"],"acf":[],"yoast_head":"<!-- This site is optimized with the Yoast SEO plugin v26.2 - https:\/\/yoast.com\/wordpress\/plugins\/seo\/ -->\n<title>Annual Adult Education Conference | Andrago\u0161ki center Republike Slovenije<\/title>\n<meta name=\"robots\" content=\"index, follow, max-snippet:-1, max-image-preview:large, max-video-preview:-1\" \/>\n<link rel=\"canonical\" href=\"https:\/\/www.acs.si\/en\/projects\/other-activities\/annual-adult-education-conference\/\" \/>\n<meta property=\"og:locale\" content=\"en_US\" \/>\n<meta property=\"og:type\" content=\"article\" \/>\n<meta property=\"og:title\" content=\"Annual Adult Education Conference | Andrago\u0161ki center Republike Slovenije\" \/>\n<meta property=\"og:description\" content=\"&nbsp; Activity...\" \/>\n<meta property=\"og:url\" content=\"https:\/\/www.acs.si\/en\/projects\/other-activities\/annual-adult-education-conference\/\" \/>\n<meta property=\"og:site_name\" content=\"Andrago\u0161ki center Republike Slovenije\" \/>\n<meta property=\"article:publisher\" content=\"https:\/\/www.facebook.com\/AndragoskiCenterSlovenije\/\" \/>\n<meta property=\"article:modified_time\" content=\"2026-03-02T15:35:03+00:00\" \/>\n<meta name=\"twitter:card\" content=\"summary_large_image\" \/>\n<meta name=\"twitter:label1\" content=\"Est. reading time\" \/>\n\t<meta name=\"twitter:data1\" content=\"3 minutes\" \/>\n<script type=\"application\/ld+json\" class=\"yoast-schema-graph\">{\"@context\":\"https:\/\/schema.org\",\"@graph\":[{\"@type\":\"WebPage\",\"@id\":\"https:\/\/www.acs.si\/en\/projects\/other-activities\/annual-adult-education-conference\/\",\"url\":\"https:\/\/www.acs.si\/en\/projects\/other-activities\/annual-adult-education-conference\/\",\"name\":\"Annual Adult Education Conference | Andrago\u0161ki center Republike Slovenije\",\"isPartOf\":{\"@id\":\"https:\/\/www.acs.si\/#website\"},\"datePublished\":\"2018-08-29T14:00:28+00:00\",\"dateModified\":\"2026-03-02T15:35:03+00:00\",\"breadcrumb\":{\"@id\":\"https:\/\/www.acs.si\/en\/projects\/other-activities\/annual-adult-education-conference\/#breadcrumb\"},\"inLanguage\":\"en-US\",\"potentialAction\":[{\"@type\":\"ReadAction\",\"target\":[\"https:\/\/www.acs.si\/en\/projects\/other-activities\/annual-adult-education-conference\/\"]}]},{\"@type\":\"BreadcrumbList\",\"@id\":\"https:\/\/www.acs.si\/en\/projects\/other-activities\/annual-adult-education-conference\/#breadcrumb\",\"itemListElement\":[{\"@type\":\"ListItem\",\"position\":1,\"name\":\"Home\",\"item\":\"https:\/\/www.acs.si\/en\/\"},{\"@type\":\"ListItem\",\"position\":2,\"name\":\"Projects\",\"item\":\"https:\/\/www.acs.si\/en\/projects\/\"},{\"@type\":\"ListItem\",\"position\":3,\"name\":\"Other activities\",\"item\":\"https:\/\/www.acs.si\/en\/projects\/other-activities\/\"},{\"@type\":\"ListItem\",\"position\":4,\"name\":\"Annual Adult Education Conference\"}]},{\"@type\":\"WebSite\",\"@id\":\"https:\/\/www.acs.si\/#website\",\"url\":\"https:\/\/www.acs.si\/\",\"name\":\"Andrago\u0161ki center Republike Slovenije\",\"description\":\"\",\"potentialAction\":[{\"@type\":\"SearchAction\",\"target\":{\"@type\":\"EntryPoint\",\"urlTemplate\":\"https:\/\/www.acs.si\/?s={search_term_string}\"},\"query-input\":{\"@type\":\"PropertyValueSpecification\",\"valueRequired\":true,\"valueName\":\"search_term_string\"}}],\"inLanguage\":\"en-US\"}]}<\/script>\n<!-- \/ Yoast SEO plugin. -->","yoast_head_json":{"title":"Annual Adult Education Conference | Andrago\u0161ki center Republike Slovenije","robots":{"index":"index","follow":"follow","max-snippet":"max-snippet:-1","max-image-preview":"max-image-preview:large","max-video-preview":"max-video-preview:-1"},"canonical":"https:\/\/www.acs.si\/en\/projects\/other-activities\/annual-adult-education-conference\/","og_locale":"en_US","og_type":"article","og_title":"Annual Adult Education Conference | Andrago\u0161ki center Republike Slovenije","og_description":"&nbsp; Activity...","og_url":"https:\/\/www.acs.si\/en\/projects\/other-activities\/annual-adult-education-conference\/","og_site_name":"Andrago\u0161ki center Republike Slovenije","article_publisher":"https:\/\/www.facebook.com\/AndragoskiCenterSlovenije\/","article_modified_time":"2026-03-02T15:35:03+00:00","twitter_card":"summary_large_image","twitter_misc":{"Est. reading time":"3 minutes"},"schema":{"@context":"https:\/\/schema.org","@graph":[{"@type":"WebPage","@id":"https:\/\/www.acs.si\/en\/projects\/other-activities\/annual-adult-education-conference\/","url":"https:\/\/www.acs.si\/en\/projects\/other-activities\/annual-adult-education-conference\/","name":"Annual Adult Education Conference | Andrago\u0161ki center Republike Slovenije","isPartOf":{"@id":"https:\/\/www.acs.si\/#website"},"datePublished":"2018-08-29T14:00:28+00:00","dateModified":"2026-03-02T15:35:03+00:00","breadcrumb":{"@id":"https:\/\/www.acs.si\/en\/projects\/other-activities\/annual-adult-education-conference\/#breadcrumb"},"inLanguage":"en-US","potentialAction":[{"@type":"ReadAction","target":["https:\/\/www.acs.si\/en\/projects\/other-activities\/annual-adult-education-conference\/"]}]},{"@type":"BreadcrumbList","@id":"https:\/\/www.acs.si\/en\/projects\/other-activities\/annual-adult-education-conference\/#breadcrumb","itemListElement":[{"@type":"ListItem","position":1,"name":"Home","item":"https:\/\/www.acs.si\/en\/"},{"@type":"ListItem","position":2,"name":"Projects","item":"https:\/\/www.acs.si\/en\/projects\/"},{"@type":"ListItem","position":3,"name":"Other activities","item":"https:\/\/www.acs.si\/en\/projects\/other-activities\/"},{"@type":"ListItem","position":4,"name":"Annual Adult Education Conference"}]},{"@type":"WebSite","@id":"https:\/\/www.acs.si\/#website","url":"https:\/\/www.acs.si\/","name":"Andrago\u0161ki center Republike Slovenije","description":"","potentialAction":[{"@type":"SearchAction","target":{"@type":"EntryPoint","urlTemplate":"https:\/\/www.acs.si\/?s={search_term_string}"},"query-input":{"@type":"PropertyValueSpecification","valueRequired":true,"valueName":"search_term_string"}}],"inLanguage":"en-US"}]}},"_links":{"self":[{"href":"https:\/\/www.acs.si\/en\/wp-json\/wp\/v2\/pages\/28001","targetHints":{"allow":["GET"]}}],"collection":[{"href":"https:\/\/www.acs.si\/en\/wp-json\/wp\/v2\/pages"}],"about":[{"href":"https:\/\/www.acs.si\/en\/wp-json\/wp\/v2\/types\/page"}],"author":[{"embeddable":true,"href":"https:\/\/www.acs.si\/en\/wp-json\/wp\/v2\/users\/161"}],"replies":[{"embeddable":true,"href":"https:\/\/www.acs.si\/en\/wp-json\/wp\/v2\/comments?post=28001"}],"version-history":[{"count":16,"href":"https:\/\/www.acs.si\/en\/wp-json\/wp\/v2\/pages\/28001\/revisions"}],"predecessor-version":[{"id":85839,"href":"https:\/\/www.acs.si\/en\/wp-json\/wp\/v2\/pages\/28001\/revisions\/85839"}],"up":[{"embeddable":true,"href":"https:\/\/www.acs.si\/en\/wp-json\/wp\/v2\/pages\/28559"}],"wp:attachment":[{"href":"https:\/\/www.acs.si\/en\/wp-json\/wp\/v2\/media?parent=28001"}],"curies":[{"name":"wp","href":"https:\/\/api.w.org\/{rel}","templated":true}]}}