{"id":27997,"date":"2018-08-29T14:49:10","date_gmt":"2018-08-29T13:49:10","guid":{"rendered":"http:\/\/www.acs.si\/?page_id=27997"},"modified":"2021-02-22T11:59:46","modified_gmt":"2021-02-22T10:59:46","slug":"learning-exchange","status":"publish","type":"page","link":"https:\/\/www.acs.si\/en\/projects\/other-activities\/learning-exchange\/","title":{"rendered":"Learning Exchange"},"content":{"rendered":"<p>[et_pb_section fb_built=&#8221;1&#8243; _builder_version=&#8221;3.22&#8243; custom_padding=&#8221;0px|||&#8221;][et_pb_row column_structure=&#8221;1_3,2_3&#8243; make_equal=&#8221;on&#8221; module_class=&#8221;logo-img-cont &#8221; _builder_version=&#8221;3.25&#8243; background_size=&#8221;initial&#8221; background_position=&#8221;top_left&#8221; background_repeat=&#8221;repeat&#8221; custom_margin=&#8221;||20px|&#8221; custom_padding=&#8221;0px||0px|&#8221; border_width_all=&#8221;1px&#8221; border_color_all=&#8221;#cdd1d6&#8243;][et_pb_column type=&#8221;1_3&#8243; _builder_version=&#8221;3.25&#8243; custom_padding=&#8221;|||&#8221; custom_padding__hover=&#8221;|||&#8221;][et_pb_image src=&#8221;https:\/\/www.acs.si\/wp-content\/uploads\/2018\/03\/OI-Borza_znanja.png&#8221; align=&#8221;center&#8221; align_tablet=&#8221;center&#8221; align_phone=&#8221;&#8221; align_last_edited=&#8221;on|desktop&#8221; module_class=&#8221;logo-img&#8221; _builder_version=&#8221;3.23&#8243; custom_padding=&#8221;10px|10px|10px|10px&#8221; border_color_right=&#8221;#cdd1d6&#8243; always_center_on_mobile=&#8221;on&#8221;][\/et_pb_image][\/et_pb_column][et_pb_column type=&#8221;2_3&#8243; _builder_version=&#8221;3.25&#8243; custom_padding=&#8221;|||&#8221; custom_padding__hover=&#8221;|||&#8221;][et_pb_text _builder_version=&#8221;3.27.4&#8243; custom_padding=&#8221;20px|20px|20px|20px&#8221; border_width_left=&#8221;1px&#8221; border_color_left=&#8221;#cdd1d6&#8243;]<\/p>\n<p>&nbsp;<\/p>\n<table class=\"projektTable\">\n<tbody>\n<tr>\n<td><strong>Activity<\/strong><\/td>\n<td>Learning Exchange<\/td>\n<\/tr>\n<tr>\n<td><b>Time period<\/b><\/td>\n<td>Since 1992<\/td>\n<\/tr>\n<tr>\n<td><strong>Financed by<\/strong><\/td>\n<td>Ministry of Education, Science and Sport<\/td>\n<\/tr>\n<tr>\n<td><b>Contacts<\/b><\/td>\n<td>Margerita Zagmajster, MSc<br \/>\nT: +386 1 5842 563<br \/>\nE: <a href=\"mailto:margerita.zagmajster@acs.si\">margerita.zagmajster@acs.si\u00a0<\/a><\/p>\n<p>Dr Anita Jug Do\u0161ler<br \/>\nT: +386 1 5842 580<br \/>\nE: <a href=\"mailto:anita.jug.dosler@acs.si\">anita.jug.dosler@acs.si<\/a><\/td>\n<\/tr>\n<\/tbody>\n<\/table>\n<p>&nbsp;<\/p>\n<p>[\/et_pb_text][\/et_pb_column][\/et_pb_row][et_pb_row _builder_version=&#8221;3.25&#8243; background_size=&#8221;initial&#8221; background_position=&#8221;top_left&#8221; background_repeat=&#8221;repeat&#8221;][et_pb_column type=&#8221;4_4&#8243; _builder_version=&#8221;3.25&#8243; custom_padding=&#8221;|||&#8221; custom_padding__hover=&#8221;|||&#8221;][et_pb_text admin_label=&#8221;Namen&#8221; _builder_version=&#8221;3.27.4&#8243; text_font_size=&#8221;10px&#8221; header_5_text_color=&#8221;#ffffff&#8221; header_5_font_size=&#8221;17px&#8221; header_5_line_height=&#8221;27px&#8221; custom_margin=&#8221;||0px|&#8221; custom_padding=&#8221;||0px|&#8221;]<\/p>\n<p>&nbsp;<\/p>\n<h5 class=\"purple\">AIM<\/h5>\n<p>The Learning exchange (LE) is an informational hub for collection, processing and sharing of information on people who search for knowledge and people who offer knowledge. The database is updated daily and allows the users to freely exchange offers and demands for different knowledge and skills.<\/p>\n<p>[\/et_pb_text][et_pb_toggle title=&#8221;Read more &#8221; admin_label=&#8221;Preberi ve\u010d&#8221; _builder_version=&#8221;3.4.1&#8243;]<\/p>\n<p>&nbsp;<\/p>\n<p>The LE first started operation in 1992 at the SIAE on a trial basis. At the time, we developed an organisation system and computer programme data processing and ensured the support of public media. The main LE operates in the Ljubljana City Library. The first and main LE in Ljubljana was later joined by the LEs in: Maribor, Novo Mesto, Izola, Murska Sobota, \u0160kofja Loka, Ptuj, Celje, Postojna, Nova Gorica and \u017dalec.<\/p>\n<p>[\/et_pb_toggle][\/et_pb_column][\/et_pb_row][et_pb_row _builder_version=&#8221;3.25&#8243; background_size=&#8221;initial&#8221; background_position=&#8221;top_left&#8221; background_repeat=&#8221;repeat&#8221;][et_pb_column type=&#8221;4_4&#8243; _builder_version=&#8221;3.25&#8243; custom_padding=&#8221;|||&#8221; custom_padding__hover=&#8221;|||&#8221;][et_pb_text admin_label=&#8221;Cilji&#8221; _builder_version=&#8221;3.27.4&#8243; text_font_size=&#8221;10px&#8221; header_5_text_color=&#8221;#ffffff&#8221; header_5_font_size=&#8221;17px&#8221; header_5_line_height=&#8221;27px&#8221; custom_margin=&#8221;||0px|&#8221; custom_padding=&#8221;||0px|&#8221;]<\/p>\n<p>&nbsp;<\/p>\n<h5 class=\"purple\">OBJECTIVES<\/h5>\n<p>The objectives of the Learning exchange are:<\/p>\n<ul>\n<li>To share knowledge and experiences;<\/li>\n<li>To spread the culture of learning;<\/li>\n<li>To connect knowledge, learning and interests of members.<\/li>\n<\/ul>\n<p>[\/et_pb_text][\/et_pb_column][\/et_pb_row][et_pb_row _builder_version=&#8221;3.25&#8243; background_size=&#8221;initial&#8221; background_position=&#8221;top_left&#8221; background_repeat=&#8221;repeat&#8221;][et_pb_column type=&#8221;4_4&#8243; _builder_version=&#8221;3.25&#8243; custom_padding=&#8221;|||&#8221; custom_padding__hover=&#8221;|||&#8221;][et_pb_text admin_label=&#8221;Opis&#8221; _builder_version=&#8221;3.27.4&#8243; text_font_size=&#8221;10px&#8221; header_5_text_color=&#8221;#ffffff&#8221; header_5_font_size=&#8221;17px&#8221; header_5_line_height=&#8221;27px&#8221; min_height=&#8221;136px&#8221; custom_margin=&#8221;||0px|&#8221; custom_padding=&#8221;||0px|&#8221;]<\/p>\n<p>&nbsp;<\/p>\n<h5 class=\"purple\">DESCRIPTION<\/h5>\n<p>The Learning exchange (LE) was developed as part of the project at the SIAE. The Slovenian network of LEs is coordinated by the main LE that operates in the Ljubljana City Library.<\/p>\n<p>[\/et_pb_text][et_pb_toggle title=&#8221;Read more&#8221; admin_label=&#8221;Preberi ve\u010d&#8221; _builder_version=&#8221;3.4.1&#8243;]<\/p>\n<p>&nbsp;<\/p>\n<p>The subject of free exchange of offers and demands is knowledge, skills and competences from different fields. The LE ensures sharing of information on people who have a certain knowledge or who look for a certain knowledge but does not check the quality of knowledge on offer. The data on participants and knowledge in demand or on offer is recorded on the application forms and in the computer database. The most common forms of communication with participants are via e-mail, telephone or in person. A member of the LE is each individual offering or looking for certain knowledge that joins Slovenian LEs in order to freely offer or acquire a certain type of knowledge. The manner of free learning and the location of exchange depend on the needs, wishes and options of peoples offering and looking of knowledge.<\/p>\n<p>Collaboration with public media is crucial for the LE, since the successful operation of LEs across Slovenia depends on constant and flexible sharing of information on free participation in the LE and on the current knowledge offers and demands with the largest possible number of people.<\/p>\n<p>[\/et_pb_toggle][\/et_pb_column][\/et_pb_row][et_pb_row _builder_version=&#8221;3.25&#8243; background_size=&#8221;initial&#8221; background_position=&#8221;top_left&#8221; background_repeat=&#8221;repeat&#8221;][et_pb_column type=&#8221;4_4&#8243; _builder_version=&#8221;3.25&#8243; custom_padding=&#8221;|||&#8221; custom_padding__hover=&#8221;|||&#8221;][et_pb_text admin_label=&#8221;Aktivnost&#8221; _builder_version=&#8221;3.27.4&#8243; text_font_size=&#8221;10px&#8221; header_5_text_color=&#8221;#ffffff&#8221; header_5_font_size=&#8221;17px&#8221; header_5_line_height=&#8221;27px&#8221; custom_margin=&#8221;||0px|&#8221; custom_padding=&#8221;||0px|&#8221;]<\/p>\n<p>&nbsp;<\/p>\n<h5 class=\"purple\">ACTIVITIES<\/h5>\n<p>Ensuring development of the LE:<\/p>\n<ul>\n<li>Collaboration with the Ministry of Education, Science and Sport on preparation of professional groundwork, guidelines and other documents;<\/li>\n<li>Development of recommendations for LE updates;<\/li>\n<\/ul>\n<p>Working with the LE participants to collect, process and share data on knowledge on offer and in demand.<\/p>\n<p>[\/et_pb_text][\/et_pb_column][\/et_pb_row][et_pb_row _builder_version=&#8221;3.25&#8243; background_size=&#8221;initial&#8221; background_position=&#8221;top_left&#8221; background_repeat=&#8221;repeat&#8221;][et_pb_column type=&#8221;4_4&#8243; _builder_version=&#8221;3.25&#8243; custom_padding=&#8221;|||&#8221; custom_padding__hover=&#8221;|||&#8221;][et_pb_text admin_label=&#8221;Klju\u010dni dose\u017eki&#8221; _builder_version=&#8221;3.27.4&#8243; text_font_size=&#8221;10px&#8221; header_5_text_color=&#8221;#ffffff&#8221; header_5_font_size=&#8221;17px&#8221; header_5_line_height=&#8221;27px&#8221; custom_margin=&#8221;||0px|&#8221; custom_padding=&#8221;||0px|&#8221;]<\/p>\n<p>&nbsp;<\/p>\n<h5 class=\"purple\">KEY ACHIEVEMENTS<\/h5>\n<p>In 2019, there were 5 LE organizations, 4 organizations performed regional LE and 1 organization performed central LE. They included 889 adults.<\/p>\n<p>[\/et_pb_text][\/et_pb_column][\/et_pb_row][\/et_pb_section]<\/p>\n","protected":false},"excerpt":{"rendered":"<p>&nbsp; Activity&#8230;<\/p>\n","protected":false},"author":161,"featured_media":0,"parent":28559,"menu_order":1,"comment_status":"closed","ping_status":"closed","template":"page_projekt.php","meta":{"_acf_changed":false,"_et_pb_use_builder":"on","_et_pb_old_content":"FOTOGRAFIJA \r\n\r\n<table class=\"projektTableNew\">\r\n<tbody>\r\n<tr>\r\n\t\t\t<td>Naziv projekta:<\/td>\r\n\t\t\t<td>Borza znanja<\/td>\r\n\t\t<\/tr>\r\n\t\t<tr>\r\n\t\t\t<td>\u010casovni okvir<\/td>\r\n\t\t\t<td>1992\u2013 <\/td>\r\n\t\t<\/tr>\r\n\t\t<tr>\r\n\t\t\t<td>Financer<\/td>\r\n\t\t\t<td>Ministrstvo za izobra\u017eevanje, znanost in \u0161port<\/td>\r\n\t\t<\/tr>\r\n<tr>\r\n\t\t\t<td>Kontaktna oseba<\/td>\r\n\t\t\t<td>mag. Margerita Zagmajster   (T: 01 584 2563, E: <a href=\"mailto:margerita.zagmajster@acs.si\">margerita.zagmajster@acs.si<\/a> in dr. Anita Jug Do\u0161ler (T: 01 584 2580, E: <a href=\"mailto:anita.jugr@acs.si\">anita.jug@acs.si<\/a>) <\/td>\r\n\t\t<\/tr>\r\n<\/tbody>\r\n<\/table>\r\n\r\n\r\n<a href=\"http:\/\/www.borzaznanja.si\/default.asp?mID=sl&pID=mreza_borze\" rel=\"noopener\" target=\"_blank\">http:\/\/www.borzaznanja.si\/default.asp?mID=sl&pID=mreza_borze<\/a>\r\n<p> <a href=\"http:\/\/www.borzaznanja.si\/default.asp?mID=sl&pID=registracija\" rel=\"noopener\" target=\"_blank\">http:\/\/www.borzaznanja.si\/default.asp?mID=sl&pID=registracija<\/a> <\/p> \r\n\r\n\r\n[accordion]\r\n[accordion-item title=\"Namen\"]Borza znanja (BZ) je informacijsko sredi\u0161\u010de, v katerem se zbira, ureja in posreduje podatke o ljudeh, ki znanje i\u0161\u010dejo, in o ljudeh, ki znanje ponujajo. Podatkovna baza se dnevno polni in daje uporabnikom mo\u017enost brezpla\u010dne izmenjave ponudb in povpra\u0161evanja o razli\u010dnih znanjih, spretnostih in ve\u0161\u010dinah. <p>\r\nBZ je poskusno za\u010dela delovati leta 1992 na Andrago\u0161kem centru Slovenije. Takrat smo razvili organizacijski sistem in ra\u010dunalni\u0161ki program za obdelavo podatkov ter zagotovili podporo javnih ob\u010dil. Osrednja BZ deluje v Mestni knji\u017enici Ljubljana. Osrednji BZ v Ljubljani kot prvi delujo\u010di so se do sedaj pridru\u017eile \u0161e BZ v: Mariboru, Novem mestu, Izoli, Murski Soboti, \u0160kofji Loki, Ptuju, Celju, Postojni, Novi Gorici in \u017dalcu.[\/accordion-item]\r\n[\/accordion]\r\n\r\n[accordion]\r\n[accordion-item title=\"Cilji\"]Borza znanja (BZ) je bila projektno razvita na Andrago\u0161kem centru Slovenije. Slovenska mre\u017ea BZ, ki jo sestavlja 10 BZ po Sloveniji, je koordinirana s strani osrednje BZ, ki deluje v Mestni knji\u017enici Ljubljana. <p>\r\nPredmet brezpla\u010dne izmenjave ponudb in povpra\u0161evanja predstavljajo znanja, vedenja, ve\u0161\u010dine in spretnosti z najrazli\u010dnej\u0161ih podro\u010dij. BZ zagotavlja pretok informacij o ljudeh, ki neko znanje imajo in\/ali ga \u017eelijo prejeti, ne preverja pa kakovosti njihovega znanja. Podatki o udele\u017eencih in znanjih, ki jih ljudje ponujajo ali i\u0161\u010dejo, so evidentirani v vpisnih listih in v ra\u010dunalni\u0161ki bazi. Z udele\u017eenci se najpogosteje komunicira preko elektronske po\u0161te, telefona ali osebnega sre\u010danja. \u010clan BZ je vsak posamezen ponudnik ali povpra\u0161evalec po dolo\u010denem znanju, ki se v\u010dlani v katerokoli slovensko BZ, z namenom, da brezpla\u010dno ponudi ali pridobi dolo\u010deno vrsto znanja. Na\u010din brezpla\u010dnega u\u010denja in lokacija izmenjave je odvisna od potreb, \u017eelja in mo\u017enosti ponudnikov in posredovalcev znanja. <\/p>\r\nSodelovanje s sredstvi javnega obve\u0161\u010danja je za BZ bistvenega pomena, saj je stalno in fleksibilno informiranje \u010dim ve\u010djega \u0161tevila ljudi, tako o brezpla\u010dnih dejavnostih BZ kot tudi o vsebini aktualnih u\u010dnih povpra\u0161evanj in ponudb, eden od pomembnih dejavnikov, ki vpliva na uspe\u0161nost delovanja BZ po Sloveniji.[\/accordion-item]\r\n[\/accordion]\r\n\r\n[accordion]\r\n[accordion-item title=\"Opis\"]<p>Cilji delovanja BZ so:<\/p>\r\n<p><li> posredovanje znanja in izku\u0161enj, <\/li>\r\n<li> \u0161irjenje kulture u\u010denja, <\/li>\r\n<li> povezovanje znanja, u\u010denja in interesov \u010dlanov. <\/li><\/p>[\/accordion-item]\r\n[\/accordion]\r\n\r\n\r\n[accordion]\r\n[accordion-item title=\"Aktivnosti\"]Skrb za razvoj BZ: \r\n<li> sodelovanje z MIZ\u0160 pri pripravi strokovnih podlag, smernic in drugih dokumentov, <\/li>\r\n<li> razvoj priporo\u010dil za posodobitev BZ. <\/li>\r\n<p>\r\nDelo z udele\u017eenci BZ obsega zbiranje, urejanje in posredovanje podatkov o u\u010dnih ponudbah in povpra\u0161evanjih. <\/p>[\/accordion-item]\r\n[\/accordion]\r\n\r\n\r\n[accordion]\r\n[accordion-item title=\"Klju\u010dni dose\u017eki\"]V letu 2016 je bilo v BZ 1.247 udele\u017eencev, 2.182 povpra\u0161evanj po znanju, 938 iskalcev znanja in 380 izobra\u017eevalnih ponudb. <p>\r\nVe\u010d v letnem poro\u010dilu o delu Priporo\u010dila za posodobitev modela SU in modela BZ (dodati link na poro\u010dilo v pdf-ju, ko bo na voljo).[\/accordion-item]\r\n[\/accordion]","_et_gb_content_width":"","inline_featured_image":false,"footnotes":""},"class_list":["post-27997","page","type-page","status-publish","hentry"],"acf":[],"yoast_head":"<!-- This site is optimized with the Yoast SEO plugin v26.2 - https:\/\/yoast.com\/wordpress\/plugins\/seo\/ -->\n<title>Learning Exchange | Andrago\u0161ki center Republike Slovenije<\/title>\n<meta name=\"robots\" content=\"index, follow, max-snippet:-1, max-image-preview:large, max-video-preview:-1\" \/>\n<link rel=\"canonical\" href=\"https:\/\/www.acs.si\/en\/projects\/other-activities\/learning-exchange\/\" \/>\n<meta property=\"og:locale\" content=\"en_US\" \/>\n<meta property=\"og:type\" content=\"article\" \/>\n<meta property=\"og:title\" content=\"Learning Exchange | Andrago\u0161ki center Republike Slovenije\" \/>\n<meta property=\"og:description\" content=\"&nbsp; Activity...\" \/>\n<meta property=\"og:url\" content=\"https:\/\/www.acs.si\/en\/projects\/other-activities\/learning-exchange\/\" \/>\n<meta property=\"og:site_name\" content=\"Andrago\u0161ki center Republike Slovenije\" \/>\n<meta property=\"article:publisher\" content=\"https:\/\/www.facebook.com\/AndragoskiCenterSlovenije\/\" \/>\n<meta property=\"article:modified_time\" content=\"2021-02-22T10:59:46+00:00\" \/>\n<meta name=\"twitter:card\" content=\"summary_large_image\" \/>\n<meta name=\"twitter:label1\" content=\"Est. reading time\" \/>\n\t<meta name=\"twitter:data1\" content=\"5 minutes\" \/>\n<script type=\"application\/ld+json\" class=\"yoast-schema-graph\">{\"@context\":\"https:\/\/schema.org\",\"@graph\":[{\"@type\":\"WebPage\",\"@id\":\"https:\/\/www.acs.si\/en\/projects\/other-activities\/learning-exchange\/\",\"url\":\"https:\/\/www.acs.si\/en\/projects\/other-activities\/learning-exchange\/\",\"name\":\"Learning Exchange | Andrago\u0161ki center Republike Slovenije\",\"isPartOf\":{\"@id\":\"https:\/\/www.acs.si\/#website\"},\"datePublished\":\"2018-08-29T13:49:10+00:00\",\"dateModified\":\"2021-02-22T10:59:46+00:00\",\"breadcrumb\":{\"@id\":\"https:\/\/www.acs.si\/en\/projects\/other-activities\/learning-exchange\/#breadcrumb\"},\"inLanguage\":\"en-US\",\"potentialAction\":[{\"@type\":\"ReadAction\",\"target\":[\"https:\/\/www.acs.si\/en\/projects\/other-activities\/learning-exchange\/\"]}]},{\"@type\":\"BreadcrumbList\",\"@id\":\"https:\/\/www.acs.si\/en\/projects\/other-activities\/learning-exchange\/#breadcrumb\",\"itemListElement\":[{\"@type\":\"ListItem\",\"position\":1,\"name\":\"Home\",\"item\":\"https:\/\/www.acs.si\/en\/\"},{\"@type\":\"ListItem\",\"position\":2,\"name\":\"Projects\",\"item\":\"https:\/\/www.acs.si\/en\/projects\/\"},{\"@type\":\"ListItem\",\"position\":3,\"name\":\"Other activities\",\"item\":\"https:\/\/www.acs.si\/en\/projects\/other-activities\/\"},{\"@type\":\"ListItem\",\"position\":4,\"name\":\"Learning Exchange\"}]},{\"@type\":\"WebSite\",\"@id\":\"https:\/\/www.acs.si\/#website\",\"url\":\"https:\/\/www.acs.si\/\",\"name\":\"Andrago\u0161ki center Republike Slovenije\",\"description\":\"\",\"potentialAction\":[{\"@type\":\"SearchAction\",\"target\":{\"@type\":\"EntryPoint\",\"urlTemplate\":\"https:\/\/www.acs.si\/?s={search_term_string}\"},\"query-input\":{\"@type\":\"PropertyValueSpecification\",\"valueRequired\":true,\"valueName\":\"search_term_string\"}}],\"inLanguage\":\"en-US\"}]}<\/script>\n<!-- \/ Yoast SEO plugin. -->","yoast_head_json":{"title":"Learning Exchange | Andrago\u0161ki center Republike Slovenije","robots":{"index":"index","follow":"follow","max-snippet":"max-snippet:-1","max-image-preview":"max-image-preview:large","max-video-preview":"max-video-preview:-1"},"canonical":"https:\/\/www.acs.si\/en\/projects\/other-activities\/learning-exchange\/","og_locale":"en_US","og_type":"article","og_title":"Learning Exchange | Andrago\u0161ki center Republike Slovenije","og_description":"&nbsp; Activity...","og_url":"https:\/\/www.acs.si\/en\/projects\/other-activities\/learning-exchange\/","og_site_name":"Andrago\u0161ki center Republike Slovenije","article_publisher":"https:\/\/www.facebook.com\/AndragoskiCenterSlovenije\/","article_modified_time":"2021-02-22T10:59:46+00:00","twitter_card":"summary_large_image","twitter_misc":{"Est. reading time":"5 minutes"},"schema":{"@context":"https:\/\/schema.org","@graph":[{"@type":"WebPage","@id":"https:\/\/www.acs.si\/en\/projects\/other-activities\/learning-exchange\/","url":"https:\/\/www.acs.si\/en\/projects\/other-activities\/learning-exchange\/","name":"Learning Exchange | Andrago\u0161ki center Republike Slovenije","isPartOf":{"@id":"https:\/\/www.acs.si\/#website"},"datePublished":"2018-08-29T13:49:10+00:00","dateModified":"2021-02-22T10:59:46+00:00","breadcrumb":{"@id":"https:\/\/www.acs.si\/en\/projects\/other-activities\/learning-exchange\/#breadcrumb"},"inLanguage":"en-US","potentialAction":[{"@type":"ReadAction","target":["https:\/\/www.acs.si\/en\/projects\/other-activities\/learning-exchange\/"]}]},{"@type":"BreadcrumbList","@id":"https:\/\/www.acs.si\/en\/projects\/other-activities\/learning-exchange\/#breadcrumb","itemListElement":[{"@type":"ListItem","position":1,"name":"Home","item":"https:\/\/www.acs.si\/en\/"},{"@type":"ListItem","position":2,"name":"Projects","item":"https:\/\/www.acs.si\/en\/projects\/"},{"@type":"ListItem","position":3,"name":"Other activities","item":"https:\/\/www.acs.si\/en\/projects\/other-activities\/"},{"@type":"ListItem","position":4,"name":"Learning Exchange"}]},{"@type":"WebSite","@id":"https:\/\/www.acs.si\/#website","url":"https:\/\/www.acs.si\/","name":"Andrago\u0161ki center Republike Slovenije","description":"","potentialAction":[{"@type":"SearchAction","target":{"@type":"EntryPoint","urlTemplate":"https:\/\/www.acs.si\/?s={search_term_string}"},"query-input":{"@type":"PropertyValueSpecification","valueRequired":true,"valueName":"search_term_string"}}],"inLanguage":"en-US"}]}},"_links":{"self":[{"href":"https:\/\/www.acs.si\/en\/wp-json\/wp\/v2\/pages\/27997","targetHints":{"allow":["GET"]}}],"collection":[{"href":"https:\/\/www.acs.si\/en\/wp-json\/wp\/v2\/pages"}],"about":[{"href":"https:\/\/www.acs.si\/en\/wp-json\/wp\/v2\/types\/page"}],"author":[{"embeddable":true,"href":"https:\/\/www.acs.si\/en\/wp-json\/wp\/v2\/users\/161"}],"replies":[{"embeddable":true,"href":"https:\/\/www.acs.si\/en\/wp-json\/wp\/v2\/comments?post=27997"}],"version-history":[{"count":6,"href":"https:\/\/www.acs.si\/en\/wp-json\/wp\/v2\/pages\/27997\/revisions"}],"predecessor-version":[{"id":39268,"href":"https:\/\/www.acs.si\/en\/wp-json\/wp\/v2\/pages\/27997\/revisions\/39268"}],"up":[{"embeddable":true,"href":"https:\/\/www.acs.si\/en\/wp-json\/wp\/v2\/pages\/28559"}],"wp:attachment":[{"href":"https:\/\/www.acs.si\/en\/wp-json\/wp\/v2\/media?parent=27997"}],"curies":[{"name":"wp","href":"https:\/\/api.w.org\/{rel}","templated":true}]}}