{"id":27991,"date":"2018-08-29T14:33:35","date_gmt":"2018-08-29T13:33:35","guid":{"rendered":"http:\/\/www.acs.si\/?page_id=27991"},"modified":"2021-02-22T11:59:04","modified_gmt":"2021-02-22T10:59:04","slug":"quality-mosaic","status":"publish","type":"page","link":"https:\/\/www.acs.si\/en\/projects\/other-activities\/quality-mosaic\/","title":{"rendered":"Quality Mosaic"},"content":{"rendered":"<p>[et_pb_section fb_built=&#8221;1&#8243; _builder_version=&#8221;3.22&#8243; custom_padding=&#8221;0px|||&#8221;][et_pb_row make_equal=&#8221;on&#8221; module_class=&#8221;logo_table_row&#8221; _builder_version=&#8221;3.25&#8243; module_alignment=&#8221;center&#8221; custom_margin=&#8221;||20px|&#8221; custom_padding=&#8221;0px|0px|0px|0px&#8221; border_width_all=&#8221;1px&#8221; border_color_all=&#8221;#cdd1d6&#8243; column_structure=&#8221;1_3,2_3&#8243;][et_pb_column type=&#8221;1_3&#8243; _builder_version=&#8221;3.25&#8243; custom_padding=&#8221;|||&#8221; custom_padding__hover=&#8221;|||&#8221;][et_pb_image src=&#8221;https:\/\/www.acs.si\/wp-content\/uploads\/2018\/03\/OI-Mozaik_kakovosti.png&#8221; show_bottom_space=&#8221;off&#8221; align=&#8221;center&#8221; align_tablet=&#8221;center&#8221; align_last_edited=&#8221;on|desktop&#8221; module_class=&#8221;logo-img &#8221; _builder_version=&#8221;3.23&#8243; custom_padding=&#8221;10px|10px|10px|10px&#8221; border_color_all=&#8221;#cdd1d6&#8243; always_center_on_mobile=&#8221;on&#8221;][\/et_pb_image][\/et_pb_column][et_pb_column type=&#8221;2_3&#8243; _builder_version=&#8221;3.25&#8243; custom_padding=&#8221;|||&#8221; custom_padding__hover=&#8221;|||&#8221;][et_pb_text _builder_version=&#8221;3.27.4&#8243; custom_padding=&#8221;20px|20px|20px|20px&#8221; border_width_left=&#8221;1px&#8221; border_color_left=&#8221;#cdd1d6&#8243;]<\/p>\n<p>&nbsp;<\/p>\n<table class=\"projektTable\">\n<tbody>\n<tr>\n<td style=\"width: 143px;\"><b>Activity<\/b><\/td>\n<td style=\"width: 578px;\">Quality Mosaic<\/td>\n<\/tr>\n<tr>\n<td style=\"width: 143px;\"><b>Time period<\/b><\/td>\n<td style=\"width: 578px;\">Since 2017<\/td>\n<\/tr>\n<tr>\n<td style=\"width: 143px;\"><strong>Financed by<\/strong><\/td>\n<td style=\"width: 578px;\">Ministry of Education, Science and Sport, European Social Fund<\/td>\n<\/tr>\n<tr>\n<td style=\"width: 143px;\"><strong>Contact<\/strong><\/td>\n<td style=\"width: 578px;\">Jasmina Ore\u0161nik Cunja<br \/>\nT: +386 1 5842 596<br \/>\nE: <a href=\"mailto:jasmina.oresnik.cunja@acs.si\">jasmina.oresnik.cunja@acs.si<\/a><\/td>\n<\/tr>\n<\/tbody>\n<\/table>\n<p>&nbsp;<\/p>\n<p>[\/et_pb_text][\/et_pb_column][\/et_pb_row][et_pb_row _builder_version=&#8221;3.25&#8243; background_size=&#8221;initial&#8221; background_position=&#8221;top_left&#8221; background_repeat=&#8221;repeat&#8221;][et_pb_column type=&#8221;4_4&#8243; _builder_version=&#8221;3.25&#8243; custom_padding=&#8221;|||&#8221; custom_padding__hover=&#8221;|||&#8221;][et_pb_text admin_label=&#8221;Namen&#8221; _builder_version=&#8221;3.27.4&#8243; text_font_size=&#8221;10px&#8221; header_5_text_color=&#8221;#ffffff&#8221; header_5_font_size=&#8221;17px&#8221; header_5_line_height=&#8221;27px&#8221; custom_margin=&#8221;||0px|&#8221; custom_padding=&#8221;||0px|&#8221;]<\/p>\n<p>&nbsp;<\/p>\n<h5 class=\"purple\">AIM<\/h5>\n<p>An online tool that allows education providers direct access to recommendations and useful tools and instruments for self-evaluation and to descriptions of good practices for self-evaluation implementation. The database includes several practical solutions, products and tools that have been tested and have proved useful in the practice of adult education.<\/p>\n<p>[\/et_pb_text][\/et_pb_column][\/et_pb_row][et_pb_row _builder_version=&#8221;3.25&#8243; background_size=&#8221;initial&#8221; background_position=&#8221;top_left&#8221; background_repeat=&#8221;repeat&#8221;][et_pb_column type=&#8221;4_4&#8243; _builder_version=&#8221;3.25&#8243; custom_padding=&#8221;|||&#8221; custom_padding__hover=&#8221;|||&#8221;][et_pb_text admin_label=&#8221;Cilji projekta&#8221; _builder_version=&#8221;3.27.4&#8243; text_font_size=&#8221;10px&#8221; header_5_text_color=&#8221;#ffffff&#8221; header_5_font_size=&#8221;17px&#8221; header_5_line_height=&#8221;27px&#8221; custom_margin=&#8221;||0px|&#8221; custom_padding=&#8221;||0px|&#8221;]<\/p>\n<p>&nbsp;<\/p>\n<h5 class=\"purple\">OBJECTIVES<\/h5>\n<ul>\n<li>To develop an online portal to allow adult education professionals that face quality challenges in the practice to access professional recommendations, tools and good practices for definition, assessment and development of quality.<\/li>\n<li>To enable exchange of good practices in the quality field between educational organisations and professionals that develop internal quality systems.<\/li>\n<\/ul>\n<p>[\/et_pb_text][\/et_pb_column][\/et_pb_row][et_pb_row _builder_version=&#8221;3.25&#8243; background_size=&#8221;initial&#8221; background_position=&#8221;top_left&#8221; background_repeat=&#8221;repeat&#8221;][et_pb_column type=&#8221;4_4&#8243; _builder_version=&#8221;3.25&#8243; custom_padding=&#8221;|||&#8221; custom_padding__hover=&#8221;|||&#8221;][et_pb_text admin_label=&#8221;Opis&#8221; _builder_version=&#8221;3.27.4&#8243; text_font_size=&#8221;10px&#8221; header_5_text_color=&#8221;#ffffff&#8221; header_5_font_size=&#8221;17px&#8221; header_5_line_height=&#8221;27px&#8221; custom_margin=&#8221;||0px|&#8221; custom_padding=&#8221;||0px|&#8221;]<\/p>\n<p>&nbsp;<\/p>\n<h5 class=\"purple\">DESCRIPTION<\/h5>\n<p>This ICT online base of recommendations, tools and good practices for self-evaluation in educational organisations was developed as part of the ESF project Professional Support for the Area of Basic Adult Competences Development 2016\u20132022.<\/p>\n<p>[\/et_pb_text][et_pb_toggle title=&#8221;Read more&#8221; admin_label=&#8221;Preberi ve\u010d&#8221; _builder_version=&#8221;3.4.1&#8243;]<\/p>\n<p>The recommendations in the online base are designed to be used by those educational organisations with well developed internal quality systems as well as by organisations that are just starting to establish an internal quality system.<\/p>\n<p>The online base includes five thematic sets, namely:<\/p>\n<ul>\n<li><a href=\"https:\/\/mozaik.acs.si\/podrocje\/strokovna-izhodisca\">Professional groundwork<\/a>,<\/li>\n<li><a href=\"https:\/\/mozaik.acs.si\/podrocje\/umescenost-sistema-kakovosti-v-dejavnost-izobrazevalne-organizacije\">Inclusion of the quality system into the activities of educational organisations,<\/a><\/li>\n<li><a href=\"https:\/\/mozaik.acs.si\/podrocje\/opredeljevanje-kakovosti\">Definition of quality<\/a>,<\/li>\n<li><a href=\"https:\/\/mozaik.acs.si\/podrocje\/presojanje-kakovosti\">Assessment of quality<\/a>,<\/li>\n<li><a href=\"https:\/\/mozaik.acs.si\/podrocje\/razvijanje-kakovosti\">Development of quality<\/a>.<\/li>\n<\/ul>\n<p>[\/et_pb_toggle][\/et_pb_column][\/et_pb_row][et_pb_row _builder_version=&#8221;3.25&#8243; background_size=&#8221;initial&#8221; background_position=&#8221;top_left&#8221; background_repeat=&#8221;repeat&#8221;][et_pb_column type=&#8221;4_4&#8243; _builder_version=&#8221;3.25&#8243; custom_padding=&#8221;|||&#8221; custom_padding__hover=&#8221;|||&#8221;][et_pb_text admin_label=&#8221;Aktivnost&#8221; _builder_version=&#8221;3.27.4&#8243; text_font_size=&#8221;10px&#8221; header_5_text_color=&#8221;#ffffff&#8221; header_5_font_size=&#8221;17px&#8221; header_5_line_height=&#8221;27px&#8221; custom_margin=&#8221;||0px|&#8221; custom_padding=&#8221;||0px|&#8221;]<\/p>\n<p>&nbsp;<\/p>\n<h5 class=\"purple\">ACTIVITIES<\/h5>\n<p>So far, we have implemented the following activities:<\/p>\n<ul>\n<li>We developed the concept of contents for the base of recommendations, tools and good practices for assessment and development of quality and set up the Quality Mosaic web portal based on this concept;<\/li>\n<li>We decided on the methodology for display of recommendations, tools and good practices in the web portal;<\/li>\n<li>We made a selection of the already developed tools for definition, assessment and development of quality, edited their content and format and entered them into the online base;<\/li>\n<\/ul>\n<p>[\/et_pb_text][et_pb_toggle title=&#8221;Read more&#8221; admin_label=&#8221;Preberi ve\u010d&#8221; _builder_version=&#8221;3.4.1&#8243; custom_margin=&#8221;20px|||&#8221;]<\/p>\n<p>&nbsp;<\/p>\n<ul>\n<li>We identified topics for which new tools will have to be developed;<\/li>\n<li>We invited selected adult education providers to pilot test the methodology for description of good practices;<\/li>\n<li>We edited the content and methodology of described good practices and published them on the Quality Mosaic;<\/li>\n<li>We presented the web portal to adult education providers and invited them to test it;<\/li>\n<li>We implemented general promotion of the new online portal.<\/li>\n<\/ul>\n<p>In future, we will complete the content of the portal with new tools and descriptions of good practices provided by adult education organisations.<\/p>\n<p>&nbsp;<\/p>\n<p>[\/et_pb_toggle][\/et_pb_column][\/et_pb_row][et_pb_row _builder_version=&#8221;3.25&#8243; background_size=&#8221;initial&#8221; background_position=&#8221;top_left&#8221; background_repeat=&#8221;repeat&#8221;][et_pb_column type=&#8221;4_4&#8243; _builder_version=&#8221;3.25&#8243; custom_padding=&#8221;|||&#8221; custom_padding__hover=&#8221;|||&#8221;][et_pb_text admin_label=&#8221;Klju\u010dni dose\u017eki&#8221; _builder_version=&#8221;3.27.4&#8243; text_font_size=&#8221;10px&#8221; header_5_text_color=&#8221;#ffffff&#8221; header_5_font_size=&#8221;17px&#8221; header_5_line_height=&#8221;27px&#8221; custom_margin=&#8221;||0px|&#8221; custom_padding=&#8221;||0px|&#8221;]<\/p>\n<p>&nbsp;<\/p>\n<h5 class=\"purple\">KEY ACHIEVEMENTS<\/h5>\n<p>The key achievement of the activity is the development of the <a href=\"https:\/\/mozaik.acs.si\/\">Quality Mosaik<\/a> \u2013 an online base of recommendations, tools and good practices.<\/p>\n<p>[\/et_pb_text][\/et_pb_column][\/et_pb_row][\/et_pb_section]<\/p>\n","protected":false},"excerpt":{"rendered":"<p>&nbsp; Activity&#8230;<\/p>\n","protected":false},"author":161,"featured_media":0,"parent":28559,"menu_order":5,"comment_status":"closed","ping_status":"closed","template":"page_projekt.php","meta":{"_acf_changed":false,"_et_pb_use_builder":"on","_et_pb_old_content":"<table class=\"projektTableNew\">\r\n<tbody>\r\n<tr>\r\n\t\t\t<td>Naziv projekta \/ dejavnosti:<\/td>\r\n\t\t\t<td>Spletna zbirka priporo\u010dil, pripomo\u010dkov in dobrih praks \u2013 Mozaik kakovosti<\/td>\r\n\t\t<\/tr>\r\n\t\t<tr>\r\n\t\t\t<td>\u010casovni okvir<\/td>\r\n\t\t\t<td>od leta 2017 dalje<\/td>\r\n\t\t<\/tr>\r\n\t\t<tr>\r\n\t\t\t<td>Financer<\/td>\r\n\t\t\t<td>Ministrstvo za izobra\u017eevanje, znanost in \u0161port, Evropski socialni sklad<\/td>\r\n\t\t<\/tr>\r\n<tr>\r\n\t\t\t<td>Kontaktna oseba<\/td>\r\n\t\t\t<td>Jasmina Ore\u0161nik Cunja  (T: 01 584 25965, E: <a href=\"mailto:jasmina.oresnik.cunja@acs.si\">jasmina.oresnik.cunja@acs.si<\/a>)<\/td>\r\n\t\t<\/tr>\r\n<\/tbody>\r\n<\/table>\r\n\r\n<a href=\"https:\/\/mozaik.acs.si\" rel=\"noopener\" target=\"_blank\">https:\/\/mozaik.acs.si<\/a>\r\n\r\n\r\n\r\n[accordion]\r\n[accordion-item title=\"Namen\"]<p>Spletna zbirka priporo\u010dil, pripomo\u010dkov in dobrih praks, ki smo jo poimenovali Mozaik kakovosti, je namenjena vsem, ki v izobra\u017eevalnih organizacijah vzpostavljajo in razvijajo notranje sisteme kakovosti. Namenjena je tudi tistim, ki se ukvarjajo z razvojem in ume\u0161\u010danjem pristopov za presojanje in razvijanje kakovosti v izobra\u017eevalni sistem in v prakso. <\/p>\r\n\r\n<p>Spletno orodje izvajalcem izobra\u017eevanja omogo\u010da neposreden dostop do priporo\u010dil ter uporabnih pripomo\u010dkov in instrumentov za izvajanje samoevalvacije ter do opisov dobrih praks pri izvajanju samoevalvacije. V zbirki so predstavljene \u0161tevilne prakti\u010dne re\u0161itve, izdelki, pripomo\u010dki, ki so bili v praksi izobra\u017eevanja odraslih preizku\u0161eni in so se izkazali za uporabne.\r\n <\/p>\r\n[\/accordion-item]\r\n[\/accordion]\r\n\r\n[accordion]\r\n[accordion-item title=\"Cilji\"]<p>Temeljni cilji, ki smo si jih zastavili pri aktivnosti:<p>\r\n<ul>\r\n<li>razviti spletni portal, na katerem bodo lahko strokovni delavci, ki se v praksi izobra\u017eevanja odraslih ukvarjajo z vpra\u0161anji kakovosti, dostopali do strokovnih priporo\u010dil, pripomo\u010dkov in dobrih praks o opredeljevanju, presojanju in razvijanju kakovosti. <\/li>\r\n<li>omogo\u010diti izmenjavo dobrih praks s podro\u010dja kakovosti med izobra\u017eevalnimi organizacijami in strokovnjaki, ki razvijajo notranje sisteme kakovosti. <\/li>\r\n<\/ul>\r\n[\/accordion-item]\r\n[\/accordion]\r\n\r\n[accordion]\r\n[accordion-item title=\"Opis\"]<p>IKT spletno zbirko priporo\u010dil, pripomo\u010dkov in dobrih praks o samoevalvaciji v izobra\u017eevalni organizaciji smo razvili v okviru ESS projekta Strokovna podpora podro\u010dju razvoja temeljnih kompetenc odraslih 2016\u20132022, aktivnosti Sistemsko ume\u0161\u010danje in nadaljnji razvoj samoevalvacije v izobra\u017eevanju odraslih.<\/p>\r\n\r\n<p>Prvenstveno je zbirka oblikovana za uporabo v izobra\u017eevanju odraslih, vendar vsebuje \u0161tevilna priporo\u010dila, pripomo\u010dke in dobre prakse, ki lahko pridejo prav tudi izobra\u017eevalcem, ki delujejo na drugih podro\u010djih izobra\u017eevanja.<\/p>\r\n\r\n<p>Priporo\u010dila so v spletni zbirki oblikovana tako, da jih lahko uporabljajo izobra\u017eevalne organizacije, ki imajo \u017ee dobro razvite svoje notranje sisteme kakovosti, pa tudi tiste, ki so na tej poti \u0161ele na za\u010detku in notranji sistem kakovosti \u0161ele vzpostavljajo. <\/p>\r\n<p>Spletna zbirka vsebuje pet vsebinskih sklopov, in sicer:<\/p>\r\n<ul>\r\n<li><a href=\"https:\/\/mozaik.acs.si\/podrocje\/strokovna-izhodisca\" rel=\"noopener\" target=\"_blank\">strokovna izhodi\u0161\u010da<\/a>,<\/li>\r\n<li><a href=\"https:\/\/mozaik.acs.si\/podrocje\/umescenost-sistema-kakovosti-v-dejavnost-izobrazevalne-organizacije\" rel=\"noopener\" target=\"_blank\">ume\u0161\u010denost sistema kakovosti v dejavnost izobra\u017eevalne organizacije,<\/a><\/li>\r\n<li><a href=\"https:\/\/mozaik.acs.si\/podrocje\/opredeljevanje-kakovosti\" rel=\"noopener\" target=\"_blank\">opredeljevanje kakovosti<\/a>,<\/li>\r\n<li><a href=\"https:\/\/mozaik.acs.si\/podrocje\/presojanje-kakovosti\" rel=\"noopener\" target=\"_blank\">presojanje kakovosti<\/a>,<\/li>\r\n<li><a href=\"https:\/\/mozaik.acs.si\/podrocje\/razvijanje-kakovosti\" rel=\"noopener\" target=\"_blank\">razvijanje kakovosti<\/a>.<\/li>\r\n<\/ul>\r\n\r\n[\/accordion-item]\r\n[\/accordion]\r\n\r\n[accordion]\r\n[accordion-item title=\"Aktivnosti\"]<p>Doslej smo pri oblikovanju spletnega portala izpeljali naslednje aktivnosti:<\/p>\r\n<ul>\r\n<li> razvili smo vsebinsko zasnovo zbirke priporo\u010dil, pripomo\u010dkov in dobrih praks o presojanju in razvijanju kakovosti ter  na tej podlagi vzpostavili spletni portal Mozaik kakovosti, <\/li>\r\n<li>dorekli smo metodologijo za prikaz priporo\u010dil, pripomo\u010dkov in dobrih praks v spletnem portalu, <\/li>\r\n<li>opravili smo izbor \u017ee razvitih pripomo\u010dkov za opredeljevanje, presojanje in razvijanje kakovosti ter jih vsebinsko in oblikovno uredili ter jih vnesli v spletno zbirko,<\/li>\r\n<li>identificirali smo vsebine, za katere bo potrebno pripomo\u010dke razviti na novo, <\/li>\r\n<li>izbrane izvajalce izobra\u017eevanja odraslih smo povabili k pilotnem preizkusu metodologije za opis dobrih praks, <\/li>\r\n<li>opisane dobre prakse smo vsebinsko in metodolo\u0161ko uredili in jih objavili na portalu Mozaik kakovosti,<\/li>\r\n<li>spletni portal smo predstavili izvajalcem izobra\u017eevanja odraslih in jih povabili k njegovi poizkusni uporabi,<\/li>\r\n<li>opravili smo splo\u0161no promocijo novega spletnega portala. <\/li>\r\n<\/ul>\r\n<p>\r\n V nadaljevanju bomo vsebine spletnega portala dopolnjevali z novimi pripomo\u010dki ter opisi dobrih praks, ki jih bodo prispevale izobra\u017eevalne organizacije za odrasle. <\/p>\r\n[\/accordion-item]\r\n[\/accordion]\r\n\r\n[accordion]\r\n[accordion-item title=\"Klju\u010dni dose\u017eki\"]Klju\u010dni dose\u017eek pri aktivnosti je razvita spletna zbirka priporo\u010dil, pripomo\u010dkov in dobrih praks \u2013 <a href=\"https:\/\/mozaik.acs.si\/\" rel=\"noopener\" target=\"_blank\">Mozaik kakovosti<\/a>.\r\n[\/accordion-item]\r\n[\/accordion]","_et_gb_content_width":"","inline_featured_image":false,"footnotes":""},"class_list":["post-27991","page","type-page","status-publish","hentry"],"acf":[],"yoast_head":"<!-- This site is optimized with the Yoast SEO plugin v26.2 - https:\/\/yoast.com\/wordpress\/plugins\/seo\/ -->\n<title>Quality Mosaic | Andrago\u0161ki center Republike Slovenije<\/title>\n<meta name=\"robots\" content=\"index, follow, max-snippet:-1, max-image-preview:large, max-video-preview:-1\" \/>\n<link rel=\"canonical\" href=\"https:\/\/www.acs.si\/en\/projects\/other-activities\/quality-mosaic\/\" \/>\n<meta property=\"og:locale\" content=\"en_US\" \/>\n<meta property=\"og:type\" content=\"article\" \/>\n<meta property=\"og:title\" content=\"Quality Mosaic | Andrago\u0161ki center Republike Slovenije\" \/>\n<meta property=\"og:description\" content=\"&nbsp; Activity...\" \/>\n<meta property=\"og:url\" content=\"https:\/\/www.acs.si\/en\/projects\/other-activities\/quality-mosaic\/\" \/>\n<meta property=\"og:site_name\" content=\"Andrago\u0161ki center Republike Slovenije\" \/>\n<meta property=\"article:publisher\" content=\"https:\/\/www.facebook.com\/AndragoskiCenterSlovenije\/\" \/>\n<meta property=\"article:modified_time\" content=\"2021-02-22T10:59:04+00:00\" \/>\n<meta name=\"twitter:card\" content=\"summary_large_image\" \/>\n<meta name=\"twitter:label1\" content=\"Est. reading time\" \/>\n\t<meta name=\"twitter:data1\" content=\"5 minutes\" \/>\n<script type=\"application\/ld+json\" class=\"yoast-schema-graph\">{\"@context\":\"https:\/\/schema.org\",\"@graph\":[{\"@type\":\"WebPage\",\"@id\":\"https:\/\/www.acs.si\/en\/projects\/other-activities\/quality-mosaic\/\",\"url\":\"https:\/\/www.acs.si\/en\/projects\/other-activities\/quality-mosaic\/\",\"name\":\"Quality Mosaic | Andrago\u0161ki center Republike Slovenije\",\"isPartOf\":{\"@id\":\"https:\/\/www.acs.si\/#website\"},\"datePublished\":\"2018-08-29T13:33:35+00:00\",\"dateModified\":\"2021-02-22T10:59:04+00:00\",\"breadcrumb\":{\"@id\":\"https:\/\/www.acs.si\/en\/projects\/other-activities\/quality-mosaic\/#breadcrumb\"},\"inLanguage\":\"en-US\",\"potentialAction\":[{\"@type\":\"ReadAction\",\"target\":[\"https:\/\/www.acs.si\/en\/projects\/other-activities\/quality-mosaic\/\"]}]},{\"@type\":\"BreadcrumbList\",\"@id\":\"https:\/\/www.acs.si\/en\/projects\/other-activities\/quality-mosaic\/#breadcrumb\",\"itemListElement\":[{\"@type\":\"ListItem\",\"position\":1,\"name\":\"Home\",\"item\":\"https:\/\/www.acs.si\/en\/\"},{\"@type\":\"ListItem\",\"position\":2,\"name\":\"Projects\",\"item\":\"https:\/\/www.acs.si\/en\/projects\/\"},{\"@type\":\"ListItem\",\"position\":3,\"name\":\"Other activities\",\"item\":\"https:\/\/www.acs.si\/en\/projects\/other-activities\/\"},{\"@type\":\"ListItem\",\"position\":4,\"name\":\"Quality Mosaic\"}]},{\"@type\":\"WebSite\",\"@id\":\"https:\/\/www.acs.si\/#website\",\"url\":\"https:\/\/www.acs.si\/\",\"name\":\"Andrago\u0161ki center Republike Slovenije\",\"description\":\"\",\"potentialAction\":[{\"@type\":\"SearchAction\",\"target\":{\"@type\":\"EntryPoint\",\"urlTemplate\":\"https:\/\/www.acs.si\/?s={search_term_string}\"},\"query-input\":{\"@type\":\"PropertyValueSpecification\",\"valueRequired\":true,\"valueName\":\"search_term_string\"}}],\"inLanguage\":\"en-US\"}]}<\/script>\n<!-- \/ Yoast SEO plugin. -->","yoast_head_json":{"title":"Quality Mosaic | Andrago\u0161ki center Republike Slovenije","robots":{"index":"index","follow":"follow","max-snippet":"max-snippet:-1","max-image-preview":"max-image-preview:large","max-video-preview":"max-video-preview:-1"},"canonical":"https:\/\/www.acs.si\/en\/projects\/other-activities\/quality-mosaic\/","og_locale":"en_US","og_type":"article","og_title":"Quality Mosaic | Andrago\u0161ki center Republike Slovenije","og_description":"&nbsp; Activity...","og_url":"https:\/\/www.acs.si\/en\/projects\/other-activities\/quality-mosaic\/","og_site_name":"Andrago\u0161ki center Republike Slovenije","article_publisher":"https:\/\/www.facebook.com\/AndragoskiCenterSlovenije\/","article_modified_time":"2021-02-22T10:59:04+00:00","twitter_card":"summary_large_image","twitter_misc":{"Est. reading time":"5 minutes"},"schema":{"@context":"https:\/\/schema.org","@graph":[{"@type":"WebPage","@id":"https:\/\/www.acs.si\/en\/projects\/other-activities\/quality-mosaic\/","url":"https:\/\/www.acs.si\/en\/projects\/other-activities\/quality-mosaic\/","name":"Quality Mosaic | Andrago\u0161ki center Republike Slovenije","isPartOf":{"@id":"https:\/\/www.acs.si\/#website"},"datePublished":"2018-08-29T13:33:35+00:00","dateModified":"2021-02-22T10:59:04+00:00","breadcrumb":{"@id":"https:\/\/www.acs.si\/en\/projects\/other-activities\/quality-mosaic\/#breadcrumb"},"inLanguage":"en-US","potentialAction":[{"@type":"ReadAction","target":["https:\/\/www.acs.si\/en\/projects\/other-activities\/quality-mosaic\/"]}]},{"@type":"BreadcrumbList","@id":"https:\/\/www.acs.si\/en\/projects\/other-activities\/quality-mosaic\/#breadcrumb","itemListElement":[{"@type":"ListItem","position":1,"name":"Home","item":"https:\/\/www.acs.si\/en\/"},{"@type":"ListItem","position":2,"name":"Projects","item":"https:\/\/www.acs.si\/en\/projects\/"},{"@type":"ListItem","position":3,"name":"Other activities","item":"https:\/\/www.acs.si\/en\/projects\/other-activities\/"},{"@type":"ListItem","position":4,"name":"Quality Mosaic"}]},{"@type":"WebSite","@id":"https:\/\/www.acs.si\/#website","url":"https:\/\/www.acs.si\/","name":"Andrago\u0161ki center Republike Slovenije","description":"","potentialAction":[{"@type":"SearchAction","target":{"@type":"EntryPoint","urlTemplate":"https:\/\/www.acs.si\/?s={search_term_string}"},"query-input":{"@type":"PropertyValueSpecification","valueRequired":true,"valueName":"search_term_string"}}],"inLanguage":"en-US"}]}},"_links":{"self":[{"href":"https:\/\/www.acs.si\/en\/wp-json\/wp\/v2\/pages\/27991","targetHints":{"allow":["GET"]}}],"collection":[{"href":"https:\/\/www.acs.si\/en\/wp-json\/wp\/v2\/pages"}],"about":[{"href":"https:\/\/www.acs.si\/en\/wp-json\/wp\/v2\/types\/page"}],"author":[{"embeddable":true,"href":"https:\/\/www.acs.si\/en\/wp-json\/wp\/v2\/users\/161"}],"replies":[{"embeddable":true,"href":"https:\/\/www.acs.si\/en\/wp-json\/wp\/v2\/comments?post=27991"}],"version-history":[{"count":5,"href":"https:\/\/www.acs.si\/en\/wp-json\/wp\/v2\/pages\/27991\/revisions"}],"predecessor-version":[{"id":39266,"href":"https:\/\/www.acs.si\/en\/wp-json\/wp\/v2\/pages\/27991\/revisions\/39266"}],"up":[{"embeddable":true,"href":"https:\/\/www.acs.si\/en\/wp-json\/wp\/v2\/pages\/28559"}],"wp:attachment":[{"href":"https:\/\/www.acs.si\/en\/wp-json\/wp\/v2\/media?parent=27991"}],"curies":[{"name":"wp","href":"https:\/\/api.w.org\/{rel}","templated":true}]}}