{"id":27968,"date":"2018-08-29T10:15:22","date_gmt":"2018-08-29T09:15:22","guid":{"rendered":"http:\/\/www.acs.si\/?page_id=27968"},"modified":"2021-06-21T19:09:19","modified_gmt":"2021-06-21T17:09:19","slug":"overview-of-adult-education-and-learning-on-offer","status":"publish","type":"page","link":"https:\/\/www.acs.si\/en\/projects\/other-activities\/overview-of-adult-education-and-learning-on-offer\/","title":{"rendered":"Overview of Adult Education and Learning on Offer"},"content":{"rendered":"<p>[et_pb_section fb_built=&#8221;1&#8243; _builder_version=&#8221;3.22&#8243; custom_padding=&#8221;0px|||&#8221;][et_pb_row column_structure=&#8221;1_3,2_3&#8243; make_equal=&#8221;on&#8221; module_class=&#8221;logo-img-cont &#8221; _builder_version=&#8221;3.25&#8243; background_size=&#8221;initial&#8221; background_position=&#8221;top_left&#8221; background_repeat=&#8221;repeat&#8221; custom_margin=&#8221;||20px|&#8221; custom_padding=&#8221;0px||0px|&#8221; border_width_all=&#8221;1px&#8221; border_color_all=&#8221;#cdd1d6&#8243;][et_pb_column type=&#8221;1_3&#8243; _builder_version=&#8221;3.25&#8243; custom_padding=&#8221;|||&#8221; custom_padding__hover=&#8221;|||&#8221;][et_pb_image src=&#8221;https:\/\/www.acs.si\/wp-content\/uploads\/2021\/06\/Kam_po_znanje-novi.png&#8221; title_text=&#8221;Kam_po_znanje-novi&#8221; url=&#8221;https:\/\/kampoznanje.si\/&#8221; url_new_window=&#8221;on&#8221; align=&#8221;center&#8221; align_tablet=&#8221;center&#8221; align_phone=&#8221;&#8221; align_last_edited=&#8221;on|desktop&#8221; module_class=&#8221;logo-img&#8221; _builder_version=&#8221;4.9.7&#8243; custom_padding=&#8221;10px|10px|10px|10px&#8221; border_color_right=&#8221;#cdd1d6&#8243; always_center_on_mobile=&#8221;on&#8221;][\/et_pb_image][\/et_pb_column][et_pb_column type=&#8221;2_3&#8243; _builder_version=&#8221;3.25&#8243; custom_padding=&#8221;|||&#8221; custom_padding__hover=&#8221;|||&#8221;][et_pb_text _builder_version=&#8221;3.27.4&#8243; custom_padding=&#8221;20px|20px|20px|20px&#8221; border_width_left=&#8221;1px&#8221; border_color_left=&#8221;#cdd1d6&#8243;]<\/p>\n<p>\n&nbsp;<\/p>\n<table class=\"projektTable\" style=\"height: 176px;\">\n<tbody>\n<tr style=\"height: 56px;\">\n<td style=\"height: 56px; width: 105px;\"><strong>Activity<\/strong><\/td>\n<td style=\"height: 56px; width: 368px;\">Overview of Adult Education and Learning on Offer (Where to Get\u00a0Knowledge?)<\/td>\n<\/tr>\n<tr style=\"height: 24px;\">\n<td style=\"height: 24px; width: 105px;\"><strong>Time period<\/strong><\/td>\n<td style=\"height: 24px; width: 368px;\">Since 1992<\/td>\n<\/tr>\n<tr style=\"height: 24px;\">\n<td style=\"height: 24px; width: 105px;\"><strong>Financed by<\/strong><\/td>\n<td style=\"height: 24px; width: 368px;\">Ministry of Labour, Family, Social Affairs and Equal Opportunities<\/td>\n<\/tr>\n<tr style=\"height: 72px;\">\n<td style=\"height: 72px; width: 105px;\"><strong>Contact<\/strong><\/td>\n<td style=\"height: 72px; width: 368px;\">Erika Brenk<br \/>\nT: 01 584 2570<br \/>\nE:\u00a0<a href=\"mailto:ana.peklenik@acs.si\">erika.brenk@acs.si<\/a><\/td>\n<\/tr>\n<\/tbody>\n<\/table>\n<p>&nbsp;<\/p>\n<p>[\/et_pb_text][\/et_pb_column][\/et_pb_row][et_pb_row _builder_version=&#8221;3.25&#8243; background_size=&#8221;initial&#8221; background_position=&#8221;top_left&#8221; background_repeat=&#8221;repeat&#8221;][et_pb_column type=&#8221;4_4&#8243; _builder_version=&#8221;3.25&#8243; custom_padding=&#8221;|||&#8221; custom_padding__hover=&#8221;|||&#8221;][et_pb_text admin_label=&#8221;Namen&#8221; _builder_version=&#8221;3.27.4&#8243; text_font_size=&#8221;10px&#8221; header_5_text_color=&#8221;#ffffff&#8221; header_5_font_size=&#8221;17px&#8221; header_5_line_height=&#8221;27px&#8221; custom_margin=&#8221;||0px|&#8221; custom_padding=&#8221;||0px|&#8221;]<\/p>\n<p>\n&nbsp;<\/p>\n<h5 class=\"purple\">AIM<\/h5>\n<p>The aim of annual monitoring and posting of educational offers for adults on the website Overview of Adult Education and Learning on Offer is to inform the general and professional public of available education and training in the field of formal and non-formal education and to promote lifelong learning. The online overview of available adult education is also an essential source of data for informational and guidance activities and analytical and research activities in the field of adult education.<\/p>\n<p>[\/et_pb_text][\/et_pb_column][\/et_pb_row][et_pb_row _builder_version=&#8221;3.25&#8243; background_size=&#8221;initial&#8221; background_position=&#8221;top_left&#8221; background_repeat=&#8221;repeat&#8221;][et_pb_column type=&#8221;4_4&#8243; _builder_version=&#8221;3.25&#8243; custom_padding=&#8221;|||&#8221; custom_padding__hover=&#8221;|||&#8221;][et_pb_text admin_label=&#8221;Cilji projekta&#8221; _builder_version=&#8221;3.27.4&#8243; text_font_size=&#8221;10px&#8221; header_5_text_color=&#8221;#ffffff&#8221; header_5_font_size=&#8221;17px&#8221; header_5_line_height=&#8221;27px&#8221; custom_margin=&#8221;||0px|&#8221; custom_padding=&#8221;||0px|&#8221;]<\/p>\n<p>\n&nbsp;<\/p>\n<h5 class=\"purple\">OBJECTIVES<\/h5>\n<p>To inform the general and professional public of the available educational offer in Slovenia, to ensure continuous guidance and information on education on offer and to analyse the adult education on offer in Slovenia.<\/p>\n<p>[\/et_pb_text][\/et_pb_column][\/et_pb_row][et_pb_row _builder_version=&#8221;3.25&#8243; background_size=&#8221;initial&#8221; background_position=&#8221;top_left&#8221; background_repeat=&#8221;repeat&#8221;][et_pb_column type=&#8221;4_4&#8243; _builder_version=&#8221;3.25&#8243; custom_padding=&#8221;|||&#8221; custom_padding__hover=&#8221;|||&#8221;][et_pb_text admin_label=&#8221;Opis&#8221; _builder_version=&#8221;4.9.2&#8243; text_font_size=&#8221;10px&#8221; header_5_text_color=&#8221;#ffffff&#8221; header_5_font_size=&#8221;17px&#8221; header_5_line_height=&#8221;27px&#8221; custom_margin=&#8221;||0px|&#8221; custom_padding=&#8221;||0px|&#8221;]<\/p>\n<p>&nbsp;<\/p>\n<h5 class=\"purple\">DESCRIPTION<\/h5>\n<p>The Overview of Adult Education and Learning on Offer published on the website Where to Get Knowledge? (Kam po znanje) is one of the few informational resources on a national level, presenting the available formal and non-formal adult education programmes for each school year. The website offers the general and professional public information on more than 200 providers of adult education (adult education centres, secondary schools and adult education units, tertiary and higher education schools and faculties, private organisations and schools, educational centres, institutions, associations, third age universities, libraries, museums, galleries and other education providers) and more than 3000 educational and training programmes and other information in the field of adult learning and education.<\/p>\n<p>[\/et_pb_text][\/et_pb_column][\/et_pb_row][et_pb_row _builder_version=&#8221;3.25&#8243; background_size=&#8221;initial&#8221; background_position=&#8221;top_left&#8221; background_repeat=&#8221;repeat&#8221;][et_pb_column type=&#8221;4_4&#8243; _builder_version=&#8221;3.25&#8243; custom_padding=&#8221;|||&#8221; custom_padding__hover=&#8221;|||&#8221;][et_pb_text admin_label=&#8221;Klju\u010dni dose\u017eki&#8221; _builder_version=&#8221;3.27.4&#8243; text_font_size=&#8221;10px&#8221; header_5_text_color=&#8221;#ffffff&#8221; header_5_font_size=&#8221;17px&#8221; header_5_line_height=&#8221;27px&#8221; custom_margin=&#8221;||0px|&#8221; custom_padding=&#8221;||0px|&#8221;]<\/p>\n<p>\n&nbsp;<\/p>\n<h5 class=\"purple\">ACTIVITIES<\/h5>\n<ul>\n<li>Collaboration with adult education providers;<\/li>\n<li>Annual monitoring and posting of adult education on offer;<\/li>\n<li>Analysis of the education on offer.<\/li>\n<\/ul>\n<p>[\/et_pb_text][\/et_pb_column][\/et_pb_row][et_pb_row _builder_version=&#8221;3.25&#8243; background_size=&#8221;initial&#8221; background_position=&#8221;top_left&#8221; background_repeat=&#8221;repeat&#8221;][et_pb_column type=&#8221;4_4&#8243; _builder_version=&#8221;3.25&#8243; custom_padding=&#8221;|||&#8221; custom_padding__hover=&#8221;|||&#8221;][et_pb_text admin_label=&#8221;Kazalniki&#8221; _builder_version=&#8221;4.9.2&#8243; text_font_size=&#8221;10px&#8221; header_5_text_color=&#8221;#ffffff&#8221; header_5_font_size=&#8221;17px&#8221; header_5_line_height=&#8221;27px&#8221; custom_margin=&#8221;||0px|&#8221; custom_padding=&#8221;||0px|&#8221;]<\/p>\n<p>&nbsp;<\/p>\n<h5 class=\"purple\">TOTAL INDICATOR<\/h5>\n<p>Total indicator: 29 issues of the Overview (in printed version until 1999, later also on CDs and online and only online version since 2002)<\/p>\n<p>Indicators of the Overview of Adult Education and Learning on Offer in 2020\/2021:<\/p>\n<ul>\n<li>200 adult education providers<\/li>\n<li>3115 educational programmes.<\/li>\n<\/ul>\n<p>[\/et_pb_text][\/et_pb_column][\/et_pb_row][\/et_pb_section]<\/p>\n","protected":false},"excerpt":{"rendered":"<p>&nbsp; Activity&#8230;<\/p>\n","protected":false},"author":161,"featured_media":0,"parent":28559,"menu_order":8,"comment_status":"closed","ping_status":"closed","template":"page_projekt.php","meta":{"_acf_changed":false,"_et_pb_use_builder":"on","_et_pb_old_content":"<table class=\"projektTableNew\">\r\n<tbody>\r\n<tr>\r\n\t\t\t<td>Naziv projekta \/ dejavnosti<\/td>\r\n\t\t\t<td>Pregled ponudbe izobra\u017eevanja odraslih v Sloveniji \u2013 Kam po znanje<\/td>\r\n\t\t<\/tr>\r\n\t\t<tr>\r\n\t\t\t<td>\u010casovni okvir<\/td>\r\n\t\t\t<td>Vse leto; od leta 1992 dalje<\/td>\r\n\t\t<\/tr>\r\n\t\t<tr>\r\n\t\t\t<td>Financer<\/td>\r\n\t\t\t<td>Ministrstvo za delo, dru\u017eino, socialne zadeve in enake mo\u017enosti <\/td>\r\n\t\t<\/tr>\r\n\r\n\t\t\t<tr>\r\n\t<td>Kontaktna oseba<\/td>\r\n\t<td> Erika Brenk (T: 01 584 2570, E: <a href=\"mailto:ana.peklenik@acs.si\">erika.brenk@acs.si<\/a>)\r\n<\/td>\r\n\r\n<\/tr>\r\n\r\n<\/tbody>\r\n<\/table>\r\n\r\n\r\n\r\n[accordion autoclose=\"false\" clicktoclose=\"true\" openfirst=\"true\"]\r\n[accordion-item title=\"Namen\"] Namen letnega spremljanja in objavljanja izobra\u017eevalne ponudbe za odrasle na spletni strani Kam po znanje je informirati in osve\u0161\u010dati naj\u0161ir\u0161o in strokovno javnost o ponudbi izobra\u017eevanja in usposabljanja na podro\u010dju formalnega in neformalnega izobra\u017eevanja ter spodbujati k vse\u017eivljenjskemu u\u010denju. Spletni pregled ponudbe izobra\u017eevanja odraslih je nepogre\u0161ljiv vir podatkov tudi pri informativno-svetovalni dejavnosti ter analiti\u010dno-raziskovalni dejavnosti na podro\u010dju izobra\u017eevanja odraslih.[\/accordion-item]\r\n\r\n\r\n\r\n[accordion-item title=\"Cilji\"] Informirati naj\u0161ir\u0161o in strokovno javnost o izobra\u017eevalni ponudbi v Sloveniji, zagotavljati redno svetovanje in informiranje o izobra\u017eevalni ponudbi ter analizirati izobra\u017eevalno ponudbo za odrasle v Sloveniji.[\/accordion-item]\r\n\r\n\r\n\r\n[accordion-item title=\"Opis\"] Spletni Pregled ponudbe izobra\u017eevanja odraslih je eden redkih virov informacij na nacionalni ravni, ki predstavlja ponudbo izobra\u017eevanja odraslih na podro\u010dju formalnega in neformalnega izobra\u017eevanja za posamezno \u0161olsko leto. Na spletni strani so \u0161ir\u0161i in strokovni javnosti na voljo informacije o ve\u010d kot 250 izvajalcih izobra\u017eevanja odraslih (od ljudskih univerz, srednjih \u0161ol, vi\u0161jih in visokih strokovnih \u0161ol ter fakultet, do zasebnih organizacij in zasebnih \u0161ol, izobra\u017eevalnih centrov, dru\u0161tev, univerz za tretje \u017eivljenjsko obdobje, knji\u017enic, muzejev, galerij in drugih izvajalcev izobra\u017eevanja) in ve\u010d kot 3.500 izobra\u017eevalnih programih, ter druge informacije s podro\u010dja izobra\u017eevanja in u\u010denja odraslih.[\/accordion-item]\r\n\r\n\r\n[accordion-item title=\"Aktivnosti\"] <li> sodelovanje z izvajalci izobra\u017eevanja odraslih <\/li>\r\n<li> letno spremljanje in objava izobra\u017eevalne ponudbe za odrasle <\/li>\r\n<li> analiza izobra\u017eevalne ponudbe <\/li> [\/accordion-item]\r\n\r\n[accordion-item title=\"Klju\u010dni dose\u017eki\"] Skupni kazalnik: 26 izdaj Pregleda ponudbe (do leta 1999 le tiskane, kasneje tudi na CD-ju in spletne, od leta 2002 dalje pa le spletne) \r\n<p>\r\nKazalniki Pregleda ponudbe izobra\u017eevanja odraslih 2017\/2018:<\/p>\r\n<li> 253 izvajalcev izobra\u017eevanja odraslih <\/li>\r\n<li> 3.804 izobra\u017eevalnih programov <\/li>\r\n<p> [\/accordion-item]\r\n[\/accordion]","_et_gb_content_width":"","inline_featured_image":false,"footnotes":""},"class_list":["post-27968","page","type-page","status-publish","hentry"],"acf":[],"yoast_head":"<!-- This site is optimized with the Yoast SEO plugin v26.2 - https:\/\/yoast.com\/wordpress\/plugins\/seo\/ -->\n<title>Overview of Adult Education and Learning on Offer | Andrago\u0161ki center Republike Slovenije<\/title>\n<meta name=\"robots\" content=\"index, follow, max-snippet:-1, max-image-preview:large, max-video-preview:-1\" \/>\n<link rel=\"canonical\" href=\"https:\/\/www.acs.si\/en\/projects\/other-activities\/overview-of-adult-education-and-learning-on-offer\/\" \/>\n<meta property=\"og:locale\" content=\"en_US\" \/>\n<meta property=\"og:type\" content=\"article\" \/>\n<meta property=\"og:title\" content=\"Overview of Adult Education and Learning on Offer | Andrago\u0161ki center Republike Slovenije\" \/>\n<meta property=\"og:description\" content=\"&nbsp; Activity...\" \/>\n<meta property=\"og:url\" content=\"https:\/\/www.acs.si\/en\/projects\/other-activities\/overview-of-adult-education-and-learning-on-offer\/\" \/>\n<meta property=\"og:site_name\" content=\"Andrago\u0161ki center Republike Slovenije\" \/>\n<meta property=\"article:publisher\" content=\"https:\/\/www.facebook.com\/AndragoskiCenterSlovenije\/\" \/>\n<meta property=\"article:modified_time\" content=\"2021-06-21T17:09:19+00:00\" \/>\n<meta name=\"twitter:card\" content=\"summary_large_image\" \/>\n<meta name=\"twitter:label1\" content=\"Est. reading time\" \/>\n\t<meta name=\"twitter:data1\" content=\"4 minutes\" \/>\n<script type=\"application\/ld+json\" class=\"yoast-schema-graph\">{\"@context\":\"https:\/\/schema.org\",\"@graph\":[{\"@type\":\"WebPage\",\"@id\":\"https:\/\/www.acs.si\/en\/projects\/other-activities\/overview-of-adult-education-and-learning-on-offer\/\",\"url\":\"https:\/\/www.acs.si\/en\/projects\/other-activities\/overview-of-adult-education-and-learning-on-offer\/\",\"name\":\"Overview of Adult Education and Learning on Offer | Andrago\u0161ki center Republike Slovenije\",\"isPartOf\":{\"@id\":\"https:\/\/www.acs.si\/#website\"},\"datePublished\":\"2018-08-29T09:15:22+00:00\",\"dateModified\":\"2021-06-21T17:09:19+00:00\",\"breadcrumb\":{\"@id\":\"https:\/\/www.acs.si\/en\/projects\/other-activities\/overview-of-adult-education-and-learning-on-offer\/#breadcrumb\"},\"inLanguage\":\"en-US\",\"potentialAction\":[{\"@type\":\"ReadAction\",\"target\":[\"https:\/\/www.acs.si\/en\/projects\/other-activities\/overview-of-adult-education-and-learning-on-offer\/\"]}]},{\"@type\":\"BreadcrumbList\",\"@id\":\"https:\/\/www.acs.si\/en\/projects\/other-activities\/overview-of-adult-education-and-learning-on-offer\/#breadcrumb\",\"itemListElement\":[{\"@type\":\"ListItem\",\"position\":1,\"name\":\"Home\",\"item\":\"https:\/\/www.acs.si\/en\/\"},{\"@type\":\"ListItem\",\"position\":2,\"name\":\"Projects\",\"item\":\"https:\/\/www.acs.si\/en\/projects\/\"},{\"@type\":\"ListItem\",\"position\":3,\"name\":\"Other activities\",\"item\":\"https:\/\/www.acs.si\/en\/projects\/other-activities\/\"},{\"@type\":\"ListItem\",\"position\":4,\"name\":\"Overview of Adult Education and Learning on Offer\"}]},{\"@type\":\"WebSite\",\"@id\":\"https:\/\/www.acs.si\/#website\",\"url\":\"https:\/\/www.acs.si\/\",\"name\":\"Andrago\u0161ki center Republike Slovenije\",\"description\":\"\",\"potentialAction\":[{\"@type\":\"SearchAction\",\"target\":{\"@type\":\"EntryPoint\",\"urlTemplate\":\"https:\/\/www.acs.si\/?s={search_term_string}\"},\"query-input\":{\"@type\":\"PropertyValueSpecification\",\"valueRequired\":true,\"valueName\":\"search_term_string\"}}],\"inLanguage\":\"en-US\"}]}<\/script>\n<!-- \/ Yoast SEO plugin. -->","yoast_head_json":{"title":"Overview of Adult Education and Learning on Offer | Andrago\u0161ki center Republike Slovenije","robots":{"index":"index","follow":"follow","max-snippet":"max-snippet:-1","max-image-preview":"max-image-preview:large","max-video-preview":"max-video-preview:-1"},"canonical":"https:\/\/www.acs.si\/en\/projects\/other-activities\/overview-of-adult-education-and-learning-on-offer\/","og_locale":"en_US","og_type":"article","og_title":"Overview of Adult Education and Learning on Offer | Andrago\u0161ki center Republike Slovenije","og_description":"&nbsp; Activity...","og_url":"https:\/\/www.acs.si\/en\/projects\/other-activities\/overview-of-adult-education-and-learning-on-offer\/","og_site_name":"Andrago\u0161ki center Republike Slovenije","article_publisher":"https:\/\/www.facebook.com\/AndragoskiCenterSlovenije\/","article_modified_time":"2021-06-21T17:09:19+00:00","twitter_card":"summary_large_image","twitter_misc":{"Est. reading time":"4 minutes"},"schema":{"@context":"https:\/\/schema.org","@graph":[{"@type":"WebPage","@id":"https:\/\/www.acs.si\/en\/projects\/other-activities\/overview-of-adult-education-and-learning-on-offer\/","url":"https:\/\/www.acs.si\/en\/projects\/other-activities\/overview-of-adult-education-and-learning-on-offer\/","name":"Overview of Adult Education and Learning on Offer | Andrago\u0161ki center Republike Slovenije","isPartOf":{"@id":"https:\/\/www.acs.si\/#website"},"datePublished":"2018-08-29T09:15:22+00:00","dateModified":"2021-06-21T17:09:19+00:00","breadcrumb":{"@id":"https:\/\/www.acs.si\/en\/projects\/other-activities\/overview-of-adult-education-and-learning-on-offer\/#breadcrumb"},"inLanguage":"en-US","potentialAction":[{"@type":"ReadAction","target":["https:\/\/www.acs.si\/en\/projects\/other-activities\/overview-of-adult-education-and-learning-on-offer\/"]}]},{"@type":"BreadcrumbList","@id":"https:\/\/www.acs.si\/en\/projects\/other-activities\/overview-of-adult-education-and-learning-on-offer\/#breadcrumb","itemListElement":[{"@type":"ListItem","position":1,"name":"Home","item":"https:\/\/www.acs.si\/en\/"},{"@type":"ListItem","position":2,"name":"Projects","item":"https:\/\/www.acs.si\/en\/projects\/"},{"@type":"ListItem","position":3,"name":"Other activities","item":"https:\/\/www.acs.si\/en\/projects\/other-activities\/"},{"@type":"ListItem","position":4,"name":"Overview of Adult Education and Learning on Offer"}]},{"@type":"WebSite","@id":"https:\/\/www.acs.si\/#website","url":"https:\/\/www.acs.si\/","name":"Andrago\u0161ki center Republike Slovenije","description":"","potentialAction":[{"@type":"SearchAction","target":{"@type":"EntryPoint","urlTemplate":"https:\/\/www.acs.si\/?s={search_term_string}"},"query-input":{"@type":"PropertyValueSpecification","valueRequired":true,"valueName":"search_term_string"}}],"inLanguage":"en-US"}]}},"_links":{"self":[{"href":"https:\/\/www.acs.si\/en\/wp-json\/wp\/v2\/pages\/27968","targetHints":{"allow":["GET"]}}],"collection":[{"href":"https:\/\/www.acs.si\/en\/wp-json\/wp\/v2\/pages"}],"about":[{"href":"https:\/\/www.acs.si\/en\/wp-json\/wp\/v2\/types\/page"}],"author":[{"embeddable":true,"href":"https:\/\/www.acs.si\/en\/wp-json\/wp\/v2\/users\/161"}],"replies":[{"embeddable":true,"href":"https:\/\/www.acs.si\/en\/wp-json\/wp\/v2\/comments?post=27968"}],"version-history":[{"count":13,"href":"https:\/\/www.acs.si\/en\/wp-json\/wp\/v2\/pages\/27968\/revisions"}],"predecessor-version":[{"id":41546,"href":"https:\/\/www.acs.si\/en\/wp-json\/wp\/v2\/pages\/27968\/revisions\/41546"}],"up":[{"embeddable":true,"href":"https:\/\/www.acs.si\/en\/wp-json\/wp\/v2\/pages\/28559"}],"wp:attachment":[{"href":"https:\/\/www.acs.si\/en\/wp-json\/wp\/v2\/media?parent=27968"}],"curies":[{"name":"wp","href":"https:\/\/api.w.org\/{rel}","templated":true}]}}