{"id":27943,"date":"2018-08-28T15:47:02","date_gmt":"2018-08-28T14:47:02","guid":{"rendered":"http:\/\/www.acs.si\/?page_id=27943"},"modified":"2021-02-22T11:54:09","modified_gmt":"2021-02-22T10:54:09","slug":"education-and-training-of-adult-education-professionals-2009-2011","status":"publish","type":"page","link":"https:\/\/www.acs.si\/en\/projects\/esf-projects\/education-and-training-of-adult-education-professionals-2009-2011\/","title":{"rendered":"Education and Training of Adult Education Professionals 2009\u20132011"},"content":{"rendered":"<p>[et_pb_section fb_built=&#8221;1&#8243; _builder_version=&#8221;3.22&#8243; custom_padding=&#8221;0px|||&#8221;][et_pb_row make_equal=&#8221;on&#8221; module_class=&#8221;logo-img-cont &#8221; _builder_version=&#8221;3.25&#8243; custom_margin=&#8221;||20px|&#8221; custom_padding=&#8221;0px||0px|&#8221; border_width_all=&#8221;1px&#8221; border_color_all=&#8221;#cdd1d6&#8243;][et_pb_column type=&#8221;4_4&#8243; _builder_version=&#8221;3.25&#8243; custom_padding=&#8221;|||&#8221; custom_padding__hover=&#8221;|||&#8221;][et_pb_text _builder_version=&#8221;3.27.4&#8243; custom_padding=&#8221;20px|20px|20px|20px&#8221; border_width_left=&#8221;1px&#8221; border_color_left=&#8221;#cdd1d6&#8243;]<\/p>\n<p>&nbsp;<\/p>\n<table class=\"projektTable\">\n<tbody>\n<tr>\n<td><b>Project<\/b><\/td>\n<td>Education and training of adult education professionals 2009\u20132011<\/td>\n<\/tr>\n<tr>\n<td><b>Time period<\/b><\/td>\n<td>September 2009 \u2013 December 2011<\/td>\n<\/tr>\n<tr>\n<td><b>Project value<\/b><\/td>\n<td>544.410,90 EUR (European Social Fund 462.749,27 EUR, Ministry of Education, Science and Sport: 81.661,63 EUR)<\/td>\n<\/tr>\n<tr>\n<td><strong>Financed by<\/strong><\/td>\n<td>European Social Fund,\u00a0Ministry of Education, Science and Sport<\/td>\n<\/tr>\n<tr>\n<td><b>Contact<\/b><\/td>\n<td>Dr Tanja Mo\u017eina<br \/>\nT: +386 1 584 2577<br \/>\nE: <a href=\"mailto:tanja.mozina@acs.si\">tanja.mozina@acs.si<\/a><\/td>\n<\/tr>\n<tr>\n<td><b>Contract caretaker\u00a0<\/b><\/td>\n<td>Katja Dov\u017eak, MSc, Ministry of Education<\/td>\n<\/tr>\n<\/tbody>\n<\/table>\n<p>&nbsp;<\/p>\n<p>[\/et_pb_text][\/et_pb_column][\/et_pb_row][et_pb_row _builder_version=&#8221;3.25&#8243; background_size=&#8221;initial&#8221; background_position=&#8221;top_left&#8221; background_repeat=&#8221;repeat&#8221;][et_pb_column type=&#8221;4_4&#8243; _builder_version=&#8221;3.25&#8243; custom_padding=&#8221;|||&#8221; custom_padding__hover=&#8221;|||&#8221;][et_pb_text admin_label=&#8221;Namen&#8221; _builder_version=&#8221;3.27.4&#8243; text_font_size=&#8221;10px&#8221; header_5_text_color=&#8221;#ffffff&#8221; header_5_font_size=&#8221;17px&#8221; header_5_line_height=&#8221;27px&#8221; custom_margin=&#8221;||0px|&#8221; custom_padding=&#8221;||0px|&#8221;]<\/p>\n<p>&nbsp;<\/p>\n<h5 class=\"purple\">AIM<\/h5>\n<p>The aim of this project was to spread new knowledge and develop new competences within the network of adult educators, those who plan and manage educational activities and those who directly bestow the knowledge to others. The main target group of the project was those professionals who implement adult education programmes and develop or participate in infrastructural activities in adult education.<\/p>\n<p>[\/et_pb_text][\/et_pb_column][\/et_pb_row][et_pb_row _builder_version=&#8221;3.25&#8243; background_size=&#8221;initial&#8221; background_position=&#8221;top_left&#8221; background_repeat=&#8221;repeat&#8221;][et_pb_column type=&#8221;4_4&#8243; _builder_version=&#8221;3.25&#8243; custom_padding=&#8221;|||&#8221; custom_padding__hover=&#8221;|||&#8221;][et_pb_text admin_label=&#8221;Cilji projekta&#8221; _builder_version=&#8221;3.27.4&#8243; text_font_size=&#8221;10px&#8221; header_5_text_color=&#8221;#ffffff&#8221; header_5_font_size=&#8221;17px&#8221; header_5_line_height=&#8221;27px&#8221; custom_margin=&#8221;||0px|&#8221; custom_padding=&#8221;||0px|&#8221;]<\/p>\n<p>&nbsp;<\/p>\n<h5 class=\"purple\">OBJECTIVES<\/h5>\n<p>The project is based on the objectives of the <a href=\"http:\/\/www.eu-skladi.si\/kohezija-do-2013\/ostalo\/brosure\/OP-RCV.pdf\">Human Resources Development Operational Programme 2007\u20132013<\/a>, where the development priority Human Resources Development and Lifelong Learning highlights the importance of improved training of teachers and other educators to reach the objectives in this field. Teachers and other educators are an important factor in provision of lifelong learning, which is why the quality and systematic training of teachers and other educators is one of the key foundations for provision and raising of skills of individuals for work and life in modern society.<\/p>\n<p>[\/et_pb_text][\/et_pb_column][\/et_pb_row][et_pb_row _builder_version=&#8221;3.25&#8243; background_size=&#8221;initial&#8221; background_position=&#8221;top_left&#8221; background_repeat=&#8221;repeat&#8221;][et_pb_column type=&#8221;4_4&#8243; _builder_version=&#8221;3.25&#8243; custom_padding=&#8221;|||&#8221; custom_padding__hover=&#8221;|||&#8221;][et_pb_text admin_label=&#8221;Opis&#8221; _builder_version=&#8221;3.27.4&#8243; text_font_size=&#8221;10px&#8221; header_5_text_color=&#8221;#ffffff&#8221; header_5_font_size=&#8221;17px&#8221; header_5_line_height=&#8221;27px&#8221; custom_margin=&#8221;||0px|&#8221; custom_padding=&#8221;||0px|&#8221;]<\/p>\n<p>&nbsp;<\/p>\n<h5 class=\"purple\">DESCRIPTION<\/h5>\n<p>The project included six coherent wholes or sub-projects:<\/p>\n<ul>\n<li>Trainings for andragogical work;<\/li>\n<li>Training for development of literacy;<\/li>\n<\/ul>\n<p>[\/et_pb_text][et_pb_toggle title=&#8221;Preberi ve\u010d&#8221; admin_label=&#8221;Preberi ve\u010d&#8221; _builder_version=&#8221;3.4.1&#8243;]<\/p>\n<p>&nbsp;<\/p>\n<ul>\n<li>Training for implementation of the PLYA programme;<\/li>\n<li>Training for operation of the AEGC guidance centres;<\/li>\n<li>Training for operation of the self-study centres; and<\/li>\n<li>Training for self-evaluation in adult education.<\/li>\n<\/ul>\n<p>[\/et_pb_toggle][\/et_pb_column][\/et_pb_row][et_pb_row _builder_version=&#8221;3.25&#8243; background_size=&#8221;initial&#8221; background_position=&#8221;top_left&#8221; background_repeat=&#8221;repeat&#8221;][et_pb_column type=&#8221;4_4&#8243; _builder_version=&#8221;3.25&#8243; custom_padding=&#8221;|||&#8221; custom_padding__hover=&#8221;|||&#8221;][et_pb_text admin_label=&#8221;Klju\u010dni dose\u017eki&#8221; _builder_version=&#8221;3.27.4&#8243; text_font_size=&#8221;10px&#8221; header_5_text_color=&#8221;#ffffff&#8221; header_5_font_size=&#8221;17px&#8221; header_5_line_height=&#8221;27px&#8221; custom_margin=&#8221;||0px|&#8221; custom_padding=&#8221;||0px|&#8221;]<\/p>\n<p>&nbsp;<\/p>\n<h5 class=\"purple\">KEY ACHIEVEMENTS<\/h5>\n<p>The following key achievements were reached in the scope of the entire project:<\/p>\n<ul>\n<li>We provided adult educators with 31 different basic and advanced training programmes and seminars.<\/li>\n<li>We organised and implemented 39 individual programmes with 80 seminars and workshops for a total of 968 pedagogical hours.<\/li>\n<\/ul>\n<p>[\/et_pb_text][et_pb_toggle title=&#8221;Read more&#8221; admin_label=&#8221;Preberi ve\u010d&#8221; _builder_version=&#8221;3.4.1&#8243;]<\/p>\n<p>&nbsp;<\/p>\n<ul>\n<li>We implemented 6 programmes in the e-training format.<\/li>\n<li>Basic and advanced trainings and seminars were attended by 929 adult educators.<\/li>\n<li>We prepared 50 new or updated learning materials, 11 of which were also printed.<\/li>\n<li>We developed 2 new and longer educational programmes.<\/li>\n<li>We ensured continuous operation and content improvement of the online base of questions for assessment of quality in adult education and adapted it for use in the network of AECG guidance centres.<\/li>\n<li>We enabled all the training and seminar participants to access the online learning materials.<\/li>\n<li>We established a catalogue of programmes and seminars for adult educators.<\/li>\n<li>We renewed and improved the content of the website on quality, counselling and trainings in adult education.<\/li>\n<li>We published 2 printed promotional brochures and posted many articles on progress and results of the project on the SIAE websites and in our bulletin e-Novi\u010dke.<\/li>\n<li>We realised the <a href=\"http:\/\/pro.acs.si\/izo2011\/\">final conference of the project<\/a>, which was attended by 108 participants.<\/li>\n<\/ul>\n<p>All achievements of individual activities can be found here.<\/p>\n<p>[\/et_pb_toggle][\/et_pb_column][\/et_pb_row][\/et_pb_section]<\/p>\n","protected":false},"excerpt":{"rendered":"<p>&nbsp; Project&#8230;<\/p>\n","protected":false},"author":161,"featured_media":0,"parent":28557,"menu_order":0,"comment_status":"closed","ping_status":"closed","template":"page_projekt.php","meta":{"_acf_changed":false,"_et_pb_use_builder":"on","_et_pb_old_content":"FOTOGRAFIJA \r\n\r\n<table class=\"projektTableNew\">\r\n<tbody>\r\n<tr>\r\n\t\t\t<td>Naziv projekta (v angle\u0161\u010dini)<\/td>\r\n\t\t\t<td><strong>Izobra\u017eevanje in usposabljanje strokovnih delavcev v izobra\u017eevanju odraslih od 2009 do 2011<\/strong> - kraj\u0161e Usposabljanje strokovnih delavcev (2009\u20132011)<\/td>\r\n\t\t<\/tr>\r\n\t\t<tr>\r\n\t\t\t<td>\u010casovni okvir<\/td>\r\n\t\t\t<td>september 2009 \u2013 december 2011<\/td>\r\n\t\t<\/tr>\r\n\t\t<tr>\r\n\t\t\t<td>Vrednost projekta:<\/td>\r\n\t\t\t<td>Skupna vrednost projekta je bila 544.410,90 EUR, od tega je prispeval Evropski socialni sklad 462.749,27 EUR, Ministrstvo RS za \u0161olstvo in \u0161port pa 81.661,63 EUR<\/td>\r\n\t\t<\/tr>\r\n\r\n<tr>\r\n\t\t\t<td>Financer:<\/td>\r\n\t\t\t<td>Evropski socialni sklad, Ministrstvo RS za izobra\u017eevanje, znanost in \u0161port\r\n\t\t\t<\/td>\r\n\t\t<\/tr>\r\n\r\n<tr>\t\t\r\n<td>Kontaktna oseba<\/td>\r\n<td>Dr. Tanja Mo\u017eina (T: 01 584 2577, E: <a href=\"mailto:tanja.mozina@acs.si\">tanja.mozina@acs.si<\/a>)<\/td>\r\n\t\t<\/tr>\r\n\r\n<tr>\t\t\r\n<td>Skrbnik pogodbe na MIZ\u0160:<\/td>\r\n<td> mag. Katja Dov\u017eak<\/td>\r\n\t\t<\/tr>\r\n<\/tbody>\r\n<\/table>\r\n\r\n\r\n[accordion]\r\n[accordion-item title=\"Namen\"]<p>Projekt je bil namenjen \u0161irjenju novega znanja in razvijanju novih kompetenc v omre\u017eju izobra\u017eevalcev odraslih, tako tistih, ki na\u010drtujejo in vodijo izobra\u017eevalne aktivnosti, kot tistih, ki neposredno prena\u0161ajo znanje na druge. Projekt je bil namenjen zlasti tistim strokovnim delavcem, ki izvajajo izobra\u017eevalne programe za odrasle in razvijajo ter sodelujejo v infrastrukturnih dejavnostih izobra\u017eevanja odraslih.<\/p>[\/accordion-item]\r\n[\/accordion]\r\n\r\n[accordion]\r\n[accordion-item title=\"Cilji\"]<p>Projekt je izhajal iz ciljev, ki so zapisani v <a href=\"http:\/\/www.eu-skladi.si\/kohezija-do-2013\/ostalo\/brosure\/OP-RCV.pdf\" rel=\"noopener\" target=\"_blank\">Operativnem programu razvoja \u010dlove\u0161kih virov za obdobje 2007\u20132013<\/a>, kjer je bilo v razvojni prioriteti Razvoj \u010dlove\u0161kih virov in vse\u017eivljenjskega u\u010denja posebej poudarjeno, da je za uresni\u010devanje ciljev na tem podro\u010dju potrebno izbolj\u0161ati usposobljenost u\u010diteljev in drugih izobra\u017eevalcev. U\u010ditelji in drugi izobra\u017eevalci so pomemben dejavnik, s katerim omogo\u010damo vse\u017eivljenjsko u\u010denje, kakovostno in sistemati\u010dno usposabljanje u\u010diteljev in drugih izobra\u017eevalcev pa je bistven pogoj za omogo\u010danje in dvig sposobnosti posameznika za delo in \u017eivljenje v sodobni dru\u017ebi.<\/p>[\/accordion-item]\r\n[\/accordion]\r\n\r\n[accordion]\r\n[accordion-item title=\"Opis\"]<p>Projekt je sestavljalo \u0161est zaokro\u017eenih celot oz. podprojektov:<\/p>\r\n<ul>\r\n<li>Usposabljanje za andrago\u0161ko delo,<\/li>\r\n<li>Usposabljanje za razvoj pismenosti,<\/li>\r\n<li>Usposabljanje za delovanje programa PUM,<\/li>\r\n<li>Usposabljanje za delovanje svetovalnih sredi\u0161\u010d ISIO,<\/li>\r\n<li>Usposabljanje za delovanje sredi\u0161\u010d za samostojno u\u010denje in<\/li>\r\n<li>Usposabljanje za samoevalvacijo v izobra\u017eevanju odraslih.<\/li>\r\n<\/ul>\r\n[\/accordion-item]\r\n[\/accordion]\r\n\r\n[accordion]\r\n[accordion-item title=\"Klju\u010dni dose\u017eki\"]<p>Na ravni celotnega projekta so bili dose\u017eeni naslednji klju\u010dni dose\u017eki:<\/p>\r\n<ul>\r\n<li>Andrago\u0161kim delavcem smo ponudili 31 razli\u010dnih programov usposabljanja oz. spopolnjevanja.<\/li>\r\n<li>Organizirali in izpeljali smo 39 izvedb programov na 80 seminarjih oz. delavnicah s skupno 968 pedago\u0161kimi urami.<\/li>\r\n<li>6 programov smo izpeljali v obliki e-izobra\u017eevanja.<\/li>\r\n<li>Usposabljanja ali spopolnjevanja se je udele\u017eilo 929 andrago\u0161kih delavcev.<\/li>\r\n<li>Pripravili smo 50 novih ali prenovljenih u\u010dnih gradiv, od tega smo jih 11 izdali v tiskani obliki.<\/li>\r\n<li>Razvili smo 2 nova dalj\u0161a izobra\u017eevalna programa.<\/li>\r\n<li>Zagotavljali smo delovanje in vsebinsko nadgradnjo spletne baze vpra\u0161anj za presojanje kakovosti izobra\u017eevanja odraslih in jo priredili za uporabo v omre\u017eju svetovalnih sredi\u0161\u010d ISIO.<\/li>\r\n<li>Vsem udele\u017eencem usposabljanja ali spopolnjevanja smo omogo\u010dili spletni dostop do u\u010dnih gradiv.<\/li>\r\n<li>Vzpostavili smo programoteko programov andrago\u0161kega usposabljanja in spopolnjevanja.<\/li>\r\n<li>Prenovili in vsebinsko smo dopolnili spleti\u0161\u010da o kakovosti, svetovanju in spopolnjevanju v izobra\u017eevanju odraslih.<\/li>\r\n<li>Izdali smo 2 tiskani promocijski bro\u0161uri, o poteku in rezultatih projekta smo veliko objavljali na spletnih straneh ACS, v E-Novi\u010dkah o njem smo poro\u010dali tudi v strokovnem \u010dasopisju.<\/li>\r\n<li>Izpeljali smo <a href=\"http:\/\/pro.acs.si\/izo2011\/\" rel=\"noopener\" target=\"_blank\">zaklju\u010dno konferenco projekta<\/a>, katere se je udele\u017eilo 108 udele\u017eencev. \r\n<\/li>\r\n<\/ul>\r\n<p>\r\nVsi dose\u017eki po posameznih aktivnostih so predstavljeni tukaj.<\/p>\r\n[\/accordion-item]\r\n[\/accordion]","_et_gb_content_width":"","inline_featured_image":false,"footnotes":""},"class_list":["post-27943","page","type-page","status-publish","hentry"],"acf":[],"yoast_head":"<!-- This site is optimized with the Yoast SEO plugin v26.2 - https:\/\/yoast.com\/wordpress\/plugins\/seo\/ -->\n<title>Education and Training of Adult Education Professionals 2009\u20132011 | Andrago\u0161ki center Republike Slovenije<\/title>\n<meta name=\"robots\" content=\"index, follow, max-snippet:-1, max-image-preview:large, max-video-preview:-1\" \/>\n<link rel=\"canonical\" href=\"https:\/\/www.acs.si\/en\/projects\/esf-projects\/education-and-training-of-adult-education-professionals-2009-2011\/\" \/>\n<meta property=\"og:locale\" content=\"en_US\" \/>\n<meta property=\"og:type\" content=\"article\" \/>\n<meta property=\"og:title\" content=\"Education and Training of Adult Education Professionals 2009\u20132011 | Andrago\u0161ki center Republike Slovenije\" \/>\n<meta property=\"og:description\" content=\"&nbsp; Project...\" \/>\n<meta property=\"og:url\" content=\"https:\/\/www.acs.si\/en\/projects\/esf-projects\/education-and-training-of-adult-education-professionals-2009-2011\/\" \/>\n<meta property=\"og:site_name\" content=\"Andrago\u0161ki center Republike Slovenije\" \/>\n<meta property=\"article:publisher\" content=\"https:\/\/www.facebook.com\/AndragoskiCenterSlovenije\/\" \/>\n<meta property=\"article:modified_time\" content=\"2021-02-22T10:54:09+00:00\" \/>\n<meta name=\"twitter:card\" content=\"summary_large_image\" \/>\n<meta name=\"twitter:label1\" content=\"Est. reading time\" \/>\n\t<meta name=\"twitter:data1\" content=\"4 minutes\" \/>\n<script type=\"application\/ld+json\" class=\"yoast-schema-graph\">{\"@context\":\"https:\/\/schema.org\",\"@graph\":[{\"@type\":\"WebPage\",\"@id\":\"https:\/\/www.acs.si\/en\/projects\/esf-projects\/education-and-training-of-adult-education-professionals-2009-2011\/\",\"url\":\"https:\/\/www.acs.si\/en\/projects\/esf-projects\/education-and-training-of-adult-education-professionals-2009-2011\/\",\"name\":\"Education and Training of Adult Education Professionals 2009\u20132011 | Andrago\u0161ki center Republike Slovenije\",\"isPartOf\":{\"@id\":\"https:\/\/www.acs.si\/#website\"},\"datePublished\":\"2018-08-28T14:47:02+00:00\",\"dateModified\":\"2021-02-22T10:54:09+00:00\",\"breadcrumb\":{\"@id\":\"https:\/\/www.acs.si\/en\/projects\/esf-projects\/education-and-training-of-adult-education-professionals-2009-2011\/#breadcrumb\"},\"inLanguage\":\"en-US\",\"potentialAction\":[{\"@type\":\"ReadAction\",\"target\":[\"https:\/\/www.acs.si\/en\/projects\/esf-projects\/education-and-training-of-adult-education-professionals-2009-2011\/\"]}]},{\"@type\":\"BreadcrumbList\",\"@id\":\"https:\/\/www.acs.si\/en\/projects\/esf-projects\/education-and-training-of-adult-education-professionals-2009-2011\/#breadcrumb\",\"itemListElement\":[{\"@type\":\"ListItem\",\"position\":1,\"name\":\"Home\",\"item\":\"https:\/\/www.acs.si\/en\/\"},{\"@type\":\"ListItem\",\"position\":2,\"name\":\"Projects\",\"item\":\"https:\/\/www.acs.si\/en\/projects\/\"},{\"@type\":\"ListItem\",\"position\":3,\"name\":\"ESF projects\",\"item\":\"https:\/\/www.acs.si\/en\/projects\/esf-projects\/\"},{\"@type\":\"ListItem\",\"position\":4,\"name\":\"Education and Training of Adult Education Professionals 2009\u20132011\"}]},{\"@type\":\"WebSite\",\"@id\":\"https:\/\/www.acs.si\/#website\",\"url\":\"https:\/\/www.acs.si\/\",\"name\":\"Andrago\u0161ki center Republike Slovenije\",\"description\":\"\",\"potentialAction\":[{\"@type\":\"SearchAction\",\"target\":{\"@type\":\"EntryPoint\",\"urlTemplate\":\"https:\/\/www.acs.si\/?s={search_term_string}\"},\"query-input\":{\"@type\":\"PropertyValueSpecification\",\"valueRequired\":true,\"valueName\":\"search_term_string\"}}],\"inLanguage\":\"en-US\"}]}<\/script>\n<!-- \/ Yoast SEO plugin. -->","yoast_head_json":{"title":"Education and Training of Adult Education Professionals 2009\u20132011 | Andrago\u0161ki center Republike Slovenije","robots":{"index":"index","follow":"follow","max-snippet":"max-snippet:-1","max-image-preview":"max-image-preview:large","max-video-preview":"max-video-preview:-1"},"canonical":"https:\/\/www.acs.si\/en\/projects\/esf-projects\/education-and-training-of-adult-education-professionals-2009-2011\/","og_locale":"en_US","og_type":"article","og_title":"Education and Training of Adult Education Professionals 2009\u20132011 | Andrago\u0161ki center Republike Slovenije","og_description":"&nbsp; Project...","og_url":"https:\/\/www.acs.si\/en\/projects\/esf-projects\/education-and-training-of-adult-education-professionals-2009-2011\/","og_site_name":"Andrago\u0161ki center Republike Slovenije","article_publisher":"https:\/\/www.facebook.com\/AndragoskiCenterSlovenije\/","article_modified_time":"2021-02-22T10:54:09+00:00","twitter_card":"summary_large_image","twitter_misc":{"Est. reading time":"4 minutes"},"schema":{"@context":"https:\/\/schema.org","@graph":[{"@type":"WebPage","@id":"https:\/\/www.acs.si\/en\/projects\/esf-projects\/education-and-training-of-adult-education-professionals-2009-2011\/","url":"https:\/\/www.acs.si\/en\/projects\/esf-projects\/education-and-training-of-adult-education-professionals-2009-2011\/","name":"Education and Training of Adult Education Professionals 2009\u20132011 | Andrago\u0161ki center Republike Slovenije","isPartOf":{"@id":"https:\/\/www.acs.si\/#website"},"datePublished":"2018-08-28T14:47:02+00:00","dateModified":"2021-02-22T10:54:09+00:00","breadcrumb":{"@id":"https:\/\/www.acs.si\/en\/projects\/esf-projects\/education-and-training-of-adult-education-professionals-2009-2011\/#breadcrumb"},"inLanguage":"en-US","potentialAction":[{"@type":"ReadAction","target":["https:\/\/www.acs.si\/en\/projects\/esf-projects\/education-and-training-of-adult-education-professionals-2009-2011\/"]}]},{"@type":"BreadcrumbList","@id":"https:\/\/www.acs.si\/en\/projects\/esf-projects\/education-and-training-of-adult-education-professionals-2009-2011\/#breadcrumb","itemListElement":[{"@type":"ListItem","position":1,"name":"Home","item":"https:\/\/www.acs.si\/en\/"},{"@type":"ListItem","position":2,"name":"Projects","item":"https:\/\/www.acs.si\/en\/projects\/"},{"@type":"ListItem","position":3,"name":"ESF projects","item":"https:\/\/www.acs.si\/en\/projects\/esf-projects\/"},{"@type":"ListItem","position":4,"name":"Education and Training of Adult Education Professionals 2009\u20132011"}]},{"@type":"WebSite","@id":"https:\/\/www.acs.si\/#website","url":"https:\/\/www.acs.si\/","name":"Andrago\u0161ki center Republike Slovenije","description":"","potentialAction":[{"@type":"SearchAction","target":{"@type":"EntryPoint","urlTemplate":"https:\/\/www.acs.si\/?s={search_term_string}"},"query-input":{"@type":"PropertyValueSpecification","valueRequired":true,"valueName":"search_term_string"}}],"inLanguage":"en-US"}]}},"_links":{"self":[{"href":"https:\/\/www.acs.si\/en\/wp-json\/wp\/v2\/pages\/27943","targetHints":{"allow":["GET"]}}],"collection":[{"href":"https:\/\/www.acs.si\/en\/wp-json\/wp\/v2\/pages"}],"about":[{"href":"https:\/\/www.acs.si\/en\/wp-json\/wp\/v2\/types\/page"}],"author":[{"embeddable":true,"href":"https:\/\/www.acs.si\/en\/wp-json\/wp\/v2\/users\/161"}],"replies":[{"embeddable":true,"href":"https:\/\/www.acs.si\/en\/wp-json\/wp\/v2\/comments?post=27943"}],"version-history":[{"count":3,"href":"https:\/\/www.acs.si\/en\/wp-json\/wp\/v2\/pages\/27943\/revisions"}],"predecessor-version":[{"id":39257,"href":"https:\/\/www.acs.si\/en\/wp-json\/wp\/v2\/pages\/27943\/revisions\/39257"}],"up":[{"embeddable":true,"href":"https:\/\/www.acs.si\/en\/wp-json\/wp\/v2\/pages\/28557"}],"wp:attachment":[{"href":"https:\/\/www.acs.si\/en\/wp-json\/wp\/v2\/media?parent=27943"}],"curies":[{"name":"wp","href":"https:\/\/api.w.org\/{rel}","templated":true}]}}