{"id":27940,"date":"2018-08-28T15:22:42","date_gmt":"2018-08-28T14:22:42","guid":{"rendered":"http:\/\/www.acs.si\/?page_id=27940"},"modified":"2024-08-23T12:55:15","modified_gmt":"2024-08-23T10:55:15","slug":"literacy-development-2011-2014","status":"publish","type":"page","link":"https:\/\/www.acs.si\/en\/projects\/esf-projects\/literacy-development-2011-2014\/","title":{"rendered":"Literacy Development (2011\u20132014)"},"content":{"rendered":"<p>[et_pb_section fb_built=&#8221;1&#8243; _builder_version=&#8221;4.16&#8243; custom_padding=&#8221;0px|||&#8221; global_colors_info=&#8221;{}&#8221;][et_pb_row make_equal=&#8221;on&#8221; module_class=&#8221;logo-img-cont &#8221; _builder_version=&#8221;4.16&#8243; custom_margin=&#8221;||20px|&#8221; custom_padding=&#8221;0px||0px|&#8221; border_width_all=&#8221;1px&#8221; border_color_all=&#8221;#cdd1d6&#8243; global_colors_info=&#8221;{}&#8221;][et_pb_column type=&#8221;4_4&#8243; _builder_version=&#8221;4.16&#8243; custom_padding=&#8221;|||&#8221; global_colors_info=&#8221;{}&#8221; custom_padding__hover=&#8221;|||&#8221;][et_pb_text _builder_version=&#8221;4.16&#8243; custom_padding=&#8221;20px|20px|20px|20px&#8221; border_width_left=&#8221;1px&#8221; border_color_left=&#8221;#cdd1d6&#8243; global_colors_info=&#8221;{}&#8221;]<\/p>\n<p>&nbsp;<\/p>\n<p>&nbsp;<\/p>\n<table class=\"projektTable\">\n<tbody>\n<tr>\n<td><strong>Project<\/strong><\/td>\n<td>Literacy development and assessment and recognition of non-formal learning 2011\u20132014 (shorter: Literacy Development (2011 \u2013 2014))<\/td>\n<\/tr>\n<tr>\n<td><b>Time period<\/b><\/td>\n<td>September 2011 \u2013 March 2014<\/td>\n<\/tr>\n<tr>\n<td><b>Project value<\/b><\/td>\n<td>518.300,00 EUR<\/td>\n<\/tr>\n<tr>\n<td><strong>Financed by<\/strong><\/td>\n<td>European Social Fund (85 %) and Ministry of Education, Science and Sport (15 %)<\/td>\n<\/tr>\n<tr>\n<td><b>Contact<\/b><\/td>\n<td>Tanja Vili\u010d Klenov\u0161ek, MA, Project Manager<br \/>\nT: +386 1 5842 584<br \/>\nE: <a href=\"mailto:tanja.vilic.klenovsek@acs.si\">tanja.vilic.klenovsek@acs.si<\/a><\/td>\n<\/tr>\n<tr>\n<td><b>Contract caretaker<\/b><\/td>\n<td>Marko \u0160i\u0161ka, MSc, Ministry of Education Science and Sport<\/td>\n<\/tr>\n<\/tbody>\n<\/table>\n<p>&nbsp;<\/p>\n<p>[\/et_pb_text][\/et_pb_column][\/et_pb_row][et_pb_row _builder_version=&#8221;4.16&#8243; background_size=&#8221;initial&#8221; background_position=&#8221;top_left&#8221; background_repeat=&#8221;repeat&#8221; global_colors_info=&#8221;{}&#8221;][et_pb_column type=&#8221;4_4&#8243; _builder_version=&#8221;4.16&#8243; custom_padding=&#8221;|||&#8221; global_colors_info=&#8221;{}&#8221; custom_padding__hover=&#8221;|||&#8221;][et_pb_text admin_label=&#8221;Namen&#8221; _builder_version=&#8221;4.16&#8243; text_font_size=&#8221;10px&#8221; header_5_text_color=&#8221;#ffffff&#8221; header_5_font_size=&#8221;17px&#8221; header_5_line_height=&#8221;27px&#8221; custom_margin=&#8221;||0px|&#8221; custom_padding=&#8221;||0px|&#8221; global_colors_info=&#8221;{}&#8221;]<\/p>\n<p>&nbsp;<\/p>\n<h5 class=\"purple\">AIM<\/h5>\n<p>The project Literacy development and assessment and recognition of non-formal learning 2011\u20132014 was a continuation of activities in the field of literacy development in adults and assessment and recognition of knowledge and experiences acquired in non-formal ways, which we began as part of the project Literacy development and assessment and recognition of non-formal learning 2009\u20132011.<\/p>\n<p>[\/et_pb_text][\/et_pb_column][\/et_pb_row][et_pb_row _builder_version=&#8221;4.16&#8243; background_size=&#8221;initial&#8221; background_position=&#8221;top_left&#8221; background_repeat=&#8221;repeat&#8221; global_colors_info=&#8221;{}&#8221;][et_pb_column type=&#8221;4_4&#8243; _builder_version=&#8221;4.16&#8243; custom_padding=&#8221;|||&#8221; global_colors_info=&#8221;{}&#8221; custom_padding__hover=&#8221;|||&#8221;][et_pb_text admin_label=&#8221;Cilji projekta&#8221; _builder_version=&#8221;4.16&#8243; text_font_size=&#8221;10px&#8221; header_5_text_color=&#8221;#ffffff&#8221; header_5_font_size=&#8221;17px&#8221; header_5_line_height=&#8221;27px&#8221; custom_margin=&#8221;||0px|&#8221; custom_padding=&#8221;||0px|&#8221; global_colors_info=&#8221;{}&#8221;]<\/p>\n<p>&nbsp;<\/p>\n<h5 class=\"purple\">OBJECTIVES<\/h5>\n<ul>\n<li>To prepare the methodology and descriptors for selected areas of basic skills and key competences;<\/li>\n<li>To train professionals for implementation of updated programmes for literacy in deprived groups of adults, computer literacy and programmes for young people who leave the school system early;<\/li>\n<\/ul>\n<p>[\/et_pb_text][et_pb_toggle title=&#8221;Read more&#8221; admin_label=&#8221;Preberi ve\u010d&#8221; _builder_version=&#8221;4.16&#8243; global_colors_info=&#8221;{}&#8221;]<\/p>\n<p>&nbsp;<\/p>\n<ul>\n<li>To develop new learning materials to raise the level of literacy;<\/li>\n<li>To expand implementation of approaches for assessment and recognition of non-formal knowledge and experiences of adults to all adult education networks;<\/li>\n<li>To develop new tools and approaches for assessment and recognition of non-formal knowledge and experiences of adults; and<\/li>\n<li>To train professional associates for implementation of processes for assessment and recognition of non-formal knowledge and experiences of adults.<\/li>\n<\/ul>\n<p>[\/et_pb_toggle][\/et_pb_column][\/et_pb_row][et_pb_row _builder_version=&#8221;4.16&#8243; background_size=&#8221;initial&#8221; background_position=&#8221;top_left&#8221; background_repeat=&#8221;repeat&#8221; global_colors_info=&#8221;{}&#8221;][et_pb_column type=&#8221;4_4&#8243; _builder_version=&#8221;4.16&#8243; custom_padding=&#8221;|||&#8221; global_colors_info=&#8221;{}&#8221; custom_padding__hover=&#8221;|||&#8221;][et_pb_text admin_label=&#8221;Opis&#8221; _builder_version=&#8221;4.16&#8243; text_font_size=&#8221;10px&#8221; header_5_text_color=&#8221;#ffffff&#8221; header_5_font_size=&#8221;17px&#8221; header_5_line_height=&#8221;27px&#8221; custom_margin=&#8221;||0px|&#8221; custom_padding=&#8221;||0px|&#8221; global_colors_info=&#8221;{}&#8221;]<\/p>\n<p>&nbsp;<\/p>\n<h5 class=\"purple\">DESCRIPTION<\/h5>\n<p>The project is divided into two activities that are further divided into individual tasks but represent a coherent whole aimed at specific project objectives. The first activity, Development of adult literacy 2011\u20132014, was aimed at development of methodology and preparation of descriptors of basic skills and key competences. The aim of the second activity, Assessment and recognition of non-formal learning in adults 2012\u20132014, was further development and implementation of models and tools for assessment and recognition of non-formal and informal knowledge and experiences of adults.<\/p>\n<p>[\/et_pb_text][et_pb_toggle title=&#8221;Preberi ve\u010d&#8221; admin_label=&#8221;Preberi ve\u010d&#8221; _builder_version=&#8221;4.16&#8243; global_colors_info=&#8221;{}&#8221;]<\/p>\n<p>&nbsp;<\/p>\n<p>The project was implemented in the scope of the Human Resources Development Operational Programme 2007\u20132013, the development priority Human Resources Development and Lifelong Learning and the priority orientation Quality and Efficiency Improvement of Educational and Training Systems.<\/p>\n<p>The development priority Human Resources Development and Lifelong Learning underlined the fact that human resource development in modern society is not based only on formal but also on other non-formal types and forms of learning and education. As such, the project paid much attention to creation of new opportunities for inclusion of different groups of adults (especially those who are deprived of inclusion into lifelong learning) into non-formal learning to acquire key competences for inclusion into further education or learning, for successful participation in the job market and for better social inclusion.<\/p>\n<p>The elements of lifelong learning were strengthened by further development and implementation of processes for assessment and recognition of knowledge acquired through non-formal and informal learning in the field of adult education, which opens up new opportunities for further education and training of adults and new opportunities in the job market.<\/p>\n<p>[\/et_pb_toggle][\/et_pb_column][\/et_pb_row][et_pb_row _builder_version=&#8221;4.16&#8243; background_size=&#8221;initial&#8221; background_position=&#8221;top_left&#8221; background_repeat=&#8221;repeat&#8221; hover_enabled=&#8221;0&#8243; global_colors_info=&#8221;{}&#8221; sticky_enabled=&#8221;0&#8243;][et_pb_column type=&#8221;4_4&#8243; _builder_version=&#8221;4.16&#8243; custom_padding=&#8221;|||&#8221; global_colors_info=&#8221;{}&#8221; custom_padding__hover=&#8221;|||&#8221;][et_pb_text admin_label=&#8221;Klju\u010dni dose\u017eki&#8221; _builder_version=&#8221;4.16&#8243; text_font_size=&#8221;10px&#8221; header_5_text_color=&#8221;#ffffff&#8221; header_5_font_size=&#8221;17px&#8221; header_5_line_height=&#8221;27px&#8221; custom_margin=&#8221;||0px|&#8221; custom_padding=&#8221;||0px|&#8221; hover_enabled=&#8221;0&#8243; global_colors_info=&#8221;{}&#8221; sticky_enabled=&#8221;0&#8243;]<\/p>\n<p>&nbsp;<\/p>\n<h5 class=\"purple\">KEY ACHIEVEMENTS<\/h5>\n<p>Key achievements of the activity Development of adult literacy 2011\u20132014 are published <a href=\"https:\/\/pismenost.acs.si\/en\/projects\/development-of-adult-literacy-2011-2014\/resources\/\">here<\/a>.<\/p>\n<p>The results of the activity Assessment and recognition of non-formal learning in adults 2012\u20132014 are:<\/p>\n<ul>\n<li>Document Proposal for systematic inclusion of the model of assessment and recognition of non-formal learning into the adult learning network;<\/li>\n<li>A booklet presenting the results of this project activity;<\/li>\n<\/ul>\n<p>[\/et_pb_text][et_pb_toggle title=&#8221;Read more&#8221; admin_label=&#8221;Preberi ve\u010d&#8221; _builder_version=&#8221;4.16&#8243; global_colors_info=&#8221;{}&#8221;]<\/p>\n<p>&nbsp;<\/p>\n<ul>\n<li>Final conference entitled Development of basic competences of adults and discovery of hidden knowledge;<\/li>\n<li>A questionnaire and guidelines for evaluation of the digital literacy competence;<\/li>\n<li>Professional guidelines and questionnaire for assessment of everyday life competences: Everyday life competences: handbook and online questionnaire;<\/li>\n<li>Online questionnaire for evaluation of the digital literacy competence;<\/li>\n<li>Manual Assessment, evaluation and recognition of non-formal and informal knowledge in adults;<\/li>\n<li>A draft of proposal for systematic inclusion of the model of assessment and recognition of non-formal learning into the adult learning network;<\/li>\n<li>An advanced training programme for counsellors on how to assess and evaluate non-formal and informal knowledge.<\/li>\n<li>A basic training programme for counsellors on evaluation at the Lifelong learning centres;<\/li>\n<li>A training programme for information officers for the evaluation processes at the Lifelong learning centres;<\/li>\n<li>A strategy for dissemination of results of the project Assessment and recognition of non-formal knowledge in the pilot period 2010\u20132011;<\/li>\n<li>Manual for counsellors Assessment, evaluation and development of the career planning competence;<\/li>\n<li>Online questionnaire for assessment of the \u201ccareer planning\u201d competence;<\/li>\n<li>Online portal \u2013 Assessment of non-formal knowledge in adults (http:\/\/vpnz.acs.si);<\/li>\n<li>A set of forms for professionals to assess and evaluate non-formal and informal knowledge.<\/li>\n<\/ul>\n<p>[\/et_pb_toggle][\/et_pb_column][\/et_pb_row][\/et_pb_section]<\/p>\n","protected":false},"excerpt":{"rendered":"<p>&nbsp; &nbsp;&#8230;<\/p>\n","protected":false},"author":161,"featured_media":0,"parent":28557,"menu_order":0,"comment_status":"closed","ping_status":"closed","template":"page_projekt.php","meta":{"_acf_changed":false,"_et_pb_use_builder":"on","_et_pb_old_content":"<h1>Razvoj pismenosti<br>(2011 - 2014)<\/h1>\r\n<table class=\"projektTable\">\r\n\t<tbody>\r\n\t\t<tr>\r\n\t\t\t<td>Naziv projekta<\/td>\r\n\t\t\t<td>Razvoj pismenosti ter ugotavljanje in priznavanje neformalnega u\u010denja 2011\u20132014 (kraj\u0161e Razvoj pismenosti 2011\u20132014) <\/td>\r\n\t\t<\/tr>\r\n\t\t<tr>\r\n\t\t\t<td>\u010casovni okvir<\/td>\r\n\t\t\t<td>september, 2011 \u2013 marec, 2014<\/td>\r\n\t\t<\/tr>\r\n\t\t<tr>\r\n\t\t\t<td>Vrednost projekta<\/td>\r\n\t\t\t<td>518.300,00 EUR<\/td>\r\n\t\t<\/tr>\r\n\t\t<tr>\r\n\t\t\t<td>Financer<\/td>\r\n\t\t\t<td>Evropski socialni sklad (85 %) in Ministrstvo za izobra\u017eevanje, znanost in \u0161port (15 %)<\/td>\r\n\t\t<\/tr>\r\n\t\t<tr>\r\n<tr>\r\n<tr>\r\n\t\t\t<td>Skrbnik pogodbe na MIZ\u0160<\/td>\r\n\t\t\t<td>Mag. Marko \u0160i\u0161ka<\/td>\r\n\t\t<\/tr>\r\n\t\t\t<td>Kontaktna oseba<\/td>\r\n\t\t\t<td>Vodja projekta mag. Tanja Vili\u010d Klenov\u0161ek (T: 01 5842 584; E: <a href=\"mailto:tanja.vilic.klenovsek@acs.si\">tanja.vilic.klenovsek@acs.si<\/a>)<\/td>\r\n\t\t<\/tr>\r\n\t\t\r\n<\/tbody>\r\n<\/table>\r\n\r\n\r\n[accordion]\r\n[accordion-item title=\"Namen\"]\r\n<p>S projektom Razvoj pismenosti ter ugotavljanja in priznavanje neformalnega u\u010denja od 2011 do 2014 smo nadaljevali aktivnosti na podro\u010dju razvoja pismenosti odraslih ter vrednotenja in priznavanja po neformalnih poteh pridobljenega znanja in izku\u0161enj odraslih, ki so potekale v okviru projekta Razvoj pismenosti ter ugotavljanja in priznavanje neformalnega u\u010denja od 2009 do 2011.<\/p>\r\n[\/accordion-item]\r\n[\/accordion]\t\r\n\r\n\r\n[accordion]\r\n[accordion-item title=\"Cilji\"]\r\n<p>Temeljni cilji projekta so bili:<\/p>\r\n\t\t\t<ul>\r\n\t\t\t\t<li>pripraviti metodologijo in opisnike za izbrana podro\u010dja temeljnih zmo\u017enosti in klju\u010dnih kompetenc,<\/li>\r\n\t\t\t\t<li>usposobiti strokovne delavce za izvajanje prenovljenih programov za prikraj\u0161ane skupine odraslih za dvig ravni pismenosti, ra\u010dunalni\u0161ke pismenosti in v programih za mlade, ki zgodaj opustijo \u0161olanje,<\/li>\r\n\t\t\t\t<li>razviti nova u\u010dna gradiva za dvig ravni pismenosti,<\/li>\r\n\t\t\t\t<li>\u0161iriti izpeljevanje pristopov za vrednotenje in priznavanja neformalno pridobljenega znanja in izku\u0161enj odraslih v vsa omre\u017eja izobra\u017eevanja odraslih,<\/li>\r\n\t\t\t\t<li>razviti nova orodja in pristope za vrednotenje in priznavanja neformalno pridobljenega znanja in izku\u0161enj odraslih in<\/li>\r\n\t\t\t\t<li>usposobiti strokovne delavce za izvajanje postopkov vrednotenja in priznavanja neformalno pridobljenega znanja in izku\u0161enj odraslih.<\/li>\r\n\t\t\t<\/ul>\r\n[\/accordion-item]\r\n[\/accordion]\t\r\n\r\n\r\n[accordion]\r\n[accordion-item title=\"Opis\"]\r\n<p>Projekt je razdeljen na dve aktivnosti, ki sta nadalje razdeljeni v posamezne naloge, predstavljata pa vsebinsko zaokro\u017eeni celoti za doseganje ciljev projekta. Prva aktivnost Razvoj pismenosti odraslih od 2011 do 2014 je bila namenjena razvoju metodologije in pripravi opisnikov temeljnih zmo\u017enosti in klju\u010dnih kompetenc. Druga aktivnost Ugotavljanje in priznavanje neformalnega u\u010denja odraslih od 2012 do 2014 je bila namenjena nadaljnjemu razvoju in implementaciji modelov in orodij za ugotavljanje in priznavanje neformalno in prilo\u017enostno pridobljenega znanja in izku\u0161enj odraslih.<\/p>\r\n\t\t\t\t<p>Projekt se je izvajal v okviru Operativnega programa razvoja \u010dlove\u0161kih virov za obdobje 2007\u20132013, razvojne prioritete Razvoj \u010dlove\u0161kih virov in vse\u017eivljenjskega u\u010denja in prednostne usmeritve Izbolj\u0161evanje kakovosti in u\u010dinkovitosti sistemov izobra\u017eevanja in usposabljanja.<\/p>\r\n\t\t\t\t<p>Razvojna prioriteta Razvoj \u010dlove\u0161kih virov in vse\u017eivljenjskega u\u010denja je posebej poudarjala, da razvoj virov v sodobni dru\u017ebi vse bolj temelji ne samo na formalnem, temve\u010d tudi drugih, neformalnih oblikah in na\u010dinih u\u010denja in izobra\u017eevanja. Tako je bila v projektu posebna skrb namenjena ustvarjanju novih mo\u017enosti za vklju\u010devanje razli\u010dnih skupin odraslih (\u0161e posebej tistih, ki so prikraj\u0161ane z vidika vklju\u010denosti v vse\u017eivljenjsko u\u010denje) v neformalno u\u010denje za pridobivanje klju\u010dnih kompetenc za vklju\u010devanje v nadaljnje izobra\u017eevanje ali u\u010denje, za uspe\u0161no delovanje na trgu dela in za ve\u010djo socialno vklju\u010denost.<\/p>\r\n\t\t\t\t<p>Elemente vse\u017eivljenjskega u\u010denja smo krepili tudi z nadaljnjim razvijanjem in uveljavljanjem postopkov vrednotenja in priznavanja znanja, pridobljenega v neformalnem in prilo\u017enostnem u\u010denju na podro\u010dju izobra\u017eevanja odraslih, s \u010dimer so se odraslim odprle nove mo\u017enosti za nadaljnje izobra\u017eevanje in usposabljanje in nove prilo\u017enosti na trgu dela.<\/p>\r\n[\/accordion-item]\r\n[\/accordion]\t\r\n\r\n[accordion]\r\n[accordion-item title=\"Klju\u010dni dose\u017eki\"]\t\t\r\n<p>Klju\u010dni dose\u017eki aktivnosti Razvoj pismenosti odraslih od 2011 do 2014 so objavljeni <a href=\"https:\/\/pismenost.acs.si\/projekti\/ess-11-14\/gradiva\/\" target=\"_blank\">tukaj<\/a>.<\/p>\r\n<p>Dose\u017eeni rezultati aktivnosti Ugotavljanje in priznavanje neformalnega u\u010denja odraslih od 2012 do 2014 so: <\/p>\r\n<ul>\r\n<li>strokovno gradivo Predlog za sistemsko ume\u0161\u010danje modela ugotavljanja in priznavanja neformalnega u\u010denja odraslih v omre\u017eje izobra\u017eevanja odraslih,<\/li>\r\n<li>knji\u017eica s predstavitvijo rezultatov druge aktivnosti projekta, <\/li>\r\n<li>zaklju\u010dna konferenca projekta z naslovom Razvijamo temeljne mo\u017enosti odraslih in odkrivamo skrito znanje,<\/li>\r\n<li>vpra\u0161alnik in smernice za vrednotenje kompetence digitalna pismenost,<\/li>\r\n<li>strokovna vodila in vpra\u0161alnik za merjenje kompetenc vsakdanjega \u017eivljenja: Kompetence vsakdanjega \u017eivljenja: delovni zvezek in elektronski vpra\u0161alnik,<\/li>\r\n<li>elektronski vpra\u0161alnik za vrednotenje kompetence digitalna pismenost,<\/li>\r\n<li>priro\u010dnik Ugotavljanje, vrednotenje in priznavanje neformalno in prilo\u017enostno pridobljenega znanja odraslih,<\/li>\r\n<li>osnutek predloga z sistemsko ume\u0161\u010danje modela ugotavljanja in priznavanja neformalnega u\u010denja odraslih v omre\u017eje izobra\u017eevanja odraslih,<\/li>\r\n<li>program spopolnjevanja za svetovalce za ugotavljanje in vrednotenje neformalno in prilo\u017enostno pridobljenega znanja.<\/li>\r\n<li>program Temeljnega usposabljanja svetovalcev za vrednotenje v Centrih vse\u017eivljenjskega u\u010denja,<\/li>\r\n<li>program Usposabljanja informatorjev v postopkih vrednotenja v Centrih vse\u017eivljenjskega u\u010denja,<\/li>\r\n<li>strategijo diseminacije rezultatov projekta Ugotavljanje in priznavanje neformalnega u\u010denja iz pilotnega obdobja 2010-2011,<\/li>\r\n<li>priro\u010dnik za svetovalce Ugotavljanje, vrednotenje in razvijanje kompetence na\u010drtovanje kariere,<\/li>\r\n<li>elektronski vpra\u0161alnik za merjenje kompetence \u00bbna\u010drtovanje kariere\u00ab,<\/li>\r\n<li>spletni portal \u2013 Vrednotenje neformalno pridobljenega znanja odraslih (http:\/\/vpnz.acs.si),<\/li>\r\n<li>sklop obrazcev za strokovne delavce za ugotavljanje in vrednotenje neformalno pridobljenega znanja.<\/li>\r\n<\/ul>\r\n[\/accordion-item]\r\n[\/accordion]","_et_gb_content_width":"","inline_featured_image":false,"footnotes":""},"class_list":["post-27940","page","type-page","status-publish","hentry"],"acf":[],"yoast_head":"<!-- This site is optimized with the Yoast SEO plugin v26.2 - https:\/\/yoast.com\/wordpress\/plugins\/seo\/ -->\n<title>Literacy Development (2011\u20132014) | Andrago\u0161ki center Republike Slovenije<\/title>\n<meta name=\"robots\" content=\"index, follow, max-snippet:-1, max-image-preview:large, max-video-preview:-1\" \/>\n<link rel=\"canonical\" href=\"https:\/\/www.acs.si\/en\/projects\/esf-projects\/literacy-development-2011-2014\/\" \/>\n<meta property=\"og:locale\" content=\"en_US\" \/>\n<meta property=\"og:type\" content=\"article\" \/>\n<meta property=\"og:title\" content=\"Literacy Development (2011\u20132014) | Andrago\u0161ki center Republike Slovenije\" \/>\n<meta property=\"og:description\" content=\"&nbsp; &nbsp;...\" \/>\n<meta property=\"og:url\" content=\"https:\/\/www.acs.si\/en\/projects\/esf-projects\/literacy-development-2011-2014\/\" \/>\n<meta property=\"og:site_name\" content=\"Andrago\u0161ki center Republike Slovenije\" \/>\n<meta property=\"article:publisher\" content=\"https:\/\/www.facebook.com\/AndragoskiCenterSlovenije\/\" \/>\n<meta property=\"article:modified_time\" content=\"2024-08-23T10:55:15+00:00\" \/>\n<meta name=\"twitter:card\" content=\"summary_large_image\" \/>\n<meta name=\"twitter:label1\" content=\"Est. reading time\" \/>\n\t<meta name=\"twitter:data1\" content=\"6 minutes\" \/>\n<script type=\"application\/ld+json\" class=\"yoast-schema-graph\">{\"@context\":\"https:\/\/schema.org\",\"@graph\":[{\"@type\":\"WebPage\",\"@id\":\"https:\/\/www.acs.si\/en\/projects\/esf-projects\/literacy-development-2011-2014\/\",\"url\":\"https:\/\/www.acs.si\/en\/projects\/esf-projects\/literacy-development-2011-2014\/\",\"name\":\"Literacy Development (2011\u20132014) | Andrago\u0161ki center Republike Slovenije\",\"isPartOf\":{\"@id\":\"https:\/\/www.acs.si\/#website\"},\"datePublished\":\"2018-08-28T14:22:42+00:00\",\"dateModified\":\"2024-08-23T10:55:15+00:00\",\"breadcrumb\":{\"@id\":\"https:\/\/www.acs.si\/en\/projects\/esf-projects\/literacy-development-2011-2014\/#breadcrumb\"},\"inLanguage\":\"en-US\",\"potentialAction\":[{\"@type\":\"ReadAction\",\"target\":[\"https:\/\/www.acs.si\/en\/projects\/esf-projects\/literacy-development-2011-2014\/\"]}]},{\"@type\":\"BreadcrumbList\",\"@id\":\"https:\/\/www.acs.si\/en\/projects\/esf-projects\/literacy-development-2011-2014\/#breadcrumb\",\"itemListElement\":[{\"@type\":\"ListItem\",\"position\":1,\"name\":\"Home\",\"item\":\"https:\/\/www.acs.si\/en\/\"},{\"@type\":\"ListItem\",\"position\":2,\"name\":\"Projects\",\"item\":\"https:\/\/www.acs.si\/en\/projects\/\"},{\"@type\":\"ListItem\",\"position\":3,\"name\":\"ESF projects\",\"item\":\"https:\/\/www.acs.si\/en\/projects\/esf-projects\/\"},{\"@type\":\"ListItem\",\"position\":4,\"name\":\"Literacy Development (2011\u20132014)\"}]},{\"@type\":\"WebSite\",\"@id\":\"https:\/\/www.acs.si\/#website\",\"url\":\"https:\/\/www.acs.si\/\",\"name\":\"Andrago\u0161ki center Republike Slovenije\",\"description\":\"\",\"potentialAction\":[{\"@type\":\"SearchAction\",\"target\":{\"@type\":\"EntryPoint\",\"urlTemplate\":\"https:\/\/www.acs.si\/?s={search_term_string}\"},\"query-input\":{\"@type\":\"PropertyValueSpecification\",\"valueRequired\":true,\"valueName\":\"search_term_string\"}}],\"inLanguage\":\"en-US\"}]}<\/script>\n<!-- \/ Yoast SEO plugin. -->","yoast_head_json":{"title":"Literacy Development (2011\u20132014) | Andrago\u0161ki center Republike Slovenije","robots":{"index":"index","follow":"follow","max-snippet":"max-snippet:-1","max-image-preview":"max-image-preview:large","max-video-preview":"max-video-preview:-1"},"canonical":"https:\/\/www.acs.si\/en\/projects\/esf-projects\/literacy-development-2011-2014\/","og_locale":"en_US","og_type":"article","og_title":"Literacy Development (2011\u20132014) | Andrago\u0161ki center Republike Slovenije","og_description":"&nbsp; &nbsp;...","og_url":"https:\/\/www.acs.si\/en\/projects\/esf-projects\/literacy-development-2011-2014\/","og_site_name":"Andrago\u0161ki center Republike Slovenije","article_publisher":"https:\/\/www.facebook.com\/AndragoskiCenterSlovenije\/","article_modified_time":"2024-08-23T10:55:15+00:00","twitter_card":"summary_large_image","twitter_misc":{"Est. reading time":"6 minutes"},"schema":{"@context":"https:\/\/schema.org","@graph":[{"@type":"WebPage","@id":"https:\/\/www.acs.si\/en\/projects\/esf-projects\/literacy-development-2011-2014\/","url":"https:\/\/www.acs.si\/en\/projects\/esf-projects\/literacy-development-2011-2014\/","name":"Literacy Development (2011\u20132014) | Andrago\u0161ki center Republike Slovenije","isPartOf":{"@id":"https:\/\/www.acs.si\/#website"},"datePublished":"2018-08-28T14:22:42+00:00","dateModified":"2024-08-23T10:55:15+00:00","breadcrumb":{"@id":"https:\/\/www.acs.si\/en\/projects\/esf-projects\/literacy-development-2011-2014\/#breadcrumb"},"inLanguage":"en-US","potentialAction":[{"@type":"ReadAction","target":["https:\/\/www.acs.si\/en\/projects\/esf-projects\/literacy-development-2011-2014\/"]}]},{"@type":"BreadcrumbList","@id":"https:\/\/www.acs.si\/en\/projects\/esf-projects\/literacy-development-2011-2014\/#breadcrumb","itemListElement":[{"@type":"ListItem","position":1,"name":"Home","item":"https:\/\/www.acs.si\/en\/"},{"@type":"ListItem","position":2,"name":"Projects","item":"https:\/\/www.acs.si\/en\/projects\/"},{"@type":"ListItem","position":3,"name":"ESF projects","item":"https:\/\/www.acs.si\/en\/projects\/esf-projects\/"},{"@type":"ListItem","position":4,"name":"Literacy Development (2011\u20132014)"}]},{"@type":"WebSite","@id":"https:\/\/www.acs.si\/#website","url":"https:\/\/www.acs.si\/","name":"Andrago\u0161ki center Republike Slovenije","description":"","potentialAction":[{"@type":"SearchAction","target":{"@type":"EntryPoint","urlTemplate":"https:\/\/www.acs.si\/?s={search_term_string}"},"query-input":{"@type":"PropertyValueSpecification","valueRequired":true,"valueName":"search_term_string"}}],"inLanguage":"en-US"}]}},"_links":{"self":[{"href":"https:\/\/www.acs.si\/en\/wp-json\/wp\/v2\/pages\/27940","targetHints":{"allow":["GET"]}}],"collection":[{"href":"https:\/\/www.acs.si\/en\/wp-json\/wp\/v2\/pages"}],"about":[{"href":"https:\/\/www.acs.si\/en\/wp-json\/wp\/v2\/types\/page"}],"author":[{"embeddable":true,"href":"https:\/\/www.acs.si\/en\/wp-json\/wp\/v2\/users\/161"}],"replies":[{"embeddable":true,"href":"https:\/\/www.acs.si\/en\/wp-json\/wp\/v2\/comments?post=27940"}],"version-history":[{"count":6,"href":"https:\/\/www.acs.si\/en\/wp-json\/wp\/v2\/pages\/27940\/revisions"}],"predecessor-version":[{"id":73700,"href":"https:\/\/www.acs.si\/en\/wp-json\/wp\/v2\/pages\/27940\/revisions\/73700"}],"up":[{"embeddable":true,"href":"https:\/\/www.acs.si\/en\/wp-json\/wp\/v2\/pages\/28557"}],"wp:attachment":[{"href":"https:\/\/www.acs.si\/en\/wp-json\/wp\/v2\/media?parent=27940"}],"curies":[{"name":"wp","href":"https:\/\/api.w.org\/{rel}","templated":true}]}}