{"id":27935,"date":"2018-08-28T14:58:00","date_gmt":"2018-08-28T13:58:00","guid":{"rendered":"http:\/\/www.acs.si\/?page_id=27935"},"modified":"2021-02-22T11:50:03","modified_gmt":"2021-02-22T10:50:03","slug":"education-and-training-for-adult-education-professionals-2011-2014","status":"publish","type":"page","link":"https:\/\/www.acs.si\/en\/projects\/esf-projects\/education-and-training-for-adult-education-professionals-2011-2014\/","title":{"rendered":"Education and Training for Adult Education Professionals 2011\u20132014"},"content":{"rendered":"<p>[et_pb_section fb_built=&#8221;1&#8243; _builder_version=&#8221;3.22&#8243; custom_padding=&#8221;0px|||&#8221;][et_pb_row make_equal=&#8221;on&#8221; module_class=&#8221;logo-img-cont &#8221; _builder_version=&#8221;3.25&#8243; custom_margin=&#8221;||20px|&#8221; custom_padding=&#8221;0px||0px|&#8221; border_width_all=&#8221;1px&#8221; border_color_all=&#8221;#cdd1d6&#8243;][et_pb_column type=&#8221;4_4&#8243; _builder_version=&#8221;3.25&#8243; custom_padding=&#8221;|||&#8221; custom_padding__hover=&#8221;|||&#8221;][et_pb_text _builder_version=&#8221;3.27.4&#8243; custom_padding=&#8221;20px|20px|20px|20px&#8221; border_width_left=&#8221;1px&#8221; border_color_left=&#8221;#cdd1d6&#8243;]<\/p>\n<p>&nbsp;<\/p>\n<table class=\"projektTable\" style=\"height: 290px;\">\n<tbody>\n<tr style=\"height: 55px;\">\n<td style=\"width: 122px; height: 55px;\"><strong>Project<\/strong><\/td>\n<td style=\"width: 764px; height: 55px;\">Education and training for adult education professionals 2011\u20132014<\/td>\n<\/tr>\n<tr style=\"height: 23px;\">\n<td style=\"width: 122px; height: 23px;\"><strong>Time period<\/strong><\/td>\n<td style=\"width: 764px; height: 23px;\">September 2009 \u2013 December 2011<\/td>\n<\/tr>\n<tr style=\"height: 47px;\">\n<td style=\"width: 122px; height: 47px;\"><b>Project value<\/b><\/td>\n<td style=\"width: 764px; height: 47px;\">610.000,00 EUR (European Social Fund: 518.500,00 EUR, Ministry of Education, Science and Sport: 91.500,00 EUR)<\/td>\n<\/tr>\n<tr style=\"height: 23px;\">\n<td style=\"width: 122px; height: 23px;\"><strong>Financed by<\/strong><\/td>\n<td style=\"width: 764px; height: 23px;\">European Social Fund,\u00a0Ministry of Education, Science and Sport<\/td>\n<\/tr>\n<tr style=\"height: 71px;\">\n<td style=\"width: 122px; height: 71px;\"><strong>Contact<\/strong><\/td>\n<td style=\"width: 764px; height: 71px;\">Dr Tanja Mo\u017eina<br \/>\nT: +386 1 584 2577<br \/>\nE: <a href=\"mailto:tanja.mozina@acs.si\">tanja.mozina@acs.si<\/a><\/td>\n<\/tr>\n<tr style=\"height: 71px;\">\n<td style=\"width: 122px; height: 71px;\"><strong>Contract caretaker<\/strong><\/td>\n<td style=\"width: 764px; height: 71px;\">Katja Dov\u017eak, MSc<br \/>\nMihaela Praprotnik<br \/>\nMarko \u0160i\u0161ka, all Ministry od Education, Science and Sport<\/td>\n<\/tr>\n<\/tbody>\n<\/table>\n<p>&nbsp;<\/p>\n<p>[\/et_pb_text][\/et_pb_column][\/et_pb_row][et_pb_row _builder_version=&#8221;3.25&#8243; background_size=&#8221;initial&#8221; background_position=&#8221;top_left&#8221; background_repeat=&#8221;repeat&#8221;][et_pb_column type=&#8221;4_4&#8243; _builder_version=&#8221;3.25&#8243; custom_padding=&#8221;|||&#8221; custom_padding__hover=&#8221;|||&#8221;][et_pb_text admin_label=&#8221;Namen&#8221; _builder_version=&#8221;3.27.4&#8243; text_font_size=&#8221;10px&#8221; header_5_text_color=&#8221;#ffffff&#8221; header_5_font_size=&#8221;17px&#8221; header_5_line_height=&#8221;27px&#8221; custom_margin=&#8221;||0px|&#8221; custom_padding=&#8221;||0px|&#8221;]<\/p>\n<p>&nbsp;<\/p>\n<h5 class=\"purple\">AIM<\/h5>\n<ul>\n<li>The project\u2019s aim was to spread new knowledge and develop the capabilities of adult educators. The activities within the project were targeted at the following target groups of adult educators:<\/li>\n<li>Managers and organisers of adult education;<\/li>\n<li>Teachers in different forms of adult education;<\/li>\n<\/ul>\n<p>[\/et_pb_text][et_pb_toggle title=&#8221;Read more&#8221; admin_label=&#8221;Preberi ve\u010d&#8221; _builder_version=&#8221;3.4.1&#8243;]<\/p>\n<p>&nbsp;<\/p>\n<ul>\n<li>Headmasters and directors of educational organisations;<\/li>\n<li>Leaders and members of quality assurance groups within educational institutions;<\/li>\n<li>Quality counsellors in adult education;<\/li>\n<li>Managers, mentors and counsellors at self-study centres;<\/li>\n<li>Managers and mentors of study circles;<\/li>\n<li>Teachers in the programmes of literacy for adults;<\/li>\n<li>Managers and counsellors in the adult education guidance centres (AEGC);<\/li>\n<li>Young pensioners who participate in guidance as volunteers.<\/li>\n<\/ul>\n<p>[\/et_pb_toggle][\/et_pb_column][\/et_pb_row][et_pb_row _builder_version=&#8221;3.25&#8243; background_size=&#8221;initial&#8221; background_position=&#8221;top_left&#8221; background_repeat=&#8221;repeat&#8221;][et_pb_column type=&#8221;4_4&#8243; _builder_version=&#8221;3.25&#8243; custom_padding=&#8221;|||&#8221; custom_padding__hover=&#8221;|||&#8221;][et_pb_text admin_label=&#8221;Cilji projekta&#8221; _builder_version=&#8221;3.27.4&#8243; text_font_size=&#8221;10px&#8221; header_5_text_color=&#8221;#ffffff&#8221; header_5_font_size=&#8221;17px&#8221; header_5_line_height=&#8221;27px&#8221; custom_margin=&#8221;||0px|&#8221; custom_padding=&#8221;||0px|&#8221;]<\/p>\n<p>&nbsp;<\/p>\n<h5 class=\"purple\">OBJECTIVES<\/h5>\n<p>The objectives of the project were to provide basic and advanced training and seminars to enable adult educators to develop general andragogical capabilities and specific andragogical capabilities for special roles in adult education. To develop and update educational programmes for different target groups of adult educators. To develop new learning materials. To develop and update ICT applications for support of project activities.<\/p>\n<p>[\/et_pb_text][\/et_pb_column][\/et_pb_row][et_pb_row _builder_version=&#8221;3.25&#8243; background_size=&#8221;initial&#8221; background_position=&#8221;top_left&#8221; background_repeat=&#8221;repeat&#8221;][et_pb_column type=&#8221;4_4&#8243; _builder_version=&#8221;3.25&#8243; custom_padding=&#8221;|||&#8221; custom_padding__hover=&#8221;|||&#8221;][et_pb_text admin_label=&#8221;Opis&#8221; _builder_version=&#8221;3.27.4&#8243; text_font_size=&#8221;10px&#8221; header_5_text_color=&#8221;#ffffff&#8221; header_5_font_size=&#8221;17px&#8221; header_5_line_height=&#8221;27px&#8221; custom_margin=&#8221;||0px|&#8221; custom_padding=&#8221;||0px|&#8221;]<\/p>\n<p>&nbsp;<\/p>\n<h5 class=\"purple\">DESCRIPTION<\/h5>\n<ul>\n<li>The project includes five activities that were further divided into individual tasks but represent a coherent whole aimed at specific project objectives:<\/li>\n<li>Basic and advanced trainings and seminars for andragogical work;<\/li>\n<li>Basic and advanced trainings and seminars for quality in adult education;<\/li>\n<\/ul>\n<p>[\/et_pb_text][et_pb_toggle title=&#8221;Read more&#8221; admin_label=&#8221;Preberi ve\u010d&#8221; _builder_version=&#8221;3.4.1&#8243;]<\/p>\n<p>&nbsp;<\/p>\n<ul>\n<li>Basic and advanced trainings and seminars for general non-formal adult education;<\/li>\n<li>Basic and advanced trainings and seminars for counselling in adult education;<\/li>\n<li>Training for development of literacy.<\/li>\n<\/ul>\n<p>[\/et_pb_toggle][\/et_pb_column][\/et_pb_row][et_pb_row _builder_version=&#8221;3.25&#8243; background_size=&#8221;initial&#8221; background_position=&#8221;top_left&#8221; background_repeat=&#8221;repeat&#8221;][et_pb_column type=&#8221;4_4&#8243; _builder_version=&#8221;3.25&#8243; custom_padding=&#8221;|||&#8221; custom_padding__hover=&#8221;|||&#8221;][et_pb_text admin_label=&#8221;Klju\u010dni dose\u017eki&#8221; _builder_version=&#8221;3.27.4&#8243; text_font_size=&#8221;10px&#8221; header_5_text_color=&#8221;#ffffff&#8221; header_5_font_size=&#8221;17px&#8221; header_5_line_height=&#8221;27px&#8221; custom_margin=&#8221;||0px|&#8221; custom_padding=&#8221;||0px|&#8221;]<\/p>\n<p>&nbsp;<\/p>\n<h5 class=\"purple\">KEY ACHIEVEMENTS<\/h5>\n<ul>\n<li>The following key achievements were reached in the scope of the entire project:<\/li>\n<li>We provided adult educators with 49 different basic and advanced training programmes and seminars.<\/li>\n<li>We organised and implemented 54 individual programmes for a total of 1045 pedagogical hours.<\/li>\n<\/ul>\n<p>[\/et_pb_text][et_pb_toggle title=&#8221;Read more&#8221; admin_label=&#8221;Preberi ve\u010d&#8221; _builder_version=&#8221;3.4.1&#8243;]<\/p>\n<ul>\n<li>We realised 676 hours of e-mentoring via e-classrooms.<\/li>\n<li>We set up 10 e-classrooms for support of e-training and e-seminars.<\/li>\n<li>We implemented 7 programmes in the e-training format.<\/li>\n<li>Basic and advanced trainings and seminars were attended by 1008 adult educators.<\/li>\n<li>We prepared 36 new or updated learning materials, 7 of which were also printed.<\/li>\n<li>We developed or updated 6 training programmes and seminars.<\/li>\n<li>We ensured continuous operation and content improvement of the online list of questions for assessment of quality in adult education.<\/li>\n<li>We enabled all the training and seminar participants to access the online learning materials.<\/li>\n<li>We maintained and completed the online catalogue of training programmes and seminars for adult educators.<\/li>\n<li>We maintained and improved websites on andragogical seminars, quality and counselling in adult education.<\/li>\n<li>We developed a new online application for monitoring of activities of AEGC guidance centres.<\/li>\n<li>We issued 6 printed promotional brochures and posted many articles on progress and results of the project on the SIAE websites and in our bulletin e-Novi\u010dke.<\/li>\n<li>We realised the <a href=\"https:\/\/izobrazevanje.acs.si\/zakljucna_konferenca\/2014\/\">final conference of the project,<\/a>\u00a0which was attended by 138 participants.<\/li>\n<\/ul>\n<p>All achievements of individual activities can be found <a href=\"https:\/\/arhiv.acs.si\/publikacije\/Brosura_Dosezki_projekta_ESS_2011-2014.pdf\">here.\u00a0<\/a>(in Slovenian)<\/p>\n<p>[\/et_pb_toggle][\/et_pb_column][\/et_pb_row][\/et_pb_section]<\/p>\n","protected":false},"excerpt":{"rendered":"<p>&nbsp; Project&#8230;<\/p>\n","protected":false},"author":161,"featured_media":0,"parent":28557,"menu_order":0,"comment_status":"closed","ping_status":"closed","template":"page_projekt.php","meta":{"_acf_changed":false,"_et_pb_use_builder":"on","_et_pb_old_content":"FOTOGRAFIJA \r\n\r\n<table class=\"projektTableNew\">\r\n<tbody>\r\n<tr>\r\n\t\t\t<td>Naziv projekta (v angle\u0161\u010dini)<\/td>\r\n\t\t\t<td><strong>Izobra\u017eevanje in usposabljanje strokovnih delavcev v izobra\u017eevanju odraslih od 2011 do 2014 <\/strong>- kraj\u0161e Usposabljanje strokovnih delavcev (2011 \u2013 2014) \r\n<\/td>\r\n\t\t<\/tr>\r\n\t\t<tr>\r\n\t\t\t<td>\u010casovni okvir<\/td>\r\n\t\t\t<td>september 2009 \u2013 december 2011<\/td>\r\n\t\t<\/tr>\r\n\t\t<tr>\r\n\t\t\t<td>Vrednost projekta:<\/td>\r\n\t\t\t<td>Skupna vrednost projekta je bila 610.000,00 EUR, od tega je prispeval Evropski socialni sklad 518.500,00 EUR, Ministrstvo RS za izobra\u017eevanje, znanost in \u0161port pa 91.500,00 EUR.<\/td>\r\n\t\t<\/tr>\r\n\r\n<tr>\r\n\t\t\t<td>Financer:<\/td>\r\n\t\t\t<td>Evropski socialni sklad, Ministrstvo RS za izobra\u017eevanje, znanost in \u0161port\r\n\r\n\t\t\t<\/td>\r\n\t\t<\/tr>\r\n\r\n<tr>\t\t\r\n<td>Kontaktna oseba<\/td>\r\n<td>Dr. Tanja Mo\u017eina (T: 01 584 2577, E: <a href=\"mailto:tanja.mozina@acs.si\">tanja.mozina@acs.si<\/a>)<\/td>\r\n\t\t<\/tr>\r\n\r\n<tr>\t\t\r\n<td>Skrbnik pogodbe na MIZ\u0160:<\/td>\r\n<td>mag. Katja Dov\u017eak, Mihaela Praprotnik, Marko \u0160i\u0161ka<\/td>\r\n\t\t<\/tr>\r\n<\/tbody>\r\n<\/table>\r\n\r\n\r\n[accordion]\r\n[accordion-item title=\"Namen\"]<p>Projekt je bil namenjen \u0161irjenju novega znanja in razvijanju zmo\u017enosti izobra\u017eevalcev odraslih. Aktivnosti v projektu so bile namenjene naslednjim ciljnim skupinam izobra\u017eevalcev odraslih:<\/p>\r\n<ul>\r\n<li>vodjem in organizatorjem izobra\u017eevanja odraslih,<\/li>\r\n<li>u\u010diteljem v razli\u010dnih oblikah izobra\u017eevanja odraslih,<\/li>\r\n<li>ravnateljem in direktorjem izobra\u017eevalnih organizacij,<\/li>\r\n<li>vodjem in \u010dlanom skupin za kakovost v izobra\u017eevalnih organizacijah,<\/li>\r\n<li>svetovalcem za kakovost v izobra\u017eevanju odraslih,<\/li>\r\n<li>vodjem, mentorjem in svetovalcem v sredi\u0161\u010dih za samostojno u\u010denje,<\/li>\r\n<li>vodjem in mentorjem \u0161tudijskih kro\u017ekov,<\/li>\r\n<li>u\u010diteljem v programih pismenosti za odrasle,<\/li>\r\n<li>vodjem in svetovalcem v svetovalnih sredi\u0161\u010dih ISIO,<\/li>\r\n<li>mlaj\u0161im upokojencem, ki se bodo kot prostovoljci vklju\u010dili v svetovalno delo.<\/li>\r\n<\/ul>\r\n[\/accordion-item]\r\n[\/accordion]\r\n\r\n\r\n[accordion]\r\n[accordion-item title=\"Cilji\"]<p>Cilji v projektu so bili, da z usposabljanjem in spopolnjevanjem omogo\u010dimo izobra\u017eevalcem odraslih razvoj splo\u0161nih poklicnih andrago\u0161kih zmo\u017enosti ter specifi\u010dnih andrago\u0161kih zmo\u017enosti za opravljanje posebnih vlog v izobra\u017eevanju odraslih. Razvijemo in posodobimo izobra\u017eevalne programe za razli\u010dne ciljne skupine izobra\u017eevalcev odraslih. Razvijemo nova u\u010dna gradiva. Razvijemo in posodobimo IKT aplikacije za podporo dejavnostim v projektu.<\/p>\r\n[\/accordion-item]\r\n[\/accordion]\r\n\r\n\r\n[accordion]\r\n[accordion-item title=\"Opis\"]<p>Projekt je sestavljajo pet aktivnosti, ki so bile nadalje razdeljene v posamezne naloge, predstavljajo pa vsebinsko zaokro\u017eene celote za doseganje ciljev projekta: <\/p>\r\n<ul>\r\n<li>Usposabljanje in spopolnjevanje za andrago\u0161ko delo,<\/li>\r\n<li>Usposabljanje in spopolnjevanje za kakovost v izobra\u017eevanju odraslih, <\/li>\r\n<li>Usposabljanje in spopolnjevanje za splo\u0161no neformalno izobra\u017eevanje odraslih, <\/li>\r\n<li>Usposabljanje in spopolnjevanje za svetovalno delo v izobra\u017eevanju odraslih,<\/li>\r\n<li>Usposabljanje za razvoj pismenosti.\r\n<\/ul>\r\n<\/p>\r\n[\/accordion-item]\r\n[\/accordion]\r\n\r\n\r\n\r\n[accordion]\r\n[accordion-item title=\"Klju\u010dni dose\u017eki\"]<p>Na ravni celotnega projekta so bili dose\u017eeni naslednji klju\u010dni dose\u017eki:<\/p>\r\n<ul>\r\n<li>Andrago\u0161kim delavcem smo ponudili 49 razli\u010dnih programov usposabljanja oz. spopolnjevanja.<\/li>\r\n<li>Organizirali in izpeljali smo 54 izvedb programov s skupno 1045 pedago\u0161kimi urami.<\/li>\r\n<li>Izpeljali smo 676 ur e-mentorskega dela v spletnih u\u010dilnicah. <\/li>\r\n<li>Vzpostavili smo 10 spletnih u\u010dilnic v podporo e-usposabljanju in e-spopolnjevanju.<\/li>\r\n<li>7 programov smo izpeljali v obliki e-usposabljanja.<\/li>\r\n<li>Usposabljanja ali spopolnjevanja se je udele\u017eilo 1008 andrago\u0161kih delavcev.<\/li>\r\n<li>Pripravili smo 36 novih ali prenovljenih u\u010dnih gradiv, od tega smo jih 7 izdali v tiskani obliki.<\/li>\r\n<li>Razvili oz. prenovili smo 6 programov usposabljanja oz. spopolnjevanja.<\/li>\r\n<li>Zagotavljali smo delovanje in vsebinsko nadgradnjo spletne zbirke vpra\u0161anj za presojanje kakovosti izobra\u017eevanja odraslih.<\/li>\r\n<li>Vsem udele\u017eencem usposabljanja ali spopolnjevanja smo omogo\u010dili spletni dostop do u\u010dnih gradiv.<\/li>\r\n<li>Vzdr\u017eevali in dopolnjevali smo spletno programoteko programov andrago\u0161kega usposabljanja in spopolnjevanja. <\/li>\r\n<li>Vzdr\u017eevali in nadgrajevali smo spleti\u0161\u010da o andrago\u0161kem spopolnjevanju, kakovosti in svetovanju v izobra\u017eevanju odraslih.<\/li>\r\n<li>Razvili smo novo spletno aplikacijo za spremljanje dejavnosti svetovalnih sredi\u0161\u010d ISIO. <\/li>\r\n<li>Izdali smo 6 tiskanih promocijskih bro\u0161ur, o poteku in rezultatih projekta smo veliko objavljali na spletnih straneh ACS, v e-Novi\u010dkah. <\/li>\r\n<li>Izpeljali smo <a href=\"https:\/\/izobrazevanje.acs.si\/zakljucna_konferenca\/2014\/\" rel=\"noopener\" target=\"_blank\">zaklju\u010dno konferenco projekta<\/a>, katere se je udele\u017eilo 138 udele\u017eencev. \r\n<\/li>\r\n<\/ul>\r\n<p>\r\nVsi dose\u017eki po posameznih aktivnostih so predstavljeni <a href=\"https:\/\/arhiv.acs.si\/publikacije\/Brosura_Dosezki_projekta_ESS_2011-2014.pdf\" rel=\"noopener\" target=\"_blank\">tukaj.<\/a><\/p>\r\n[\/accordion-item]\r\n[\/accordion]","_et_gb_content_width":"","inline_featured_image":false,"footnotes":""},"class_list":["post-27935","page","type-page","status-publish","hentry"],"acf":[],"yoast_head":"<!-- This site is optimized with the Yoast SEO plugin v26.2 - https:\/\/yoast.com\/wordpress\/plugins\/seo\/ -->\n<title>Education and Training for Adult Education Professionals 2011\u20132014 | Andrago\u0161ki center Republike Slovenije<\/title>\n<meta name=\"robots\" content=\"index, follow, max-snippet:-1, max-image-preview:large, max-video-preview:-1\" \/>\n<link rel=\"canonical\" href=\"https:\/\/www.acs.si\/en\/projects\/esf-projects\/education-and-training-for-adult-education-professionals-2011-2014\/\" \/>\n<meta property=\"og:locale\" content=\"en_US\" \/>\n<meta property=\"og:type\" content=\"article\" \/>\n<meta property=\"og:title\" content=\"Education and Training for Adult Education Professionals 2011\u20132014 | Andrago\u0161ki center Republike Slovenije\" \/>\n<meta property=\"og:description\" content=\"&nbsp; Project...\" \/>\n<meta property=\"og:url\" content=\"https:\/\/www.acs.si\/en\/projects\/esf-projects\/education-and-training-for-adult-education-professionals-2011-2014\/\" \/>\n<meta property=\"og:site_name\" content=\"Andrago\u0161ki center Republike Slovenije\" \/>\n<meta property=\"article:publisher\" content=\"https:\/\/www.facebook.com\/AndragoskiCenterSlovenije\/\" \/>\n<meta property=\"article:modified_time\" content=\"2021-02-22T10:50:03+00:00\" \/>\n<meta name=\"twitter:card\" content=\"summary_large_image\" \/>\n<meta name=\"twitter:label1\" content=\"Est. reading time\" \/>\n\t<meta name=\"twitter:data1\" content=\"5 minutes\" \/>\n<script type=\"application\/ld+json\" class=\"yoast-schema-graph\">{\"@context\":\"https:\/\/schema.org\",\"@graph\":[{\"@type\":\"WebPage\",\"@id\":\"https:\/\/www.acs.si\/en\/projects\/esf-projects\/education-and-training-for-adult-education-professionals-2011-2014\/\",\"url\":\"https:\/\/www.acs.si\/en\/projects\/esf-projects\/education-and-training-for-adult-education-professionals-2011-2014\/\",\"name\":\"Education and Training for Adult Education Professionals 2011\u20132014 | Andrago\u0161ki center Republike Slovenije\",\"isPartOf\":{\"@id\":\"https:\/\/www.acs.si\/#website\"},\"datePublished\":\"2018-08-28T13:58:00+00:00\",\"dateModified\":\"2021-02-22T10:50:03+00:00\",\"breadcrumb\":{\"@id\":\"https:\/\/www.acs.si\/en\/projects\/esf-projects\/education-and-training-for-adult-education-professionals-2011-2014\/#breadcrumb\"},\"inLanguage\":\"en-US\",\"potentialAction\":[{\"@type\":\"ReadAction\",\"target\":[\"https:\/\/www.acs.si\/en\/projects\/esf-projects\/education-and-training-for-adult-education-professionals-2011-2014\/\"]}]},{\"@type\":\"BreadcrumbList\",\"@id\":\"https:\/\/www.acs.si\/en\/projects\/esf-projects\/education-and-training-for-adult-education-professionals-2011-2014\/#breadcrumb\",\"itemListElement\":[{\"@type\":\"ListItem\",\"position\":1,\"name\":\"Home\",\"item\":\"https:\/\/www.acs.si\/en\/\"},{\"@type\":\"ListItem\",\"position\":2,\"name\":\"Projects\",\"item\":\"https:\/\/www.acs.si\/en\/projects\/\"},{\"@type\":\"ListItem\",\"position\":3,\"name\":\"ESF projects\",\"item\":\"https:\/\/www.acs.si\/en\/projects\/esf-projects\/\"},{\"@type\":\"ListItem\",\"position\":4,\"name\":\"Education and Training for Adult Education Professionals 2011\u20132014\"}]},{\"@type\":\"WebSite\",\"@id\":\"https:\/\/www.acs.si\/#website\",\"url\":\"https:\/\/www.acs.si\/\",\"name\":\"Andrago\u0161ki center Republike Slovenije\",\"description\":\"\",\"potentialAction\":[{\"@type\":\"SearchAction\",\"target\":{\"@type\":\"EntryPoint\",\"urlTemplate\":\"https:\/\/www.acs.si\/?s={search_term_string}\"},\"query-input\":{\"@type\":\"PropertyValueSpecification\",\"valueRequired\":true,\"valueName\":\"search_term_string\"}}],\"inLanguage\":\"en-US\"}]}<\/script>\n<!-- \/ Yoast SEO plugin. -->","yoast_head_json":{"title":"Education and Training for Adult Education Professionals 2011\u20132014 | Andrago\u0161ki center Republike Slovenije","robots":{"index":"index","follow":"follow","max-snippet":"max-snippet:-1","max-image-preview":"max-image-preview:large","max-video-preview":"max-video-preview:-1"},"canonical":"https:\/\/www.acs.si\/en\/projects\/esf-projects\/education-and-training-for-adult-education-professionals-2011-2014\/","og_locale":"en_US","og_type":"article","og_title":"Education and Training for Adult Education Professionals 2011\u20132014 | Andrago\u0161ki center Republike Slovenije","og_description":"&nbsp; Project...","og_url":"https:\/\/www.acs.si\/en\/projects\/esf-projects\/education-and-training-for-adult-education-professionals-2011-2014\/","og_site_name":"Andrago\u0161ki center Republike Slovenije","article_publisher":"https:\/\/www.facebook.com\/AndragoskiCenterSlovenije\/","article_modified_time":"2021-02-22T10:50:03+00:00","twitter_card":"summary_large_image","twitter_misc":{"Est. reading time":"5 minutes"},"schema":{"@context":"https:\/\/schema.org","@graph":[{"@type":"WebPage","@id":"https:\/\/www.acs.si\/en\/projects\/esf-projects\/education-and-training-for-adult-education-professionals-2011-2014\/","url":"https:\/\/www.acs.si\/en\/projects\/esf-projects\/education-and-training-for-adult-education-professionals-2011-2014\/","name":"Education and Training for Adult Education Professionals 2011\u20132014 | Andrago\u0161ki center Republike Slovenije","isPartOf":{"@id":"https:\/\/www.acs.si\/#website"},"datePublished":"2018-08-28T13:58:00+00:00","dateModified":"2021-02-22T10:50:03+00:00","breadcrumb":{"@id":"https:\/\/www.acs.si\/en\/projects\/esf-projects\/education-and-training-for-adult-education-professionals-2011-2014\/#breadcrumb"},"inLanguage":"en-US","potentialAction":[{"@type":"ReadAction","target":["https:\/\/www.acs.si\/en\/projects\/esf-projects\/education-and-training-for-adult-education-professionals-2011-2014\/"]}]},{"@type":"BreadcrumbList","@id":"https:\/\/www.acs.si\/en\/projects\/esf-projects\/education-and-training-for-adult-education-professionals-2011-2014\/#breadcrumb","itemListElement":[{"@type":"ListItem","position":1,"name":"Home","item":"https:\/\/www.acs.si\/en\/"},{"@type":"ListItem","position":2,"name":"Projects","item":"https:\/\/www.acs.si\/en\/projects\/"},{"@type":"ListItem","position":3,"name":"ESF projects","item":"https:\/\/www.acs.si\/en\/projects\/esf-projects\/"},{"@type":"ListItem","position":4,"name":"Education and Training for Adult Education Professionals 2011\u20132014"}]},{"@type":"WebSite","@id":"https:\/\/www.acs.si\/#website","url":"https:\/\/www.acs.si\/","name":"Andrago\u0161ki center Republike Slovenije","description":"","potentialAction":[{"@type":"SearchAction","target":{"@type":"EntryPoint","urlTemplate":"https:\/\/www.acs.si\/?s={search_term_string}"},"query-input":{"@type":"PropertyValueSpecification","valueRequired":true,"valueName":"search_term_string"}}],"inLanguage":"en-US"}]}},"_links":{"self":[{"href":"https:\/\/www.acs.si\/en\/wp-json\/wp\/v2\/pages\/27935","targetHints":{"allow":["GET"]}}],"collection":[{"href":"https:\/\/www.acs.si\/en\/wp-json\/wp\/v2\/pages"}],"about":[{"href":"https:\/\/www.acs.si\/en\/wp-json\/wp\/v2\/types\/page"}],"author":[{"embeddable":true,"href":"https:\/\/www.acs.si\/en\/wp-json\/wp\/v2\/users\/161"}],"replies":[{"embeddable":true,"href":"https:\/\/www.acs.si\/en\/wp-json\/wp\/v2\/comments?post=27935"}],"version-history":[{"count":6,"href":"https:\/\/www.acs.si\/en\/wp-json\/wp\/v2\/pages\/27935\/revisions"}],"predecessor-version":[{"id":39253,"href":"https:\/\/www.acs.si\/en\/wp-json\/wp\/v2\/pages\/27935\/revisions\/39253"}],"up":[{"embeddable":true,"href":"https:\/\/www.acs.si\/en\/wp-json\/wp\/v2\/pages\/28557"}],"wp:attachment":[{"href":"https:\/\/www.acs.si\/en\/wp-json\/wp\/v2\/media?parent=27935"}],"curies":[{"name":"wp","href":"https:\/\/api.w.org\/{rel}","templated":true}]}}