{"id":27932,"date":"2018-08-28T14:36:07","date_gmt":"2018-08-28T13:36:07","guid":{"rendered":"http:\/\/www.acs.si\/?page_id=27932"},"modified":"2021-02-22T11:49:24","modified_gmt":"2021-02-22T10:49:24","slug":"survey-of-adult-skills-piaac-2013-2015","status":"publish","type":"page","link":"https:\/\/www.acs.si\/en\/projects\/esf-projects\/survey-of-adult-skills-piaac-2013-2015\/","title":{"rendered":"Survey of Adult skills PIAAC 2013\u20132015"},"content":{"rendered":"<p>[et_pb_section fb_built=&#8221;1&#8243; _builder_version=&#8221;3.22&#8243; custom_padding=&#8221;0px|||&#8221;][et_pb_row make_equal=&#8221;on&#8221; module_class=&#8221;logo-img-cont &#8221; _builder_version=&#8221;3.25&#8243; custom_margin=&#8221;||20px|&#8221; custom_padding=&#8221;0px||0px|&#8221; border_width_all=&#8221;1px&#8221; border_color_all=&#8221;#cdd1d6&#8243; column_structure=&#8221;1_3,2_3&#8243;][et_pb_column type=&#8221;1_3&#8243; _builder_version=&#8221;3.25&#8243; custom_padding=&#8221;|||&#8221; custom_padding__hover=&#8221;|||&#8221;][et_pb_image src=&#8221;https:\/\/www.acs.si\/wp-content\/uploads\/2018\/03\/OI-PIACC_rumeni.jpg&#8221; align=&#8221;center&#8221; align_tablet=&#8221;center&#8221; align_last_edited=&#8221;on|desktop&#8221; module_class=&#8221;logo-img&#8221; _builder_version=&#8221;3.23&#8243; custom_padding=&#8221;10px|10px|10px|10px&#8221; border_color_right=&#8221;#cdd1d6&#8243; always_center_on_mobile=&#8221;on&#8221;][\/et_pb_image][\/et_pb_column][et_pb_column type=&#8221;2_3&#8243; _builder_version=&#8221;3.25&#8243; custom_padding=&#8221;|||&#8221; custom_padding__hover=&#8221;|||&#8221;][et_pb_text _builder_version=&#8221;3.27.4&#8243; custom_padding=&#8221;20px|20px|20px|20px&#8221; border_width_left=&#8221;1px&#8221; border_color_left=&#8221;#cdd1d6&#8243;]<\/p>\n<p>&nbsp;<\/p>\n<table class=\"projektTable\" style=\"height: 290px;\">\n<tbody>\n<tr style=\"height: 79px;\">\n<td style=\"height: 79px;\"><strong>Project<\/strong><\/td>\n<td style=\"height: 79px;\">Survey of Adult skills PIAAC 2013 \u2013 2015 (Measuring the effectiveness of the system of education and training for the development of competences of adult educators)<\/td>\n<\/tr>\n<tr style=\"height: 47px;\">\n<td style=\"height: 47px;\"><strong>Time period<\/strong><\/td>\n<td style=\"height: 47px;\">January 2013 \u2013 June 2015<\/td>\n<\/tr>\n<tr style=\"height: 47px;\">\n<td style=\"height: 47px;\"><b>Project value<\/b><\/td>\n<td style=\"height: 47px;\">1.339.000,00. EUR<\/td>\n<\/tr>\n<tr style=\"height: 23px;\">\n<td style=\"height: 23px;\"><strong>Financed by<\/strong><\/td>\n<td style=\"height: 23px;\">European Social Fund (85 %) in Ministry of Educatin, Science and Sport (15 %)<\/td>\n<\/tr>\n<tr style=\"height: 71px;\">\n<td style=\"height: 71px;\"><strong>Contact<\/strong><\/td>\n<td style=\"height: 71px;\">Estera Mo\u017eina, MSc<br \/>\nT: +386 1 584 2591<br \/>\nE:\u00a0<a href=\"mailto:ester.mozina@acs.si\">ester.mozina@acs.si<\/a><\/td>\n<\/tr>\n<tr style=\"height: 23px;\">\n<td style=\"height: 23px;\"><strong>Contract caretaker<\/strong><\/td>\n<td style=\"height: 23px;\">Borut \u010campelj, MSc, Ministry of Education, Science and Sport<\/td>\n<\/tr>\n<\/tbody>\n<\/table>\n<p>&nbsp;<\/p>\n<p>[\/et_pb_text][\/et_pb_column][\/et_pb_row][et_pb_row _builder_version=&#8221;3.25&#8243; background_size=&#8221;initial&#8221; background_position=&#8221;top_left&#8221; background_repeat=&#8221;repeat&#8221;][et_pb_column type=&#8221;4_4&#8243; _builder_version=&#8221;3.25&#8243; custom_padding=&#8221;|||&#8221; custom_padding__hover=&#8221;|||&#8221;][et_pb_text admin_label=&#8221;Namen&#8221; _builder_version=&#8221;3.27.4&#8243; text_font_size=&#8221;10px&#8221; header_5_text_color=&#8221;#ffffff&#8221; header_5_font_size=&#8221;17px&#8221; header_5_line_height=&#8221;27px&#8221; custom_margin=&#8221;||0px|&#8221; custom_padding=&#8221;||0px|&#8221;]<\/p>\n<p>&nbsp;<\/p>\n<h5 class=\"purple\">AIM<\/h5>\n<p>Slovenia decided to participate in the second circle of the PIAAC survey because we wanted to learn more about adult competences necessary for the modern job market and active participation in modern society.<\/p>\n<p>[\/et_pb_text][\/et_pb_column][\/et_pb_row][et_pb_row _builder_version=&#8221;3.25&#8243; background_size=&#8221;initial&#8221; background_position=&#8221;top_left&#8221; background_repeat=&#8221;repeat&#8221;][et_pb_column type=&#8221;4_4&#8243; _builder_version=&#8221;3.25&#8243; custom_padding=&#8221;|||&#8221; custom_padding__hover=&#8221;|||&#8221;][et_pb_text admin_label=&#8221;Cilji projekta&#8221; _builder_version=&#8221;3.27.4&#8243; text_font_size=&#8221;10px&#8221; header_5_text_color=&#8221;#ffffff&#8221; header_5_font_size=&#8221;17px&#8221; header_5_line_height=&#8221;27px&#8221; custom_margin=&#8221;||0px|&#8221; custom_padding=&#8221;||0px|&#8221;]<\/p>\n<p>&nbsp;<\/p>\n<h5 class=\"purple\">OBJECTIVES<\/h5>\n<ul>\n<li>To identify the distribution, development and decline of competences in the population (16\u201364) and international comparison of the results;<\/li>\n<li>To learn about the quality of knowledge and competences acquired within the educational system;<\/li>\n<\/ul>\n<p>[\/et_pb_text][et_pb_toggle title=&#8221;Read more&#8221; admin_label=&#8221;Preberi ve\u010d&#8221; _builder_version=&#8221;3.4.1&#8243;]<\/p>\n<p>&nbsp;<\/p>\n<ul>\n<li>To identify the influence of different competence levels on social and economic results of the individual, company and country;<\/li>\n<li>To identify the influence of workplace, family and lifestyle on use, development or decline of competences;<\/li>\n<li>To prepare groundwork for policy planning: from the perspective of inclusion into lifelong learning, from the perspective of workplace requirements, from the perspective of elimination of inconsistency between educational policy and job market policy, from the perspective of better cohesion of active employment policy and cohesion of regional development and rural development with educational policy;<\/li>\n<li>Identification of influences on international ranking of Slovenia based on development of competences in the population;<\/li>\n<li>Identification of changes in literacy achievements and socio-cultural changes of participation of adults in education.<\/li>\n<\/ul>\n<p>[\/et_pb_toggle][\/et_pb_column][\/et_pb_row][et_pb_row _builder_version=&#8221;3.25&#8243; background_size=&#8221;initial&#8221; background_position=&#8221;top_left&#8221; background_repeat=&#8221;repeat&#8221;][et_pb_column type=&#8221;4_4&#8243; _builder_version=&#8221;3.25&#8243; custom_padding=&#8221;|||&#8221; custom_padding__hover=&#8221;|||&#8221;][et_pb_text admin_label=&#8221;Opis&#8221; _builder_version=&#8221;3.27.4&#8243; text_font_size=&#8221;10px&#8221; header_5_text_color=&#8221;#ffffff&#8221; header_5_font_size=&#8221;17px&#8221; header_5_line_height=&#8221;27px&#8221; custom_margin=&#8221;||0px|&#8221; custom_padding=&#8221;||0px|&#8221;]<\/p>\n<p>&nbsp;<\/p>\n<h5 class=\"purple\">DESCRIPTION<\/h5>\n<p>As in other OECD countries, in Slovenia higher level of literacy and mathematical skills correlates with higher probability that the individual is actively working and has a higher salary as well as with statistically significant non-economic influences such as higher trust in others and society at large, better political effectiveness, increased readiness to volunteer and significantly better self-assessment of health. The survey confirmed large differences in skills related to age, education and social background. Good level of literacy and mathematical skills was statistically positively related with inclusion into the work force and salary level.<\/p>\n<p>[\/et_pb_text][et_pb_toggle title=&#8221;Preberi ve\u010d&#8221; admin_label=&#8221;Preberi ve\u010d&#8221; _builder_version=&#8221;3.0.88&#8243;]<\/p>\n<p>V raziskavi PIAAC se s primerljivimi nalogami neposredno meri razvitost spretnosti in kompetenc. Pri tem se \u017eeli izvedeti \u010dim ve\u010d o tem, katere dejavnosti, povezane z branjem, razumevanjem in pisanjem sporo\u010dil, uporabo ra\u010dunalnika in drugih sodobnih pripomo\u010dkov, odrasli opravljajo v vsakdanjem \u017eivljenju in kako uspe\u0161ni so pri tem. Raziskava naj bi torej pokazala, \u00bbna kak\u0161ni ravni spretnosti in kompetenc ter znanja smo\u00ab in \u00bbkoliko teh sposobnosti izkoristijo delodajalci\u00ab ali \u00bbkako bi lahko te sposobnosti in zmo\u017enosti prebivalstva \u0161e razvijali\u00ab pa tudi, \u00bbkak\u0161en je uspeh izobra\u017eevalnega sistema\u00ab v primerjavi s potrebami trga dela.<\/p>\n<p>Raziskava PIAAC v Sloveniji je bila le en del projekta, drugi del v Sloveniji pa obsega \u0161tudije in analiti\u010dno aplikativne rezultate, na primer priporo\u010dila za na\u010drtovalce politik, nove modele. Za Slovenijo je torej projekt nacionalnega pomena, rezultati raziskave PIAAC pa pomembni za na\u010drtovanje prihodnjih politik na razli\u010dnih podro\u010djih.<\/p>\n<p>Projekt je razdeljen na tri aktivnosti, ki sta nadalje razdeljeni v posamezne naloge, predstavljajo pa vsebinsko zaokro\u017eene celote za doseganje ciljev projekta:<\/p>\n<ul>\n<li>razvoj kazalnikov za merjenje kompetenc odraslih,<\/li>\n<li>priprava in izpeljava poskusnega in glavnega merjenja kompetenc odraslih,<\/li>\n<li>analiza stanja na podro\u010dju kompetenc odraslih in mednarodna primerjava.<\/li>\n<\/ul>\n<p>[\/et_pb_toggle][\/et_pb_column][\/et_pb_row][et_pb_row _builder_version=&#8221;3.25&#8243; background_size=&#8221;initial&#8221; background_position=&#8221;top_left&#8221; background_repeat=&#8221;repeat&#8221;][et_pb_column type=&#8221;4_4&#8243; _builder_version=&#8221;3.25&#8243; custom_padding=&#8221;|||&#8221; custom_padding__hover=&#8221;|||&#8221;][et_pb_text admin_label=&#8221;Klju\u010dni dose\u017eki&#8221; _builder_version=&#8221;3.27.4&#8243; text_font_size=&#8221;10px&#8221; header_5_text_color=&#8221;#ffffff&#8221; header_5_font_size=&#8221;17px&#8221; header_5_line_height=&#8221;27px&#8221; custom_margin=&#8221;||0px|&#8221; custom_padding=&#8221;||0px|&#8221;]<\/p>\n<p>&nbsp;<\/p>\n<h5 class=\"purple\">KEY ACHIEVEMENTS<\/h5>\n<p>The project results are published <a href=\"https:\/\/pismenost.acs.si\/en\/projects\/piaac-2013-2015\/resources\/\">here<\/a>.<\/p>\n<p><a href=\"http:\/\/piaac.acs.si\/en\/\">Here<\/a> you can learn more about the PIAAC &#8211; Survey of adult skills in Slovenia.<\/p>\n<p>[\/et_pb_text][\/et_pb_column][\/et_pb_row][\/et_pb_section]<\/p>\n","protected":false},"excerpt":{"rendered":"<p>&nbsp; Project&#8230;<\/p>\n","protected":false},"author":161,"featured_media":0,"parent":28557,"menu_order":0,"comment_status":"closed","ping_status":"closed","template":"page_projekt.php","meta":{"_acf_changed":false,"_et_pb_use_builder":"on","_et_pb_old_content":"<h1>Raziskava spretnosti odraslih PIAAC<br>(2013 - 2015)<\/h1>\r\n<table class=\"projektTable\">\r\n\t<tbody>\r\n\t\t<tr>\r\n\t\t\t<td>Naziv projekta<\/td>\r\n\t\t\t<td>Merjenje u\u010dinkovitosti sistema izobra\u017eevanja in usposabljanja za izbolj\u0161anje usposobljenosti izobra\u017eevalcev odraslih (Raziskava spretnosti odraslih PIAAC)<\/td>\r\n\t\t<\/tr>\r\n\t\t<tr>\r\n\t\t\t<td>\u010casovni okvir<\/td>\r\n\t\t\t<td>januar, 2013 \u2013 junij, 2015<\/td>\r\n\t\t<\/tr>\r\n\t\t<tr>\r\n\t\t\t<td>Vrednost projekta<\/td>\r\n\t\t\t<td>1.339.000,00. EUR<\/td>\r\n\t\t<\/tr>\r\n\t\t<tr>\r\n\t\t\t<td>Financer<\/td>\r\n\t\t\t<td>Evropski socialni sklad (85 %) in Ministrstvo za izobra\u017eevanje, znanost in \u0161port (15 %)<\/td>\r\n\t\t<\/tr>\r\n\t\t<tr>\r\n\t<tr>\r\n\t\t\t<td>Skrbnik pogodbe na MIZ\u0160<\/td>\r\n\t\t\t<td>Mag. Borut \u010campelj<\/td>\r\n\t\t<\/tr>\r\n<tr>\r\n\t\t\t<td>Kontaktna oseba<\/td>\r\n\t\t\t<td>Mag. Estera Mo\u017eina (T: 01 584 2591, E: <a href=\"mailto:ester.mozina@acs.si\">ester.mozina@acs.si<\/a>)<\/td>\r\n\t\t<\/tr>\r\n\t\r\n<\/tbody>\r\n<\/table>\t\t\r\n\r\n[accordion]\r\n[accordion-item title=\"Namen\"]<p>Raziskava spretnosti odraslih PIAAC je zami\u0161ljena kot ponavljajo\u010da se raziskava (5-10 let) in naj bi omogo\u010dila primerjavo spretnosti in kompetenc med dr\u017eavami ter merila njihovo spreminjanje v posameznih \u010dasovnih obdobjih. Vanjo se lahko vklju\u010dijo dr\u017eave iz vsega sveta (do sedaj jih je sodelovalo 33). Udele\u017eba dr\u017eav poteka v ve\u010d krogih. <\/p><p>Slovenija se je vklju\u010dila v drugi krog, ker smo \u017eeleli vedeti ve\u010d o kompetencah odraslih, ki so potrebne za dana\u0161nji trg dela.  Podatki so nujni za nadaljnji razvoj izobra\u017eevanja in na\u010drtovanje politik tudi na drugih podro\u010djih. <\/p>\r\n[\/accordion-item]\r\n[\/accordion]\r\n\r\n[accordion]\r\n[accordion-item title=\"Cilji\"]<p>Temeljni cilji projekta so bili:<\/p>\r\n\t\t\t\t<ul>\r\n\t\t\t\t\t<li>ugotavljanje distribucije, razvoja in upadanja kompetenc v populaciji (16-64) in mednarodne primerjave teh rezultatov,<\/li>\r\n\t\t\t\t\t<li>kakovost znanj in kompetenc pridobljenih v izobra\u017eevalnem sistemu,<\/li>\r\n\t\t\t\t\t<li>ugotavljanje vplivov razli\u010dnih ravni kompetenc na socialne in ekonomske rezultate na ravni posameznika, podjetja in dr\u017eave,<\/li>\r\n\t\t\t\t\t<li>ugotavljanje vplivov delovnega mesta, dru\u017eine in stila \u017eivljenja na uporabo, razvoj ali upadanje kompetenc,<\/li>\r\n\t\t\t\t\t<li>oblikovanje podlag za na\u010drtovanje politik: z vidika vklju\u010devanja v vse\u017eivljenjsko u\u010denje, z vidika zahtev delovnih mest, z vidika odpravljanja neusklajenosti izobra\u017eevalne politike in politike trga dela, z vidika ve\u010dje usklajenosti aktivne politike zaposlovanja, skladnosti regionalnega razvoja, razvoja pode\u017eelja z izobra\u017eevalno politiko,<\/li>\r\n\t\t\t\t\t<li>ugotavljanje vplivov na uvrstitev Slovenije glede razvitosti kompetenc populacije v mednarodnem prostoru,<\/li>\r\n\t\t\t\t\t<li>ugotavljanje sprememb v dose\u017ekih pismenosti in socialno kulturnih sprememb v participaciji odraslih v izobra\u017eevanju.<\/li>\r\n\t\t\t\t<\/ul> <\/p>\r\n[\/accordion-item]\r\n[\/accordion]\r\n\t\t\t\r\n[accordion]\r\n[accordion-item title=\"Opis\"]<p>Raziskava PIAAC je najve\u010dja mednarodna raziskava o stanju in uporabi spretnosti odraslih med 16. in 65. letom v zgodovini, v celoti pa je do sedaj v dveh krogih v njej sodelovalo ve\u010d kot 200.000 odraslih iz 33 dr\u017eav sveta, ve\u010dinoma \u010dlanic OECD. Potekala je pod vodstvom mednarodnega konzorcija PIAAC, v katerem je sodelovalo 8 razli\u010dnih mednarodnih organizacij, koordinirala pa ga je slu\u017eba za testiranje v izobra\u017eevanju iz Princetona v ZDA. <\/p>\r\n\t\t\t\t<p>V raziskavi PIAAC se s primerljivimi nalogami neposredno meri razvitost spretnosti in kompetenc. Pri tem se \u017eeli izvedeti \u010dim ve\u010d o tem, katere dejavnosti, povezane z branjem, razumevanjem in pisanjem sporo\u010dil, uporabo ra\u010dunalnika in drugih sodobnih pripomo\u010dkov, odrasli opravljajo v vsakdanjem \u017eivljenju in kako uspe\u0161ni so pri tem. Raziskava naj bi torej pokazala, \u00bbna kak\u0161ni ravni spretnosti in kompetenc ter znanja smo\u00ab in \u00bbkoliko teh sposobnosti izkoristijo delodajalci\u00ab ali \u00bbkako bi lahko te sposobnosti in zmo\u017enosti prebivalstva \u0161e razvijali\u00ab pa tudi, \u00bbkak\u0161en je uspeh izobra\u017eevalnega sistema\u00ab v primerjavi s potrebami trga dela.<\/p>\r\n\t\t\t\t<p>Raziskava PIAAC v Sloveniji je bila le en del projekta, drugi del v Sloveniji pa obsega \u0161tudije in analiti\u010dno aplikativne rezultate, na primer priporo\u010dila za na\u010drtovalce politik, nove modele. Za Slovenijo je torej projekt nacionalnega pomena, rezultati raziskave PIAAC pa pomembni za na\u010drtovanje prihodnjih politik na razli\u010dnih podro\u010djih.<\/p>\r\n\t\t\t\t<p>Projekt je razdeljen na tri aktivnosti, ki sta nadalje razdeljeni v posamezne naloge, predstavljajo pa vsebinsko zaokro\u017eene celote za doseganje ciljev projekta:<\/p>\r\n\t\t\t\t<ul>\r\n\t\t\t\t\t<li>razvoj kazalnikov za merjenje kompetenc odraslih,<\/li>\r\n\t\t\t\t\t<li>priprava in izpeljava poskusnega in glavnega merjenja kompetenc odraslih,<\/li>\r\n\t\t\t\t\t<li>analiza stanja na podro\u010dju kompetenc odraslih in mednarodna primerjava.<\/li>\r\n\t\t\t\t<\/ul>\r\n[\/accordion-item]\r\n[\/accordion]\t\r\n\t\t\t\r\n[accordion]\r\n[accordion-item title=\"Klju\u010dni dose\u017eki\"]<p>Rezultati projekta so objavljeni <a href=\"https:\/\/pismenost.acs.si\/projekti\/piaac\/gradiva\/\" target=\"_blank\">tukaj<\/a>. Ve\u010d o PIAAC \u2013 Raziskavi spretnosti odraslih v Sloveniji pa lahko najdete tudi <a href=\"http:\/\/piaac.acs.si\/\" target=\"_blank\">tukaj<\/a>.<\/p>\r\n[\/accordion-item]\r\n[\/accordion]","_et_gb_content_width":"","inline_featured_image":false,"footnotes":""},"class_list":["post-27932","page","type-page","status-publish","hentry"],"acf":[],"yoast_head":"<!-- This site is optimized with the Yoast SEO plugin v26.2 - https:\/\/yoast.com\/wordpress\/plugins\/seo\/ -->\n<title>Survey of Adult skills PIAAC 2013\u20132015 | Andrago\u0161ki center Republike Slovenije<\/title>\n<meta name=\"robots\" content=\"index, follow, max-snippet:-1, max-image-preview:large, max-video-preview:-1\" \/>\n<link rel=\"canonical\" href=\"https:\/\/www.acs.si\/en\/projects\/esf-projects\/survey-of-adult-skills-piaac-2013-2015\/\" \/>\n<meta property=\"og:locale\" content=\"en_US\" \/>\n<meta property=\"og:type\" content=\"article\" \/>\n<meta property=\"og:title\" content=\"Survey of Adult skills PIAAC 2013\u20132015 | Andrago\u0161ki center Republike Slovenije\" \/>\n<meta property=\"og:description\" content=\"&nbsp; Project...\" \/>\n<meta property=\"og:url\" content=\"https:\/\/www.acs.si\/en\/projects\/esf-projects\/survey-of-adult-skills-piaac-2013-2015\/\" \/>\n<meta property=\"og:site_name\" content=\"Andrago\u0161ki center Republike Slovenije\" \/>\n<meta property=\"article:publisher\" content=\"https:\/\/www.facebook.com\/AndragoskiCenterSlovenije\/\" \/>\n<meta property=\"article:modified_time\" content=\"2021-02-22T10:49:24+00:00\" \/>\n<meta name=\"twitter:card\" content=\"summary_large_image\" \/>\n<meta name=\"twitter:label1\" content=\"Est. reading time\" \/>\n\t<meta name=\"twitter:data1\" content=\"5 minutes\" \/>\n<script type=\"application\/ld+json\" class=\"yoast-schema-graph\">{\"@context\":\"https:\/\/schema.org\",\"@graph\":[{\"@type\":\"WebPage\",\"@id\":\"https:\/\/www.acs.si\/en\/projects\/esf-projects\/survey-of-adult-skills-piaac-2013-2015\/\",\"url\":\"https:\/\/www.acs.si\/en\/projects\/esf-projects\/survey-of-adult-skills-piaac-2013-2015\/\",\"name\":\"Survey of Adult skills PIAAC 2013\u20132015 | Andrago\u0161ki center Republike Slovenije\",\"isPartOf\":{\"@id\":\"https:\/\/www.acs.si\/#website\"},\"datePublished\":\"2018-08-28T13:36:07+00:00\",\"dateModified\":\"2021-02-22T10:49:24+00:00\",\"breadcrumb\":{\"@id\":\"https:\/\/www.acs.si\/en\/projects\/esf-projects\/survey-of-adult-skills-piaac-2013-2015\/#breadcrumb\"},\"inLanguage\":\"en-US\",\"potentialAction\":[{\"@type\":\"ReadAction\",\"target\":[\"https:\/\/www.acs.si\/en\/projects\/esf-projects\/survey-of-adult-skills-piaac-2013-2015\/\"]}]},{\"@type\":\"BreadcrumbList\",\"@id\":\"https:\/\/www.acs.si\/en\/projects\/esf-projects\/survey-of-adult-skills-piaac-2013-2015\/#breadcrumb\",\"itemListElement\":[{\"@type\":\"ListItem\",\"position\":1,\"name\":\"Home\",\"item\":\"https:\/\/www.acs.si\/en\/\"},{\"@type\":\"ListItem\",\"position\":2,\"name\":\"Projects\",\"item\":\"https:\/\/www.acs.si\/en\/projects\/\"},{\"@type\":\"ListItem\",\"position\":3,\"name\":\"ESF projects\",\"item\":\"https:\/\/www.acs.si\/en\/projects\/esf-projects\/\"},{\"@type\":\"ListItem\",\"position\":4,\"name\":\"Survey of Adult skills PIAAC 2013\u20132015\"}]},{\"@type\":\"WebSite\",\"@id\":\"https:\/\/www.acs.si\/#website\",\"url\":\"https:\/\/www.acs.si\/\",\"name\":\"Andrago\u0161ki center Republike Slovenije\",\"description\":\"\",\"potentialAction\":[{\"@type\":\"SearchAction\",\"target\":{\"@type\":\"EntryPoint\",\"urlTemplate\":\"https:\/\/www.acs.si\/?s={search_term_string}\"},\"query-input\":{\"@type\":\"PropertyValueSpecification\",\"valueRequired\":true,\"valueName\":\"search_term_string\"}}],\"inLanguage\":\"en-US\"}]}<\/script>\n<!-- \/ Yoast SEO plugin. -->","yoast_head_json":{"title":"Survey of Adult skills PIAAC 2013\u20132015 | Andrago\u0161ki center Republike Slovenije","robots":{"index":"index","follow":"follow","max-snippet":"max-snippet:-1","max-image-preview":"max-image-preview:large","max-video-preview":"max-video-preview:-1"},"canonical":"https:\/\/www.acs.si\/en\/projects\/esf-projects\/survey-of-adult-skills-piaac-2013-2015\/","og_locale":"en_US","og_type":"article","og_title":"Survey of Adult skills PIAAC 2013\u20132015 | Andrago\u0161ki center Republike Slovenije","og_description":"&nbsp; Project...","og_url":"https:\/\/www.acs.si\/en\/projects\/esf-projects\/survey-of-adult-skills-piaac-2013-2015\/","og_site_name":"Andrago\u0161ki center Republike Slovenije","article_publisher":"https:\/\/www.facebook.com\/AndragoskiCenterSlovenije\/","article_modified_time":"2021-02-22T10:49:24+00:00","twitter_card":"summary_large_image","twitter_misc":{"Est. reading time":"5 minutes"},"schema":{"@context":"https:\/\/schema.org","@graph":[{"@type":"WebPage","@id":"https:\/\/www.acs.si\/en\/projects\/esf-projects\/survey-of-adult-skills-piaac-2013-2015\/","url":"https:\/\/www.acs.si\/en\/projects\/esf-projects\/survey-of-adult-skills-piaac-2013-2015\/","name":"Survey of Adult skills PIAAC 2013\u20132015 | Andrago\u0161ki center Republike Slovenije","isPartOf":{"@id":"https:\/\/www.acs.si\/#website"},"datePublished":"2018-08-28T13:36:07+00:00","dateModified":"2021-02-22T10:49:24+00:00","breadcrumb":{"@id":"https:\/\/www.acs.si\/en\/projects\/esf-projects\/survey-of-adult-skills-piaac-2013-2015\/#breadcrumb"},"inLanguage":"en-US","potentialAction":[{"@type":"ReadAction","target":["https:\/\/www.acs.si\/en\/projects\/esf-projects\/survey-of-adult-skills-piaac-2013-2015\/"]}]},{"@type":"BreadcrumbList","@id":"https:\/\/www.acs.si\/en\/projects\/esf-projects\/survey-of-adult-skills-piaac-2013-2015\/#breadcrumb","itemListElement":[{"@type":"ListItem","position":1,"name":"Home","item":"https:\/\/www.acs.si\/en\/"},{"@type":"ListItem","position":2,"name":"Projects","item":"https:\/\/www.acs.si\/en\/projects\/"},{"@type":"ListItem","position":3,"name":"ESF projects","item":"https:\/\/www.acs.si\/en\/projects\/esf-projects\/"},{"@type":"ListItem","position":4,"name":"Survey of Adult skills PIAAC 2013\u20132015"}]},{"@type":"WebSite","@id":"https:\/\/www.acs.si\/#website","url":"https:\/\/www.acs.si\/","name":"Andrago\u0161ki center Republike Slovenije","description":"","potentialAction":[{"@type":"SearchAction","target":{"@type":"EntryPoint","urlTemplate":"https:\/\/www.acs.si\/?s={search_term_string}"},"query-input":{"@type":"PropertyValueSpecification","valueRequired":true,"valueName":"search_term_string"}}],"inLanguage":"en-US"}]}},"_links":{"self":[{"href":"https:\/\/www.acs.si\/en\/wp-json\/wp\/v2\/pages\/27932","targetHints":{"allow":["GET"]}}],"collection":[{"href":"https:\/\/www.acs.si\/en\/wp-json\/wp\/v2\/pages"}],"about":[{"href":"https:\/\/www.acs.si\/en\/wp-json\/wp\/v2\/types\/page"}],"author":[{"embeddable":true,"href":"https:\/\/www.acs.si\/en\/wp-json\/wp\/v2\/users\/161"}],"replies":[{"embeddable":true,"href":"https:\/\/www.acs.si\/en\/wp-json\/wp\/v2\/comments?post=27932"}],"version-history":[{"count":4,"href":"https:\/\/www.acs.si\/en\/wp-json\/wp\/v2\/pages\/27932\/revisions"}],"predecessor-version":[{"id":39251,"href":"https:\/\/www.acs.si\/en\/wp-json\/wp\/v2\/pages\/27932\/revisions\/39251"}],"up":[{"embeddable":true,"href":"https:\/\/www.acs.si\/en\/wp-json\/wp\/v2\/pages\/28557"}],"wp:attachment":[{"href":"https:\/\/www.acs.si\/en\/wp-json\/wp\/v2\/media?parent=27932"}],"curies":[{"name":"wp","href":"https:\/\/api.w.org\/{rel}","templated":true}]}}