{"id":27929,"date":"2018-08-28T14:24:09","date_gmt":"2018-08-28T13:24:09","guid":{"rendered":"http:\/\/www.acs.si\/?page_id=27929"},"modified":"2023-05-08T14:00:42","modified_gmt":"2023-05-08T12:00:42","slug":"competences-of-adult-education-professionals-2016-2018","status":"publish","type":"page","link":"https:\/\/www.acs.si\/en\/projects\/esf-projects\/competences-of-adult-education-professionals-2016-2018\/","title":{"rendered":"Competences of Adult Education Professionals 2016\u20132018"},"content":{"rendered":"<p>[et_pb_section fb_built=&#8221;1&#8243; _builder_version=&#8221;4.16&#8243; custom_padding=&#8221;0px|||&#8221; global_colors_info=&#8221;{}&#8221;][et_pb_row module_class=&#8221;logo_table_row&#8221; _builder_version=&#8221;4.16&#8243; custom_padding=&#8221;20px|20px|20px|20px&#8221; border_width_all=&#8221;1px&#8221; border_color_all=&#8221;#cdd1d6&#8243; global_colors_info=&#8221;{}&#8221;][et_pb_column type=&#8221;4_4&#8243; _builder_version=&#8221;4.16&#8243; custom_padding=&#8221;|||&#8221; global_colors_info=&#8221;{}&#8221; custom_padding__hover=&#8221;|||&#8221;][et_pb_text _builder_version=&#8221;4.16&#8243; text_font_size=&#8221;10px&#8221; header_5_text_color=&#8221;#ffffff&#8221; header_5_font_size=&#8221;17px&#8221; header_5_line_height=&#8221;27px&#8221; custom_margin=&#8221;||0px|&#8221; custom_padding=&#8221;||0px|&#8221; global_colors_info=&#8221;{}&#8221;]<\/p>\n<p>&nbsp;<\/p>\n<table class=\"projektTable\">\n<tbody>\n<tr>\n<td><strong>Project<\/strong><\/td>\n<td>Competences of adult education professionals 2016\u20132018<\/td>\n<\/tr>\n<tr>\n<td><b>Time period<\/b><\/td>\n<td>July 2016 \u2013 September 2018<\/td>\n<\/tr>\n<tr>\n<td><b>Project value<\/b><\/td>\n<td>\u00a03.400.000 EUR (European Social Fund: 2.720.000 EUR, Ministry of Education, Science and Sport: 680.000 EUR)<\/td>\n<\/tr>\n<tr>\n<td><strong>Financed by<\/strong><\/td>\n<td>European Social Fund<br \/>\nMinistry of Education, Science and Sport<\/td>\n<\/tr>\n<tr>\n<td><b>Contact<\/b><\/td>\n<td>Dr Tanja Mo\u017eina<br \/>\nT: +386 1 5842 577<br \/>\nE: <a href=\"mailto:tanja.mozina@acs.si\">tanja.mozina@acs.si<\/a><\/td>\n<\/tr>\n<tr>\n<td><b>Contract caretaker<\/b><\/td>\n<td>Vlasta \u0160emrov,\u00a0Ministry of Education, Science and Sport<\/td>\n<\/tr>\n<\/tbody>\n<\/table>\n<p>&nbsp;<\/p>\n<p>[\/et_pb_text][\/et_pb_column][\/et_pb_row][et_pb_row column_structure=&#8221;1_2,1_2&#8243; _builder_version=&#8221;4.17.2&#8243; _module_preset=&#8221;default&#8221; global_colors_info=&#8221;{}&#8221;][et_pb_column type=&#8221;1_2&#8243; _builder_version=&#8221;4.17.2&#8243; _module_preset=&#8221;default&#8221; global_colors_info=&#8221;{}&#8221;][et_pb_image src=&#8221;https:\/\/www.acs.si\/wp-content\/uploads\/2019\/06\/MIZ\u0160-1000&#215;242.png&#8221; title_text=&#8221;MIZ\u0160-1000&#215;242&#8243; _builder_version=&#8221;4.17.2&#8243; _module_preset=&#8221;default&#8221; global_colors_info=&#8221;{}&#8221; admin_label=&#8221;Logo MIZ\u0160&#8221;][\/et_pb_image][\/et_pb_column][et_pb_column type=&#8221;1_2&#8243; _builder_version=&#8221;4.17.2&#8243; _module_preset=&#8221;default&#8221; global_colors_info=&#8221;{}&#8221;][et_pb_image src=&#8221;https:\/\/www.acs.si\/wp-content\/uploads\/2019\/06\/ESS-1000&#215;242.png&#8221; title_text=&#8221;ESS-1000&#215;242&#8243; _builder_version=&#8221;4.17.2&#8243; _module_preset=&#8221;default&#8221; global_colors_info=&#8221;{}&#8221; admin_label=&#8221;Logo ESS&#8221;][\/et_pb_image][\/et_pb_column][\/et_pb_row][et_pb_row _builder_version=&#8221;4.16&#8243; background_size=&#8221;initial&#8221; background_position=&#8221;top_left&#8221; background_repeat=&#8221;repeat&#8221; global_colors_info=&#8221;{}&#8221;][et_pb_column type=&#8221;4_4&#8243; _builder_version=&#8221;4.16&#8243; custom_padding=&#8221;|||&#8221; global_colors_info=&#8221;{}&#8221; custom_padding__hover=&#8221;|||&#8221;][et_pb_text admin_label=&#8221;Namen&#8221; _builder_version=&#8221;4.16&#8243; text_font_size=&#8221;10px&#8221; header_5_text_color=&#8221;#ffffff&#8221; header_5_font_size=&#8221;17px&#8221; header_5_line_height=&#8221;27px&#8221; custom_margin=&#8221;||0px|&#8221; custom_padding=&#8221;||0px|&#8221; global_colors_info=&#8221;{}&#8221;]<\/p>\n<p>&nbsp;<\/p>\n<h5 class=\"purple\">AIM<\/h5>\n<p>The project is aimed at improvement of competences of professional associates and managers in the fields of:<\/p>\n<ul>\n<li>Entrepreneurship,<\/li>\n<li>Lifelong learning,<\/li>\n<li>Lifelong career orientation,<\/li>\n<\/ul>\n<p>[\/et_pb_text][et_pb_toggle title=&#8221;Read more&#8221; admin_label=&#8221;Preberi ve\u010d&#8221; _builder_version=&#8221;4.16&#8243; global_colors_info=&#8221;{}&#8221;]<\/p>\n<p>&nbsp;<\/p>\n<ul>\n<li>Language competences,<\/li>\n<li>Mobility,<\/li>\n<li>Learning problems and learning to learn,<\/li>\n<li>Innovative approaches to teaching,<\/li>\n<li>Managing of public institutions using ICTs,<\/li>\n<li>Quality based on data from national assessments (NPZ) and Matura exams as a support for processes of self-evaluation and improvement of learning and teaching.<\/li>\n<\/ul>\n<p>[\/et_pb_toggle][\/et_pb_column][\/et_pb_row][et_pb_row _builder_version=&#8221;4.16&#8243; background_size=&#8221;initial&#8221; background_position=&#8221;top_left&#8221; background_repeat=&#8221;repeat&#8221; global_colors_info=&#8221;{}&#8221;][et_pb_column type=&#8221;4_4&#8243; _builder_version=&#8221;4.16&#8243; custom_padding=&#8221;|||&#8221; global_colors_info=&#8221;{}&#8221; custom_padding__hover=&#8221;|||&#8221;][et_pb_text admin_label=&#8221;Cilji projekta&#8221; _builder_version=&#8221;4.16&#8243; text_font_size=&#8221;10px&#8221; header_5_text_color=&#8221;#ffffff&#8221; header_5_font_size=&#8221;17px&#8221; header_5_line_height=&#8221;27px&#8221; custom_margin=&#8221;||0px|&#8221; custom_padding=&#8221;||0px|&#8221; global_colors_info=&#8221;{}&#8221;]<\/p>\n<p>&nbsp;<\/p>\n<h5 class=\"purple\">OBJECTIVES<\/h5>\n<ul>\n<li>To contribute to improvement of competences of professional associates in education or training that will support the development of innovative learning environments, implementation of new methods and pedagogical and andragogical practices based also on new technologies; and<\/li>\n<li>To continue with activities in the field of education of professional associates that began in the scope of projects Education and training of professionals in adult education 2009\u20132011 and Education and training of professionals in adult education 2011\u20132014.<\/li>\n<\/ul>\n<p>[\/et_pb_text][\/et_pb_column][\/et_pb_row][et_pb_row _builder_version=&#8221;4.16&#8243; background_size=&#8221;initial&#8221; background_position=&#8221;top_left&#8221; background_repeat=&#8221;repeat&#8221; global_colors_info=&#8221;{}&#8221;][et_pb_column type=&#8221;4_4&#8243; _builder_version=&#8221;4.16&#8243; custom_padding=&#8221;|||&#8221; global_colors_info=&#8221;{}&#8221; custom_padding__hover=&#8221;|||&#8221;][et_pb_text admin_label=&#8221;Opis&#8221; _builder_version=&#8221;4.16&#8243; text_font_size=&#8221;10px&#8221; header_5_text_color=&#8221;#ffffff&#8221; header_5_font_size=&#8221;17px&#8221; header_5_line_height=&#8221;27px&#8221; custom_margin=&#8221;||0px|&#8221; custom_padding=&#8221;||0px|&#8221; global_colors_info=&#8221;{}&#8221;]<\/p>\n<p>&nbsp;<\/p>\n<h5 class=\"purple\">DESCRIPTION<\/h5>\n<p>The project holder is the National Educational Institute Slovenia, and the SIAE is a consortium project partner. Other partners in the project are National School of Leadership in Education, National Examinations Centre (RIC Ljubljana), Centre of the RS for Mobility and European Educational and Training Programmes (CMEPIUS), Institute of the Republic of Slovenia for Vocational Education and Training (CPI) and Centre for school and Outdoor Education (C\u0160OD).<\/p>\n<p>[\/et_pb_text][et_pb_toggle title=&#8221;Read more&#8221; admin_label=&#8221;Preberi ve\u010d&#8221; _builder_version=&#8221;4.16&#8243; global_colors_info=&#8221;{}&#8221;]<\/p>\n<p>&nbsp;<\/p>\n<p>The project is implemented as part of the Operative programmes for implementation of the European Cohesion Policy 2014\u20132020. The project target group is professionals in the fields of pre-school education, elementary school education, elementary musical education, vocational and professional education, general secondary education, education of children and youth with special needs, education in student dormitories and adult education.<\/p>\n<p>The trainings are intended for:<\/p>\n<ul>\n<li>Collectives or educational organisations,<\/li>\n<li>Professionals in individual fields and subjects,<\/li>\n<li>Managers.<\/li>\n<\/ul>\n<p>[\/et_pb_toggle][\/et_pb_column][\/et_pb_row][et_pb_row _builder_version=&#8221;4.16&#8243; background_size=&#8221;initial&#8221; background_position=&#8221;top_left&#8221; background_repeat=&#8221;repeat&#8221; global_colors_info=&#8221;{}&#8221;][et_pb_column type=&#8221;4_4&#8243; _builder_version=&#8221;4.16&#8243; custom_padding=&#8221;|||&#8221; global_colors_info=&#8221;{}&#8221; custom_padding__hover=&#8221;|||&#8221;][et_pb_text admin_label=&#8221;Klju\u010dni dose\u017eki&#8221; _builder_version=&#8221;4.16&#8243; text_font_size=&#8221;10px&#8221; header_5_text_color=&#8221;#ffffff&#8221; header_5_font_size=&#8221;17px&#8221; header_5_line_height=&#8221;27px&#8221; custom_margin=&#8221;||0px|&#8221; custom_padding=&#8221;||0px|&#8221; global_colors_info=&#8221;{}&#8221;]<\/p>\n<p>&nbsp;<\/p>\n<h5 class=\"purple\">KEY ACHIEVEMENTS<\/h5>\n<p>The following key achievements were reached in the scope of the entire project:<\/p>\n<ul>\n<li>We implemented 25 adult education training programmes and seminars (7 in 2016 and 18 in 2017).<\/li>\n<li>The number of programme participants reached 493 (150 participants in 2016 and 343 participants in 2017).<\/li>\n<\/ul>\n<p>[\/et_pb_text][\/et_pb_column][\/et_pb_row][et_pb_row _builder_version=&#8221;4.16&#8243; background_size=&#8221;initial&#8221; background_position=&#8221;top_left&#8221; background_repeat=&#8221;repeat&#8221; global_colors_info=&#8221;{}&#8221;][\/et_pb_row][\/et_pb_section]<\/p>\n","protected":false},"excerpt":{"rendered":"<p>&nbsp; Project&#8230;<\/p>\n","protected":false},"author":161,"featured_media":0,"parent":28557,"menu_order":0,"comment_status":"closed","ping_status":"closed","template":"page_projekt.php","meta":{"_acf_changed":false,"_et_pb_use_builder":"on","_et_pb_old_content":"<table class=\"projektTableNew\">\r\n<tbody>\r\n<tr>\r\n\t\t\t<td>Naziv projekta:<\/td>\r\n\t\t\t<td>Krepitev kompetenc strokovnih delavcev na podro\u010dju vodenja inovativnega vzgojno-izobra\u017eevalnega zavoda v obdobju od 2016 do 2018 (kraj\u0161e Kompetence strokovnih delavcev (2016 \u2013 2018) <\/td>\r\n\t\t<\/tr>\r\n\t\t<tr>\r\n\t\t\t<td>\u010casovni okvir<\/td>\r\n\t\t\t<td>julij 2016 \u2013 september 2018<\/td>\r\n\t\t<\/tr>\r\n\t\t<tr>\r\n\t\t\t<td>Vrednost projekta\/vrednost projekta konzorcijskega partnerja<\/td>\r\n\t\t\t<td>Skupna vrednost projekta je 3.400.000 EUR, od tega je prispeval Evropski socialni sklad 2.720.000 EUR, MIZ\u0160 pa 680.000 EUR.\r\n<\/td>\r\n\t\t<\/tr>\r\n<tr>\r\n\t\t\t<td>Financer:<\/td>\r\n\t\t\t<td>Evropska unija iz Evropskega socialnega sklada;\r\nMinistrstvo za izobra\u017eevanje, znanost in \u0161port\r\n<\/td>\r\n\t\t<\/tr>\r\n\r\n\t\t\t<tr>\r\n\t<td>Kontaktna oseba<\/td>\r\n\t<td> Dr. Tanja Mo\u017eina (T: 01 5842 577, E: <a href=\"mailto:tanja.mozina@acs.si\">tanja.mozina@acs.si<\/a>)\r\n<\/td>\r\n\t<tr>\r\n\t<td>Skrbnik pogodbe na MIZ\u0160:<\/td>\r\n\t<td> Vlasta \u0160emrov <\/td>\r\n\r\n<\/tr>\r\n\r\n<\/tbody>\r\n<\/table>\r\n\r\n<h5 class=\"purple\">NAMEN<\/h5>\r\n<p>Projekt je namenjen krepitvi kompetenc strokovnih in vodstvenih delavcev na podro\u010djih:<\/p>\r\n<ul>\r\n<li>podjetni\u0161tva in podjetnosti,<\/li>\r\n<li> vse\u017eivljenjskega u\u010denja,<\/li>\r\n<li> vse\u017eivljenjske karierne orientacije,<\/li><\/ul>[read more=\"Preberi ve\u010d\" less=\"Preberi manj\"]<ul><li> jezikovnih kompetenc,<\/li>\r\n<li> mobilnosti,<\/li>\r\n<li> u\u010dnih te\u017eav in u\u010denje u\u010denja,<\/li>\r\n<li> inovativnih pristopov v pou\u010devanju,<\/li>\r\n<li> vodenja javnega zavoda z uporabo IKT,<\/li>\r\n<li> kakovosti z uporabo podatkov NPZ in mature kot podpore procesom samoevalvacije in izbolj\u0161anja u\u010denja in pou\u010devanja.<\/li><\/ul>[\/read]\r\n\r\n<h5 class=\"purple\">CILJI<\/h5>\r\n<p>Cilji v projektu so:<\/p>\r\n<ul><li>prispevati h krepitvi kompetenc strokovnih delavcev v izobra\u017eevanju in usposabljanju, kar bo prispevalo k razvoju inovativnih u\u010dnih okolij, uvajanju novih metod in pedago\u0161kih ter andrago\u0161kih praks tudi z vklju\u010devanjem novih tehnologij in<\/li>\r\n<li>nadaljevati za\u010dete aktivnosti na podro\u010dju izobra\u017eevanja strokovnih delavcev, ki so potekale v okviru projektov Izobra\u017eevanje in usposabljanje strokovnih delavcev v izobra\u017eevanju odraslih od 2009 do 2011 in Izobra\u017eevanje in usposabljanje strokovnih delavcev v izobra\u017eevanju odraslih od 2011 do 2014. \r\n<\/li><\/ul>\r\n\r\n<h5 class=\"purple\">OPIS<\/h5>\r\n<p>Nosilec projekta je Zavod RS za \u0161olstvo, Andrago\u0161ki center pa je v projektu konzorcijski partner. V projektu sodelujejo \u0161e: \u0160ola za ravnatelje, Dr\u017eavni izpitni center (RIC Ljubljana), Center RS za mobilnost in evropske programe izobra\u017eevanja in usposabljanja (CMEPIUS), Center RS za poklicno izobra\u017eevanje (CPI) ter Center \u0161olskih in ob\u0161olskih dejavnosti (C\u0160OD).<\/p>\r\n<p>[read more=\"Preberi ve\u010d\" less=\"Preberi manj\"]Projekt se izvaja v okviru Operativnega programa za izvajanje evropske kohezijske politike v obdobju 2014\u20132020. Ciljna skupina projekta so strokovni delavci na podro\u010dju pred\u0161olske vzgoje, osnovno\u0161olskega izobra\u017eevanja, osnovnega glasbenega izobra\u017eevanja, poklicnega in strokovnega izobra\u017eevanja, srednjega splo\u0161nega izobra\u017eevanja, vzgoje in izobra\u017eevanja otrok in mladostnikov s posebnimi potrebami, vzgoje in izobra\u017eevanja v dija\u0161kih domovih ter izobra\u017eevanja odraslih.<\/p>\r\n<p>Usposabljanja so namenjena:<\/p><ul><li>kolektivom vzgojno-izobra\u017eevalnih organizacij,<\/li>\r\n<li>strokovnim delavcem posameznih podro\u010dij in predmetov,<\/li>\r\n<li>vodstvenim delavcem. <\/li>\r\n<\/ul>[\/read]\r\n\r\n<h5 class=\"purple\">KLJU\u010cNI DOSE\u017dKI<\/h5>\r\n<p>Na ravni celotnega projekta so bili do sedaj dose\u017eeni naslednji klju\u010dni dose\u017eki:<\/p>\r\n<ul><li>Izpeljali smo 25 programov andrago\u0161kega usposabljanja in spopolnjevanja (7 programov v letu 2016 in 18 programov v letu 2017).<\/li>\r\n<li>V programe se je skupaj vklju\u010dilo 493 udele\u017eencev (150 udele\u017eencev v letu 2016 in 343 udele\u017eencev v letu 2017).<\/li>\r\n<\/ul>","_et_gb_content_width":"","inline_featured_image":false,"footnotes":""},"class_list":["post-27929","page","type-page","status-publish","hentry"],"acf":[],"yoast_head":"<!-- This site is optimized with the Yoast SEO plugin v26.2 - https:\/\/yoast.com\/wordpress\/plugins\/seo\/ -->\n<title>Competences of Adult Education Professionals 2016\u20132018 | Andrago\u0161ki center Republike Slovenije<\/title>\n<meta name=\"robots\" content=\"index, follow, max-snippet:-1, max-image-preview:large, max-video-preview:-1\" \/>\n<link rel=\"canonical\" href=\"https:\/\/www.acs.si\/en\/projects\/esf-projects\/competences-of-adult-education-professionals-2016-2018\/\" \/>\n<meta property=\"og:locale\" content=\"en_US\" \/>\n<meta property=\"og:type\" content=\"article\" \/>\n<meta property=\"og:title\" content=\"Competences of Adult Education Professionals 2016\u20132018 | Andrago\u0161ki center Republike Slovenije\" \/>\n<meta property=\"og:description\" content=\"&nbsp; Project...\" \/>\n<meta property=\"og:url\" content=\"https:\/\/www.acs.si\/en\/projects\/esf-projects\/competences-of-adult-education-professionals-2016-2018\/\" \/>\n<meta property=\"og:site_name\" content=\"Andrago\u0161ki center Republike Slovenije\" \/>\n<meta property=\"article:publisher\" content=\"https:\/\/www.facebook.com\/AndragoskiCenterSlovenije\/\" \/>\n<meta property=\"article:modified_time\" content=\"2023-05-08T12:00:42+00:00\" \/>\n<meta name=\"twitter:card\" content=\"summary_large_image\" \/>\n<meta name=\"twitter:label1\" content=\"Est. reading time\" \/>\n\t<meta name=\"twitter:data1\" content=\"5 minutes\" \/>\n<script type=\"application\/ld+json\" class=\"yoast-schema-graph\">{\"@context\":\"https:\/\/schema.org\",\"@graph\":[{\"@type\":\"WebPage\",\"@id\":\"https:\/\/www.acs.si\/en\/projects\/esf-projects\/competences-of-adult-education-professionals-2016-2018\/\",\"url\":\"https:\/\/www.acs.si\/en\/projects\/esf-projects\/competences-of-adult-education-professionals-2016-2018\/\",\"name\":\"Competences of Adult Education Professionals 2016\u20132018 | Andrago\u0161ki center Republike Slovenije\",\"isPartOf\":{\"@id\":\"https:\/\/www.acs.si\/#website\"},\"datePublished\":\"2018-08-28T13:24:09+00:00\",\"dateModified\":\"2023-05-08T12:00:42+00:00\",\"breadcrumb\":{\"@id\":\"https:\/\/www.acs.si\/en\/projects\/esf-projects\/competences-of-adult-education-professionals-2016-2018\/#breadcrumb\"},\"inLanguage\":\"en-US\",\"potentialAction\":[{\"@type\":\"ReadAction\",\"target\":[\"https:\/\/www.acs.si\/en\/projects\/esf-projects\/competences-of-adult-education-professionals-2016-2018\/\"]}]},{\"@type\":\"BreadcrumbList\",\"@id\":\"https:\/\/www.acs.si\/en\/projects\/esf-projects\/competences-of-adult-education-professionals-2016-2018\/#breadcrumb\",\"itemListElement\":[{\"@type\":\"ListItem\",\"position\":1,\"name\":\"Home\",\"item\":\"https:\/\/www.acs.si\/en\/\"},{\"@type\":\"ListItem\",\"position\":2,\"name\":\"Projects\",\"item\":\"https:\/\/www.acs.si\/en\/projects\/\"},{\"@type\":\"ListItem\",\"position\":3,\"name\":\"ESF projects\",\"item\":\"https:\/\/www.acs.si\/en\/projects\/esf-projects\/\"},{\"@type\":\"ListItem\",\"position\":4,\"name\":\"Competences of Adult Education Professionals 2016\u20132018\"}]},{\"@type\":\"WebSite\",\"@id\":\"https:\/\/www.acs.si\/#website\",\"url\":\"https:\/\/www.acs.si\/\",\"name\":\"Andrago\u0161ki center Republike Slovenije\",\"description\":\"\",\"potentialAction\":[{\"@type\":\"SearchAction\",\"target\":{\"@type\":\"EntryPoint\",\"urlTemplate\":\"https:\/\/www.acs.si\/?s={search_term_string}\"},\"query-input\":{\"@type\":\"PropertyValueSpecification\",\"valueRequired\":true,\"valueName\":\"search_term_string\"}}],\"inLanguage\":\"en-US\"}]}<\/script>\n<!-- \/ Yoast SEO plugin. -->","yoast_head_json":{"title":"Competences of Adult Education Professionals 2016\u20132018 | Andrago\u0161ki center Republike Slovenije","robots":{"index":"index","follow":"follow","max-snippet":"max-snippet:-1","max-image-preview":"max-image-preview:large","max-video-preview":"max-video-preview:-1"},"canonical":"https:\/\/www.acs.si\/en\/projects\/esf-projects\/competences-of-adult-education-professionals-2016-2018\/","og_locale":"en_US","og_type":"article","og_title":"Competences of Adult Education Professionals 2016\u20132018 | Andrago\u0161ki center Republike Slovenije","og_description":"&nbsp; Project...","og_url":"https:\/\/www.acs.si\/en\/projects\/esf-projects\/competences-of-adult-education-professionals-2016-2018\/","og_site_name":"Andrago\u0161ki center Republike Slovenije","article_publisher":"https:\/\/www.facebook.com\/AndragoskiCenterSlovenije\/","article_modified_time":"2023-05-08T12:00:42+00:00","twitter_card":"summary_large_image","twitter_misc":{"Est. reading time":"5 minutes"},"schema":{"@context":"https:\/\/schema.org","@graph":[{"@type":"WebPage","@id":"https:\/\/www.acs.si\/en\/projects\/esf-projects\/competences-of-adult-education-professionals-2016-2018\/","url":"https:\/\/www.acs.si\/en\/projects\/esf-projects\/competences-of-adult-education-professionals-2016-2018\/","name":"Competences of Adult Education Professionals 2016\u20132018 | Andrago\u0161ki center Republike Slovenije","isPartOf":{"@id":"https:\/\/www.acs.si\/#website"},"datePublished":"2018-08-28T13:24:09+00:00","dateModified":"2023-05-08T12:00:42+00:00","breadcrumb":{"@id":"https:\/\/www.acs.si\/en\/projects\/esf-projects\/competences-of-adult-education-professionals-2016-2018\/#breadcrumb"},"inLanguage":"en-US","potentialAction":[{"@type":"ReadAction","target":["https:\/\/www.acs.si\/en\/projects\/esf-projects\/competences-of-adult-education-professionals-2016-2018\/"]}]},{"@type":"BreadcrumbList","@id":"https:\/\/www.acs.si\/en\/projects\/esf-projects\/competences-of-adult-education-professionals-2016-2018\/#breadcrumb","itemListElement":[{"@type":"ListItem","position":1,"name":"Home","item":"https:\/\/www.acs.si\/en\/"},{"@type":"ListItem","position":2,"name":"Projects","item":"https:\/\/www.acs.si\/en\/projects\/"},{"@type":"ListItem","position":3,"name":"ESF projects","item":"https:\/\/www.acs.si\/en\/projects\/esf-projects\/"},{"@type":"ListItem","position":4,"name":"Competences of Adult Education Professionals 2016\u20132018"}]},{"@type":"WebSite","@id":"https:\/\/www.acs.si\/#website","url":"https:\/\/www.acs.si\/","name":"Andrago\u0161ki center Republike Slovenije","description":"","potentialAction":[{"@type":"SearchAction","target":{"@type":"EntryPoint","urlTemplate":"https:\/\/www.acs.si\/?s={search_term_string}"},"query-input":{"@type":"PropertyValueSpecification","valueRequired":true,"valueName":"search_term_string"}}],"inLanguage":"en-US"}]}},"_links":{"self":[{"href":"https:\/\/www.acs.si\/en\/wp-json\/wp\/v2\/pages\/27929","targetHints":{"allow":["GET"]}}],"collection":[{"href":"https:\/\/www.acs.si\/en\/wp-json\/wp\/v2\/pages"}],"about":[{"href":"https:\/\/www.acs.si\/en\/wp-json\/wp\/v2\/types\/page"}],"author":[{"embeddable":true,"href":"https:\/\/www.acs.si\/en\/wp-json\/wp\/v2\/users\/161"}],"replies":[{"embeddable":true,"href":"https:\/\/www.acs.si\/en\/wp-json\/wp\/v2\/comments?post=27929"}],"version-history":[{"count":5,"href":"https:\/\/www.acs.si\/en\/wp-json\/wp\/v2\/pages\/27929\/revisions"}],"predecessor-version":[{"id":59097,"href":"https:\/\/www.acs.si\/en\/wp-json\/wp\/v2\/pages\/27929\/revisions\/59097"}],"up":[{"embeddable":true,"href":"https:\/\/www.acs.si\/en\/wp-json\/wp\/v2\/pages\/28557"}],"wp:attachment":[{"href":"https:\/\/www.acs.si\/en\/wp-json\/wp\/v2\/media?parent=27929"}],"curies":[{"name":"wp","href":"https:\/\/api.w.org\/{rel}","templated":true}]}}