{"id":27925,"date":"2018-08-28T14:03:48","date_gmt":"2018-08-28T13:03:48","guid":{"rendered":"http:\/\/www.acs.si\/?page_id=27925"},"modified":"2024-08-23T10:24:54","modified_gmt":"2024-08-23T08:24:54","slug":"adult-competences-development-2016-2022","status":"publish","type":"page","link":"https:\/\/www.acs.si\/en\/projects\/esf-projects\/adult-competences-development-2016-2022\/","title":{"rendered":"Adult Competences Development 2016\u20132022"},"content":{"rendered":"<p>[et_pb_section fb_built=&#8221;1&#8243; _builder_version=&#8221;4.16&#8243; custom_padding=&#8221;0px|||&#8221; global_colors_info=&#8221;{}&#8221;][et_pb_row make_equal=&#8221;on&#8221; module_class=&#8221;logo-img-cont &#8221; _builder_version=&#8221;4.16&#8243; custom_margin=&#8221;||20px|&#8221; custom_padding=&#8221;0px||0px|&#8221; border_width_all=&#8221;1px&#8221; border_color_all=&#8221;#cdd1d6&#8243; global_colors_info=&#8221;{}&#8221;][et_pb_column type=&#8221;4_4&#8243; _builder_version=&#8221;4.16&#8243; custom_padding=&#8221;|||&#8221; global_colors_info=&#8221;{}&#8221; custom_padding__hover=&#8221;|||&#8221;][et_pb_text _builder_version=&#8221;4.16&#8243; global_colors_info=&#8221;{}&#8221;]<\/p>\n<p>&nbsp;<\/p>\n<table class=\"projektTable\" style=\"height: 312px;\">\n<tbody>\n<tr style=\"height: 48px;\">\n<td style=\"height: 48px;\">Project<\/td>\n<td style=\"height: 48px;\">Professional Support in the Area of Basic Adult Competences Development 2016\u20132022 (shorter: Adult Competences Development 2016\u20132022<\/td>\n<\/tr>\n<tr style=\"height: 24px;\">\n<td style=\"height: 24px;\">Time period<\/td>\n<td style=\"height: 24px;\">April 2016 \u2013 March 2022<\/td>\n<\/tr>\n<tr style=\"height: 48px;\">\n<td style=\"height: 48px;\">Project value<\/td>\n<td style=\"height: 48px;\">833.375,00 EUR<\/td>\n<\/tr>\n<tr style=\"height: 24px;\">\n<td style=\"height: 24px;\">Financed by<\/td>\n<td style=\"height: 24px;\">European Social Fund (80 %) in Ministry of Education, Science and Sport (20 %)<\/td>\n<\/tr>\n<tr style=\"height: 120px;\">\n<td style=\"height: 120px;\">Contact<\/td>\n<td style=\"height: 120px;\">Estera Mo\u017eina, MSc<br \/>\nT: +386 1 5842 591<br \/>\nE: <a href=\"mailto:ester.mozina@acs.si\">ester.mozina@acs.si<\/a><\/td>\n<\/tr>\n<tr style=\"height: 48px;\">\n<td style=\"height: 48px;\">Contract caretaker<\/td>\n<td style=\"height: 48px;\">Marko \u0160i\u0161ka, MSc, Ministry of Education, Science and Sport<\/td>\n<\/tr>\n<\/tbody>\n<\/table>\n<p>&nbsp;<\/p>\n<p>[\/et_pb_text][\/et_pb_column][\/et_pb_row][et_pb_row column_structure=&#8221;1_2,1_2&#8243; _builder_version=&#8221;4.17.2&#8243; _module_preset=&#8221;default&#8221; global_colors_info=&#8221;{}&#8221;][et_pb_column type=&#8221;1_2&#8243; _builder_version=&#8221;4.17.2&#8243; _module_preset=&#8221;default&#8221; global_colors_info=&#8221;{}&#8221;][et_pb_image src=&#8221;https:\/\/www.acs.si\/wp-content\/uploads\/2019\/06\/MIZ\u0160-1000&#215;242.png&#8221; title_text=&#8221;MIZ\u0160-1000&#215;242&#8243; _builder_version=&#8221;4.17.2&#8243; _module_preset=&#8221;default&#8221; global_colors_info=&#8221;{}&#8221;][\/et_pb_image][\/et_pb_column][et_pb_column type=&#8221;1_2&#8243; _builder_version=&#8221;4.17.2&#8243; _module_preset=&#8221;default&#8221; global_colors_info=&#8221;{}&#8221;][et_pb_image src=&#8221;https:\/\/www.acs.si\/wp-content\/uploads\/2019\/06\/ESS-1000&#215;242.png&#8221; title_text=&#8221;ESS-1000&#215;242&#8243; _builder_version=&#8221;4.17.2&#8243; _module_preset=&#8221;default&#8221; global_colors_info=&#8221;{}&#8221;][\/et_pb_image][\/et_pb_column][\/et_pb_row][et_pb_row _builder_version=&#8221;4.16&#8243; background_size=&#8221;initial&#8221; background_position=&#8221;top_left&#8221; background_repeat=&#8221;repeat&#8221; global_colors_info=&#8221;{}&#8221;][et_pb_column type=&#8221;4_4&#8243; _builder_version=&#8221;4.16&#8243; custom_padding=&#8221;|||&#8221; global_colors_info=&#8221;{}&#8221; custom_padding__hover=&#8221;|||&#8221;][et_pb_text admin_label=&#8221;Namen&#8221; _builder_version=&#8221;4.16&#8243; text_font_size=&#8221;10px&#8221; header_5_text_color=&#8221;#ffffff&#8221; header_5_font_size=&#8221;17px&#8221; header_5_line_height=&#8221;27px&#8221; custom_margin=&#8221;||0px|&#8221; custom_padding=&#8221;||0px|&#8221; global_colors_info=&#8221;{}&#8221;]<\/p>\n<p>&nbsp;<\/p>\n<h5 class=\"purple\">AIM<\/h5>\n<ul>\n<li>to develop expert groundwork for the development of basic abilities and literacy of adults thus contributing to increased participation in lifelong learning (LLL),<\/li>\n<li>improving the abilities adults require for the purposes of the labour market, improved employability, mobility,<\/li>\n<li>personal development and functioning in modern society,<\/li>\n<li>inclusion of the activities for the improvement of the quality of adult education developed to date into the national system for the assessment and assurance of quality in education,<\/li>\n<li>and ensuring further developmental and consulting work for the performance of self-evaluation at educational organisations.<\/li>\n<\/ul>\n<p>[\/et_pb_text][\/et_pb_column][\/et_pb_row][et_pb_row _builder_version=&#8221;4.16&#8243; background_size=&#8221;initial&#8221; background_position=&#8221;top_left&#8221; background_repeat=&#8221;repeat&#8221; global_colors_info=&#8221;{}&#8221;][et_pb_column type=&#8221;4_4&#8243; _builder_version=&#8221;4.16&#8243; custom_padding=&#8221;|||&#8221; global_colors_info=&#8221;{}&#8221; custom_padding__hover=&#8221;|||&#8221;][et_pb_text admin_label=&#8221;Cilji projekta&#8221; _builder_version=&#8221;4.16&#8243; text_font_size=&#8221;10px&#8221; header_5_text_color=&#8221;#ffffff&#8221; header_5_font_size=&#8221;17px&#8221; header_5_line_height=&#8221;27px&#8221; custom_margin=&#8221;||0px|&#8221; custom_padding=&#8221;||0px|&#8221; global_colors_info=&#8221;{}&#8221;]<\/p>\n<p>&nbsp;<\/p>\n<h5 class=\"purple\">OBJECTIVES<\/h5>\n<ul>\n<li>developing expert groundwork, an educational programme and innovative resources, approaches and instruments that will contribute to improved recognisability, improved adaptation to adult needs and higher quality of implementation of educational programmes for the acquisition of basic competences of those with lower education and qualifications, whereby a special emphasis is to be placed on the employed and those older than 45 years of age; and<\/li>\n<li>preparing expert groundwork for the inclusion of self-evaluation of adult education into the national quality reference framework and<\/li>\n<li>developing a training programme, ICT tools and new learning materials that represent an upgrade of the achievements to date in the introduction of self-evaluation into adult education.<\/li>\n<\/ul>\n<p>[\/et_pb_text][\/et_pb_column][\/et_pb_row][et_pb_row _builder_version=&#8221;4.16&#8243; background_size=&#8221;initial&#8221; background_position=&#8221;top_left&#8221; background_repeat=&#8221;repeat&#8221; global_colors_info=&#8221;{}&#8221;][et_pb_column type=&#8221;4_4&#8243; _builder_version=&#8221;4.16&#8243; custom_padding=&#8221;|||&#8221; global_colors_info=&#8221;{}&#8221; custom_padding__hover=&#8221;|||&#8221;][et_pb_text admin_label=&#8221;Opis&#8221; _builder_version=&#8221;4.16&#8243; text_font_size=&#8221;10px&#8221; header_5_text_color=&#8221;#ffffff&#8221; header_5_font_size=&#8221;17px&#8221; header_5_line_height=&#8221;27px&#8221; custom_margin=&#8221;||0px|&#8221; custom_padding=&#8221;||0px|&#8221; global_colors_info=&#8221;{}&#8221;]<\/p>\n<p>&nbsp;<\/p>\n<h5 class=\"purple\">DESCRIPTION<\/h5>\n<p>The project combines four activities:<\/p>\n<p>Activity 1:\u00a0Development of professional resources and programmes as well as approaches in innovative learning environments<\/p>\n<p>Activity 2: Development of new approaches and professional support to providers<\/p>\n<p>Activity 3:\u00a0Implementation of new forms of promotion addressing various segments of the public in cooperation with providers<\/p>\n<p>Activity 4: Systematic inclusion and further development of self-evaluation in adult education field.<\/p>\n<p>&nbsp;<\/p>\n<p>[\/et_pb_text][\/et_pb_column][\/et_pb_row][et_pb_row _builder_version=&#8221;4.16&#8243; background_size=&#8221;initial&#8221; background_position=&#8221;top_left&#8221; background_repeat=&#8221;repeat&#8221; global_colors_info=&#8221;{}&#8221;][et_pb_column type=&#8221;4_4&#8243; _builder_version=&#8221;4.16&#8243; custom_padding=&#8221;|||&#8221; global_colors_info=&#8221;{}&#8221; custom_padding__hover=&#8221;|||&#8221;][et_pb_text admin_label=&#8221;Klju\u010dni dose\u017eki&#8221; _builder_version=&#8221;4.17.2&#8243; text_font_size=&#8221;10px&#8221; header_5_text_color=&#8221;#ffffff&#8221; header_5_font_size=&#8221;17px&#8221; header_5_line_height=&#8221;27px&#8221; custom_margin=&#8221;||0px|&#8221; custom_padding=&#8221;||0px|&#8221; hover_enabled=&#8221;0&#8243; global_colors_info=&#8221;{}&#8221; sticky_enabled=&#8221;0&#8243;]<\/p>\n<p>&nbsp;<\/p>\n<h5 class=\"purple\">KEY ACHIEVEMENTS<\/h5>\n<p>The key achievements of the project are presented at the project website \u2013 <a href=\"https:\/\/pismenost.acs.si\/en\/projects\/development-of-adult-competences-2016-2022\/\">click here<\/a>.<\/p>\n<p>[\/et_pb_text][\/et_pb_column][\/et_pb_row][\/et_pb_section]<\/p>\n","protected":false},"excerpt":{"rendered":"<p>&nbsp; Project&#8230;<\/p>\n","protected":false},"author":161,"featured_media":0,"parent":28557,"menu_order":16,"comment_status":"closed","ping_status":"closed","template":"page_projekt.php","meta":{"_acf_changed":false,"_et_pb_use_builder":"on","_et_pb_old_content":"<h1>Razvoj kompetenc odraslih<br>(2016 - 2022)<\/h1>\r\n<table class=\"projektTable\">\r\n\t<tbody>\r\n\t\t<tr>\r\n\t\t\t<td>Naziv projekta<\/td>\r\n\t\t\t<td>Strokovna podpora podro\u010dju razvoja temeljnih kompetenc odraslih 2016\u20132022 (kraj\u0161e Razvoj kompetenc odraslih 2016 \u2013 2022)<\/td>\r\n\t\t<\/tr>\r\n\t\t<tr>\r\n\t\t\t<td>\u010casovni okvir<\/td>\r\n\t\t\t<td>april 2016 \u2013 marec 2022<\/td>\r\n\t\t<\/tr>\r\n\t\t<tr>\r\n\t\t\t<td>Vrednost projekta<\/td>\r\n\t\t\t<td>833.375,00 EUR <\/td>\r\n\t\t<\/tr>\r\n\t\t<tr>\r\n\t\t\t<td>Financer<\/td>\r\n\t\t\t<td>Evropski socialni sklad (80 %) in Ministrstvo za izobra\u017eevanje, znanost in \u0161port (20 %)<\/td>\r\n\t\t<\/tr>\r\n\t\t\r\n\t\t<tr>\r\n\t\t\t<td>Skrbnik pogodbe na MIZ\u0160<\/td>\r\n\t\t\t<td>Mag. Marko \u0160i\u0161ka <\/td>\r\n\t\t<\/tr>\r\n<tr>\t<td>Kontaktna oseba<\/td>\r\n\t\t\t<td>Vodja projekta mag. Estera Mo\u017eina (T: 01 5842 591; E: <a href=\"mailto:ester.mozina@acs.si\">ester.mozina@acs.si<\/a>)<\/td>\r\n\t\t<\/tr>\r\n\t\t\t\r\n<\/tbody>\r\n<\/table>\r\n\r\n[accordion]\r\n[accordion-item title=\"Namen\"]<ul>\r\n\t\t\t\t\t<li>razvijati strokovne podlage za razvoj temeljnih zmo\u017enosti in pismenosti odraslih in s tem prispevati k ve\u010dji vklju\u010denosti v vse\u017eivljenjsko u\u010denje (V\u017dU),<\/li>\r\n\t\t\t\t\t<li>izbolj\u0161ati zmo\u017enosti, ki jih odrasli potrebujejo zaradi potreb na trgu dela, ve\u010dje zaposljivosti, mobilnosti, osebnega razvoja in delovanja v sodobni dru\u017ebi,<\/li>\r\n\t\t\t\t\t<li>umestiti doslej razvite aktivnosti za krepitev kakovosti izobra\u017eevanja odraslih v nacionalni sistem ugotavljanja in zagotavljanja kakovosti v izobra\u017eevanju in<\/li>\r\n\t\t\t\t\t<li>zagotavljati nadaljnje razvojno in svetovalno delo za izvajanje samoevalvacije v izobra\u017eevalnih organizacijah.<\/li>\r\n\t\t\t\t<\/ul>\r\n[\/accordion-item]\r\n[\/accordion]\r\n\r\n\t\t\t\t\r\n[accordion]\r\n[accordion-item title=\"Cilji\"]<ul>\r\n<li>Razviti strokovne podlage, izobra\u017eevalni program ter inovativna gradiva, pristope in in\u0161trumente, ki bodo prispevali k ve\u010dji prepoznavnosti, bolj\u0161i prilagojenosti potrebam odraslih ter kvalitetnej\u0161emu izvajanju izobra\u017eevalnih programov za pridobivanje temeljnih kompetenc ni\u017eje izobra\u017eenih in manj usposobljenih, s posebnim poudarkom na zaposlenih in starej\u0161ih od 45 let.<\/li>\r\n<li>Pripraviti strokovne podlage za ume\u0161\u010danje samoevalvacije izobra\u017eevanja odraslih v nacionalni referen\u010dni okvir za kakovost.<\/li>\r\n<li>Razvoj programa usposabljanja, IKT orodij in novih u\u010dnih gradiv, ki pomenijo nadgradnjo dosedanjih dose\u017ekov pri uveljavljanju samoevalvacije v izobra\u017eevanje odraslih.<\/li>\r\n<\/ul>\r\n[\/accordion-item]\r\n[\/accordion]\r\n\r\n[accordion]\r\n[accordion-item title=\"Opis\"]<ul>\r\n<p>Projekt obsega \u0161tiri aktivnosti:<\/p>\r\n\t\t\t<p>1. aktivnost: Razvoj strokovnih gradiv in programov ter pristopov v inovativnih u\u010dnih okoljih<br>\r\n\t\t\t2. aktivnost: Razvoj novih pristopov in strokovna podpora izvajalcem <br>\r\n\t\t\t3. aktivnost: Izvajanje novih oblik promocije razli\u010dnim javnostim v sodelovanju z izvajalci  <br>\r\n\t\t\t4. aktivnost: Sistemsko ume\u0161\u010danje in nadaljnji razvoj samoevalvacije v izobra\u017eevanju odraslih <\/p>\r\n\t\t\t\r\n\t\t\t<p>S projektom zaokro\u017eujemo v projektu <a href=\"https:\/\/pismenost.acs.si\/projekti\/ess-11-14\/\" target=\"_blank\">Razvoj pismenosti 2011\u20132014<\/a> za\u010det celostni pristop razvoja inovativnih orodij in programov, usmerjenih na poznavanja in uporabo temeljnih zmo\u017enosti za ranljive skupine prebivalcev. Razvoj podro\u010dja pismenosti in zmo\u017enosti za ranljive skupine zahteva izredno dobro poznavanje razmer na terenu, kar je nesporno pokazal projekt <a href=\"https:\/\/pismenost.acs.si\/projekti\/ess-09-11\/gradiva\/\" target=\"_blank\">Evalvacija javno veljavnih programov<\/a> za razvoj pismenosti 2009\u20132011.<\/p>\r\n\t\t\t<p>S strokovnimi podlagami, ki so bile izdelane v okviru projekta <a href=\"https:\/\/pismenost.acs.si\/projekti\/piaac\/\" target=\"_blank\">Merjenje u\u010dinkovitosti sistema izobra\u017eevanja in usposabljanja za izbolj\u0161anje usposobljenosti izobra\u017eevalcev odraslih 2013\u20132015<\/a>, smo ta cilj dosegli, saj so utemeljene na empiri\u010dnih podatkih in mednarodnih primerjalnih analizah o kompetencah slovenskega prebivalstva od 16 do 65 let. Te strokovne podlage so klju\u010dno izhodi\u0161\u010de za izvajanje aktivnosti, ki so na\u010drtovane za doseganje ciljev tega projekta.<\/p>\r\n\t\t\t<p>Prek strokovnih in promocijskih dogodkov bomo nudili strokovno podporo izvajalcem in drugim dele\u017enikom pri razvoju temeljnih zmo\u017enosti odraslih, s \u010dimer bomo zagotovili trajno in ustrezno uporabo rezultatov projekta. Za preizku\u0161anje novih pristopov bomo opolnomo\u010dili razli\u010dne dele\u017enike, da se bodo pove\u010dale promocijske aktivnosti za razvoj spretnosti na nacionalni ravni. Zami\u0161ljeno pa je tudi usposabljanje izobra\u017eevalcev, ki ranljive odrasle usposabljajo za odzivanje na potrebe na trgu dela, hkrati pa jih spodbujajo k razvoju kompetenc.<\/p>\r\n\t\t\t<p>Kon\u010dni namen je, da se ranljive odrasle usposobi za odzivanje na potrebe na trgu dela in v zadostni meri opremi s kompetencami, potrebnimi za ustvarjanje delovnih mest.<\/p>\r\n[\/accordion-item]\r\n[\/accordion]\t\t\r\n\t\t\t\r\n[accordion]\r\n[accordion-item title=\"Klju\u010dni dose\u017eki\"]<p>Klju\u010dni dose\u017eki projekta so predstavljeni na spletni strani projekta \u2013 <a href=\"https:\/\/pismenost.acs.si\/projekti\/ess-6\/\" target=\"_blank\">tukaj<\/a>.<\/p>\r\n[\/accordion-item]\r\n[\/accordion]","_et_gb_content_width":"","inline_featured_image":false,"footnotes":""},"class_list":["post-27925","page","type-page","status-publish","hentry"],"acf":[],"yoast_head":"<!-- This site is optimized with the Yoast SEO plugin v26.2 - https:\/\/yoast.com\/wordpress\/plugins\/seo\/ -->\n<title>Adult Competences Development 2016\u20132022 | Andrago\u0161ki center Republike Slovenije<\/title>\n<meta name=\"robots\" content=\"index, follow, max-snippet:-1, max-image-preview:large, max-video-preview:-1\" \/>\n<link rel=\"canonical\" href=\"https:\/\/www.acs.si\/en\/projects\/esf-projects\/adult-competences-development-2016-2022\/\" \/>\n<meta property=\"og:locale\" content=\"en_US\" \/>\n<meta property=\"og:type\" content=\"article\" \/>\n<meta property=\"og:title\" content=\"Adult Competences Development 2016\u20132022 | Andrago\u0161ki center Republike Slovenije\" \/>\n<meta property=\"og:description\" content=\"&nbsp; Project...\" \/>\n<meta property=\"og:url\" content=\"https:\/\/www.acs.si\/en\/projects\/esf-projects\/adult-competences-development-2016-2022\/\" \/>\n<meta property=\"og:site_name\" content=\"Andrago\u0161ki center Republike Slovenije\" \/>\n<meta property=\"article:publisher\" content=\"https:\/\/www.facebook.com\/AndragoskiCenterSlovenije\/\" \/>\n<meta property=\"article:modified_time\" content=\"2024-08-23T08:24:54+00:00\" \/>\n<meta name=\"twitter:card\" content=\"summary_large_image\" \/>\n<meta name=\"twitter:label1\" content=\"Est. reading time\" \/>\n\t<meta name=\"twitter:data1\" content=\"4 minutes\" \/>\n<script type=\"application\/ld+json\" class=\"yoast-schema-graph\">{\"@context\":\"https:\/\/schema.org\",\"@graph\":[{\"@type\":\"WebPage\",\"@id\":\"https:\/\/www.acs.si\/en\/projects\/esf-projects\/adult-competences-development-2016-2022\/\",\"url\":\"https:\/\/www.acs.si\/en\/projects\/esf-projects\/adult-competences-development-2016-2022\/\",\"name\":\"Adult Competences Development 2016\u20132022 | Andrago\u0161ki center Republike Slovenije\",\"isPartOf\":{\"@id\":\"https:\/\/www.acs.si\/#website\"},\"datePublished\":\"2018-08-28T13:03:48+00:00\",\"dateModified\":\"2024-08-23T08:24:54+00:00\",\"breadcrumb\":{\"@id\":\"https:\/\/www.acs.si\/en\/projects\/esf-projects\/adult-competences-development-2016-2022\/#breadcrumb\"},\"inLanguage\":\"en-US\",\"potentialAction\":[{\"@type\":\"ReadAction\",\"target\":[\"https:\/\/www.acs.si\/en\/projects\/esf-projects\/adult-competences-development-2016-2022\/\"]}]},{\"@type\":\"BreadcrumbList\",\"@id\":\"https:\/\/www.acs.si\/en\/projects\/esf-projects\/adult-competences-development-2016-2022\/#breadcrumb\",\"itemListElement\":[{\"@type\":\"ListItem\",\"position\":1,\"name\":\"Home\",\"item\":\"https:\/\/www.acs.si\/en\/\"},{\"@type\":\"ListItem\",\"position\":2,\"name\":\"Projects\",\"item\":\"https:\/\/www.acs.si\/en\/projects\/\"},{\"@type\":\"ListItem\",\"position\":3,\"name\":\"ESF projects\",\"item\":\"https:\/\/www.acs.si\/en\/projects\/esf-projects\/\"},{\"@type\":\"ListItem\",\"position\":4,\"name\":\"Adult Competences Development 2016\u20132022\"}]},{\"@type\":\"WebSite\",\"@id\":\"https:\/\/www.acs.si\/#website\",\"url\":\"https:\/\/www.acs.si\/\",\"name\":\"Andrago\u0161ki center Republike Slovenije\",\"description\":\"\",\"potentialAction\":[{\"@type\":\"SearchAction\",\"target\":{\"@type\":\"EntryPoint\",\"urlTemplate\":\"https:\/\/www.acs.si\/?s={search_term_string}\"},\"query-input\":{\"@type\":\"PropertyValueSpecification\",\"valueRequired\":true,\"valueName\":\"search_term_string\"}}],\"inLanguage\":\"en-US\"}]}<\/script>\n<!-- \/ Yoast SEO plugin. -->","yoast_head_json":{"title":"Adult Competences Development 2016\u20132022 | Andrago\u0161ki center Republike Slovenije","robots":{"index":"index","follow":"follow","max-snippet":"max-snippet:-1","max-image-preview":"max-image-preview:large","max-video-preview":"max-video-preview:-1"},"canonical":"https:\/\/www.acs.si\/en\/projects\/esf-projects\/adult-competences-development-2016-2022\/","og_locale":"en_US","og_type":"article","og_title":"Adult Competences Development 2016\u20132022 | Andrago\u0161ki center Republike Slovenije","og_description":"&nbsp; Project...","og_url":"https:\/\/www.acs.si\/en\/projects\/esf-projects\/adult-competences-development-2016-2022\/","og_site_name":"Andrago\u0161ki center Republike Slovenije","article_publisher":"https:\/\/www.facebook.com\/AndragoskiCenterSlovenije\/","article_modified_time":"2024-08-23T08:24:54+00:00","twitter_card":"summary_large_image","twitter_misc":{"Est. reading time":"4 minutes"},"schema":{"@context":"https:\/\/schema.org","@graph":[{"@type":"WebPage","@id":"https:\/\/www.acs.si\/en\/projects\/esf-projects\/adult-competences-development-2016-2022\/","url":"https:\/\/www.acs.si\/en\/projects\/esf-projects\/adult-competences-development-2016-2022\/","name":"Adult Competences Development 2016\u20132022 | Andrago\u0161ki center Republike Slovenije","isPartOf":{"@id":"https:\/\/www.acs.si\/#website"},"datePublished":"2018-08-28T13:03:48+00:00","dateModified":"2024-08-23T08:24:54+00:00","breadcrumb":{"@id":"https:\/\/www.acs.si\/en\/projects\/esf-projects\/adult-competences-development-2016-2022\/#breadcrumb"},"inLanguage":"en-US","potentialAction":[{"@type":"ReadAction","target":["https:\/\/www.acs.si\/en\/projects\/esf-projects\/adult-competences-development-2016-2022\/"]}]},{"@type":"BreadcrumbList","@id":"https:\/\/www.acs.si\/en\/projects\/esf-projects\/adult-competences-development-2016-2022\/#breadcrumb","itemListElement":[{"@type":"ListItem","position":1,"name":"Home","item":"https:\/\/www.acs.si\/en\/"},{"@type":"ListItem","position":2,"name":"Projects","item":"https:\/\/www.acs.si\/en\/projects\/"},{"@type":"ListItem","position":3,"name":"ESF projects","item":"https:\/\/www.acs.si\/en\/projects\/esf-projects\/"},{"@type":"ListItem","position":4,"name":"Adult Competences Development 2016\u20132022"}]},{"@type":"WebSite","@id":"https:\/\/www.acs.si\/#website","url":"https:\/\/www.acs.si\/","name":"Andrago\u0161ki center Republike Slovenije","description":"","potentialAction":[{"@type":"SearchAction","target":{"@type":"EntryPoint","urlTemplate":"https:\/\/www.acs.si\/?s={search_term_string}"},"query-input":{"@type":"PropertyValueSpecification","valueRequired":true,"valueName":"search_term_string"}}],"inLanguage":"en-US"}]}},"_links":{"self":[{"href":"https:\/\/www.acs.si\/en\/wp-json\/wp\/v2\/pages\/27925","targetHints":{"allow":["GET"]}}],"collection":[{"href":"https:\/\/www.acs.si\/en\/wp-json\/wp\/v2\/pages"}],"about":[{"href":"https:\/\/www.acs.si\/en\/wp-json\/wp\/v2\/types\/page"}],"author":[{"embeddable":true,"href":"https:\/\/www.acs.si\/en\/wp-json\/wp\/v2\/users\/161"}],"replies":[{"embeddable":true,"href":"https:\/\/www.acs.si\/en\/wp-json\/wp\/v2\/comments?post=27925"}],"version-history":[{"count":8,"href":"https:\/\/www.acs.si\/en\/wp-json\/wp\/v2\/pages\/27925\/revisions"}],"predecessor-version":[{"id":73675,"href":"https:\/\/www.acs.si\/en\/wp-json\/wp\/v2\/pages\/27925\/revisions\/73675"}],"up":[{"embeddable":true,"href":"https:\/\/www.acs.si\/en\/wp-json\/wp\/v2\/pages\/28557"}],"wp:attachment":[{"href":"https:\/\/www.acs.si\/en\/wp-json\/wp\/v2\/media?parent=27925"}],"curies":[{"name":"wp","href":"https:\/\/api.w.org\/{rel}","templated":true}]}}