{"id":27923,"date":"2018-08-28T13:38:55","date_gmt":"2018-08-28T12:38:55","guid":{"rendered":"http:\/\/www.acs.si\/?page_id=27923"},"modified":"2024-08-29T08:07:56","modified_gmt":"2024-08-29T06:07:56","slug":"guidance-for-employees-2016-2021","status":"publish","type":"page","link":"https:\/\/www.acs.si\/en\/projects\/esf-projects\/guidance-for-employees-2016-2021\/","title":{"rendered":"Guidance for employees 2016\u20132022"},"content":{"rendered":"<p>[et_pb_section fb_built=&#8221;1&#8243; _builder_version=&#8221;4.16&#8243; custom_padding=&#8221;0px|||&#8221; global_colors_info=&#8221;{}&#8221;][et_pb_row column_structure=&#8221;1_3,2_3&#8243; make_equal=&#8221;on&#8221; module_class=&#8221;logo-img-cont &#8221; _builder_version=&#8221;4.16&#8243; custom_margin=&#8221;||20px|&#8221; custom_padding=&#8221;0px||0px|&#8221; border_width_all=&#8221;1px&#8221; border_color_all=&#8221;#cdd1d6&#8243; global_colors_info=&#8221;{}&#8221;][et_pb_column type=&#8221;1_3&#8243; _builder_version=&#8221;4.16&#8243; custom_padding=&#8221;|||&#8221; global_colors_info=&#8221;{}&#8221; custom_padding__hover=&#8221;|||&#8221;][et_pb_image src=&#8221;https:\/\/www.acs.si\/wp-content\/uploads\/2018\/05\/OI-MIZS_ESS.png&#8221; align=&#8221;center&#8221; align_tablet=&#8221;center&#8221; align_phone=&#8221;&#8221; align_last_edited=&#8221;on|desktop&#8221; _builder_version=&#8221;4.16&#8243; custom_padding=&#8221;10px|10px|10px|10px&#8221; global_colors_info=&#8221;{}&#8221;][\/et_pb_image][\/et_pb_column][et_pb_column type=&#8221;2_3&#8243; _builder_version=&#8221;4.16&#8243; custom_padding=&#8221;|||&#8221; global_colors_info=&#8221;{}&#8221; custom_padding__hover=&#8221;|||&#8221;][et_pb_text _builder_version=&#8221;4.16&#8243; custom_padding=&#8221;20px|20px|20px|20px&#8221; border_width_left=&#8221;1px&#8221; border_color_left=&#8221;#cdd1d6&#8243; global_colors_info=&#8221;{}&#8221;]<\/p>\n<p>&nbsp;<\/p>\n<table class=\"projektTable\">\n<tbody>\n<tr>\n<td style=\"width: 94px;\">Project<\/td>\n<td style=\"width: 792px;\">Professional support to information and guidance activities and validation of non-formal knowledge 2016-2021 (shortened to Guidance for employees 2016\u20132021)<\/td>\n<\/tr>\n<tr>\n<td style=\"width: 94px;\">Time period<\/td>\n<td style=\"width: 792px;\">June 2016 \u2013 March 2022<\/td>\n<\/tr>\n<tr>\n<td style=\"width: 94px;\">Project value<\/td>\n<td style=\"width: 792px;\">809.000,00\u20ac<\/td>\n<\/tr>\n<tr>\n<td style=\"width: 94px;\">Financed by<\/td>\n<td style=\"width: 792px;\">Ministry of Education, Science and Sport, European Social Fund<\/td>\n<\/tr>\n<tr>\n<td style=\"width: 94px;\">Contact<\/td>\n<td style=\"width: 792px;\">Tanja Vili\u010d Klenov\u0161ek, MA<br \/> T: +386 1 5842 584<br \/> E: <a href=\"mailto:tanja.vilic.klenovsek@acs.si\">tanja.vilic.klenovsek@acs.si<\/a><\/td>\n<\/tr>\n<\/tbody>\n<\/table>\n<p>&nbsp;<\/p>\n<p>[\/et_pb_text][\/et_pb_column][\/et_pb_row][et_pb_row _builder_version=&#8221;4.16&#8243; background_size=&#8221;initial&#8221; background_position=&#8221;top_left&#8221; background_repeat=&#8221;repeat&#8221; global_colors_info=&#8221;{}&#8221;][et_pb_column type=&#8221;4_4&#8243; _builder_version=&#8221;4.16&#8243; custom_padding=&#8221;|||&#8221; global_colors_info=&#8221;{}&#8221; custom_padding__hover=&#8221;|||&#8221;][et_pb_text admin_label=&#8221;Namen&#8221; _builder_version=&#8221;4.16&#8243; text_font_size=&#8221;10px&#8221; header_5_text_color=&#8221;#ffffff&#8221; header_5_font_size=&#8221;17px&#8221; header_5_line_height=&#8221;27px&#8221; custom_margin=&#8221;||0px|&#8221; custom_padding=&#8221;0px||0px|&#8221; global_colors_info=&#8221;{}&#8221;]<\/p>\n<p>&nbsp;<\/p>\n<h5 class=\"purple\">AIM<\/h5>\n<p>To improve the competences of employees to reduce disparities between their qualifications and labour market needs (specific goal 10.1.2) and to ensure the implementation of results of prior ESF projects with focus on a new target group \u2013 employed adults.<\/p>\n<p>[\/et_pb_text][\/et_pb_column][\/et_pb_row][et_pb_row _builder_version=&#8221;4.16&#8243; background_size=&#8221;initial&#8221; background_position=&#8221;top_left&#8221; background_repeat=&#8221;repeat&#8221; global_colors_info=&#8221;{}&#8221;][et_pb_column type=&#8221;4_4&#8243; _builder_version=&#8221;4.16&#8243; custom_padding=&#8221;|||&#8221; global_colors_info=&#8221;{}&#8221; custom_padding__hover=&#8221;|||&#8221;][et_pb_text admin_label=&#8221;Cilji projekta&#8221; _builder_version=&#8221;4.16&#8243; text_font_size=&#8221;10px&#8221; header_5_text_color=&#8221;#ffffff&#8221; header_5_font_size=&#8221;17px&#8221; header_5_line_height=&#8221;27px&#8221; custom_margin=&#8221;||0px|&#8221; custom_padding=&#8221;||0px|&#8221; global_colors_info=&#8221;{}&#8221;]<\/p>\n<p>&nbsp;<\/p>\n<h5 class=\"purple\">OBJECTIVES<\/h5>\n<ul>\n<li>validation of non-formal and informal knowledge of employees, with the aim of maintaining employment, greater flexibility in employment and further career development of employees associated with their enrolment in further education and certification of already acquired knowledge<\/li>\n<li>the development of effective approaches to information and guidance for the integration of employed adults, especially less educated and educationally inactive and older than 45 years,<\/li>\n<\/ul>\n<p>[\/et_pb_text][\/et_pb_column][\/et_pb_row][et_pb_row _builder_version=&#8221;4.16&#8243; background_size=&#8221;initial&#8221; background_position=&#8221;top_left&#8221; background_repeat=&#8221;repeat&#8221; global_colors_info=&#8221;{}&#8221;][et_pb_column type=&#8221;4_4&#8243; _builder_version=&#8221;4.16&#8243; custom_padding=&#8221;|||&#8221; global_colors_info=&#8221;{}&#8221; custom_padding__hover=&#8221;|||&#8221;][et_pb_text admin_label=&#8221;Opis&#8221; _builder_version=&#8221;4.16&#8243; text_font_size=&#8221;10px&#8221; header_5_text_color=&#8221;#ffffff&#8221; header_5_font_size=&#8221;17px&#8221; header_5_line_height=&#8221;27px&#8221; custom_margin=&#8221;||0px|&#8221; custom_padding=&#8221;||0px|&#8221; global_colors_info=&#8221;{}&#8221;]<\/p>\n<p>&nbsp;<\/p>\n<h5 class=\"purple\">DESCRIPTION<\/h5>\n<p>Through this project, the Slovenian Institute for Adult Education (SIAE) provides professional support to service providers (selected in a <em>Public tender for financing information and guidance and identification and validation of non-formal knowledge and skills of adults from 2016 to 2022<\/em>) that offer information, guidance and validation of non-formal knowledge throughout Slovenia.<\/p>\n<p>The project\u2019s target group is employed adults that need further training, qualification or retraining due to labour market or workplace needs, and its indirect target group is employers, since the activities are aimed at their employees.<\/p>\n<p>Through the network of our service providers, free services are available to employees that need help planning their personal or career path by choosing a suitable educational\/training programme or validating their prior knowledge, with support being available before, during and at the end of their educational process.<\/p>\n<p>Guidance and identification and validation of non-formal knowledge are available to employees to:<\/p>\n<ul>\n<li>acquire education at a higher level,<\/li>\n<li>acquire National Vocational Qualification,<\/li>\n<li>develop general and vocational qualifications,<\/li>\n<li>acquire various certificates (such as language certificates).<\/li>\n<\/ul>\n<p>[\/et_pb_text][\/et_pb_column][\/et_pb_row][et_pb_row _builder_version=&#8221;4.16&#8243; background_size=&#8221;initial&#8221; background_position=&#8221;top_left&#8221; background_repeat=&#8221;repeat&#8221; global_colors_info=&#8221;{}&#8221;][et_pb_column type=&#8221;4_4&#8243; _builder_version=&#8221;4.16&#8243; custom_padding=&#8221;|||&#8221; global_colors_info=&#8221;{}&#8221; custom_padding__hover=&#8221;|||&#8221;][et_pb_text admin_label=&#8221;Aktivnost&#8221; _builder_version=&#8221;4.16&#8243; text_font_size=&#8221;10px&#8221; header_5_text_color=&#8221;#ffffff&#8221; header_5_font_size=&#8221;17px&#8221; header_5_line_height=&#8221;27px&#8221; custom_margin=&#8221;||0px|&#8221; custom_padding=&#8221;||0px|&#8221; global_colors_info=&#8221;{}&#8221;]<\/p>\n<p>&nbsp;<\/p>\n<h5 class=\"purple\">ACTIVITIES<\/h5>\n<p>The project consists of three main activities:<\/p>\n<ul>\n<li>Development of professional materials, programmes and approaches.<\/li>\n<li>Professional support to service providers.<\/li>\n<li>Cooperation with stakeholders.<\/li>\n<\/ul>\n<p>[\/et_pb_text][\/et_pb_column][\/et_pb_row][et_pb_row _builder_version=&#8221;4.16&#8243; background_size=&#8221;initial&#8221; background_position=&#8221;top_left&#8221; background_repeat=&#8221;repeat&#8221; global_colors_info=&#8221;{}&#8221;][et_pb_column type=&#8221;4_4&#8243; _builder_version=&#8221;4.16&#8243; custom_padding=&#8221;|||&#8221; global_colors_info=&#8221;{}&#8221; custom_padding__hover=&#8221;|||&#8221;][et_pb_text admin_label=&#8221;Klju\u010dni dose\u017eki&#8221; _builder_version=&#8221;4.16&#8243; text_font_size=&#8221;10px&#8221; header_5_text_color=&#8221;#ffffff&#8221; header_5_font_size=&#8221;17px&#8221; header_5_line_height=&#8221;27px&#8221; custom_margin=&#8221;||0px|&#8221; custom_padding=&#8221;||0px|&#8221; global_colors_info=&#8221;{}&#8221;]<\/p>\n<p>are\u00a0\u00a0<\/p>\n<h5 class=\"purple\">KEY ACHIEVEMENTS<\/h5>\n<ul>\n<li>8 expert materials (developed an approach to validation in the workplace, e-tool and a guide for the validation of social and civic competences, guide to validation with the use of two new media, guide to measuring the effect of counselling, e-tool and a guide for the validation of cultural awareness and expression competences, manual, guide for the use of new tools),<\/li>\n<li>6 events (for stakeholder information and promotion).<\/li>\n<\/ul>\n<p>Project materials were prepared in Slovenian language and published <a href=\"https:\/\/www.acs.si\/projekti\/projekti-ess\/svetovanje-zaposlenim-2016-2022\/\">here<\/a>.<\/p>\n<p>&nbsp;<\/p>\n<p>[\/et_pb_text][\/et_pb_column][\/et_pb_row][\/et_pb_section]<\/p>\n","protected":false},"excerpt":{"rendered":"<p>&nbsp; Project&#8230;<\/p>\n","protected":false},"author":161,"featured_media":0,"parent":28557,"menu_order":14,"comment_status":"closed","ping_status":"closed","template":"page_projekt.php","meta":{"_acf_changed":false,"_et_pb_use_builder":"on","_et_pb_old_content":"<table class=\"projektTableNew\"><tbody><tr><td>Naziv projekta\/dejanovsti:<\/td><td>Strokovna podpora informativno svetovalni dejavnosti in vrednotenju neformalno pridobljenega znanja 2016\u20132021 (kraj\u0161e Svetovanje zaposlenim 2016\u20132021)<\/td><\/tr><tr><td>\u010casovni okvir<\/td><td>Junij 2016 \u2013 junij 2021<\/td><\/tr><tr><td>Vrednosti projekta<\/td><td>500.000,00\u20ac<\/td><\/tr><tr><td>Financer<\/td><td>Ministrstvo za izobra\u017eevanje, znanost in \u0161port<\/td><\/tr><tr><td>Kontaktna oseba<\/td><td>Mag. Tanja VIli\u010d Klenov\u0161ek (T: 01 5842 584, E: <a href=\"mailto:tanja.vilic.klenovsek@acs.si\">tanja.vilic.klenovsek@acs.si<\/a>)<\/td><\/tr><\/tbody><\/table><h5 class=\"purple\">NAMEN PROJEKTA JE<\/h5><ul><li>razvoj u\u010dinkovitih pristopov informiranja in svetovanja za vklju\u010devanje zaposlenih odraslih in<\/li><li>ugotavljanje in vrednotenje neformalno in prilo\u017enostno pridobljenega znanja zaposlenih,<\/li><li>s ciljem ohranjanja zaposlitev, ve\u010dje fleksibilnosti v zaposlovanju in nadaljnjega razvoja kariere zaposlenih, povezanega z vklju\u010devanjem v nadaljnje izobra\u017eevanje in certificiranje \u017ee pridobljenega znanja.<\/li><\/ul><p>[read more=\"Preberi ve\u010d\" less=\"Preberi manj\"]<\/p><p>Pozornost je zato namenjena predvsem prilagajanju, poglabljanju in nadgrajevanju znanja in kompetenc zaposlenih, ki se danes sre\u010dujejo s \u0161tevilnimi kariernimi spremembami, zato je \u0161e toliko pomembnej\u0161e, da se jim skladno s potrebami na trgu dela zagotovijo bodisi ustrezna izobrazba in\/ali usposobljenost za novo karierno pot ali poglabljanje kariere na njihovem podro\u010dju dela.<\/p><p>[\/read]<\/p><h5 class=\"purple\">CILJI PROJEKTA SO<\/h5><ul><li>razvoj strokovnih gradiv, programov in novih pristopov za izvajanje informativno svetovalne dejavnosti - ISIO,<\/li><li>sodelovanje s socialnimi partnerji in dele\u017eniki ter<\/li><li>izvajanje strokovnega svetovanja.<\/li><\/ul><h5 class=\"purple\">CILJI SKUPINE<\/h5><p>Ciljne skupine v projektu so zaposleni, ki potrebujejo dodatno usposabljanje, kvalifikacije ali prekvalifikacije zaradi potreb na trgu dela in delovnem mestu ter delodajalci.<\/p><p>[read more=\"Preberi ve\u010d\" less=\"Preberi manj\"]<\/p><p>Da bi u\u010dinkovito dosegli ciljne skupine in prispevali k izbolj\u0161anju poklicnih kompetenc zaposlenih, glede na potrebe trga dela ter gradili u\u010dinkovit sistem karierne orientacije, se bodo aktivnosti projekta izvajale za in v sodelovanju z izvajalskimi organizacijami in drugimi dele\u017eniki - vodjami in organizatorji izobra\u017eevanja odraslih, svetovalci v sredi\u0161\u010dih ISIO in v izobra\u017eevanju odraslih, sindikati, zdru\u017eenji delodajalcev in drugimi socialnimi partnerji.<\/p><p>[\/read]<\/p><h5 class=\"purple\">OPIS<\/h5><p>Projekt je nastal kot nadaljevanje aktivnosti na podro\u010dju informiranja in svetovanja ter ugotavljanja in vrednotenja predhodno pridobljenega znanja v preteklem ESS programskem obdobju. Z aktivnostmi smo podpirali dejavnosti, ki so jih preko javnih razpisov za svetovanje in vrednotenje izvajale izvajalske organizacije s podro\u010dja izobra\u017eevanja odraslih.<\/p><p>[read more=\"Preberi ve\u010d\" less=\"Preberi manj\"]<\/p><p>V programskem obdobju 2014\u20132020 \u017eelimo zagotoviti implementacijo rezultatov iz predhodnega obdobja ter se z dejavnostjo osredoto\u010diti na ciljno skupino zaposlenih odraslih, \u0161e posebej manj izobra\u017eenih in izobra\u017eevalno neaktivnih ter starej\u0161ih od 45 let.<\/p><p>[\/read]<\/p><h5 class=\"purple\">AKTIVNOSTI<\/h5><p><strong>PROJEKT ZAJEMA TRI SLEDE\u010cE AKTIVNOSTI:<\/strong> <strong>Aktivnost 1: Razvoj strokovnih gradiv, programov in novih pristopov<\/strong>[read more=\"Preberi ve\u010d\" less=\"Preberi manj\"]<\/p><p>Aktivnost je namenjena razvoju novih pristopov v svetovanju \u2013 za doseganje manj izobra\u017eenih zaposlenih, novih svetovalnih pripomo\u010dkov za svetovanje zaposlenim, razvoju novih orodij za vrednotenje klju\u010dnih kompetenc in drugih podpornih gradiv za ugotavljanje in vrednotenje neformalno in prilo\u017enostno pridobljenega znanja zaposlenih in drugih odraslih, pripravi novih strokovnih gradiv za izobra\u017eevalce odraslih, ki bodo izvajali svetovanje in vrednotenje ter razvoju IKT podpore.<\/p><p>[\/read] <strong>Aktivnost 2: Strokovno svetovanjem izvajalcem<\/strong>[read more=\"Preberi ve\u010d\" less=\"Preberi manj\"]<\/p><p>Strokovno podpiramo na javnem razpisu \u00bbJavni razpis za financiranje dejavnosti informiranja in svetovanja ter za ugotavljanje in vrednotenje neformalno pridobljenega znanja od 2016 do 2022\u00ab izbrane izvajalske organizacije za izpeljevanje aktivnosti svetovanja zaposlenim.<\/p><p>[\/read] <strong>Aktivnost 3: Sodelovanje s socialnimi partnerji in dele\u017eniki<\/strong>[read more=\"Preberi ve\u010d\" less=\"Preberi manj\"]<\/p><p>S strokovnimi in promocijski aktivnostmi se bo razli\u010dne partnerje in dele\u017enike povezovalo na nove in u\u010dinkovitej\u0161e na\u010dine v podporo doseganju na\u010drtovanih kazalnikov.<\/p><p>Hkrati bo zagotovljeno tudi strate\u0161ko in strokovno ume\u0161\u010danje podro\u010dja informiranja in svetovanja ter vrednotenja in priznavanja neformalnega u\u010denja odraslih v omre\u017eje izobra\u017eevanja odraslih in \u0161ir\u0161e v sistem vzgoje in izobra\u017eevanje.<\/p><p>[\/read]<\/p><h5 class=\"purple\">KLJU\u010cNI DOSE\u017dKI<\/h5><p><strong>Namen projekta je 8 strokovnih gradiv:<\/strong><\/p><ul><li>Svetovanje na delovnem mestu (2016)<\/li><li>E-orodje za vrednotenje klju\u010dne kompetence Socialne in dr\u017eavljanske kompetence (2017)<\/li><li>Strokovna vodila za pristop svetovanja preko novega medija (2017)<\/li><\/ul><p>[read more=\"Preberi ve\u010d\" less=\"Preberi manj\"]<\/p><ul><li>Strokovna vodila za merjenje u\u010dinkov svetovanja (2018)<\/li><li>E-orodje za vrednotenje klju\u010dne kompetence Kulturna zavest in izra\u017eanje (2019)<\/li><li>Strokovni priro\u010dnik (2019)<\/li><li>Strokovna vodila za pristop svetovanja preko \u0161e enega novega medija (2020)<\/li><li>Strokovna vodila za uporabo novih pripomo\u010dkov za svetovanje zaposlenih (2021)<\/li><\/ul><p>[\/read]<\/p><p><strong>3 promocijski in 3 strokovni dogodki: <\/strong><\/p><ul><li>Promocijski dogodek v 2016<\/li><li>Strokovni dogodek v 2017<\/li><li>Promocijski dogodek v 2018<\/li><\/ul><p>[read more=\"Preberi ve\u010d\" less=\"Preberi manj\"]<\/p><ul><li>Strokovni dogodek v 2019<\/li><li>Strokovni dogodek v 2020<\/li><li>Promocijski dogodek v 2021 \u2013 zaklju\u010dna konferenca<\/li><\/ul><p>[\/read]<\/p><h5 class=\"purple\">Skrbnik pogodbe<\/h5><p>Mag. Marko \u0160i\u0161ka<\/p>","_et_gb_content_width":"","inline_featured_image":false,"footnotes":""},"class_list":["post-27923","page","type-page","status-publish","hentry"],"acf":[],"yoast_head":"<!-- This site is optimized with the Yoast SEO plugin v26.2 - https:\/\/yoast.com\/wordpress\/plugins\/seo\/ -->\n<title>Guidance for employees 2016\u20132022 | Andrago\u0161ki center Republike Slovenije<\/title>\n<meta name=\"robots\" content=\"index, follow, max-snippet:-1, max-image-preview:large, max-video-preview:-1\" \/>\n<link rel=\"canonical\" href=\"https:\/\/www.acs.si\/en\/projects\/esf-projects\/guidance-for-employees-2016-2021\/\" \/>\n<meta property=\"og:locale\" content=\"en_US\" \/>\n<meta property=\"og:type\" content=\"article\" \/>\n<meta property=\"og:title\" content=\"Guidance for employees 2016\u20132022 | Andrago\u0161ki center Republike Slovenije\" \/>\n<meta property=\"og:description\" content=\"&nbsp; Project...\" \/>\n<meta property=\"og:url\" content=\"https:\/\/www.acs.si\/en\/projects\/esf-projects\/guidance-for-employees-2016-2021\/\" \/>\n<meta property=\"og:site_name\" content=\"Andrago\u0161ki center Republike Slovenije\" \/>\n<meta property=\"article:publisher\" content=\"https:\/\/www.facebook.com\/AndragoskiCenterSlovenije\/\" \/>\n<meta property=\"article:modified_time\" content=\"2024-08-29T06:07:56+00:00\" \/>\n<meta name=\"twitter:card\" content=\"summary_large_image\" \/>\n<meta name=\"twitter:label1\" content=\"Est. reading time\" \/>\n\t<meta name=\"twitter:data1\" content=\"5 minutes\" \/>\n<script type=\"application\/ld+json\" class=\"yoast-schema-graph\">{\"@context\":\"https:\/\/schema.org\",\"@graph\":[{\"@type\":\"WebPage\",\"@id\":\"https:\/\/www.acs.si\/en\/projects\/esf-projects\/guidance-for-employees-2016-2021\/\",\"url\":\"https:\/\/www.acs.si\/en\/projects\/esf-projects\/guidance-for-employees-2016-2021\/\",\"name\":\"Guidance for employees 2016\u20132022 | Andrago\u0161ki center Republike Slovenije\",\"isPartOf\":{\"@id\":\"https:\/\/www.acs.si\/#website\"},\"datePublished\":\"2018-08-28T12:38:55+00:00\",\"dateModified\":\"2024-08-29T06:07:56+00:00\",\"breadcrumb\":{\"@id\":\"https:\/\/www.acs.si\/en\/projects\/esf-projects\/guidance-for-employees-2016-2021\/#breadcrumb\"},\"inLanguage\":\"en-US\",\"potentialAction\":[{\"@type\":\"ReadAction\",\"target\":[\"https:\/\/www.acs.si\/en\/projects\/esf-projects\/guidance-for-employees-2016-2021\/\"]}]},{\"@type\":\"BreadcrumbList\",\"@id\":\"https:\/\/www.acs.si\/en\/projects\/esf-projects\/guidance-for-employees-2016-2021\/#breadcrumb\",\"itemListElement\":[{\"@type\":\"ListItem\",\"position\":1,\"name\":\"Home\",\"item\":\"https:\/\/www.acs.si\/en\/\"},{\"@type\":\"ListItem\",\"position\":2,\"name\":\"Projects\",\"item\":\"https:\/\/www.acs.si\/en\/projects\/\"},{\"@type\":\"ListItem\",\"position\":3,\"name\":\"ESF projects\",\"item\":\"https:\/\/www.acs.si\/en\/projects\/esf-projects\/\"},{\"@type\":\"ListItem\",\"position\":4,\"name\":\"Guidance for employees 2016\u20132022\"}]},{\"@type\":\"WebSite\",\"@id\":\"https:\/\/www.acs.si\/#website\",\"url\":\"https:\/\/www.acs.si\/\",\"name\":\"Andrago\u0161ki center Republike Slovenije\",\"description\":\"\",\"potentialAction\":[{\"@type\":\"SearchAction\",\"target\":{\"@type\":\"EntryPoint\",\"urlTemplate\":\"https:\/\/www.acs.si\/?s={search_term_string}\"},\"query-input\":{\"@type\":\"PropertyValueSpecification\",\"valueRequired\":true,\"valueName\":\"search_term_string\"}}],\"inLanguage\":\"en-US\"}]}<\/script>\n<!-- \/ Yoast SEO plugin. -->","yoast_head_json":{"title":"Guidance for employees 2016\u20132022 | Andrago\u0161ki center Republike Slovenije","robots":{"index":"index","follow":"follow","max-snippet":"max-snippet:-1","max-image-preview":"max-image-preview:large","max-video-preview":"max-video-preview:-1"},"canonical":"https:\/\/www.acs.si\/en\/projects\/esf-projects\/guidance-for-employees-2016-2021\/","og_locale":"en_US","og_type":"article","og_title":"Guidance for employees 2016\u20132022 | Andrago\u0161ki center Republike Slovenije","og_description":"&nbsp; Project...","og_url":"https:\/\/www.acs.si\/en\/projects\/esf-projects\/guidance-for-employees-2016-2021\/","og_site_name":"Andrago\u0161ki center Republike Slovenije","article_publisher":"https:\/\/www.facebook.com\/AndragoskiCenterSlovenije\/","article_modified_time":"2024-08-29T06:07:56+00:00","twitter_card":"summary_large_image","twitter_misc":{"Est. reading time":"5 minutes"},"schema":{"@context":"https:\/\/schema.org","@graph":[{"@type":"WebPage","@id":"https:\/\/www.acs.si\/en\/projects\/esf-projects\/guidance-for-employees-2016-2021\/","url":"https:\/\/www.acs.si\/en\/projects\/esf-projects\/guidance-for-employees-2016-2021\/","name":"Guidance for employees 2016\u20132022 | Andrago\u0161ki center Republike Slovenije","isPartOf":{"@id":"https:\/\/www.acs.si\/#website"},"datePublished":"2018-08-28T12:38:55+00:00","dateModified":"2024-08-29T06:07:56+00:00","breadcrumb":{"@id":"https:\/\/www.acs.si\/en\/projects\/esf-projects\/guidance-for-employees-2016-2021\/#breadcrumb"},"inLanguage":"en-US","potentialAction":[{"@type":"ReadAction","target":["https:\/\/www.acs.si\/en\/projects\/esf-projects\/guidance-for-employees-2016-2021\/"]}]},{"@type":"BreadcrumbList","@id":"https:\/\/www.acs.si\/en\/projects\/esf-projects\/guidance-for-employees-2016-2021\/#breadcrumb","itemListElement":[{"@type":"ListItem","position":1,"name":"Home","item":"https:\/\/www.acs.si\/en\/"},{"@type":"ListItem","position":2,"name":"Projects","item":"https:\/\/www.acs.si\/en\/projects\/"},{"@type":"ListItem","position":3,"name":"ESF projects","item":"https:\/\/www.acs.si\/en\/projects\/esf-projects\/"},{"@type":"ListItem","position":4,"name":"Guidance for employees 2016\u20132022"}]},{"@type":"WebSite","@id":"https:\/\/www.acs.si\/#website","url":"https:\/\/www.acs.si\/","name":"Andrago\u0161ki center Republike Slovenije","description":"","potentialAction":[{"@type":"SearchAction","target":{"@type":"EntryPoint","urlTemplate":"https:\/\/www.acs.si\/?s={search_term_string}"},"query-input":{"@type":"PropertyValueSpecification","valueRequired":true,"valueName":"search_term_string"}}],"inLanguage":"en-US"}]}},"_links":{"self":[{"href":"https:\/\/www.acs.si\/en\/wp-json\/wp\/v2\/pages\/27923","targetHints":{"allow":["GET"]}}],"collection":[{"href":"https:\/\/www.acs.si\/en\/wp-json\/wp\/v2\/pages"}],"about":[{"href":"https:\/\/www.acs.si\/en\/wp-json\/wp\/v2\/types\/page"}],"author":[{"embeddable":true,"href":"https:\/\/www.acs.si\/en\/wp-json\/wp\/v2\/users\/161"}],"replies":[{"embeddable":true,"href":"https:\/\/www.acs.si\/en\/wp-json\/wp\/v2\/comments?post=27923"}],"version-history":[{"count":7,"href":"https:\/\/www.acs.si\/en\/wp-json\/wp\/v2\/pages\/27923\/revisions"}],"predecessor-version":[{"id":74150,"href":"https:\/\/www.acs.si\/en\/wp-json\/wp\/v2\/pages\/27923\/revisions\/74150"}],"up":[{"embeddable":true,"href":"https:\/\/www.acs.si\/en\/wp-json\/wp\/v2\/pages\/28557"}],"wp:attachment":[{"href":"https:\/\/www.acs.si\/en\/wp-json\/wp\/v2\/media?parent=27923"}],"curies":[{"name":"wp","href":"https:\/\/api.w.org\/{rel}","templated":true}]}}