{"id":27917,"date":"2018-08-28T12:25:58","date_gmt":"2018-08-28T11:25:58","guid":{"rendered":"http:\/\/www.acs.si\/?page_id=27917"},"modified":"2021-05-05T15:16:36","modified_gmt":"2021-05-05T13:16:36","slug":"skillhubs","status":"publish","type":"page","link":"https:\/\/www.acs.si\/en\/projects\/international\/skillhubs\/","title":{"rendered":"SkillHUBS (2018\u20132020)"},"content":{"rendered":"<p>[et_pb_section fb_built=&#8221;1&#8243; _builder_version=&#8221;3.22&#8243; custom_padding=&#8221;0px|||&#8221;][et_pb_row column_structure=&#8221;1_3,2_3&#8243; make_equal=&#8221;on&#8221; module_class=&#8221;logo-img-cont &#8221; _builder_version=&#8221;3.25&#8243; custom_margin=&#8221;||20px|&#8221; custom_padding=&#8221;0px||0px|&#8221; border_width_all=&#8221;1px&#8221; border_color_all=&#8221;#cdd1d6&#8243;][et_pb_column type=&#8221;1_3&#8243; _builder_version=&#8221;3.25&#8243; custom_padding=&#8221;|||&#8221; custom_padding__hover=&#8221;|||&#8221;][et_pb_image src=&#8221;https:\/\/www.acs.si\/wp-content\/uploads\/2018\/03\/OI-SkillHUBS.png&#8221; url=&#8221;https:\/\/pismenost.acs.si\/en\/international-projects\/skillhubs\/&#8221; url_new_window=&#8221;on&#8221; align=&#8221;center&#8221; align_tablet=&#8221;center&#8221; align_phone=&#8221;&#8221; align_last_edited=&#8221;on|desktop&#8221; module_class=&#8221;logo-img&#8221; _builder_version=&#8221;3.23&#8243; custom_padding=&#8221;10px|10px|10px|10px&#8221;][\/et_pb_image][\/et_pb_column][et_pb_column type=&#8221;2_3&#8243; _builder_version=&#8221;3.25&#8243; custom_padding=&#8221;|||&#8221; custom_padding__hover=&#8221;|||&#8221;][et_pb_text _builder_version=&#8221;3.27.4&#8243; custom_padding=&#8221;20px|20px|20px|20px&#8221; border_width_left=&#8221;1px&#8221; border_color_left=&#8221;#cdd1d6&#8243;]<\/p>\n<p>\u00a0<\/p>\n<table class=\"projektTable\">\n<tbody>\n<tr>\n<td style=\"width: 119px;\">Project<\/td>\n<td style=\"width: 764px;\">Transnational prison up-skilling and training model \u2013 SkillHUBS<\/td>\n<\/tr>\n<tr>\n<td style=\"width: 119px;\">Time period<\/td>\n<td style=\"width: 764px;\">1 January 2018 \u2013 30 June 2020<\/td>\n<\/tr>\n<tr>\n<td style=\"width: 119px;\">Programme<\/td>\n<td style=\"width: 764px;\">Erasmus+, KA3<\/td>\n<\/tr>\n<tr>\n<td style=\"width: 119px;\">Partners<\/td>\n<td style=\"width: 764px;\">Centre for Education and Culture Trebnje \u2013 CIK Trebnje (coordinator)<br \/>Slovenian Institute for Adult Education \u2013 SIAE, European Association for the Education of Adults \u2013 EAEA (Belgium), International Corrections and Prison Association (The Netherlands), University of Malta (Malta), Learning and Work Institute (Great Britain), Baia Mara Penitentiary (Romania)<\/td>\n<\/tr>\n<tr>\n<td style=\"width: 119px;\">Contact<\/td>\n<td style=\"width: 764px;\">Estera Mo\u017eina, MSc<br \/>T: +386 1 584 2591<br \/>E: <a href=\"mailto:ester.mozina@acs.si\">ester.mozina@acs.si<\/a><\/td>\n<\/tr>\n<\/tbody>\n<\/table>\n<p>\u00a0<\/p>\n<p>[\/et_pb_text][\/et_pb_column][\/et_pb_row][et_pb_row _builder_version=&#8221;3.25&#8243; background_size=&#8221;initial&#8221; background_position=&#8221;top_left&#8221; background_repeat=&#8221;repeat&#8221;][et_pb_column type=&#8221;4_4&#8243; _builder_version=&#8221;3.25&#8243; custom_padding=&#8221;|||&#8221; custom_padding__hover=&#8221;|||&#8221;][et_pb_text admin_label=&#8221;Namen&#8221; _builder_version=&#8221;3.27.4&#8243; text_font_size=&#8221;10px&#8221; header_5_text_color=&#8221;#ffffff&#8221; header_5_font_size=&#8221;17px&#8221; header_5_line_height=&#8221;27px&#8221; custom_margin=&#8221;||0px|&#8221; custom_padding=&#8221;||0px|&#8221;]<\/p>\n<p>\n&nbsp;<\/p>\n<h5 class=\"purple\">AIM<\/h5>\n<p>The adult education profession in Slovenia, including the SIAE, does not systematically work on education of prisoners. Educational needs and characteristics of prisoners are largely unresearched; there is no theoretical of expert groundwork for education and training of people in prisons. Only the guidance part of the Guidance and orientation centres is somewhat focused on the field of prisoner education.<\/p>\n<p>[\/et_pb_text][et_pb_toggle title=&#8221;Read more&#8221; admin_label=&#8221;Preberi ve\u010d&#8221; _builder_version=&#8221;3.4.1&#8243;]<\/p>\n<p>\n&nbsp;<\/p>\n<p>This means that adult education organisations are left to their own devices when it comes to adaptation of existing programmes and approaches to prisoners.<\/p>\n<p>The aim of this project is to attempt to develop a comprehensive model for identification of educational needs and development of basic competences of people in prisons that will help them re-integrate into society after the end of their prison sentence.<\/p>\n<p>[\/et_pb_toggle][\/et_pb_column][\/et_pb_row][et_pb_row _builder_version=&#8221;3.25&#8243; background_size=&#8221;initial&#8221; background_position=&#8221;top_left&#8221; background_repeat=&#8221;repeat&#8221;][et_pb_column type=&#8221;4_4&#8243; _builder_version=&#8221;3.25&#8243; custom_padding=&#8221;|||&#8221; custom_padding__hover=&#8221;|||&#8221;][et_pb_text admin_label=&#8221;Cilji projekta&#8221; _builder_version=&#8221;3.27.4&#8243; text_font_size=&#8221;10px&#8221; header_5_text_color=&#8221;#ffffff&#8221; header_5_font_size=&#8221;17px&#8221; header_5_line_height=&#8221;27px&#8221; custom_margin=&#8221;||0px|&#8221; custom_padding=&#8221;||0px|&#8221;]<\/p>\n<p>\n&nbsp;<\/p>\n<h5 class=\"purple\">OBJECTIVES<\/h5>\n<ul>\n<li>Development of professional knowledge and competences of counsellors \/ mentors for assessment, evaluation and development of basic skill in prisoners.<\/li>\n<li>Education and training of prisoners in basic and transferable skills related to their current or future vocational development using an innovative and transferable model.<\/li>\n<li>Preparation of recommendations for implementation of the mode into the national educational systems.<\/li>\n<\/ul>\n<p>[\/et_pb_text][\/et_pb_column][\/et_pb_row][et_pb_row _builder_version=&#8221;3.25&#8243; background_size=&#8221;initial&#8221; background_position=&#8221;top_left&#8221; background_repeat=&#8221;repeat&#8221;][et_pb_column type=&#8221;4_4&#8243; _builder_version=&#8221;3.25&#8243; custom_padding=&#8221;|||&#8221; custom_padding__hover=&#8221;|||&#8221;][et_pb_text admin_label=&#8221;Opis&#8221; _builder_version=&#8221;3.27.4&#8243; text_font_size=&#8221;10px&#8221; header_5_text_color=&#8221;#ffffff&#8221; header_5_font_size=&#8221;17px&#8221; header_5_line_height=&#8221;27px&#8221; custom_margin=&#8221;||0px|&#8221; custom_padding=&#8221;||0px|&#8221;]<\/p>\n<p>\n&nbsp;<\/p>\n<h5 class=\"purple\">DESCRIPTION<\/h5>\n<p>As part of the project, we want to develop models of innovative approaches to assessment, evaluation and recognition of knowledge and to development or re-qualification of prisoners whose specific needs require different approaches. An essential part of this approach is development of a comprehensive individualised methodology for recording educational achievements of prisoners that will include educational goals, learning content, recording of developed skills, mentors notes on progress, etc.<\/p>\n<p>[\/et_pb_text][et_pb_toggle title=&#8221;Read more&#8221; admin_label=&#8221;Preberi ve\u010d&#8221; _builder_version=&#8221;3.4.1&#8243;]<\/p>\n<p>\n&nbsp;<\/p>\n<p>The prisoners will be able to attach the record of achievement to their personal portfolio, such as the European Skills Passport or the Nefix portfolio. The project will focus on basic competences in language, mathematics and digital skills and on transferable skills in problem solving, critical thinking and creativity. The model will be tested in practice on a selected number of prisoners, whose achievements within the project will be evaluated separately.<\/p>\n<p>[\/et_pb_toggle][\/et_pb_column][\/et_pb_row][et_pb_row _builder_version=&#8221;3.25&#8243; background_size=&#8221;initial&#8221; background_position=&#8221;top_left&#8221; background_repeat=&#8221;repeat&#8221;][et_pb_column type=&#8221;4_4&#8243; _builder_version=&#8221;3.25&#8243; custom_padding=&#8221;|||&#8221; custom_padding__hover=&#8221;|||&#8221;][et_pb_text admin_label=&#8221;Klju\u010dni dose\u017eki&#8221; _builder_version=&#8221;3.27.4&#8243; text_font_size=&#8221;10px&#8221; header_5_text_color=&#8221;#ffffff&#8221; header_5_font_size=&#8221;17px&#8221; header_5_line_height=&#8221;27px&#8221; custom_margin=&#8221;||0px|&#8221; custom_padding=&#8221;||0px|&#8221;]<\/p>\n<p>\n&nbsp;<\/p>\n<h5 class=\"purple\">KEY ACHIEVEMENTS<\/h5>\n<p>The expected results of the project are new models of innovative approaches to assessment, evaluation, recognition of knowledge and development or re-qualification of prisoners.<\/p>\n<p>[\/et_pb_text][\/et_pb_column][\/et_pb_row][\/et_pb_section]<\/p>\n","protected":false},"excerpt":{"rendered":"<p>\u00a0 Project&#8230;<\/p>\n","protected":false},"author":161,"featured_media":0,"parent":28549,"menu_order":6,"comment_status":"closed","ping_status":"closed","template":"page_projekt.php","meta":{"_acf_changed":false,"_et_pb_use_builder":"on","_et_pb_old_content":"<table class=\"projektTable\">\r\n\t<tbody>\r\n\t\t<tr>\r\n\t\t\t<td>Naziv projekta (v angle\u0161\u010dini)<\/td>\r\n\t\t\t<td>Razvoj modelov izobra\u017eevanja zaprtih oseb (Transnational prison up-skilling and training model  - SkillHUBS)<\/td>\r\n\t\t<\/tr>\r\n\t\t<tr>\r\n\t\t\t<td>\u010casovni okvir<\/td>\r\n\t\t\t<td>november,  2017 \u2013 april,  2020<\/td>\r\n\t\t<\/tr>\r\n\t\t<tr>\r\n\t\t\t<td>Program<\/td>\r\n\t\t\t<td>K3:  Support for Policy Reform \u2013 Innitiatives for Policy Innovation \u2013 Forward Looking Cooperation Projects<\/td>\r\n\t\t<\/tr>\r\n\t\t\r\n\t\t\t\t<tr>\r\n\t\t\t<td>Partnerji<\/td>\r\n\t\t\t<td>Slovenija, CIK Trebnje, Belgija (EAEA),  Malta (University of Malta), Nizozemska (Stitching Foundation), Romunija, (Penitenciaul Baia Mare), Slovenija (Andrago\u0161ki center Slovenije), Velika Britanja (Life and Work Institute) <\/td>\r\n\t\t<\/tr>\r\n\t\t<tr>\r\n\t\t\t<td>Kontaktna oseba<\/td>\r\n\t\t\t<td>Mag. Estera Mo\u017eina (T: 01 584 2591, E: <a href=\"mailto:ester.mozina@acs.si\">ester.mozina@acs.si<\/a>)<\/td>\r\n\t\t<\/tr>\r\n\r\n<\/tbody>\r\n<\/table>\r\n\t\t\t\r\n\r\n[accordion]\r\n[accordion-item title=\"Namen\"]\r\n<p>Andrago\u0161ka stroka v Sloveniji in tudi ACS se ne ukvarjata sistemati\u010dno z izobra\u017eevanjem zapornikov.  Izobra\u017eevalne potrebe in zna\u010dilnosti zapornikov so v veliki meri neraziskane, ni razvitih teoretskih in strokovnih podlag izobra\u017eevanja in usposabljanja  zaprtih oseb. Nekoliko bolj se s podro\u010djem izobra\u017eevanja zaprtih oseb v Sloveniji ukvarja le podro\u010dje svetovanja v okviru Sredi\u0161\u010d za informiranje in svetovanje. Izobra\u017eevalne organizacije za odrasle so v te pogledu prepu\u0161\u010dene same sebi, obstoje\u010de izobra\u017eevalne programe in pristope posku\u0161ajo prilagoditi zaprtim osebam.  <\/p>\r\n<p>Obstoje\u010di projekt pomeni poskus, da se razvije celovit model ugotavljanja izobra\u017eevalnih potreb in razvoja temeljnih zmo\u017enosti zaprtih oseb, ki bi jim po prestani kazni pomagal pri ponovnem vklju\u010devanju v dru\u017ebo in na trg dela. <\/p>\r\n[\/accordion-item]\r\n[\/accordion]\r\n\r\n\r\n[accordion]\r\n[accordion-item title=\"Cilji\"]\r\n<p><ul>\r\n\t\t\t\t<li>Razvoj strokovnih znanj in kompetenc svetovalcev \/ mentorjev za ocenjevanje, vrednotenje in razvoj temeljnih spretnosti pri zaprtih osebah. <\/li>\r\n\t\t\t\t<li>Izobra\u017eevanje in usposabljanje zaprtih oseb na podro\u010dju temeljnih in prenosljivih temeljnih spretnosti za potrebe sedanjega in prihodnjega poklicnega razvoja s pomo\u010djo inovativnega in prenosljivega modela.<\/li>\r\n\t\t\t\t<li>Priprava priporo\u010dil za uvajanje modela v nacionalne sisteme izobra\u017eevanja.<\/li>\r\n\t\t\t\t<li>Diseminacija in osve\u0161\u010danje dele\u017enikov o rezultatih projekta.<\/li>\r\n\t\t\t<\/ul> <\/p>\r\n[\/accordion-item]\r\n[\/accordion]\r\n\t\t\r\n[accordion]\r\n[accordion-item title=\"Opis\"]\r\n<p>V okviru projekta se \u017eeli razviti modele inovativnih pristopov za ocenjevanje, vrednotenje, priznavanje ter za razvijanje ali prekvalificiranje zaprtih oseb, ki zaradi svojih specifi\u010dnih potreb potrebujejo druga\u010den pristop.  Sestavni del pristopa je tudi razvoj celovite individualizirane metodologije za popis u\u010dnih dose\u017ekov zaprtih oseb, ki bo vsebovala izobra\u017eevalne cilje, vsebine izobra\u017eevanja, popis razvitih spretnosti, mentorjeve zapise o napredku ipd. Zaprte osebe bodo lahko prilo\u017eile popis dose\u017ekov v osebni portfolijo, kot je denimo Evropski potni list o spretnostih in Nefix porfolijo.  V projektu se bodo posebej osredoto\u010dali na temeljne zmo\u017enosti besedilnih, matemati\u010dnih in digitalnih spretnosti, ter na prenosljive spretnosti re\u0161evanje problemov, kriti\u010dno mi\u0161ljenje in ustvarjalnost. Model bo prakti\u010dno preizku\u0161en v izbrane \u0161tevilu zaprtih oseb, pri \u010demer se bodo posebej vrednotili njihovi dose\u017eki v okviru projekta.<\/p>\r\n[\/accordion-item]\r\n[\/accordion]\r\n\r\n[accordion]\r\n[accordion-item title=\"Klju\u010dni dose\u017eki\"]\r\n<p>Pri\u010dakovani dose\u017eeni rezultati so novi modeli inovativnih pristopov za ocenjevanje, vrednotenje, priznavanje ter za razvijanje ali prekvalificiranje zaprtih oseb<\/p>\r\n[\/accordion-item]\r\n[\/accordion]","_et_gb_content_width":"","inline_featured_image":false,"footnotes":""},"class_list":["post-27917","page","type-page","status-publish","hentry"],"acf":[],"yoast_head":"<!-- This site is optimized with the Yoast SEO plugin v26.2 - https:\/\/yoast.com\/wordpress\/plugins\/seo\/ -->\n<title>SkillHUBS (2018\u20132020) | Andrago\u0161ki center Republike Slovenije<\/title>\n<meta name=\"robots\" content=\"index, follow, max-snippet:-1, max-image-preview:large, max-video-preview:-1\" \/>\n<link rel=\"canonical\" href=\"https:\/\/www.acs.si\/en\/projects\/international\/skillhubs\/\" \/>\n<meta property=\"og:locale\" content=\"en_US\" \/>\n<meta property=\"og:type\" content=\"article\" \/>\n<meta property=\"og:title\" content=\"SkillHUBS (2018\u20132020) | Andrago\u0161ki center Republike Slovenije\" \/>\n<meta property=\"og:description\" content=\"\u00a0 Project...\" \/>\n<meta property=\"og:url\" content=\"https:\/\/www.acs.si\/en\/projects\/international\/skillhubs\/\" \/>\n<meta property=\"og:site_name\" content=\"Andrago\u0161ki center Republike Slovenije\" \/>\n<meta property=\"article:publisher\" content=\"https:\/\/www.facebook.com\/AndragoskiCenterSlovenije\/\" \/>\n<meta property=\"article:modified_time\" content=\"2021-05-05T13:16:36+00:00\" \/>\n<meta name=\"twitter:card\" content=\"summary_large_image\" \/>\n<meta name=\"twitter:label1\" content=\"Est. reading time\" \/>\n\t<meta name=\"twitter:data1\" content=\"4 minutes\" \/>\n<script type=\"application\/ld+json\" class=\"yoast-schema-graph\">{\"@context\":\"https:\/\/schema.org\",\"@graph\":[{\"@type\":\"WebPage\",\"@id\":\"https:\/\/www.acs.si\/en\/projects\/international\/skillhubs\/\",\"url\":\"https:\/\/www.acs.si\/en\/projects\/international\/skillhubs\/\",\"name\":\"SkillHUBS (2018\u20132020) | Andrago\u0161ki center Republike Slovenije\",\"isPartOf\":{\"@id\":\"https:\/\/www.acs.si\/#website\"},\"datePublished\":\"2018-08-28T11:25:58+00:00\",\"dateModified\":\"2021-05-05T13:16:36+00:00\",\"breadcrumb\":{\"@id\":\"https:\/\/www.acs.si\/en\/projects\/international\/skillhubs\/#breadcrumb\"},\"inLanguage\":\"en-US\",\"potentialAction\":[{\"@type\":\"ReadAction\",\"target\":[\"https:\/\/www.acs.si\/en\/projects\/international\/skillhubs\/\"]}]},{\"@type\":\"BreadcrumbList\",\"@id\":\"https:\/\/www.acs.si\/en\/projects\/international\/skillhubs\/#breadcrumb\",\"itemListElement\":[{\"@type\":\"ListItem\",\"position\":1,\"name\":\"Home\",\"item\":\"https:\/\/www.acs.si\/en\/\"},{\"@type\":\"ListItem\",\"position\":2,\"name\":\"Projects\",\"item\":\"https:\/\/www.acs.si\/en\/projects\/\"},{\"@type\":\"ListItem\",\"position\":3,\"name\":\"International\",\"item\":\"https:\/\/www.acs.si\/en\/projects\/international\/\"},{\"@type\":\"ListItem\",\"position\":4,\"name\":\"SkillHUBS (2018\u20132020)\"}]},{\"@type\":\"WebSite\",\"@id\":\"https:\/\/www.acs.si\/#website\",\"url\":\"https:\/\/www.acs.si\/\",\"name\":\"Andrago\u0161ki center Republike Slovenije\",\"description\":\"\",\"potentialAction\":[{\"@type\":\"SearchAction\",\"target\":{\"@type\":\"EntryPoint\",\"urlTemplate\":\"https:\/\/www.acs.si\/?s={search_term_string}\"},\"query-input\":{\"@type\":\"PropertyValueSpecification\",\"valueRequired\":true,\"valueName\":\"search_term_string\"}}],\"inLanguage\":\"en-US\"}]}<\/script>\n<!-- \/ Yoast SEO plugin. -->","yoast_head_json":{"title":"SkillHUBS (2018\u20132020) | Andrago\u0161ki center Republike Slovenije","robots":{"index":"index","follow":"follow","max-snippet":"max-snippet:-1","max-image-preview":"max-image-preview:large","max-video-preview":"max-video-preview:-1"},"canonical":"https:\/\/www.acs.si\/en\/projects\/international\/skillhubs\/","og_locale":"en_US","og_type":"article","og_title":"SkillHUBS (2018\u20132020) | Andrago\u0161ki center Republike Slovenije","og_description":"\u00a0 Project...","og_url":"https:\/\/www.acs.si\/en\/projects\/international\/skillhubs\/","og_site_name":"Andrago\u0161ki center Republike Slovenije","article_publisher":"https:\/\/www.facebook.com\/AndragoskiCenterSlovenije\/","article_modified_time":"2021-05-05T13:16:36+00:00","twitter_card":"summary_large_image","twitter_misc":{"Est. reading time":"4 minutes"},"schema":{"@context":"https:\/\/schema.org","@graph":[{"@type":"WebPage","@id":"https:\/\/www.acs.si\/en\/projects\/international\/skillhubs\/","url":"https:\/\/www.acs.si\/en\/projects\/international\/skillhubs\/","name":"SkillHUBS (2018\u20132020) | Andrago\u0161ki center Republike Slovenije","isPartOf":{"@id":"https:\/\/www.acs.si\/#website"},"datePublished":"2018-08-28T11:25:58+00:00","dateModified":"2021-05-05T13:16:36+00:00","breadcrumb":{"@id":"https:\/\/www.acs.si\/en\/projects\/international\/skillhubs\/#breadcrumb"},"inLanguage":"en-US","potentialAction":[{"@type":"ReadAction","target":["https:\/\/www.acs.si\/en\/projects\/international\/skillhubs\/"]}]},{"@type":"BreadcrumbList","@id":"https:\/\/www.acs.si\/en\/projects\/international\/skillhubs\/#breadcrumb","itemListElement":[{"@type":"ListItem","position":1,"name":"Home","item":"https:\/\/www.acs.si\/en\/"},{"@type":"ListItem","position":2,"name":"Projects","item":"https:\/\/www.acs.si\/en\/projects\/"},{"@type":"ListItem","position":3,"name":"International","item":"https:\/\/www.acs.si\/en\/projects\/international\/"},{"@type":"ListItem","position":4,"name":"SkillHUBS (2018\u20132020)"}]},{"@type":"WebSite","@id":"https:\/\/www.acs.si\/#website","url":"https:\/\/www.acs.si\/","name":"Andrago\u0161ki center Republike Slovenije","description":"","potentialAction":[{"@type":"SearchAction","target":{"@type":"EntryPoint","urlTemplate":"https:\/\/www.acs.si\/?s={search_term_string}"},"query-input":{"@type":"PropertyValueSpecification","valueRequired":true,"valueName":"search_term_string"}}],"inLanguage":"en-US"}]}},"_links":{"self":[{"href":"https:\/\/www.acs.si\/en\/wp-json\/wp\/v2\/pages\/27917","targetHints":{"allow":["GET"]}}],"collection":[{"href":"https:\/\/www.acs.si\/en\/wp-json\/wp\/v2\/pages"}],"about":[{"href":"https:\/\/www.acs.si\/en\/wp-json\/wp\/v2\/types\/page"}],"author":[{"embeddable":true,"href":"https:\/\/www.acs.si\/en\/wp-json\/wp\/v2\/users\/161"}],"replies":[{"embeddable":true,"href":"https:\/\/www.acs.si\/en\/wp-json\/wp\/v2\/comments?post=27917"}],"version-history":[{"count":11,"href":"https:\/\/www.acs.si\/en\/wp-json\/wp\/v2\/pages\/27917\/revisions"}],"predecessor-version":[{"id":40788,"href":"https:\/\/www.acs.si\/en\/wp-json\/wp\/v2\/pages\/27917\/revisions\/40788"}],"up":[{"embeddable":true,"href":"https:\/\/www.acs.si\/en\/wp-json\/wp\/v2\/pages\/28549"}],"wp:attachment":[{"href":"https:\/\/www.acs.si\/en\/wp-json\/wp\/v2\/media?parent=27917"}],"curies":[{"name":"wp","href":"https:\/\/api.w.org\/{rel}","templated":true}]}}