{"id":27914,"date":"2018-08-28T10:35:44","date_gmt":"2018-08-28T09:35:44","guid":{"rendered":"http:\/\/www.acs.si\/?page_id=27914"},"modified":"2022-09-16T12:29:51","modified_gmt":"2022-09-16T10:29:51","slug":"profi-train","status":"publish","type":"page","link":"https:\/\/www.acs.si\/en\/projects\/international\/profi-train\/","title":{"rendered":"Profi-Train (2017\u20132020)"},"content":{"rendered":"<p>[et_pb_section fb_built=&#8221;1&#8243; _builder_version=&#8221;4.16&#8243; custom_padding=&#8221;0px|||&#8221; global_colors_info=&#8221;{}&#8221;][et_pb_row column_structure=&#8221;1_3,2_3&#8243; make_equal=&#8221;on&#8221; module_class=&#8221;logo-img-cont &#8221; _builder_version=&#8221;4.16&#8243; custom_margin=&#8221;||20px|&#8221; custom_padding=&#8221;0px||0px|&#8221; border_width_all=&#8221;1px&#8221; border_color_all=&#8221;#cdd1d6&#8243; global_colors_info=&#8221;{}&#8221;][et_pb_column type=&#8221;1_3&#8243; _builder_version=&#8221;4.16&#8243; custom_padding=&#8221;|||&#8221; global_colors_info=&#8221;{}&#8221; custom_padding__hover=&#8221;|||&#8221;][et_pb_image src=&#8221;https:\/\/www.acs.si\/wp-content\/uploads\/2018\/03\/OI-Profi-Train.png&#8221; url=&#8221;https:\/\/pismenost.acs.si\/en\/international-projects\/profi-train\/&#8221; url_new_window=&#8221;on&#8221; align=&#8221;center&#8221; align_tablet=&#8221;center&#8221; align_phone=&#8221;&#8221; align_last_edited=&#8221;on|desktop&#8221; module_class=&#8221;logo-img&#8221; _builder_version=&#8221;4.16&#8243; custom_padding=&#8221;10px|10px|10px|10px&#8221; border_color_right=&#8221;#cdd1d6&#8243; global_colors_info=&#8221;{}&#8221;][\/et_pb_image][\/et_pb_column][et_pb_column type=&#8221;2_3&#8243; _builder_version=&#8221;4.16&#8243; custom_padding=&#8221;|||&#8221; global_colors_info=&#8221;{}&#8221; custom_padding__hover=&#8221;|||&#8221;][et_pb_text _builder_version=&#8221;4.16&#8243; custom_padding=&#8221;20px|20px|20px|20px&#8221; border_width_left=&#8221;1px&#8221; border_color_left=&#8221;#cdd1d6&#8243; global_colors_info=&#8221;{}&#8221;]<\/p>\n<p>&nbsp;<\/p>\n<table class=\"projektTable\">\n<tbody>\n<tr>\n<td>Project<\/td>\n<td>Trainer-competence for work-based basic skills \u2013 Profi-Train<\/td>\n<\/tr>\n<tr>\n<td>Time period<\/td>\n<td>September 2017 \u2013 August 2020<\/td>\n<\/tr>\n<tr>\n<td>Programme<\/td>\n<td>Erasmus+, KA2<\/td>\n<\/tr>\n<tr>\n<td>Partners<\/td>\n<td>bbb B\u00fcro f\u00fcr Berufliche Bildungsplanung, R. Klein und Partner GbR (coordinator)<br \/>\nSlovenian Institute for Adult Education &#8211; SIAE, BEST Institut f\u00fcr berufsbezogene Weiterbildung und Personaltraining GmbH, \u00a0Centre for Support and Advancement of Employment for women in Thessaloniki \u2013 Ergani, ERUDICIO nadacni fond, Ministry for Education and Employment Malta; Schweizerischer Verband f\u00fcr Erwachsenenbildung \u2013 SVEB (silent partner)<\/td>\n<\/tr>\n<tr>\n<td>Contact<\/td>\n<td>Estera Mo\u017eina, MSc<br \/>\nT: +386 1 584 2591<br \/>\nE: <a href=\"mailto:ester.mozina@acs.si\">ester.mozina@acs.si<\/a><\/td>\n<\/tr>\n<\/tbody>\n<\/table>\n<p>&nbsp;<\/p>\n<p>[\/et_pb_text][\/et_pb_column][\/et_pb_row][et_pb_row _builder_version=&#8221;4.16&#8243; background_size=&#8221;initial&#8221; background_position=&#8221;top_left&#8221; background_repeat=&#8221;repeat&#8221; global_colors_info=&#8221;{}&#8221;][et_pb_column type=&#8221;4_4&#8243; _builder_version=&#8221;4.16&#8243; custom_padding=&#8221;|||&#8221; global_colors_info=&#8221;{}&#8221; custom_padding__hover=&#8221;|||&#8221;][et_pb_text admin_label=&#8221;Namen&#8221; _builder_version=&#8221;4.16&#8243; text_font_size=&#8221;10px&#8221; header_5_text_color=&#8221;#ffffff&#8221; header_5_font_size=&#8221;17px&#8221; header_5_line_height=&#8221;27px&#8221; custom_margin=&#8221;||0px|&#8221; custom_padding=&#8221;||0px|&#8221; global_colors_info=&#8221;{}&#8221;]<\/p>\n<p>&nbsp;<\/p>\n<h5 class=\"purple\">AIM<\/h5>\n<p>The project leans on the existing knowledge base of partner countries to develop a transferable and flexible professional training concept for teachers of skills in adult education and vocational training \u2013 teaching, guiding and sending out teachers \u2013 in order to contribute to professional development. Within the project, we will develop flexible approaches to learning that will be tested in the 7 participating countries.<\/p>\n<p>[\/et_pb_text][\/et_pb_column][\/et_pb_row][et_pb_row _builder_version=&#8221;4.16&#8243; background_size=&#8221;initial&#8221; background_position=&#8221;top_left&#8221; background_repeat=&#8221;repeat&#8221; global_colors_info=&#8221;{}&#8221;][et_pb_column type=&#8221;4_4&#8243; _builder_version=&#8221;4.16&#8243; custom_padding=&#8221;|||&#8221; global_colors_info=&#8221;{}&#8221; custom_padding__hover=&#8221;|||&#8221;][et_pb_text admin_label=&#8221;Cilji projekta&#8221; _builder_version=&#8221;4.16&#8243; text_font_size=&#8221;10px&#8221; header_5_text_color=&#8221;#ffffff&#8221; header_5_font_size=&#8221;17px&#8221; header_5_line_height=&#8221;27px&#8221; custom_margin=&#8221;||0px|&#8221; custom_padding=&#8221;||0px|&#8221; global_colors_info=&#8221;{}&#8221;]<\/p>\n<p>&nbsp;<\/p>\n<h5 class=\"purple\">OBJECTIVES<\/h5>\n<ul>\n<li>Development, pilot testing and evaluation of a concept for professional development of expert associates, which consists of three parts \u2013 manual for independent study, six modules for implementation of trainings and a roadmap for stakeholders.<\/li>\n<li>Adaptation of the professional development concepts for transfer and use in the partner countries.<\/li>\n<li>Dissemination of the new concept on the national and European level.<\/li>\n<\/ul>\n<p>[\/et_pb_text][\/et_pb_column][\/et_pb_row][et_pb_row _builder_version=&#8221;4.16&#8243; background_size=&#8221;initial&#8221; background_position=&#8221;top_left&#8221; background_repeat=&#8221;repeat&#8221; global_colors_info=&#8221;{}&#8221;][et_pb_column type=&#8221;4_4&#8243; _builder_version=&#8221;4.16&#8243; custom_padding=&#8221;|||&#8221; global_colors_info=&#8221;{}&#8221; custom_padding__hover=&#8221;|||&#8221;][et_pb_text admin_label=&#8221;Opis&#8221; _builder_version=&#8221;4.16&#8243; text_font_size=&#8221;10px&#8221; header_5_text_color=&#8221;#ffffff&#8221; header_5_font_size=&#8221;17px&#8221; header_5_line_height=&#8221;27px&#8221; custom_margin=&#8221;||0px|&#8221; custom_padding=&#8221;||0px|&#8221; global_colors_info=&#8221;{}&#8221;]<\/p>\n<p>&nbsp;<\/p>\n<h5 class=\"purple\">DESCRIPTION<\/h5>\n<p>In Europe, work-based training that combines vocational training with learning and acquisition of basic skills has become an innovative method for reaching less educated and low-skilled employees and improving their development of basic skills.<\/p>\n<p>[\/et_pb_text][et_pb_toggle title=&#8221;Read more&#8221; admin_label=&#8221;Preberi ve\u010d&#8221; _builder_version=&#8221;4.16&#8243; global_colors_info=&#8221;{}&#8221;]<\/p>\n<p>&nbsp;<\/p>\n<p>Various national and European projects and implemented strategies based on the innovative training concept use practice-based findings to emulate different ways to approach companies and employees, to learn and develop skills and competences at work and to describe organisational structures that encourage development in this area. It has been shown that for successful implementation of strategies for further education of less educated and low-skilled employed workers at work, the work-based training programmes must be professionally designed. In the scope of the PROFI TRAIN project, we will develop products for testing and evaluation of concepts for training and professional development of human resources.<\/p>\n<p>[\/et_pb_toggle][\/et_pb_column][\/et_pb_row][et_pb_row _builder_version=&#8221;4.16&#8243; background_size=&#8221;initial&#8221; background_position=&#8221;top_left&#8221; background_repeat=&#8221;repeat&#8221; global_colors_info=&#8221;{}&#8221;][et_pb_column type=&#8221;4_4&#8243; _builder_version=&#8221;4.16&#8243; custom_padding=&#8221;|||&#8221; global_colors_info=&#8221;{}&#8221; custom_padding__hover=&#8221;|||&#8221;][et_pb_text admin_label=&#8221;Klju\u010dni dose\u017eki&#8221; _builder_version=&#8221;4.16&#8243; text_font_size=&#8221;10px&#8221; header_5_text_color=&#8221;#ffffff&#8221; header_5_font_size=&#8221;17px&#8221; header_5_line_height=&#8221;27px&#8221; custom_margin=&#8221;||0px|&#8221; custom_padding=&#8221;||0px|&#8221; global_colors_info=&#8221;{}&#8221;]<\/p>\n<p>&nbsp;<\/p>\n<h5 class=\"purple\">KEY ACHIEVEMENTS<\/h5>\n<ul>\n<li>A <em>Self-study Manual<\/em> for work-based development of skills;<\/li>\n<li>Six <em>curricularly edited thematic training modules<\/em> for direct implementation of seminars; and<\/li>\n<\/ul>\n<p>[\/et_pb_text][et_pb_toggle title=&#8221;Read more&#8221; admin_label=&#8221;Preberi ve\u010d&#8221; _builder_version=&#8221;4.16&#8243; global_colors_info=&#8221;{}&#8221;]<\/p>\n<p>&nbsp;<\/p>\n<ul>\n<li><em>European roadmap for stakeholders<\/em> on the importance and methods of work-based training of basic skills for employees;<\/li>\n<li>Project report and a professional article describing the situation and needs in partner countries (<em>Professionalisation of work-based basic education<\/em>);<\/li>\n<li>Pilot test of the developed products in practice in all project partner countries.<\/li>\n<\/ul>\n<p>[\/et_pb_toggle][\/et_pb_column][\/et_pb_row][\/et_pb_section]<\/p>\n","protected":false},"excerpt":{"rendered":"<p>&nbsp; Project&#8230;<\/p>\n","protected":false},"author":161,"featured_media":0,"parent":28549,"menu_order":5,"comment_status":"closed","ping_status":"closed","template":"page_projekt.php","meta":{"_acf_changed":false,"_et_pb_use_builder":"on","_et_pb_old_content":"<table class=\"projektTable\">\r\n\t<tbody>\r\n\t\t<tr>\r\n\t\t\t<td>Naziv projekta (v ang.)<\/td>\r\n\t\t\t<td>PROFI TRAIN (Trainer-competence for work-based basic skills)<\/td>\r\n\t\t<\/tr>\r\n\t\t<tr>\r\n\t\t\t<td>\u010casovni okvir<\/td>\r\n\t\t\t<td>september, 2017 \u2013  avgust, 2020<\/td>\r\n\t\t<\/tr>\r\n\t\t<tr>\r\n\t\t\t<td>Program<\/td>\r\n\t\t\t<td>Profesionalizacija u\u010diteljev spretnosti na delovnem mestu (Erasmus+ K2) <\/td>\r\n\t\t<\/tr>\r\n\t\t\r\n\t\t<tr>\r\n\t\t\t<td>Partnerji<\/td>\r\n\t\t\t<td>Nem\u010dija, Avstrija, \u010ce\u0161ka, Gr\u010dija, Malta, Slovenija in \u0160vica (tihi partner)<\/td>\r\n\t\t<\/tr>\r\n\t\t<tr>\r\n\r\n<tr>\r\n\t\t\t<td>Kontaktna oseba<\/td>\r\n\t\t\t<td>Mag. Estera Mo\u017eina (T: 01 584 2591, E: <a href=\"mailto:ester.mozina@acs.si\">ester.mozina@acs.si<\/a>)<\/td>\r\n\t\t<\/tr>\r\n<\/tbody>\r\n<\/table>\r\n\r\n<a href=\"https:\/\/pismenost.acs.si\/mednarodni-projekti\/profi-train\/\" target=\"_blank\">https:\/\/pismenost.acs.si\/mednarodni-projekti\/profi-train\/<\/a>\r\n\r\n\r\n[accordion]\r\n[accordion-item title=\"Namen\"]\r\n<p>Projekt se naslanja na  obstoje\u010da znanja v partnerskih dr\u017eavah pri razvoju prenosljivih in gibkih profesionalnih na\u010dinov usposabljanja u\u010diteljev spretnosti v izobra\u017eevanju odraslih in poklicnem usposabljanju \u2013 pou\u010devanju, vodenju in pripravi u\u010diteljev \u2013 v smeri njihove profesionalizacije. V projektu se razvija gibke u\u010dne pristope, ki se bodo testirali v 7 sodelujo\u010dih dr\u017eavah.<\/p>\r\n[\/accordion-item]\r\n[\/accordion]\r\n\r\n[accordion]\r\n[accordion-item title=\"Cilji\"]\r\n<p><ul>\r\n\t\t\t\t<li>Razvoj, pilotno preizku\u0161anje in evalvacija koncept profesionalnega razvoja strokovnih delavcev, ki ga sestavljajo trije deli \u2013 priro\u010dnik za samostojni \u0161tudij, \u0161est modulov za izvedbo usposabljanja in vodnik za dele\u017enike.<\/li>\r\n\t\t\t\t<li>Prilagoditev koncepta profesionalnega razvoja za prenos in uporabo v partnerskih dr\u017eavah.<\/li>\r\n\t\t\t\t<li>Diseminacija novega koncepta na nacionalnih in Evropski ravni. <\/li>\r\n\t\t\t<\/ul><\/p>\r\n[\/accordion-item]\r\n[\/accordion]\r\n\t\t\t\r\n\r\n[accordion]\r\n[accordion-item title=\"Opis\"]\r\n<p>Usposabljanje na delovnem mestu, ki poleg poklicnega usposabljanja vklju\u010duje tudi u\u010denje in pridobivanje temeljnih spretnosti, postaja v evropskem prostoru izviren na\u010din, kako dose\u010di slab\u0161e izobra\u017eene in nizko usposobljene zaposlene delavce in vplivati na njihov razvoj temeljnih spretnosti. Razli\u010dni nacionalni in evropski projekti ter implementirane strategije s tega inovativnega na\u010dina usposabljanja na podlagi ugotovitev iz neposredne prakse povzemajo razli\u010dne na\u010dine, kako oblikovati ustrezen dostop do podjetij in zaposlenih, u\u010denje in razvoj spretnosti ter kompetenc na delovnem mestu ter opisujejo organizacijske strukture, ki spodbujajo razvoj na tem podro\u010dju. Izkazalo se je tudi, da morajo biti za uspe\u0161nost strategij za nadaljnjo izobra\u017eevanje slab\u0161e izobra\u017eenih in nizko usposobljenih zaposlenih delavcev programi u\u010denja na delovnem mestu profesionalno zasnovani. V okviru projekta PROFI-TRAIN bodo razviti produkti za testiranje in evalvacijo koncepta usposabljanja in profesionalnega razvoja kadrov.<\/p>\r\n[\/accordion-item]\r\n[\/accordion]\r\n\r\n[accordion]\r\n[accordion-item title=\"Klju\u010dni dose\u017eki\"]\r\n<p>Predvideni rezultati projekta so:<\/p>\r\n\t\t\t<ul>\r\n\t\t\t\t<li>priro\u010dnik o razvoju spretnosti na delovnem mestu za samostojno u\u010denje (<em>Self-study Manual),<\/li>\r\n\t\t\t\t<li>\u0161est tematskih modulov za usposabljanje, namenjenih neposredni izvedbi seminarjev (<em>Curricularly edited thematic modules<\/em>) in<\/li>\r\n\t\t\t\t<li>Evropski vodnik o pomenu in na\u010dinih usposabljanja iz temeljnih spretnosti zaposlenih na delovnem mestu, namenjen dele\u017enikom (<em>European roadmap for stakeholders<\/em>),<\/li>\r\n\t\t\t\t<li>projektno poro\u010dilo in strokovni \u010dlanek z opisom stanja in potreb v partnerskih dr\u017eavah (<em>Professionalization of work-based basic education<\/em>), <\/li>\r\n\t\t\t\t<li>izveden pilotni preizkus nastalih produktov v neposredni praksi znotraj vseh projektnih dr\u017eav partneric.<\/li>\r\n\t\t\t<\/ul>\r\n[\/accordion-item]\r\n[\/accordion]","_et_gb_content_width":"","inline_featured_image":false,"footnotes":""},"class_list":["post-27914","page","type-page","status-publish","hentry"],"acf":[],"yoast_head":"<!-- This site is optimized with the Yoast SEO plugin v26.2 - https:\/\/yoast.com\/wordpress\/plugins\/seo\/ -->\n<title>Profi-Train (2017\u20132020) | Andrago\u0161ki center Republike Slovenije<\/title>\n<meta name=\"robots\" content=\"index, follow, max-snippet:-1, max-image-preview:large, max-video-preview:-1\" \/>\n<link rel=\"canonical\" href=\"https:\/\/www.acs.si\/en\/projects\/international\/profi-train\/\" \/>\n<meta property=\"og:locale\" content=\"en_US\" \/>\n<meta property=\"og:type\" content=\"article\" \/>\n<meta property=\"og:title\" content=\"Profi-Train (2017\u20132020) | Andrago\u0161ki center Republike Slovenije\" \/>\n<meta property=\"og:description\" content=\"&nbsp; Project...\" \/>\n<meta property=\"og:url\" content=\"https:\/\/www.acs.si\/en\/projects\/international\/profi-train\/\" \/>\n<meta property=\"og:site_name\" content=\"Andrago\u0161ki center Republike Slovenije\" \/>\n<meta property=\"article:publisher\" content=\"https:\/\/www.facebook.com\/AndragoskiCenterSlovenije\/\" \/>\n<meta property=\"article:modified_time\" content=\"2022-09-16T10:29:51+00:00\" \/>\n<meta name=\"twitter:card\" content=\"summary_large_image\" \/>\n<meta name=\"twitter:label1\" content=\"Est. reading time\" \/>\n\t<meta name=\"twitter:data1\" content=\"5 minutes\" \/>\n<script type=\"application\/ld+json\" class=\"yoast-schema-graph\">{\"@context\":\"https:\/\/schema.org\",\"@graph\":[{\"@type\":\"WebPage\",\"@id\":\"https:\/\/www.acs.si\/en\/projects\/international\/profi-train\/\",\"url\":\"https:\/\/www.acs.si\/en\/projects\/international\/profi-train\/\",\"name\":\"Profi-Train (2017\u20132020) | Andrago\u0161ki center Republike Slovenije\",\"isPartOf\":{\"@id\":\"https:\/\/www.acs.si\/#website\"},\"datePublished\":\"2018-08-28T09:35:44+00:00\",\"dateModified\":\"2022-09-16T10:29:51+00:00\",\"breadcrumb\":{\"@id\":\"https:\/\/www.acs.si\/en\/projects\/international\/profi-train\/#breadcrumb\"},\"inLanguage\":\"en-US\",\"potentialAction\":[{\"@type\":\"ReadAction\",\"target\":[\"https:\/\/www.acs.si\/en\/projects\/international\/profi-train\/\"]}]},{\"@type\":\"BreadcrumbList\",\"@id\":\"https:\/\/www.acs.si\/en\/projects\/international\/profi-train\/#breadcrumb\",\"itemListElement\":[{\"@type\":\"ListItem\",\"position\":1,\"name\":\"Home\",\"item\":\"https:\/\/www.acs.si\/en\/\"},{\"@type\":\"ListItem\",\"position\":2,\"name\":\"Projects\",\"item\":\"https:\/\/www.acs.si\/en\/projects\/\"},{\"@type\":\"ListItem\",\"position\":3,\"name\":\"International\",\"item\":\"https:\/\/www.acs.si\/en\/projects\/international\/\"},{\"@type\":\"ListItem\",\"position\":4,\"name\":\"Profi-Train (2017\u20132020)\"}]},{\"@type\":\"WebSite\",\"@id\":\"https:\/\/www.acs.si\/#website\",\"url\":\"https:\/\/www.acs.si\/\",\"name\":\"Andrago\u0161ki center Republike Slovenije\",\"description\":\"\",\"potentialAction\":[{\"@type\":\"SearchAction\",\"target\":{\"@type\":\"EntryPoint\",\"urlTemplate\":\"https:\/\/www.acs.si\/?s={search_term_string}\"},\"query-input\":{\"@type\":\"PropertyValueSpecification\",\"valueRequired\":true,\"valueName\":\"search_term_string\"}}],\"inLanguage\":\"en-US\"}]}<\/script>\n<!-- \/ Yoast SEO plugin. -->","yoast_head_json":{"title":"Profi-Train (2017\u20132020) | Andrago\u0161ki center Republike Slovenije","robots":{"index":"index","follow":"follow","max-snippet":"max-snippet:-1","max-image-preview":"max-image-preview:large","max-video-preview":"max-video-preview:-1"},"canonical":"https:\/\/www.acs.si\/en\/projects\/international\/profi-train\/","og_locale":"en_US","og_type":"article","og_title":"Profi-Train (2017\u20132020) | Andrago\u0161ki center Republike Slovenije","og_description":"&nbsp; Project...","og_url":"https:\/\/www.acs.si\/en\/projects\/international\/profi-train\/","og_site_name":"Andrago\u0161ki center Republike Slovenije","article_publisher":"https:\/\/www.facebook.com\/AndragoskiCenterSlovenije\/","article_modified_time":"2022-09-16T10:29:51+00:00","twitter_card":"summary_large_image","twitter_misc":{"Est. reading time":"5 minutes"},"schema":{"@context":"https:\/\/schema.org","@graph":[{"@type":"WebPage","@id":"https:\/\/www.acs.si\/en\/projects\/international\/profi-train\/","url":"https:\/\/www.acs.si\/en\/projects\/international\/profi-train\/","name":"Profi-Train (2017\u20132020) | Andrago\u0161ki center Republike Slovenije","isPartOf":{"@id":"https:\/\/www.acs.si\/#website"},"datePublished":"2018-08-28T09:35:44+00:00","dateModified":"2022-09-16T10:29:51+00:00","breadcrumb":{"@id":"https:\/\/www.acs.si\/en\/projects\/international\/profi-train\/#breadcrumb"},"inLanguage":"en-US","potentialAction":[{"@type":"ReadAction","target":["https:\/\/www.acs.si\/en\/projects\/international\/profi-train\/"]}]},{"@type":"BreadcrumbList","@id":"https:\/\/www.acs.si\/en\/projects\/international\/profi-train\/#breadcrumb","itemListElement":[{"@type":"ListItem","position":1,"name":"Home","item":"https:\/\/www.acs.si\/en\/"},{"@type":"ListItem","position":2,"name":"Projects","item":"https:\/\/www.acs.si\/en\/projects\/"},{"@type":"ListItem","position":3,"name":"International","item":"https:\/\/www.acs.si\/en\/projects\/international\/"},{"@type":"ListItem","position":4,"name":"Profi-Train (2017\u20132020)"}]},{"@type":"WebSite","@id":"https:\/\/www.acs.si\/#website","url":"https:\/\/www.acs.si\/","name":"Andrago\u0161ki center Republike Slovenije","description":"","potentialAction":[{"@type":"SearchAction","target":{"@type":"EntryPoint","urlTemplate":"https:\/\/www.acs.si\/?s={search_term_string}"},"query-input":{"@type":"PropertyValueSpecification","valueRequired":true,"valueName":"search_term_string"}}],"inLanguage":"en-US"}]}},"_links":{"self":[{"href":"https:\/\/www.acs.si\/en\/wp-json\/wp\/v2\/pages\/27914","targetHints":{"allow":["GET"]}}],"collection":[{"href":"https:\/\/www.acs.si\/en\/wp-json\/wp\/v2\/pages"}],"about":[{"href":"https:\/\/www.acs.si\/en\/wp-json\/wp\/v2\/types\/page"}],"author":[{"embeddable":true,"href":"https:\/\/www.acs.si\/en\/wp-json\/wp\/v2\/users\/161"}],"replies":[{"embeddable":true,"href":"https:\/\/www.acs.si\/en\/wp-json\/wp\/v2\/comments?post=27914"}],"version-history":[{"count":11,"href":"https:\/\/www.acs.si\/en\/wp-json\/wp\/v2\/pages\/27914\/revisions"}],"predecessor-version":[{"id":51601,"href":"https:\/\/www.acs.si\/en\/wp-json\/wp\/v2\/pages\/27914\/revisions\/51601"}],"up":[{"embeddable":true,"href":"https:\/\/www.acs.si\/en\/wp-json\/wp\/v2\/pages\/28549"}],"wp:attachment":[{"href":"https:\/\/www.acs.si\/en\/wp-json\/wp\/v2\/media?parent=27914"}],"curies":[{"name":"wp","href":"https:\/\/api.w.org\/{rel}","templated":true}]}}