{"id":27752,"date":"2018-08-08T14:50:39","date_gmt":"2018-08-08T13:50:39","guid":{"rendered":"http:\/\/www.acs.si\/?page_id=27752"},"modified":"2021-05-05T15:10:35","modified_gmt":"2021-05-05T13:10:35","slug":"goal","status":"publish","type":"page","link":"https:\/\/www.acs.si\/en\/projects\/international\/goal\/","title":{"rendered":"GOAL (2015\u20132018)"},"content":{"rendered":"<p>[et_pb_section fb_built=&#8221;1&#8243; _builder_version=&#8221;3.22&#8243; custom_padding=&#8221;0px|||&#8221;][et_pb_row column_structure=&#8221;1_3,2_3&#8243; make_equal=&#8221;on&#8221; module_class=&#8221;logo-img-cont &#8221; _builder_version=&#8221;3.25&#8243; custom_margin=&#8221;||20px|&#8221; custom_padding=&#8221;0px||0px|&#8221; border_width_all=&#8221;1px&#8221; border_color_all=&#8221;#cdd1d6&#8243;][et_pb_column type=&#8221;1_3&#8243; _builder_version=&#8221;3.25&#8243; custom_padding=&#8221;|||&#8221; custom_padding__hover=&#8221;|||&#8221;][et_pb_image src=&#8221;https:\/\/www.acs.si\/wp-content\/uploads\/2018\/03\/OI-GOAL.png&#8221; url=&#8221;http:\/\/www.projectgoal.eu\/&#8221; url_new_window=&#8221;on&#8221; align=&#8221;center&#8221; align_tablet=&#8221;center&#8221; align_phone=&#8221;&#8221; align_last_edited=&#8221;on|desktop&#8221; module_class=&#8221;logo-img&#8221; _builder_version=&#8221;3.23&#8243; custom_padding=&#8221;10px|10px|10px|10px&#8221; border_color_right=&#8221;#cdd1d6&#8243;][\/et_pb_image][\/et_pb_column][et_pb_column type=&#8221;2_3&#8243; _builder_version=&#8221;3.25&#8243; custom_padding=&#8221;|||&#8221; custom_padding__hover=&#8221;|||&#8221;][et_pb_text _builder_version=&#8221;3.27.4&#8243; custom_padding=&#8221;20px|20px|20px|20px&#8221; border_width_left=&#8221;1px&#8221; border_color_left=&#8221;#cdd1d6&#8243;]<\/p>\n<p>&nbsp;<\/p>\n<p>&nbsp;<\/p>\n<table class=\"projektTable\">\n<tbody>\n<tr>\n<td><strong>Project<\/strong><\/td>\n<td>Guidance and Orietation for Adult Learners \u2013 GOAL<\/td>\n<\/tr>\n<tr>\n<td><b>Time period<\/b><\/td>\n<td>February 2015\u2013 January 2018<\/td>\n<\/tr>\n<tr>\n<td><strong>Programme<\/strong><\/td>\n<td>Erasmus+, K3,\u00a0Support for policy reform &#8211; Initiatives for policy<\/td>\n<\/tr>\n<tr>\n<td><b>Partners<\/b><\/td>\n<td>Flamish Ministry of Education (Belgium)<br \/>\nMinistry of Education, Culture and Science (Netherlands),\u00a0 Ministrsy od Eduction, Science and Sport (Slovenia) with two partners \u2013 Slovenian Institute for Adult Education and\u00a0Institute of the Republic of Slovenia for Vocational Education and Training,\u00a0Qualifications and Vocational Education and Training Development Centre (Lithuania),\u00a0Education and Training Service Centre (Iceland), National Institute for Education, Education Counselling and Continuing Education\u00a0\u2013 NUV (Czech Republic), Institute of Education (UK)<\/td>\n<\/tr>\n<tr>\n<td><b>Contacts<\/b><\/td>\n<td>Tanja Vili\u010d Klenov\u0161ek, MA<br \/>\nT: +386 1 5842 584<br \/>\nE: <a href=\"mailto:tanja.vilic.klenovsek@acs.si\">tanja.vilic.klenovsek@acs.si<\/a><\/td>\n<\/tr>\n<\/tbody>\n<\/table>\n<p>&nbsp;<\/p>\n<p>[\/et_pb_text][\/et_pb_column][\/et_pb_row][et_pb_row _builder_version=&#8221;3.25&#8243; background_size=&#8221;initial&#8221; background_position=&#8221;top_left&#8221; background_repeat=&#8221;repeat&#8221;][et_pb_column type=&#8221;4_4&#8243; _builder_version=&#8221;3.25&#8243; custom_padding=&#8221;|||&#8221; custom_padding__hover=&#8221;|||&#8221;][et_pb_text admin_label=&#8221;Namen&#8221; _builder_version=&#8221;3.27.4&#8243; text_font_size=&#8221;10px&#8221; header_5_text_color=&#8221;#ffffff&#8221; header_5_font_size=&#8221;17px&#8221; header_5_line_height=&#8221;27px&#8221; custom_margin=&#8221;||0px|&#8221; custom_padding=&#8221;||0px|&#8221;]<\/p>\n<p>&nbsp;<\/p>\n<h5 class=\"purple\">AIM<\/h5>\n<p>The aim of the project was to improve the guidance options for less educated adults in all partner countries, which will contribute to increased inclusion into lifelong learning and consequently to higher social inclusion and mobility in the labour market.<\/p>\n<p>[\/et_pb_text][\/et_pb_column][\/et_pb_row][et_pb_row _builder_version=&#8221;3.25&#8243; background_size=&#8221;initial&#8221; background_position=&#8221;top_left&#8221; background_repeat=&#8221;repeat&#8221;][et_pb_column type=&#8221;4_4&#8243; _builder_version=&#8221;3.25&#8243; custom_padding=&#8221;|||&#8221; custom_padding__hover=&#8221;|||&#8221;][et_pb_text admin_label=&#8221;Cilji&#8221; _builder_version=&#8221;3.27.4&#8243; text_font_size=&#8221;10px&#8221; header_5_text_color=&#8221;#ffffff&#8221; header_5_font_size=&#8221;17px&#8221; header_5_line_height=&#8221;27px&#8221; custom_margin=&#8221;||0px|&#8221; custom_padding=&#8221;||0px|&#8221;]<\/p>\n<p>&nbsp;<\/p>\n<h5 class=\"purple\">OBJECTIVES<\/h5>\n<ul>\n<li>Development of new approaches to guidance for less educated adults;<\/li>\n<li>Development of a new partner collaboration on the national and regional level to support quality guidance in adult education;<\/li>\n<li>Development and implementation of new guidance tools;<\/li>\n<\/ul>\n<p>[\/et_pb_text][et_pb_toggle title=&#8221;Read more&#8221; admin_label=&#8221;Preberi ve\u010d&#8221; _builder_version=&#8221;3.4.1&#8243;]<\/p>\n<p>&nbsp;<\/p>\n<ul>\n<li>Development of field guidance work;<\/li>\n<li>Trainings and seminars for guidance counsellors and definition of competences for counsellors;<\/li>\n<li>Proposals for further development of guidance in AE on the level of adult education policy and other social stakeholders.<\/li>\n<\/ul>\n<p>[\/et_pb_toggle][\/et_pb_column][\/et_pb_row][et_pb_row _builder_version=&#8221;3.25&#8243; background_size=&#8221;initial&#8221; background_position=&#8221;top_left&#8221; background_repeat=&#8221;repeat&#8221;][et_pb_column type=&#8221;4_4&#8243; _builder_version=&#8221;3.25&#8243; custom_padding=&#8221;|||&#8221; custom_padding__hover=&#8221;|||&#8221;][et_pb_text admin_label=&#8221;Opis&#8221; _builder_version=&#8221;3.27.4&#8243; text_font_size=&#8221;10px&#8221; header_5_text_color=&#8221;#ffffff&#8221; header_5_font_size=&#8221;17px&#8221; header_5_line_height=&#8221;27px&#8221; custom_margin=&#8221;||0px|&#8221; custom_padding=&#8221;||0px|&#8221;]<\/p>\n<p>&nbsp;<\/p>\n<h5 class=\"purple\">DESCRIPTION<\/h5>\n<p>Based on a study of needs of less educated adults, we developed approaches to guidance activities for various less educated groups of adults. In Slovenia, these groups are mainly: migrants, less educated employed and unemployed and people over 50 years of age.<\/p>\n<p>[\/et_pb_text][et_pb_toggle title=&#8221;Read more&#8221; admin_label=&#8221;Preberi ve\u010d&#8221; _builder_version=&#8221;3.4.1&#8243;]<\/p>\n<p>&nbsp;<\/p>\n<p>In order to implement the guidance activities, we established a partnership between the adult education guidance centre (AEGC centres and educational centres that provide adult education). We also defined the necessary guidance counsellor competences for work with vulnerable groups of adults. In addition to guidance, we also focused on evaluation: We evaluated the process of guidance activities for adult education, participation of different subjects, efficiency of the partnership collaborations and field work, results and effects. The evaluation results gave us a more detailed insight into measurements, criteria and factors that are the key to successful guidance activity in adult education. We will also use this data for development of systematic support on the policy-making and partnership level to upgrade the models of guidance in adult education in all partner countries.<\/p>\n<p>[\/et_pb_toggle][\/et_pb_column][\/et_pb_row][et_pb_row _builder_version=&#8221;3.25&#8243; background_size=&#8221;initial&#8221; background_position=&#8221;top_left&#8221; background_repeat=&#8221;repeat&#8221;][et_pb_column type=&#8221;4_4&#8243; _builder_version=&#8221;3.25&#8243; custom_padding=&#8221;|||&#8221; custom_padding__hover=&#8221;|||&#8221;][et_pb_text admin_label=&#8221;Klju\u010dni dose\u017eki&#8221; _builder_version=&#8221;3.27.4&#8243; text_font_size=&#8221;10px&#8221; header_5_text_color=&#8221;#ffffff&#8221; header_5_font_size=&#8221;17px&#8221; header_5_line_height=&#8221;27px&#8221; custom_margin=&#8221;||0px|&#8221; custom_padding=&#8221;||0px|&#8221;]<\/p>\n<p>&nbsp;<\/p>\n<h5 class=\"purple\">KEY ACHIEVEMENTS<\/h5>\n<p>Our key achievements are presented in the publication <a href=\"http:\/\/isio.acs.si\/datoteke\/goal\/GOAL_brosura_splet.pdf\">Guidance of adults in education<\/a>.<\/p>\n<p>[\/et_pb_text][et_pb_toggle title=&#8221;Read more&#8221; admin_label=&#8221;Preberi ve\u010d&#8221; _builder_version=&#8221;3.4.1&#8243;]<\/p>\n<p>&nbsp;<\/p>\n<p>In the three years of the project, we prepared:<\/p>\n<ul>\n<li>Two national evaluation reports on progress and results of the project in Slovenia: National Evaluation Report Slovenia (only in English) and National Evaluation Report Slovenia (Slovenian and English version);<\/li>\n<li>Two cross country reports on content and results of the project in the six participating countries: GOAL Cross Country Report (only in English) and GOAL Cross Country Report (only in English).<\/li>\n<\/ul>\n<p>All evaluation reports, national reports and cross country reports are available at the <a href=\"http:\/\/www.projectgoal.eu\/\">project website<\/a>.<\/p>\n<p>[\/et_pb_toggle][\/et_pb_column][\/et_pb_row][\/et_pb_section]<\/p>\n","protected":false},"excerpt":{"rendered":"<p>&nbsp; &nbsp;&#8230;<\/p>\n","protected":false},"author":161,"featured_media":0,"parent":28549,"menu_order":2,"comment_status":"closed","ping_status":"closed","template":"page_projekt.php","meta":{"_acf_changed":false,"_et_pb_use_builder":"on","_et_pb_old_content":"<table class=\"projektTable\">\r\n\t<tbody>\r\n\t\t<tr>\r\n\t\t\t<td>Naziv projekta:<\/td>\r\n\t\t\t<td>Svetovanje odraslim v izobra\u017eevanju<\/td>\r\n\t\t<\/tr>\r\n\t\t<tr>\r\n\t\t\t<td>Naziv projekta v angle\u0161\u010dini:<\/td>\r\n\t\t\t<td>Guidance and Orientation for Adult Learnes<\/td>\r\n\t\t<\/tr>\r\n\t\t<tr>\r\n\t\t\t<td>Kratica:<\/td>\r\n\t\t\t<td>GOAL<\/td>\r\n\t\t<\/tr>\r\n\t\t<tr>\r\n\t\t\t<td>\u010casovni okvir:<\/td>\r\n\t\t\t<td>1. februar 2015\u20131. januar 2018<\/td>\r\n\t\t<\/tr>\r\n\t\t<tr>\r\n\t\t\t<td>Program:<\/td>\r\n\t\t\t<td>Erasmus+, K3<\/td>\r\n\t\t<\/tr>\r\n\t\t<tr>\r\n<tr>\r\n\t\t\t<td>Koordinator:<\/td>\r\n\t\t\t<td>Vlaames Gemeenschap (Department Onderwijs en Vorming)<\/td>\r\n\t\t<\/tr>\r\n<tr>\r\n<tr>\r\n\t\t\t<td>Partnerske dr\u017eave:<\/td>\r\n\t\t\t<td>Belgija, \u010ce\u0161ka Republika, Islandija, Litva, Nizozemska, Slovenija, Tur\u010dija (tihi partner)<\/p>V Sloveniji sodelujemo: MIZ\u0160, ACS in CPI.<\/td>\r\n\t\t<\/tr>\r\n\t\t\t<td>Kontaktna oseba:<\/td>\r\n\t\t\t<td>mag. Tanja Vili\u010d Klenov\u0161ek (T: 01 584 2584, E: <a href=\"mailto:tanja.vilic.klenovsek@acs.si\">tanja.vilic.klenovsek@acs.si<\/a>)<\/td>\r\n\t\t<\/tr>\r\n<\/tbody>\r\n<\/table>\r\n\t\t\r\n<a href=\"http:\/\/www.projectgoal.eu\/\">http:\/\/www.projectgoal.eu\/<\/a>\r\n\t\t\r\n\r\n\r\n[accordion]\r\n[accordion-item title=\"Namen in cilji\"]<p>Cilj projekta je izbolj\u0161ati mo\u017enosti svetovanja za manj izobra\u017eene odrasle v vseh partnerskih dr\u017eavah, kar bo prispevalo k pove\u010danju vklju\u010denosti v vse\u017eivljenjsko u\u010denje ter s tem tudi k ve\u010dji socialni vklju\u010denosti in mobilnosti na trgu dela.<\/p>[\/accordion-item]\r\n[\/accordion]\r\n\t\t\r\n[accordion]\r\n[accordion-item title=\"Vsebina\"]<p>V projektu bomo na podlagi \u0161tudije o potrebah manj izobra\u017eenih odraslih razvili pristope svetovalne dejavnosti za podporo razli\u010dnim manj izobra\u017eenim skupinam odraslih. V Sloveniji bodo to prvenstveno odrasli iz skupin: migranti, manj izobra\u017eeni zaposleni in brezposelni, starej\u0161i od 50 let. Za namen izvajanja svetovanja bo vzpostavljeno partnerstvo med svetovalnimi sredi\u0161\u010di za izobra\u017eevanje odraslih (sredi\u0161\u010di ISIO) ter \u0161olskimi centri, ki izvajajo tudi izobra\u017eevanje odraslih. Opredelili bomo tudi kompetence, ki jih morajo imeti svetovalci za delo z ranljivimi skupinami odraslih.Poleg svetovalne vsebine bo velik poudarek dan tudi evalvaciji evalvirali se bodo procesi svetovalne dejavnosti za izobra\u017eevanje odraslih. Rezultati evalvacije bodo omogo\u010dili podrobnej\u0161i vpogled v oblikovanje meril, pogojev ter dejavnikov, ki so klju\u010dni za uspeh te dejavnosti. Podatke bomo uporabili tudi za razvoj sistemske podpore na ravni urejanja politike in sodelovanja razli\u010dnih partnerjev za nadgradnjo modelov svetovalne dejavnosti v izobra\u017eevanju odraslih v vseh dr\u017eavah partnericah.<\/p>[\/accordion-item]\r\n[\/accordion]\t\r\n\t\r\n[accordion]\r\n[accordion-item title=\"Opis\"]<ul>\r\n\t\t\t\t\t<li>Preu\u010diti potrebe manj izobra\u017eenih odraslih po svetovalni dejavnosti za vklju\u010ditev v izobra\u017eevanje in u\u010denje.<\/li>\r\n\t\t\t\t\t<li>Razviti pristope svetovalne dejavnosti za podporo izbranim manj izobra\u017eenim skupinam odraslih in jih implementirati.<\/li>\r\n\t\t\t\t\t<li>Opredeliti kompetence, ki jih mora imeti svetovalec za delo z manj izobra\u017eenimi odraslimi.<\/li>\r\n\t\t\t\t\t<li>Razviti metodologijo za ovrednotenje rezultatov svetovalne dejavnosti na ravni posameznika.<\/li>\r\n\t\t\t\t\t<li>Izmenjava izku\u0161enj med vklju\u010denimi dr\u017eavami, s poudarkom na modelih svetovalne dejavnosti in vrednotenja znanja odraslih.<\/li>\r\n\t\t\t\t<\/ul>[\/accordion-item]\r\n[\/accordion]\t\t\r\n\t\t\r\n[accordion]\r\n[accordion-item title=\"Pri\u010dakovani rezultati\"]\t\t\t\r\n\t\t\t\t<ul>\r\n\t\t\t\t\t<li>Vzpostavitev\/izbolj\u0161anje partnerstev za svetovalno dejavnosti v izobra\u017eevanju odraslih z ustreznimi dele\u017eniki in organizacijami.<\/li>\r\n\t\t\t\t\t<li>Razvoj posebnih orodij za izvajanje svetovalne dejavnosti za manj izobra\u017eene odrasle, ki se vklju\u010dujejo v izobra\u017eevanje odraslih.<\/li>\r\n\t\t\t\t\t<li>Opredelitevkompetenc, potrebnih za svetovalce za zadovoljevanje specifi\u010dnih potreb manj izobra\u017eenih odraslih.<\/li>\r\n\t\t\t\t\t<li>Doseganje ranljivih skupin odraslih (starej\u0161i, manj izobra\u017eeni brezposelni in zaposleni, migranti idr.).<\/li>\r\n\t\t\t\t\t<li>Zagotavljanje svetovalne dejavnosti za izbrane ciljne skupine odraslih.<\/li>\r\n\t\t\t\t\t<li>Izbolj\u0161anje kakovosti storitev svetovanja za optimizacijo u\u010dnih rezultatov posameznikov<em>.<\/em><\/li>\r\n\t\t\t\t\t<li>Oblikovani predlogi na sistemski ravni za izbolj\u0161anje svetovalne dejavnosti v izobra\u017eevanju odraslih: na nacionalni in evropski ravni.<\/li>\r\n\t\t\t\t<\/ul>\r\n[\/accordion-item]\r\n[\/accordion]","_et_gb_content_width":"","inline_featured_image":false,"footnotes":""},"class_list":["post-27752","page","type-page","status-publish","hentry"],"acf":[],"yoast_head":"<!-- This site is optimized with the Yoast SEO plugin v26.2 - https:\/\/yoast.com\/wordpress\/plugins\/seo\/ -->\n<title>GOAL (2015\u20132018) | Andrago\u0161ki center Republike Slovenije<\/title>\n<meta name=\"robots\" content=\"index, follow, max-snippet:-1, max-image-preview:large, max-video-preview:-1\" \/>\n<link rel=\"canonical\" href=\"https:\/\/www.acs.si\/en\/projects\/international\/goal\/\" \/>\n<meta property=\"og:locale\" content=\"en_US\" \/>\n<meta property=\"og:type\" content=\"article\" \/>\n<meta property=\"og:title\" content=\"GOAL (2015\u20132018) | Andrago\u0161ki center Republike Slovenije\" \/>\n<meta property=\"og:description\" content=\"&nbsp; &nbsp;...\" \/>\n<meta property=\"og:url\" content=\"https:\/\/www.acs.si\/en\/projects\/international\/goal\/\" \/>\n<meta property=\"og:site_name\" content=\"Andrago\u0161ki center Republike Slovenije\" \/>\n<meta property=\"article:publisher\" content=\"https:\/\/www.facebook.com\/AndragoskiCenterSlovenije\/\" \/>\n<meta property=\"article:modified_time\" content=\"2021-05-05T13:10:35+00:00\" \/>\n<meta name=\"twitter:card\" content=\"summary_large_image\" \/>\n<meta name=\"twitter:label1\" content=\"Est. reading time\" \/>\n\t<meta name=\"twitter:data1\" content=\"5 minutes\" \/>\n<script type=\"application\/ld+json\" class=\"yoast-schema-graph\">{\"@context\":\"https:\/\/schema.org\",\"@graph\":[{\"@type\":\"WebPage\",\"@id\":\"https:\/\/www.acs.si\/en\/projects\/international\/goal\/\",\"url\":\"https:\/\/www.acs.si\/en\/projects\/international\/goal\/\",\"name\":\"GOAL (2015\u20132018) | Andrago\u0161ki center Republike Slovenije\",\"isPartOf\":{\"@id\":\"https:\/\/www.acs.si\/#website\"},\"datePublished\":\"2018-08-08T13:50:39+00:00\",\"dateModified\":\"2021-05-05T13:10:35+00:00\",\"breadcrumb\":{\"@id\":\"https:\/\/www.acs.si\/en\/projects\/international\/goal\/#breadcrumb\"},\"inLanguage\":\"en-US\",\"potentialAction\":[{\"@type\":\"ReadAction\",\"target\":[\"https:\/\/www.acs.si\/en\/projects\/international\/goal\/\"]}]},{\"@type\":\"BreadcrumbList\",\"@id\":\"https:\/\/www.acs.si\/en\/projects\/international\/goal\/#breadcrumb\",\"itemListElement\":[{\"@type\":\"ListItem\",\"position\":1,\"name\":\"Home\",\"item\":\"https:\/\/www.acs.si\/en\/\"},{\"@type\":\"ListItem\",\"position\":2,\"name\":\"Projects\",\"item\":\"https:\/\/www.acs.si\/en\/projects\/\"},{\"@type\":\"ListItem\",\"position\":3,\"name\":\"International\",\"item\":\"https:\/\/www.acs.si\/en\/projects\/international\/\"},{\"@type\":\"ListItem\",\"position\":4,\"name\":\"GOAL (2015\u20132018)\"}]},{\"@type\":\"WebSite\",\"@id\":\"https:\/\/www.acs.si\/#website\",\"url\":\"https:\/\/www.acs.si\/\",\"name\":\"Andrago\u0161ki center Republike Slovenije\",\"description\":\"\",\"potentialAction\":[{\"@type\":\"SearchAction\",\"target\":{\"@type\":\"EntryPoint\",\"urlTemplate\":\"https:\/\/www.acs.si\/?s={search_term_string}\"},\"query-input\":{\"@type\":\"PropertyValueSpecification\",\"valueRequired\":true,\"valueName\":\"search_term_string\"}}],\"inLanguage\":\"en-US\"}]}<\/script>\n<!-- \/ Yoast SEO plugin. -->","yoast_head_json":{"title":"GOAL (2015\u20132018) | Andrago\u0161ki center Republike Slovenije","robots":{"index":"index","follow":"follow","max-snippet":"max-snippet:-1","max-image-preview":"max-image-preview:large","max-video-preview":"max-video-preview:-1"},"canonical":"https:\/\/www.acs.si\/en\/projects\/international\/goal\/","og_locale":"en_US","og_type":"article","og_title":"GOAL (2015\u20132018) | Andrago\u0161ki center Republike Slovenije","og_description":"&nbsp; &nbsp;...","og_url":"https:\/\/www.acs.si\/en\/projects\/international\/goal\/","og_site_name":"Andrago\u0161ki center Republike Slovenije","article_publisher":"https:\/\/www.facebook.com\/AndragoskiCenterSlovenije\/","article_modified_time":"2021-05-05T13:10:35+00:00","twitter_card":"summary_large_image","twitter_misc":{"Est. reading time":"5 minutes"},"schema":{"@context":"https:\/\/schema.org","@graph":[{"@type":"WebPage","@id":"https:\/\/www.acs.si\/en\/projects\/international\/goal\/","url":"https:\/\/www.acs.si\/en\/projects\/international\/goal\/","name":"GOAL (2015\u20132018) | Andrago\u0161ki center Republike Slovenije","isPartOf":{"@id":"https:\/\/www.acs.si\/#website"},"datePublished":"2018-08-08T13:50:39+00:00","dateModified":"2021-05-05T13:10:35+00:00","breadcrumb":{"@id":"https:\/\/www.acs.si\/en\/projects\/international\/goal\/#breadcrumb"},"inLanguage":"en-US","potentialAction":[{"@type":"ReadAction","target":["https:\/\/www.acs.si\/en\/projects\/international\/goal\/"]}]},{"@type":"BreadcrumbList","@id":"https:\/\/www.acs.si\/en\/projects\/international\/goal\/#breadcrumb","itemListElement":[{"@type":"ListItem","position":1,"name":"Home","item":"https:\/\/www.acs.si\/en\/"},{"@type":"ListItem","position":2,"name":"Projects","item":"https:\/\/www.acs.si\/en\/projects\/"},{"@type":"ListItem","position":3,"name":"International","item":"https:\/\/www.acs.si\/en\/projects\/international\/"},{"@type":"ListItem","position":4,"name":"GOAL (2015\u20132018)"}]},{"@type":"WebSite","@id":"https:\/\/www.acs.si\/#website","url":"https:\/\/www.acs.si\/","name":"Andrago\u0161ki center Republike Slovenije","description":"","potentialAction":[{"@type":"SearchAction","target":{"@type":"EntryPoint","urlTemplate":"https:\/\/www.acs.si\/?s={search_term_string}"},"query-input":{"@type":"PropertyValueSpecification","valueRequired":true,"valueName":"search_term_string"}}],"inLanguage":"en-US"}]}},"_links":{"self":[{"href":"https:\/\/www.acs.si\/en\/wp-json\/wp\/v2\/pages\/27752","targetHints":{"allow":["GET"]}}],"collection":[{"href":"https:\/\/www.acs.si\/en\/wp-json\/wp\/v2\/pages"}],"about":[{"href":"https:\/\/www.acs.si\/en\/wp-json\/wp\/v2\/types\/page"}],"author":[{"embeddable":true,"href":"https:\/\/www.acs.si\/en\/wp-json\/wp\/v2\/users\/161"}],"replies":[{"embeddable":true,"href":"https:\/\/www.acs.si\/en\/wp-json\/wp\/v2\/comments?post=27752"}],"version-history":[{"count":7,"href":"https:\/\/www.acs.si\/en\/wp-json\/wp\/v2\/pages\/27752\/revisions"}],"predecessor-version":[{"id":40773,"href":"https:\/\/www.acs.si\/en\/wp-json\/wp\/v2\/pages\/27752\/revisions\/40773"}],"up":[{"embeddable":true,"href":"https:\/\/www.acs.si\/en\/wp-json\/wp\/v2\/pages\/28549"}],"wp:attachment":[{"href":"https:\/\/www.acs.si\/en\/wp-json\/wp\/v2\/media?parent=27752"}],"curies":[{"name":"wp","href":"https:\/\/api.w.org\/{rel}","templated":true}]}}