{"id":27749,"date":"2018-08-08T14:23:37","date_gmt":"2018-08-08T13:23:37","guid":{"rendered":"http:\/\/www.acs.si\/?page_id=27749"},"modified":"2026-03-05T17:25:34","modified_gmt":"2026-03-05T16:25:34","slug":"epale","status":"publish","type":"page","link":"https:\/\/www.acs.si\/en\/projects\/international\/epale\/","title":{"rendered":"EPALE (2015\u20132026)"},"content":{"rendered":"<p>[et_pb_section fb_built=&#8221;1&#8243; _builder_version=&#8221;4.16&#8243; custom_padding=&#8221;0px|||&#8221; global_colors_info=&#8221;{}&#8221;][et_pb_row column_structure=&#8221;1_3,2_3&#8243; make_equal=&#8221;on&#8221; module_class=&#8221;logo-img-cont &#8221; _builder_version=&#8221;4.17.2&#8243; background_size=&#8221;initial&#8221; background_position=&#8221;top_left&#8221; background_repeat=&#8221;repeat&#8221; custom_margin=&#8221;||20px|&#8221; custom_padding=&#8221;0px||0px|&#8221; border_width_all=&#8221;1px&#8221; border_color_all=&#8221;#cdd1d6&#8243; global_colors_info=&#8221;{}&#8221;][et_pb_column type=&#8221;1_3&#8243; _builder_version=&#8221;4.16&#8243; custom_padding=&#8221;|||&#8221; global_colors_info=&#8221;{}&#8221; custom_padding__hover=&#8221;|||&#8221;][et_pb_image src=&#8221;https:\/\/www.acs.si\/wp-content\/uploads\/2019\/01\/OI-EPALE.png&#8221; url=&#8221;https:\/\/ec.europa.eu\/epale\/sl&#8221; url_new_window=&#8221;on&#8221; align=&#8221;center&#8221; align_tablet=&#8221;center&#8221; align_phone=&#8221;&#8221; align_last_edited=&#8221;on|desktop&#8221; module_class=&#8221;logo-img&#8221; _builder_version=&#8221;4.16&#8243; custom_padding=&#8221;10px|10px|10px|10px&#8221; border_color_right=&#8221;#cdd1d6&#8243; global_colors_info=&#8221;{}&#8221;][\/et_pb_image][\/et_pb_column][et_pb_column type=&#8221;2_3&#8243; _builder_version=&#8221;4.16&#8243; custom_padding=&#8221;|||&#8221; global_colors_info=&#8221;{}&#8221; custom_padding__hover=&#8221;|||&#8221;][et_pb_text _builder_version=&#8221;4.27.5&#8243; custom_padding=&#8221;20px|20px|20px|20px&#8221; hover_enabled=&#8221;0&#8243; border_width_left=&#8221;1px&#8221; border_color_left=&#8221;#cdd1d6&#8243; global_colors_info=&#8221;{}&#8221; sticky_enabled=&#8221;0&#8243;]<\/p>\n<p>&nbsp;<\/p>\n<table class=\"projektTable\">\n<tbody>\n<tr>\n<td><b>Project<\/b><\/td>\n<td>Electronic Platform for Adult Learning in Europe \u2013 <a href=\"https:\/\/ec.europa.eu\/epale\/sl\" target=\"_blank\" rel=\"noopener\">EPALE<\/a><\/td>\n<\/tr>\n<tr>\n<td><b>Time period<\/b><\/td>\n<td>Since 2015<\/td>\n<\/tr>\n<tr>\n<td><strong>Programme<\/strong><\/td>\n<td>Erasmus+<\/td>\n<\/tr>\n<tr>\n<td><b>Partners<\/b><\/td>\n<td>Centre of the Republic of Slovenia for Mobility and European Educational and Training Programmes \u2013 CMEPIUS (National support service Slovenia \u2013 NSS EPALE Slovenia)<br \/>Slovenian Institute for Adult Education\u00a0\u2013 SIAE<\/td>\n<\/tr>\n<tr>\n<td><b>Contacts<\/b><\/td>\n<td>Ur\u0161ka Bittner Pipan, MSc<br \/>T: +386 1 584 2567<br \/>E: <a href=\"mailto:urska.bittner.pipan@acs.si\">urska.bittner.pipan@acs.si<\/a><\/p>\n<p>&nbsp;<\/p>\n<p>&nbsp;<\/p>\n<p>&nbsp;<\/p>\n<p><span style=\"font-family: inherit; font-size: inherit;\">Nevenka Kocijan\u010di\u010d<br \/><\/span> T: +386 1 584 2595<br \/>E: <a href=\"mailto:nevenka.kocijancic@acs.si\" target=\"_blank\" rel=\"noopener\">nevenka.kocijancic@acs.si<\/a><\/p>\n<\/td>\n<\/tr>\n<\/tbody>\n<\/table>\n<p>&nbsp;<\/p>\n<p>[\/et_pb_text][\/et_pb_column][\/et_pb_row][et_pb_row _builder_version=&#8221;4.16&#8243; background_size=&#8221;initial&#8221; background_position=&#8221;top_left&#8221; background_repeat=&#8221;repeat&#8221; global_colors_info=&#8221;{}&#8221;][et_pb_column type=&#8221;4_4&#8243; _builder_version=&#8221;4.16&#8243; custom_padding=&#8221;|||&#8221; global_colors_info=&#8221;{}&#8221; custom_padding__hover=&#8221;|||&#8221;][et_pb_text admin_label=&#8221;Namen&#8221; _builder_version=&#8221;4.17.2&#8243; text_font_size=&#8221;10px&#8221; header_5_text_color=&#8221;#ffffff&#8221; header_5_font_size=&#8221;17px&#8221; header_5_line_height=&#8221;27px&#8221; custom_margin=&#8221;||0px|&#8221; custom_padding=&#8221;||0px|&#8221; global_colors_info=&#8221;{}&#8221;]<\/p>\n<p>&nbsp;<\/p>\n<h5 class=\"purple\">AIM<\/h5>\n<p>The aim of the EPALE platform is to improve the quality of adult education in Europe by publishing contents aimed to reach this goal and to spread information on current trends and development guidelines in adult education in Slovenia and in Europe.<\/p>\n<p>[\/et_pb_text][\/et_pb_column][\/et_pb_row][et_pb_row _builder_version=&#8221;4.16&#8243; background_size=&#8221;initial&#8221; background_position=&#8221;top_left&#8221; background_repeat=&#8221;repeat&#8221; global_colors_info=&#8221;{}&#8221;][et_pb_column type=&#8221;4_4&#8243; _builder_version=&#8221;4.16&#8243; custom_padding=&#8221;|||&#8221; global_colors_info=&#8221;{}&#8221; custom_padding__hover=&#8221;|||&#8221;][et_pb_text admin_label=&#8221;Cilji&#8221; _builder_version=&#8221;4.17.2&#8243; text_font_size=&#8221;10px&#8221; header_5_text_color=&#8221;#ffffff&#8221; header_5_font_size=&#8221;17px&#8221; header_5_line_height=&#8221;27px&#8221; custom_margin=&#8221;||0px|&#8221; custom_padding=&#8221;||0px|&#8221; global_colors_info=&#8221;{}&#8221;]<\/p>\n<p>&nbsp;<\/p>\n<h5 class=\"purple\">OBJECTIVES<\/h5>\n<p>The goal of the EPALE platform is to be the main online hub for adult learning in Europe.<\/p>\n<p>[\/et_pb_text][\/et_pb_column][\/et_pb_row][et_pb_row _builder_version=&#8221;4.16&#8243; background_size=&#8221;initial&#8221; background_position=&#8221;top_left&#8221; background_repeat=&#8221;repeat&#8221; global_colors_info=&#8221;{}&#8221;][et_pb_column type=&#8221;4_4&#8243; _builder_version=&#8221;4.16&#8243; custom_padding=&#8221;|||&#8221; global_colors_info=&#8221;{}&#8221; custom_padding__hover=&#8221;|||&#8221;][et_pb_text admin_label=&#8221;Opis&#8221; _builder_version=&#8221;4.17.2&#8243; text_font_size=&#8221;10px&#8221; header_5_text_color=&#8221;#ffffff&#8221; header_5_font_size=&#8221;17px&#8221; header_5_line_height=&#8221;27px&#8221; custom_margin=&#8221;||0px|&#8221; custom_padding=&#8221;||0px|&#8221; global_colors_info=&#8221;{}&#8221;]<\/p>\n<p>&nbsp;<\/p>\n<h5 class=\"purple\">DESCRIPTION<\/h5>\n<p>EPALE is a multi-lingual community of educators, training coaches, researchers, academics, mentors, policy makers, decision makers, volunteers and all those who actively work in the adult learning.<\/p>\n<p>[\/et_pb_text][et_pb_toggle title=&#8221;Read more&#8221; admin_label=&#8221;Preberi ve\u010d&#8221; _builder_version=&#8221;4.17.2&#8243; global_colors_info=&#8221;{}&#8221;]<\/p>\n<p>The members of the community exchange contents related to adult education. The functionality of the website allows them to connect with colleagues in adult learning from all across Europe. They can communicate under specific themes where the content is structured according to the topic or can ask for participation in the so-called private space on the EPALE platform, where they can organise discussions, upload documents, share news, etc. The partner search tool allows them to form business relationships.<\/p>\n<p>The platform allows publication of news on current topics in adult learning in Slovenia and elsewhere in Europe. It also includes an informational centre with published resources that include good practices, important documents, reports and other interesting publications. The blog allows the portal users to express their opinions and views on selected topics. The event calendar shows seminars, conferences and other educational events.<\/p>\n<p>The partner search allows the participants to present their organisation or to contact guest mentors or new project partners.<\/p>\n<p>[\/et_pb_toggle][\/et_pb_column][\/et_pb_row][et_pb_row _builder_version=&#8221;4.16&#8243; background_size=&#8221;initial&#8221; background_position=&#8221;top_left&#8221; background_repeat=&#8221;repeat&#8221; global_colors_info=&#8221;{}&#8221;][et_pb_column type=&#8221;4_4&#8243; _builder_version=&#8221;4.16&#8243; custom_padding=&#8221;|||&#8221; global_colors_info=&#8221;{}&#8221; custom_padding__hover=&#8221;|||&#8221;][et_pb_text admin_label=&#8221;Aktivnost&#8221; _builder_version=&#8221;4.17.2&#8243; text_font_size=&#8221;10px&#8221; header_5_text_color=&#8221;#ffffff&#8221; header_5_font_size=&#8221;17px&#8221; header_5_line_height=&#8221;27px&#8221; custom_margin=&#8221;||0px|&#8221; custom_padding=&#8221;||0px|&#8221; global_colors_info=&#8221;{}&#8221;]<\/p>\n<p>&nbsp;<\/p>\n<h5 class=\"purple\">ACTIVITIES<\/h5>\n<p>The role of the SIAE in this project:<\/p>\n<ul>\n<li>To motivate the website users for active participation;<\/li>\n<li>To provide help with reaching key target groups through already existing networks;<\/li>\n<li>To independently post and collaborate in the three EPALE strands: Contribute. Collaborate. Learn.<\/li>\n<\/ul>\n<p>[\/et_pb_text][et_pb_toggle title=&#8221;Read more&#8221; admin_label=&#8221;Preberi ve\u010d&#8221; _builder_version=&#8221;4.17.2&#8243; global_colors_info=&#8221;{}&#8221;]<\/p>\n<p>&nbsp;<\/p>\n<ul>\n<li>To collaborate on preparation of content to be published on the platform;<\/li>\n<li>The ensure independent posts, especially for larger events organised by the SIAE;<\/li>\n<li>To present the opinion of the Slovenian adult education profession on thematic focuses (blogs, webinars etc.);<\/li>\n<li>To spread information on new books and other resources in the field of adult education;<\/li>\n<li>To adapt foreign posts to the Slovenian platform;<\/li>\n<li>To promote the EPALE activities at various professional events;<\/li>\n<li>To connect the EPALE event and other activities with the project EAAL implementation in Slovenia (EAAL for short);<\/li>\n<li>To ensure participation of an SIAE representative in the EPALE group of experts, ensuring participation in development of the platform and finding resolutions to professional dilemmas;<\/li>\n<li>To develop the EPALE section of the SIAE e-newsletter e-Novi\u010dke;<\/li>\n<li>To develop the EPALE corner in the online application \u201cOverview of Adult Education and Learning on Offer\u201d;<\/li>\n<li>To comment on the post on the EPALE platform;<\/li>\n<li>To contribute to EPALE Community Stories;<\/li>\n<li>To collaborate in the EPALE Community of Practice set up for Western Balkan experts.<\/li>\n<\/ul>\n<p>[\/et_pb_toggle][\/et_pb_column][\/et_pb_row][et_pb_row _builder_version=&#8221;4.16&#8243; background_size=&#8221;initial&#8221; background_position=&#8221;top_left&#8221; background_repeat=&#8221;repeat&#8221; global_colors_info=&#8221;{}&#8221;][et_pb_column type=&#8221;4_4&#8243; _builder_version=&#8221;4.16&#8243; custom_padding=&#8221;|||&#8221; global_colors_info=&#8221;{}&#8221; custom_padding__hover=&#8221;|||&#8221;][et_pb_text admin_label=&#8221;Klju\u010dni dose\u017eki&#8221; _builder_version=&#8221;4.17.2&#8243; text_font_size=&#8221;10px&#8221; header_5_text_color=&#8221;#ffffff&#8221; header_5_font_size=&#8221;17px&#8221; header_5_line_height=&#8221;27px&#8221; custom_margin=&#8221;||0px|&#8221; custom_padding=&#8221;||0px|&#8221; global_colors_info=&#8221;{}&#8221;]<\/p>\n<p>&nbsp;<\/p>\n<h5 class=\"purple\">KEY ACHIEVEMENTS:<\/h5>\n<p>In 2023, we successfully realised all tasks according to our Collaboration Agreement with NSS EPALE Slovenia. Our key successes were:<\/p>\n<ul>\n<li>We contributed 12 blog posts, 1 comment, 4 translations, 15 news, 14 announcements of events, 24 presentations of resources, and 3 contributions in thematic webinars.<\/li>\n<li>Throughout the year, we participated in 3 meetings of the Slovenian EPALE Expert Group, and in the 7th EPALE Regional Conference on the topic of European Year of Skills (9 and 11 November, Jahorina, Bosnia and Herzegovina).<\/li>\n<li>We cooperated\u00a0 with NSSs from Bosnia and Herzegovina, Croatia, Montenegro, and Serbia in shaping the final version of the regional Media Literacy Competence Framework.<\/li>\n<li>We joined forces in the 12th EAAL Forum on the topic of media literacy (19 and 20 September); on the first day, the 12th EAAL Forum on media skills for life took place, and on the second day, a South-Eastern European regional event and training was carried out by the Slovenian team; the main theme was Module 4 of the regional Media Literacy Competence Framework, i. e. Manipulation, misinformation and stereotypes.<\/li>\n<li>We webstreamed all four 2023 EAAL Forums on EPALE: in addition to the above, the 11th EAAL Forum on civic skills for life (12 September), the 13th EAAL Forum on personal (emotional) and interpersonal skills for life (4 October), and the 14th EAAL forum on financial and consumer skills for life (16 November).<\/li>\n<li>We also linked other EPALE and EAAL events and activities.<\/li>\n<li>We shared posts of EPALE in the SIAE online bulletin, website and social media.<\/li>\n<\/ul>\n<p>[\/et_pb_text][\/et_pb_column][\/et_pb_row][\/et_pb_section]<\/p>\n","protected":false},"excerpt":{"rendered":"<p>&nbsp; Project&#8230;<\/p>\n","protected":false},"author":161,"featured_media":0,"parent":28549,"menu_order":12,"comment_status":"closed","ping_status":"closed","template":"page_projekt.php","meta":{"_acf_changed":false,"_et_pb_use_builder":"on","_et_pb_old_content":"<table class=\"projektTableNew\">\r\n<tbody>\r\n<tr>\r\n\t\t\t<td>Naziv projekta (v angle\u0161\u010dini):<\/td>\r\n\t\t\t<td>EPALE \u2013 ePlatforma za izobra\u017eevanje odraslih v Evropi (EPALE \u2013 Electronic Platform for Adult Learning in Europe)\/td>\r\n\t\t<\/tr>\r\n\t\t<tr>\r\n\t\t\t<td>\u010casovni okvir<\/td>\r\n\t\t\t<td>januar \u2013 december 2017<\/td>\r\n\t\t<\/tr>\r\n\t\t<tr>\r\n\t\t\t<td>Program:<\/td>\r\n\t\t\t<td>Erasmus+<\/td>\r\n\t\t<\/tr>\r\n\r\n<tr>\r\n\t\t\t<td>Partnerji:<\/td>\r\n\t\t\t<td>Center Republike Slovenije za mobilnost in evropske programe izobra\u017eevanja in usposabljanja \u2013 CMEPIUS (Nacionalna svetovalna slu\u017eba Slovenije \u2013 NSS Slovenije)<br>Andrago\u0161ki center Slovenije \u2013 ACS<\/td>\r\n\t\t<\/tr>\r\n<tr>\r\n\t\t\t<td>Kontaktna oseba<\/td>\r\n\t\t\t<td>mag. Zvonka Pangerc Pahernik (T: 01 584 2576, E: <a href=\"mailto:zvonka.pangerc@acs.si\">zvonka.pangerc@acs.si<\/a>)<\/td>\r\n\t\t<\/tr>\r\n<\/tbody>\r\n<\/table>\r\n\r\n[accordion autoclose=\"false\" clicktoclose=\"true\" openfirst=\"true\"]\r\n[accordion-item title=\"Namen\"]Namen spletnega mesta EPALE je izbolj\u0161ati kakovost izobra\u017eevanja odraslih v Evropi s tem, da ponuja vsebine, ki bodo k temu doprinesle, in seznanja z aktualnimi trendi in razvojnimi smernicami izobra\u017eevanja odraslih v Sloveniji in drugod po Evropi.[\/accordion-item]\r\n[accordion-item title=\"Cilji\"]Cilj platforme EPALE je postati glavno spletno sti\u010di\u0161\u010de za izobra\u017eevanje odraslih v Evropi.[\/accordion-item]\r\n[accordion-item title=\"Opis\"]<p>EPALE je ve\u010djezi\u010dna skupnost izobra\u017eevalcev, vodij usposabljanj, raziskovalcev, akademikov, mentorjev, oblikovalcev politik, odlo\u010devalcev, prostovoljcev, in vseh tistih, ki se dejavno ukvarjajo z u\u010denjem odraslih.<\/p>\r\n\t\t\t<p>\u010clani skupnosti izmenjujejo vsebine, ki so povezane z u\u010denjem odraslih. Prek funkcij spletnega mesta se lahko pove\u017eejo s kolegi iz vse Evrope, ki se ukvarjajo z u\u010denjem odraslih. Z njimi lahko komunicirajo prek tematskih podro\u010dij, ki nudijo strukturirano vsebino po posameznih temah, lahko pa jih zaprosijo za sodelovanje v t.i. zasebnem prostoru na platformi EPALE, kjer lahko organizirajo razprave, nalagajo dokumente, delijo novice ipd. Z orodjem za iskanje partnerjev lahko vzpostavljajo poslovne stike.<\/p>\r\n\t\t\t<p>Spletno mesto omogo\u010da objavo novic o aktualnih vsebinah v izobra\u017eevanju odraslih v Sloveniji in tudi drugod po Evropi. Na voljo je informacijsko sredi\u0161\u010de z objavljenimi viri, med katerimi so dobre prakse, pomembni dokumenti, poro\u010dila in druge zanimive publikacije. Spletni dnevnik ponuja mo\u017enost, da uporabniki portala izrazijo svoje mnenje in pogled na izbrano temo. V koledarju dogodkov so objavljeni seminarji, konference in druga izobra\u017eevanja.<\/p>\r\n\t\t\t<p>Iskalnik partnerjev omogo\u010da sodelujo\u010dim predstaviti svojo organizacijo ali stopiti v stik z gostujo\u010dimi mentorji ali novimi projektnimi partnerji<\/p>[\/accordion-item]\r\n[accordion-item title=\"Aktivnosti\"]<p>Vloga ACS-a v tem projektu je:<\/p>\r\n\t\t\t\t<ul>\r\n\t\t\t\t\t<li>animirati uporabnike spletnega mesta za aktivno sodelovanje,<\/li>\r\n\t\t\t\t\t<li>zagotoviti pomo\u010d pri doseganju klju\u010dnih ciljnih skupin preko \u017ee vzpostavljenih mre\u017e sodelovanja,<\/li>\r\n\t\t\t\t\t<li>sodelovati pri pripravi predlogov za objavo na platformi,<\/li>\r\n\t\t\t\t\t<li>poskrbeti za samostojne objave zlasti ob ve\u010djih dogodkih, ki jih organizira ACS,<\/li>\r\n\t\t\t\t\t<li>informirati o knji\u017enih novostih in drugih virih s podro\u010dja izobra\u017eevanja odraslih,<\/li>\r\n\t\t\t\t\t<li>prirejati tuje objave za slovensko platformo,<\/li>\r\n\t\t\t\t\t<li>na razli\u010dnih strokovnih dogodkih promovirati dejavnosti EPALE,<\/li>\r\n\t\t\t\t\t<li>povezovati dogodke in druge dejavnosti EPALE s projektom Uresni\u010devanje EPUO v Sloveniji (kratko EPUO),<\/li>\r\n\t\t\t\t\t<li>zagotoviti sodelovanje predstavnika ACS v ekspertni skupini EPALE in tako sodelovati pri razvoju platforme ter re\u0161evanju strokovnih dilem<\/li>\r\n\t\t\t\t\t<li>razvijati rubriko 'EPALE' v elektronskem glasilu ACS e-Novi\u010dke,<\/li>\r\n\t\t\t\t\t<li>razvijati rubriko 'EPALE koti\u010dek' v spletni aplikaciji 'Kam po znanje',<\/li>\r\n\t\t\t\t\t<li>komentirati objave na platformi EPALE.<\/li>\r\n\t\t\t\t<\/ul>[\/accordion-item]\r\n[accordion-item title=\"Klju\u010dni dose\u017eki\"]<p>V letu 2017 smo opravili vse naloge, ki opredeljujejo na\u0161e sodelovanje z NSS EPALE Slovenija. Med klju\u010dnimi so bile:<\/p>\r\n\t\t\t<ul>\r\n\t\t\t\t<li>prispevali smo 34 spletnih dnevnikov, od tega 14 v angle\u0161\u010dini, 17 novic, 12 zapisov o dogodkih, 48 predstavitev virov in 9 komentarjev;<\/li>\r\n\t\t\t\t<li>na treh predavanjih smo platformo predstavili \u0161tudentom pedagogike in andragogike na Filozofski fakulteti;<\/li>\r\n\t\t\t\t<li>sodelovanje z nacionalno koordinatorico EPALE smo zagotovili na razli\u010dnih dogodkih ACS (oba Letna posveta o izobra\u017eevanju odraslih v Ljubljani, Nacionalno odprtje TVU 2017 v Trbovljah, osrednji dogodek akcije TVU 'Erasmus+ ni mus, pomaga pa' v Velenju, na dveh od sedmih strokovnih dogodkov EPUO v \u017direh ter Slovenj Gradcu, na zaklju\u010dku projekta \u00a0EPUO ter AK v Ajdov\u0161\u010dini;<\/li>\r\n\t\t\t\t<li>delili smo objave na FB ACS, TVU in Knji\u017enica ACS;<\/li>\r\n\t\t\t\t<li>udele\u017eili smo se \u0161tirih sestankov ekspertne skupine EPALE;<\/li>\r\n\t\t\t\t<li>povezali smo dogodke in druge dejavnosti EPALE in projekta EPUO: v \u00a0okviru \u0161tudijskega obiska delovne skupine EPUO na ACS na Irskem \u00a0in ob izpeljavi strokovnih dogodkov EPUO je nastalo kar nekaj spletnih dnevnikov;<\/li>\r\n\t\t\t\t<li>udele\u017eili smo se 2. regionalne konference EPALE v Banja Luki.<\/li>\r\n\t\t\t<\/ul>[\/accordion-item][\/accordion]","_et_gb_content_width":"","inline_featured_image":false,"footnotes":""},"class_list":["post-27749","page","type-page","status-publish","hentry"],"acf":[],"yoast_head":"<!-- This site is optimized with the Yoast SEO plugin v26.2 - https:\/\/yoast.com\/wordpress\/plugins\/seo\/ -->\n<title>EPALE (2015\u20132026) | Andrago\u0161ki center Republike Slovenije<\/title>\n<meta name=\"robots\" content=\"index, follow, max-snippet:-1, max-image-preview:large, max-video-preview:-1\" \/>\n<link rel=\"canonical\" href=\"https:\/\/www.acs.si\/en\/projects\/international\/epale\/\" \/>\n<meta property=\"og:locale\" content=\"en_US\" \/>\n<meta property=\"og:type\" content=\"article\" \/>\n<meta property=\"og:title\" content=\"EPALE (2015\u20132026) | Andrago\u0161ki center Republike Slovenije\" \/>\n<meta property=\"og:description\" content=\"&nbsp; Project...\" \/>\n<meta property=\"og:url\" content=\"https:\/\/www.acs.si\/en\/projects\/international\/epale\/\" \/>\n<meta property=\"og:site_name\" content=\"Andrago\u0161ki center Republike Slovenije\" \/>\n<meta property=\"article:publisher\" content=\"https:\/\/www.facebook.com\/AndragoskiCenterSlovenije\/\" \/>\n<meta property=\"article:modified_time\" content=\"2026-03-05T16:25:34+00:00\" \/>\n<meta name=\"twitter:card\" content=\"summary_large_image\" \/>\n<meta name=\"twitter:label1\" content=\"Est. reading time\" \/>\n\t<meta name=\"twitter:data1\" content=\"5 minutes\" \/>\n<script type=\"application\/ld+json\" class=\"yoast-schema-graph\">{\"@context\":\"https:\/\/schema.org\",\"@graph\":[{\"@type\":\"WebPage\",\"@id\":\"https:\/\/www.acs.si\/en\/projects\/international\/epale\/\",\"url\":\"https:\/\/www.acs.si\/en\/projects\/international\/epale\/\",\"name\":\"EPALE (2015\u20132026) | Andrago\u0161ki center Republike Slovenije\",\"isPartOf\":{\"@id\":\"https:\/\/www.acs.si\/#website\"},\"datePublished\":\"2018-08-08T13:23:37+00:00\",\"dateModified\":\"2026-03-05T16:25:34+00:00\",\"breadcrumb\":{\"@id\":\"https:\/\/www.acs.si\/en\/projects\/international\/epale\/#breadcrumb\"},\"inLanguage\":\"en-US\",\"potentialAction\":[{\"@type\":\"ReadAction\",\"target\":[\"https:\/\/www.acs.si\/en\/projects\/international\/epale\/\"]}]},{\"@type\":\"BreadcrumbList\",\"@id\":\"https:\/\/www.acs.si\/en\/projects\/international\/epale\/#breadcrumb\",\"itemListElement\":[{\"@type\":\"ListItem\",\"position\":1,\"name\":\"Home\",\"item\":\"https:\/\/www.acs.si\/en\/\"},{\"@type\":\"ListItem\",\"position\":2,\"name\":\"Projects\",\"item\":\"https:\/\/www.acs.si\/en\/projects\/\"},{\"@type\":\"ListItem\",\"position\":3,\"name\":\"International\",\"item\":\"https:\/\/www.acs.si\/en\/projects\/international\/\"},{\"@type\":\"ListItem\",\"position\":4,\"name\":\"EPALE (2015\u20132026)\"}]},{\"@type\":\"WebSite\",\"@id\":\"https:\/\/www.acs.si\/#website\",\"url\":\"https:\/\/www.acs.si\/\",\"name\":\"Andrago\u0161ki center Republike Slovenije\",\"description\":\"\",\"potentialAction\":[{\"@type\":\"SearchAction\",\"target\":{\"@type\":\"EntryPoint\",\"urlTemplate\":\"https:\/\/www.acs.si\/?s={search_term_string}\"},\"query-input\":{\"@type\":\"PropertyValueSpecification\",\"valueRequired\":true,\"valueName\":\"search_term_string\"}}],\"inLanguage\":\"en-US\"}]}<\/script>\n<!-- \/ Yoast SEO plugin. -->","yoast_head_json":{"title":"EPALE (2015\u20132026) | Andrago\u0161ki center Republike Slovenije","robots":{"index":"index","follow":"follow","max-snippet":"max-snippet:-1","max-image-preview":"max-image-preview:large","max-video-preview":"max-video-preview:-1"},"canonical":"https:\/\/www.acs.si\/en\/projects\/international\/epale\/","og_locale":"en_US","og_type":"article","og_title":"EPALE (2015\u20132026) | Andrago\u0161ki center Republike Slovenije","og_description":"&nbsp; Project...","og_url":"https:\/\/www.acs.si\/en\/projects\/international\/epale\/","og_site_name":"Andrago\u0161ki center Republike Slovenije","article_publisher":"https:\/\/www.facebook.com\/AndragoskiCenterSlovenije\/","article_modified_time":"2026-03-05T16:25:34+00:00","twitter_card":"summary_large_image","twitter_misc":{"Est. reading time":"5 minutes"},"schema":{"@context":"https:\/\/schema.org","@graph":[{"@type":"WebPage","@id":"https:\/\/www.acs.si\/en\/projects\/international\/epale\/","url":"https:\/\/www.acs.si\/en\/projects\/international\/epale\/","name":"EPALE (2015\u20132026) | Andrago\u0161ki center Republike Slovenije","isPartOf":{"@id":"https:\/\/www.acs.si\/#website"},"datePublished":"2018-08-08T13:23:37+00:00","dateModified":"2026-03-05T16:25:34+00:00","breadcrumb":{"@id":"https:\/\/www.acs.si\/en\/projects\/international\/epale\/#breadcrumb"},"inLanguage":"en-US","potentialAction":[{"@type":"ReadAction","target":["https:\/\/www.acs.si\/en\/projects\/international\/epale\/"]}]},{"@type":"BreadcrumbList","@id":"https:\/\/www.acs.si\/en\/projects\/international\/epale\/#breadcrumb","itemListElement":[{"@type":"ListItem","position":1,"name":"Home","item":"https:\/\/www.acs.si\/en\/"},{"@type":"ListItem","position":2,"name":"Projects","item":"https:\/\/www.acs.si\/en\/projects\/"},{"@type":"ListItem","position":3,"name":"International","item":"https:\/\/www.acs.si\/en\/projects\/international\/"},{"@type":"ListItem","position":4,"name":"EPALE (2015\u20132026)"}]},{"@type":"WebSite","@id":"https:\/\/www.acs.si\/#website","url":"https:\/\/www.acs.si\/","name":"Andrago\u0161ki center Republike Slovenije","description":"","potentialAction":[{"@type":"SearchAction","target":{"@type":"EntryPoint","urlTemplate":"https:\/\/www.acs.si\/?s={search_term_string}"},"query-input":{"@type":"PropertyValueSpecification","valueRequired":true,"valueName":"search_term_string"}}],"inLanguage":"en-US"}]}},"_links":{"self":[{"href":"https:\/\/www.acs.si\/en\/wp-json\/wp\/v2\/pages\/27749","targetHints":{"allow":["GET"]}}],"collection":[{"href":"https:\/\/www.acs.si\/en\/wp-json\/wp\/v2\/pages"}],"about":[{"href":"https:\/\/www.acs.si\/en\/wp-json\/wp\/v2\/types\/page"}],"author":[{"embeddable":true,"href":"https:\/\/www.acs.si\/en\/wp-json\/wp\/v2\/users\/161"}],"replies":[{"embeddable":true,"href":"https:\/\/www.acs.si\/en\/wp-json\/wp\/v2\/comments?post=27749"}],"version-history":[{"count":26,"href":"https:\/\/www.acs.si\/en\/wp-json\/wp\/v2\/pages\/27749\/revisions"}],"predecessor-version":[{"id":85943,"href":"https:\/\/www.acs.si\/en\/wp-json\/wp\/v2\/pages\/27749\/revisions\/85943"}],"up":[{"embeddable":true,"href":"https:\/\/www.acs.si\/en\/wp-json\/wp\/v2\/pages\/28549"}],"wp:attachment":[{"href":"https:\/\/www.acs.si\/en\/wp-json\/wp\/v2\/media?parent=27749"}],"curies":[{"name":"wp","href":"https:\/\/api.w.org\/{rel}","templated":true}]}}