{"id":27746,"date":"2018-08-08T14:11:58","date_gmt":"2018-08-08T13:11:58","guid":{"rendered":"http:\/\/www.acs.si\/?page_id=27746"},"modified":"2021-05-05T15:13:52","modified_gmt":"2021-05-05T13:13:52","slug":"reshape-the-future","status":"publish","type":"page","link":"https:\/\/www.acs.si\/en\/projects\/international\/reshape-the-future\/","title":{"rendered":"RESHAPE the future (2016\u20132018)"},"content":{"rendered":"<p>[et_pb_section fb_built=&#8221;1&#8243; _builder_version=&#8221;3.22&#8243; custom_padding=&#8221;0px|||&#8221;][et_pb_row make_equal=&#8221;on&#8221; module_class=&#8221;logo-img-cont &#8221; _builder_version=&#8221;3.25&#8243; custom_margin=&#8221;||20px|&#8221; custom_padding=&#8221;0px||0px|&#8221; border_width_all=&#8221;1px&#8221; border_color_all=&#8221;#cdd1d6&#8243;][et_pb_column type=&#8221;4_4&#8243; _builder_version=&#8221;3.25&#8243; custom_padding=&#8221;|||&#8221; custom_padding__hover=&#8221;|||&#8221;][et_pb_text _builder_version=&#8221;3.27.4&#8243; custom_padding=&#8221;20px|20px|20px|20px&#8221; border_width_left=&#8221;1px&#8221; border_color_left=&#8221;#cdd1d6&#8243;]<\/p>\n<p>&nbsp;<\/p>\n<table class=\"projektTable\">\n<tbody>\n<tr>\n<td>Project<\/td>\n<td>Education and training for migrants and refugees \u2013 RESHAPE the future)<\/td>\n<\/tr>\n<tr>\n<td>Time period<\/td>\n<td>September 2016 \u2013 August 2018<\/td>\n<\/tr>\n<tr>\n<td>Programme<\/td>\n<td>Erasmus+, KA2<\/td>\n<\/tr>\n<tr>\n<td>Partners<\/td>\n<td>Keski-Uudenmaan koulutuskuntayhtyma \u2013 KEUDA (coordinator)<br \/>\nAlfa-college, Slovenian Institute for Adult Education &#8211; SIAE, Istituto Formazione Operatori Aziendali \u2013 IFOA, M\u00e5ngkulturella Finska folkh\u00f6gskolan, Tietgen<\/td>\n<\/tr>\n<tr>\n<td>Contact<\/td>\n<td>Dr Tanja Mo\u017eina<br \/>\nT: +386 1 584 2577<br \/>\nE: <a href=\"mailto:tanja.mozina@acs.si\">tanja.mozina@acs.si<\/a><\/td>\n<\/tr>\n<\/tbody>\n<\/table>\n<p>&nbsp;<\/p>\n<p>[\/et_pb_text][\/et_pb_column][\/et_pb_row][et_pb_row _builder_version=&#8221;3.25&#8243;][et_pb_column type=&#8221;4_4&#8243; _builder_version=&#8221;3.25&#8243; custom_padding=&#8221;|||&#8221; custom_padding__hover=&#8221;|||&#8221;][et_pb_text admin_label=&#8221;Namen&#8221; _builder_version=&#8221;3.27.4&#8243; text_font_size=&#8221;10px&#8221; header_5_text_color=&#8221;#ffffff&#8221; header_5_font_size=&#8221;17px&#8221; header_5_line_height=&#8221;27px&#8221; custom_margin=&#8221;||0px|&#8221; custom_padding=&#8221;||0px|&#8221;]<\/p>\n<p>&nbsp;<\/p>\n<h5 class=\"purple\">AIM<\/h5>\n<p>The project addresses the current problems with increased number of migrants and refugees in many European countries. The aim of the project is to find efficient approaches to education and training of these target groups that would enable adult education to contribute to efficient integration of migrants and refugees into their new environment.<\/p>\n<p>[\/et_pb_text][\/et_pb_column][\/et_pb_row][et_pb_row _builder_version=&#8221;3.25&#8243; background_size=&#8221;initial&#8221; background_position=&#8221;top_left&#8221; background_repeat=&#8221;repeat&#8221;][et_pb_column type=&#8221;4_4&#8243; _builder_version=&#8221;3.25&#8243; custom_padding=&#8221;|||&#8221; custom_padding__hover=&#8221;|||&#8221;][et_pb_text admin_label=&#8221;Cilji projekta&#8221; _builder_version=&#8221;3.27.4&#8243; text_font_size=&#8221;10px&#8221; header_5_text_color=&#8221;#ffffff&#8221; header_5_font_size=&#8221;17px&#8221; header_5_line_height=&#8221;27px&#8221; custom_margin=&#8221;||0px|&#8221; custom_padding=&#8221;||0px|&#8221;]<\/p>\n<p>&nbsp;<\/p>\n<h5 class=\"purple\">OBJECTIVES<\/h5>\n<ul>\n<li>Carefully review good practices from partner countries in the field of planning and implementation of education for migrants and refugees;<\/li>\n<li>Carefully review partner countries\u2019 responses to the challenges in the field of education for migrants and refugees;<\/li>\n<li>Record good practices and find ways to implement them into our own work.<\/li>\n<\/ul>\n<p>[\/et_pb_text][et_pb_toggle title=&#8221;Read more &#8221; admin_label=&#8221;Preberi ve\u010d&#8221; _builder_version=&#8221;3.4.1&#8243;]<\/p>\n<p>&nbsp;<\/p>\n<ul>\n<li>Inclusion of refugees;<\/li>\n<li>The problems migrants face in the new environment;<\/li>\n<li>New innovative curricula, educational methods and development of basic and advanced trainings and seminars on the topic of refugees and migrants.<\/li>\n<\/ul>\n<p>[\/et_pb_toggle][\/et_pb_column][\/et_pb_row][et_pb_row _builder_version=&#8221;3.25&#8243; background_size=&#8221;initial&#8221; background_position=&#8221;top_left&#8221; background_repeat=&#8221;repeat&#8221;][et_pb_column type=&#8221;4_4&#8243; _builder_version=&#8221;3.25&#8243; custom_padding=&#8221;|||&#8221; custom_padding__hover=&#8221;|||&#8221;][et_pb_text admin_label=&#8221;Opis&#8221; _builder_version=&#8221;3.27.4&#8243; text_font_size=&#8221;10px&#8221; header_5_text_color=&#8221;#ffffff&#8221; header_5_font_size=&#8221;17px&#8221; header_5_line_height=&#8221;27px&#8221; custom_margin=&#8221;||0px|&#8221; custom_padding=&#8221;||0px|&#8221;]<\/p>\n<p>&nbsp;<\/p>\n<h5 class=\"purple\">DESCRIPTION<\/h5>\n<p>To provide different perspectives on the topic of education and training of migrants and refugees, five international educational meetings hosted by the partner countries are planned in the scope of the project, namely:<\/p>\n<ul>\n<li>Recognition of previous knowledge of migrants and refugees (Denmark);<\/li>\n<li>Training of professional associates working in the educational and training programmes for migrants and refugees (Slovenia);<\/li>\n<\/ul>\n<p>&nbsp;<\/p>\n<p>[\/et_pb_text][et_pb_toggle title=&#8221;Read more&#8221; admin_label=&#8221;Preberi ve\u010d&#8221; _builder_version=&#8221;3.4.1&#8243;]<\/p>\n<p>&nbsp;<\/p>\n<ul>\n<li>Informational and guidance services for migrants and refugees (Netherlands);<\/li>\n<li>Encouraging entrepreneurship in migrants and refugees (Italy); and<\/li>\n<li>Ensuring quality educational and training programmes for migrants and refugees (Sweden).<\/li>\n<\/ul>\n<p>These 5-day seminars are mostly intended for presentation of situation and good practices in the field in each country. Based on the recorded good practices, we will prepare proposals for their implementation into the adult education field in other partner countries.<\/p>\n<p>The experiences and results of the project will be presented at the final conference (Finland).<\/p>\n<p>[\/et_pb_toggle][\/et_pb_column][\/et_pb_row][et_pb_row _builder_version=&#8221;3.25&#8243; background_size=&#8221;initial&#8221; background_position=&#8221;top_left&#8221; background_repeat=&#8221;repeat&#8221;][et_pb_column type=&#8221;4_4&#8243; _builder_version=&#8221;3.25&#8243; custom_padding=&#8221;|||&#8221; custom_padding__hover=&#8221;|||&#8221;][et_pb_text admin_label=&#8221;Klju\u010dni dose\u017eki&#8221; _builder_version=&#8221;3.27.4&#8243; text_font_size=&#8221;10px&#8221; header_5_text_color=&#8221;#ffffff&#8221; header_5_font_size=&#8221;17px&#8221; header_5_line_height=&#8221;27px&#8221; custom_margin=&#8221;||0px|&#8221; custom_padding=&#8221;||0px|&#8221;]<\/p>\n<p>&nbsp;<\/p>\n<h5 class=\"purple\">KEY ACHIEVEMENTS<\/h5>\n<ul>\n<li>Organisation of 5 seminars for exchange of good practices in the discussed fields;<\/li>\n<li>Preparation of analyses of the situation focused on the topic of each seminar, including presentation of examples of good practices in each country;<\/li>\n<li>Professional article that presents the findings, good practices and recommendations for implementation of identified good practices into own work;<\/li>\n<li>Video presentation of the project;<\/li>\n<li>Final international conference.<\/li>\n<\/ul>\n<p>[\/et_pb_text][\/et_pb_column][\/et_pb_row][\/et_pb_section]<\/p>\n","protected":false},"excerpt":{"rendered":"<p>&nbsp; Project&#8230;<\/p>\n","protected":false},"author":161,"featured_media":0,"parent":28549,"menu_order":4,"comment_status":"closed","ping_status":"closed","template":"page_projekt.php","meta":{"_acf_changed":false,"_et_pb_use_builder":"on","_et_pb_old_content":"<table class=\"projektTableNew\">\r\n<tbody>\r\n<tr>\r\n\t\t\t<td>Naziv projekta:<\/td>\r\n\t\t\t<td>Preoblikujmo prihodnost: Izobra\u017eevanje in usposabljanje za migrante in begunce<\/td>\r\n\t\t<\/tr>\r\n\t\t<tr>\r\n\t\t\t<td>Naziv projekta v angle\u0161\u010dini:<\/td>\r\n\t\t\t<td>Preoblikujmo prihodnost: Izobra\u017eevanje in usposabljanje za migrante in begunce (Education and training for migrants and refugees \u2013 RESHAPE the future)<\/td>\r\n\t\t<\/tr>\r\n\t\t<tr>\r\n\t\t\t<td>Kratica:<\/td>\r\n\t\t\t<td>RESHAPE<\/td>\r\n\t\t<\/tr>\r\n\r\n<tr>\r\n\t\t\t<td>\u010casovni okvir:<\/td>\r\n\t\t\t<td>1. september 2016 \u2013 31. avgust 2018<\/td>\r\n\t\t<\/tr>\r\n\r\n<tr>\r\n\t\t\t<td>Program:<\/td>\r\n\t\t\t<td>Erasmus+<\/td>\r\n\t\t<\/tr>\r\n<tr>\r\n\t\t\t<td>Partnerji:<\/td>\r\n\t\t\t<td><p>Keski-Uudenmaan koulutuskuntayhtyma \u2013 KEUDA, Finska<\/p>\r\n<p>Alfa-college, Nizozemska<\/p>\r\n<p>Andrago\u0161ki center Slovenije, Slovenija<\/p>\r\n<p>Istituto Formazione Operatori Aziendali \u2013 IFOA, Italija<\/p>\r\n<p>M\u00e5ngkulturella Finska folkh\u00f6gskolan, \u0160vedska<\/p>\r\n<p>Tietgen, Danska<\/p>\r\n<\/td>\r\n\t\t<\/tr>\r\n\r\n<tr>\r\n\t\t\t<tr>\r\n\t\t\t<td>Kontaktna oseba:<\/td>\r\n\t\t\t<td>Dr. Tanja Mo\u017eina (T: 01 584 2577, E: <a href=\"mailto:tanja.mozina@acs.si\">tanja.mozina@acs.si<\/a>)<\/td>\r\n\t\t<\/tr>\r\n<\/tbody>\r\n<\/table>\r\n\r\n\r\n<h5 class=\"purple\">NAMEN<\/h5>\r\n<p>Projekt naslavlja aktualno problematiko pove\u010devanja \u0161tevila migrantov in beguncev v \u0161tevilnih evropskih dr\u017eavah. Namenjen je iskanju u\u010dinkovitih pristopov pri izobra\u017eevanju in usposabljanju te ciljne skupine, s katerimi bi na podro\u010dju izobra\u017eevanja odraslih pripomogli h u\u010dinkoviti integraciji migrantov in beguncev, v nova okolja. <\/p>\r\n\r\n<h5 class=\"purple\">CILJI\/h5>\r\n<ul>\t\t\t\t\t<li>Prou\u010ditev dobrih praks partnerskih dr\u017eav pri na\u010drtovanju in izpeljavi izobra\u017eevanja migrantov in beguncev,<\/li>\r\n\t\t\t\t\t<li>Prou\u010diti, kako partnerske dr\u017eave odgovarjajo na izzive, ki se pojavljajo na podro\u010dju izobra\u017eevanja migrantov in beguncev,<\/li>\r\n\t\t\t\t\t<li>Evidentirati dobre prakse in poiskati na\u010dine za njihovo implementacijo v lastno delo. <\/li>\r\n\t\t\t\t<\/ul> <\/p>[read more=\"Preberi ve\u010d\" less=\"Preberi manj\"]<ul>\r\n\t\t\t\t\t<li>Vklju\u010devanje beguncev,<\/li>\r\n\t\t\t\t\t<li>Te\u017eave, s katerimi se sre\u010dujejo migranti,<\/li>\r\n\t\t\t\t\t<li>Novi inovativni u\u010dni na\u010drti, izobra\u017eevalne metode in razvoj usposabljanj in spopolnjevanj, povezanih s tematiko beguncev in migrantov.<\/li>\r\n\t\t\t\t<\/ul>[\/read]\r\n\t\t\t\r\n<h5 class=\"purple\">OPIS\/h5>\r\n<p>Da bi tematiko izobra\u017eevanja in usposabljanja migrantov in beguncev osvetlili z razli\u010dnih vidikov, je v projektu na\u010drtovanih pet mednarodnih izobra\u017eevalnih sre\u010danj, ki jih gostijo sodelujo\u010de partnerske dr\u017eave, in sicer: <\/p>\r\n<ul>\r\n<li>priznavanje predhodnega znanja za migrante in begunce, (Danska)<\/li>\r\n<li>usposabljanje strokovnih delavcev, ki delajo v programih izobra\u017eevanja in usposabljanja za migrante in begunce (Slovenija),<\/li><\/ul>[read more=\"Preberi ve\u010d\" less=\"Preberi manj\"]<ul>\r\n<li>informiranje in svetovanje za migrante in begunce (Nizozemska),<\/li>\r\n<li>spodbujanje podjetni\u0161tva pri migrantih in beguncih (Italija),<\/li>\r\n<li>zagotavljanje kakovosti izobra\u017eevanja in usposabljanja za migrante in begunce. (\u0160vedska) <\/li>\r\n<\/ul>\r\n<p>\r\nSeminarji, ki so petdnevni, so namenjeni predvsem temu, da vsaka dr\u017eava predstavi stanje in dobre prakse na obravnavanem podro\u010dju. Na podlagi evidentiranja dobrih praks bodo pripravljeni predlogi, kako bi jih bilo mogo\u010de implementirati na podro\u010dje izobra\u017eevanja odraslih tudi v drugih partnerskih dr\u017eavah.\r\n<\/p>\r\n<p>\r\nIzvedena bo tudi zaklju\u010dna konferenca, kjer bodo predstavljene izku\u0161nje in rezultati projekta. (Finska). \r\n<\/p>[\/read]\r\n\r\n\t\t\t\t\r\n\t\r\n\r\n\r\n[accordion-item title=\"Klju\u010dni dose\u017eki\"]<p>Klju\u010dni dose\u017eki: <\/p>\r\n<ul>\r\n<li>5 izpeljanih seminarjev, namenjenih izmenjavi dobrih praks na obravnavanih strokovnih podro\u010djih,<\/li>\r\n<li>pripravljene analize stanja, ki obravnavajo tematiko posami\u010dnega seminarja, s predstavljenimi primeri dobrih praks za posami\u010dno dr\u017eavo,<\/li>\r\n<li>strokovni prispevek s predstavitvijo ugotovitev, dobrih praks in priporo\u010dili za vpeljavo identificiranih dobrih praks v lastno delo,<\/li>\r\n<li>predstavitveni video projekta,<\/li>\r\n<li>zaklju\u010dni mednarodna konferenca. <\/li>\r\n<\/ul>\r\n\r\n[\/accordion-item]\r\n[\/accordion]","_et_gb_content_width":"","inline_featured_image":false,"footnotes":""},"class_list":["post-27746","page","type-page","status-publish","hentry"],"acf":[],"yoast_head":"<!-- This site is optimized with the Yoast SEO plugin v26.2 - https:\/\/yoast.com\/wordpress\/plugins\/seo\/ -->\n<title>RESHAPE the future (2016\u20132018) | Andrago\u0161ki center Republike Slovenije<\/title>\n<meta name=\"robots\" content=\"index, follow, max-snippet:-1, max-image-preview:large, max-video-preview:-1\" \/>\n<link rel=\"canonical\" href=\"https:\/\/www.acs.si\/en\/projects\/international\/reshape-the-future\/\" \/>\n<meta property=\"og:locale\" content=\"en_US\" \/>\n<meta property=\"og:type\" content=\"article\" \/>\n<meta property=\"og:title\" content=\"RESHAPE the future (2016\u20132018) | Andrago\u0161ki center Republike Slovenije\" \/>\n<meta property=\"og:description\" content=\"&nbsp; Project...\" \/>\n<meta property=\"og:url\" content=\"https:\/\/www.acs.si\/en\/projects\/international\/reshape-the-future\/\" \/>\n<meta property=\"og:site_name\" content=\"Andrago\u0161ki center Republike Slovenije\" \/>\n<meta property=\"article:publisher\" content=\"https:\/\/www.facebook.com\/AndragoskiCenterSlovenije\/\" \/>\n<meta property=\"article:modified_time\" content=\"2021-05-05T13:13:52+00:00\" \/>\n<meta name=\"twitter:card\" content=\"summary_large_image\" \/>\n<meta name=\"twitter:label1\" content=\"Est. reading time\" \/>\n\t<meta name=\"twitter:data1\" content=\"4 minutes\" \/>\n<script type=\"application\/ld+json\" class=\"yoast-schema-graph\">{\"@context\":\"https:\/\/schema.org\",\"@graph\":[{\"@type\":\"WebPage\",\"@id\":\"https:\/\/www.acs.si\/en\/projects\/international\/reshape-the-future\/\",\"url\":\"https:\/\/www.acs.si\/en\/projects\/international\/reshape-the-future\/\",\"name\":\"RESHAPE the future (2016\u20132018) | Andrago\u0161ki center Republike Slovenije\",\"isPartOf\":{\"@id\":\"https:\/\/www.acs.si\/#website\"},\"datePublished\":\"2018-08-08T13:11:58+00:00\",\"dateModified\":\"2021-05-05T13:13:52+00:00\",\"breadcrumb\":{\"@id\":\"https:\/\/www.acs.si\/en\/projects\/international\/reshape-the-future\/#breadcrumb\"},\"inLanguage\":\"en-US\",\"potentialAction\":[{\"@type\":\"ReadAction\",\"target\":[\"https:\/\/www.acs.si\/en\/projects\/international\/reshape-the-future\/\"]}]},{\"@type\":\"BreadcrumbList\",\"@id\":\"https:\/\/www.acs.si\/en\/projects\/international\/reshape-the-future\/#breadcrumb\",\"itemListElement\":[{\"@type\":\"ListItem\",\"position\":1,\"name\":\"Home\",\"item\":\"https:\/\/www.acs.si\/en\/\"},{\"@type\":\"ListItem\",\"position\":2,\"name\":\"Projects\",\"item\":\"https:\/\/www.acs.si\/en\/projects\/\"},{\"@type\":\"ListItem\",\"position\":3,\"name\":\"International\",\"item\":\"https:\/\/www.acs.si\/en\/projects\/international\/\"},{\"@type\":\"ListItem\",\"position\":4,\"name\":\"RESHAPE the future (2016\u20132018)\"}]},{\"@type\":\"WebSite\",\"@id\":\"https:\/\/www.acs.si\/#website\",\"url\":\"https:\/\/www.acs.si\/\",\"name\":\"Andrago\u0161ki center Republike Slovenije\",\"description\":\"\",\"potentialAction\":[{\"@type\":\"SearchAction\",\"target\":{\"@type\":\"EntryPoint\",\"urlTemplate\":\"https:\/\/www.acs.si\/?s={search_term_string}\"},\"query-input\":{\"@type\":\"PropertyValueSpecification\",\"valueRequired\":true,\"valueName\":\"search_term_string\"}}],\"inLanguage\":\"en-US\"}]}<\/script>\n<!-- \/ Yoast SEO plugin. -->","yoast_head_json":{"title":"RESHAPE the future (2016\u20132018) | Andrago\u0161ki center Republike Slovenije","robots":{"index":"index","follow":"follow","max-snippet":"max-snippet:-1","max-image-preview":"max-image-preview:large","max-video-preview":"max-video-preview:-1"},"canonical":"https:\/\/www.acs.si\/en\/projects\/international\/reshape-the-future\/","og_locale":"en_US","og_type":"article","og_title":"RESHAPE the future (2016\u20132018) | Andrago\u0161ki center Republike Slovenije","og_description":"&nbsp; Project...","og_url":"https:\/\/www.acs.si\/en\/projects\/international\/reshape-the-future\/","og_site_name":"Andrago\u0161ki center Republike Slovenije","article_publisher":"https:\/\/www.facebook.com\/AndragoskiCenterSlovenije\/","article_modified_time":"2021-05-05T13:13:52+00:00","twitter_card":"summary_large_image","twitter_misc":{"Est. reading time":"4 minutes"},"schema":{"@context":"https:\/\/schema.org","@graph":[{"@type":"WebPage","@id":"https:\/\/www.acs.si\/en\/projects\/international\/reshape-the-future\/","url":"https:\/\/www.acs.si\/en\/projects\/international\/reshape-the-future\/","name":"RESHAPE the future (2016\u20132018) | Andrago\u0161ki center Republike Slovenije","isPartOf":{"@id":"https:\/\/www.acs.si\/#website"},"datePublished":"2018-08-08T13:11:58+00:00","dateModified":"2021-05-05T13:13:52+00:00","breadcrumb":{"@id":"https:\/\/www.acs.si\/en\/projects\/international\/reshape-the-future\/#breadcrumb"},"inLanguage":"en-US","potentialAction":[{"@type":"ReadAction","target":["https:\/\/www.acs.si\/en\/projects\/international\/reshape-the-future\/"]}]},{"@type":"BreadcrumbList","@id":"https:\/\/www.acs.si\/en\/projects\/international\/reshape-the-future\/#breadcrumb","itemListElement":[{"@type":"ListItem","position":1,"name":"Home","item":"https:\/\/www.acs.si\/en\/"},{"@type":"ListItem","position":2,"name":"Projects","item":"https:\/\/www.acs.si\/en\/projects\/"},{"@type":"ListItem","position":3,"name":"International","item":"https:\/\/www.acs.si\/en\/projects\/international\/"},{"@type":"ListItem","position":4,"name":"RESHAPE the future (2016\u20132018)"}]},{"@type":"WebSite","@id":"https:\/\/www.acs.si\/#website","url":"https:\/\/www.acs.si\/","name":"Andrago\u0161ki center Republike Slovenije","description":"","potentialAction":[{"@type":"SearchAction","target":{"@type":"EntryPoint","urlTemplate":"https:\/\/www.acs.si\/?s={search_term_string}"},"query-input":{"@type":"PropertyValueSpecification","valueRequired":true,"valueName":"search_term_string"}}],"inLanguage":"en-US"}]}},"_links":{"self":[{"href":"https:\/\/www.acs.si\/en\/wp-json\/wp\/v2\/pages\/27746","targetHints":{"allow":["GET"]}}],"collection":[{"href":"https:\/\/www.acs.si\/en\/wp-json\/wp\/v2\/pages"}],"about":[{"href":"https:\/\/www.acs.si\/en\/wp-json\/wp\/v2\/types\/page"}],"author":[{"embeddable":true,"href":"https:\/\/www.acs.si\/en\/wp-json\/wp\/v2\/users\/161"}],"replies":[{"embeddable":true,"href":"https:\/\/www.acs.si\/en\/wp-json\/wp\/v2\/comments?post=27746"}],"version-history":[{"count":5,"href":"https:\/\/www.acs.si\/en\/wp-json\/wp\/v2\/pages\/27746\/revisions"}],"predecessor-version":[{"id":40781,"href":"https:\/\/www.acs.si\/en\/wp-json\/wp\/v2\/pages\/27746\/revisions\/40781"}],"up":[{"embeddable":true,"href":"https:\/\/www.acs.si\/en\/wp-json\/wp\/v2\/pages\/28549"}],"wp:attachment":[{"href":"https:\/\/www.acs.si\/en\/wp-json\/wp\/v2\/media?parent=27746"}],"curies":[{"name":"wp","href":"https:\/\/api.w.org\/{rel}","templated":true}]}}