{"id":27739,"date":"2018-08-08T12:10:54","date_gmt":"2018-08-08T11:10:54","guid":{"rendered":"http:\/\/www.acs.si\/?page_id=27739"},"modified":"2021-05-05T15:12:00","modified_gmt":"2021-05-05T13:12:00","slug":"lse","status":"publish","type":"page","link":"https:\/\/www.acs.si\/en\/projects\/international\/lse\/","title":{"rendered":"LSE (2016\u20132018)"},"content":{"rendered":"<p>[et_pb_section fb_built=&#8221;1&#8243; _builder_version=&#8221;3.22&#8243; custom_padding=&#8221;0px|||&#8221;][et_pb_row column_structure=&#8221;1_3,2_3&#8243; make_equal=&#8221;on&#8221; module_class=&#8221;logo-img-cont &#8221; _builder_version=&#8221;3.25&#8243; custom_margin=&#8221;||20px|&#8221; custom_padding=&#8221;0px||0px|&#8221; border_width_all=&#8221;1px&#8221; border_color_all=&#8221;#cdd1d6&#8243;][et_pb_column type=&#8221;1_3&#8243; _builder_version=&#8221;3.25&#8243; custom_padding=&#8221;|||&#8221; custom_padding__hover=&#8221;|||&#8221;][et_pb_image src=&#8221;https:\/\/www.acs.si\/wp-content\/uploads\/2018\/03\/OI-LSE.png&#8221; align=&#8221;center&#8221; align_tablet=&#8221;center&#8221; align_phone=&#8221;&#8221; align_last_edited=&#8221;on|desktop&#8221; module_class=&#8221;logo-img&#8221; _builder_version=&#8221;3.23&#8243; custom_padding=&#8221;10px|10px|10px|10px&#8221; border_color_right=&#8221;#cdd1d6&#8243; always_center_on_mobile=&#8221;on&#8221;][\/et_pb_image][\/et_pb_column][et_pb_column type=&#8221;2_3&#8243; _builder_version=&#8221;3.25&#8243; custom_padding=&#8221;|||&#8221; custom_padding__hover=&#8221;|||&#8221;][et_pb_text _builder_version=&#8221;3.27.4&#8243; custom_padding=&#8221;20px|20px|20px|20px&#8221; border_width_left=&#8221;1px&#8221; border_color_left=&#8221;#cdd1d6&#8243;]<\/p>\n<p>&nbsp;<\/p>\n<table class=\"projektTable\">\n<tbody>\n<tr>\n<td style=\"width: 146px;\"><b>Project<\/b><\/td>\n<td style=\"width: 385px;\">Life Skills for Europe \u2013 LSE<\/td>\n<\/tr>\n<tr>\n<td style=\"width: 146px;\"><b>Time period<\/b><\/td>\n<td style=\"width: 385px;\">December 2016 \u2013 December 2018<\/td>\n<\/tr>\n<tr>\n<td style=\"width: 146px;\"><strong>Programme<\/strong><\/td>\n<td style=\"width: 385px;\">Erasmus+, K2 Strategic Partnerships<\/td>\n<\/tr>\n<tr>\n<td style=\"width: 146px;\"><strong>Partners<\/strong><\/td>\n<td style=\"width: 385px;\">European Association for Education of Adults \u2013 EAEA, Denmark, Greece, Slovenia in Great Britain<\/td>\n<\/tr>\n<tr>\n<td style=\"width: 146px;\"><b>Contact<\/b><\/td>\n<td style=\"width: 385px;\">Estera Mo\u017eina, MSc<br \/>\nT: +386 1 584 2591<br \/>\nE: <a href=\"mailto:ester.mozina@acs.si\">ester.mozina@acs.si<\/a><\/td>\n<\/tr>\n<\/tbody>\n<\/table>\n<p>&nbsp;<\/p>\n<p>[\/et_pb_text][\/et_pb_column][\/et_pb_row][et_pb_row _builder_version=&#8221;3.25&#8243; background_size=&#8221;initial&#8221; background_position=&#8221;top_left&#8221; background_repeat=&#8221;repeat&#8221;][et_pb_column type=&#8221;4_4&#8243; _builder_version=&#8221;3.25&#8243; custom_padding=&#8221;|||&#8221; custom_padding__hover=&#8221;|||&#8221;][et_pb_text admin_label=&#8221;Namen&#8221; _builder_version=&#8221;3.27.4&#8243; text_font_size=&#8221;10px&#8221; header_5_text_color=&#8221;#ffffff&#8221; header_5_font_size=&#8221;17px&#8221; header_5_line_height=&#8221;27px&#8221; custom_margin=&#8221;||0px|&#8221; custom_padding=&#8221;||0px|&#8221;]<\/p>\n<p>&nbsp;<\/p>\n<h5 class=\"purple\">AIM<\/h5>\n<ul>\n<li>Improvement of educational approaches to development of basic competences of adults in Europe.<\/li>\n<li>Analysis of approaches to development of life skills and the base of existing good practices and tools for development of life skills.<\/li>\n<\/ul>\n<p>[\/et_pb_text][et_pb_toggle title=&#8221;Read more &#8221; admin_label=&#8221;Preberi ve\u010d&#8221; _builder_version=&#8221;3.4.1&#8243; custom_margin=&#8221;0px||0px|&#8221; custom_padding=&#8221;0px||0px|&#8221;]<\/p>\n<p>&nbsp;<\/p>\n<ul>\n<li>Comprehensive educational framework and modules for development of life skills in different environments in Europe.<\/li>\n<li>Concrete proposals for preparation and implementation of strategies for development of life skills at different levels.<\/li>\n<li>Concrete proposals and recommendations for policy makers at the regional, national and European level.<\/li>\n<\/ul>\n<p>[\/et_pb_toggle][\/et_pb_column][\/et_pb_row][et_pb_row _builder_version=&#8221;3.25&#8243; background_size=&#8221;initial&#8221; background_position=&#8221;top_left&#8221; background_repeat=&#8221;repeat&#8221;][et_pb_column type=&#8221;4_4&#8243; _builder_version=&#8221;3.25&#8243; custom_padding=&#8221;|||&#8221; custom_padding__hover=&#8221;|||&#8221;][et_pb_text admin_label=&#8221;Cilji projekta&#8221; _builder_version=&#8221;3.27.4&#8243; text_font_size=&#8221;10px&#8221; header_5_text_color=&#8221;#ffffff&#8221; header_5_font_size=&#8221;17px&#8221; header_5_line_height=&#8221;27px&#8221; custom_margin=&#8221;||0px|&#8221; custom_padding=&#8221;||0px|&#8221;]<\/p>\n<p>&nbsp;<\/p>\n<h5 class=\"purple\">OBJECTIVES<\/h5>\n<ul>\n<li>Research and analytical work to support the activities for professional development of adult educators;<\/li>\n<li>Development of new approaches, forms and methods for professional development of adult educators;<\/li>\n<\/ul>\n<p>[\/et_pb_text][et_pb_toggle title=&#8221;Read more &#8221; admin_label=&#8221;Preberi ve\u010d&#8221; _builder_version=&#8221;3.4.1&#8243; custom_margin=&#8221;||0px|&#8221; custom_padding=&#8221;||0px|&#8221;]<\/p>\n<p>&nbsp;<\/p>\n<ul>\n<li>Development of new programmes for professional development of adult educators;<\/li>\n<li>Guidance regarding the content and methodology for preparation of new and existing training programmes and entry of the programmes into the online catalogue of programmes;<\/li>\n<li>Development of ICT support for implementation of SIAE trainings and seminars for adult educators.<\/li>\n<\/ul>\n<p>[\/et_pb_toggle][\/et_pb_column][\/et_pb_row][et_pb_row _builder_version=&#8221;3.25&#8243; background_size=&#8221;initial&#8221; background_position=&#8221;top_left&#8221; background_repeat=&#8221;repeat&#8221;][et_pb_column type=&#8221;4_4&#8243; _builder_version=&#8221;3.25&#8243; custom_padding=&#8221;|||&#8221; custom_padding__hover=&#8221;|||&#8221;][et_pb_text admin_label=&#8221;Opis&#8221; _builder_version=&#8221;3.27.4&#8243; text_font_size=&#8221;10px&#8221; header_5_text_color=&#8221;#ffffff&#8221; header_5_font_size=&#8221;17px&#8221; header_5_line_height=&#8221;27px&#8221; custom_margin=&#8221;||0px|&#8221; custom_padding=&#8221;||0px|&#8221;]<\/p>\n<p>&nbsp;<\/p>\n<h5 class=\"purple\">DESCRIPTION<\/h5>\n<p>In the scope of the LSE project, we will collect, compare and further develop educational approaches to development of life skills. We will research and make available tools and recommendations for development of life skills in selected vulnerable groups of adults.<\/p>\n<p>[\/et_pb_text][et_pb_toggle title=&#8221;Preberi ve\u010d&#8221; admin_label=&#8221;Preberi ve\u010d&#8221; _builder_version=&#8221;3.4.1&#8243;]<\/p>\n<p>&nbsp;<\/p>\n<p>We will develop transferable models and modules for development of life skills in the EU. We will prepare concrete proposals regarding development and implementation of strategies for development of life skills on a local, regional and national level, including a tool for policy makers at different levels, from the regional to European level.<\/p>\n<p>By defining the concept and theoretical groundwork of \u201clife skills\u201d, we will provide a basis for an important added value in the adult education field, especially regarding the preparation of theoretical and professional groundwork that allow us to connect life projects of vulnerable groups of adults with adult education measures and programmes. Clearly defined terminology will allow us to collect excellent practices in the fields of life skills development and innovative educational approaches and tools for development of life skills from all across Europe. Examples of excellent practices and innovative tools will be published at the project\u2019s website. We want this project to influence the development of the theory and practice of adult education, while enabling us to exchange practical experience in the field on life skills development. The project will have a positive effect on the entire field of adult education and, consequently, on better life quality and inclusion into the society and the job market.<\/p>\n<p>&nbsp;<\/p>\n<p>[\/et_pb_toggle][\/et_pb_column][\/et_pb_row][et_pb_row _builder_version=&#8221;3.25&#8243; background_size=&#8221;initial&#8221; background_position=&#8221;top_left&#8221; background_repeat=&#8221;repeat&#8221;][et_pb_column type=&#8221;4_4&#8243; _builder_version=&#8221;3.25&#8243; custom_padding=&#8221;|||&#8221; custom_padding__hover=&#8221;|||&#8221;][et_pb_text admin_label=&#8221;Klju\u010dni dose\u017eki&#8221; _builder_version=&#8221;3.27.4&#8243; text_font_size=&#8221;10px&#8221; header_5_text_color=&#8221;#ffffff&#8221; header_5_font_size=&#8221;17px&#8221; header_5_line_height=&#8221;27px&#8221; custom_margin=&#8221;||0px|&#8221; custom_padding=&#8221;||0px|&#8221;]<\/p>\n<p>&nbsp;<\/p>\n<h5 class=\"purple\">KEY ACHIEVEMENTS<\/h5>\n<p>The project will lead to the following very concrete results:<\/p>\n<ul>\n<li>Terminological glossary of life skills;<\/li>\n<li>A collection of excellent practices in the field of life skills development;<\/li>\n<\/ul>\n<p>[\/et_pb_text][et_pb_toggle title=&#8221;Read more&#8221; admin_label=&#8221;Preberi ve\u010d&#8221; _builder_version=&#8221;3.4.1&#8243;]<\/p>\n<p>&nbsp;<\/p>\n<ul>\n<li>A collection of tools for development of life skills;<\/li>\n<li>Professional groundwork for development and implementation of transferable modules;<\/li>\n<li>Two international promotional workshops for professional presentation and in-depth understanding of the project results.<\/li>\n<\/ul>\n<p>[\/et_pb_toggle][\/et_pb_column][\/et_pb_row][\/et_pb_section]<\/p>\n","protected":false},"excerpt":{"rendered":"<p>&nbsp; Project&#8230;<\/p>\n","protected":false},"author":161,"featured_media":0,"parent":28549,"menu_order":3,"comment_status":"closed","ping_status":"closed","template":"page_projekt.php","meta":{"_acf_changed":false,"_et_pb_use_builder":"on","_et_pb_old_content":"<table class=\"projektTable\">\r\n\t<tbody>\r\n\t\t<tr>\r\n\t\t\t<td><strong>Naziv projekta (v angle\u0161\u010dini)<\/strong><\/td>\r\n\t\t\t<td>\u017divljenjske spretnosti odraslih v Evropi (Life Skills for Europe - LSE)<\/td>\r\n\t\t<\/tr>\r\n\t\t<tr>\r\n\t\t\t<td><strong>\u010casovni okvir:<\/strong><\/td>\r\n\t\t\t<td>december, 2016 \u2013  december, 2018<\/td>\r\n\t\t<\/tr>\r\n\t\t<tr>\r\n\t\t\t<td><strong>Program:<\/strong><\/td>\r\n\t\t\t<td>Erasmus+, K2<\/td>\r\n\t\t<\/tr>\r\n\t\t\t<tr>\r\n\t\t\t<td><strong>Partnerji:<\/strong><\/td>\r\n\t\t\t<td><p>European Association for Education of Adults \u2013 EAEA<\/p><p>Danska, Gr\u010dija, Slovenija in Velika Britanija <\/p><\/td>\r\n\t\t<\/tr>\r\n<tr>\r\n\t\t\t<td><strong>Kontaktna oseba:<\/strong><\/td>\r\n\t\t\t<td>Mag. Estera Mo\u017eina (T: 01 584 2591, E: <a href=\"mailto:ester.mozina@acs.si\">ester.mozina@acs.si<\/a>)<\/td>\r\n\t\t<\/tr>\r\n<\/table>\r\n<\/tbody>\r\n\r\n<a href=\"http:\/\/www.eaea.org\/en\/projects\/eaea-coordinated-projects\/lse.html\" target=\"_blank\">http:\/\/www.eaea.org\/en\/projects\/eaea-coordinated-projects\/lse.html<\/a><br>\r\n\t\t\t<a href=\"https:\/\/pismenost.acs.si\/mednarodni-projekti\/lse\/\" target=\"_blank\">https:\/\/pismenost.acs.si\/mednarodni-projekti\/lse\/<\/a>3\r\n\r\n\r\n[accordion]\r\n[accordion-item title=\"Namen in cilji\"]\r\n<ul>\r\n<li>Izbolj\u0161anje izobra\u017eevalnih pristopov za razvoj temeljnih zmo\u017enosti odraslih v Evropi. <\/li>\r\n<li>Analiza pristopov k razvoju \u017eivljenjskih spretnosti in zbirki obstoje\u010dih dobrih praks in orodij za razvijanje \u017eivljenjskih spretnosti, <\/li>\r\n<li>Celostni izobra\u017eevalni okvir in moduli za razvoj \u017eivljenjskih spretnosti v razli\u010dnih okoljih po Evropi.<\/li>\r\n<li>Konkretni predlogi za pripravo in udejanjanje strategij za razvoj \u017eivljenjskih spretnosti na razli\u010dnih ravneh.<\/li>\r\n<li>Konkretni predlogi in priporo\u010dila za na\u010drtovalce politik na regionalni, nacionalni in evropski ravni.<\/li>\r\n<\/ul>\r\n[\/accordion-item]\r\n[\/accordion]\r\n\r\n\r\n\r\n[accordion]\r\n[accordion-item title=\"Opis\"]\r\n<p>V okviru projekta LSE bomo zbirali, primerjali in nadalje razvijali izobra\u017eevalne pristope za razvoj \u017eivljenjskih spretnosti. Raziskali in omogo\u010dili bomo orodja in priporo\u010dila za razvoj \u017eivljenjskih spretnosti pri izbranih ranljivih skupinah odraslih. Razvijali bomo prenosljive modele in module za razvoj \u017eivljenjskih spretnosti v EU. Pripravili bomo konkretne predloge glede razvoja in implementacije strategije razvoja \u017eivljenjskih spretnosti na lokalni, regionalni in nacionalni ravni, ob tem bo pripravljeno tudi orodje za na\u010drtovalce politik na razli\u010dnih ravneh od regionalne do evropske ravni.<\/p>\r\n\t\t\t<p>Opredelitev koncepta in teoretskih podlag za \u2018\u017eivljenjske spretnosti\u2019 bo omogo\u010dilo pomembno dodano vrednost na podro\u010dju izobra\u017eevanja odraslih, predvsem v pripravi teoretskih in strokovnih podlag za povezovanje \u017eivljenjskih projektov ranljivih skupin odraslih ter ukrepov in programov izobra\u017eevanja odraslih. Opredelitev terminologije bo omogo\u010dila zbiranje odli\u010dnih praks s podro\u010dja razvoja \u017eivljenjskih spretnosti in inovativnih izobra\u017eevalnih pristopov in orodij za razvijanje \u017eivljenjskih spretnosti iz vse Evrope. Primeri odli\u010dnih praks in inovativnih orodij bodo objavljeni na spletni strani projekta. Tako \u017eelimo s projektom vplivati na razvoj teorije in prakse izobra\u017eevanja odraslih ter hkrati omogo\u010diti izmenjavo prakti\u010dnih izku\u0161enj s podro\u010dja razvoja \u017eivljenjskih spretnosti. S projektom bomo vplivali na bolj\u0161e u\u010dinke izobra\u017eevanja odraslih, posledi\u010dno pa na ve\u010dja kakovost \u017eivljenja in vklju\u010denost v dru\u017ebo in na trg dela.<\/p>\r\n[\/accordion-item]\r\n[\/accordion]\r\n\r\n\r\n[accordion]\r\n[accordion-item title=\"Klju\u010dni dose\u017eki\"]\r\n<p>Projekt bo omogo\u010dil naslednje konkretne rezultate:<\/p>\r\n<ul>\r\n\t\t\t\t<li>terminolo\u0161ki slovar \u017eivljenjskih spretnosti,<\/li>\r\n\t\t\t\t<li>zbirka odli\u010dnih praks s podro\u010dja razvoja \u017eivljenjskih spretnosti,<\/li>\r\n\t\t\t\t<li>zbirka orodij za razvijanje \u017eivljenjskih spretnosti,<\/li>\r\n\t\t\t\t<li>strokovna izhodi\u0161\u010da za razvoj in implementacijo prenosljivih modulov,<\/li>\r\n\t\t\t\t<li>izvedeni bosta dve mednarodni promocijski delavnici, ki bosta namenjena strokovni predstavitvi in poglabljanju razumevanja projektnih rezultatov. <\/li>\r\n\t\t\t<\/ul>\r\n[\/accordion-item]\r\n[\/accordion]","_et_gb_content_width":"","inline_featured_image":false,"footnotes":""},"class_list":["post-27739","page","type-page","status-publish","hentry"],"acf":[],"yoast_head":"<!-- This site is optimized with the Yoast SEO plugin v26.2 - https:\/\/yoast.com\/wordpress\/plugins\/seo\/ -->\n<title>LSE (2016\u20132018) | Andrago\u0161ki center Republike Slovenije<\/title>\n<meta name=\"robots\" content=\"index, follow, max-snippet:-1, max-image-preview:large, max-video-preview:-1\" \/>\n<link rel=\"canonical\" href=\"https:\/\/www.acs.si\/en\/projects\/international\/lse\/\" \/>\n<meta property=\"og:locale\" content=\"en_US\" \/>\n<meta property=\"og:type\" content=\"article\" \/>\n<meta property=\"og:title\" content=\"LSE (2016\u20132018) | Andrago\u0161ki center Republike Slovenije\" \/>\n<meta property=\"og:description\" content=\"&nbsp; Project...\" \/>\n<meta property=\"og:url\" content=\"https:\/\/www.acs.si\/en\/projects\/international\/lse\/\" \/>\n<meta property=\"og:site_name\" content=\"Andrago\u0161ki center Republike Slovenije\" \/>\n<meta property=\"article:publisher\" content=\"https:\/\/www.facebook.com\/AndragoskiCenterSlovenije\/\" \/>\n<meta property=\"article:modified_time\" content=\"2021-05-05T13:12:00+00:00\" \/>\n<meta name=\"twitter:card\" content=\"summary_large_image\" \/>\n<meta name=\"twitter:label1\" content=\"Est. reading time\" \/>\n\t<meta name=\"twitter:data1\" content=\"5 minutes\" \/>\n<script type=\"application\/ld+json\" class=\"yoast-schema-graph\">{\"@context\":\"https:\/\/schema.org\",\"@graph\":[{\"@type\":\"WebPage\",\"@id\":\"https:\/\/www.acs.si\/en\/projects\/international\/lse\/\",\"url\":\"https:\/\/www.acs.si\/en\/projects\/international\/lse\/\",\"name\":\"LSE (2016\u20132018) | Andrago\u0161ki center Republike Slovenije\",\"isPartOf\":{\"@id\":\"https:\/\/www.acs.si\/#website\"},\"datePublished\":\"2018-08-08T11:10:54+00:00\",\"dateModified\":\"2021-05-05T13:12:00+00:00\",\"breadcrumb\":{\"@id\":\"https:\/\/www.acs.si\/en\/projects\/international\/lse\/#breadcrumb\"},\"inLanguage\":\"en-US\",\"potentialAction\":[{\"@type\":\"ReadAction\",\"target\":[\"https:\/\/www.acs.si\/en\/projects\/international\/lse\/\"]}]},{\"@type\":\"BreadcrumbList\",\"@id\":\"https:\/\/www.acs.si\/en\/projects\/international\/lse\/#breadcrumb\",\"itemListElement\":[{\"@type\":\"ListItem\",\"position\":1,\"name\":\"Home\",\"item\":\"https:\/\/www.acs.si\/en\/\"},{\"@type\":\"ListItem\",\"position\":2,\"name\":\"Projects\",\"item\":\"https:\/\/www.acs.si\/en\/projects\/\"},{\"@type\":\"ListItem\",\"position\":3,\"name\":\"International\",\"item\":\"https:\/\/www.acs.si\/en\/projects\/international\/\"},{\"@type\":\"ListItem\",\"position\":4,\"name\":\"LSE (2016\u20132018)\"}]},{\"@type\":\"WebSite\",\"@id\":\"https:\/\/www.acs.si\/#website\",\"url\":\"https:\/\/www.acs.si\/\",\"name\":\"Andrago\u0161ki center Republike Slovenije\",\"description\":\"\",\"potentialAction\":[{\"@type\":\"SearchAction\",\"target\":{\"@type\":\"EntryPoint\",\"urlTemplate\":\"https:\/\/www.acs.si\/?s={search_term_string}\"},\"query-input\":{\"@type\":\"PropertyValueSpecification\",\"valueRequired\":true,\"valueName\":\"search_term_string\"}}],\"inLanguage\":\"en-US\"}]}<\/script>\n<!-- \/ Yoast SEO plugin. -->","yoast_head_json":{"title":"LSE (2016\u20132018) | Andrago\u0161ki center Republike Slovenije","robots":{"index":"index","follow":"follow","max-snippet":"max-snippet:-1","max-image-preview":"max-image-preview:large","max-video-preview":"max-video-preview:-1"},"canonical":"https:\/\/www.acs.si\/en\/projects\/international\/lse\/","og_locale":"en_US","og_type":"article","og_title":"LSE (2016\u20132018) | Andrago\u0161ki center Republike Slovenije","og_description":"&nbsp; Project...","og_url":"https:\/\/www.acs.si\/en\/projects\/international\/lse\/","og_site_name":"Andrago\u0161ki center Republike Slovenije","article_publisher":"https:\/\/www.facebook.com\/AndragoskiCenterSlovenije\/","article_modified_time":"2021-05-05T13:12:00+00:00","twitter_card":"summary_large_image","twitter_misc":{"Est. reading time":"5 minutes"},"schema":{"@context":"https:\/\/schema.org","@graph":[{"@type":"WebPage","@id":"https:\/\/www.acs.si\/en\/projects\/international\/lse\/","url":"https:\/\/www.acs.si\/en\/projects\/international\/lse\/","name":"LSE (2016\u20132018) | Andrago\u0161ki center Republike Slovenije","isPartOf":{"@id":"https:\/\/www.acs.si\/#website"},"datePublished":"2018-08-08T11:10:54+00:00","dateModified":"2021-05-05T13:12:00+00:00","breadcrumb":{"@id":"https:\/\/www.acs.si\/en\/projects\/international\/lse\/#breadcrumb"},"inLanguage":"en-US","potentialAction":[{"@type":"ReadAction","target":["https:\/\/www.acs.si\/en\/projects\/international\/lse\/"]}]},{"@type":"BreadcrumbList","@id":"https:\/\/www.acs.si\/en\/projects\/international\/lse\/#breadcrumb","itemListElement":[{"@type":"ListItem","position":1,"name":"Home","item":"https:\/\/www.acs.si\/en\/"},{"@type":"ListItem","position":2,"name":"Projects","item":"https:\/\/www.acs.si\/en\/projects\/"},{"@type":"ListItem","position":3,"name":"International","item":"https:\/\/www.acs.si\/en\/projects\/international\/"},{"@type":"ListItem","position":4,"name":"LSE (2016\u20132018)"}]},{"@type":"WebSite","@id":"https:\/\/www.acs.si\/#website","url":"https:\/\/www.acs.si\/","name":"Andrago\u0161ki center Republike Slovenije","description":"","potentialAction":[{"@type":"SearchAction","target":{"@type":"EntryPoint","urlTemplate":"https:\/\/www.acs.si\/?s={search_term_string}"},"query-input":{"@type":"PropertyValueSpecification","valueRequired":true,"valueName":"search_term_string"}}],"inLanguage":"en-US"}]}},"_links":{"self":[{"href":"https:\/\/www.acs.si\/en\/wp-json\/wp\/v2\/pages\/27739","targetHints":{"allow":["GET"]}}],"collection":[{"href":"https:\/\/www.acs.si\/en\/wp-json\/wp\/v2\/pages"}],"about":[{"href":"https:\/\/www.acs.si\/en\/wp-json\/wp\/v2\/types\/page"}],"author":[{"embeddable":true,"href":"https:\/\/www.acs.si\/en\/wp-json\/wp\/v2\/users\/161"}],"replies":[{"embeddable":true,"href":"https:\/\/www.acs.si\/en\/wp-json\/wp\/v2\/comments?post=27739"}],"version-history":[{"count":8,"href":"https:\/\/www.acs.si\/en\/wp-json\/wp\/v2\/pages\/27739\/revisions"}],"predecessor-version":[{"id":40776,"href":"https:\/\/www.acs.si\/en\/wp-json\/wp\/v2\/pages\/27739\/revisions\/40776"}],"up":[{"embeddable":true,"href":"https:\/\/www.acs.si\/en\/wp-json\/wp\/v2\/pages\/28549"}],"wp:attachment":[{"href":"https:\/\/www.acs.si\/en\/wp-json\/wp\/v2\/media?parent=27739"}],"curies":[{"name":"wp","href":"https:\/\/api.w.org\/{rel}","templated":true}]}}