{"id":27700,"date":"2018-08-07T16:11:57","date_gmt":"2018-08-07T15:11:57","guid":{"rendered":"http:\/\/www.acs.si\/?page_id=27700"},"modified":"2021-02-22T11:38:30","modified_gmt":"2021-02-22T10:38:30","slug":"cia2sfm","status":"publish","type":"page","link":"https:\/\/www.acs.si\/en\/projects\/international\/cia2sfm\/","title":{"rendered":"CIA2SFM"},"content":{"rendered":"<p>[et_pb_section fb_built=&#8221;1&#8243; _builder_version=&#8221;3.22&#8243; custom_padding=&#8221;0px|||&#8221;][et_pb_row make_equal=&#8221;on&#8221; module_class=&#8221;logo-img-cont &#8221; _builder_version=&#8221;3.25&#8243; background_size=&#8221;initial&#8221; background_position=&#8221;top_left&#8221; background_repeat=&#8221;repeat&#8221; custom_margin=&#8221;||20px|&#8221; custom_padding=&#8221;0px||0px|&#8221; border_width_all=&#8221;1px&#8221; border_color_all=&#8221;#cdd1d6&#8243; column_structure=&#8221;1_3,2_3&#8243;][et_pb_column type=&#8221;1_3&#8243; _builder_version=&#8221;3.25&#8243; custom_padding=&#8221;|||&#8221; custom_padding__hover=&#8221;|||&#8221;][et_pb_image src=&#8221;https:\/\/www.acs.si\/wp-content\/uploads\/2018\/03\/OI-CIA2SFM.png&#8221; align=&#8221;center&#8221; align_tablet=&#8221;center&#8221; align_last_edited=&#8221;on|desktop&#8221; module_class=&#8221;logo-img&#8221; _builder_version=&#8221;3.23&#8243; custom_padding=&#8221;10px|10px|10px|10px&#8221; border_color_right=&#8221;#cdd1d6&#8243; always_center_on_mobile=&#8221;on&#8221;][\/et_pb_image][\/et_pb_column][et_pb_column type=&#8221;2_3&#8243; _builder_version=&#8221;3.25&#8243; custom_padding=&#8221;|||&#8221; custom_padding__hover=&#8221;|||&#8221;][et_pb_text _builder_version=&#8221;3.27.4&#8243; custom_padding=&#8221;20px|20px|20px|20px&#8221; border_width_left=&#8221;1px&#8221; border_color_left=&#8221;#cdd1d6&#8243;]<\/p>\n<p>&nbsp;<\/p>\n<table class=\"projektTable\">\n<tbody>\n<tr>\n<td><b>Project<\/b><\/td>\n<td>Cooperation for innovative approach in sustainable forest management training \u2013 CIA2SFM<\/td>\n<\/tr>\n<tr>\n<td><b>Time period<\/b><\/td>\n<td>September 2015 \u2013 August 2018<\/td>\n<\/tr>\n<tr>\n<td><strong>Programme<\/strong><\/td>\n<td>Erasmus+, KA2<\/td>\n<\/tr>\n<tr>\n<td><strong>Partners<\/strong><\/td>\n<td>Croatian Forestry Research Institute \u2013 CFRI (coordinator)<br \/>\nSlovenian Institute for Adult Education \u2013 SIAE, Austrian Research Centre for Forest \u2013 BFW, Slovenian Forestry Institute \u2013 SFI, Institute for Development and International Relations \u2013 IRMO, University of Natural Resouces and Life Sciences \u2013 BOKU, Vienna, and Slovenian Forest Service \u2013 SFS<\/td>\n<\/tr>\n<tr>\n<td><b>Contact<\/b><\/td>\n<td>Dr Nevenka Bogataj<br \/>\nT: +386 1 5842 579<br \/>\nE: <a href=\"mailto:nevenka.bogataj@acs.si\">nevenka.bogataj@acs.si<\/a><\/td>\n<\/tr>\n<\/tbody>\n<\/table>\n<p>&nbsp;<\/p>\n<p>[\/et_pb_text][\/et_pb_column][\/et_pb_row][et_pb_row _builder_version=&#8221;3.25&#8243; background_size=&#8221;initial&#8221; background_position=&#8221;top_left&#8221; background_repeat=&#8221;repeat&#8221;][et_pb_column type=&#8221;4_4&#8243; _builder_version=&#8221;3.25&#8243; custom_padding=&#8221;|||&#8221; custom_padding__hover=&#8221;|||&#8221;][et_pb_text admin_label=&#8221;Namen&#8221; _builder_version=&#8221;3.27.4&#8243; text_font_size=&#8221;10px&#8221; header_5_text_color=&#8221;#ffffff&#8221; header_5_font_size=&#8221;17px&#8221; header_5_line_height=&#8221;27px&#8221; custom_margin=&#8221;||0px|&#8221; custom_padding=&#8221;||0px|&#8221;]<\/p>\n<p>&nbsp;<\/p>\n<h5 class=\"purple\">AIM<\/h5>\n<ul>\n<li>Overview of educational practices in the field of sustainability.<\/li>\n<li>Sustainable management of resources (shown on case study of forest management).<\/li>\n<li>Introduction of new target publics.<\/li>\n<li>Educational programme.<\/li>\n<\/ul>\n<p>[\/et_pb_text][\/et_pb_column][\/et_pb_row][et_pb_row _builder_version=&#8221;3.25&#8243; background_size=&#8221;initial&#8221; background_position=&#8221;top_left&#8221; background_repeat=&#8221;repeat&#8221;][et_pb_column type=&#8221;4_4&#8243; _builder_version=&#8221;3.25&#8243; custom_padding=&#8221;|||&#8221; custom_padding__hover=&#8221;|||&#8221;][et_pb_text admin_label=&#8221;Cilji&#8221; _builder_version=&#8221;3.27.4&#8243; text_font_size=&#8221;10px&#8221; header_5_text_color=&#8221;#ffffff&#8221; header_5_font_size=&#8221;17px&#8221; header_5_line_height=&#8221;27px&#8221; custom_margin=&#8221;||0px|&#8221; custom_padding=&#8221;||0px|&#8221;]<\/p>\n<p>&nbsp;<\/p>\n<h5 class=\"purple\">OBJECTIVES<\/h5>\n<p>Research of good practices in each of the partner countries serves as the foundation for development of new educational programmes. This is the basis for proposed methodology, curriculum, e-learning platform and simple manual for platform use. The pilot version was systematically evaluated to ensure the e-classroom and other materials can be directly implemented in each country.<\/p>\n<p>[\/et_pb_text][\/et_pb_column][\/et_pb_row][et_pb_row _builder_version=&#8221;3.25&#8243; background_size=&#8221;initial&#8221; background_position=&#8221;top_left&#8221; background_repeat=&#8221;repeat&#8221;][et_pb_column type=&#8221;4_4&#8243; _builder_version=&#8221;3.25&#8243; custom_padding=&#8221;|||&#8221; custom_padding__hover=&#8221;|||&#8221;][et_pb_text admin_label=&#8221;Opis&#8221; _builder_version=&#8221;3.27.4&#8243; text_font_size=&#8221;10px&#8221; header_5_text_color=&#8221;#ffffff&#8221; header_5_font_size=&#8221;17px&#8221; header_5_line_height=&#8221;27px&#8221; custom_margin=&#8221;||0px|&#8221; custom_padding=&#8221;||0px|&#8221;]<\/p>\n<p>&nbsp;<\/p>\n<h5 class=\"purple\">DESCRIPTION<\/h5>\n<p>We collaborate on this project with our neighbours from Austria and Croatia. Based on the research of good educational practices \u2013 among which are also our study circles \u2013 we developed an innovative educational programme on sustainable management of natural resources.<\/p>\n<p>[\/et_pb_text][et_pb_toggle title=&#8221;Read more&#8221; admin_label=&#8221;Preberi ve\u010d&#8221; _builder_version=&#8221;3.4.1&#8243;]<\/p>\n<p>&nbsp;<\/p>\n<p>The programme includes an e-classroom, learning materials and a manual and uses the forest as the object of study as the most complex and abundant natural resource. The educational programme is still in the testing phase and will be implemented by the SIAE in collaboration with one of the Slovenian partners, the Slovenian Forestry Institute. The programme will be attended by study circle mentors.<\/p>\n<p>This pioneer work is not only useful for new target groups in adult education but also as an environment and model of preparation of new programmes, for example a programme on adaptation to changes (e.g. climate change). The maintenance of the website is guaranteed, which will save us money in the long-term, and we also established collaboration with new nearby partners.<\/p>\n<p>For Slovenia, the existing reference points are our study circles, but we will have to develop a connection with sustainable development and its key element \u2013 management of resources \u2013 after the end of this project, which promoted inter-sectoral connections and will lead to international results.<\/p>\n<p>[\/et_pb_toggle][\/et_pb_column][\/et_pb_row][et_pb_row _builder_version=&#8221;3.25&#8243; background_size=&#8221;initial&#8221; background_position=&#8221;top_left&#8221; background_repeat=&#8221;repeat&#8221;][et_pb_column type=&#8221;4_4&#8243; _builder_version=&#8221;3.25&#8243; custom_padding=&#8221;|||&#8221; custom_padding__hover=&#8221;|||&#8221;][et_pb_text admin_label=&#8221;Klju\u010dni dose\u017eki&#8221; _builder_version=&#8221;3.27.4&#8243; text_font_size=&#8221;10px&#8221; header_5_text_color=&#8221;#ffffff&#8221; header_5_font_size=&#8221;17px&#8221; header_5_line_height=&#8221;27px&#8221; custom_margin=&#8221;||0px|&#8221; custom_padding=&#8221;||0px|&#8221;]<\/p>\n<p>&nbsp;<\/p>\n<h5 class=\"purple\">KEY ACHIEVEMENTS<\/h5>\n<p>The key achievements can be categorised into groups:<\/p>\n<ul>\n<li>Educational programme;<\/li>\n<li>E-classroom;<\/li>\n<li>Promotional events.<\/li>\n<\/ul>\n<p>[\/et_pb_text][\/et_pb_column][\/et_pb_row][\/et_pb_section]<\/p>\n","protected":false},"excerpt":{"rendered":"<p>&nbsp; Project&#8230;<\/p>\n","protected":false},"author":161,"featured_media":0,"parent":28549,"menu_order":1,"comment_status":"closed","ping_status":"closed","template":"page_projekt.php","meta":{"_acf_changed":false,"_et_pb_use_builder":"on","_et_pb_old_content":"FOTOGRAFIJA \r\n\r\n<table class=\"projektTableNew\">\r\n<tbody>\r\n<tr>\r\n\t\t\t<td>Naziv projekta (v angle\u0161\u010dini)<\/td>\r\n\t\t\t<td>Sodelovanje za inovativni pristop k usposabljanju za trajnostno upravljanje z gozdom (Cooperation for innovative approach in sustainable forest management training \u2013 CIA2SFM)<\/td>\r\n\t\t<\/tr>\r\n\t\t<tr>\r\n\t\t\t<td>\u010casovni okvir<\/td>\r\n\t\t\t<td>februar 2015 \u2013 januar 2018<\/td>\r\n\t\t<\/tr>\r\n\t\t<tr>\r\n\t\t\t<td>Program:<\/td>\r\n\t\t\t<td>Erasmus+, K2<\/td>\r\n\t\t<\/tr>\r\n\r\n<tr>\r\n\t\t\t<td><strong>Partnerji:<\/strong><\/td>\r\n\t\t\t<td>\r\n\t\t\t\t<ul>\r\n\t\t\t\t\t<li>Croatian Forestry Research Institute \u2013 CFRI<\/li>\r\n\t\t\t\t\t<li>Andrago\u0161ki center Slovenije<\/li>\r\n\t\t\t\t\t<li>Gozdarski in\u0161titut Slovenije<\/li>\r\n\t\t\t\t\t<li>Universitaet f\u00fcr Bodenkultur Wien \u2013 BOKU<\/li>\r\n\t\t\t\t\t<li>Zavod za gozdove Slovenije \u2013 ZGS<\/li>\r\n\t\t\t\t<\/ul>\r\n\t\t\t<\/td>\r\n\t\t<\/tr>\r\n\r\n<tr>\t\t\r\n<td>Kontaktna oseba<\/td>\r\n<td>Dr. Nevenka Bogataj (T: 01 584 579, E: <a href=\"mailto:nevenka.bogataj@acs.si\">nevenka.bogataj@acs.si<\/a>)<\/td>\r\n\t\t<\/tr>\r\n<\/tbody>\r\n<\/table>\r\n\r\n\r\n<a href=\"http:\/\/www.cia2sfm.org\/\" target=\"_blank\">http:\/\/www.cia2sfm.org\/<\/a>\r\n\r\n[accordion]\r\n[accordion-item title=\"Namen\"]<ul>\r\n\t\t\t\t<li>Pregled izobra\u017eevalnih praks na podro\u010dju trajnosti.<\/li>\r\n\t\t\t\t<li>Trajnostno upravljanje z viri (na primeru gozda).<\/li>\r\n\t\t\t\t<li>Spoznavanje novih ciljnih javnosti.<\/li>\r\n\t\t\t\t<li>Izobra\u017eevalni program<\/li>\r\n\t\t\t<\/ul>[\/accordion-item]\r\n[\/accordion]\r\n\r\n[accordion]\r\n[accordion-item title=\"Cilji\"]\u0160tudija dobrih praks za vsako od partnerskih dr\u017eav je podlaga za nastanek novega izobra\u017eevalnega programa. Na tej podlagi so predlagani metodologija, kurikulum, e-u\u010dna platforma in preprost priro\u010dnik za njeno uporabo. Testna izvedba je sistemati\u010dno ovrednotena, da bi v posami\u010dni dr\u017eavi e-u\u010dilnico s spremljevalnimi izdelki lahko neposredno implementirali v vsaki dr\u017eavi.[\/accordion-item]\r\n[\/accordion]\r\n\r\n[accordion]\r\n[accordion-item title=\"Opis\"]V projektu sodelujemo s sosedi iz Avstrije in Hrva\u0161ke. Na podlagi za\u010detne \u0161tudije dobrih praks usposabljanja \u2013 med katerimi so tudi \u0161tudijski kro\u017eki \u2013 je bil oblikovan inovativen program usposabljanja o trajnostnem upravljanju z naravnimi viri. Program obsega e-u\u010dilnico, u\u010dno gradivo in priro\u010dnik, za objekt obravnave pa uporablja gozd kot najkompleksnej\u0161i in v obilju prisoten naravni vir. Usposabljanje je v postopku testiranja, ki ga bo ACS izpeljal v sodelovanju z enim od slovenskih partnerjev, Gozdarskim in\u0161titutom Slovenije. Njegovi udele\u017eenci bodo mentorji \u0161tudijskih kro\u017ekov. Pionirsko delo ni uporabno le za nove ciljne skupine v izobra\u017eevanju odraslih, ampak tudi kot okolje in model priprave novih programov npr. za prilagajanje na spremembe (npr. podnebne spremembe). Vzdr\u017eevanje spletne strani je zagotovljeno, kar je pomemben dolgoro\u010dni prihranek, hkrati pa je vzpostavljeno sodelovanje z novimi partnerji iz bli\u017enje okolice. Referen\u010dno to\u010dko za Slovenijo predstavljajo \u0161tudijski kro\u017eki, navezavo na trajnostni razvoj, katerega klju\u010dni element je upravljanje z viri, pa bo potrebno razviti po izteku projekta, ki udejanja medsektorske povezave ter daje mednarodne rezultate.[\/accordion-item]\r\n[\/accordion]\r\n\r\n\r\n[accordion]\r\n[accordion-item title=\"Klju\u010dni dose\u017eki\"]<p>Klju\u010dne dose\u017eke bi lahko prikazali v skupinah:<\/p>\r\n\t\t\t<ul>\r\n\t\t\t\t<li>Izobra\u017eevalni program<\/li>\r\n\t\t\t\t<li>E-u\u010dilnica<\/li>\r\n\t\t\t\t<li>Promocijski dogodki<\/li>\r\n\t\t\t<\/ul><\/td>[\/accordion-item]\r\n[\/accordion]","_et_gb_content_width":"","inline_featured_image":false,"footnotes":""},"class_list":["post-27700","page","type-page","status-publish","hentry"],"acf":[],"yoast_head":"<!-- This site is optimized with the Yoast SEO plugin v26.2 - https:\/\/yoast.com\/wordpress\/plugins\/seo\/ -->\n<title>CIA2SFM | Andrago\u0161ki center Republike Slovenije<\/title>\n<meta name=\"robots\" content=\"index, follow, max-snippet:-1, max-image-preview:large, max-video-preview:-1\" \/>\n<link rel=\"canonical\" href=\"https:\/\/www.acs.si\/en\/projects\/international\/cia2sfm\/\" \/>\n<meta property=\"og:locale\" content=\"en_US\" \/>\n<meta property=\"og:type\" content=\"article\" \/>\n<meta property=\"og:title\" content=\"CIA2SFM | Andrago\u0161ki center Republike Slovenije\" \/>\n<meta property=\"og:description\" content=\"&nbsp; Project...\" \/>\n<meta property=\"og:url\" content=\"https:\/\/www.acs.si\/en\/projects\/international\/cia2sfm\/\" \/>\n<meta property=\"og:site_name\" content=\"Andrago\u0161ki center Republike Slovenije\" \/>\n<meta property=\"article:publisher\" content=\"https:\/\/www.facebook.com\/AndragoskiCenterSlovenije\/\" \/>\n<meta property=\"article:modified_time\" content=\"2021-02-22T10:38:30+00:00\" \/>\n<meta name=\"twitter:card\" content=\"summary_large_image\" \/>\n<meta name=\"twitter:label1\" content=\"Est. reading time\" \/>\n\t<meta name=\"twitter:data1\" content=\"4 minutes\" \/>\n<script type=\"application\/ld+json\" class=\"yoast-schema-graph\">{\"@context\":\"https:\/\/schema.org\",\"@graph\":[{\"@type\":\"WebPage\",\"@id\":\"https:\/\/www.acs.si\/en\/projects\/international\/cia2sfm\/\",\"url\":\"https:\/\/www.acs.si\/en\/projects\/international\/cia2sfm\/\",\"name\":\"CIA2SFM | Andrago\u0161ki center Republike Slovenije\",\"isPartOf\":{\"@id\":\"https:\/\/www.acs.si\/#website\"},\"datePublished\":\"2018-08-07T15:11:57+00:00\",\"dateModified\":\"2021-02-22T10:38:30+00:00\",\"breadcrumb\":{\"@id\":\"https:\/\/www.acs.si\/en\/projects\/international\/cia2sfm\/#breadcrumb\"},\"inLanguage\":\"en-US\",\"potentialAction\":[{\"@type\":\"ReadAction\",\"target\":[\"https:\/\/www.acs.si\/en\/projects\/international\/cia2sfm\/\"]}]},{\"@type\":\"BreadcrumbList\",\"@id\":\"https:\/\/www.acs.si\/en\/projects\/international\/cia2sfm\/#breadcrumb\",\"itemListElement\":[{\"@type\":\"ListItem\",\"position\":1,\"name\":\"Home\",\"item\":\"https:\/\/www.acs.si\/en\/\"},{\"@type\":\"ListItem\",\"position\":2,\"name\":\"Projects\",\"item\":\"https:\/\/www.acs.si\/en\/projects\/\"},{\"@type\":\"ListItem\",\"position\":3,\"name\":\"International\",\"item\":\"https:\/\/www.acs.si\/en\/projects\/international\/\"},{\"@type\":\"ListItem\",\"position\":4,\"name\":\"CIA2SFM\"}]},{\"@type\":\"WebSite\",\"@id\":\"https:\/\/www.acs.si\/#website\",\"url\":\"https:\/\/www.acs.si\/\",\"name\":\"Andrago\u0161ki center Republike Slovenije\",\"description\":\"\",\"potentialAction\":[{\"@type\":\"SearchAction\",\"target\":{\"@type\":\"EntryPoint\",\"urlTemplate\":\"https:\/\/www.acs.si\/?s={search_term_string}\"},\"query-input\":{\"@type\":\"PropertyValueSpecification\",\"valueRequired\":true,\"valueName\":\"search_term_string\"}}],\"inLanguage\":\"en-US\"}]}<\/script>\n<!-- \/ Yoast SEO plugin. -->","yoast_head_json":{"title":"CIA2SFM | Andrago\u0161ki center Republike Slovenije","robots":{"index":"index","follow":"follow","max-snippet":"max-snippet:-1","max-image-preview":"max-image-preview:large","max-video-preview":"max-video-preview:-1"},"canonical":"https:\/\/www.acs.si\/en\/projects\/international\/cia2sfm\/","og_locale":"en_US","og_type":"article","og_title":"CIA2SFM | Andrago\u0161ki center Republike Slovenije","og_description":"&nbsp; Project...","og_url":"https:\/\/www.acs.si\/en\/projects\/international\/cia2sfm\/","og_site_name":"Andrago\u0161ki center Republike Slovenije","article_publisher":"https:\/\/www.facebook.com\/AndragoskiCenterSlovenije\/","article_modified_time":"2021-02-22T10:38:30+00:00","twitter_card":"summary_large_image","twitter_misc":{"Est. reading time":"4 minutes"},"schema":{"@context":"https:\/\/schema.org","@graph":[{"@type":"WebPage","@id":"https:\/\/www.acs.si\/en\/projects\/international\/cia2sfm\/","url":"https:\/\/www.acs.si\/en\/projects\/international\/cia2sfm\/","name":"CIA2SFM | Andrago\u0161ki center Republike Slovenije","isPartOf":{"@id":"https:\/\/www.acs.si\/#website"},"datePublished":"2018-08-07T15:11:57+00:00","dateModified":"2021-02-22T10:38:30+00:00","breadcrumb":{"@id":"https:\/\/www.acs.si\/en\/projects\/international\/cia2sfm\/#breadcrumb"},"inLanguage":"en-US","potentialAction":[{"@type":"ReadAction","target":["https:\/\/www.acs.si\/en\/projects\/international\/cia2sfm\/"]}]},{"@type":"BreadcrumbList","@id":"https:\/\/www.acs.si\/en\/projects\/international\/cia2sfm\/#breadcrumb","itemListElement":[{"@type":"ListItem","position":1,"name":"Home","item":"https:\/\/www.acs.si\/en\/"},{"@type":"ListItem","position":2,"name":"Projects","item":"https:\/\/www.acs.si\/en\/projects\/"},{"@type":"ListItem","position":3,"name":"International","item":"https:\/\/www.acs.si\/en\/projects\/international\/"},{"@type":"ListItem","position":4,"name":"CIA2SFM"}]},{"@type":"WebSite","@id":"https:\/\/www.acs.si\/#website","url":"https:\/\/www.acs.si\/","name":"Andrago\u0161ki center Republike Slovenije","description":"","potentialAction":[{"@type":"SearchAction","target":{"@type":"EntryPoint","urlTemplate":"https:\/\/www.acs.si\/?s={search_term_string}"},"query-input":{"@type":"PropertyValueSpecification","valueRequired":true,"valueName":"search_term_string"}}],"inLanguage":"en-US"}]}},"_links":{"self":[{"href":"https:\/\/www.acs.si\/en\/wp-json\/wp\/v2\/pages\/27700","targetHints":{"allow":["GET"]}}],"collection":[{"href":"https:\/\/www.acs.si\/en\/wp-json\/wp\/v2\/pages"}],"about":[{"href":"https:\/\/www.acs.si\/en\/wp-json\/wp\/v2\/types\/page"}],"author":[{"embeddable":true,"href":"https:\/\/www.acs.si\/en\/wp-json\/wp\/v2\/users\/161"}],"replies":[{"embeddable":true,"href":"https:\/\/www.acs.si\/en\/wp-json\/wp\/v2\/comments?post=27700"}],"version-history":[{"count":4,"href":"https:\/\/www.acs.si\/en\/wp-json\/wp\/v2\/pages\/27700\/revisions"}],"predecessor-version":[{"id":39234,"href":"https:\/\/www.acs.si\/en\/wp-json\/wp\/v2\/pages\/27700\/revisions\/39234"}],"up":[{"embeddable":true,"href":"https:\/\/www.acs.si\/en\/wp-json\/wp\/v2\/pages\/28549"}],"wp:attachment":[{"href":"https:\/\/www.acs.si\/en\/wp-json\/wp\/v2\/media?parent=27700"}],"curies":[{"name":"wp","href":"https:\/\/api.w.org\/{rel}","templated":true}]}}