{"id":27695,"date":"2018-08-07T15:44:57","date_gmt":"2018-08-07T14:44:57","guid":{"rendered":"http:\/\/www.acs.si\/?page_id=27695"},"modified":"2026-03-02T16:43:12","modified_gmt":"2026-03-02T15:43:12","slug":"professional-support-in-the-field-of-adult-education-2","status":"publish","type":"page","link":"https:\/\/www.acs.si\/en\/projects\/national\/professional-support-in-the-field-of-adult-education-2\/","title":{"rendered":"Professional Support in the Field of Adult Education"},"content":{"rendered":"<p>[et_pb_section fb_built=&#8221;1&#8243; _builder_version=&#8221;4.16&#8243; custom_padding=&#8221;0px|||&#8221; global_colors_info=&#8221;{}&#8221;][et_pb_row make_equal=&#8221;on&#8221; module_class=&#8221;logo-img-cont &#8221; _builder_version=&#8221;4.16&#8243; custom_margin=&#8221;||20px|&#8221; custom_padding=&#8221;0px||0px|&#8221; border_width_all=&#8221;1px&#8221; border_color_all=&#8221;#cdd1d6&#8243; global_colors_info=&#8221;{}&#8221;][et_pb_column type=&#8221;4_4&#8243; _builder_version=&#8221;4.16&#8243; custom_padding=&#8221;|||&#8221; global_colors_info=&#8221;{}&#8221; custom_padding__hover=&#8221;|||&#8221;][et_pb_text _builder_version=&#8221;4.27.5&#8243; custom_padding=&#8221;20px|20px|20px|20px&#8221; hover_enabled=&#8221;0&#8243; border_width_left=&#8221;1px&#8221; border_color_left=&#8221;#cdd1d6&#8243; global_colors_info=&#8221;{}&#8221; sticky_enabled=&#8221;0&#8243;]<\/p>\n<p>&nbsp;<\/p>\n<table class=\"projektTable\">\n<tbody>\n<tr>\n<td><b>Project<\/b><\/td>\n<td>Professional Support in the Field of Adult Education<\/td>\n<\/tr>\n<tr>\n<td><b>Time period<\/b><\/td>\n<td>Permanent task<\/td>\n<\/tr>\n<tr>\n<td><strong>Financed by<\/strong><\/td>\n<td>Ministry of Education<\/td>\n<\/tr>\n<tr>\n<td><strong>Contacts\u00a0<\/strong><\/td>\n<td>Jasmina Mir\u010deva, MSc<br \/>T: +386 1 5842 590<br \/>E: <a href=\"mailto:jasmina.mirceva@acs.si\" target=\"_blank\" rel=\"noopener noreferrer\">jasmina.mirceva@acs.si<\/a><\/p>\n<p>&nbsp;<\/p>\n<p>Margerita Zagmajster, MSc<br \/>T: +386 1 5842 563<br \/>E:<a href=\"mailto:margerita.zagmajster@acs.si\"> margerita.zagmajster@acs.si<\/a><\/p>\n<\/td>\n<\/tr>\n<\/tbody>\n<\/table>\n<p>&nbsp;<\/p>\n<p>[\/et_pb_text][\/et_pb_column][\/et_pb_row][et_pb_row _builder_version=&#8221;4.16&#8243; background_size=&#8221;initial&#8221; background_position=&#8221;top_left&#8221; background_repeat=&#8221;repeat&#8221; global_colors_info=&#8221;{}&#8221;][et_pb_column type=&#8221;4_4&#8243; _builder_version=&#8221;4.16&#8243; custom_padding=&#8221;|||&#8221; global_colors_info=&#8221;{}&#8221; custom_padding__hover=&#8221;|||&#8221;][et_pb_text admin_label=&#8221;Namen&#8221; _builder_version=&#8221;4.16&#8243; text_font_size=&#8221;10px&#8221; header_5_text_color=&#8221;#ffffff&#8221; header_5_font_size=&#8221;17px&#8221; header_5_line_height=&#8221;27px&#8221; custom_margin=&#8221;||0px|&#8221; custom_padding=&#8221;||0px|&#8221; global_colors_info=&#8221;{}&#8221;]<\/p>\n<p>&nbsp;<\/p>\n<h5 class=\"purple\">AIM<\/h5>\n<p>Expert support for promotion of adult education.<\/p>\n<p>[\/et_pb_text][\/et_pb_column][\/et_pb_row][et_pb_row _builder_version=&#8221;4.16&#8243; background_size=&#8221;initial&#8221; background_position=&#8221;top_left&#8221; background_repeat=&#8221;repeat&#8221; global_colors_info=&#8221;{}&#8221;][et_pb_column type=&#8221;4_4&#8243; _builder_version=&#8221;4.16&#8243; custom_padding=&#8221;|||&#8221; global_colors_info=&#8221;{}&#8221; custom_padding__hover=&#8221;|||&#8221;][et_pb_text admin_label=&#8221;Cilji&#8221; _builder_version=&#8221;4.16&#8243; text_font_size=&#8221;10px&#8221; header_5_text_color=&#8221;#ffffff&#8221; header_5_font_size=&#8221;17px&#8221; header_5_line_height=&#8221;27px&#8221; custom_margin=&#8221;||0px|&#8221; custom_padding=&#8221;||0px|&#8221; global_colors_info=&#8221;{}&#8221;]<\/p>\n<p>&nbsp;<\/p>\n<h5 class=\"purple\">OBJECTIVES<\/h5>\n<p>To offer professional support to policy makers for systematic planning of the adult education field in Slovenia.<\/p>\n<p>[\/et_pb_text][\/et_pb_column][\/et_pb_row][et_pb_row _builder_version=&#8221;4.16&#8243; background_size=&#8221;initial&#8221; background_position=&#8221;top_left&#8221; background_repeat=&#8221;repeat&#8221; global_colors_info=&#8221;{}&#8221;][et_pb_column type=&#8221;4_4&#8243; _builder_version=&#8221;4.16&#8243; custom_padding=&#8221;|||&#8221; global_colors_info=&#8221;{}&#8221; custom_padding__hover=&#8221;|||&#8221;][et_pb_text admin_label=&#8221;Opis&#8221; _builder_version=&#8221;4.16&#8243; text_font_size=&#8221;10px&#8221; header_5_text_color=&#8221;#ffffff&#8221; header_5_font_size=&#8221;17px&#8221; header_5_line_height=&#8221;27px&#8221; custom_margin=&#8221;||0px|&#8221; custom_padding=&#8221;||0px|&#8221; global_colors_info=&#8221;{}&#8221;]<\/p>\n<p>&nbsp;<\/p>\n<h5 class=\"purple\">DESCRIPTION<\/h5>\n<p>As part of this task, we mostly offer support with preparation of legislation, strategic orientations and different professional groundwork for various systemic questions in the field of adult educations. We participate in different committees and work groups on the national and international level and in implementation of public calls to tender in the field of adult education.<\/p>\n<p>[\/et_pb_text][et_pb_toggle title=&#8221;Read more&#8221; admin_label=&#8221;Preberi ve\u010d&#8221; _builder_version=&#8221;4.16&#8243; global_colors_info=&#8221;{}&#8221;]<\/p>\n<p>&nbsp;<\/p>\n<p>We prepare different professional materials for the Council of Experts of the RS for adult education and national reports for the field of education based on international surveys and implement other unplanned activities ordered by the provider of funds during the year (e.g. review of educational programmes, review of various strategic documents, etc.).<\/p>\n<p>[\/et_pb_toggle][\/et_pb_column][\/et_pb_row][et_pb_row _builder_version=&#8221;4.16&#8243; background_size=&#8221;initial&#8221; background_position=&#8221;top_left&#8221; background_repeat=&#8221;repeat&#8221; global_colors_info=&#8221;{}&#8221;][et_pb_column type=&#8221;4_4&#8243; _builder_version=&#8221;4.16&#8243; custom_padding=&#8221;|||&#8221; global_colors_info=&#8221;{}&#8221; custom_padding__hover=&#8221;|||&#8221;][et_pb_text admin_label=&#8221;Aktivnosti&#8221; _builder_version=&#8221;4.16&#8243; text_font_size=&#8221;10px&#8221; header_5_text_color=&#8221;#ffffff&#8221; header_5_font_size=&#8221;17px&#8221; header_5_line_height=&#8221;27px&#8221; custom_margin=&#8221;||0px|&#8221; custom_padding=&#8221;||0px|&#8221; global_colors_info=&#8221;{}&#8221;]<\/p>\n<p>&nbsp;<\/p>\n<h5 class=\"purple\">ACTIVITIES<\/h5>\n<ul>\n<li>Preparation of expert groundwork for renovation of adult education legislation;<\/li>\n<li>Active participation in more than 25 committees and work groups in Slovenia and abroad and preparation of different expert materials;<\/li>\n<li>Monitoring and analysis of the Annual plan for adult education;<\/li>\n<li>Professional support with implementation of calls for tenders in the field of adult education.<\/li>\n<\/ul>\n<p>[\/et_pb_text][\/et_pb_column][\/et_pb_row][et_pb_row _builder_version=&#8221;4.16&#8243; background_size=&#8221;initial&#8221; background_position=&#8221;top_left&#8221; background_repeat=&#8221;repeat&#8221; global_colors_info=&#8221;{}&#8221;][et_pb_column type=&#8221;4_4&#8243; _builder_version=&#8221;4.16&#8243; custom_padding=&#8221;|||&#8221; global_colors_info=&#8221;{}&#8221; custom_padding__hover=&#8221;|||&#8221;][et_pb_text admin_label=&#8221;Klju\u010dni dose\u017eki&#8221; _builder_version=&#8221;4.16&#8243; text_font_size=&#8221;10px&#8221; header_5_text_color=&#8221;#ffffff&#8221; header_5_font_size=&#8221;17px&#8221; header_5_line_height=&#8221;27px&#8221; custom_margin=&#8221;||0px|&#8221; custom_padding=&#8221;||0px|&#8221; global_colors_info=&#8221;{}&#8221;]<\/p>\n<p>&nbsp;<\/p>\n<h5 class=\"purple\">KEY ACHIEVEMENTS<\/h5>\n<p>Our key achievements in 2017 are:<\/p>\n<ul>\n<li>Expert groundwork for the National programme for adult education;<\/li>\n<li>Expert groundwork for the changes to the Act on adult education;<\/li>\n<li>Analysis of implementation of the Resolution on the Master Plan for Adult Education in the Republic of Slovenia 2014\u20132016;<\/li>\n<li><a href=\"https:\/\/arhiv.acs.si\/porocila\/GRALE-National_progress_report_2012.pdf\">Follow-up of CONFINTEA VI :<\/a><a href=\"https:\/\/arhiv.acs.si\/porocila\/GRALE-National_progress_report_2012.pdf\"> National progress report submitted by the Government of Slovenia<\/a>.<\/li>\n<\/ul>\n<p>[\/et_pb_text][\/et_pb_column][\/et_pb_row][\/et_pb_section]<\/p>\n","protected":false},"excerpt":{"rendered":"<p>&nbsp; Project&#8230;<\/p>\n","protected":false},"author":161,"featured_media":0,"parent":28417,"menu_order":11,"comment_status":"closed","ping_status":"closed","template":"page_projekt.php","meta":{"_acf_changed":false,"_et_pb_use_builder":"on","_et_pb_old_content":"<table class=\"projektTable\">\r\n<tbody>\r\n\r\n<tr> \r\n<td> <strong>Naziv projekta \/ dejavnosti:<\/strong> <\/td>\r\n<td> Strokovna podpora na podro\u010dju izobra\u017eevanja odraslih <\/td>\r\n<\/tr>\r\n\r\n<tr> \r\n<td> <strong> \u010casovni okvir: <\/strong> <\/td>\r\n<td> stalna naloga  <\/td>\r\n<\/tr>\r\n\r\n<tr>\r\n\t<td><strong>Kontaktna oseba: <\/strong><\/td>\r\n\t<td> Mag. Peter Beltram  (T: 01 5842 566, E: <a href=\"mailto:peter.beltram@acs.si\">peter.beltram@acs.si<\/a>) in mag. Margerita Zagmajster (T: 01 5842 563, E:<a href=\"mailto:margerita.zagmajster@acs.si\"> margerita.zagmajster@acs.si<\/a>)\r\n<\/tr>\r\n\r\n<\/tbody>\r\n<\/table>\r\n\r\n<a href=\"https:\/\/www.acs.si\/projekti\/domaci\/strokovna-podpora-podrocju-izobrazevanja-odraslih\/\">Strokovna podpora za pospe\u0161evanje izobra\u017eevanja odraslih<\/a>\r\n\r\n[accordion]\r\n[accordion-item title=\"Cilji\"]\r\n<p> Zagotavljanje strokovne podpore na\u010drtovalcem politike za sistemsko urejanje izobra\u017eevanja odraslih v Sloveniji. <\/p>\r\n[\/accordion-item]\r\n[\/accordion]\r\n\r\n[accordion]\r\n[accordion-item title=\"Opis\"]\r\n<p> V okviru naloge zagotavljamo predvsem podporo pri pripravi zakonodaje, pri pripravi strate\u0161kih usmeritev in pri pripravi razli\u010dnih strokovnih podlag za razli\u010dna sistemska vpra\u0161anja na podro\u010dju izobra\u017eevanja odraslih. Sodelujemo v razli\u010dnih komisijah in delovnih skupinah na nacionalni in mednarodni ravni ter pri izvajanju javnih razpisov na podro\u010dju izobra\u017eevanja odraslih. Pripravljamo razli\u010dna strokovna gradiva za delo Strokovnega sveta RS za izobra\u017eevanje odraslih, nacionalna poro\u010dila za podro\u010dje izobra\u017eevanja na podlagi mednarodnih vpra\u0161alnikov in izvajamo druge nena\u010drtovane dejavnosti, ki jih med letom naro\u010di financer (npr. pregled izobra\u017eevalnih programov, pregled razli\u010dnih strate\u0161kih dokumentov ipd.)  <\/p>\r\n[\/accordion-item]\r\n[\/accordion]\r\n\r\n[accordion]\r\n[accordion-item title=\"Aktivnosti\"]\r\n<ul>\r\n<li> priprava strokovnih podlag za prenovo zakonodaje izobra\u017eevanja odraslih, <\/li>\r\n<li>aktivna udele\u017eba na sestankih ve\u010d kot 25 komisij in delovnih skupin v Sloveniji in v tujini ter priprava razli\u010dnih strokovnih gradiv, <\/li>\r\n<li> spremljanje in analiziranje uresni\u010devanja LPIO, <\/li>\r\n<li> strokovna podpora pri izvajanju razpisov s podro\u010dja izobra\u017eevanja odraslih. <\/li> \r\n<\/ul>\r\n[\/accordion-item]\r\n[\/accordion]\r\n\r\n[accordion]\r\n[accordion-item title=\"Klju\u010dni dose\u017eki\"]\r\n<p>Strokovne podlage za Nacionalni program izobra\u017eevanja odraslih. <\/p>\r\n\r\n<p> Strokovne podlage za spremembe Zakona o izobra\u017eevanju odraslih <\/p>\r\n\r\n<p> Analiza uresni\u010devanja ReNPIO 2014-2016 (\u0161e ni linka) <\/p>\r\n\r\n<p> Nacionalno poro\u010dilo CONFINTEA VI (<a href=\"https:\/\/arhiv.acs.si\/porocila\/GRALE-National_progress_report_2012.pdf\" rel=\"noopener\" target=\"_blank\">Follow-up of CONFINTEA VI : National progress report submitted by the Government of Slovenia<\/a>)  <\/p>\r\n[\/accordion-item]\r\n[\/accordion]","_et_gb_content_width":"","inline_featured_image":false,"footnotes":""},"class_list":["post-27695","page","type-page","status-publish","hentry"],"acf":[],"yoast_head":"<!-- This site is optimized with the Yoast SEO plugin v26.2 - https:\/\/yoast.com\/wordpress\/plugins\/seo\/ -->\n<title>Professional Support in the Field of Adult Education | Andrago\u0161ki center Republike Slovenije<\/title>\n<meta name=\"robots\" content=\"index, follow, max-snippet:-1, max-image-preview:large, max-video-preview:-1\" \/>\n<link rel=\"canonical\" href=\"https:\/\/www.acs.si\/en\/projects\/national\/professional-support-in-the-field-of-adult-education-2\/\" \/>\n<meta property=\"og:locale\" content=\"en_US\" \/>\n<meta property=\"og:type\" content=\"article\" \/>\n<meta property=\"og:title\" content=\"Professional Support in the Field of Adult Education | Andrago\u0161ki center Republike Slovenije\" \/>\n<meta property=\"og:description\" content=\"&nbsp; Project...\" \/>\n<meta property=\"og:url\" content=\"https:\/\/www.acs.si\/en\/projects\/national\/professional-support-in-the-field-of-adult-education-2\/\" \/>\n<meta property=\"og:site_name\" content=\"Andrago\u0161ki center Republike Slovenije\" \/>\n<meta property=\"article:publisher\" content=\"https:\/\/www.facebook.com\/AndragoskiCenterSlovenije\/\" \/>\n<meta property=\"article:modified_time\" content=\"2026-03-02T15:43:12+00:00\" \/>\n<meta name=\"twitter:card\" content=\"summary_large_image\" \/>\n<meta name=\"twitter:label1\" content=\"Est. reading time\" \/>\n\t<meta name=\"twitter:data1\" content=\"2 minutes\" \/>\n<script type=\"application\/ld+json\" class=\"yoast-schema-graph\">{\"@context\":\"https:\/\/schema.org\",\"@graph\":[{\"@type\":\"WebPage\",\"@id\":\"https:\/\/www.acs.si\/en\/projects\/national\/professional-support-in-the-field-of-adult-education-2\/\",\"url\":\"https:\/\/www.acs.si\/en\/projects\/national\/professional-support-in-the-field-of-adult-education-2\/\",\"name\":\"Professional Support in the Field of Adult Education | Andrago\u0161ki center Republike Slovenije\",\"isPartOf\":{\"@id\":\"https:\/\/www.acs.si\/#website\"},\"datePublished\":\"2018-08-07T14:44:57+00:00\",\"dateModified\":\"2026-03-02T15:43:12+00:00\",\"breadcrumb\":{\"@id\":\"https:\/\/www.acs.si\/en\/projects\/national\/professional-support-in-the-field-of-adult-education-2\/#breadcrumb\"},\"inLanguage\":\"en-US\",\"potentialAction\":[{\"@type\":\"ReadAction\",\"target\":[\"https:\/\/www.acs.si\/en\/projects\/national\/professional-support-in-the-field-of-adult-education-2\/\"]}]},{\"@type\":\"BreadcrumbList\",\"@id\":\"https:\/\/www.acs.si\/en\/projects\/national\/professional-support-in-the-field-of-adult-education-2\/#breadcrumb\",\"itemListElement\":[{\"@type\":\"ListItem\",\"position\":1,\"name\":\"Home\",\"item\":\"https:\/\/www.acs.si\/en\/\"},{\"@type\":\"ListItem\",\"position\":2,\"name\":\"Projects\",\"item\":\"https:\/\/www.acs.si\/en\/projects\/\"},{\"@type\":\"ListItem\",\"position\":3,\"name\":\"National\",\"item\":\"https:\/\/www.acs.si\/en\/projects\/national\/\"},{\"@type\":\"ListItem\",\"position\":4,\"name\":\"Professional Support in the Field of Adult Education\"}]},{\"@type\":\"WebSite\",\"@id\":\"https:\/\/www.acs.si\/#website\",\"url\":\"https:\/\/www.acs.si\/\",\"name\":\"Andrago\u0161ki center Republike Slovenije\",\"description\":\"\",\"potentialAction\":[{\"@type\":\"SearchAction\",\"target\":{\"@type\":\"EntryPoint\",\"urlTemplate\":\"https:\/\/www.acs.si\/?s={search_term_string}\"},\"query-input\":{\"@type\":\"PropertyValueSpecification\",\"valueRequired\":true,\"valueName\":\"search_term_string\"}}],\"inLanguage\":\"en-US\"}]}<\/script>\n<!-- \/ Yoast SEO plugin. -->","yoast_head_json":{"title":"Professional Support in the Field of Adult Education | Andrago\u0161ki center Republike Slovenije","robots":{"index":"index","follow":"follow","max-snippet":"max-snippet:-1","max-image-preview":"max-image-preview:large","max-video-preview":"max-video-preview:-1"},"canonical":"https:\/\/www.acs.si\/en\/projects\/national\/professional-support-in-the-field-of-adult-education-2\/","og_locale":"en_US","og_type":"article","og_title":"Professional Support in the Field of Adult Education | Andrago\u0161ki center Republike Slovenije","og_description":"&nbsp; Project...","og_url":"https:\/\/www.acs.si\/en\/projects\/national\/professional-support-in-the-field-of-adult-education-2\/","og_site_name":"Andrago\u0161ki center Republike Slovenije","article_publisher":"https:\/\/www.facebook.com\/AndragoskiCenterSlovenije\/","article_modified_time":"2026-03-02T15:43:12+00:00","twitter_card":"summary_large_image","twitter_misc":{"Est. reading time":"2 minutes"},"schema":{"@context":"https:\/\/schema.org","@graph":[{"@type":"WebPage","@id":"https:\/\/www.acs.si\/en\/projects\/national\/professional-support-in-the-field-of-adult-education-2\/","url":"https:\/\/www.acs.si\/en\/projects\/national\/professional-support-in-the-field-of-adult-education-2\/","name":"Professional Support in the Field of Adult Education | Andrago\u0161ki center Republike Slovenije","isPartOf":{"@id":"https:\/\/www.acs.si\/#website"},"datePublished":"2018-08-07T14:44:57+00:00","dateModified":"2026-03-02T15:43:12+00:00","breadcrumb":{"@id":"https:\/\/www.acs.si\/en\/projects\/national\/professional-support-in-the-field-of-adult-education-2\/#breadcrumb"},"inLanguage":"en-US","potentialAction":[{"@type":"ReadAction","target":["https:\/\/www.acs.si\/en\/projects\/national\/professional-support-in-the-field-of-adult-education-2\/"]}]},{"@type":"BreadcrumbList","@id":"https:\/\/www.acs.si\/en\/projects\/national\/professional-support-in-the-field-of-adult-education-2\/#breadcrumb","itemListElement":[{"@type":"ListItem","position":1,"name":"Home","item":"https:\/\/www.acs.si\/en\/"},{"@type":"ListItem","position":2,"name":"Projects","item":"https:\/\/www.acs.si\/en\/projects\/"},{"@type":"ListItem","position":3,"name":"National","item":"https:\/\/www.acs.si\/en\/projects\/national\/"},{"@type":"ListItem","position":4,"name":"Professional Support in the Field of Adult Education"}]},{"@type":"WebSite","@id":"https:\/\/www.acs.si\/#website","url":"https:\/\/www.acs.si\/","name":"Andrago\u0161ki center Republike Slovenije","description":"","potentialAction":[{"@type":"SearchAction","target":{"@type":"EntryPoint","urlTemplate":"https:\/\/www.acs.si\/?s={search_term_string}"},"query-input":{"@type":"PropertyValueSpecification","valueRequired":true,"valueName":"search_term_string"}}],"inLanguage":"en-US"}]}},"_links":{"self":[{"href":"https:\/\/www.acs.si\/en\/wp-json\/wp\/v2\/pages\/27695","targetHints":{"allow":["GET"]}}],"collection":[{"href":"https:\/\/www.acs.si\/en\/wp-json\/wp\/v2\/pages"}],"about":[{"href":"https:\/\/www.acs.si\/en\/wp-json\/wp\/v2\/types\/page"}],"author":[{"embeddable":true,"href":"https:\/\/www.acs.si\/en\/wp-json\/wp\/v2\/users\/161"}],"replies":[{"embeddable":true,"href":"https:\/\/www.acs.si\/en\/wp-json\/wp\/v2\/comments?post=27695"}],"version-history":[{"count":7,"href":"https:\/\/www.acs.si\/en\/wp-json\/wp\/v2\/pages\/27695\/revisions"}],"predecessor-version":[{"id":85849,"href":"https:\/\/www.acs.si\/en\/wp-json\/wp\/v2\/pages\/27695\/revisions\/85849"}],"up":[{"embeddable":true,"href":"https:\/\/www.acs.si\/en\/wp-json\/wp\/v2\/pages\/28417"}],"wp:attachment":[{"href":"https:\/\/www.acs.si\/en\/wp-json\/wp\/v2\/media?parent=27695"}],"curies":[{"name":"wp","href":"https:\/\/api.w.org\/{rel}","templated":true}]}}