{"id":27691,"date":"2018-08-07T15:30:35","date_gmt":"2018-08-07T14:30:35","guid":{"rendered":"http:\/\/www.acs.si\/?page_id=27691"},"modified":"2021-05-19T17:36:18","modified_gmt":"2021-05-19T15:36:18","slug":"education-for-sustainable-development","status":"publish","type":"page","link":"https:\/\/www.acs.si\/en\/projects\/national\/education-for-sustainable-development\/","title":{"rendered":"Education for Sustainable Development"},"content":{"rendered":"<p>[et_pb_section fb_built=&#8221;1&#8243; _builder_version=&#8221;3.22&#8243; custom_padding=&#8221;0px|||&#8221;][et_pb_row column_structure=&#8221;1_3,2_3&#8243; make_equal=&#8221;on&#8221; module_class=&#8221;logo-img-cont &#8221; _builder_version=&#8221;3.25&#8243; background_size=&#8221;initial&#8221; background_position=&#8221;top_left&#8221; background_repeat=&#8221;repeat&#8221; custom_margin=&#8221;||20px|&#8221; custom_padding=&#8221;0px||0px|&#8221; border_width_all=&#8221;1px&#8221; border_color_all=&#8221;#cdd1d6&#8243;][et_pb_column type=&#8221;1_3&#8243; _builder_version=&#8221;3.25&#8243; custom_padding=&#8221;|||&#8221; custom_padding__hover=&#8221;|||&#8221;][et_pb_image src=&#8221;https:\/\/www.acs.si\/wp-content\/uploads\/2018\/03\/OI-Znamenja_trajnosti.png&#8221; align=&#8221;center&#8221; align_tablet=&#8221;center&#8221; align_phone=&#8221;&#8221; align_last_edited=&#8221;on|desktop&#8221; module_class=&#8221;logo-img&#8221; _builder_version=&#8221;3.23&#8243; custom_padding=&#8221;10px|10px|10px|10px&#8221; border_color_right=&#8221;#cdd1d6&#8243; always_center_on_mobile=&#8221;on&#8221;][\/et_pb_image][\/et_pb_column][et_pb_column type=&#8221;2_3&#8243; _builder_version=&#8221;3.25&#8243; custom_padding=&#8221;|||&#8221; custom_padding__hover=&#8221;|||&#8221;][et_pb_text _builder_version=&#8221;3.27.4&#8243; custom_padding=&#8221;20px|20px|20px|20px&#8221; border_width_left=&#8221;1px&#8221; border_color_left=&#8221;#cdd1d6&#8243;]<\/p>\n<p>&nbsp;<\/p>\n<table class=\"projektTable\" style=\"width: 484px;\">\n<tbody>\n<tr>\n<td style=\"width: 143px;\"><strong>Project<\/strong><\/td>\n<td style=\"width: 341px;\">Education for Sustainable Development<\/td>\n<\/tr>\n<tr>\n<td style=\"width: 143px;\"><b>Time period<\/b><\/td>\n<td style=\"width: 341px;\">Since 2007<\/td>\n<\/tr>\n<tr>\n<td style=\"width: 143px;\"><strong>Financed by<\/strong><\/td>\n<td style=\"width: 341px;\">Ministry of Education, Science and Sport;<br \/>\nprojects of the Ministry of the Environment and Spatial Planning<\/td>\n<\/tr>\n<tr>\n<td style=\"width: 143px;\"><b>Contact<\/b><\/td>\n<td style=\"width: 341px;\">Dr Nevenka Bogataj<br \/>\nT: +386 1 5842 579<br \/>\nE: <a href=\"mailto:nevenka.bogataj@acs.si\">nevenka.bogataj@acs.si<\/a><\/td>\n<\/tr>\n<\/tbody>\n<\/table>\n<p>&nbsp;<\/p>\n<p>[\/et_pb_text][\/et_pb_column][\/et_pb_row][et_pb_row _builder_version=&#8221;3.25&#8243; background_size=&#8221;initial&#8221; background_position=&#8221;top_left&#8221; background_repeat=&#8221;repeat&#8221;][et_pb_column type=&#8221;4_4&#8243; _builder_version=&#8221;3.25&#8243; custom_padding=&#8221;|||&#8221; custom_padding__hover=&#8221;|||&#8221;][et_pb_text admin_label=&#8221;Namen&#8221; _builder_version=&#8221;3.27.4&#8243; text_font_size=&#8221;10px&#8221; header_5_text_color=&#8221;#ffffff&#8221; header_5_font_size=&#8221;17px&#8221; header_5_line_height=&#8221;27px&#8221; custom_margin=&#8221;||0px|&#8221; custom_padding=&#8221;||0px|&#8221;]<\/p>\n<p>&nbsp;<\/p>\n<h5 class=\"purple\">AIM<\/h5>\n<p>The initial aim in 2006 was to introduce the topic of education for sustainable development in adult education. After developing two training programmes and learning materials, we aim to raise participation in these programmes, extend cooperation with stakeholders in this field and create an added value, e.g. in terms of criteria development, fieldwork support, decision-making aligned with principles of sustainability.<\/p>\n<p>[\/et_pb_text][\/et_pb_column][\/et_pb_row][et_pb_row _builder_version=&#8221;3.25&#8243; background_size=&#8221;initial&#8221; background_position=&#8221;top_left&#8221; background_repeat=&#8221;repeat&#8221;][et_pb_column type=&#8221;4_4&#8243; _builder_version=&#8221;3.25&#8243; custom_padding=&#8221;|||&#8221; custom_padding__hover=&#8221;|||&#8221;][et_pb_text admin_label=&#8221;Cilji&#8221; _builder_version=&#8221;3.27.4&#8243; text_font_size=&#8221;10px&#8221; header_5_text_color=&#8221;#ffffff&#8221; header_5_font_size=&#8221;17px&#8221; header_5_line_height=&#8221;27px&#8221; min_height=&#8221;47.5px&#8221; custom_margin=&#8221;||31px|||&#8221; custom_padding=&#8221;||0px|&#8221;]<\/p>\n<p>&nbsp;<\/p>\n<h5 class=\"purple\">GOALS<\/h5>\n<p>[\/et_pb_text][\/et_pb_column][\/et_pb_row][et_pb_row _builder_version=&#8221;3.25&#8243; background_size=&#8221;initial&#8221; background_position=&#8221;top_left&#8221; background_repeat=&#8221;repeat&#8221; min_height=&#8221;197.9px&#8221; custom_margin=&#8221;-34px|auto||auto||&#8221; custom_padding=&#8221;7px||0px|||&#8221;][et_pb_column type=&#8221;4_4&#8243; _builder_version=&#8221;3.25&#8243; custom_padding=&#8221;|||&#8221; custom_padding__hover=&#8221;|||&#8221;][et_pb_text admin_label=&#8221;Opis&#8221; _builder_version=&#8221;3.27.4&#8243; text_font_size=&#8221;10px&#8221; header_5_text_color=&#8221;#ffffff&#8221; header_5_font_size=&#8221;17px&#8221; header_5_line_height=&#8221;27px&#8221; custom_margin=&#8221;||0px|&#8221; custom_padding=&#8221;||0px|&#8221;]<\/p>\n<p>To understand and follow the basic principles of sustainability, implement education for sustainable development and contribute to the transformation to sustainability that will take place at a level of an individual and institutions.<\/p>\n<h5 class=\"purple\">DESCRIPTION<\/h5>\n<p>Sustainability, sustainable development and education for sustainable development are complex issues that connect social and natural systems and address an overall developmental pattern. Therefore, interdisciplinary approaches are practised and documented in outcomes.\u00a0<\/p>\n<p>[\/et_pb_text][\/et_pb_column][\/et_pb_row][et_pb_row _builder_version=&#8221;3.25&#8243; background_size=&#8221;initial&#8221; background_position=&#8221;top_left&#8221; background_repeat=&#8221;repeat&#8221;][et_pb_column type=&#8221;4_4&#8243; _builder_version=&#8221;3.25&#8243; custom_padding=&#8221;|||&#8221; custom_padding__hover=&#8221;|||&#8221;][et_pb_text admin_label=&#8221;Aktivnost&#8221; _builder_version=&#8221;3.27.4&#8243; text_font_size=&#8221;10px&#8221; header_5_text_color=&#8221;#ffffff&#8221; header_5_font_size=&#8221;17px&#8221; header_5_line_height=&#8221;27px&#8221; min_height=&#8221;259.3px&#8221; custom_margin=&#8221;-6px||0px|||&#8221; custom_padding=&#8221;||0px|&#8221;]<\/p>\n<p>&nbsp;<\/p>\n<h5 class=\"purple\">ACTIVITIES<\/h5>\n<p>The main activities are:<\/p>\n<ul>\n<li>implementation of the Basic Training for Sustainable Development;<\/li>\n<li>implementation of the Extended Training for Sustainable Development;<\/li>\n<li>offering guidance to practitioners and stakeholders;<\/li>\n<li>collaboration in research and development projects and activities contributing to education for sustainable development;<\/li>\n<li>international cooperation.<\/li>\n<\/ul>\n<p>[\/et_pb_text][\/et_pb_column][\/et_pb_row][et_pb_row _builder_version=&#8221;3.25&#8243; background_size=&#8221;initial&#8221; background_position=&#8221;top_left&#8221; background_repeat=&#8221;repeat&#8221;][et_pb_column type=&#8221;4_4&#8243; _builder_version=&#8221;3.25&#8243; custom_padding=&#8221;|||&#8221; custom_padding__hover=&#8221;|||&#8221;][et_pb_text admin_label=&#8221;Klju\u010dni dose\u017eki&#8221; _builder_version=&#8221;3.27.4&#8243; text_font_size=&#8221;10px&#8221; header_5_text_color=&#8221;#ffffff&#8221; header_5_font_size=&#8221;17px&#8221; header_5_line_height=&#8221;27px&#8221; custom_margin=&#8221;-44px||0px|||&#8221; custom_padding=&#8221;||0px|&#8221;]<\/p>\n<p>&nbsp;<\/p>\n<h5 class=\"purple\">KEY ACHIEVEMENTS are:<\/h5>\n<ul>\n<li>the development and pilot implementation of two ESD programmes (The basic ESD (2007), the extended ESD (2016));<\/li>\n<li>the development of learning materials (<span><a href=\"https:\/\/www.acs.si\/digitalna-bralnica\/berilo-o-trajnosti\/\">A reader on sustainability<\/a><\/span>, 2009, <span><a href=\"https:\/\/www.acs.si\/digitalna-bralnica\/znamenja-trajnosti\/\">Signs of sustainability<\/a><\/span>, 2013);<\/li>\n<li>placement of both programmes in the catalogue of SIAE <span><a href=\"https:\/\/izobrazevanje.acs.si\/programoteka_as\/\">training programmes<\/a><\/span>.<\/li>\n<\/ul>\n<p>[\/et_pb_text][\/et_pb_column][\/et_pb_row][\/et_pb_section]<\/p>\n","protected":false},"excerpt":{"rendered":"<p>&nbsp; Project&#8230;<\/p>\n","protected":false},"author":161,"featured_media":0,"parent":28417,"menu_order":29,"comment_status":"closed","ping_status":"closed","template":"page_projekt.php","meta":{"_acf_changed":false,"_et_pb_use_builder":"on","_et_pb_old_content":"Trajnostni razvoj je zelo kompleksen pojem. Opredeljujejo ga okoljski, dru\u017ebeni in ekonomski steber novej\u0161i doma\u010di pristopi jim dodajajo tudi \u010detrti steber, kulturo.\r\n\r\nV izobra\u017eevanju odraslih je tema <strong>trajnostni razvoj<\/strong> za\u017eivela leta 2006, ko je ACS s pomo\u010djo ESS sredstev omogo\u010dil delovni skupini, sestavljeni predvsem iz zunanjih sodelavcev, oblikovanje izobra\u017eevalnega programa (2007). Kasneje so nastala \u0161e u\u010dni gradivi zanj (<a href=\"https:\/\/www.acs.si\/publikacije\/berilo-o-trajnosti\/\">Berilo o trajnosti<\/a>, 2009, <a href=\"https:\/\/www.acs.si\/publikacije\/znamenja-trajnosti\/\">Znamenja trajnosti<\/a>, 2013) ter modul za spopolnjevanje strokovnih delavcev (2014).\r\n\r\nV letih 2015-2018 sodelujemo v mednarodnem projektu Sodelovanje za inovativni pristop k usposabljanju za trajnostno upravljanje z gozdom (Cooperation for innovative approach in sustainable forest management training \u2013 <a href=\"http:\/\/www.cia2sfm.org\/\" target=\"_blank\" rel=\"noopener\">CIA2SFM<\/a>), katerega namen je pregled dobrih praks na podro\u010dju trajnosti, priprava izobra\u017eevalnega programa o trajnostnem upravljanju z viri, e-u\u010dne platforme in priro\u010dnika za uporabo platforme.\r\n\r\nProjekt Izvedba programa usposabljanja odraslih za trajnostni razvoj in prehod v zeleno gospodarstvo v povezavi s podnebnimi spremembami (2016) je omogo\u010dil prakti\u010dno izvedbo usposabljanja, nadaljnji razvoj in identifikacijo prihodnjih mo\u017enih smeri razvoja.\r\n\r\n\r\nFOTOGRAFIJA \r\n\r\n<table class=\"projektTableNew\">\r\n<tbody>\r\n<tr>\r\n\t\t\t<td>Naziv projekta \/ dejavnosti<\/td>\r\n\t\t\t<td>Izobra\u017eevanje za trajnostni razvoj<\/td>\r\n\t\t<\/tr>\r\n\t\t<tr>\r\n\t\t\t<td>\u010casovni okvir<\/td>\r\n\t\t\t<td>Od leta 2007 naprej<\/td>\r\n\t\t<\/tr>\r\n\t\t<tr>\r\n\t\t\t<td>Financer<\/td>\r\n\t\t\t<td>MIZ\u0160, projektno tudi MOP <\/td>\r\n\t\t<\/tr>\r\n\r\n\t\t\t<tr>\r\n\t<td>Kontaktna oseba<\/td>\r\n\t<td>Nevenka Bogataj (T: 01 584 579, E: <a href=\"mailto:nevenka.bogataj@acs.si\">nevenka.bogataj@acs.si<\/a>)<\/td>\r\n\r\n<\/tr>\r\n\r\n<\/tbody>\r\n<\/table>\r\n\r\n\r\n<a href=\"https:\/\/znamenjatrajnosti.si\/\">https:\/\/znamenjatrajnosti.si\/<\/a>\r\n\r\n\r\n[accordion]\r\n[accordion-item title=\"Namen\"]Vpeljati temo v izobra\u017eevanje odraslih.[\/accordion-item]\r\n[\/accordion]\r\n\r\n[accordion]\r\n[accordion-item title=\"Cilji\"]Poznati pojem, na\u010dela in koncept trajnosti, trajnostnega razvoja<br>Uveljaviti na\u010dela in koncept v izobra\u017eevanju odraslih.[\/accordion-item]\r\n[\/accordion]\r\n\r\n[accordion]\r\n[accordion-item title=\"Aktivnosti\"]<ul>\r\n\t\t\t\t\t<li>Temeljno usposabljanje za trajnostni razvoj<\/li>\r\n\t\t\t\t\t<li>Raz\u0161irjeno usposabljanje za trajnostni razvoj<\/li>\r\n\t\t\t\t\t<li>Svetovanje zainteresiranim dele\u017enikom in izvajalcem \u0160K<\/li>\r\n\t\t\t\t\t<li>U\u010dni gradivi Berilo o trajnosti, Znamenja trajnosti <a href=\"https:\/\/arhiv.acs.si\/publikacije\/Znamenja_trajnosti_ACS_mini_za_objavo_na_www.pdf\">https:\/\/arhiv.acs.si\/publikacije\/Znamenja_trajnosti_ACS_mini_za_objavo_na_www.pdf<\/a><\/li>\r\n\t\t\t\t<\/ul>[\/accordion-item]\r\n[\/accordion]\r\n\t\t\r\n\t\t\t\r\n[accordion]\r\n[accordion-item title=\"Klju\u010dni dose\u017eki\"]<ul>\r\n\t\t\t\t\t<li>Neprekinjeno delovanje in usposabljanja<\/li>\r\n\t\t\t\t\t<li>Visoka motiviranost udele\u017eencev za vklju\u010devanje in mentorjev za usposabljanje<\/li>\r\n\t\t\t\t\t<li>Kakovost struktur in procesov (doseganje zelo razli\u010dnih ciljnih skupin, tudi ranljivih; opis kompetenc mentorja in vodje, opis izobra\u017eevalnega programa, razvoj in opis \u010dezmejnega izobra\u017eevalnega programa)<\/li>\r\n\t\t\t\t\t<li>Strokovne ter znanstvene objave o \u0161tudijskih kro\u017ekih (V COBISS-u prek 600 objav o \u0161tudijskih kro\u017ekih)<\/li>\r\n\t\t\t\t\t<li>Mednarodna dejavnost (praksa v Furlaniji Julijski krajini, bibliografija)<\/li>\r\n\t\t\t\t<\/ul> [\/accordion-item]\r\n[\/accordion]","_et_gb_content_width":"","inline_featured_image":false,"footnotes":""},"class_list":["post-27691","page","type-page","status-publish","hentry"],"acf":[],"yoast_head":"<!-- This site is optimized with the Yoast SEO plugin v26.2 - https:\/\/yoast.com\/wordpress\/plugins\/seo\/ -->\n<title>Education for Sustainable Development | Andrago\u0161ki center Republike Slovenije<\/title>\n<meta name=\"robots\" content=\"index, follow, max-snippet:-1, max-image-preview:large, max-video-preview:-1\" \/>\n<link rel=\"canonical\" href=\"https:\/\/www.acs.si\/en\/projects\/national\/education-for-sustainable-development\/\" \/>\n<meta property=\"og:locale\" content=\"en_US\" \/>\n<meta property=\"og:type\" content=\"article\" \/>\n<meta property=\"og:title\" content=\"Education for Sustainable Development | Andrago\u0161ki center Republike Slovenije\" \/>\n<meta property=\"og:description\" content=\"&nbsp; Project...\" \/>\n<meta property=\"og:url\" content=\"https:\/\/www.acs.si\/en\/projects\/national\/education-for-sustainable-development\/\" \/>\n<meta property=\"og:site_name\" content=\"Andrago\u0161ki center Republike Slovenije\" \/>\n<meta property=\"article:publisher\" content=\"https:\/\/www.facebook.com\/AndragoskiCenterSlovenije\/\" \/>\n<meta property=\"article:modified_time\" content=\"2021-05-19T15:36:18+00:00\" \/>\n<meta name=\"twitter:card\" content=\"summary_large_image\" \/>\n<meta name=\"twitter:label1\" content=\"Est. reading time\" \/>\n\t<meta name=\"twitter:data1\" content=\"4 minutes\" \/>\n<script type=\"application\/ld+json\" class=\"yoast-schema-graph\">{\"@context\":\"https:\/\/schema.org\",\"@graph\":[{\"@type\":\"WebPage\",\"@id\":\"https:\/\/www.acs.si\/en\/projects\/national\/education-for-sustainable-development\/\",\"url\":\"https:\/\/www.acs.si\/en\/projects\/national\/education-for-sustainable-development\/\",\"name\":\"Education for Sustainable Development | Andrago\u0161ki center Republike Slovenije\",\"isPartOf\":{\"@id\":\"https:\/\/www.acs.si\/#website\"},\"datePublished\":\"2018-08-07T14:30:35+00:00\",\"dateModified\":\"2021-05-19T15:36:18+00:00\",\"breadcrumb\":{\"@id\":\"https:\/\/www.acs.si\/en\/projects\/national\/education-for-sustainable-development\/#breadcrumb\"},\"inLanguage\":\"en-US\",\"potentialAction\":[{\"@type\":\"ReadAction\",\"target\":[\"https:\/\/www.acs.si\/en\/projects\/national\/education-for-sustainable-development\/\"]}]},{\"@type\":\"BreadcrumbList\",\"@id\":\"https:\/\/www.acs.si\/en\/projects\/national\/education-for-sustainable-development\/#breadcrumb\",\"itemListElement\":[{\"@type\":\"ListItem\",\"position\":1,\"name\":\"Home\",\"item\":\"https:\/\/www.acs.si\/en\/\"},{\"@type\":\"ListItem\",\"position\":2,\"name\":\"Projects\",\"item\":\"https:\/\/www.acs.si\/en\/projects\/\"},{\"@type\":\"ListItem\",\"position\":3,\"name\":\"National\",\"item\":\"https:\/\/www.acs.si\/en\/projects\/national\/\"},{\"@type\":\"ListItem\",\"position\":4,\"name\":\"Education for Sustainable Development\"}]},{\"@type\":\"WebSite\",\"@id\":\"https:\/\/www.acs.si\/#website\",\"url\":\"https:\/\/www.acs.si\/\",\"name\":\"Andrago\u0161ki center Republike Slovenije\",\"description\":\"\",\"potentialAction\":[{\"@type\":\"SearchAction\",\"target\":{\"@type\":\"EntryPoint\",\"urlTemplate\":\"https:\/\/www.acs.si\/?s={search_term_string}\"},\"query-input\":{\"@type\":\"PropertyValueSpecification\",\"valueRequired\":true,\"valueName\":\"search_term_string\"}}],\"inLanguage\":\"en-US\"}]}<\/script>\n<!-- \/ Yoast SEO plugin. -->","yoast_head_json":{"title":"Education for Sustainable Development | Andrago\u0161ki center Republike Slovenije","robots":{"index":"index","follow":"follow","max-snippet":"max-snippet:-1","max-image-preview":"max-image-preview:large","max-video-preview":"max-video-preview:-1"},"canonical":"https:\/\/www.acs.si\/en\/projects\/national\/education-for-sustainable-development\/","og_locale":"en_US","og_type":"article","og_title":"Education for Sustainable Development | Andrago\u0161ki center Republike Slovenije","og_description":"&nbsp; Project...","og_url":"https:\/\/www.acs.si\/en\/projects\/national\/education-for-sustainable-development\/","og_site_name":"Andrago\u0161ki center Republike Slovenije","article_publisher":"https:\/\/www.facebook.com\/AndragoskiCenterSlovenije\/","article_modified_time":"2021-05-19T15:36:18+00:00","twitter_card":"summary_large_image","twitter_misc":{"Est. reading time":"4 minutes"},"schema":{"@context":"https:\/\/schema.org","@graph":[{"@type":"WebPage","@id":"https:\/\/www.acs.si\/en\/projects\/national\/education-for-sustainable-development\/","url":"https:\/\/www.acs.si\/en\/projects\/national\/education-for-sustainable-development\/","name":"Education for Sustainable Development | Andrago\u0161ki center Republike Slovenije","isPartOf":{"@id":"https:\/\/www.acs.si\/#website"},"datePublished":"2018-08-07T14:30:35+00:00","dateModified":"2021-05-19T15:36:18+00:00","breadcrumb":{"@id":"https:\/\/www.acs.si\/en\/projects\/national\/education-for-sustainable-development\/#breadcrumb"},"inLanguage":"en-US","potentialAction":[{"@type":"ReadAction","target":["https:\/\/www.acs.si\/en\/projects\/national\/education-for-sustainable-development\/"]}]},{"@type":"BreadcrumbList","@id":"https:\/\/www.acs.si\/en\/projects\/national\/education-for-sustainable-development\/#breadcrumb","itemListElement":[{"@type":"ListItem","position":1,"name":"Home","item":"https:\/\/www.acs.si\/en\/"},{"@type":"ListItem","position":2,"name":"Projects","item":"https:\/\/www.acs.si\/en\/projects\/"},{"@type":"ListItem","position":3,"name":"National","item":"https:\/\/www.acs.si\/en\/projects\/national\/"},{"@type":"ListItem","position":4,"name":"Education for Sustainable Development"}]},{"@type":"WebSite","@id":"https:\/\/www.acs.si\/#website","url":"https:\/\/www.acs.si\/","name":"Andrago\u0161ki center Republike Slovenije","description":"","potentialAction":[{"@type":"SearchAction","target":{"@type":"EntryPoint","urlTemplate":"https:\/\/www.acs.si\/?s={search_term_string}"},"query-input":{"@type":"PropertyValueSpecification","valueRequired":true,"valueName":"search_term_string"}}],"inLanguage":"en-US"}]}},"_links":{"self":[{"href":"https:\/\/www.acs.si\/en\/wp-json\/wp\/v2\/pages\/27691","targetHints":{"allow":["GET"]}}],"collection":[{"href":"https:\/\/www.acs.si\/en\/wp-json\/wp\/v2\/pages"}],"about":[{"href":"https:\/\/www.acs.si\/en\/wp-json\/wp\/v2\/types\/page"}],"author":[{"embeddable":true,"href":"https:\/\/www.acs.si\/en\/wp-json\/wp\/v2\/users\/161"}],"replies":[{"embeddable":true,"href":"https:\/\/www.acs.si\/en\/wp-json\/wp\/v2\/comments?post=27691"}],"version-history":[{"count":20,"href":"https:\/\/www.acs.si\/en\/wp-json\/wp\/v2\/pages\/27691\/revisions"}],"predecessor-version":[{"id":41111,"href":"https:\/\/www.acs.si\/en\/wp-json\/wp\/v2\/pages\/27691\/revisions\/41111"}],"up":[{"embeddable":true,"href":"https:\/\/www.acs.si\/en\/wp-json\/wp\/v2\/pages\/28417"}],"wp:attachment":[{"href":"https:\/\/www.acs.si\/en\/wp-json\/wp\/v2\/media?parent=27691"}],"curies":[{"name":"wp","href":"https:\/\/api.w.org\/{rel}","templated":true}]}}