{"id":27687,"date":"2018-08-07T15:01:41","date_gmt":"2018-08-07T14:01:41","guid":{"rendered":"http:\/\/www.acs.si\/?page_id=27687"},"modified":"2026-03-02T16:40:56","modified_gmt":"2026-03-02T15:40:56","slug":"offering-quality-education-to-adults","status":"publish","type":"page","link":"https:\/\/www.acs.si\/en\/projects\/national\/offering-quality-education-to-adults\/","title":{"rendered":"Offering Quality Education to Adults"},"content":{"rendered":"<p>[et_pb_section fb_built=&#8221;1&#8243; _builder_version=&#8221;4.16&#8243; custom_padding=&#8221;0px|||&#8221; global_colors_info=&#8221;{}&#8221;][et_pb_row column_structure=&#8221;1_3,2_3&#8243; make_equal=&#8221;on&#8221; module_class=&#8221;logo_table_row&#8221; _builder_version=&#8221;4.16&#8243; custom_padding=&#8221;0px|0px|0px|0px&#8221; border_width_all=&#8221;1px&#8221; border_color_all=&#8221;#cdd1d6&#8243; global_colors_info=&#8221;{}&#8221;][et_pb_column type=&#8221;1_3&#8243; _builder_version=&#8221;4.16&#8243; custom_padding=&#8221;|||&#8221; global_colors_info=&#8221;{}&#8221; custom_padding__hover=&#8221;|||&#8221;][et_pb_image src=&#8221;https:\/\/www.acs.si\/wp-content\/uploads\/2018\/10\/OI-OQEA.png&#8221; url=&#8221;https:\/\/kakovost.acs.si\/oqea\/&#8221; url_new_window=&#8221;on&#8221; show_bottom_space=&#8221;off&#8221; align=&#8221;center&#8221; force_fullwidth=&#8221;on&#8221; align_tablet=&#8221;center&#8221; align_phone=&#8221;&#8221; align_last_edited=&#8221;on|desktop&#8221; _builder_version=&#8221;4.16&#8243; custom_margin=&#8221;20px|20px|20px|20px&#8221; custom_padding=&#8221;20px|20px|20px|20px&#8221; border_color_all=&#8221;#cdd1d6&#8243; global_colors_info=&#8221;{}&#8221;][\/et_pb_image][\/et_pb_column][et_pb_column type=&#8221;2_3&#8243; _builder_version=&#8221;4.16&#8243; custom_padding=&#8221;|||&#8221; global_colors_info=&#8221;{}&#8221; custom_padding__hover=&#8221;|||&#8221;][et_pb_text _builder_version=&#8221;4.27.5&#8243; custom_padding=&#8221;20px|20px|20px|20px&#8221; hover_enabled=&#8221;0&#8243; border_width_left=&#8221;1px&#8221; border_color_left=&#8221;#cdd1d6&#8243; global_colors_info=&#8221;{}&#8221; sticky_enabled=&#8221;0&#8243;]<\/p>\n<p>&nbsp;<\/p>\n<table class=\"projektTable\" style=\"height: 140px;\">\n<tbody>\n<tr style=\"height: 23px;\">\n<td style=\"height: 23px;\">Project<\/td>\n<td style=\"height: 23px;\">Offering Quality Education to Adults &#8211; OQEA<\/td>\n<\/tr>\n<tr style=\"height: 23px;\">\n<td style=\"height: 23px;\">Time period<\/td>\n<td style=\"height: 23px;\">Since 2000<\/td>\n<\/tr>\n<tr style=\"height: 23px;\">\n<td style=\"height: 23px;\">Financed by<\/td>\n<td style=\"height: 23px;\">Ministry of Education, Social European Fund<\/td>\n<\/tr>\n<tr style=\"height: 71px;\">\n<td style=\"height: 71px;\">Contact<\/td>\n<td style=\"height: 71px;\">Dr Tanja Mo\u017eina<br \/>T: +386 1 584 2577<br \/>E: <a href=\"mailto:tanja.mozina@acs.si\">tanja.mozina@acs.si<\/a><\/td>\n<\/tr>\n<\/tbody>\n<\/table>\n<p>&nbsp;<\/p>\n<p>[\/et_pb_text][\/et_pb_column][\/et_pb_row][et_pb_row _builder_version=&#8221;4.16&#8243; background_size=&#8221;initial&#8221; background_position=&#8221;top_left&#8221; background_repeat=&#8221;repeat&#8221; global_colors_info=&#8221;{}&#8221;][et_pb_column type=&#8221;4_4&#8243; _builder_version=&#8221;4.16&#8243; custom_padding=&#8221;|||&#8221; global_colors_info=&#8221;{}&#8221; custom_padding__hover=&#8221;|||&#8221;][et_pb_text admin_label=&#8221;Namen&#8221; _builder_version=&#8221;4.16&#8243; text_font_size=&#8221;10px&#8221; header_5_text_color=&#8221;#ffffff&#8221; header_5_font_size=&#8221;17px&#8221; header_5_line_height=&#8221;27px&#8221; custom_margin=&#8221;||0px|&#8221; custom_padding=&#8221;||0px|&#8221; global_colors_info=&#8221;{}&#8221;]<\/p>\n<p>&nbsp;<\/p>\n<h5 class=\"purple\">AIM<\/h5>\n<p>The main aim of the project is to encourage educational organisations to establish and develop an internal quality-control system based on self-evaluation, supplemented by external quality assessments.<\/p>\n<p>[\/et_pb_text][\/et_pb_column][\/et_pb_row][et_pb_row _builder_version=&#8221;4.16&#8243; background_size=&#8221;initial&#8221; background_position=&#8221;top_left&#8221; background_repeat=&#8221;repeat&#8221; global_colors_info=&#8221;{}&#8221;][et_pb_column type=&#8221;4_4&#8243; _builder_version=&#8221;4.16&#8243; custom_padding=&#8221;|||&#8221; global_colors_info=&#8221;{}&#8221; custom_padding__hover=&#8221;|||&#8221;][et_pb_text admin_label=&#8221;Cilji projekta&#8221; _builder_version=&#8221;4.16&#8243; text_font_size=&#8221;10px&#8221; header_5_text_color=&#8221;#ffffff&#8221; header_5_font_size=&#8221;17px&#8221; header_5_line_height=&#8221;27px&#8221; custom_margin=&#8221;||0px|&#8221; custom_padding=&#8221;||0px|&#8221; global_colors_info=&#8221;{}&#8221;]<\/p>\n<p>&nbsp;<\/p>\n<h5 class=\"purple\">OBJECTIVES<\/h5>\n<ul>\n<li>Development of a self-evaluation approach, adapted to adult education organisations;<\/li>\n<li>Development of quality indicators for adult education;<\/li>\n<li>Development of basic and advanced training programmes for professionals who use the OQEA approach in practice;<\/li>\n<\/ul>\n<p>[\/et_pb_text][et_pb_toggle title=&#8221;Preberi ve\u010d&#8221; admin_label=&#8221;Preberi ve\u010d&#8221; _builder_version=&#8221;4.16&#8243; global_colors_info=&#8221;{}&#8221;]<\/p>\n<p>&nbsp;<\/p>\n<ul>\n<li>Offering guidance to educational organisations regarding the implementation of self-evaluations in accordance with the OQEA approach;<\/li>\n<li>Development of information-communication support service and professional literature to help with self-evaluations.<\/li>\n<\/ul>\n<p>[\/et_pb_toggle][\/et_pb_column][\/et_pb_row][et_pb_row _builder_version=&#8221;4.16&#8243; background_size=&#8221;initial&#8221; background_position=&#8221;top_left&#8221; background_repeat=&#8221;repeat&#8221; global_colors_info=&#8221;{}&#8221;][et_pb_column type=&#8221;4_4&#8243; _builder_version=&#8221;4.16&#8243; custom_padding=&#8221;|||&#8221; global_colors_info=&#8221;{}&#8221; custom_padding__hover=&#8221;|||&#8221;][et_pb_text admin_label=&#8221;Opis&#8221; _builder_version=&#8221;4.17.2&#8243; text_font_size=&#8221;10px&#8221; header_5_text_color=&#8221;#ffffff&#8221; header_5_font_size=&#8221;17px&#8221; header_5_line_height=&#8221;27px&#8221; custom_margin=&#8221;||0px|&#8221; custom_padding=&#8221;||0px|&#8221; global_colors_info=&#8221;{}&#8221;]<\/p>\n<p>&nbsp;<\/p>\n<h5 class=\"purple\">DESCRIPTION<\/h5>\n<p>The OQEA approach to self-evaluation is based on the principles of definition, assessment, maintenance and development of quality of one\u2019s own work. During this process, the management and the employees reflect on their own mission, vision and values they want to develop through their education of adults.<\/p>\n<p>The approach includes tools for planning and implementation of continuous monitoring and in-depth assessment of the quality of one\u2019s own work and planning of measures for constant improvement to ensure the satisfaction of organisations, of the adult learner and of business partners and the environment.<\/p>\n<p>More on OQEA self-evaluation approach: <a href=\"https:\/\/kakovost.acs.si\/doc\/N-1144-1.pdf\">https:\/\/kakovost.acs.si\/doc\/N-1144-1.pdf<\/a>.<\/p>\n<p>&nbsp;<\/p>\n<p>[\/et_pb_text][\/et_pb_column][\/et_pb_row][et_pb_row _builder_version=&#8221;4.16&#8243; background_size=&#8221;initial&#8221; background_position=&#8221;top_left&#8221; background_repeat=&#8221;repeat&#8221; global_colors_info=&#8221;{}&#8221;][et_pb_column type=&#8221;4_4&#8243; _builder_version=&#8221;4.16&#8243; custom_padding=&#8221;|||&#8221; global_colors_info=&#8221;{}&#8221; custom_padding__hover=&#8221;|||&#8221;][et_pb_text admin_label=&#8221;Aktivnost&#8221; _builder_version=&#8221;4.16&#8243; text_font_size=&#8221;10px&#8221; header_5_text_color=&#8221;#ffffff&#8221; header_5_font_size=&#8221;17px&#8221; header_5_line_height=&#8221;27px&#8221; custom_margin=&#8221;||0px|&#8221; custom_padding=&#8221;||0px|&#8221; global_colors_info=&#8221;{}&#8221;]<\/p>\n<p>&nbsp;<\/p>\n<h5 class=\"purple\">ACTIVITIES<\/h5>\n<p>The organisation that uses the OQEA approach to self-evaluate uses carefully planned systematic procedures to assess and evaluate its quality at regular time intervals. One self-evaluation cycle includes the following activities:<\/p>\n<ul>\n<li>Planning of self-evaluation;<\/li>\n<li>Implementation of self-evaluations;<\/li>\n<\/ul>\n<p>[\/et_pb_text][et_pb_toggle title=&#8221;Preberi ve\u010d&#8221; admin_label=&#8221;Preberi ve\u010d&#8221; _builder_version=&#8221;4.16&#8243; custom_margin=&#8221;20px|||&#8221; global_colors_info=&#8221;{}&#8221;]<\/p>\n<p>&nbsp;<\/p>\n<ul>\n<li>Preparation of self-evaluation report;<\/li>\n<li>Preparation and implementation of a quality development action plan.<\/li>\n<\/ul>\n<p>[\/et_pb_toggle][\/et_pb_column][\/et_pb_row][\/et_pb_section]<\/p>\n","protected":false},"excerpt":{"rendered":"<p>&nbsp; Project&#8230;<\/p>\n","protected":false},"author":161,"featured_media":0,"parent":28417,"menu_order":21,"comment_status":"closed","ping_status":"closed","template":"page_projekt.php","meta":{"_acf_changed":false,"_et_pb_use_builder":"on","_et_pb_old_content":"FOTOGRAFIJA \r\n\r\n<table class=\"projektTableNew\">\r\n<tbody>\r\n<tr>\r\n\t\t\t<td>Naziv projekta:<\/td>\r\n\t\t\t<td>Ponudimo odraslim kakovosti izobra\u017eevanje (POKI)<\/td>\r\n\t\t<\/tr>\r\n\t\t<tr>\r\n\t\t\t<td>\u010casovni okvir<\/td>\r\n\t\t\t<td>Od leta 2000 dalje<\/td>\r\n\t\t<\/tr>\r\n\t\t<tr>\r\n\t\t\t<td>Financer<\/td>\r\n\t\t\t<td>Ministrstvo RS za izobra\u017eevanje, znanost in \u0161port, Evropski socialni sklad<\/td>\r\n\t\t<\/tr>\r\n<tr>\r\n\t\t\t<td>Kontaktna oseba<\/td>\r\n\t\t\t<td>Dr. Tanja Mo\u017eina    (T: 01 584 2577, E: <a href=\"mailto:tanja.mozina@acs.si\">tanja.mozina@acs.si<\/a>) <\/td>\r\n\t\t<\/tr>\r\n<\/tbody>\r\n<\/table>\r\n\r\n<a href=\"https:\/\/kakovost.acs.si\/poki\/\" rel=\"noopener\" target=\"_blank\">https:\/\/kakovost.acs.si\/poki\/<\/a>\r\n\r\n[accordion]\r\n[accordion-item title=\"Namen\"]Temeljni namen projekta POKI je v izobra\u017eevalnih organizacijah za odrasle spodbuditi vzpostavitev in razvoj notranjega sistema kakovosti, ki temelji na samoevalvaciji in se dopolnjuje z zunanjimi presojami kakovosti. [\/accordion-item]\r\n[\/accordion]\r\n\r\n[accordion]\r\n[accordion-item title=\"Cilji\"]<p>Klju\u010dni cilji projekta:<\/p>\r\n<ul>\r\n<li>razvoj pristopa za samoevalvacijo, ki je prilagojen organizacijam, ki izvajajo izobra\u017eevanje odraslih,<\/li>\r\n<li>razvoj kazalnikov kakovosti izobra\u017eevanja odraslih,<\/li>\r\n<li>razvoj programov usposabljanja in spopolnjevanja za strokovne delavce, ki v praksi uporabljajo pristop POKI,<\/li>\r\n<li>svetovanje izobra\u017eevalnim organizacijam pri izvajanju samoevalvacij po pristopu POKI,<\/li>\r\n<li>razvoj informacijsko-komunikacijske podpore in strokovne literature v podporo izvajanju samoevalvacij. <\/li>\r\n<\/ul>\r\n [\/accordion-item]\r\n[\/accordion]\r\n\r\n[accordion]\r\n[accordion-item title=\"Opis\"]<p>Pristop k samoevalvaciji POKI organizacijo vodi v premislekih o opredeljevanju, presojanju, ohranjanju in razvijanju kakovosti lastnega dela. V tem procesu vodstvo in zaposleni premislijo o lastnem poslanstvu, viziji in vrednotah, ki jih \u017eelijo razvijati pri izobra\u017eevanju odraslih. <\/p>\r\n<p>Pristop vklju\u010duje prijeme za na\u010drtovanje in izpeljavo sprotnega spremljanja in poglobljene presoje kakovost lastnega dela ter za na\u010drtovanje ukrepov, da bi se lahko nenehno razvijala v svoje zadovoljstvo, zadovoljstvo odraslih, ki se izobra\u017eujejo, ter v zadovoljstvo poslovnih partnerjev in okolja, v katerem deluje.<\/p>\r\nVe\u010d o pristopu za samoevalvacijo POKI:  <a href=\"https:\/\/kakovost.acs.si\/doc\/N-1149-1.pdf\" rel=\"noopener\" target=\"_blank\">https:\/\/kakovost.acs.si\/doc\/N-1149-1.pdf<\/a>\r\n [\/accordion-item]\r\n[\/accordion]\r\n\r\n\r\n[accordion]\r\n[accordion-item title=\"Aktivnosti\"]<p>Organizacija, ki uporablja pristop k samoevalvaciji POKI, na\u010drtno po sistemati\u010dnih postopkih in v rednih \u010dasovnih obdobjih presoja in ovrednoti svojo kakovost. V enem samoevalvacijskem ciklu izpelje naslednje aktivnosti:<\/p>\r\n<ul>\r\n<li>na\u010drtuje samoevalvacijo,<\/li>\r\n<li>izpelje samoevalvacijo,<\/li>\r\n<li>pripravi samoevalvacijsko poro\u010dilo,<\/li>\r\n<li>pripravi in uresni\u010di akcijski na\u010drt za razvoj kakovosti. <\/li>\r\n<\/ul>\r\n\r\nFOTOGRAFIJA IZ DOC. PP_KAKOVOST_S_PROJEKTI\r\n\r\n[\/accordion-item]\r\n[\/accordion]\r\n\r\n[accordion]\r\n[accordion-item title=\"Klju\u010dni dose\u017eki\"]<p>Klju\u010dni dose\u017eki projekta so:<\/p>\r\n<ul>\r\n<li>razvit in v prakso izobra\u017eevanja odraslih vpeljan pristop za samoevalvacijo POKI,<\/li> \r\n<li>razvit <a href=\"https:\/\/kakovost.acs.si\/razvoj_podrocja\/publiciranje\/index.php?polica=11&leto=2013\" rel=\"noopener\" target=\"_blank\">model podro\u010dij in kazalnikov kakovosti izobra\u017eevanja odraslih<\/a>, <\/li>\r\n<li>razvita <a href=\"https:\/\/kakovost.acs.si\/razvoj_podrocja\/publiciranje\/index.php?polica=11&leto=2016\" rel=\"noopener\" target=\"_blank\">priporo\u010dila za merjenje rezultatov in u\u010dinkov v izobra\u017eevanju odraslih<\/a>, <\/li>\r\n<li>razviti <a href=\"https:\/\/izobrazevanje.acs.si\/programoteka_as\/razvojni\/kakovost\/index.php?nid=5920&id=305\" rel=\"noopener\" target=\"_blank\">programi usposabljanja in spopolnjevanja za strokovne delavce, ki v praksi uporabljajo pristop POKI<\/a>,<\/li>\r\n<li>svetovanje izobra\u017eevalnim organizacijam pri izvajanju samoevalvacij po pristopu POKI,<\/li>\r\n<li>razvita <a href=\"https:\/\/mozaik.acs.si\/\" rel=\"noopener\" target=\"_blank\">informacijsko-komunikacijska podpora<\/a> in <a href=\"https:\/\/kakovost.acs.si\/razvoj_podrocja\/publiciranje\/\" rel=\"noopener\" target=\"_blank\">strokovna literatura<\/a> v podporo izvajanju samoevalvacij.<\/li>\r\n<\/ul>\r\n[\/accordion-item]\r\n[\/accordion]","_et_gb_content_width":"","inline_featured_image":false,"footnotes":""},"class_list":["post-27687","page","type-page","status-publish","hentry"],"acf":[],"yoast_head":"<!-- This site is optimized with the Yoast SEO plugin v26.2 - https:\/\/yoast.com\/wordpress\/plugins\/seo\/ -->\n<title>Offering Quality Education to Adults | Andrago\u0161ki center Republike Slovenije<\/title>\n<meta name=\"robots\" content=\"index, follow, max-snippet:-1, max-image-preview:large, max-video-preview:-1\" \/>\n<link rel=\"canonical\" href=\"https:\/\/www.acs.si\/en\/projects\/national\/offering-quality-education-to-adults\/\" \/>\n<meta property=\"og:locale\" content=\"en_US\" \/>\n<meta property=\"og:type\" content=\"article\" \/>\n<meta property=\"og:title\" content=\"Offering Quality Education to Adults | Andrago\u0161ki center Republike Slovenije\" \/>\n<meta property=\"og:description\" content=\"&nbsp; Project...\" \/>\n<meta property=\"og:url\" content=\"https:\/\/www.acs.si\/en\/projects\/national\/offering-quality-education-to-adults\/\" \/>\n<meta property=\"og:site_name\" content=\"Andrago\u0161ki center Republike Slovenije\" \/>\n<meta property=\"article:publisher\" content=\"https:\/\/www.facebook.com\/AndragoskiCenterSlovenije\/\" \/>\n<meta property=\"article:modified_time\" content=\"2026-03-02T15:40:56+00:00\" \/>\n<meta name=\"twitter:card\" content=\"summary_large_image\" \/>\n<meta name=\"twitter:label1\" content=\"Est. reading time\" \/>\n\t<meta name=\"twitter:data1\" content=\"2 minutes\" \/>\n<script type=\"application\/ld+json\" class=\"yoast-schema-graph\">{\"@context\":\"https:\/\/schema.org\",\"@graph\":[{\"@type\":\"WebPage\",\"@id\":\"https:\/\/www.acs.si\/en\/projects\/national\/offering-quality-education-to-adults\/\",\"url\":\"https:\/\/www.acs.si\/en\/projects\/national\/offering-quality-education-to-adults\/\",\"name\":\"Offering Quality Education to Adults | Andrago\u0161ki center Republike Slovenije\",\"isPartOf\":{\"@id\":\"https:\/\/www.acs.si\/#website\"},\"datePublished\":\"2018-08-07T14:01:41+00:00\",\"dateModified\":\"2026-03-02T15:40:56+00:00\",\"breadcrumb\":{\"@id\":\"https:\/\/www.acs.si\/en\/projects\/national\/offering-quality-education-to-adults\/#breadcrumb\"},\"inLanguage\":\"en-US\",\"potentialAction\":[{\"@type\":\"ReadAction\",\"target\":[\"https:\/\/www.acs.si\/en\/projects\/national\/offering-quality-education-to-adults\/\"]}]},{\"@type\":\"BreadcrumbList\",\"@id\":\"https:\/\/www.acs.si\/en\/projects\/national\/offering-quality-education-to-adults\/#breadcrumb\",\"itemListElement\":[{\"@type\":\"ListItem\",\"position\":1,\"name\":\"Home\",\"item\":\"https:\/\/www.acs.si\/en\/\"},{\"@type\":\"ListItem\",\"position\":2,\"name\":\"Projects\",\"item\":\"https:\/\/www.acs.si\/en\/projects\/\"},{\"@type\":\"ListItem\",\"position\":3,\"name\":\"National\",\"item\":\"https:\/\/www.acs.si\/en\/projects\/national\/\"},{\"@type\":\"ListItem\",\"position\":4,\"name\":\"Offering Quality Education to Adults\"}]},{\"@type\":\"WebSite\",\"@id\":\"https:\/\/www.acs.si\/#website\",\"url\":\"https:\/\/www.acs.si\/\",\"name\":\"Andrago\u0161ki center Republike Slovenije\",\"description\":\"\",\"potentialAction\":[{\"@type\":\"SearchAction\",\"target\":{\"@type\":\"EntryPoint\",\"urlTemplate\":\"https:\/\/www.acs.si\/?s={search_term_string}\"},\"query-input\":{\"@type\":\"PropertyValueSpecification\",\"valueRequired\":true,\"valueName\":\"search_term_string\"}}],\"inLanguage\":\"en-US\"}]}<\/script>\n<!-- \/ Yoast SEO plugin. -->","yoast_head_json":{"title":"Offering Quality Education to Adults | Andrago\u0161ki center Republike Slovenije","robots":{"index":"index","follow":"follow","max-snippet":"max-snippet:-1","max-image-preview":"max-image-preview:large","max-video-preview":"max-video-preview:-1"},"canonical":"https:\/\/www.acs.si\/en\/projects\/national\/offering-quality-education-to-adults\/","og_locale":"en_US","og_type":"article","og_title":"Offering Quality Education to Adults | Andrago\u0161ki center Republike Slovenije","og_description":"&nbsp; Project...","og_url":"https:\/\/www.acs.si\/en\/projects\/national\/offering-quality-education-to-adults\/","og_site_name":"Andrago\u0161ki center Republike Slovenije","article_publisher":"https:\/\/www.facebook.com\/AndragoskiCenterSlovenije\/","article_modified_time":"2026-03-02T15:40:56+00:00","twitter_card":"summary_large_image","twitter_misc":{"Est. reading time":"2 minutes"},"schema":{"@context":"https:\/\/schema.org","@graph":[{"@type":"WebPage","@id":"https:\/\/www.acs.si\/en\/projects\/national\/offering-quality-education-to-adults\/","url":"https:\/\/www.acs.si\/en\/projects\/national\/offering-quality-education-to-adults\/","name":"Offering Quality Education to Adults | Andrago\u0161ki center Republike Slovenije","isPartOf":{"@id":"https:\/\/www.acs.si\/#website"},"datePublished":"2018-08-07T14:01:41+00:00","dateModified":"2026-03-02T15:40:56+00:00","breadcrumb":{"@id":"https:\/\/www.acs.si\/en\/projects\/national\/offering-quality-education-to-adults\/#breadcrumb"},"inLanguage":"en-US","potentialAction":[{"@type":"ReadAction","target":["https:\/\/www.acs.si\/en\/projects\/national\/offering-quality-education-to-adults\/"]}]},{"@type":"BreadcrumbList","@id":"https:\/\/www.acs.si\/en\/projects\/national\/offering-quality-education-to-adults\/#breadcrumb","itemListElement":[{"@type":"ListItem","position":1,"name":"Home","item":"https:\/\/www.acs.si\/en\/"},{"@type":"ListItem","position":2,"name":"Projects","item":"https:\/\/www.acs.si\/en\/projects\/"},{"@type":"ListItem","position":3,"name":"National","item":"https:\/\/www.acs.si\/en\/projects\/national\/"},{"@type":"ListItem","position":4,"name":"Offering Quality Education to Adults"}]},{"@type":"WebSite","@id":"https:\/\/www.acs.si\/#website","url":"https:\/\/www.acs.si\/","name":"Andrago\u0161ki center Republike Slovenije","description":"","potentialAction":[{"@type":"SearchAction","target":{"@type":"EntryPoint","urlTemplate":"https:\/\/www.acs.si\/?s={search_term_string}"},"query-input":{"@type":"PropertyValueSpecification","valueRequired":true,"valueName":"search_term_string"}}],"inLanguage":"en-US"}]}},"_links":{"self":[{"href":"https:\/\/www.acs.si\/en\/wp-json\/wp\/v2\/pages\/27687","targetHints":{"allow":["GET"]}}],"collection":[{"href":"https:\/\/www.acs.si\/en\/wp-json\/wp\/v2\/pages"}],"about":[{"href":"https:\/\/www.acs.si\/en\/wp-json\/wp\/v2\/types\/page"}],"author":[{"embeddable":true,"href":"https:\/\/www.acs.si\/en\/wp-json\/wp\/v2\/users\/161"}],"replies":[{"embeddable":true,"href":"https:\/\/www.acs.si\/en\/wp-json\/wp\/v2\/comments?post=27687"}],"version-history":[{"count":11,"href":"https:\/\/www.acs.si\/en\/wp-json\/wp\/v2\/pages\/27687\/revisions"}],"predecessor-version":[{"id":85846,"href":"https:\/\/www.acs.si\/en\/wp-json\/wp\/v2\/pages\/27687\/revisions\/85846"}],"up":[{"embeddable":true,"href":"https:\/\/www.acs.si\/en\/wp-json\/wp\/v2\/pages\/28417"}],"wp:attachment":[{"href":"https:\/\/www.acs.si\/en\/wp-json\/wp\/v2\/media?parent=27687"}],"curies":[{"name":"wp","href":"https:\/\/api.w.org\/{rel}","templated":true}]}}