{"id":27659,"date":"2018-08-07T08:38:06","date_gmt":"2018-08-07T07:38:06","guid":{"rendered":"http:\/\/www.acs.si\/?page_id=27659"},"modified":"2026-03-02T16:45:52","modified_gmt":"2026-03-02T15:45:52","slug":"green-quality-logo","status":"publish","type":"page","link":"https:\/\/www.acs.si\/en\/projects\/national\/green-quality-logo\/","title":{"rendered":"Green Quality Logo"},"content":{"rendered":"<p>[et_pb_section fb_built=&#8221;1&#8243; _builder_version=&#8221;4.16&#8243; custom_padding=&#8221;0px|||&#8221; global_colors_info=&#8221;{}&#8221;][et_pb_row column_structure=&#8221;1_3,2_3&#8243; make_equal=&#8221;on&#8221; module_class=&#8221;logo_table_row&#8221; _builder_version=&#8221;4.16&#8243; custom_padding=&#8221;0px|0px|0px|0px&#8221; border_width_all=&#8221;1px&#8221; border_color_all=&#8221;#cdd1d6&#8243; global_colors_info=&#8221;{}&#8221;][et_pb_column type=&#8221;1_3&#8243; _builder_version=&#8221;4.16&#8243; custom_padding=&#8221;|||&#8221; global_colors_info=&#8221;{}&#8221; custom_padding__hover=&#8221;|||&#8221;][et_pb_image src=&#8221;https:\/\/www.acs.si\/wp-content\/uploads\/2018\/10\/OI-green_quality_logo-1.png&#8221; url=&#8221;https:\/\/kakovost.acs.si\/incentives\/green_logo&#8221; url_new_window=&#8221;on&#8221; show_bottom_space=&#8221;off&#8221; align=&#8221;center&#8221; force_fullwidth=&#8221;on&#8221; align_tablet=&#8221;center&#8221; align_phone=&#8221;&#8221; align_last_edited=&#8221;on|desktop&#8221; _builder_version=&#8221;4.16&#8243; custom_margin=&#8221;20px|20px|20px|20px&#8221; custom_padding=&#8221;20px|20px|20px|20px&#8221; border_color_all=&#8221;#cdd1d6&#8243; global_colors_info=&#8221;{}&#8221;][\/et_pb_image][\/et_pb_column][et_pb_column type=&#8221;2_3&#8243; _builder_version=&#8221;4.16&#8243; custom_padding=&#8221;|||&#8221; global_colors_info=&#8221;{}&#8221; custom_padding__hover=&#8221;|||&#8221;][et_pb_text _builder_version=&#8221;4.27.5&#8243; custom_padding=&#8221;20px|20px|20px|20px&#8221; hover_enabled=&#8221;0&#8243; border_width_left=&#8221;1px&#8221; border_color_left=&#8221;#cdd1d6&#8243; global_colors_info=&#8221;{}&#8221; sticky_enabled=&#8221;0&#8243;]<\/p>\n<p>&nbsp;<\/p>\n<table class=\"projektTable\">\n<tbody>\n<tr>\n<td>Project<\/td>\n<td><strong>Green Quality logo<\/strong><\/td>\n<\/tr>\n<tr>\n<td>Time period<\/td>\n<td>Since 2004<\/td>\n<\/tr>\n<tr>\n<td>Financed by<\/td>\n<td>Ministry of Education<\/td>\n<\/tr>\n<tr>\n<td>Contact<\/td>\n<td>Jasmina Ore\u0161nik Cunja<br \/>T: +386 1 584 25965<br \/>E: <a href=\"mailto:jasmina.oresnik.cunja@acs.si\">jasmina.oresnik.cunja@acs.si<\/a><\/td>\n<\/tr>\n<\/tbody>\n<\/table>\n<p>&nbsp;<\/p>\n<p>[\/et_pb_text][\/et_pb_column][\/et_pb_row][et_pb_row _builder_version=&#8221;4.16&#8243; background_size=&#8221;initial&#8221; background_position=&#8221;top_left&#8221; background_repeat=&#8221;repeat&#8221; global_colors_info=&#8221;{}&#8221;][et_pb_column type=&#8221;4_4&#8243; _builder_version=&#8221;4.16&#8243; custom_padding=&#8221;|||&#8221; global_colors_info=&#8221;{}&#8221; custom_padding__hover=&#8221;|||&#8221;][et_pb_text admin_label=&#8221;Namen&#8221; _builder_version=&#8221;4.16&#8243; text_font_size=&#8221;10px&#8221; header_5_text_color=&#8221;#ffffff&#8221; header_5_font_size=&#8221;17px&#8221; header_5_line_height=&#8221;27px&#8221; custom_margin=&#8221;||0px|&#8221; custom_padding=&#8221;||0px|&#8221; global_colors_info=&#8221;{}&#8221;]<\/p>\n<p>&nbsp;<\/p>\n<h5 class=\"purple\">AIM<\/h5>\n<p>The Green Quality logo marks educational organisations that systematically maintain and improve their quality and the quality of their services in the field of adult education.<\/p>\n<p>The purpose of the logo is to motivate and award educational organisations and experts for planning and systematically approaching the quality assessment and development of their own work.<\/p>\n<p>[\/et_pb_text][\/et_pb_column][\/et_pb_row][et_pb_row _builder_version=&#8221;4.16&#8243; background_size=&#8221;initial&#8221; background_position=&#8221;top_left&#8221; background_repeat=&#8221;repeat&#8221; global_colors_info=&#8221;{}&#8221;][et_pb_column type=&#8221;4_4&#8243; _builder_version=&#8221;4.16&#8243; custom_padding=&#8221;|||&#8221; global_colors_info=&#8221;{}&#8221; custom_padding__hover=&#8221;|||&#8221;][et_pb_text admin_label=&#8221;Cilji projekta&#8221; _builder_version=&#8221;4.16&#8243; text_font_size=&#8221;10px&#8221; header_5_text_color=&#8221;#ffffff&#8221; header_5_font_size=&#8221;17px&#8221; header_5_line_height=&#8221;27px&#8221; custom_margin=&#8221;||0px|&#8221; custom_padding=&#8221;||0px|&#8221; global_colors_info=&#8221;{}&#8221;]<\/p>\n<p>&nbsp;<\/p>\n<h5 class=\"purple\">OBJECTIVES<\/h5>\n<p>The main objectives of the project are:<\/p>\n<ul>\n<li>To develop external motivation for systematic work on development of an internal quality system in adult education organisation;<\/li>\n<li>To encourage educational organisation to elevate their quality development from project-level activity to a regular activity;<\/li>\n<\/ul>\n<p>[\/et_pb_text][et_pb_toggle title=&#8221;Read more&#8221; admin_label=&#8221;Preberi ve\u010d&#8221; _builder_version=&#8221;4.16&#8243; global_colors_info=&#8221;{}&#8221;]<\/p>\n<p>&nbsp;<\/p>\n<ul>\n<li>To develop indicators and measurement to professionally and transparently evaluate whether the work of educational organisations on quality assessment and evaluation really is systematic, planned and continuous;<\/li>\n<li>To contribute to the realisation of the public right to be informed on which adult education organisations have implemented systematic plans for assessment and development of their own work quality;<\/li>\n<li>To promote adult education organisations with a systematic and planned approach to assessment and development of their own work quality.<\/li>\n<\/ul>\n<p>[\/et_pb_toggle][\/et_pb_column][\/et_pb_row][et_pb_row _builder_version=&#8221;4.16&#8243; background_size=&#8221;initial&#8221; background_position=&#8221;top_left&#8221; background_repeat=&#8221;repeat&#8221; global_colors_info=&#8221;{}&#8221;][et_pb_column type=&#8221;4_4&#8243; _builder_version=&#8221;4.16&#8243; custom_padding=&#8221;|||&#8221; global_colors_info=&#8221;{}&#8221; custom_padding__hover=&#8221;|||&#8221;][et_pb_text admin_label=&#8221;Opis&#8221; _builder_version=&#8221;4.16&#8243; text_font_size=&#8221;10px&#8221; header_5_text_color=&#8221;#ffffff&#8221; header_5_font_size=&#8221;17px&#8221; header_5_line_height=&#8221;27px&#8221; custom_margin=&#8221;||0px|&#8221; custom_padding=&#8221;||0px|&#8221; global_colors_info=&#8221;{}&#8221;]<\/p>\n<p>&nbsp;<\/p>\n<h5 class=\"purple\">DESCRIPTION<\/h5>\n<p>To acquire the right to use the Green Quality logo, an organisation needs to submit a written application and documentation to prove that it meets the standards and criteria defined in the Regulation for Acquisition and Extension of the Right to Use the Green Quality logo. It must also sign the Rules on Logo Use and commit to respecting them.<\/p>\n<p>[\/et_pb_text][et_pb_toggle title=&#8221;Read more&#8221; admin_label=&#8221;Preberi ve\u010d&#8221; _builder_version=&#8221;4.16&#8243; global_colors_info=&#8221;{}&#8221;]<\/p>\n<p>&nbsp;<\/p>\n<p>The organisations that meet all the prescribed criteria for acquisition or extension of the right to use the logo will receive a certificate by the SIAE confirming that they have the right to use the Green Quality logo.<\/p>\n<p>To keep the right to use the logo, the organisation must prove every three years that it systematically implements the processes of continuous quality assessment and in-depth self-evaluation.<\/p>\n<p>[\/et_pb_toggle][\/et_pb_column][\/et_pb_row][et_pb_row _builder_version=&#8221;4.16&#8243; background_size=&#8221;initial&#8221; background_position=&#8221;top_left&#8221; background_repeat=&#8221;repeat&#8221; global_colors_info=&#8221;{}&#8221;][et_pb_column type=&#8221;4_4&#8243; _builder_version=&#8221;4.16&#8243; custom_padding=&#8221;|||&#8221; global_colors_info=&#8221;{}&#8221; custom_padding__hover=&#8221;|||&#8221;][et_pb_text admin_label=&#8221;Aktivnost&#8221; _builder_version=&#8221;4.16&#8243; text_font_size=&#8221;10px&#8221; header_5_text_color=&#8221;#ffffff&#8221; header_5_font_size=&#8221;17px&#8221; header_5_line_height=&#8221;27px&#8221; custom_margin=&#8221;||0px|&#8221; custom_padding=&#8221;||0px|&#8221; global_colors_info=&#8221;{}&#8221;]<\/p>\n<p>&nbsp;<\/p>\n<h5 class=\"purple\">ACTIVITIES<\/h5>\n<p>The Slovenian Institute for Adult Education implements the following activities as part of this project:<\/p>\n<ul>\n<li>Once a year, we publish a public invitation to educational institution to submit an application to acquire or extend the right to use the Green Quality logo;<\/li>\n<li>We offer content and technical support and guidance to educational organisations during the process of preparing and submitting the application;<\/li>\n<\/ul>\n<p>We develop and improve the indicators and measures of quality used to evaluate the activities and achievements of educational organisations that are required to acquire the Green Quality logo;<\/p>\n<p>[\/et_pb_text][et_pb_toggle title=&#8221;Read more&#8221; admin_label=&#8221;Preberi ve\u010d&#8221; _builder_version=&#8221;4.16&#8243; custom_margin=&#8221;20px|||&#8221; global_colors_info=&#8221;{}&#8221;]<\/p>\n<ul>\n<li>We appoint the Committee for awarding and extending the right to use the Green Quality logo (Committee for Green Quality logo);<\/li>\n<li>The Committee for Green Quality logo evaluates the submitted applications and decides whether the organisation should receive the right or an extension of the right to use the Green Quality logo;<\/li>\n<li>We maintain an online register of <a href=\"https:\/\/kakovost.acs.si\/incentives\/green_logo_users\/\">Green Quality logo<\/a> holders.<\/li>\n<\/ul>\n<p>[\/et_pb_toggle][\/et_pb_column][\/et_pb_row][et_pb_row _builder_version=&#8221;4.16&#8243; background_size=&#8221;initial&#8221; background_position=&#8221;top_left&#8221; background_repeat=&#8221;repeat&#8221; global_colors_info=&#8221;{}&#8221;][et_pb_column type=&#8221;4_4&#8243; _builder_version=&#8221;4.16&#8243; custom_padding=&#8221;|||&#8221; global_colors_info=&#8221;{}&#8221; custom_padding__hover=&#8221;|||&#8221;][et_pb_text admin_label=&#8221;Klju\u010dni dose\u017eki&#8221; _builder_version=&#8221;4.16&#8243; text_font_size=&#8221;10px&#8221; header_5_text_color=&#8221;#ffffff&#8221; header_5_font_size=&#8221;17px&#8221; header_5_line_height=&#8221;27px&#8221; custom_margin=&#8221;||0px|&#8221; custom_padding=&#8221;||0px|&#8221; global_colors_info=&#8221;{}&#8221;]<\/p>\n<p>&nbsp;<\/p>\n<h5 class=\"purple\">KEY ACHIEVEMENTS<\/h5>\n<p>So far, the project has reached the following key achievements:<\/p>\n<ul>\n<li>We developed external professional support for the Green Quality logo that rewards educational organisations for systematic work on assessment or development of adult education quality;<\/li>\n<li>We developed the infrastructure and guidance support for educational organisations that apply for the Green Quality logo;<\/li>\n<li>We achieved a constant or increasing number of educational organisations that apply to acquire or extend the right to use Green Quality logo to prove their planned and systematic care for the quality of their work. In 2018, 31 adult education organisations have the right to use the Green Quality logo.<\/li>\n<\/ul>\n<p>[\/et_pb_text][\/et_pb_column][\/et_pb_row][\/et_pb_section]<\/p>\n","protected":false},"excerpt":{"rendered":"<p>&nbsp; Project&#8230;<\/p>\n","protected":false},"author":161,"featured_media":0,"parent":28417,"menu_order":5,"comment_status":"closed","ping_status":"closed","template":"page_projekt.php","meta":{"_acf_changed":false,"_et_pb_use_builder":"on","_et_pb_old_content":"<table class=\"projektTableNew\">\r\n<tbody>\r\n<tr>\r\n\t\t\t<td>Naziv projekta \/ dejavnosti:<\/td>\r\n\t\t\t<td>Zeleni znak kakovosti<\/td>\r\n\t\t<\/tr>\r\n\t\t<tr>\r\n\t\t\t<td>\u010casovni okvir<\/td>\r\n\t\t\t<td>od leta 2004 dalje<\/td>\r\n\t\t<\/tr>\r\n\t\t<tr>\r\n\t\t\t<td>Financer<\/td>\r\n\t\t\t<td>Ministrstvo RS za izobra\u017eevanje, znanost in \u0161port<\/td>\r\n\t\t<\/tr>\r\n<tr>\r\n\t\t\t<td>Kontaktna oseba<\/td>\r\n\t\t\t<td>Jasmina Ore\u0161nik Cunja  (T: 01 584 25965, E: <a href=\"mailto:jasmina.oresnik.cunja@acs.si\">jasmina.oresnik.cunja@acs.si<\/a>)<\/td>\r\n\t\t<\/tr>\r\n<\/tbody>\r\n<\/table>\r\n\r\n<a href=\"https:\/\/kakovost.acs.si\/spodbude\/zeleni_znak\" rel=\"noopener\" target=\"_blank\"> https:\/\/kakovost.acs.si\/spodbude\/zeleni_znak<\/a>\r\n\r\n\r\n\r\n[accordion]\r\n[accordion-item title=\"Namen\"]<pZeleni znak kakovosti predstavlja izobra\u017eevalno organizacijo, ki sistemati\u010dno skrbi za svojo kakovost in kakovost svojih storitev v izobra\u017eevanju odraslih. <\/p>\r\n\r\n<p>\r\nNamenjen je motiviranju in nagrajevanju izobra\u017eevalnih organizacij ter strokovnjakov za na\u010drtnost in sistemati\u010dnost pri presojanju in razvijanju kakovosti lastnega dela. \r\n<\/p>\r\n[\/accordion-item]\r\n[\/accordion]\r\n\r\n\r\n[accordion]\r\n[accordion-item title=\"Cilji\"]<p>Temeljni cilji, ki smo si jih zastavili v projektu:<\/p>\r\n<ul>\r\n<li>razviti zunanjo spodbudo za sistemati\u010dno delo pri razvoju notranjih sistemov kakovosti v izobra\u017eevalnih organizacijah za odrasle,<\/li>\r\n<li>spodbuditi izobra\u017eevalne organizacije,  da delo pri presojanju in razvijanju kakovosti ne ostaja zgolj na ravni projektov, pa\u010d pa postane del njihove redne dejavnosti,<\/li>\r\n<li>razviti kazalnike in merila, s pomo\u010djo katerih bo mogo\u010de strokovno in pregledno oceniti, ali  je delo izobra\u017eevalnih organizacij pri presojanju in razvijanju kakovosti sistemati\u010dno in na\u010drtno ter kontinuirano,<\/li> \r\n<li>prispevati k udejanjanju pravice javnosti do obve\u0161\u010denosti, katere so tiste organizacije za izobra\u017eevanje odraslih, ki imajo vpeljane sistemati\u010dne na\u010dine za presojanje in razvijanje kakovosti lastnega dela,<\/li>\r\n<li>promovirati izobra\u017eevalne organizacije za odrasle, ki sistemati\u010dno in na\u010drtno skrbijo za presojanje in razvijanje kakovosti lastnega dela. <\/li>\r\n<\/ul>\r\n[\/accordion-item]\r\n[\/accordion]\r\n\r\n[accordion]\r\n[accordion-item title=\"Opis\"]<p>Pravico do uporabe Zelenega znaka kakovosti si pridobi organizacija, ki s pisno vlogo in dokazili doka\u017ee, da dosega standarde in merila, opredeljena s Pravilnikom o podeljevanju in podalj\u0161evanju pravice do uporabe znaka kakovosti in podpi\u0161e Pravila uporabe znaka ter se s tem zave\u017ee, da jih bo spo\u0161tovala. <\/p>\r\n\r\n<p>Organizacija, ki ji je potekla pravica do uporabe zelenega znaka kakovosti POKI ali organizacija, ki \u017eeli prvi\u010d pridobiti pravico do uporabe znaka, lahko ACS pisno zaprosi za pravico do uporabe znaka. Vlogo za znak organizacije oddajo enkrat v letu preko posebne spletne aplikacije, za uporabo katere se njihovi predstavniki predhodno ustrezno usposobijo.  <\/p>\r\n\r\n<p>Organizacije, ki izpolnjujejo vsa zahtevana merila za pridobitev ali podalj\u0161anje pravice do znaka, prejmejo potrdilo Andrago\u0161kega centra Slovenije o podeljeni pravici do uporabe Zelenega znaka kakovosti. <\/p>\r\n\r\n<p>Organizacija mora za ohranitev znaka vsake tri leta dokazati, da sistemati\u010dno izpeljuje procese sprotnega presojanja kakovosti in poglobljene samoevalvacije.<\/p>\r\n[\/accordion-item]\r\n[\/accordion]\r\n\r\n[accordion]\r\n[accordion-item title=\"Aktivnosti\"]<p>Andrago\u0161ki center Slovenije v projektu izvaja naslednje aktivnosti:<\/p>\r\n<ul>\r\n<li>enkrat letno objavi javno povabilo izobra\u017eevalnim organizacijam za oddajo vloge za pridobitev oz. podalj\u0161anje pravice do uporabe Zelenega znaka kakovosti,<\/li>\r\n<li>nudi vsebinsko in tehni\u010dno podporo ter svetovanje izobra\u017eevalnim organizacijam pri pripravi in oddaji vloge,<\/li>\r\n<li>razvija in dopolnjuje kazalnike in merila kakovosti, s pomo\u010djo katerih se vrednotijo aktivnosti in dose\u017eki izobra\u017eevalnih organizacij, potrebni za pridobitev Zelenega znaka kakovosti,<\/li>\r\n<li>oblikuje Komisijo za podeljevanje in podalj\u0161evanje pravice do uporabe Zelenega znaka kakovosti (Komisija za Zeleni znak kakovosti),<\/li>\r\n<li>komisija za Zeleni znak kakovosti ovrednoti prispele vloge in sprejme odlo\u010ditev o tem ali se izobra\u017eevalni organizaciji podeli oz. podalj\u0161a pravica do Zelenega znaka kakovosti,<\/li>\r\n<li>vzdr\u017euje spletni register nosilcev <a href=\"https:\/\/kakovost.acs.si\/spodbude\/nosilci_znaka.\" rel=\"noopener\" target=\"_blank\">Zelenega znaka kakovosti<\/a>. <\/li>\r\n<\/ul>\r\n[\/accordion-item]\r\n[\/accordion]\r\n\r\n[accordion]\r\n[accordion-item title=\"Klju\u010dni dose\u017eki\"]<p>V projektu smo doslej dosegli naslednje klju\u010dne dose\u017eke:<p>\r\n<ul>\r\n<li>razvita zunanja strokovna spodbuda Zeleni znak kakovosti, ki nagrajuje izobra\u017eevalne organizacije za sistemati\u010dno delo pri presojanju in razvijanju kakovosti izobra\u017eevanja odraslih,<\/li>\r\n<li>razvita infrastrukturna in svetovalna podpora za izobra\u017eevalne organizacije, ki se potegujejo za pridobitev Zelenega znaka kakovosti, <\/li>\r\n<li>konstantno oz. nara\u0161\u010dajo\u010de \u0161tevilo izobra\u017eevalnih organizacij, ki s pridobitvijo oz. podalj\u0161anjem pravice do uporabe Zelenega znaka kakovosti, dokazujejo da na\u010drtno in sistemati\u010dno skrbijo za kakovost lastnega dela. V letu 2018 ima 31 organizacij, ki izobra\u017eujejo odrasle, pravico do uporabe Zelenega znaka kakovosti. <\/li>\r\n<\/ul>\r\n\r\nFOTOGRAFIJA (v doc. PP_Kakovost_s_projekti)\r\n\r\n[\/accordion-item]\r\n[\/accordion]","_et_gb_content_width":"","inline_featured_image":false,"footnotes":""},"class_list":["post-27659","page","type-page","status-publish","hentry"],"acf":[],"yoast_head":"<!-- This site is optimized with the Yoast SEO plugin v26.2 - https:\/\/yoast.com\/wordpress\/plugins\/seo\/ -->\n<title>Green Quality Logo | Andrago\u0161ki center Republike Slovenije<\/title>\n<meta name=\"robots\" content=\"index, follow, max-snippet:-1, max-image-preview:large, max-video-preview:-1\" \/>\n<link rel=\"canonical\" href=\"https:\/\/www.acs.si\/en\/projects\/national\/green-quality-logo\/\" \/>\n<meta property=\"og:locale\" content=\"en_US\" \/>\n<meta property=\"og:type\" content=\"article\" \/>\n<meta property=\"og:title\" content=\"Green Quality Logo | Andrago\u0161ki center Republike Slovenije\" \/>\n<meta property=\"og:description\" content=\"&nbsp; Project...\" \/>\n<meta property=\"og:url\" content=\"https:\/\/www.acs.si\/en\/projects\/national\/green-quality-logo\/\" \/>\n<meta property=\"og:site_name\" content=\"Andrago\u0161ki center Republike Slovenije\" \/>\n<meta property=\"article:publisher\" content=\"https:\/\/www.facebook.com\/AndragoskiCenterSlovenije\/\" \/>\n<meta property=\"article:modified_time\" content=\"2026-03-02T15:45:52+00:00\" \/>\n<meta name=\"twitter:card\" content=\"summary_large_image\" \/>\n<meta name=\"twitter:label1\" content=\"Est. reading time\" \/>\n\t<meta name=\"twitter:data1\" content=\"4 minutes\" \/>\n<script type=\"application\/ld+json\" class=\"yoast-schema-graph\">{\"@context\":\"https:\/\/schema.org\",\"@graph\":[{\"@type\":\"WebPage\",\"@id\":\"https:\/\/www.acs.si\/en\/projects\/national\/green-quality-logo\/\",\"url\":\"https:\/\/www.acs.si\/en\/projects\/national\/green-quality-logo\/\",\"name\":\"Green Quality Logo | Andrago\u0161ki center Republike Slovenije\",\"isPartOf\":{\"@id\":\"https:\/\/www.acs.si\/#website\"},\"datePublished\":\"2018-08-07T07:38:06+00:00\",\"dateModified\":\"2026-03-02T15:45:52+00:00\",\"breadcrumb\":{\"@id\":\"https:\/\/www.acs.si\/en\/projects\/national\/green-quality-logo\/#breadcrumb\"},\"inLanguage\":\"en-US\",\"potentialAction\":[{\"@type\":\"ReadAction\",\"target\":[\"https:\/\/www.acs.si\/en\/projects\/national\/green-quality-logo\/\"]}]},{\"@type\":\"BreadcrumbList\",\"@id\":\"https:\/\/www.acs.si\/en\/projects\/national\/green-quality-logo\/#breadcrumb\",\"itemListElement\":[{\"@type\":\"ListItem\",\"position\":1,\"name\":\"Home\",\"item\":\"https:\/\/www.acs.si\/en\/\"},{\"@type\":\"ListItem\",\"position\":2,\"name\":\"Projects\",\"item\":\"https:\/\/www.acs.si\/en\/projects\/\"},{\"@type\":\"ListItem\",\"position\":3,\"name\":\"National\",\"item\":\"https:\/\/www.acs.si\/en\/projects\/national\/\"},{\"@type\":\"ListItem\",\"position\":4,\"name\":\"Green Quality Logo\"}]},{\"@type\":\"WebSite\",\"@id\":\"https:\/\/www.acs.si\/#website\",\"url\":\"https:\/\/www.acs.si\/\",\"name\":\"Andrago\u0161ki center Republike Slovenije\",\"description\":\"\",\"potentialAction\":[{\"@type\":\"SearchAction\",\"target\":{\"@type\":\"EntryPoint\",\"urlTemplate\":\"https:\/\/www.acs.si\/?s={search_term_string}\"},\"query-input\":{\"@type\":\"PropertyValueSpecification\",\"valueRequired\":true,\"valueName\":\"search_term_string\"}}],\"inLanguage\":\"en-US\"}]}<\/script>\n<!-- \/ Yoast SEO plugin. -->","yoast_head_json":{"title":"Green Quality Logo | Andrago\u0161ki center Republike Slovenije","robots":{"index":"index","follow":"follow","max-snippet":"max-snippet:-1","max-image-preview":"max-image-preview:large","max-video-preview":"max-video-preview:-1"},"canonical":"https:\/\/www.acs.si\/en\/projects\/national\/green-quality-logo\/","og_locale":"en_US","og_type":"article","og_title":"Green Quality Logo | Andrago\u0161ki center Republike Slovenije","og_description":"&nbsp; Project...","og_url":"https:\/\/www.acs.si\/en\/projects\/national\/green-quality-logo\/","og_site_name":"Andrago\u0161ki center Republike Slovenije","article_publisher":"https:\/\/www.facebook.com\/AndragoskiCenterSlovenije\/","article_modified_time":"2026-03-02T15:45:52+00:00","twitter_card":"summary_large_image","twitter_misc":{"Est. reading time":"4 minutes"},"schema":{"@context":"https:\/\/schema.org","@graph":[{"@type":"WebPage","@id":"https:\/\/www.acs.si\/en\/projects\/national\/green-quality-logo\/","url":"https:\/\/www.acs.si\/en\/projects\/national\/green-quality-logo\/","name":"Green Quality Logo | Andrago\u0161ki center Republike Slovenije","isPartOf":{"@id":"https:\/\/www.acs.si\/#website"},"datePublished":"2018-08-07T07:38:06+00:00","dateModified":"2026-03-02T15:45:52+00:00","breadcrumb":{"@id":"https:\/\/www.acs.si\/en\/projects\/national\/green-quality-logo\/#breadcrumb"},"inLanguage":"en-US","potentialAction":[{"@type":"ReadAction","target":["https:\/\/www.acs.si\/en\/projects\/national\/green-quality-logo\/"]}]},{"@type":"BreadcrumbList","@id":"https:\/\/www.acs.si\/en\/projects\/national\/green-quality-logo\/#breadcrumb","itemListElement":[{"@type":"ListItem","position":1,"name":"Home","item":"https:\/\/www.acs.si\/en\/"},{"@type":"ListItem","position":2,"name":"Projects","item":"https:\/\/www.acs.si\/en\/projects\/"},{"@type":"ListItem","position":3,"name":"National","item":"https:\/\/www.acs.si\/en\/projects\/national\/"},{"@type":"ListItem","position":4,"name":"Green Quality Logo"}]},{"@type":"WebSite","@id":"https:\/\/www.acs.si\/#website","url":"https:\/\/www.acs.si\/","name":"Andrago\u0161ki center Republike Slovenije","description":"","potentialAction":[{"@type":"SearchAction","target":{"@type":"EntryPoint","urlTemplate":"https:\/\/www.acs.si\/?s={search_term_string}"},"query-input":{"@type":"PropertyValueSpecification","valueRequired":true,"valueName":"search_term_string"}}],"inLanguage":"en-US"}]}},"_links":{"self":[{"href":"https:\/\/www.acs.si\/en\/wp-json\/wp\/v2\/pages\/27659","targetHints":{"allow":["GET"]}}],"collection":[{"href":"https:\/\/www.acs.si\/en\/wp-json\/wp\/v2\/pages"}],"about":[{"href":"https:\/\/www.acs.si\/en\/wp-json\/wp\/v2\/types\/page"}],"author":[{"embeddable":true,"href":"https:\/\/www.acs.si\/en\/wp-json\/wp\/v2\/users\/161"}],"replies":[{"embeddable":true,"href":"https:\/\/www.acs.si\/en\/wp-json\/wp\/v2\/comments?post=27659"}],"version-history":[{"count":9,"href":"https:\/\/www.acs.si\/en\/wp-json\/wp\/v2\/pages\/27659\/revisions"}],"predecessor-version":[{"id":85853,"href":"https:\/\/www.acs.si\/en\/wp-json\/wp\/v2\/pages\/27659\/revisions\/85853"}],"up":[{"embeddable":true,"href":"https:\/\/www.acs.si\/en\/wp-json\/wp\/v2\/pages\/28417"}],"wp:attachment":[{"href":"https:\/\/www.acs.si\/en\/wp-json\/wp\/v2\/media?parent=27659"}],"curies":[{"name":"wp","href":"https:\/\/api.w.org\/{rel}","templated":true}]}}