{"id":27643,"date":"2018-08-06T15:18:16","date_gmt":"2018-08-06T14:18:16","guid":{"rendered":"http:\/\/www.acs.si\/?page_id=27643"},"modified":"2026-03-05T17:29:42","modified_gmt":"2026-03-05T16:29:42","slug":"lifelong-learning-week","status":"publish","type":"page","link":"https:\/\/www.acs.si\/en\/projects\/national\/lifelong-learning-week\/","title":{"rendered":"Lifelong Learning Weeks"},"content":{"rendered":"<p>[et_pb_section fb_built=&#8221;1&#8243; _builder_version=&#8221;4.16&#8243; custom_padding=&#8221;0px|||&#8221; global_colors_info=&#8221;{}&#8221;][et_pb_row column_structure=&#8221;1_3,2_3&#8243; make_equal=&#8221;on&#8221; module_class=&#8221;logo-img-cont &#8221; _builder_version=&#8221;4.16&#8243; custom_margin=&#8221;||20px|&#8221; custom_padding=&#8221;0px||0px|&#8221; border_width_all=&#8221;1px&#8221; border_color_all=&#8221;#cdd1d6&#8243; global_colors_info=&#8221;{}&#8221;][et_pb_column type=&#8221;1_3&#8243; _builder_version=&#8221;4.16&#8243; custom_padding=&#8221;|||&#8221; global_colors_info=&#8221;{}&#8221; custom_padding__hover=&#8221;|||&#8221;][et_pb_image src=&#8221;https:\/\/www.acs.si\/wp-content\/uploads\/2025\/05\/OI_LLW_2025.png&#8221; alt=&#8221;LLW 30th anniversary logo.&#8221; title_text=&#8221;OI_LLW_2025&#8243; _builder_version=&#8221;4.17.2&#8243; _module_preset=&#8221;default&#8221; global_colors_info=&#8221;{}&#8221;][\/et_pb_image][\/et_pb_column][et_pb_column type=&#8221;2_3&#8243; _builder_version=&#8221;4.16&#8243; custom_padding=&#8221;|||&#8221; global_colors_info=&#8221;{}&#8221; custom_padding__hover=&#8221;|||&#8221;][et_pb_text _builder_version=&#8221;4.27.5&#8243; custom_padding=&#8221;20px|20px|20px|20px&#8221; hover_enabled=&#8221;0&#8243; z_index_tablet=&#8221;500&#8243; border_width_left=&#8221;1px&#8221; border_color_left=&#8221;#cdd1d6&#8243; global_colors_info=&#8221;{}&#8221; sticky_enabled=&#8221;0&#8243;]<\/p>\n<p>&nbsp;<\/p>\n<table class=\"projektTable\" style=\"width: 524px;\">\n<tbody>\n<tr>\n<td style=\"width: 101px;\"><strong>Project<\/strong><\/td>\n<td style=\"width: 407px;\">Lifelong Learning Weeks <strong>\u2013 <\/strong><span style=\"font-family: inherit; font-size: inherit;\">LLW<\/span><\/td>\n<\/tr>\n<tr>\n<td style=\"width: 101px;\"><strong>Time period<\/strong><\/td>\n<td style=\"width: 407px;\">Since 1996<br \/>Coordination of the LLW throughout the year<br \/>Official date: 8 May \u2013 14 June 2026<\/td>\n<\/tr>\n<tr>\n<td style=\"width: 101px;\"><strong>Financed by<\/strong><\/td>\n<td style=\"width: 407px;\">\n<p>Ministry of Education \u2013 co-financing of regional and thematic coordination of the LLW and the Learning Parade, and financing of the national coordination of the LLWs (the latter since 2022)<\/p>\n<p>Ministry of Labour, Family, Social Affairs and Equal Opportunities \u2013 financing of national coordination of the LLWs (until 2021)<\/p>\n<\/td>\n<\/tr>\n<tr>\n<td style=\"width: 101px;\"><strong>Contact<\/strong><\/td>\n<td style=\"width: 407px;\">Ur\u0161ka Bittner Pipan, MSc<br \/>T: +386 1 5842 567<br \/>E: <a href=\"mailto:urska.bittner.pipan@acs.si\">urska.bittner.pipan@acs.si<\/a><\/td>\n<\/tr>\n<\/tbody>\n<\/table>\n<p>&nbsp;<\/p>\n<p>[\/et_pb_text][\/et_pb_column][\/et_pb_row][et_pb_row _builder_version=&#8221;4.16&#8243; background_size=&#8221;initial&#8221; background_position=&#8221;top_left&#8221; background_repeat=&#8221;repeat&#8221; global_colors_info=&#8221;{}&#8221;][et_pb_column type=&#8221;4_4&#8243; _builder_version=&#8221;4.16&#8243; custom_padding=&#8221;|||&#8221; global_colors_info=&#8221;{}&#8221; custom_padding__hover=&#8221;|||&#8221;][et_pb_text admin_label=&#8221;Namen&#8221; _builder_version=&#8221;4.17.2&#8243; text_font_size=&#8221;10px&#8221; header_5_text_color=&#8221;#ffffff&#8221; header_5_font_size=&#8221;17px&#8221; header_5_line_height=&#8221;27px&#8221; custom_margin=&#8221;||0px|&#8221; custom_padding=&#8221;||0px|&#8221; global_colors_info=&#8221;{}&#8221;]<\/p>\n<p>&nbsp;<\/p>\n<h5 class=\"purple\">AIM<\/h5>\n<p>Promotion and implementation of the lifelong learning strategy for everybody. Educational, promotional and informative events, guidance-focused events, social and cultural events that reflect learning opportunities aimed at:<\/p>\n<ul>\n<li>Acquisition of knowledge and understanding;<\/li>\n<li>Acquisition and updating of necessary skills and competences for work;<\/li>\n<li>Personal growth and development of a responsible, aware and creative individual;<\/li>\n<li>Development of openness and peaceful, active co-habitation within the community.<\/li>\n<\/ul>\n<p>[\/et_pb_text][\/et_pb_column][\/et_pb_row][et_pb_row _builder_version=&#8221;4.16&#8243; background_size=&#8221;initial&#8221; background_position=&#8221;top_left&#8221; background_repeat=&#8221;repeat&#8221; global_colors_info=&#8221;{}&#8221;][et_pb_column type=&#8221;4_4&#8243; _builder_version=&#8221;4.16&#8243; custom_padding=&#8221;|||&#8221; global_colors_info=&#8221;{}&#8221; custom_padding__hover=&#8221;|||&#8221;][et_pb_text admin_label=&#8221;Cilji&#8221; _builder_version=&#8221;4.17.2&#8243; text_font_size=&#8221;10px&#8221; header_5_text_color=&#8221;#ffffff&#8221; header_5_font_size=&#8221;17px&#8221; header_5_line_height=&#8221;27px&#8221; custom_margin=&#8221;||0px|&#8221; custom_padding=&#8221;||0px|&#8221; global_colors_info=&#8221;{}&#8221;]<\/p>\n<p>&nbsp;<\/p>\n<h5 class=\"purple\">OBJECTIVES<\/h5>\n<p>To promote the importance, role and opportunities for learning and education in all stages of life and in all roles people take on \u2013 as individuals, family members, member of work teams and other communities.<\/p>\n<p>[\/et_pb_text][\/et_pb_column][\/et_pb_row][et_pb_row _builder_version=&#8221;4.16&#8243; background_size=&#8221;initial&#8221; background_position=&#8221;top_left&#8221; background_repeat=&#8221;repeat&#8221; global_colors_info=&#8221;{}&#8221;][et_pb_column type=&#8221;4_4&#8243; _builder_version=&#8221;4.16&#8243; custom_padding=&#8221;|||&#8221; global_colors_info=&#8221;{}&#8221; custom_padding__hover=&#8221;|||&#8221;][et_pb_text admin_label=&#8221;Opis&#8221; _builder_version=&#8221;4.17.2&#8243; text_font_size=&#8221;10px&#8221; header_5_text_color=&#8221;#ffffff&#8221; header_5_font_size=&#8221;17px&#8221; header_5_line_height=&#8221;27px&#8221; custom_margin=&#8221;||0px|&#8221; custom_padding=&#8221;||0px|&#8221; global_colors_info=&#8221;{}&#8221;]<\/p>\n<p>&nbsp;<\/p>\n<h5 class=\"purple\">DESCRIPTION<\/h5>\n<p>The Lifelong Learning Week (LLW) is the most prominent promotional event in the field of education and learning in Slovenia. The project is coordinated by the SIAE and implemented in collaboration with hundreds of institutions (kindergartens, elementary and high schools, adult education centres, municipalities, companies, offices and services of the Employment Service of Slovenia, associations and interest groups, libraries, cultural centres, music and dance schools, farms, tourist associations, scouts, study and reading circles, guidance centres, self-study centres and many others), groups and individuals in Slovenia and abroad.<\/p>\n<p>[\/et_pb_text][et_pb_toggle title=&#8221;Read more&#8221; admin_label=&#8221;Preberi ve\u010d&#8221; _builder_version=&#8221;4.16&#8243; global_colors_info=&#8221;{}&#8221;]<\/p>\n<p>\nThe LLW draw attention to the ubiquity and importance of learning \u2013 in all periods of life and in all roles an individual plays in life. All who co-create the project, either as organisers or as participants, contribute to the realisation of the LLW slogan <strong>\u201cSlovenia, a learning country\u201d<\/strong>.<\/p>\n<p>Our target groups include the general public, representatives of all generations: participants in learning and education, possible future participants and non-participants, experts, politicians, social partners.<\/p>\n<p>The LLW is also a member of an international movement of festivals of learning.<\/p>\n<p>[\/et_pb_toggle][\/et_pb_column][\/et_pb_row][et_pb_row _builder_version=&#8221;4.16&#8243; background_size=&#8221;initial&#8221; background_position=&#8221;top_left&#8221; background_repeat=&#8221;repeat&#8221; global_colors_info=&#8221;{}&#8221;][et_pb_column type=&#8221;4_4&#8243; _builder_version=&#8221;4.16&#8243; custom_padding=&#8221;|||&#8221; global_colors_info=&#8221;{}&#8221; custom_padding__hover=&#8221;|||&#8221;][et_pb_text admin_label=&#8221;Aktivnost&#8221; _builder_version=&#8221;4.17.2&#8243; text_font_size=&#8221;10px&#8221; header_5_text_color=&#8221;#ffffff&#8221; header_5_font_size=&#8221;17px&#8221; header_5_line_height=&#8221;27px&#8221; custom_margin=&#8221;||0px|&#8221; custom_padding=&#8221;||0px|&#8221; global_colors_info=&#8221;{}&#8221;]<\/p>\n<p>&nbsp;<\/p>\n<h5 class=\"purple\">ACTIVITIES<\/h5>\n<ul>\n<li>National coordination of the LLW (conceptual and developmental tasks, collaboration with the LLW providers, national promotion of the LLW, international collaboration);<\/li>\n<li>Coordination of joint LLW actions (e.g. the Learning parade);<\/li>\n<li>The institute of Awards for promotion of adult learning and knowledge<\/li>\n<li>Co-organisation of the National opening of the LLW, the Adult Education Colloquium and other activities at the state level.<\/li>\n<\/ul>\n<p>[\/et_pb_text][\/et_pb_column][\/et_pb_row][et_pb_row _builder_version=&#8221;4.16&#8243; background_size=&#8221;initial&#8221; background_position=&#8221;top_left&#8221; background_repeat=&#8221;repeat&#8221; global_colors_info=&#8221;{}&#8221;][et_pb_column type=&#8221;4_4&#8243; _builder_version=&#8221;4.16&#8243; custom_padding=&#8221;|||&#8221; global_colors_info=&#8221;{}&#8221; custom_padding__hover=&#8221;|||&#8221;][et_pb_text admin_label=&#8221;Klju\u010dni dose\u017eki&#8221; _builder_version=&#8221;4.17.2&#8243; text_font_size=&#8221;10px&#8221; header_5_text_color=&#8221;#ffffff&#8221; header_5_font_size=&#8221;17px&#8221; header_5_line_height=&#8221;27px&#8221; custom_margin=&#8221;||0px|&#8221; custom_padding=&#8221;||0px|&#8221; z_index_tablet=&#8221;500&#8243; global_colors_info=&#8221;{}&#8221;]<\/p>\n<p>&nbsp;<\/p>\n<h5 class=\"purple\">KEY ACHIEVEMENTS<\/h5>\n<p><strong>Total indicator 1996\u20132024<\/strong>: 29 editions of LLW<\/p>\n<p><strong>LLW 2024 indicators<\/strong>:<\/p>\n<ul>\n<li>The 28th implementation of the country-wide lifelong learning festival; more <a href=\"https:\/\/tvu.acs.si\" target=\"_blank\" rel=\"noopener\">https:\/\/tvu.acs.si<\/a> (in Slovenian)<\/li>\n<li>Number of organisers: more than 1,700<\/li>\n<li>Number of coordinators: 40 coordinators of the LLW and 19 coordinators of the Learning Parade<\/li>\n<li>Number of all events: more than 8,000<\/li>\n<li>National LLW opening, 10 May in Koper: <a href=\"https:\/\/tvu.acs.si\/sl\/odprtje2024\" target=\"_blank\" rel=\"noopener\">https:\/\/tvu.acs.si\/sl\/odprtje2024<\/a> (in Slovenian)<\/li>\n<li>28. Adult Education Colloquium Enticed into learning: <a href=\"https:\/\/tvu.acs.si\/sl\/ak2024\" target=\"_blank\" rel=\"noopener\">https:\/\/tvu.acs.si\/sl\/ak2024<\/a> (in Slovenian)<\/li>\n<\/ul>\n<p><a href=\"https:\/\/tvu.acs.si\/sl\/porocila\/\" target=\"_blank\" rel=\"noopener\">More &gt;&gt;<\/a> \u00a0(in Slovenian)<\/p>\n<p>[\/et_pb_text][\/et_pb_column][\/et_pb_row][\/et_pb_section]<\/p>\n","protected":false},"excerpt":{"rendered":"<p>&nbsp; Project&#8230;<\/p>\n","protected":false},"author":161,"featured_media":0,"parent":28417,"menu_order":6,"comment_status":"closed","ping_status":"closed","template":"page_projekt.php","meta":{"_acf_changed":false,"_et_pb_use_builder":"on","_et_pb_old_content":"FOTOGRAFIJA \r\n\r\n<table class=\"projektTableNew\">\r\n<tbody>\r\n<tr>\r\n\t\t\t<td>Naziv projekta:<\/td>\r\n\t\t\t<td>Teden vse\u017eivljenjskega u\u010denja \u2013 TVU<\/td>\r\n\t\t<\/tr>\r\n\t\t<tr>\r\n\t\t\t<td>Financer<\/td>\r\n\t\t\t<td>inistrstvo za delo, dru\u017eino, socialne zadeve in enake mo\u017enosti \r\n(Ministrstvo za izobra\u017eevanje, znanost in \u0161port \u2013 sofinanciranje koordinacije TVU in Parade u\u010denja)<\/td>\r\n\t\t<\/tr>\r\n\t\t<tr>\r\n\t\t\t<td>Financer<\/td>\r\n\t\t\t<td>Ministrstvo RS za izobra\u017eevanje, znanost in \u0161port, Evropski socialni sklad<\/td>\r\n\t\t<\/tr>\r\n<tr>\r\n\r\n\r\n<tr>\r\n<td>\r\n<p> FB: <\/p>\r\n<p> Twitter: <\/p>\r\n<\/td>\r\n\t\t<td> <a href=\"https:\/\/www.facebook.com\/TedenVsezivljenjskegaUcenja\" rel=\"noopener\" target=\"_blank\">https:\/\/www.facebook.com\/TedenVsezivljenjskegaUcenja <\/a><\/p>\r\n<p> <a href=\"https:\/\/twitter.com\/TVUslo\" rel=\"noopener\" target=\"_blank\">https:\/\/twitter.com\/TVUslo<\/a> <\/p>\r\n<\/td> \r\n<\/tr>\r\n\t\t\t<td>Kontaktna oseba<\/td>\r\n\t\t\t\t<td> Mag. Zvonka Pangerc Pahernik, ACS T: 01 5842 567, E: <a href=\"mailto: zvonka.pangerc@acs.si\">zvonka.pangerc@acs.si<\/a>)<\/td>\r\n\t\t<\/tr>\r\n<\/tbody>\r\n<\/table>\r\n\r\n<a href=\"http:\/\/tvu.acs.si\" rel=\"noopener\" target=\"_blank\">http:\/\/tvu.acs.si<\/a> <p>\r\n\r\n[accordion]\r\n[accordion-item title=\"Namen\"]<p>Promocija in udejanjanje strategije vse\u017eivljenjskega u\u010denja za vse. Izobra\u017eevalni,  promocijski,  informativno-svetovalni,  dru\u017eabni  in  kulturni  dogodki zrcalijo  u\u010dne mo\u017enosti, namenjene:<\/p>\r\n<ul>\r\n<li> pridobivanju znanja in razumevanja,<\/li>\r\n<li> pridobivanju in posodabljanju spretnosti in ve\u0161\u010din, potrebnih za delo, <\/li>\r\n<li> osebnostni rasti in razvoju odgovornega, osve\u0161\u010denega, ustvarjalnega posameznika, <\/li>\r\n<li> razvijanju odprtosti ter miroljubnega in dejavnega so\u017eitja v skupnosti. <\/li>\r\n<\/ul>\r\n[\/accordion-item]\r\n[\/accordion]\r\n\r\n[accordion]\r\n[accordion-item title=\"Cilji\"]<p>Promovirati pomen, vlogo ter mo\u017enosti u\u010denja in izobra\u017eevanja v vseh \u017eivljenjskih obdobjih in za vse vloge, ki jih \u010dlovek prevzema \u2013 kot posameznik, \u010dlan dru\u017eine, delovnega kolektiva in drugih skupnosti.<\/p>\r\n [\/accordion-item]\r\n[\/accordion]\r\n\r\n[accordion]\r\n[accordion-item title=\"Opis\"]<p>Teden vse\u017eivljenjskega u\u010denja (TVU) je najvidnej\u0161a promocijska manifestacija na podro\u010dju izobra\u017eevanja in u\u010denja v Sloveniji. Projekt usklajujemo na ACS in ga prirejamo v sodelovanju s stotinami ustanov (vrtci, osnovne in srednje \u0161ole, ljudske univerze in izobra\u017eevalni centri, ob\u010dine, podjetja in uradi in slu\u017ebe Zavoda za zaposlovanje, dru\u0161tva in interesne skupine, knji\u017enice, kulturni domovi, glasbene in plesne \u0161ole, kmetije, turisti\u010dna dru\u0161tva, taborniki, skavti, \u0161tudijski in bralni kro\u017eki, svetovalna sredi\u0161\u010da, sredi\u0161\u010da za samostojno u\u010denje in \u0161e mnogi drugi), skupin in posameznikov po vsej dr\u017eavi pa tudi onkraj na\u0161ih meja. Z njim opozarjamo na vseprisotnost pa tudi pomembnost u\u010denja \u2013 v vseh \u017eivljenjskih obdobjih in za vse vloge, ki jih posameznik v svojem \u017eivljenju prevzema. Vsi, ki projekt soustvarjamo, bodisi v vlogi izvajalcev prireditev bodisi kot udele\u017eenci, prispevamo k udejanjanju slogana <strong>'Slovenija, u\u010de\u010da se de\u017eela'<\/strong>.  <\/p>\r\n\r\n<p> Ciljne skupine so naj\u0161ir\u0161a  javnost,  predstavniki  vseh  predstavniki  vseh  generacij: udele\u017eenci  v  u\u010denju  in  izobra\u017eevanju,  morebitni udele\u017eenci ter neudele\u017eenci, strokovnjaki, politiki, socialni partnerji. <\/p>\r\n\r\n<p>TVU je \u010dlan mednarodnega gibanja festivalov u\u010denja. <\/p>\r\n[\/accordion-item]\r\n[\/accordion]\r\n\r\n\r\n[accordion]\r\n[accordion-item title=\"Aktivnosti\"]\r\n<ul>\r\n<li> nacionalna koordinacija TVU (konceptualno-razvojne naloge,  sodelovanje z izvajalci TVU, nacionalna promocija TVU, mednarodno sodelovanje), <\/li>\r\n<li> koordinacija skupnih akcij TVU, namenjenih ozave\u0161\u010danju in informiranju \u010dim \u0161ir\u0161ega kroga prebivalstva o  vlogi  vse\u017eivljenjskega  u\u010denja (npr. Parada u\u010denja), <\/li>\r\n<li> institut Priznanja za promocijo u\u010denja in znanja odraslih, <\/li>\r\n<li> promocijska kampanja in portal Zgledi vle\u010dejo, <\/li>\r\n<li> soorganizacija nacionalnega odprtja TVU, <\/li>\r\n<li> (so)organizacija andrago\u0161kega kolokvija, <\/li>\r\n<li> koordinacija dejavnosti projekta EPUO, povezanih s TVU. <\/li>\r\n<ul>\r\n[\/accordion-item]\r\n[\/accordion]\r\n\r\n\r\n[accordion]\r\n[accordion-item title=\"Klju\u010dni dose\u017eki\"]\r\n<p>Skupni kazalnik: 22 izpeljav TVU <\/p>\r\n\r\n<p> Kazalniki TVU 2017: <\/p>\r\n<ul>\r\n<li> \u0161tevilo prirediteljev: 1.669 <\/li>\r\n<li> \u0161tevilo koordinatorjev: 45  <\/li>\r\n<li> \u0161tevilo vseh dogodkov: 9.189 <\/li>\r\n<li> \u0161tevilo medijskih objav: okrog 2.500 <\/li>\r\n<li> \u0161tevilo obiskovalcev: nad 258.700  <\/li> \r\n<\/ul>\r\n\r\n<p> Ve\u010d v Analizi in poro\u010dilu o Tednu vse\u017eivljenjskega u\u010denja 2017: <a href=\"http:\/\/tvu.acs.si\/porocila.\" rel=\"noopener\" target=\"_blank\">http:\/\/tvu.acs.si\/porocila.<\/a>\r\n<\/p>\r\n[\/accordion-item]\r\n[\/accordion]","_et_gb_content_width":"","inline_featured_image":false,"footnotes":""},"class_list":["post-27643","page","type-page","status-publish","hentry"],"acf":[],"yoast_head":"<!-- This site is optimized with the Yoast SEO plugin v26.2 - https:\/\/yoast.com\/wordpress\/plugins\/seo\/ -->\n<title>Lifelong Learning Weeks | Andrago\u0161ki center Republike Slovenije<\/title>\n<meta name=\"robots\" content=\"index, follow, max-snippet:-1, max-image-preview:large, max-video-preview:-1\" \/>\n<link rel=\"canonical\" href=\"https:\/\/www.acs.si\/en\/projects\/national\/lifelong-learning-week\/\" \/>\n<meta property=\"og:locale\" content=\"en_US\" \/>\n<meta property=\"og:type\" content=\"article\" \/>\n<meta property=\"og:title\" content=\"Lifelong Learning Weeks | Andrago\u0161ki center Republike Slovenije\" \/>\n<meta property=\"og:description\" content=\"&nbsp; Project...\" \/>\n<meta property=\"og:url\" content=\"https:\/\/www.acs.si\/en\/projects\/national\/lifelong-learning-week\/\" \/>\n<meta property=\"og:site_name\" content=\"Andrago\u0161ki center Republike Slovenije\" \/>\n<meta property=\"article:publisher\" content=\"https:\/\/www.facebook.com\/AndragoskiCenterSlovenije\/\" \/>\n<meta property=\"article:modified_time\" content=\"2026-03-05T16:29:42+00:00\" \/>\n<meta name=\"twitter:card\" content=\"summary_large_image\" \/>\n<meta name=\"twitter:label1\" content=\"Est. reading time\" \/>\n\t<meta name=\"twitter:data1\" content=\"3 minutes\" \/>\n<script type=\"application\/ld+json\" class=\"yoast-schema-graph\">{\"@context\":\"https:\/\/schema.org\",\"@graph\":[{\"@type\":\"WebPage\",\"@id\":\"https:\/\/www.acs.si\/en\/projects\/national\/lifelong-learning-week\/\",\"url\":\"https:\/\/www.acs.si\/en\/projects\/national\/lifelong-learning-week\/\",\"name\":\"Lifelong Learning Weeks | Andrago\u0161ki center Republike Slovenije\",\"isPartOf\":{\"@id\":\"https:\/\/www.acs.si\/#website\"},\"datePublished\":\"2018-08-06T14:18:16+00:00\",\"dateModified\":\"2026-03-05T16:29:42+00:00\",\"breadcrumb\":{\"@id\":\"https:\/\/www.acs.si\/en\/projects\/national\/lifelong-learning-week\/#breadcrumb\"},\"inLanguage\":\"en-US\",\"potentialAction\":[{\"@type\":\"ReadAction\",\"target\":[\"https:\/\/www.acs.si\/en\/projects\/national\/lifelong-learning-week\/\"]}]},{\"@type\":\"BreadcrumbList\",\"@id\":\"https:\/\/www.acs.si\/en\/projects\/national\/lifelong-learning-week\/#breadcrumb\",\"itemListElement\":[{\"@type\":\"ListItem\",\"position\":1,\"name\":\"Home\",\"item\":\"https:\/\/www.acs.si\/en\/\"},{\"@type\":\"ListItem\",\"position\":2,\"name\":\"Projects\",\"item\":\"https:\/\/www.acs.si\/en\/projects\/\"},{\"@type\":\"ListItem\",\"position\":3,\"name\":\"National\",\"item\":\"https:\/\/www.acs.si\/en\/projects\/national\/\"},{\"@type\":\"ListItem\",\"position\":4,\"name\":\"Lifelong Learning Weeks\"}]},{\"@type\":\"WebSite\",\"@id\":\"https:\/\/www.acs.si\/#website\",\"url\":\"https:\/\/www.acs.si\/\",\"name\":\"Andrago\u0161ki center Republike Slovenije\",\"description\":\"\",\"potentialAction\":[{\"@type\":\"SearchAction\",\"target\":{\"@type\":\"EntryPoint\",\"urlTemplate\":\"https:\/\/www.acs.si\/?s={search_term_string}\"},\"query-input\":{\"@type\":\"PropertyValueSpecification\",\"valueRequired\":true,\"valueName\":\"search_term_string\"}}],\"inLanguage\":\"en-US\"}]}<\/script>\n<!-- \/ Yoast SEO plugin. -->","yoast_head_json":{"title":"Lifelong Learning Weeks | Andrago\u0161ki center Republike Slovenije","robots":{"index":"index","follow":"follow","max-snippet":"max-snippet:-1","max-image-preview":"max-image-preview:large","max-video-preview":"max-video-preview:-1"},"canonical":"https:\/\/www.acs.si\/en\/projects\/national\/lifelong-learning-week\/","og_locale":"en_US","og_type":"article","og_title":"Lifelong Learning Weeks | Andrago\u0161ki center Republike Slovenije","og_description":"&nbsp; Project...","og_url":"https:\/\/www.acs.si\/en\/projects\/national\/lifelong-learning-week\/","og_site_name":"Andrago\u0161ki center Republike Slovenije","article_publisher":"https:\/\/www.facebook.com\/AndragoskiCenterSlovenije\/","article_modified_time":"2026-03-05T16:29:42+00:00","twitter_card":"summary_large_image","twitter_misc":{"Est. reading time":"3 minutes"},"schema":{"@context":"https:\/\/schema.org","@graph":[{"@type":"WebPage","@id":"https:\/\/www.acs.si\/en\/projects\/national\/lifelong-learning-week\/","url":"https:\/\/www.acs.si\/en\/projects\/national\/lifelong-learning-week\/","name":"Lifelong Learning Weeks | Andrago\u0161ki center Republike Slovenije","isPartOf":{"@id":"https:\/\/www.acs.si\/#website"},"datePublished":"2018-08-06T14:18:16+00:00","dateModified":"2026-03-05T16:29:42+00:00","breadcrumb":{"@id":"https:\/\/www.acs.si\/en\/projects\/national\/lifelong-learning-week\/#breadcrumb"},"inLanguage":"en-US","potentialAction":[{"@type":"ReadAction","target":["https:\/\/www.acs.si\/en\/projects\/national\/lifelong-learning-week\/"]}]},{"@type":"BreadcrumbList","@id":"https:\/\/www.acs.si\/en\/projects\/national\/lifelong-learning-week\/#breadcrumb","itemListElement":[{"@type":"ListItem","position":1,"name":"Home","item":"https:\/\/www.acs.si\/en\/"},{"@type":"ListItem","position":2,"name":"Projects","item":"https:\/\/www.acs.si\/en\/projects\/"},{"@type":"ListItem","position":3,"name":"National","item":"https:\/\/www.acs.si\/en\/projects\/national\/"},{"@type":"ListItem","position":4,"name":"Lifelong Learning Weeks"}]},{"@type":"WebSite","@id":"https:\/\/www.acs.si\/#website","url":"https:\/\/www.acs.si\/","name":"Andrago\u0161ki center Republike Slovenije","description":"","potentialAction":[{"@type":"SearchAction","target":{"@type":"EntryPoint","urlTemplate":"https:\/\/www.acs.si\/?s={search_term_string}"},"query-input":{"@type":"PropertyValueSpecification","valueRequired":true,"valueName":"search_term_string"}}],"inLanguage":"en-US"}]}},"_links":{"self":[{"href":"https:\/\/www.acs.si\/en\/wp-json\/wp\/v2\/pages\/27643","targetHints":{"allow":["GET"]}}],"collection":[{"href":"https:\/\/www.acs.si\/en\/wp-json\/wp\/v2\/pages"}],"about":[{"href":"https:\/\/www.acs.si\/en\/wp-json\/wp\/v2\/types\/page"}],"author":[{"embeddable":true,"href":"https:\/\/www.acs.si\/en\/wp-json\/wp\/v2\/users\/161"}],"replies":[{"embeddable":true,"href":"https:\/\/www.acs.si\/en\/wp-json\/wp\/v2\/comments?post=27643"}],"version-history":[{"count":34,"href":"https:\/\/www.acs.si\/en\/wp-json\/wp\/v2\/pages\/27643\/revisions"}],"predecessor-version":[{"id":85947,"href":"https:\/\/www.acs.si\/en\/wp-json\/wp\/v2\/pages\/27643\/revisions\/85947"}],"up":[{"embeddable":true,"href":"https:\/\/www.acs.si\/en\/wp-json\/wp\/v2\/pages\/28417"}],"wp:attachment":[{"href":"https:\/\/www.acs.si\/en\/wp-json\/wp\/v2\/media?parent=27643"}],"curies":[{"name":"wp","href":"https:\/\/api.w.org\/{rel}","templated":true}]}}