{"id":27638,"date":"2018-08-06T14:54:50","date_gmt":"2018-08-06T13:54:50","guid":{"rendered":"http:\/\/www.acs.si\/?page_id=27638"},"modified":"2026-03-02T16:45:10","modified_gmt":"2026-03-02T15:45:10","slug":"study-circles","status":"publish","type":"page","link":"https:\/\/www.acs.si\/en\/projects\/national\/study-circles\/","title":{"rendered":"Study Circles"},"content":{"rendered":"<p>[et_pb_section fb_built=&#8221;1&#8243; _builder_version=&#8221;4.16&#8243; custom_padding=&#8221;0px|||&#8221; global_colors_info=&#8221;{}&#8221;][et_pb_row column_structure=&#8221;1_3,2_3&#8243; make_equal=&#8221;on&#8221; module_class=&#8221;logo-img-cont &#8221; _builder_version=&#8221;4.16&#8243; background_size=&#8221;initial&#8221; background_position=&#8221;top_left&#8221; background_repeat=&#8221;repeat&#8221; custom_margin=&#8221;||20px|&#8221; custom_padding=&#8221;0px||0px|&#8221; border_width_all=&#8221;1px&#8221; border_color_all=&#8221;#cdd1d6&#8243; global_colors_info=&#8221;{}&#8221;][et_pb_column type=&#8221;1_3&#8243; _builder_version=&#8221;4.16&#8243; custom_padding=&#8221;|||&#8221; global_colors_info=&#8221;{}&#8221; custom_padding__hover=&#8221;|||&#8221;][et_pb_image src=&#8221;https:\/\/www.acs.si\/wp-content\/uploads\/2018\/03\/OI-\u0160K.png&#8221; align=&#8221;center&#8221; align_tablet=&#8221;center&#8221; align_phone=&#8221;&#8221; align_last_edited=&#8221;on|desktop&#8221; module_class=&#8221;logo-img&#8221; _builder_version=&#8221;4.16&#8243; custom_padding=&#8221;10px|10px|10px|10px&#8221; border_color_right=&#8221;#cdd1d6&#8243; always_center_on_mobile=&#8221;on&#8221; global_colors_info=&#8221;{}&#8221;][\/et_pb_image][\/et_pb_column][et_pb_column type=&#8221;2_3&#8243; _builder_version=&#8221;4.16&#8243; custom_padding=&#8221;|||&#8221; global_colors_info=&#8221;{}&#8221; custom_padding__hover=&#8221;|||&#8221;][et_pb_text _builder_version=&#8221;4.27.5&#8243; custom_padding=&#8221;20px|20px|20px|20px&#8221; hover_enabled=&#8221;0&#8243; border_width_left=&#8221;1px&#8221; border_color_left=&#8221;#cdd1d6&#8243; global_colors_info=&#8221;{}&#8221; sticky_enabled=&#8221;0&#8243;]<\/p>\n<p>&nbsp;<\/p>\n<table class=\"projektTable\" style=\"width: 480px;\">\n<tbody>\n<tr>\n<td style=\"width: 143px;\"><b>Project<\/b><\/td>\n<td style=\"width: 337px;\">Study Circles<\/td>\n<\/tr>\n<tr>\n<td style=\"width: 143px;\"><b>Time period<\/b><\/td>\n<td style=\"width: 337px;\">Since 1993<\/td>\n<\/tr>\n<tr>\n<td style=\"width: 143px;\"><strong>Financed by<\/strong><\/td>\n<td style=\"width: 337px;\">Ministry of Education;<br \/>local communities and sponsors<\/td>\n<\/tr>\n<tr>\n<td style=\"width: 143px;\"><b>Contact<\/b><\/td>\n<td style=\"width: 337px;\">Dr Nevenka Bogataj<br \/>T: +386 1 5842 579<br \/>E: <a href=\"mailto:nevenka.bogataj@acs.si\">nevenka.bogataj@acs.si<\/a><\/td>\n<\/tr>\n<\/tbody>\n<\/table>\n<p>&nbsp;<\/p>\n<p>[\/et_pb_text][\/et_pb_column][\/et_pb_row][et_pb_row _builder_version=&#8221;4.16&#8243; background_size=&#8221;initial&#8221; background_position=&#8221;top_left&#8221; background_repeat=&#8221;repeat&#8221; global_colors_info=&#8221;{}&#8221;][et_pb_column type=&#8221;4_4&#8243; _builder_version=&#8221;4.16&#8243; custom_padding=&#8221;|||&#8221; global_colors_info=&#8221;{}&#8221; custom_padding__hover=&#8221;|||&#8221;][et_pb_text admin_label=&#8221;Namen&#8221; _builder_version=&#8221;4.16&#8243; text_font_size=&#8221;10px&#8221; header_5_text_color=&#8221;#ffffff&#8221; header_5_font_size=&#8221;17px&#8221; header_5_line_height=&#8221;27px&#8221; custom_margin=&#8221;||0px|&#8221; custom_padding=&#8221;||0px|||&#8221; global_colors_info=&#8221;{}&#8221;]<\/p>\n<p>&nbsp;<\/p>\n<h5 class=\"purple\">AIM<\/h5>\n<p>They are aimed at facilitating joint learning in small groups that meet regularly. Their outcome is local development, critical thinking, social cohesion, heritage transmission and adaptation to changes. Thus, they fulfil public interest and justify free participation. Mentors are the key pillar of the project, coordinated by the national institution that offers training programmes for mentors, monitoring, project-based development and international cooperation.<\/p>\n<p>[\/et_pb_text][\/et_pb_column][\/et_pb_row][et_pb_row _builder_version=&#8221;4.16&#8243; background_size=&#8221;initial&#8221; background_position=&#8221;top_left&#8221; background_repeat=&#8221;repeat&#8221; global_colors_info=&#8221;{}&#8221;][et_pb_column type=&#8221;4_4&#8243; _builder_version=&#8221;4.16&#8243; custom_padding=&#8221;|||&#8221; global_colors_info=&#8221;{}&#8221; custom_padding__hover=&#8221;|||&#8221;][et_pb_text admin_label=&#8221;Cilji&#8221; _builder_version=&#8221;4.16&#8243; text_font_size=&#8221;10px&#8221; header_5_text_color=&#8221;#ffffff&#8221; header_5_font_size=&#8221;17px&#8221; header_5_line_height=&#8221;27px&#8221; custom_margin=&#8221;||0px|&#8221; custom_padding=&#8221;||0px|&#8221; global_colors_info=&#8221;{}&#8221;]<\/p>\n<p>&nbsp;<\/p>\n<h5 class=\"purple\">OBJECTIVES<\/h5>\n<p>Aims and emphases of the study circles change over time. Initially, their purpose was to expand the educational offer and democratisation of the society. A decade later, they were upgraded with the emphases on the accessibility of learning to the less educated and socially vulnerable and encouraging their participation. We still focus on all these goals. However, special emphases are placed on intergenerational cooperation and transformative learning to adapt to climate and social changes.<\/p>\n<p>[\/et_pb_text][\/et_pb_column][\/et_pb_row][et_pb_row _builder_version=&#8221;4.16&#8243; background_size=&#8221;initial&#8221; background_position=&#8221;top_left&#8221; background_repeat=&#8221;repeat&#8221; global_colors_info=&#8221;{}&#8221;][et_pb_column type=&#8221;4_4&#8243; _builder_version=&#8221;4.16&#8243; custom_padding=&#8221;|||&#8221; global_colors_info=&#8221;{}&#8221; custom_padding__hover=&#8221;|||&#8221;][et_pb_text admin_label=&#8221;Opis&#8221; _builder_version=&#8221;4.16&#8243; text_font_size=&#8221;10px&#8221; header_5_text_color=&#8221;#ffffff&#8221; header_5_font_size=&#8221;17px&#8221; header_5_line_height=&#8221;27px&#8221; custom_margin=&#8221;||0px|&#8221; custom_padding=&#8221;||0px|&#8221; global_colors_info=&#8221;{}&#8221;]<\/p>\n<p>&nbsp;<\/p>\n<h5 class=\"purple\">DESCRIPTION<\/h5>\n<p>SC are a form of collaborative and experiential learning, typically with a heterogenic group structure that facilitates the establishment of positive symbiosis between responsible individuals and the development of collaborative skills. They represent a method and a tool for adult education and a lifelong learning incentive in the broadest sense. Their goals are to learn something new (educational goals) and to transmit this new knowledge to the community (action goals). The most important aspect of the methodology is the freedom to choose topics of learning, its pace and location. Study circles are considered social innovation because they satisfy collective aspirations. Study circles can be seen as key (educational) contributors to local community development as they contribute to the development of the following main benefits:<\/p>\n<ul>\n<li>the opportunity for learners to search, improve and exchange knowledge, skills and values;<\/li>\n<li>strengthening of the interpersonal relations;<\/li>\n<li>higher aspirations and self-confidence;<\/li>\n<li>facilitation of the acquisition of new knowledge and skills;<\/li>\n<li>reinforcement and generation of the creativity because learners are free to choose the object of learning;<\/li>\n<li>contribution to a higher quality of life within the local communities and higher social cohesion.<\/li>\n<\/ul>\n<p>In 2018, Slovenian study circles celebrated the 25 anniversary. We invite you to visit their visual presentation on the website <a href=\"https:\/\/sk.acs.si\/izkaznica\/razstava\">https:\/\/sk.acs.si\/izkaznica\/razstava<\/a>. The current study circles are listed on the website <a href=\"https:\/\/sk.acs.si\/krozki\/aktivni-krozki\">Our study circles \u2013 where are they and what do they do<\/a>.\u00a0<\/p>\n<p>[\/et_pb_text][\/et_pb_column][\/et_pb_row][et_pb_row _builder_version=&#8221;4.16&#8243; background_size=&#8221;initial&#8221; background_position=&#8221;top_left&#8221; background_repeat=&#8221;repeat&#8221; global_colors_info=&#8221;{}&#8221;][et_pb_column type=&#8221;4_4&#8243; _builder_version=&#8221;4.16&#8243; custom_padding=&#8221;|||&#8221; global_colors_info=&#8221;{}&#8221; custom_padding__hover=&#8221;|||&#8221;][et_pb_text admin_label=&#8221;Aktivnost&#8221; _builder_version=&#8221;4.16&#8243; text_font_size=&#8221;10px&#8221; header_5_text_color=&#8221;#ffffff&#8221; header_5_font_size=&#8221;17px&#8221; header_5_line_height=&#8221;27px&#8221; custom_margin=&#8221;||0px|&#8221; custom_padding=&#8221;||0px|&#8221; global_colors_info=&#8221;{}&#8221;]<\/p>\n<p>&nbsp;<\/p>\n<h5 class=\"purple\">ACTIVITIES<\/h5>\n<p>The main activities of the SIAE are:<\/p>\n<ul>\n<li>basic training of study circle mentors;<\/li>\n<li>additional training of mentors;<\/li>\n<li>guidance of mentors, interested stakeholders and providers of study circles;<\/li>\n<\/ul>\n<p>[\/et_pb_text][et_pb_toggle title=&#8221;Read more&#8221; admin_label=&#8221;Preberi ve\u010d&#8221; _builder_version=&#8221;4.16&#8243; custom_margin=&#8221;20px|||&#8221; global_colors_info=&#8221;{}&#8221;]<\/p>\n<p>&nbsp;<\/p>\n<ul>\n<li>research and development activities for community learning.<\/li>\n<\/ul>\n<p>[\/et_pb_toggle][\/et_pb_column][\/et_pb_row][et_pb_row _builder_version=&#8221;4.16&#8243; background_size=&#8221;initial&#8221; background_position=&#8221;top_left&#8221; background_repeat=&#8221;repeat&#8221; global_colors_info=&#8221;{}&#8221;][et_pb_column type=&#8221;4_4&#8243; _builder_version=&#8221;4.16&#8243; custom_padding=&#8221;|||&#8221; global_colors_info=&#8221;{}&#8221; custom_padding__hover=&#8221;|||&#8221;][et_pb_text admin_label=&#8221;Klju\u010dni dose\u017eki&#8221; _builder_version=&#8221;4.16&#8243; text_font_size=&#8221;10px&#8221; header_5_text_color=&#8221;#ffffff&#8221; header_5_font_size=&#8221;17px&#8221; header_5_line_height=&#8221;27px&#8221; custom_margin=&#8221;||0px|&#8221; custom_padding=&#8221;||0px|&#8221; global_colors_info=&#8221;{}&#8221;]<\/p>\n<p>&nbsp;<\/p>\n<h5 class=\"purple\">KEY ACHIEVEMENTS are:<\/h5>\n<ul>\n<li>continuity since 1993;<\/li>\n<li>high interest of participants to engage in SC;<\/li>\n<li>high interest to attend the SC basic training course;<\/li>\n<\/ul>\n<p>[\/et_pb_text][et_pb_toggle title=&#8221;Read more&#8221; admin_label=&#8221;Preberi ve\u010d&#8221; _builder_version=&#8221;4.16&#8243; global_colors_info=&#8221;{}&#8221;]<\/p>\n<p>&nbsp;<\/p>\n<ul>\n<li>extensive bibliography listed on the website <span><a href=\"https:\/\/sk.acs.si\/objave\">https:\/\/sk.acs.si\/objave<\/a><\/span> .<\/li>\n<\/ul>\n<p>[\/et_pb_toggle][\/et_pb_column][\/et_pb_row][\/et_pb_section]<\/p>\n","protected":false},"excerpt":{"rendered":"<p>&nbsp; Project&#8230;<\/p>\n","protected":false},"author":161,"featured_media":0,"parent":28417,"menu_order":7,"comment_status":"closed","ping_status":"closed","template":"page_projekt.php","meta":{"_acf_changed":false,"_et_pb_use_builder":"on","_et_pb_old_content":"\u0160tudijski kro\u017eki so majhne skupine za neformalno u\u010denje, kjer se zbirajo, u\u010dijo in dru\u017eijo radovedni ter s svojimi rezultati prispevajo k razvoju doma\u010dega okolja. Ker si vsebino, potek in zahtevnost u\u010denja izbirajo sami in rezultate potrdi le njihova uporaba, so \u0161tudijski kro\u017eki privla\u010dni in iskani.\r\n\r\nDelujejo po vsej Sloveniji in so prilo\u017enost za u\u010denje, dru\u017eenje in delovanje v okolju predvsem za tiste, ki so jim standardne oblike izobra\u017eevanja te\u017eko dostopne ali iz kateregakoli razloga nezanimive. Cilj \u0161tudijskih kro\u017ekov je tudi promocija vse\u017eivljenjskega u\u010denja, znanja in delovanja za dejavno vklju\u010devanje v sodobno dru\u017ebo, za razvoj pode\u017eelja in za osebni razvoj.\r\n\r\n\u0160tudijski kro\u017eek je za udele\u017eence brezpla\u010den, vodi ga mentor, poteka pa v okviru organizacije, ki sredstva za delovanje kro\u017eka ob izpolnjevanju dolo\u010denih pogojev lahko pridobi od Ministrstva za \u0161olstvo in \u0161port. Andrago\u0161ki center vodi in razvija projekt, usposablja vodje in mentorje in jih izpopolnjuje, spremlja delovanje kro\u017ekov na terenu in uveljavlja njihove rezultate tudi v tujini.\r\n\r\nVe\u010d o delovanju kro\u017ekov, primerih dobre prakse in trenutno dejavnih kro\u017ekih ter njihovih prireditvah\u00a0lahko preberete na <a href=\"http:\/\/sk.acs.si\/\" target=\"_blank\" rel=\"noopener\">spletni strani \u0161tudijskih kro\u017ekov<\/a>.\r\n\r\n<table class=\"projektTable\">\r\n\t<tbody>\r\n\t\t<tr>\r\n\t\t\t<td>Naziv projekta \/ dejavnosti:<\/td>\r\n\t\t\t<td>\u0160tudijski kro\u017eki<\/td>\r\n\t\t<\/tr>\r\n\t\t<tr>\r\n\t\t\t<td>\u010casovni okvir:<\/td>\r\n\t\t\t<td>1993 -<\/td>\r\n\t\t<\/tr>\r\n\t\t<tr>\r\n\t\t\t<td>Financer:<\/td>\r\n\t\t\t<td>MIZ\u0160, lokalne skupnosti in sponzorji<\/td>\r\n\t\t<\/tr>\r\n\r\n<tr>\r\n<td>Kontaktna oseba:<\/td>\r\n<td>Nevenka Bogataj (T: 01 584 579, E: <a href=\"mailto:nevenka.bogataj@acs.si\">nevenka.bogataj@acs.si<\/a><\/td>\r\n<\/tr>\t\t\r\n\t\t\t\r\n<\/table>\r\n\t<tbody>\r\n\r\n<a href=\"https:\/\/sk.acs.si\/\">https:\/\/sk.acs.si\/<\/a><br>\r\n\t\t\t<a href=\"https:\/\/sk.acs.si\/en\/home\">https:\/\/sk.acs.si\/en\/home<\/a><\/td>\r\n\r\n[accordion]\r\n[accordion-item title=\"Namen\"]ostopnost znanja, dru\u017ebena kohezija, vklju\u010devanje ter (kriti\u010dno) prilagajanje na spremembe so tudi javni interes, zato brezpla\u010dno udele\u017ebo pod vodstvom usposobljenega mentorja omogo\u010da tudi dr\u017eava, ki \u0161tudijske kro\u017eke tudi povezuje, spremlja in jim ponuja usposabljanja, s projekti pa njihove rezultate uveljavlja tudi v tujini.[\/accordion-item]\r\n[\/accordion]\r\n\r\n[accordion]\r\n[accordion-item title=\"Cilji\"]Cilji in namen\u00a0kro\u017ekov se s \u010dasom spreminjajo. Sprva, torej leta 1993, so imeli vlogo \u0161iritve u\u010dne ponudbe za odrasle in demokratizacije dru\u017ebe, po desetletju je pri\u0161el v ospredje njihov namen bolj\u0161a\u00a0dostopnost u\u010denja, motivacija prete\u017eno nezainteresiranih odraslih za u\u010denje in\u00a0vklju\u010devanje ranljivih ciljnih skupin v dru\u017ebo (razvoj).[\/accordion-item]\r\n[\/accordion]\r\n\r\n[accordion]\r\n[accordion-item title=\"Opis\"]\u0160tudijski kro\u017eki so majhne skupine za neformalno u\u010denje. Pomembni so za lokalni in osebni razvoj, privla\u010dni po vsej Sloveniji od 1993 dalje. So prilo\u017enost za delovanje v okolju predvsem za tiste, ki te\u017eko dostopajo do u\u010denja, a ne \u017eelijo biti pasivni. \u0160tudijski kro\u017eki so oblika sodelovalnega u\u010denja (do\u017eivljanja, povzemanja) z zna\u010dilno sestavo skupine (heterogena struktura, homogen interes), v kateri se vzpostavi\u00a0pozitivna\u00a0soodvisnost odgovornih posameznikovin\u00a0se razvijajo sodelovalne spretnosti\u00a0(komunikacija, spo\u0161tovanje razli\u010dnosti in dogovorov). Pri nekaterih lahko govorimo tudi o sekundarni skupnosti.[\/accordion-item]\r\n[\/accordion]\r\n\r\n[accordion]\r\n[accordion-item title=\"Aktivnosti\"]<ul>\r\n\t\t\t\t\t<li>Temeljno usposabljanje mentorjev \u0161tudijskih kro\u017ekov<\/li>\r\n\t\t\t\t\t<li>Izpopolnjevanje \u0161tudijskih kro\u017ekov<\/li>\r\n\t\t\t\t\t<li>Svetovanje zainteresiranim dele\u017enikom in izvajalcem \u0160K<\/li>\r\n\t\t\t\t\t<li>Spremljanje\/ monitoring (od 1993 dalje, 2007 v e-obliki)<\/li>\r\n\t\t\t\t\t<li>Zagotavljanje kakovosti (notranje in zunanje evalvacije)<\/li>\r\n\t\t\t\t\t<li>Razvojni projekti (Leonardo, Grundtvig, Alegro, Intereg, Erasmus +\/K2)<\/li>\r\n\t\t\t\t\t<li>Promocija doma in v tujini (TVU, Novi\u010dke, FB, EPALE, strokovne objave)<\/li>\r\n\t\t\t\t\t<li>Analize in interpretacije struktur in procesov v \u0160K<\/li>\r\n\t\t\t\t<\/ul> [\/accordion-item]\r\n[\/accordion]\r\n\r\n\r\n[accordion]\r\n[accordion-item title=\"Klju\u010dni dose\u017eki\"]<ul>\r\n\t\t\t\t\t<li>Neprekinjeno delovanje in usposabljanja<\/li>\r\n\t\t\t\t\t<li>Visoka motiviranost udele\u017eencev za vklju\u010devanje in mentorjev za usposabljanje<\/li>\r\n\t\t\t\t\t<li>Kakovost struktur in procesov (doseganje zelo razli\u010dnih ciljnih skupin, tudi ranljivih; opis kompetenc mentorja in vodje, opis izobra\u017eevalnega programa, razvoj in opis \u010dezmejnega izobra\u017eevalnega programa)<\/li>\r\n\t\t\t\t\t<li>Strokovne ter znanstvene objave o \u0161tudijskih kro\u017ekih (V COBISS-u prek 600 objav o \u0161tudijskih kro\u017ekih)<\/li>\r\n\t\t\t\t\t<li>Mednarodna dejavnost (praksa v Furlaniji Julijski krajini, bibliografija)<\/li>\r\n\t\t\t\t<\/ul>[\/accordion-item]\r\n[\/accordion]","_et_gb_content_width":"","inline_featured_image":false,"footnotes":""},"class_list":["post-27638","page","type-page","status-publish","hentry"],"acf":[],"yoast_head":"<!-- This site is optimized with the Yoast SEO plugin v26.2 - https:\/\/yoast.com\/wordpress\/plugins\/seo\/ -->\n<title>Study Circles | Andrago\u0161ki center Republike Slovenije<\/title>\n<meta name=\"robots\" content=\"index, follow, max-snippet:-1, max-image-preview:large, max-video-preview:-1\" \/>\n<link rel=\"canonical\" href=\"https:\/\/www.acs.si\/en\/projects\/national\/study-circles\/\" \/>\n<meta property=\"og:locale\" content=\"en_US\" \/>\n<meta property=\"og:type\" content=\"article\" \/>\n<meta property=\"og:title\" content=\"Study Circles | Andrago\u0161ki center Republike Slovenije\" \/>\n<meta property=\"og:description\" content=\"&nbsp; Project...\" \/>\n<meta property=\"og:url\" content=\"https:\/\/www.acs.si\/en\/projects\/national\/study-circles\/\" \/>\n<meta property=\"og:site_name\" content=\"Andrago\u0161ki center Republike Slovenije\" \/>\n<meta property=\"article:publisher\" content=\"https:\/\/www.facebook.com\/AndragoskiCenterSlovenije\/\" \/>\n<meta property=\"article:modified_time\" content=\"2026-03-02T15:45:10+00:00\" \/>\n<meta name=\"twitter:card\" content=\"summary_large_image\" \/>\n<meta name=\"twitter:label1\" content=\"Est. reading time\" \/>\n\t<meta name=\"twitter:data1\" content=\"3 minutes\" \/>\n<script type=\"application\/ld+json\" class=\"yoast-schema-graph\">{\"@context\":\"https:\/\/schema.org\",\"@graph\":[{\"@type\":\"WebPage\",\"@id\":\"https:\/\/www.acs.si\/en\/projects\/national\/study-circles\/\",\"url\":\"https:\/\/www.acs.si\/en\/projects\/national\/study-circles\/\",\"name\":\"Study Circles | Andrago\u0161ki center Republike Slovenije\",\"isPartOf\":{\"@id\":\"https:\/\/www.acs.si\/#website\"},\"datePublished\":\"2018-08-06T13:54:50+00:00\",\"dateModified\":\"2026-03-02T15:45:10+00:00\",\"breadcrumb\":{\"@id\":\"https:\/\/www.acs.si\/en\/projects\/national\/study-circles\/#breadcrumb\"},\"inLanguage\":\"en-US\",\"potentialAction\":[{\"@type\":\"ReadAction\",\"target\":[\"https:\/\/www.acs.si\/en\/projects\/national\/study-circles\/\"]}]},{\"@type\":\"BreadcrumbList\",\"@id\":\"https:\/\/www.acs.si\/en\/projects\/national\/study-circles\/#breadcrumb\",\"itemListElement\":[{\"@type\":\"ListItem\",\"position\":1,\"name\":\"Home\",\"item\":\"https:\/\/www.acs.si\/en\/\"},{\"@type\":\"ListItem\",\"position\":2,\"name\":\"Projects\",\"item\":\"https:\/\/www.acs.si\/en\/projects\/\"},{\"@type\":\"ListItem\",\"position\":3,\"name\":\"National\",\"item\":\"https:\/\/www.acs.si\/en\/projects\/national\/\"},{\"@type\":\"ListItem\",\"position\":4,\"name\":\"Study Circles\"}]},{\"@type\":\"WebSite\",\"@id\":\"https:\/\/www.acs.si\/#website\",\"url\":\"https:\/\/www.acs.si\/\",\"name\":\"Andrago\u0161ki center Republike Slovenije\",\"description\":\"\",\"potentialAction\":[{\"@type\":\"SearchAction\",\"target\":{\"@type\":\"EntryPoint\",\"urlTemplate\":\"https:\/\/www.acs.si\/?s={search_term_string}\"},\"query-input\":{\"@type\":\"PropertyValueSpecification\",\"valueRequired\":true,\"valueName\":\"search_term_string\"}}],\"inLanguage\":\"en-US\"}]}<\/script>\n<!-- \/ Yoast SEO plugin. -->","yoast_head_json":{"title":"Study Circles | Andrago\u0161ki center Republike Slovenije","robots":{"index":"index","follow":"follow","max-snippet":"max-snippet:-1","max-image-preview":"max-image-preview:large","max-video-preview":"max-video-preview:-1"},"canonical":"https:\/\/www.acs.si\/en\/projects\/national\/study-circles\/","og_locale":"en_US","og_type":"article","og_title":"Study Circles | Andrago\u0161ki center Republike Slovenije","og_description":"&nbsp; Project...","og_url":"https:\/\/www.acs.si\/en\/projects\/national\/study-circles\/","og_site_name":"Andrago\u0161ki center Republike Slovenije","article_publisher":"https:\/\/www.facebook.com\/AndragoskiCenterSlovenije\/","article_modified_time":"2026-03-02T15:45:10+00:00","twitter_card":"summary_large_image","twitter_misc":{"Est. reading time":"3 minutes"},"schema":{"@context":"https:\/\/schema.org","@graph":[{"@type":"WebPage","@id":"https:\/\/www.acs.si\/en\/projects\/national\/study-circles\/","url":"https:\/\/www.acs.si\/en\/projects\/national\/study-circles\/","name":"Study Circles | Andrago\u0161ki center Republike Slovenije","isPartOf":{"@id":"https:\/\/www.acs.si\/#website"},"datePublished":"2018-08-06T13:54:50+00:00","dateModified":"2026-03-02T15:45:10+00:00","breadcrumb":{"@id":"https:\/\/www.acs.si\/en\/projects\/national\/study-circles\/#breadcrumb"},"inLanguage":"en-US","potentialAction":[{"@type":"ReadAction","target":["https:\/\/www.acs.si\/en\/projects\/national\/study-circles\/"]}]},{"@type":"BreadcrumbList","@id":"https:\/\/www.acs.si\/en\/projects\/national\/study-circles\/#breadcrumb","itemListElement":[{"@type":"ListItem","position":1,"name":"Home","item":"https:\/\/www.acs.si\/en\/"},{"@type":"ListItem","position":2,"name":"Projects","item":"https:\/\/www.acs.si\/en\/projects\/"},{"@type":"ListItem","position":3,"name":"National","item":"https:\/\/www.acs.si\/en\/projects\/national\/"},{"@type":"ListItem","position":4,"name":"Study Circles"}]},{"@type":"WebSite","@id":"https:\/\/www.acs.si\/#website","url":"https:\/\/www.acs.si\/","name":"Andrago\u0161ki center Republike Slovenije","description":"","potentialAction":[{"@type":"SearchAction","target":{"@type":"EntryPoint","urlTemplate":"https:\/\/www.acs.si\/?s={search_term_string}"},"query-input":{"@type":"PropertyValueSpecification","valueRequired":true,"valueName":"search_term_string"}}],"inLanguage":"en-US"}]}},"_links":{"self":[{"href":"https:\/\/www.acs.si\/en\/wp-json\/wp\/v2\/pages\/27638","targetHints":{"allow":["GET"]}}],"collection":[{"href":"https:\/\/www.acs.si\/en\/wp-json\/wp\/v2\/pages"}],"about":[{"href":"https:\/\/www.acs.si\/en\/wp-json\/wp\/v2\/types\/page"}],"author":[{"embeddable":true,"href":"https:\/\/www.acs.si\/en\/wp-json\/wp\/v2\/users\/161"}],"replies":[{"embeddable":true,"href":"https:\/\/www.acs.si\/en\/wp-json\/wp\/v2\/comments?post=27638"}],"version-history":[{"count":11,"href":"https:\/\/www.acs.si\/en\/wp-json\/wp\/v2\/pages\/27638\/revisions"}],"predecessor-version":[{"id":85851,"href":"https:\/\/www.acs.si\/en\/wp-json\/wp\/v2\/pages\/27638\/revisions\/85851"}],"up":[{"embeddable":true,"href":"https:\/\/www.acs.si\/en\/wp-json\/wp\/v2\/pages\/28417"}],"wp:attachment":[{"href":"https:\/\/www.acs.si\/en\/wp-json\/wp\/v2\/media?parent=27638"}],"curies":[{"name":"wp","href":"https:\/\/api.w.org\/{rel}","templated":true}]}}