{"id":27635,"date":"2018-08-06T14:37:30","date_gmt":"2018-08-06T13:37:30","guid":{"rendered":"http:\/\/www.acs.si\/?page_id=27635"},"modified":"2026-03-02T16:39:58","modified_gmt":"2026-03-02T15:39:58","slug":"elementary-school-for-adults","status":"publish","type":"page","link":"https:\/\/www.acs.si\/en\/projects\/national\/elementary-school-for-adults\/","title":{"rendered":"Elementary School for Adults"},"content":{"rendered":"<p>[et_pb_section fb_built=&#8221;1&#8243; _builder_version=&#8221;4.16&#8243; custom_padding=&#8221;0px|||&#8221; global_colors_info=&#8221;{}&#8221;][et_pb_row make_equal=&#8221;on&#8221; module_class=&#8221;logo-img-cont &#8221; _builder_version=&#8221;4.16&#8243; custom_margin=&#8221;||20px|&#8221; custom_padding=&#8221;0px||0px|&#8221; border_width_all=&#8221;1px&#8221; border_color_all=&#8221;#cdd1d6&#8243; global_colors_info=&#8221;{}&#8221;][et_pb_column type=&#8221;4_4&#8243; _builder_version=&#8221;4.16&#8243; custom_padding=&#8221;|||&#8221; global_colors_info=&#8221;{}&#8221; custom_padding__hover=&#8221;|||&#8221;][et_pb_text _builder_version=&#8221;4.27.5&#8243; custom_padding=&#8221;20px|20px|20px|20px&#8221; hover_enabled=&#8221;0&#8243; border_width_left=&#8221;1px&#8221; border_color_left=&#8221;#cdd1d6&#8243; global_colors_info=&#8221;{}&#8221; sticky_enabled=&#8221;0&#8243;]<\/p>\n<p>&nbsp;<\/p>\n<table class=\"projektTable\" style=\"height: 140px;\">\n<tbody>\n<tr style=\"height: 23px;\">\n<td style=\"height: 23px; width: 105px;\"><strong>Project<\/strong><\/td>\n<td style=\"height: 23px; width: 355px;\">Elementary School for Adults &#8211;\u00a0monitoring and development<\/td>\n<\/tr>\n<tr style=\"height: 23px;\">\n<td style=\"height: 23px; width: 105px;\"><b>Time period<\/b><\/td>\n<td style=\"height: 23px; width: 355px;\">Since 2011<\/td>\n<\/tr>\n<tr style=\"height: 23px;\">\n<td style=\"height: 23px; width: 105px;\"><strong>Financed by<\/strong><\/td>\n<td style=\"height: 23px; width: 355px;\">Ministry of Education<\/td>\n<\/tr>\n<tr style=\"height: 71px;\">\n<td style=\"height: 71px; width: 105px;\"><b>Contact<\/b><\/td>\n<td style=\"height: 71px; width: 355px;\">Natalija \u017dalec, MAEd (UK)<br \/>T: +386 1 5842 587<br \/>E: <a href=\"mailto:natalija.zalec@acs.si\" target=\"_blank\" rel=\"noopener noreferrer\">natalija.zalec@acs.si<\/a><\/td>\n<\/tr>\n<\/tbody>\n<\/table>\n<p>&nbsp;<\/p>\n<p>[\/et_pb_text][\/et_pb_column][\/et_pb_row][et_pb_row _builder_version=&#8221;4.16&#8243; background_size=&#8221;initial&#8221; background_position=&#8221;top_left&#8221; background_repeat=&#8221;repeat&#8221; global_colors_info=&#8221;{}&#8221;][et_pb_column type=&#8221;4_4&#8243; _builder_version=&#8221;4.16&#8243; custom_padding=&#8221;|||&#8221; global_colors_info=&#8221;{}&#8221; custom_padding__hover=&#8221;|||&#8221;][et_pb_text admin_label=&#8221;Namen&#8221; _builder_version=&#8221;4.16&#8243; text_font_size=&#8221;10px&#8221; header_5_text_color=&#8221;#ffffff&#8221; header_5_font_size=&#8221;17px&#8221; header_5_line_height=&#8221;27px&#8221; custom_margin=&#8221;||0px|&#8221; custom_padding=&#8221;||0px|&#8221; global_colors_info=&#8221;{}&#8221;]<\/p>\n<p>&nbsp;<\/p>\n<h5 class=\"purple\">AIM<\/h5>\n<p>The programme Elementary School for Adults (ESA) is a programme of formal education designed especially for adult education. The programme is intended to encourage development of basic literacy and to train learners for independent learning.<\/p>\n<p>[\/et_pb_text][\/et_pb_column][\/et_pb_row][et_pb_row _builder_version=&#8221;4.16&#8243; background_size=&#8221;initial&#8221; background_position=&#8221;top_left&#8221; background_repeat=&#8221;repeat&#8221; global_colors_info=&#8221;{}&#8221;][et_pb_column type=&#8221;4_4&#8243; _builder_version=&#8221;4.16&#8243; custom_padding=&#8221;|||&#8221; global_colors_info=&#8221;{}&#8221; custom_padding__hover=&#8221;|||&#8221;][et_pb_text admin_label=&#8221;Cilji&#8221; _builder_version=&#8221;4.16&#8243; text_font_size=&#8221;10px&#8221; header_5_text_color=&#8221;#ffffff&#8221; header_5_font_size=&#8221;17px&#8221; header_5_line_height=&#8221;27px&#8221; custom_margin=&#8221;||0px|&#8221; custom_padding=&#8221;||0px|&#8221; global_colors_info=&#8221;{}&#8221;]<\/p>\n<p>&nbsp;<\/p>\n<h5 class=\"purple\">OBJECTIVES<\/h5>\n<p>The main objectives are:<\/p>\n<ul>\n<li>Evaluation of the programme Elementary School for Adults;<\/li>\n<li>Identification of needs of different target groups;<\/li>\n<\/ul>\n<p>[\/et_pb_text][et_pb_toggle title=&#8221;Read more&#8221; admin_label=&#8221;Preberi ve\u010d&#8221; _builder_version=&#8221;4.16&#8243; global_colors_info=&#8221;{}&#8221;]<\/p>\n<p>&nbsp;<\/p>\n<ul>\n<li>Preparation of a publication with evaluation results and other analyses;<\/li>\n<li>Development of a training model for teachers and other professional associates at the ESA;<\/li>\n<li>Monitoring the status and solving real-time problems encountered by the providers (operation of an ESA support group);<\/li>\n<li>Organisation of trainings for teachers and other professional associates as part of the ESA programme;<\/li>\n<li>Preparation of video materials for different topics;<\/li>\n<li>Development of professional starting points for renovation of the programme.<\/li>\n<\/ul>\n<p>[\/et_pb_toggle][\/et_pb_column][\/et_pb_row][et_pb_row _builder_version=&#8221;4.16&#8243; background_size=&#8221;initial&#8221; background_position=&#8221;top_left&#8221; background_repeat=&#8221;repeat&#8221; global_colors_info=&#8221;{}&#8221;][et_pb_column type=&#8221;4_4&#8243; _builder_version=&#8221;4.16&#8243; custom_padding=&#8221;|||&#8221; global_colors_info=&#8221;{}&#8221; custom_padding__hover=&#8221;|||&#8221;][et_pb_text admin_label=&#8221;Opis&#8221; _builder_version=&#8221;4.16&#8243; text_font_size=&#8221;10px&#8221; header_5_text_color=&#8221;#ffffff&#8221; header_5_font_size=&#8221;17px&#8221; header_5_line_height=&#8221;27px&#8221; custom_margin=&#8221;||0px|&#8221; custom_padding=&#8221;||0px|&#8221; global_colors_info=&#8221;{}&#8221;]<\/p>\n<p>&nbsp;<\/p>\n<h5 class=\"purple\">DESCRIPTION<\/h5>\n<p>The structure of the ESA programme participants shows that it is most used by the most educationally, socially and economically vulnerable groups of adults. In addition to low educational results, we also noticed extremely negative early experiences with previous learning and school in general. An important indicator of the participants\u2019 success is the fact that only a little over 40% of those enrolled into grade 9 completed it successfully. The evaluation of the ESA programme drew attention to some problems and opened up some dilemmas, concerns and questions related to low efficiency and success of the ESA programme that must be taken into account during development and improvement of the programme\u2019s efficiency.<\/p>\n<p>[\/et_pb_text][\/et_pb_column][\/et_pb_row][et_pb_row _builder_version=&#8221;4.16&#8243; background_size=&#8221;initial&#8221; background_position=&#8221;top_left&#8221; background_repeat=&#8221;repeat&#8221; global_colors_info=&#8221;{}&#8221;][et_pb_column type=&#8221;4_4&#8243; _builder_version=&#8221;4.16&#8243; custom_padding=&#8221;|||&#8221; global_colors_info=&#8221;{}&#8221; custom_padding__hover=&#8221;|||&#8221;][et_pb_text admin_label=&#8221;Aktivnost&#8221; _builder_version=&#8221;4.16&#8243; text_font_size=&#8221;10px&#8221; header_5_text_color=&#8221;#ffffff&#8221; header_5_font_size=&#8221;17px&#8221; header_5_line_height=&#8221;27px&#8221; custom_margin=&#8221;||0px|&#8221; custom_padding=&#8221;||0px|&#8221; global_colors_info=&#8221;{}&#8221;]<\/p>\n<p>&nbsp;<\/p>\n<h5 class=\"purple\">ACTIVITIES<\/h5>\n<p>We implement the following activities:<\/p>\n<ul>\n<li>Evaluation of the ESA programme;<\/li>\n<li>Organisation of two focus groups for teachers and other professional associates as part of the ESA programme;<\/li>\n<\/ul>\n<p>[\/et_pb_text][et_pb_toggle title=&#8221;Read more&#8221; admin_label=&#8221;Preberi ve\u010d&#8221; _builder_version=&#8221;4.16&#8243; global_colors_info=&#8221;{}&#8221;]<\/p>\n<p>&nbsp;<\/p>\n<ul>\n<li>Issuing of the publication Elementary School for Adults: Initiative and mission;<\/li>\n<li>Development of a training model for teachers and other professional associates in the ESA;<\/li>\n<li>Implementation of an ESA support group;<\/li>\n<li>Organisation of annual trainings for teachers and organisers in the ESA programme;<\/li>\n<li>Preparation of videos on different topics;<\/li>\n<li>Appointment of a national group of experts for preparation of professional starting points for programme renovation.<\/li>\n<\/ul>\n<p>[\/et_pb_toggle][\/et_pb_column][\/et_pb_row][et_pb_row _builder_version=&#8221;4.16&#8243; background_size=&#8221;initial&#8221; background_position=&#8221;top_left&#8221; background_repeat=&#8221;repeat&#8221; global_colors_info=&#8221;{}&#8221;][et_pb_column type=&#8221;4_4&#8243; _builder_version=&#8221;4.16&#8243; custom_padding=&#8221;|||&#8221; global_colors_info=&#8221;{}&#8221; custom_padding__hover=&#8221;|||&#8221;][et_pb_text admin_label=&#8221;Klju\u010dni dose\u017eki&#8221; _builder_version=&#8221;4.16&#8243; text_font_size=&#8221;10px&#8221; header_5_text_color=&#8221;#ffffff&#8221; header_5_font_size=&#8221;17px&#8221; header_5_line_height=&#8221;27px&#8221; custom_margin=&#8221;||0px|&#8221; custom_padding=&#8221;||0px|&#8221; global_colors_info=&#8221;{}&#8221;]<\/p>\n<p>&nbsp;<\/p>\n<h5 class=\"purple\">KEY ACHIEVEMENTS<\/h5>\n<ul>\n<li>The publication <a href=\"https:\/\/arhiv.acs.si\/porocila\/Evalvacija_Osnovne_sole_za_odrasle.pdf\">Evaluation of the ESA programme<\/a>;<\/li>\n<li>Monitoring of the needs of participants and professional associates in the programme (focus groups, meetings, ESA support group);<\/li>\n<\/ul>\n<p>[\/et_pb_text][et_pb_toggle title=&#8221;Read more&#8221; admin_label=&#8221;Preberi ve\u010d&#8221; _builder_version=&#8221;4.16&#8243; global_colors_info=&#8221;{}&#8221;]<\/p>\n<p>&nbsp;<\/p>\n<ul>\n<li>Training of teachers and other professional associates in the ESA programme in accordance with the developed model;<\/li>\n<li>The publication <a href=\"https:\/\/arhiv.acs.si\/porocila\/Predlog_modela_usposabljanja_uciteljev_in_drugih_strokovnih_delavcev_v_OSO.pdf\">Proposal of a training model for teachers and other professional associates in the ESA<\/a>;<\/li>\n<li>Publication and preparation of some materials for professional associates in the programme Operation of a national group of experts for preparation of professional starting points for programme renovation.<\/li>\n<\/ul>\n<p>[\/et_pb_toggle][\/et_pb_column][\/et_pb_row][\/et_pb_section]<\/p>\n","protected":false},"excerpt":{"rendered":"<p>&nbsp; Project&#8230;<\/p>\n","protected":false},"author":161,"featured_media":0,"parent":28417,"menu_order":25,"comment_status":"closed","ping_status":"closed","template":"page_projekt.php","meta":{"_acf_changed":false,"_et_pb_use_builder":"on","_et_pb_old_content":"<table class=\"projektTable\">\r\n\t<tbody>\r\n\t\t<tr>\r\n\t\t\t<td><strong>Naziv projekta:<\/strong><\/td>\r\n\t\t\t<td>Osnovna \u0161ola za odrasle \u2013 spremljanje in razvoj<\/td>\r\n\t\t<\/tr>\r\n\r\n<tr>\r\n<td><strong>\u010casovni okvir:<\/strong><\/td>\r\n<td>2011 - <\/td>\r\n<\/tr>\r\n\r\n<tr>\r\n<td><strong>Financer:<\/strong><\/td>\r\n<td> Ministrstvo za izobra\u017eevanje, znanost in \u0161port <\/td>\r\n<\/tr>\r\n\r\n<tr>\r\n<td><strong>Kontaktna oseba:<\/strong><\/td>\r\n<td> Mag. Jasmina Mir\u010deva (T: 01 5842 590, E: <a href=\"mailto:jasmina.mirceva@acs.si\">jasmina.mirceva@acs.si<\/a>)<\/td>\r\n<\/tr>\t\r\n\r\n<\/tbody>\r\n<\/table>\r\n\r\n\r\n[accordion]\r\n[accordion-item title=\"Namen\"]\r\n<p>Program osnovna \u0161ola za odrasle (O\u0160O) je program formalnega izobra\u017eevanja, ki je pripravljen posebej za populacijo odraslih. Program je namenjen spodbujanju razvoja temeljne pismenosti in usposabljanju posameznikov za samostojno u\u010denje. Analize so pokazale, da obstoje\u010di program ni dovolj prilagojen  potrebam odrasle populacije, premalo upo\u0161teva zna\u010dilnosti nekaterih ranljivih skupin ter je manj u\u010dinkovit pri doseganju nekaterih ciljev. V zadnjih sedmih letih na so ACS sprejete naloge in aktivnosti z namenom, da se kakovost in uspe\u0161nost udele\u017eencev v programu izbolj\u0161ata. <\/p>\r\n[\/accordion-item]\r\n[\/accordion]\r\n\r\n[accordion]\r\n[accordion-item title=\"Cilji\"]\r\n<p> Med poglavitnimi cilji so:\r\n<p>\r\n<ul>\r\n<li>Evalvacija Programa Osnovne \u0161ole za odrasle<\/li>\r\n\r\n\t<li>Ugotavljanje potreb razli\u010dnih ciljnih skupin<\/li>\r\n\r\n\t<li>Priprava publikacije z rezultati evalvacije in drugih analiz<\/li>\r\n\r\n\t<li>Oblikovanje modela usposabljanja u\u010diteljev in drugih strokovnih delavcev v O\u0160O<\/li>\r\n\r\n\t<li>Spremljanje stanja in re\u0161evanje nekaterih sprotnih problemov s katerimi se sre\u010dujejo izvajalci (delovanje posvetovalne skupine O\u0160O)<\/li>\r\n\r\n\t<li>Organiziranje usposabljanj za u\u010ditelje in druge strokovne delavce v programu O\u0160O<\/li>\r\n\r\n\t<li>Priprava video gradiva za razli\u010dne teme<\/li>\r\n\r\n\t<li>Oblikovanje strokovnih izhodi\u0161\u010d za prenovo programa <\/li>\r\n<\/ul>\r\n<\/p> \r\n[\/accordion-item]\r\n[\/accordion]\r\n\r\n[accordion]\r\n[accordion-item title=\"Opis\"]\r\n<p> Med udele\u017eenci programa O\u0160O je okoli 30 % brezposelnih. V zadnjih letih se je pove\u010deval tudi dele\u017e zaprtih oseb, ki obiskujejo program O\u0160O v zaporu ali zunaj njega. Med udele\u017eenci programa je okoli 15 % Romov, gre za pove\u010dini brezposelno populacijo. Veliko je tudi priseljenih oseb in tujcev. Struktura udele\u017eencev programa O\u0160O nakazuje, da se v program vklju\u010dujejo izobra\u017eevalno, socialno in ekonomsko najbolj ranljive skupine odraslih. Pri teh odraslih lahko poleg nizkih izobra\u017eevalnih dose\u017ekov, opa\u017eamo \u0161e izrazito negativne zgodnje izku\u0161nje s poprej\u0161njim u\u010denjem in \u0161olo. Z vidika uspe\u0161nosti udele\u017eencev je pomemben podatek, da je med tistimi, ki so vpisani v 9. razred, dele\u017e uspe\u0161nih malo nad 40 %. <\/p>\r\n<p>\r\nK neustrezni u\u010dinkovitosti in kakovosti programa O\u0160O prispevajo nekateri vidiki izvajanja programa, in sicer: pretogi normativi, ki premalo upo\u0161tevajo specifike \u017eivljenjskih in delovnih polo\u017eajev posameznih skupin odraslih; neenakovredni pogoji za izvajanje O\u0160O v primerjavi s pogoji izvajanja programa osnovne \u0161ole (materialni, prostorski, kadrovski); zagotovljena finan\u010dna sredstva ne zadostujejo za razvoj, dodatno usposabljanje in s tem doseganje vi\u0161je kakovosti izobra\u017eevanja; pogoji za vpis v O\u0160O upo\u0161tevajo le formalne pogoje in ne predvidevajo dejanskih predznanj in spretnosti posameznih udele\u017eencev (po\u010divajo le na pogojih, ki jih udele\u017eenci izkazujejo s formalnimi dokazili); vsebina programa O\u0160O ni zadosti prilagojena \u017eivljenjskim in delovnim izku\u0161njam udele\u017eencev ter njihovim \u017eivljenjskim okoli\u0161\u010dinam; u\u010ditelji so premalo usposobljeni za delo s populacijo odraslih in sploh ne za delo z nekaterimi ranljivimi skupinami (npr. s posamezniki z disleksijo, zaporniki, priseljenci, Idr.).\r\n<\/p>\r\n<p>\r\nEvalvacija programa O\u0160O je opozorila na probleme ter odprla nekatere dileme, pomisleke in vpra\u0161anja povezana z nizkimi u\u010dinki in uspe\u0161nostjo programa O\u0160O, ki jih je potrebno upo\u0161tevati pri razvoju in doseganju ve\u010dje u\u010dinkovitosti programa.\r\n<\/p>\r\n[\/accordion-item]\r\n[\/accordion]\r\n\r\n[accordion]\r\n[accordion-item title=\"Aktivnosti\"]\r\n<ul> \r\n\t<li>Evalvacija programa O\u0160O<\/li>\r\n\r\n\t<li>Dve fokusni skupini namenjeni u\u010diteljem in drugim strokovnim delavcem v programu O\u0160O<\/li>\r\n\r\n\t<li>Objava publikacije: Osnovna \u0161ola za odrasle: pobuda in poslanstvo<\/li>\r\n\r\n\t<li>Oblikovanje modela usposabljanja u\u010diteljev in drugih strokovnih delavcev v O\u0160O<\/li>\r\n\r\n\t<li>Delovanje posvetovalne skupine O\u0160O<\/li>\r\n\r\n\t<li>Letno organiziranje usposabljanj za u\u010ditelje in organizatorje v programu O\u0160O<\/li>\r\n\r\n\t<li>Priprava videoposnetkov na razli\u010dne teme<\/li>\r\n\r\n\t<li>Imenovanje nacionalne ekspertne skupine za pripravo strokovnih izhodi\u0161\u010d za prenovo programa<\/li>\r\n<\/ul>\r\n[\/accordion-item]\r\n[\/accordion]\r\n\r\n\r\n[accordion]\r\n[accordion-item title=\"Klju\u010dni dose\u017eki\"]\t\r\n\t<ul>\r\n\t<li><a href=\"https:\/\/arhiv.acs.si\/porocila\/Evalvacija_Osnovne_sole_za_odrasle.pdf\" rel=\"noopener\" target=\"_blank\">Evalvacija programa O\u0160O<\/a> <\/li>\r\n\r\n\t<li>Spremljanje potreb udele\u017eencev in strokovnih delavcev v programu (fokusne skupine, delovne sestanke, posvetovalna skupina O\u0160O)<\/li>\r\n\r\n\t<li>Usposabljanje u\u010diteljev in drugih strokovnih delavcev v programu O\u0160O, ki poteka v skladu z oblikovanim modelom <\/li>\r\n\r\n\t<li><a href=\"http:\/\/\\\\10.128.1.10\\Creatim_projekti\\Andrago\u0161i center\\vsebine\\\u2022\thttp:\\arhiv.acs.si\\porocila\\Predlog_modela_usposabljanja_uciteljev_in_drugih_strokovnih_delavcev_v_OSO.pdf\" rel=\"noopener\" target=\"_blank\">Predlog modela usposabljanja u\u010diteljev in drugih strokovnih delavcev v O\u0160O<\/a><\/li>\r\n\r\n\t<li>Publiciranje in priprava nekaterih gradiv za strokovne delavce v programu Delovanje nacionalne ekspertne skupine za pripravo strokovnih izhodi\u0161\u010d za prenovo programa<\/li>\r\n<\/ul>\r\n[\/accordion-item]\r\n[\/accordion]","_et_gb_content_width":"","inline_featured_image":false,"footnotes":""},"class_list":["post-27635","page","type-page","status-publish","hentry"],"acf":[],"yoast_head":"<!-- This site is optimized with the Yoast SEO plugin v26.2 - https:\/\/yoast.com\/wordpress\/plugins\/seo\/ -->\n<title>Elementary School for Adults | Andrago\u0161ki center Republike Slovenije<\/title>\n<meta name=\"robots\" content=\"index, follow, max-snippet:-1, max-image-preview:large, max-video-preview:-1\" \/>\n<link rel=\"canonical\" href=\"https:\/\/www.acs.si\/en\/projects\/national\/elementary-school-for-adults\/\" \/>\n<meta property=\"og:locale\" content=\"en_US\" \/>\n<meta property=\"og:type\" content=\"article\" \/>\n<meta property=\"og:title\" content=\"Elementary School for Adults | Andrago\u0161ki center Republike Slovenije\" \/>\n<meta property=\"og:description\" content=\"&nbsp; Project...\" \/>\n<meta property=\"og:url\" content=\"https:\/\/www.acs.si\/en\/projects\/national\/elementary-school-for-adults\/\" \/>\n<meta property=\"og:site_name\" content=\"Andrago\u0161ki center Republike Slovenije\" \/>\n<meta property=\"article:publisher\" content=\"https:\/\/www.facebook.com\/AndragoskiCenterSlovenije\/\" \/>\n<meta property=\"article:modified_time\" content=\"2026-03-02T15:39:58+00:00\" \/>\n<meta name=\"twitter:card\" content=\"summary_large_image\" \/>\n<meta name=\"twitter:label1\" content=\"Est. reading time\" \/>\n\t<meta name=\"twitter:data1\" content=\"3 minutes\" \/>\n<script type=\"application\/ld+json\" class=\"yoast-schema-graph\">{\"@context\":\"https:\/\/schema.org\",\"@graph\":[{\"@type\":\"WebPage\",\"@id\":\"https:\/\/www.acs.si\/en\/projects\/national\/elementary-school-for-adults\/\",\"url\":\"https:\/\/www.acs.si\/en\/projects\/national\/elementary-school-for-adults\/\",\"name\":\"Elementary School for Adults | Andrago\u0161ki center Republike Slovenije\",\"isPartOf\":{\"@id\":\"https:\/\/www.acs.si\/#website\"},\"datePublished\":\"2018-08-06T13:37:30+00:00\",\"dateModified\":\"2026-03-02T15:39:58+00:00\",\"breadcrumb\":{\"@id\":\"https:\/\/www.acs.si\/en\/projects\/national\/elementary-school-for-adults\/#breadcrumb\"},\"inLanguage\":\"en-US\",\"potentialAction\":[{\"@type\":\"ReadAction\",\"target\":[\"https:\/\/www.acs.si\/en\/projects\/national\/elementary-school-for-adults\/\"]}]},{\"@type\":\"BreadcrumbList\",\"@id\":\"https:\/\/www.acs.si\/en\/projects\/national\/elementary-school-for-adults\/#breadcrumb\",\"itemListElement\":[{\"@type\":\"ListItem\",\"position\":1,\"name\":\"Home\",\"item\":\"https:\/\/www.acs.si\/en\/\"},{\"@type\":\"ListItem\",\"position\":2,\"name\":\"Projects\",\"item\":\"https:\/\/www.acs.si\/en\/projects\/\"},{\"@type\":\"ListItem\",\"position\":3,\"name\":\"National\",\"item\":\"https:\/\/www.acs.si\/en\/projects\/national\/\"},{\"@type\":\"ListItem\",\"position\":4,\"name\":\"Elementary School for Adults\"}]},{\"@type\":\"WebSite\",\"@id\":\"https:\/\/www.acs.si\/#website\",\"url\":\"https:\/\/www.acs.si\/\",\"name\":\"Andrago\u0161ki center Republike Slovenije\",\"description\":\"\",\"potentialAction\":[{\"@type\":\"SearchAction\",\"target\":{\"@type\":\"EntryPoint\",\"urlTemplate\":\"https:\/\/www.acs.si\/?s={search_term_string}\"},\"query-input\":{\"@type\":\"PropertyValueSpecification\",\"valueRequired\":true,\"valueName\":\"search_term_string\"}}],\"inLanguage\":\"en-US\"}]}<\/script>\n<!-- \/ Yoast SEO plugin. -->","yoast_head_json":{"title":"Elementary School for Adults | Andrago\u0161ki center Republike Slovenije","robots":{"index":"index","follow":"follow","max-snippet":"max-snippet:-1","max-image-preview":"max-image-preview:large","max-video-preview":"max-video-preview:-1"},"canonical":"https:\/\/www.acs.si\/en\/projects\/national\/elementary-school-for-adults\/","og_locale":"en_US","og_type":"article","og_title":"Elementary School for Adults | Andrago\u0161ki center Republike Slovenije","og_description":"&nbsp; Project...","og_url":"https:\/\/www.acs.si\/en\/projects\/national\/elementary-school-for-adults\/","og_site_name":"Andrago\u0161ki center Republike Slovenije","article_publisher":"https:\/\/www.facebook.com\/AndragoskiCenterSlovenije\/","article_modified_time":"2026-03-02T15:39:58+00:00","twitter_card":"summary_large_image","twitter_misc":{"Est. reading time":"3 minutes"},"schema":{"@context":"https:\/\/schema.org","@graph":[{"@type":"WebPage","@id":"https:\/\/www.acs.si\/en\/projects\/national\/elementary-school-for-adults\/","url":"https:\/\/www.acs.si\/en\/projects\/national\/elementary-school-for-adults\/","name":"Elementary School for Adults | Andrago\u0161ki center Republike Slovenije","isPartOf":{"@id":"https:\/\/www.acs.si\/#website"},"datePublished":"2018-08-06T13:37:30+00:00","dateModified":"2026-03-02T15:39:58+00:00","breadcrumb":{"@id":"https:\/\/www.acs.si\/en\/projects\/national\/elementary-school-for-adults\/#breadcrumb"},"inLanguage":"en-US","potentialAction":[{"@type":"ReadAction","target":["https:\/\/www.acs.si\/en\/projects\/national\/elementary-school-for-adults\/"]}]},{"@type":"BreadcrumbList","@id":"https:\/\/www.acs.si\/en\/projects\/national\/elementary-school-for-adults\/#breadcrumb","itemListElement":[{"@type":"ListItem","position":1,"name":"Home","item":"https:\/\/www.acs.si\/en\/"},{"@type":"ListItem","position":2,"name":"Projects","item":"https:\/\/www.acs.si\/en\/projects\/"},{"@type":"ListItem","position":3,"name":"National","item":"https:\/\/www.acs.si\/en\/projects\/national\/"},{"@type":"ListItem","position":4,"name":"Elementary School for Adults"}]},{"@type":"WebSite","@id":"https:\/\/www.acs.si\/#website","url":"https:\/\/www.acs.si\/","name":"Andrago\u0161ki center Republike Slovenije","description":"","potentialAction":[{"@type":"SearchAction","target":{"@type":"EntryPoint","urlTemplate":"https:\/\/www.acs.si\/?s={search_term_string}"},"query-input":{"@type":"PropertyValueSpecification","valueRequired":true,"valueName":"search_term_string"}}],"inLanguage":"en-US"}]}},"_links":{"self":[{"href":"https:\/\/www.acs.si\/en\/wp-json\/wp\/v2\/pages\/27635","targetHints":{"allow":["GET"]}}],"collection":[{"href":"https:\/\/www.acs.si\/en\/wp-json\/wp\/v2\/pages"}],"about":[{"href":"https:\/\/www.acs.si\/en\/wp-json\/wp\/v2\/types\/page"}],"author":[{"embeddable":true,"href":"https:\/\/www.acs.si\/en\/wp-json\/wp\/v2\/users\/161"}],"replies":[{"embeddable":true,"href":"https:\/\/www.acs.si\/en\/wp-json\/wp\/v2\/comments?post=27635"}],"version-history":[{"count":7,"href":"https:\/\/www.acs.si\/en\/wp-json\/wp\/v2\/pages\/27635\/revisions"}],"predecessor-version":[{"id":85845,"href":"https:\/\/www.acs.si\/en\/wp-json\/wp\/v2\/pages\/27635\/revisions\/85845"}],"up":[{"embeddable":true,"href":"https:\/\/www.acs.si\/en\/wp-json\/wp\/v2\/pages\/28417"}],"wp:attachment":[{"href":"https:\/\/www.acs.si\/en\/wp-json\/wp\/v2\/media?parent=27635"}],"curies":[{"name":"wp","href":"https:\/\/api.w.org\/{rel}","templated":true}]}}