{"id":27628,"date":"2018-08-06T14:13:41","date_gmt":"2018-08-06T13:13:41","guid":{"rendered":"http:\/\/www.acs.si\/?page_id=27628"},"modified":"2026-03-02T16:44:30","modified_gmt":"2026-03-02T15:44:30","slug":"quality-counsellors","status":"publish","type":"page","link":"https:\/\/www.acs.si\/en\/projects\/national\/quality-counsellors\/","title":{"rendered":"Quality counsellors"},"content":{"rendered":"<p>[et_pb_section fb_built=&#8221;1&#8243; _builder_version=&#8221;4.16&#8243; custom_padding=&#8221;0px|||&#8221; global_colors_info=&#8221;{}&#8221;][et_pb_row column_structure=&#8221;1_3,2_3&#8243; make_equal=&#8221;on&#8221; module_class=&#8221;logo_table_row&#8221; _builder_version=&#8221;4.17.2&#8243; custom_padding=&#8221;0px|0px|0px|0px&#8221; border_width_all=&#8221;1px&#8221; border_color_all=&#8221;#cdd1d6&#8243; global_colors_info=&#8221;{}&#8221;][et_pb_column type=&#8221;1_3&#8243; _builder_version=&#8221;4.17.2&#8243; custom_padding=&#8221;|||&#8221; custom_css_main_element=&#8221;display: flex;||flex-direction: column;||justify-content: center;&#8221; global_colors_info=&#8221;{}&#8221; custom_padding__hover=&#8221;|||&#8221;][et_pb_image src=&#8221;https:\/\/www.acs.si\/wp-content\/uploads\/2018\/10\/OI-quality_counsellors_network.png&#8221; url=&#8221;https:\/\/kakovost.acs.si\/counsellors&#8221; url_new_window=&#8221;on&#8221; show_bottom_space=&#8221;off&#8221; align=&#8221;center&#8221; force_fullwidth=&#8221;on&#8221; align_tablet=&#8221;center&#8221; align_phone=&#8221;&#8221; align_last_edited=&#8221;on|desktop&#8221; _builder_version=&#8221;4.16&#8243; custom_margin=&#8221;20px|20px|20px|20px&#8221; custom_padding=&#8221;20px|20px|20px|20px&#8221; border_color_all=&#8221;#cdd1d6&#8243; global_colors_info=&#8221;{}&#8221;][\/et_pb_image][\/et_pb_column][et_pb_column type=&#8221;2_3&#8243; _builder_version=&#8221;4.16&#8243; custom_padding=&#8221;|||&#8221; global_colors_info=&#8221;{}&#8221; custom_padding__hover=&#8221;|||&#8221;][et_pb_text _builder_version=&#8221;4.27.5&#8243; custom_padding=&#8221;20px|20px|20px|20px&#8221; hover_enabled=&#8221;0&#8243; border_width_left=&#8221;1px&#8221; border_color_left=&#8221;#cdd1d6&#8243; global_colors_info=&#8221;{}&#8221; sticky_enabled=&#8221;0&#8243;]<\/p>\n<p>&nbsp;<\/p>\n<table class=\"projektTable\">\n<tbody>\n<tr>\n<td><b>Project<\/b><\/td>\n<td>Quality counsellors\u2019 network\u00a0in Adult Education\u00a0(Quality counsellors)<\/td>\n<\/tr>\n<tr>\n<td><b>Time period<\/b><\/td>\n<td>Since 2006<\/td>\n<\/tr>\n<tr>\n<td><strong>Financed by<\/strong><\/td>\n<td>Ministrstvo of Education, European Social Fund<\/td>\n<\/tr>\n<tr>\n<td><b>Contact<\/b><\/td>\n<td>Jasmina Ore\u0161nik Cunja<br \/>T: +386 1 584 25965<br \/>E: <a href=\"mailto:jasmina.oresnik.cunja@acs.si\">jasmina.oresnik.cunja@acs.si<\/a><\/td>\n<\/tr>\n<\/tbody>\n<\/table>\n<p>&nbsp;<\/p>\n<p>[\/et_pb_text][\/et_pb_column][\/et_pb_row][et_pb_row _builder_version=&#8221;4.16&#8243; background_size=&#8221;initial&#8221; background_position=&#8221;top_left&#8221; background_repeat=&#8221;repeat&#8221; global_colors_info=&#8221;{}&#8221;][et_pb_column type=&#8221;4_4&#8243; _builder_version=&#8221;4.16&#8243; custom_padding=&#8221;|||&#8221; global_colors_info=&#8221;{}&#8221; custom_padding__hover=&#8221;|||&#8221;][et_pb_text admin_label=&#8221;Namen&#8221; _builder_version=&#8221;4.16&#8243; text_font_size=&#8221;10px&#8221; header_5_text_color=&#8221;#ffffff&#8221; header_5_font_size=&#8221;17px&#8221; header_5_line_height=&#8221;27px&#8221; custom_margin=&#8221;||0px|&#8221; custom_padding=&#8221;||0px|&#8221; global_colors_info=&#8221;{}&#8221;]<\/p>\n<p>&nbsp;<\/p>\n<h5 class=\"purple\">AIM<\/h5>\n<p>We created the role of quality counsellor with the aim of:<\/p>\n<ul>\n<li>Convincing educational organisations to train a person with expert knowledge in this field;<\/li>\n<li>Training this person to counsel other employees and promote and coordinate the work of his\/her co-workers when it comes to evaluating and developing quality;<\/li>\n<li>Training the person to counsel the management of the organisation regarding questions of quality.<\/li>\n<\/ul>\n<p>We established the <a href=\"https:\/\/kakovost.acs.si\/counsellors\">quality counsellors\u2019 network<\/a> to enable professional connection and exchange of good practices and experiences of operating quality counsellors.<\/p>\n<p>The conceptual design of the counselling network and the role of the counsellors was developed by the Slovenian Institute for Adult Education, which is also in charge of basic and additional training of the counsellors. The SIAE is also the professional coordinator of the network.<\/p>\n<p>[\/et_pb_text][\/et_pb_column][\/et_pb_row][et_pb_row _builder_version=&#8221;4.16&#8243; background_size=&#8221;initial&#8221; background_position=&#8221;top_left&#8221; background_repeat=&#8221;repeat&#8221; global_colors_info=&#8221;{}&#8221;][et_pb_column type=&#8221;4_4&#8243; _builder_version=&#8221;4.16&#8243; custom_padding=&#8221;|||&#8221; global_colors_info=&#8221;{}&#8221; custom_padding__hover=&#8221;|||&#8221;][et_pb_text admin_label=&#8221;Opis&#8221; _builder_version=&#8221;4.16&#8243; text_font_size=&#8221;10px&#8221; header_5_text_color=&#8221;#ffffff&#8221; header_5_font_size=&#8221;17px&#8221; header_5_line_height=&#8221;27px&#8221; custom_margin=&#8221;||0px|&#8221; custom_padding=&#8221;||0px|&#8221; global_colors_info=&#8221;{}&#8221;]<\/p>\n<p>&nbsp;<\/p>\n<h5 class=\"purple\">DESCRIPTION<\/h5>\n<p>To become an adult education quality counsellor, one must successfully complete the programme of <a href=\"https:\/\/izobrazevanje.acs.si\/dokumenti\/N-881-1.pdf\">basic training for quality development counsellors in adult education<\/a>, offered by the Slovenian Institute of Adult Education.<\/p>\n<p>[\/et_pb_text][et_pb_toggle title=&#8221;Read more&#8221; admin_label=&#8221;Preberi ve\u010d&#8221; _builder_version=&#8221;4.16&#8243; global_colors_info=&#8221;{}&#8221;]<\/p>\n<p>&nbsp;<\/p>\n<p>The educational organisation appoints a quality counsellor who meets the set criteria. The title of the counsellor is Adult Education Quality Counsellor in an Educational Organisation and, as the name suggests, such a counsellor in not merely trained but also actively works in the field (at least 32 hours per month).<\/p>\n<p>Quality counsellors who meet all the criteria become part of the national network of quality counsellors.<\/p>\n<p>[\/et_pb_toggle][\/et_pb_column][\/et_pb_row][et_pb_row _builder_version=&#8221;4.16&#8243; background_size=&#8221;initial&#8221; background_position=&#8221;top_left&#8221; background_repeat=&#8221;repeat&#8221; global_colors_info=&#8221;{}&#8221;][et_pb_column type=&#8221;4_4&#8243; _builder_version=&#8221;4.16&#8243; custom_padding=&#8221;|||&#8221; global_colors_info=&#8221;{}&#8221; custom_padding__hover=&#8221;|||&#8221;][et_pb_text admin_label=&#8221;Aktivnost&#8221; _builder_version=&#8221;4.16&#8243; text_font_size=&#8221;10px&#8221; header_5_text_color=&#8221;#ffffff&#8221; header_5_font_size=&#8221;17px&#8221; header_5_line_height=&#8221;27px&#8221; custom_margin=&#8221;||0px|&#8221; custom_padding=&#8221;||0px|&#8221; global_colors_info=&#8221;{}&#8221;]<\/p>\n<p>&nbsp;<\/p>\n<h5 class=\"purple\">ACTIVITIES<\/h5>\n<p>Since 2006, the SIAE has had the role of national coordinator of the professional network of quality counsellors. We also take care of basic and additional training of working quality counsellors. We offer them professional support and guidance for different activities related to evaluation and development of quality in their organisations.<\/p>\n<p>[\/et_pb_text][et_pb_toggle title=&#8221;Read more&#8221; admin_label=&#8221;Preberi ve\u010d&#8221; _builder_version=&#8221;4.16&#8243; custom_margin=&#8221;20px|||&#8221; global_colors_info=&#8221;{}&#8221;]<\/p>\n<p>We organise two annual professional meetings of the counsellors\u2019 network, coordinate the implementation of agreed upon joint activities within the quality counsellors\u2019 network, coordinate the content and encourage participation of quality counsellors in the e-classroom and ensure that the e-classroom is active and that the counsellors actively communicate in the e-classroom.<\/p>\n<p>[\/et_pb_toggle][\/et_pb_column][\/et_pb_row][et_pb_row _builder_version=&#8221;4.16&#8243; background_size=&#8221;initial&#8221; background_position=&#8221;top_left&#8221; background_repeat=&#8221;repeat&#8221; global_colors_info=&#8221;{}&#8221;][et_pb_column type=&#8221;4_4&#8243; _builder_version=&#8221;4.16&#8243; custom_padding=&#8221;|||&#8221; global_colors_info=&#8221;{}&#8221; custom_padding__hover=&#8221;|||&#8221;][et_pb_text admin_label=&#8221;Klju\u010dni dose\u017eki&#8221; _builder_version=&#8221;4.16&#8243; text_font_size=&#8221;10px&#8221; header_5_text_color=&#8221;#ffffff&#8221; header_5_font_size=&#8221;17px&#8221; header_5_line_height=&#8221;27px&#8221; custom_margin=&#8221;||0px|&#8221; custom_padding=&#8221;||0px|&#8221; global_colors_info=&#8221;{}&#8221;]<\/p>\n<p>&nbsp;<\/p>\n<h5 class=\"purple\">KEY ACHIEVEMENTS<\/h5>\n<p>So far, the project has reached the following key achievements:<\/p>\n<ul>\n<li>We developed the concept of the role of adult education quality counsellor;<\/li>\n<li>We developed the programme for basic training of quality counsellors and many additional training programmes;<\/li>\n<\/ul>\n<p>[\/et_pb_text][et_pb_toggle title=&#8221;Preberi ve\u010d&#8221; admin_label=&#8221;Preberi ve\u010d&#8221; _builder_version=&#8221;4.16&#8243; global_colors_info=&#8221;{}&#8221;]<\/p>\n<ul>\n<li>We trained more than 49 adult education quality counsellors;<\/li>\n<li>We established a national network of adult education quality counsellors;<\/li>\n<li>We established <a href=\"https:\/\/kakovost.acs.si\/counsellors\/currently_active_counsellors\/\">a registry of active adult education quality counsellors<\/a>. Currently, there are 33 active quality counsellors in the network;<\/li>\n<li>We prepared a professional study on fluctuation of trained adult education quality counsellors.<\/li>\n<\/ul>\n<p>[\/et_pb_toggle][\/et_pb_column][\/et_pb_row][\/et_pb_section]<\/p>\n","protected":false},"excerpt":{"rendered":"<p>&nbsp; Project&#8230;<\/p>\n","protected":false},"author":161,"featured_media":0,"parent":28417,"menu_order":9,"comment_status":"closed","ping_status":"closed","template":"page_projekt.php","meta":{"_acf_changed":false,"_et_pb_use_builder":"on","_et_pb_old_content":"<table class=\"projektTableNew\">\r\n<tbody>\r\n<tr>\r\n\t\t\t<td>Naziv projekta \/ dejavnosti:<\/td>\r\n\t\t\t<td>Omre\u017eje svetovalcev za kakovost v izobra\u017eevanju odraslih<\/td>\r\n\t\t<\/tr>\r\n\t\t<tr>\r\n\t\t\t<td>\u010casovni okvir<\/td>\r\n\t\t\t<td>od leta 2006 dalje<\/td>\r\n\t\t<\/tr>\r\n\t\t<tr>\r\n\t\t\t<td>Financer<\/td>\r\n\t\t\t<td>Ministrstvo RS za izobra\u017eevanje, znanost in \u0161port, Evropski socialni sklad<\/td>\r\n\t\t<\/tr>\r\n<tr>\r\n\t\t\t<td>Kontaktna oseba<\/td>\r\n\t\t\t<td>Jasmina Ore\u0161nik Cunja  (T: 01 584 25965, E: <a href=\"mailto:jasmina.oresnik.cunja@acs.si\">jasmina.oresnik.cunja@acs.si<\/a>)<\/td>\r\n\t\t<\/tr>\r\n<\/tbody>\r\n<\/table>\r\n\r\n<a href=\"https:\/\/kakovost.acs.si\/svetovalci\" rel=\"noopener\" target=\"_blank\">https:\/\/kakovost.acs.si\/svetovalci<\/a>\r\n\r\n\r\n[accordion]\r\n[accordion-item title=\"Namen\"]<p>Ideja o razvoju in vpeljavi vloge svetovalca za kakovost v izobra\u017eevanju odraslih se je porajala v letih, ko smo za seboj \u017ee imeli sodelovanje s prvimi izobra\u017eevalnimi organizacijami, ki so uporabljale pristop za samoevalvacijo POKI. Ugotavljali smo, da zaposlenim v izobra\u017eevalnih organizacijah primanjkuje ekspertnega znanja o presojanju in razvijanju kakovosti.<\/p>\r\n\r\n<p>Vlogo svetovalca za kakovost izobra\u017eevanja odraslih smo zasnovali z namenom, da bi: <\/p>\r\n<ul>\r\n<li>izobra\u017eevalne organizacije usposobile osebo, ki bi imela ekspertna znanja iz tega podro\u010dja,<\/li>\r\n<li>bi se tak\u0161na oseba usposobila tudi za svetovanje drugim zaposlenim ter spodbujanje in koordiniranje dela sodelavcev pri presojanju in razvijanju kakovosti,<\/li>\r\n<li>bi bila usposobljena tudi za svetovanje vodstvu organizacije pri vpra\u0161anjih kakovosti.<\/li>\r\n<\/ul> \r\n<a href=\"https:\/\/kakovost.acs.si\/svetovalci\/\" rel=\"noopener\" target=\"_blank\">Omre\u017eje svetovalcev za kakovost<\/a> smo vzpostavili z namenom, da bi omogo\u010dili strokovno povezovanje in izmenjavo praks in izku\u0161enj delujo\u010dih svetovalcev za kakovost. \r\n\r\n<p>Konceptualno zasnovo dela svetovalnega omre\u017eja in svetovalcev razvija Andrago\u0161ki center Slovenije, ki skrbi tudi za temeljno in dopolnilno usposabljanje svetovalcev. Andrago\u0161ki center Slovenije je tudi strokovni koordinator omre\u017eja.<\/p>\r\n[\/accordion-item]\r\n[\/accordion]\r\n\r\n[accordion]\r\n[accordion-item title=\"Cilji\"]<p>Temeljni cilji, ki smo si jih zastavili v projektu:<\/p>\r\n<ul>\r\n<li>razviti strokovno vlogo svetovalca za kakovost izobra\u017eevanja odraslih in jo vpeljati v prakso,<\/li>\r\n<li>umestiti vlogo svetovalca za kakovost v sistem izobra\u017eevanja odraslih v Sloveniji, <\/li>\r\n<li>razviti program temeljnega usposabljanja in programe spopolnjevanja za svetovalce za kakovost,<\/li>\r\n<li>usposobiti strokovno osebje, ki bo v izobra\u017eevalnih organizacijah opravljala vlogo svetovalcev za kakovost, <\/li>\r\n<li>nuditi svetovanje in vsebinske usmeritve delujo\u010dim svetovalcem za kakovost,<\/li>\r\n<li>omogo\u010dati povezovanje delujo\u010dih svetovalcev za kakovost ter izmenjavo izku\u0161enj in dobrih praks. <\/li>\r\n<\/ul>\r\n[\/accordion-item]\r\n[\/accordion]\r\n\r\n[accordion]\r\n[accordion-item title=\"Opis\"]<p>Svetovalec za kakovost izobra\u017eevanja odraslih postane, kdor uspe\u0161no opravi program temeljnega usposabljanja svetovalcev za razvoj kakovosti v izobra\u017eevanju odraslih, ki ga izvaja Andrago\u0161ki center Slovenije. <\/p>\r\n<p> Izobra\u017eevalna organizacija na podlagi izpolnjevanja pogojev imenuje svetovalca za kakovost. Tak svetovalec se imenuje svetovalec za kakovost izobra\u017eevanja odraslih v izobra\u017eevalni organizaciji, poimenovanje pa pove, da ne gre zgolj za usposobljenega svetovalca, pa\u010d pa za svetovalca, ki aktivno deluje v praksi. Svetovalec za kakovost izobra\u017eevanja odraslih v izobra\u017eevalni organizaciji postane tisti, ki:<\/p>\r\n<ul>\r\n<li> je izpolnil pogoje za vklju\u010ditev v usposabljanje za svetovalca za kakovost (izobrazba, posebna usposobljenost, posebne lastnosti) in je to usposabljanje uspe\u0161no opravil. <\/li>\r\n<li> ga je za svetovalca za kakovost izobra\u017eevanja odraslih v organizaciji po usposobitvi za dolo\u010den ali nedolo\u010den \u010das imenoval direktor organizacije in <\/li>\r\n<li> opravlja delo kot svetovalec za kakovost najmanj 32 ur mese\u010dno.<\/li>\r\n<\/ul>\r\n<p>Svetovalci za kakovost, ki izpolnjujejo vse te pogoje, postanejo del nacionalnega omre\u017eja svetovalcev za kakovost. <\/p>\r\n\r\n[\/accordion-item]\r\n[\/accordion]\r\n\r\n[accordion]\r\n[accordion-item title=\"Aktivnosti\"]<p>\u017de od leta 2006 na  ACS opravljamo tudi vlogo nacionalnega koordinatorja strokovnega omre\u017eja svetovalcev za kakovost. Skrbimo za usposabljanje in spopolnjevanje delujo\u010dih svetovalcev za kakovost. Dajemo jim strokovno in svetovalno podporo pri razli\u010dnih dejavnostih iz presojanja in razvijanja kakovosti v njihovih organizacijah. <\/p>\r\n\r\n<p>Organiziramo dve letni strokovni sre\u010danji omre\u017eja svetovalcev za kakovost, strokovno koordiniramo izpeljavo dogovorjene skupne aktivnost v omre\u017eju svetovalcev za kakovost, vsebinsko koordiniramo in spodbujamo delo svetovalcev za kakovost v spletni u\u010dilnici, skrbimo za delovanje spletne u\u010dilnice omre\u017eja svetovalcev za kakovost in za aktivno komunikacijo svetovalcev v njej.<\/p>\r\n\r\n[\/accordion-item]\r\n[\/accordion]\r\n\r\n[accordion]\r\n[accordion-item title=\"Klju\u010dni dose\u017eki\"]<p>V projektu smo doslej dosegli naslednje klju\u010dne dose\u017eke:<\/p>\r\n<ul>\r\n<li>razvili smo koncept vloge svetovalca za kakovost v izobra\u017eevanju odraslih,<\/li>\r\n<li>razvili smo program temeljnega usposabljanja za svetovalce za kakovost in \u0161tevilne programe spopolnjevanja,<\/li>\r\n<li>usposobili smo 49 svetovalcev za kakovost v izobra\u017eevanju odraslih,<\/li>\r\n<li>vzpostavili smo nacionalno omre\u017eje svetovalcev za kakovost izobra\u017eevanja odraslih,<\/li>\r\n<li>vzpostavili smo register delujo\u010dih svetovalcev za kakovost v izobra\u017eevanju odraslih. Trenutno v omre\u017eju deluje 33 svetovalcev za kakovost,<\/li>\r\n<li>pripravili smo strokovno \u0161tudijo o fluktuaciji usposobljenih svetovalcev za kakovost v izobra\u017eevanju odraslih,  <\/li>\r\n<li>pripravili smo strokovno \u0161tudijo o ume\u0161\u010denosti svetovalca za kakovost v delovanje izobra\u017eevalne organizacije. <\/li>\r\n<\/ul>\r\n[\/accordion-item]\r\n[\/accordion]","_et_gb_content_width":"","inline_featured_image":false,"footnotes":""},"class_list":["post-27628","page","type-page","status-publish","hentry"],"acf":[],"yoast_head":"<!-- This site is optimized with the Yoast SEO plugin v26.2 - https:\/\/yoast.com\/wordpress\/plugins\/seo\/ -->\n<title>Quality counsellors | Andrago\u0161ki center Republike Slovenije<\/title>\n<meta name=\"robots\" content=\"index, follow, max-snippet:-1, max-image-preview:large, max-video-preview:-1\" \/>\n<link rel=\"canonical\" href=\"https:\/\/www.acs.si\/en\/projects\/national\/quality-counsellors\/\" \/>\n<meta property=\"og:locale\" content=\"en_US\" \/>\n<meta property=\"og:type\" content=\"article\" \/>\n<meta property=\"og:title\" content=\"Quality counsellors | Andrago\u0161ki center Republike Slovenije\" \/>\n<meta property=\"og:description\" content=\"&nbsp; Project...\" \/>\n<meta property=\"og:url\" content=\"https:\/\/www.acs.si\/en\/projects\/national\/quality-counsellors\/\" \/>\n<meta property=\"og:site_name\" content=\"Andrago\u0161ki center Republike Slovenije\" \/>\n<meta property=\"article:publisher\" content=\"https:\/\/www.facebook.com\/AndragoskiCenterSlovenije\/\" \/>\n<meta property=\"article:modified_time\" content=\"2026-03-02T15:44:30+00:00\" \/>\n<meta name=\"twitter:card\" content=\"summary_large_image\" \/>\n<meta name=\"twitter:label1\" content=\"Est. reading time\" \/>\n\t<meta name=\"twitter:data1\" content=\"3 minutes\" \/>\n<script type=\"application\/ld+json\" class=\"yoast-schema-graph\">{\"@context\":\"https:\/\/schema.org\",\"@graph\":[{\"@type\":\"WebPage\",\"@id\":\"https:\/\/www.acs.si\/en\/projects\/national\/quality-counsellors\/\",\"url\":\"https:\/\/www.acs.si\/en\/projects\/national\/quality-counsellors\/\",\"name\":\"Quality counsellors | Andrago\u0161ki center Republike Slovenije\",\"isPartOf\":{\"@id\":\"https:\/\/www.acs.si\/#website\"},\"datePublished\":\"2018-08-06T13:13:41+00:00\",\"dateModified\":\"2026-03-02T15:44:30+00:00\",\"breadcrumb\":{\"@id\":\"https:\/\/www.acs.si\/en\/projects\/national\/quality-counsellors\/#breadcrumb\"},\"inLanguage\":\"en-US\",\"potentialAction\":[{\"@type\":\"ReadAction\",\"target\":[\"https:\/\/www.acs.si\/en\/projects\/national\/quality-counsellors\/\"]}]},{\"@type\":\"BreadcrumbList\",\"@id\":\"https:\/\/www.acs.si\/en\/projects\/national\/quality-counsellors\/#breadcrumb\",\"itemListElement\":[{\"@type\":\"ListItem\",\"position\":1,\"name\":\"Home\",\"item\":\"https:\/\/www.acs.si\/en\/\"},{\"@type\":\"ListItem\",\"position\":2,\"name\":\"Projects\",\"item\":\"https:\/\/www.acs.si\/en\/projects\/\"},{\"@type\":\"ListItem\",\"position\":3,\"name\":\"National\",\"item\":\"https:\/\/www.acs.si\/en\/projects\/national\/\"},{\"@type\":\"ListItem\",\"position\":4,\"name\":\"Quality counsellors\"}]},{\"@type\":\"WebSite\",\"@id\":\"https:\/\/www.acs.si\/#website\",\"url\":\"https:\/\/www.acs.si\/\",\"name\":\"Andrago\u0161ki center Republike Slovenije\",\"description\":\"\",\"potentialAction\":[{\"@type\":\"SearchAction\",\"target\":{\"@type\":\"EntryPoint\",\"urlTemplate\":\"https:\/\/www.acs.si\/?s={search_term_string}\"},\"query-input\":{\"@type\":\"PropertyValueSpecification\",\"valueRequired\":true,\"valueName\":\"search_term_string\"}}],\"inLanguage\":\"en-US\"}]}<\/script>\n<!-- \/ Yoast SEO plugin. -->","yoast_head_json":{"title":"Quality counsellors | Andrago\u0161ki center Republike Slovenije","robots":{"index":"index","follow":"follow","max-snippet":"max-snippet:-1","max-image-preview":"max-image-preview:large","max-video-preview":"max-video-preview:-1"},"canonical":"https:\/\/www.acs.si\/en\/projects\/national\/quality-counsellors\/","og_locale":"en_US","og_type":"article","og_title":"Quality counsellors | Andrago\u0161ki center Republike Slovenije","og_description":"&nbsp; Project...","og_url":"https:\/\/www.acs.si\/en\/projects\/national\/quality-counsellors\/","og_site_name":"Andrago\u0161ki center Republike Slovenije","article_publisher":"https:\/\/www.facebook.com\/AndragoskiCenterSlovenije\/","article_modified_time":"2026-03-02T15:44:30+00:00","twitter_card":"summary_large_image","twitter_misc":{"Est. reading time":"3 minutes"},"schema":{"@context":"https:\/\/schema.org","@graph":[{"@type":"WebPage","@id":"https:\/\/www.acs.si\/en\/projects\/national\/quality-counsellors\/","url":"https:\/\/www.acs.si\/en\/projects\/national\/quality-counsellors\/","name":"Quality counsellors | Andrago\u0161ki center Republike Slovenije","isPartOf":{"@id":"https:\/\/www.acs.si\/#website"},"datePublished":"2018-08-06T13:13:41+00:00","dateModified":"2026-03-02T15:44:30+00:00","breadcrumb":{"@id":"https:\/\/www.acs.si\/en\/projects\/national\/quality-counsellors\/#breadcrumb"},"inLanguage":"en-US","potentialAction":[{"@type":"ReadAction","target":["https:\/\/www.acs.si\/en\/projects\/national\/quality-counsellors\/"]}]},{"@type":"BreadcrumbList","@id":"https:\/\/www.acs.si\/en\/projects\/national\/quality-counsellors\/#breadcrumb","itemListElement":[{"@type":"ListItem","position":1,"name":"Home","item":"https:\/\/www.acs.si\/en\/"},{"@type":"ListItem","position":2,"name":"Projects","item":"https:\/\/www.acs.si\/en\/projects\/"},{"@type":"ListItem","position":3,"name":"National","item":"https:\/\/www.acs.si\/en\/projects\/national\/"},{"@type":"ListItem","position":4,"name":"Quality counsellors"}]},{"@type":"WebSite","@id":"https:\/\/www.acs.si\/#website","url":"https:\/\/www.acs.si\/","name":"Andrago\u0161ki center Republike Slovenije","description":"","potentialAction":[{"@type":"SearchAction","target":{"@type":"EntryPoint","urlTemplate":"https:\/\/www.acs.si\/?s={search_term_string}"},"query-input":{"@type":"PropertyValueSpecification","valueRequired":true,"valueName":"search_term_string"}}],"inLanguage":"en-US"}]}},"_links":{"self":[{"href":"https:\/\/www.acs.si\/en\/wp-json\/wp\/v2\/pages\/27628","targetHints":{"allow":["GET"]}}],"collection":[{"href":"https:\/\/www.acs.si\/en\/wp-json\/wp\/v2\/pages"}],"about":[{"href":"https:\/\/www.acs.si\/en\/wp-json\/wp\/v2\/types\/page"}],"author":[{"embeddable":true,"href":"https:\/\/www.acs.si\/en\/wp-json\/wp\/v2\/users\/161"}],"replies":[{"embeddable":true,"href":"https:\/\/www.acs.si\/en\/wp-json\/wp\/v2\/comments?post=27628"}],"version-history":[{"count":10,"href":"https:\/\/www.acs.si\/en\/wp-json\/wp\/v2\/pages\/27628\/revisions"}],"predecessor-version":[{"id":85850,"href":"https:\/\/www.acs.si\/en\/wp-json\/wp\/v2\/pages\/27628\/revisions\/85850"}],"up":[{"embeddable":true,"href":"https:\/\/www.acs.si\/en\/wp-json\/wp\/v2\/pages\/28417"}],"wp:attachment":[{"href":"https:\/\/www.acs.si\/en\/wp-json\/wp\/v2\/media?parent=27628"}],"curies":[{"name":"wp","href":"https:\/\/api.w.org\/{rel}","templated":true}]}}