{"id":27623,"date":"2018-08-06T13:33:59","date_gmt":"2018-08-06T12:33:59","guid":{"rendered":"http:\/\/www.acs.si\/?page_id=27623"},"modified":"2026-03-02T16:42:14","modified_gmt":"2026-03-02T15:42:14","slug":"adult-education-guidance-centres","status":"publish","type":"page","link":"https:\/\/www.acs.si\/en\/projects\/national\/adult-education-guidance-centres\/","title":{"rendered":"Adult Education Guidance Centres"},"content":{"rendered":"<p>[et_pb_section fb_built=&#8221;1&#8243; _builder_version=&#8221;4.16&#8243; custom_padding=&#8221;0px|||&#8221; global_colors_info=&#8221;{}&#8221;][et_pb_row column_structure=&#8221;1_3,2_3&#8243; make_equal=&#8221;on&#8221; module_class=&#8221;logo-img-cont &#8221; _builder_version=&#8221;4.16&#8243; custom_margin=&#8221;||20px|&#8221; custom_padding=&#8221;0px||0px|&#8221; border_width_all=&#8221;1px&#8221; border_color_all=&#8221;#cdd1d6&#8243; global_colors_info=&#8221;{}&#8221;][et_pb_column type=&#8221;1_3&#8243; _builder_version=&#8221;4.16&#8243; custom_padding=&#8221;|||&#8221; global_colors_info=&#8221;{}&#8221; custom_padding__hover=&#8221;|||&#8221;][et_pb_image src=&#8221;https:\/\/www.acs.si\/wp-content\/uploads\/2018\/03\/OI-ISIO.png&#8221; url=&#8221;http:\/\/isio.acs.si&#8221; url_new_window=&#8221;on&#8221; align=&#8221;center&#8221; align_tablet=&#8221;center&#8221; align_phone=&#8221;&#8221; align_last_edited=&#8221;on|desktop&#8221; module_class=&#8221;logo-img&#8221; _builder_version=&#8221;4.16&#8243; custom_padding=&#8221;10px|10px|10px|10px&#8221; border_color_right=&#8221;#cdd1d6&#8243; global_colors_info=&#8221;{}&#8221;][\/et_pb_image][\/et_pb_column][et_pb_column type=&#8221;2_3&#8243; _builder_version=&#8221;4.16&#8243; custom_padding=&#8221;|||&#8221; global_colors_info=&#8221;{}&#8221; custom_padding__hover=&#8221;|||&#8221;][et_pb_text _builder_version=&#8221;4.27.5&#8243; custom_padding=&#8221;20px|20px|20px|20px&#8221; hover_enabled=&#8221;0&#8243; border_width_left=&#8221;1px&#8221; border_color_left=&#8221;#cdd1d6&#8243; global_colors_info=&#8221;{}&#8221; sticky_enabled=&#8221;0&#8243;]<\/p>\n<p>&nbsp;<\/p>\n<table class=\"projektTable\" style=\"height: 172px;\">\n<tbody>\n<tr style=\"height: 55px;\">\n<td style=\"height: 55px;\"><strong>Project<\/strong><\/td>\n<td style=\"height: 55px;\">Adult Education Guidance Centres (AEGC)<br \/>In accordance with the The Guidelines for Implementing Adult Education Guidance as a Public Service (2020) they provide guidance in adult education in the following areas :<\/p>\n<p>&nbsp;<\/p>\n<p>&#8211; enrolment in education and continuation of education,<br \/>&#8211; identification and documentation of knowledge and skills.<\/p>\n<\/td>\n<\/tr>\n<tr style=\"height: 23px;\">\n<td style=\"height: 23px;\"><b>Time period<\/b><\/td>\n<td style=\"height: 23px;\">Since 2000<br \/>From 2021 onwards as part of the public service<\/td>\n<\/tr>\n<tr style=\"height: 23px;\">\n<td style=\"height: 23px;\">\n<p><strong>Financed by<\/strong><\/p>\n<p>&nbsp;<\/p>\n<\/td>\n<td style=\"height: 23px;\">Ministry of Education<\/td>\n<\/tr>\n<tr style=\"height: 71px;\">\n<td style=\"height: 71px;\"><b>Contact<\/b><\/td>\n<td style=\"height: 71px;\">\n<p>Tanja VIli\u010d Klenov\u0161ek, MA<\/p>\n<p>T: +386 1 5842 584<\/p>\n<p>E: <a href=\"mailto:tanja.vilic.klenovsek@acs.si\">tanja.vilic.klenovsek@acs.si<\/a><\/p>\n<\/td>\n<\/tr>\n<\/tbody>\n<\/table>\n<p>&nbsp;<\/p>\n<p>[\/et_pb_text][\/et_pb_column][\/et_pb_row][et_pb_row _builder_version=&#8221;4.16&#8243; background_size=&#8221;initial&#8221; background_position=&#8221;top_left&#8221; background_repeat=&#8221;repeat&#8221; global_colors_info=&#8221;{}&#8221;][et_pb_column type=&#8221;4_4&#8243; _builder_version=&#8221;4.16&#8243; custom_padding=&#8221;|||&#8221; global_colors_info=&#8221;{}&#8221; custom_padding__hover=&#8221;|||&#8221;][et_pb_text admin_label=&#8221;Namen&#8221; _builder_version=&#8221;4.16&#8243; text_font_size=&#8221;10px&#8221; header_5_text_color=&#8221;#ffffff&#8221; header_5_font_size=&#8221;17px&#8221; header_5_line_height=&#8221;27px&#8221; custom_margin=&#8221;||0px|&#8221; custom_padding=&#8221;||0px|&#8221; global_colors_info=&#8221;{}&#8221;]<\/p>\n<p>&nbsp;<\/p>\n<h5 class=\"purple\">AIM<\/h5>\n<p>To provide adults free information and guidance regarding their learning and education options and identification and documentation of knowledge and skills.<\/p>\n<p>[\/et_pb_text][\/et_pb_column][\/et_pb_row][et_pb_row _builder_version=&#8221;4.16&#8243; background_size=&#8221;initial&#8221; background_position=&#8221;top_left&#8221; background_repeat=&#8221;repeat&#8221; global_colors_info=&#8221;{}&#8221;][et_pb_column type=&#8221;4_4&#8243; _builder_version=&#8221;4.16&#8243; custom_padding=&#8221;|||&#8221; global_colors_info=&#8221;{}&#8221; custom_padding__hover=&#8221;|||&#8221;][et_pb_text admin_label=&#8221;Cilji projekta&#8221; _builder_version=&#8221;4.16&#8243; text_font_size=&#8221;10px&#8221; header_5_text_color=&#8221;#ffffff&#8221; header_5_font_size=&#8221;17px&#8221; header_5_line_height=&#8221;27px&#8221; custom_margin=&#8221;||0px|&#8221; custom_padding=&#8221;||0px|&#8221; global_colors_info=&#8221;{}&#8221;]<\/p>\n<p>&nbsp;<\/p>\n<h5 class=\"purple\">OBJECTIVES<\/h5>\n<p>The key objectives are:<\/p>\n<ul>\n<li>To provide all adults with quality, professional and comprehensive information and guidance as a support to their education and learning;<\/li>\n<li>To connect into a network as many local providers of educational and guidance services for adult as possible to ensure quality, comprehensive and coordinated activities of all subjects when offering information and guidance in adult education.<\/li>\n<\/ul>\n<p>[\/et_pb_text][\/et_pb_column][\/et_pb_row][et_pb_row _builder_version=&#8221;4.16&#8243; background_size=&#8221;initial&#8221; background_position=&#8221;top_left&#8221; background_repeat=&#8221;repeat&#8221; global_colors_info=&#8221;{}&#8221;][et_pb_column type=&#8221;4_4&#8243; _builder_version=&#8221;4.16&#8243; custom_padding=&#8221;|||&#8221; global_colors_info=&#8221;{}&#8221; custom_padding__hover=&#8221;|||&#8221;][et_pb_text admin_label=&#8221;Opis&#8221; _builder_version=&#8221;4.16&#8243; text_font_size=&#8221;10px&#8221; header_5_text_color=&#8221;#ffffff&#8221; header_5_font_size=&#8221;17px&#8221; header_5_line_height=&#8221;27px&#8221; custom_margin=&#8221;||0px|&#8221; custom_padding=&#8221;||0px|&#8221; global_colors_info=&#8221;{}&#8221;]<\/p>\n<p>&nbsp;<\/p>\n<h5 class=\"purple\">DESCRIPTION<\/h5>\n<p>The development and establishment of guidance centres for adult education started with definition of a theoretical model for adult education guidance centres \u2013 the AEGC model. The first guidance centres started operating in the years 2000-2001\u00a0(in accordance with the public tender of the then Ministry of Education and Sport). By 2017, 17 guidance centers had been established and operated to this extent until 2020.<\/p>\n<p>Since 2021 guidance activities in adult education are a part of public services, provided by public 34 adult education centres (35 since 2022) and thus accessible to all adults in Slovenia. Two of three areas of guidance in adult education are interlinked in guidance centres: guidance fort he enrolment in education and continuation of education, and identification and documentation of knowledge and skills.<\/p>\n<p>[\/et_pb_text][et_pb_toggle title=&#8221;Read more&#8221; admin_label=&#8221;Preberi ve\u010d&#8221; _builder_version=&#8221;4.17.2&#8243; global_colors_info=&#8221;{}&#8221;]<\/p>\n<p>&nbsp;<\/p>\n<p><span lang=\"EN-GB\">Guidance activities in guidance centres are aimed at all adults, especially those groups of adults in the local environment in difficult situations, who have difficulty accessing the education and who are less educated and less active in the field of education. The information and guidance are free for all adult users.<\/span><\/p>\n<p><span lang=\"EN-GB\">To make the guidance services accessible to the widest possible range of adults, the guidance centres also provide their services outside their main offices, i.e. in the field: so-called dislocated services, using the mobile guidance services and the Guidance centre Info points.<\/span><\/p>\n<p>&nbsp;<\/p>\n<p>[\/et_pb_toggle][\/et_pb_column][\/et_pb_row][et_pb_row _builder_version=&#8221;4.16&#8243; background_size=&#8221;initial&#8221; background_position=&#8221;top_left&#8221; background_repeat=&#8221;repeat&#8221; global_colors_info=&#8221;{}&#8221;][et_pb_column type=&#8221;4_4&#8243; _builder_version=&#8221;4.16&#8243; custom_padding=&#8221;|||&#8221; global_colors_info=&#8221;{}&#8221; custom_padding__hover=&#8221;|||&#8221;][et_pb_text admin_label=&#8221;Aktivnost&#8221; _builder_version=&#8221;4.16&#8243; text_font_size=&#8221;10px&#8221; header_5_text_color=&#8221;#ffffff&#8221; header_5_font_size=&#8221;17px&#8221; header_5_line_height=&#8221;27px&#8221; custom_margin=&#8221;||0px|&#8221; custom_padding=&#8221;||0px|&#8221; global_colors_info=&#8221;{}&#8221;]<\/p>\n<p>&nbsp;<\/p>\n<h5 class=\"purple\">ACTIVITIES<\/h5>\n<p>The guidance centres provide adults with guidance regarding:<\/p>\n<ul>\n<li>The selection of the type of education or learning;<\/li>\n<li>The planning of personal and work career;<\/li>\n<li>Identification and documentation of knowledge and skills;<\/li>\n<\/ul>\n<p>[\/et_pb_text][et_pb_toggle title=&#8221;Read more&#8221; admin_label=&#8221;Preberi ve\u010d&#8221; _builder_version=&#8221;4.16&#8243; global_colors_info=&#8221;{}&#8221;]<\/p>\n<p>&nbsp;<\/p>\n<ul>\n<li>The evaluation of their competences, experiences and knowledge using an interview and various other guidance tools;<\/li>\n<li>The solution to their learning and other problems and barriers related to education;<\/li>\n<li>The planning and evaluation of their studying;<\/li>\n<li>The validation of prior knowledge;<\/li>\n<li>The ways of finding employers and effectively presenting their knowledge, experiences and capabilities after the end of their education.<\/li>\n<\/ul>\n<p>[\/et_pb_toggle][\/et_pb_column][\/et_pb_row][et_pb_row _builder_version=&#8221;4.16&#8243; background_size=&#8221;initial&#8221; background_position=&#8221;top_left&#8221; background_repeat=&#8221;repeat&#8221; global_colors_info=&#8221;{}&#8221;][et_pb_column type=&#8221;4_4&#8243; _builder_version=&#8221;4.16&#8243; custom_padding=&#8221;|||&#8221; global_colors_info=&#8221;{}&#8221; custom_padding__hover=&#8221;|||&#8221;][et_pb_text admin_label=&#8221;Klju\u010dni dose\u017eki&#8221; _builder_version=&#8221;4.16&#8243; text_font_size=&#8221;10px&#8221; header_5_text_color=&#8221;#ffffff&#8221; header_5_font_size=&#8221;17px&#8221; header_5_line_height=&#8221;27px&#8221; custom_margin=&#8221;||0px|&#8221; custom_padding=&#8221;||0px|&#8221; global_colors_info=&#8221;{}&#8221;]<\/p>\n<p>&nbsp;<\/p>\n<h5 class=\"purple\">KEY ACHIEVEENTS<\/h5>\n<p>The key achievements up to 2020 were:<\/p>\n<ul>\n<li>More than 180,000 adult individuals who used information and guidance services and more the 3,500 group information and guidance activities;<\/li>\n<li>175 trained counsellors in Adult Education;<\/li>\n<li>More than 320 partner organisations in the AEGC network;<\/li>\n<li>More than 100 professional events organised on the national level in collaboration with the AEGC partners;<\/li>\n<li>Participation in more than 20 international projects on the topic of guidance in adult education;<\/li>\n<li>9 manuals and 40 professional and promotional materials.<\/li>\n<\/ul>\n<p>From 2021 onwards the Adult Education Guidance Centresas are a part of the public service, therefore their key achievements are published in the annual Monitoring Reports (published in Slovenian language in the <a href=\"https:\/\/www.acs.si\/digitalna-bralnica\/#results\">Digital Reading Room<\/a>).<\/p>\n<p>&nbsp;<\/p>\n<p>&nbsp;<\/p>\n<p>[\/et_pb_text][\/et_pb_column][\/et_pb_row][\/et_pb_section]<\/p>\n","protected":false},"excerpt":{"rendered":"<p>&nbsp; Project&#8230;<\/p>\n","protected":false},"author":161,"featured_media":0,"parent":28417,"menu_order":15,"comment_status":"closed","ping_status":"closed","template":"page_projekt.php","meta":{"_acf_changed":false,"_et_pb_use_builder":"on","_et_pb_old_content":"FOTOGRAFIJA \r\n\r\n<table class=\"projektTableNew\">\r\n<tbody>\r\n<tr>\r\n\t\t\t<td>Naziv projekta\/dejanovsti:<\/td>\r\n\t\t\t<td>Svetovalna sredi\u0161\u010da za izobra\u017eevanje odraslih \u2013 sredi\u0161\u010da ISIO\/td>\r\n\t\t<\/tr>\r\n\t\t<tr>\r\n\t\t\t<td>\u010casovni okvir<\/td>\r\n\t\t\t<td>vse leto<\/td>\r\n\t\t<\/tr>\r\n\t\t<tr>\r\n\t\t\t<td>Financer<\/td>\r\n\t\t\t<td>Ministrstvo za izobra\u017eevanje, znanost in \u0161port<\/td>\r\n\t\t<\/tr>\r\n<tr>\r\n\t\t\t<td>Kontaktna oseba<\/td>\r\n\t\t\t<td>Mag. Tanja VIli\u010d Klenov\u0161ek (T: 01 5842 584, E: <a href=\"mailto:tanja.vilic.klenovsek@acs.si\">tanja.vilic.klenovsek@acs.si<\/a>) <\/td>\r\n\t\t<\/tr>\r\n<\/tbody>\r\n<\/table>\r\n\r\n\r\n<a href=\"http:\/\/isio.acs.si\" rel=\"noopener\" target=\"_blank\">http:\/\/isio.acs.si <\/a> <\/p> \r\n\r\n\r\n[accordion]\r\n[accordion-item title=\"Namen\"]<p>Odraslim nuditi brezpla\u010dno informiranje in svetovanje o mo\u017enostih u\u010denja in izobra\u017eevanja.<\/p>[\/accordion-item]\r\n[\/accordion]\r\n\r\n[accordion]\r\n[accordion-item title=\"Cilji\"]\t<ul>\r\n<li>vsem odraslim zagotoviti kakovostno, strokovno in celostno informiranje ter svetovanje kot podporo njihovemu izobra\u017eevanju in u\u010denju<\/li>\r\n\t<li>\r\npovezati v omre\u017eje \u010dim ve\u010d ponudnikov izobra\u017eevalnih in svetovalnih storitev za odrasle v lokalnem okolju ter tako zagotoviti kakovostno, celostno in usklajeno delovanje vseh subjektov pri informiranju in svetovanju v izobra\u017eevanju odraslih<\/li>\r\n<\/ul>\r\n[\/accordion-item]\r\n[\/accordion]\r\n\r\n[accordion]\r\n[accordion-item title=\"Opis\"]<p>Razvoj in vzpostavitev svetovalnih sredi\u0161\u010d za izobra\u017eevanje odraslih sta se za\u010dela z opredeljenim teoreti\u010dnim modelom svetovalnega sredi\u0161\u010da za izobra\u017eevanje odraslih \u2013 model ISIO. Prva svetovalna sredi\u0161\u010da so za\u010dela delovati v letih 2000\u20132001, v letu 2018 jih deluje 17 in informiranje in svetovanje zagotavljajo prebivalcem vseh slovenskih regij. Svetovalna sredi\u0161\u010da so namenjena vsem odraslim, \u0161e posebna pozornost pa je posve\u010dena skupinam odraslih v lokalnem okolju, ki so v slab\u0161em polo\u017eaju, ki imajo te\u017eji dostop do izobra\u017eevanja, so manj izobra\u017eene in izobra\u017eevalno manj dejavne. Dejavnost je za odrasle, ki jo koristijo, brezpla\u010dna. <\/p>\r\n<p>\r\nDa bi bila svetovalna dejavnost dostopna \u010dim \u0161ir\u0161emu krogu odraslih, izpeljujejo svetovalna sredi\u0161\u010da svetovanje tudi zunaj sede\u017ea svetovalnega sredi\u0161\u010da \u2013 na terenu: na t. i. dislokacijah, z mobilno svetovalno slu\u017ebi in s pomo\u010djo ISIO Info to\u010dk. <\/p>\r\n[\/accordion-item]\r\n[\/accordion]\r\n\r\n\r\n[accordion]\r\n[accordion-item title=\"Aktivnosti\"]\r\n<p>Sredi\u0161\u010da odraslim nudijo svetovanje:<\/p>\r\n<ul>\r\n<li>pri odlo\u010danju za izbiro vrste izobra\u017eevanja in u\u010denja;<\/li>\r\n<li>pri na\u010drtovanju osebne in poklicne kariere;<\/li>\r\n<li>pri vrednotenju va\u0161ih sposobnosti, izku\u0161enj in znanj \u2013 z razgovorom in s pomo\u010djo  razli\u010dnih svetovalnih pripomo\u010dkov;<\/li>\r\n<li>pri premagovanju u\u010dnih in drugih te\u017eav ter ovir, ki so povezane z izobra\u017eevanjem;<\/li>\r\n<li>pri na\u010drtovanju in spremljanju va\u0161ega u\u010denja;<\/li>\r\n<li>po zaklju\u010dnem izobra\u017eevanju \u2013 kako poiskati delodajalca in kako mu u\u010dinkovito predstaviti svoje znanje, izku\u0161nje in zmo\u017enosti.<\/li> <\/ul>\r\n\r\n[\/accordion-item]\r\n[\/accordion]\r\n\r\n[accordion]\r\n[accordion-item title=\"Klju\u010dni dose\u017eki\"]\r\n<p>Do leta 2018 so klju\u010dni dose\u017eki naslednji:<\/p>\r\n<ul>\r\n<li>ve\u010d kot 125.000 odraslih posameznikov, vklju\u010denih v informiranje in svetovanje ter ve\u010d kot 3.300 skupinskih oblik informiranja in svetovanja,<\/li>\r\n<li>155 usposobljenih svetovalcev sredi\u0161\u010d ISIO,<\/li>\r\n<li>ve\u010d kot 320 partnerskih organizacij v mre\u017ei sredi\u0161\u010d ISIO,<\/li>\r\n<li>ve\u010d kot 75 strokovnih dogodkov, organiziranih v sodelovanju s partnerji sredi\u0161\u010d ISIO,<\/li>\r\n<li>sodelovanje v ve\u010d kot 20 mednarodnih projektih na temo svetovanja v izobra\u017eevanju odraslih,<\/li>\r\n<li>4 priro\u010dniki ter 35 strokovnih in promocijskih gradiv.<\/li>\r\n\r\n<\/ul>\r\n[\/accordion-item]\r\n[\/accordion]","_et_gb_content_width":"","inline_featured_image":false,"footnotes":""},"class_list":["post-27623","page","type-page","status-publish","hentry"],"acf":[],"yoast_head":"<!-- This site is optimized with the Yoast SEO plugin v26.2 - https:\/\/yoast.com\/wordpress\/plugins\/seo\/ -->\n<title>Adult Education Guidance Centres | Andrago\u0161ki center Republike Slovenije<\/title>\n<meta name=\"robots\" content=\"index, follow, max-snippet:-1, max-image-preview:large, max-video-preview:-1\" \/>\n<link rel=\"canonical\" href=\"https:\/\/www.acs.si\/en\/projects\/national\/adult-education-guidance-centres\/\" \/>\n<meta property=\"og:locale\" content=\"en_US\" \/>\n<meta property=\"og:type\" content=\"article\" \/>\n<meta property=\"og:title\" content=\"Adult Education Guidance Centres | Andrago\u0161ki center Republike Slovenije\" \/>\n<meta property=\"og:description\" content=\"&nbsp; Project...\" \/>\n<meta property=\"og:url\" content=\"https:\/\/www.acs.si\/en\/projects\/national\/adult-education-guidance-centres\/\" \/>\n<meta property=\"og:site_name\" content=\"Andrago\u0161ki center Republike Slovenije\" \/>\n<meta property=\"article:publisher\" content=\"https:\/\/www.facebook.com\/AndragoskiCenterSlovenije\/\" \/>\n<meta property=\"article:modified_time\" content=\"2026-03-02T15:42:14+00:00\" \/>\n<meta name=\"twitter:card\" content=\"summary_large_image\" \/>\n<meta name=\"twitter:label1\" content=\"Est. reading time\" \/>\n\t<meta name=\"twitter:data1\" content=\"4 minutes\" \/>\n<script type=\"application\/ld+json\" class=\"yoast-schema-graph\">{\"@context\":\"https:\/\/schema.org\",\"@graph\":[{\"@type\":\"WebPage\",\"@id\":\"https:\/\/www.acs.si\/en\/projects\/national\/adult-education-guidance-centres\/\",\"url\":\"https:\/\/www.acs.si\/en\/projects\/national\/adult-education-guidance-centres\/\",\"name\":\"Adult Education Guidance Centres | Andrago\u0161ki center Republike Slovenije\",\"isPartOf\":{\"@id\":\"https:\/\/www.acs.si\/#website\"},\"datePublished\":\"2018-08-06T12:33:59+00:00\",\"dateModified\":\"2026-03-02T15:42:14+00:00\",\"breadcrumb\":{\"@id\":\"https:\/\/www.acs.si\/en\/projects\/national\/adult-education-guidance-centres\/#breadcrumb\"},\"inLanguage\":\"en-US\",\"potentialAction\":[{\"@type\":\"ReadAction\",\"target\":[\"https:\/\/www.acs.si\/en\/projects\/national\/adult-education-guidance-centres\/\"]}]},{\"@type\":\"BreadcrumbList\",\"@id\":\"https:\/\/www.acs.si\/en\/projects\/national\/adult-education-guidance-centres\/#breadcrumb\",\"itemListElement\":[{\"@type\":\"ListItem\",\"position\":1,\"name\":\"Home\",\"item\":\"https:\/\/www.acs.si\/en\/\"},{\"@type\":\"ListItem\",\"position\":2,\"name\":\"Projects\",\"item\":\"https:\/\/www.acs.si\/en\/projects\/\"},{\"@type\":\"ListItem\",\"position\":3,\"name\":\"National\",\"item\":\"https:\/\/www.acs.si\/en\/projects\/national\/\"},{\"@type\":\"ListItem\",\"position\":4,\"name\":\"Adult Education Guidance Centres\"}]},{\"@type\":\"WebSite\",\"@id\":\"https:\/\/www.acs.si\/#website\",\"url\":\"https:\/\/www.acs.si\/\",\"name\":\"Andrago\u0161ki center Republike Slovenije\",\"description\":\"\",\"potentialAction\":[{\"@type\":\"SearchAction\",\"target\":{\"@type\":\"EntryPoint\",\"urlTemplate\":\"https:\/\/www.acs.si\/?s={search_term_string}\"},\"query-input\":{\"@type\":\"PropertyValueSpecification\",\"valueRequired\":true,\"valueName\":\"search_term_string\"}}],\"inLanguage\":\"en-US\"}]}<\/script>\n<!-- \/ Yoast SEO plugin. -->","yoast_head_json":{"title":"Adult Education Guidance Centres | Andrago\u0161ki center Republike Slovenije","robots":{"index":"index","follow":"follow","max-snippet":"max-snippet:-1","max-image-preview":"max-image-preview:large","max-video-preview":"max-video-preview:-1"},"canonical":"https:\/\/www.acs.si\/en\/projects\/national\/adult-education-guidance-centres\/","og_locale":"en_US","og_type":"article","og_title":"Adult Education Guidance Centres | Andrago\u0161ki center Republike Slovenije","og_description":"&nbsp; Project...","og_url":"https:\/\/www.acs.si\/en\/projects\/national\/adult-education-guidance-centres\/","og_site_name":"Andrago\u0161ki center Republike Slovenije","article_publisher":"https:\/\/www.facebook.com\/AndragoskiCenterSlovenije\/","article_modified_time":"2026-03-02T15:42:14+00:00","twitter_card":"summary_large_image","twitter_misc":{"Est. reading time":"4 minutes"},"schema":{"@context":"https:\/\/schema.org","@graph":[{"@type":"WebPage","@id":"https:\/\/www.acs.si\/en\/projects\/national\/adult-education-guidance-centres\/","url":"https:\/\/www.acs.si\/en\/projects\/national\/adult-education-guidance-centres\/","name":"Adult Education Guidance Centres | Andrago\u0161ki center Republike Slovenije","isPartOf":{"@id":"https:\/\/www.acs.si\/#website"},"datePublished":"2018-08-06T12:33:59+00:00","dateModified":"2026-03-02T15:42:14+00:00","breadcrumb":{"@id":"https:\/\/www.acs.si\/en\/projects\/national\/adult-education-guidance-centres\/#breadcrumb"},"inLanguage":"en-US","potentialAction":[{"@type":"ReadAction","target":["https:\/\/www.acs.si\/en\/projects\/national\/adult-education-guidance-centres\/"]}]},{"@type":"BreadcrumbList","@id":"https:\/\/www.acs.si\/en\/projects\/national\/adult-education-guidance-centres\/#breadcrumb","itemListElement":[{"@type":"ListItem","position":1,"name":"Home","item":"https:\/\/www.acs.si\/en\/"},{"@type":"ListItem","position":2,"name":"Projects","item":"https:\/\/www.acs.si\/en\/projects\/"},{"@type":"ListItem","position":3,"name":"National","item":"https:\/\/www.acs.si\/en\/projects\/national\/"},{"@type":"ListItem","position":4,"name":"Adult Education Guidance Centres"}]},{"@type":"WebSite","@id":"https:\/\/www.acs.si\/#website","url":"https:\/\/www.acs.si\/","name":"Andrago\u0161ki center Republike Slovenije","description":"","potentialAction":[{"@type":"SearchAction","target":{"@type":"EntryPoint","urlTemplate":"https:\/\/www.acs.si\/?s={search_term_string}"},"query-input":{"@type":"PropertyValueSpecification","valueRequired":true,"valueName":"search_term_string"}}],"inLanguage":"en-US"}]}},"_links":{"self":[{"href":"https:\/\/www.acs.si\/en\/wp-json\/wp\/v2\/pages\/27623","targetHints":{"allow":["GET"]}}],"collection":[{"href":"https:\/\/www.acs.si\/en\/wp-json\/wp\/v2\/pages"}],"about":[{"href":"https:\/\/www.acs.si\/en\/wp-json\/wp\/v2\/types\/page"}],"author":[{"embeddable":true,"href":"https:\/\/www.acs.si\/en\/wp-json\/wp\/v2\/users\/161"}],"replies":[{"embeddable":true,"href":"https:\/\/www.acs.si\/en\/wp-json\/wp\/v2\/comments?post=27623"}],"version-history":[{"count":20,"href":"https:\/\/www.acs.si\/en\/wp-json\/wp\/v2\/pages\/27623\/revisions"}],"predecessor-version":[{"id":85848,"href":"https:\/\/www.acs.si\/en\/wp-json\/wp\/v2\/pages\/27623\/revisions\/85848"}],"up":[{"embeddable":true,"href":"https:\/\/www.acs.si\/en\/wp-json\/wp\/v2\/pages\/28417"}],"wp:attachment":[{"href":"https:\/\/www.acs.si\/en\/wp-json\/wp\/v2\/media?parent=27623"}],"curies":[{"name":"wp","href":"https:\/\/api.w.org\/{rel}","templated":true}]}}