{"id":27612,"date":"2018-08-06T12:04:30","date_gmt":"2018-08-06T11:04:30","guid":{"rendered":"http:\/\/www.acs.si\/?page_id=27612"},"modified":"2025-02-17T12:26:24","modified_gmt":"2025-02-17T11:26:24","slug":"self-directed-learning-centres","status":"publish","type":"page","link":"https:\/\/www.acs.si\/en\/projects\/national\/self-directed-learning-centres\/","title":{"rendered":"Self-Directed Learning Centres"},"content":{"rendered":"<p>[et_pb_section fb_built=&#8221;1&#8243; _builder_version=&#8221;4.16&#8243; custom_padding=&#8221;0px|||&#8221; global_colors_info=&#8221;{}&#8221;][et_pb_row column_structure=&#8221;1_3,2_3&#8243; make_equal=&#8221;on&#8221; module_class=&#8221;logo-img-cont &#8221; _builder_version=&#8221;4.16&#8243; background_size=&#8221;initial&#8221; background_position=&#8221;top_left&#8221; background_repeat=&#8221;repeat&#8221; custom_margin=&#8221;||20px|&#8221; custom_padding=&#8221;0px||0px|&#8221; border_width_all=&#8221;1px&#8221; border_color_all=&#8221;#cdd1d6&#8243; global_colors_info=&#8221;{}&#8221;][et_pb_column type=&#8221;1_3&#8243; _builder_version=&#8221;4.16&#8243; custom_padding=&#8221;|||&#8221; global_colors_info=&#8221;{}&#8221; custom_padding__hover=&#8221;|||&#8221;][et_pb_image src=&#8221;https:\/\/www.acs.si\/wp-content\/uploads\/2018\/03\/OI-SSU.png&#8221; align=&#8221;center&#8221; align_tablet=&#8221;center&#8221; align_phone=&#8221;&#8221; align_last_edited=&#8221;on|desktop&#8221; module_class=&#8221;logo-img&#8221; _builder_version=&#8221;4.16&#8243; custom_padding=&#8221;10px|10px|10px|10px&#8221; border_color_right=&#8221;#cdd1d6&#8243; always_center_on_mobile=&#8221;on&#8221; global_colors_info=&#8221;{}&#8221;][\/et_pb_image][\/et_pb_column][et_pb_column type=&#8221;2_3&#8243; _builder_version=&#8221;4.16&#8243; custom_padding=&#8221;|||&#8221; global_colors_info=&#8221;{}&#8221; custom_padding__hover=&#8221;|||&#8221;][et_pb_text _builder_version=&#8221;4.16&#8243; custom_padding=&#8221;20px|20px|20px|20px&#8221; border_width_left=&#8221;1px&#8221; border_color_left=&#8221;#cdd1d6&#8243; global_colors_info=&#8221;{}&#8221;]<\/p>\n<p>&nbsp;<\/p>\n<table class=\"projektTable\">\n<tbody>\n<tr>\n<td style=\"width: 107px;\"><b>Project<\/b><\/td>\n<td style=\"width: 325px;\">Self-directed learning centres<\/td>\n<\/tr>\n<tr>\n<td style=\"width: 107px;\"><b>Time period<\/b><\/td>\n<td style=\"width: 325px;\">\n<p>Since 1993<br \/>From 2021 onwards as part of the public service<\/p>\n<\/td>\n<\/tr>\n<tr>\n<td style=\"width: 107px;\"><strong>Financed by<\/strong><\/td>\n<td style=\"width: 325px;\">Ministry of Education<\/td>\n<\/tr>\n<tr>\n<td style=\"width: 107px;\"><b>Contact<\/b><\/td>\n<td style=\"width: 325px;\">\n<p>Ur\u0161ka Pavli\u010d<\/p>\n<p>T: +386 1 5842 581<\/p>\n<p>E: <a href=\"mailto:margerita.zagmajster@acs.si\">urska.pavlic@acs.si<\/a><\/p>\n<p><a href=\"mailto:margerita.zagmajster@acs.si\"> <\/a><\/p>\n<p><a href=\"mailto:margerita.zagmajster@acs.si\"><\/a><\/p>\n<\/td>\n<\/tr>\n<\/tbody>\n<\/table>\n<p>&nbsp;<\/p>\n<p>[\/et_pb_text][\/et_pb_column][\/et_pb_row][et_pb_row _builder_version=&#8221;4.16&#8243; background_size=&#8221;initial&#8221; background_position=&#8221;top_left&#8221; background_repeat=&#8221;repeat&#8221; global_colors_info=&#8221;{}&#8221;][et_pb_column type=&#8221;4_4&#8243; _builder_version=&#8221;4.16&#8243; custom_padding=&#8221;|||&#8221; global_colors_info=&#8221;{}&#8221; custom_padding__hover=&#8221;|||&#8221;][et_pb_text admin_label=&#8221;Namen&#8221; _builder_version=&#8221;4.16&#8243; text_font_size=&#8221;10px&#8221; header_5_text_color=&#8221;#ffffff&#8221; header_5_font_size=&#8221;17px&#8221; header_5_line_height=&#8221;27px&#8221; custom_margin=&#8221;||0px|&#8221; custom_padding=&#8221;||0px|&#8221; global_colors_info=&#8221;{}&#8221;]<\/p>\n<p>&nbsp;<\/p>\n<h5 class=\"purple\">AIM<\/h5>\n<p>At the\u00a0Self-Directed Learning Centres (SDLC), adults can acquire, consolidate and improve their knowledge independently. To support the independent learning process, professionally trained counsellors help the participants select their learning materials and learning methods. The SDLCs offer materials for independent learning, modern learning technologies and the professional and guidance support of the SDLC staff.<\/p>\n<p>&nbsp;<\/p>\n<p>[\/et_pb_text][\/et_pb_column][\/et_pb_row][et_pb_row _builder_version=&#8221;4.16&#8243; background_size=&#8221;initial&#8221; background_position=&#8221;top_left&#8221; background_repeat=&#8221;repeat&#8221; global_colors_info=&#8221;{}&#8221;][et_pb_column type=&#8221;4_4&#8243; _builder_version=&#8221;4.16&#8243; custom_padding=&#8221;|||&#8221; global_colors_info=&#8221;{}&#8221; custom_padding__hover=&#8221;|||&#8221;][et_pb_text admin_label=&#8221;Cilji&#8221; _builder_version=&#8221;4.16&#8243; text_font_size=&#8221;10px&#8221; header_5_text_color=&#8221;#ffffff&#8221; header_5_font_size=&#8221;17px&#8221; header_5_line_height=&#8221;27px&#8221; custom_margin=&#8221;||0px|&#8221; custom_padding=&#8221;||0px|&#8221; global_colors_info=&#8221;{}&#8221;]<\/p>\n<p>&nbsp;<\/p>\n<h5 class=\"purple\">OBJECTIVES<\/h5>\n<p>The underlying objectives of the SDLCs are:<\/p>\n<ul>\n<li>To ensure the possibility of non-formal education by providing free organised independent learning to the widest possible range of people;<\/li>\n<li>To spread the culture of independent learning and increase the level of education within the population;<\/li>\n<\/ul>\n<p>&nbsp;<\/p>\n<p>[\/et_pb_text][et_pb_toggle title=&#8221;Read more&#8221; admin_label=&#8221;Preberi ve\u010d&#8221; _builder_version=&#8221;4.17.2&#8243; custom_margin=&#8221;||31px|||&#8221; custom_padding=&#8221;||0px|||&#8221; hover_enabled=&#8221;0&#8243; global_colors_info=&#8221;{}&#8221; sticky_enabled=&#8221;0&#8243;]<\/p>\n<p>&nbsp;<\/p>\n<ul>\n<li>To encourage and motivate individuals to learn (acquire new knowledge, consolidate old knowledge and spread the importance of lifelong learning);<\/li>\n<li>To meet the needs of adult learners (accessibility, free choice of content and sources, free choice of schedule and speed of learning), while paying special attention to those who are prevented from joining organised forms of learning due to physical or time barriers, who are better suited to independent learning using ICT technologies and who cannot access other forms of learning due to financial barriers;<\/li>\n<li>To prepare learning material and materials for independent learning and to constantly improve educational programmes.<\/li>\n<\/ul>\n<p>[\/et_pb_toggle][\/et_pb_column][\/et_pb_row][et_pb_row _builder_version=&#8221;4.16&#8243; background_size=&#8221;initial&#8221; background_position=&#8221;top_left&#8221; background_repeat=&#8221;repeat&#8221; global_colors_info=&#8221;{}&#8221;][et_pb_column type=&#8221;4_4&#8243; _builder_version=&#8221;4.16&#8243; custom_padding=&#8221;|||&#8221; global_colors_info=&#8221;{}&#8221; custom_padding__hover=&#8221;|||&#8221;][et_pb_text admin_label=&#8221;Opis&#8221; _builder_version=&#8221;4.16&#8243; text_font_size=&#8221;10px&#8221; header_5_text_color=&#8221;#ffffff&#8221; header_5_font_size=&#8221;17px&#8221; header_5_line_height=&#8221;27px&#8221; custom_margin=&#8221;||0px|&#8221; custom_padding=&#8221;||0px|&#8221; global_colors_info=&#8221;{}&#8221;]<\/p>\n<p>&nbsp;<\/p>\n<h5 class=\"purple\">DESCRIPTION<\/h5>\n<p>The Self-directed learning centres (SDLC) are aimed at all adults who cannot access or are not suited for traditional learning and education for any reason. The participants can use the SDLCs for free, as they are financed by the Ministry of Education.<\/p>\n<p>&nbsp;<\/p>\n<p>[\/et_pb_text][et_pb_toggle title=&#8221;Read more&#8221; admin_label=&#8221;Preberi ve\u010d&#8221; _builder_version=&#8221;4.17.2&#8243; global_colors_info=&#8221;{}&#8221;]<\/p>\n<p>&nbsp;<\/p>\n<p>The SIAE started developing organised self-learning in 1993 with the aim of establishing and spreading the culture of organised self-learning in Slovenia. The SDLCs are for all adults who, for whatever reason, find traditional learning and education inaccessible or inappropriate. As of 1 January 2021, a public network in adult education guidance was set up, of which guidance on self-directed learning is an integral part. The public network initially included 34 and, as of January 2022, 35 public adult education organisations.<\/p>\n<p>The Slovenian Institute for Adult Education provides professional support to the SDLC network, maintains and updates the SDLC portal and monitors SDLC operation using the SDLC computer application.\u00a0<\/p>\n<p>With regard to<strong> guidance in self-directed learning<\/strong>, the adult education counsellor offers adults professional and guidance support within the framework of organised self-directed learning. Professional and guidance support encompasses (<a href=\"https:\/\/www.acs.si\/en\/digital-library\/guidelines-for-implementing-adult-education-guidance-as-a-public-service\/\">Guidelines for implementing adult education guidance as a public Service<\/a>, 2020)<span>:<\/span><\/p>\n<ul>\n<li>identifying the interests, learning needs and level of prior knowledge of adults in a particular content or area;<\/li>\n<li>planning and monitoring the individual learning of adults in self-directed learning;<\/li>\n<li>motivating, encouraging and empowering adults for self-directed learning;<\/li>\n<li>using materials, educational resources and technology in self-directed learning;<\/li>\n<li>sharing knowledge about learning and the methods and techniques of learning;<\/li>\n<li>guiding the learning process;<\/li>\n<li>monitoring the learning progress of adults.<\/li>\n<\/ul>\n<p>[\/et_pb_toggle][\/et_pb_column][\/et_pb_row][et_pb_row _builder_version=&#8221;4.16&#8243; background_size=&#8221;initial&#8221; background_position=&#8221;top_left&#8221; background_repeat=&#8221;repeat&#8221; global_colors_info=&#8221;{}&#8221;][et_pb_column type=&#8221;4_4&#8243; _builder_version=&#8221;4.16&#8243; custom_padding=&#8221;|||&#8221; global_colors_info=&#8221;{}&#8221; custom_padding__hover=&#8221;|||&#8221;][et_pb_text admin_label=&#8221;Aktivnost&#8221; _builder_version=&#8221;4.16&#8243; text_font_size=&#8221;10px&#8221; header_5_text_color=&#8221;#ffffff&#8221; header_5_font_size=&#8221;17px&#8221; header_5_line_height=&#8221;27px&#8221; custom_margin=&#8221;||0px|&#8221; custom_padding=&#8221;||0px|&#8221; global_colors_info=&#8221;{}&#8221;]<\/p>\n<p>&nbsp;<\/p>\n<h5 class=\"purple\">ACTIVITIES<\/h5>\n<ul>\n<li>Professional and guidance support within the SDLC network;<\/li>\n<li>Quality assurance, development and evaluation of SDLC operation;<\/li>\n<\/ul>\n<p>[\/et_pb_text][et_pb_toggle title=&#8221;Read more&#8221; admin_label=&#8221;Preberi ve\u010d&#8221; _builder_version=&#8221;4.17.2&#8243; custom_margin=&#8221;20px|||&#8221; global_colors_info=&#8221;{}&#8221;]<\/p>\n<p>&nbsp;<\/p>\n<ul>\n<li>Planning, development, updating and implementation of the basic training and improvement programmes;<\/li>\n<li>Development and editing of learning materials, the portal, the application, joint documentation and databases on SDLC operation and the activities within organised self-learning.<\/li>\n<\/ul>\n<p>[\/et_pb_toggle][\/et_pb_column][\/et_pb_row][et_pb_row _builder_version=&#8221;4.16&#8243; background_size=&#8221;initial&#8221; background_position=&#8221;top_left&#8221; background_repeat=&#8221;repeat&#8221; global_colors_info=&#8221;{}&#8221;][et_pb_column type=&#8221;4_4&#8243; _builder_version=&#8221;4.16&#8243; custom_padding=&#8221;|||&#8221; global_colors_info=&#8221;{}&#8221; custom_padding__hover=&#8221;|||&#8221;][et_pb_text admin_label=&#8221;Klju\u010dni dose\u017eki&#8221; _builder_version=&#8221;4.16&#8243; text_font_size=&#8221;10px&#8221; header_5_text_color=&#8221;#ffffff&#8221; header_5_font_size=&#8221;17px&#8221; header_5_line_height=&#8221;27px&#8221; custom_margin=&#8221;||0px|&#8221; custom_padding=&#8221;||0px|&#8221; global_colors_info=&#8221;{}&#8221;]<\/p>\n<p>&nbsp;<\/p>\n<h5 class=\"purple\">KEY ACHIEVEMENTS<\/h5>\n<p><span>From 2021 onwards the Self-directed learning centres are a part of the public service, therefore their key achievements are published in the annual Monitoring Reports (published in Slovenian language in the\u00a0<\/span><a href=\"https:\/\/www.acs.si\/digitalna-bralnica\/#results\" role=\"link\">Digital Reading Room<\/a><span>).<\/span><\/p>\n<p>Read more about <span>Self-directed learning centres<\/span> in <a href=\"https:\/\/www.acs.si\/en\/digital-library\/guidelines-for-implementing-adult-education-guidance-as-a-public-service\/\">Guidelines for implementing adult education guidance as a public Service<\/a> and the report <a href=\"https:\/\/arhiv.acs.si\/porocila\/Priporocila_za_posodobitev_modela_SSU_in_modela_BZ.pdf\">Recommendations for updating the SDLC model and the Learning Exchange (LE) model<\/a>.<\/p>\n<p>[\/et_pb_text][\/et_pb_column][\/et_pb_row][\/et_pb_section]<\/p>\n","protected":false},"excerpt":{"rendered":"<p>&nbsp; Project&#8230;<\/p>\n","protected":false},"author":161,"featured_media":0,"parent":28417,"menu_order":13,"comment_status":"closed","ping_status":"closed","template":"page_projekt.php","meta":{"_acf_changed":false,"_et_pb_use_builder":"on","_et_pb_old_content":"<p>V sredi\u0161\u010dih za samostojno u\u010denje (SSU) lahko odrasli samostojno pridobivajo, utrjujejo in nadgrajujejo svoje znanje. U\u010denje poteka samostojno, udele\u017eencem pa pri izbiri u\u010dnih gradiv in na\u010dina u\u010denja pomagajo strokovno usposobljeni svetovalci. \u00a0V SSU so na voljo gradiva za samostojno u\u010denje, sodobna u\u010dna tehnologija ter strokovna pomo\u010d osebja v SSU. V sredi\u0161\u010dih se odrasli lahko u\u010dijo razli\u010dnih vsebin kot so npr. ra\u010dunalni\u0161tvo, razli\u010dni tuji jeziki, slovenski jezik, matematika ter mnoge druge zanimive vsebine. U\u010dijo se s pomo\u010djo gradiv za samostojno u\u010denje (CD\/DVD, priro\u010dniki, u\u010dbeniki, spletna gradiva ipd.), pri u\u010denju pa lahko uporabljajo tudi razli\u010dne leksikone, slovarje in druge u\u010dne pripomo\u010dke.<\/p>\r\n<p>SSU so namenjena vsem odraslim, ki jim iz kakr\u0161nih koli razlogov tradicionalno u\u010denje in izobra\u017eevanje nista dostopna ali jim ne ustrezata. U\u010denje v sredi\u0161\u010dih je za udele\u017eence brezpla\u010dno, saj ga sofinancira MIZ\u0160.<\/p>\r\n<p>SSU so rezultat projekta Organizirano samostojno u\u010denje, ki se je za\u010del na ACS leta 1993 z \u017eeljo po vzpostaviti in \u0161irjenju kulture organiziranega samostojnega u\u010denja v Sloveniji. V Mre\u017ei sredi\u0161\u010d SSU deluje trenutno <a href=\"https:\/\/portalssu.acs.si\/ssu\/sredi\u0161\u010da\" target=\"_blank\"><strong>36 splo\u0161noizobra\u017eevalnih sredi\u0161\u010d<\/strong><\/a>, ki so na razli\u010dnih lokacijah po vsej Sloveniji.<\/p>\r\n<p>Andrago\u0161ki center Slovenije zagotavlja strokovno podporo mre\u017ei SSU, skrbi za vzdr\u017eevanje in posodabljanje <strong><a href=\"https:\/\/portalssu.acs.si\/ssu\" target=\"_blank\">portala SSU<\/a>\u00a0<\/strong>in spremljanje delovanja SSU s pomo\u010djo <a href=\"https:\/\/ssu.acs.si\/mreza\" target=\"_blank\"><strong>ra\u010dunalni\u0161ke aplikacije SSU<\/strong><\/a>. Delovanje SSU, ki dosegajo kriterije, opredeljene z Odredbo o standardih in normativih v izobra\u017eevanju odraslih (<a href=\"http:\/\/www.uradni-list.si\/1\/objava.jsp?urlid=200043&stevilka=1991\" target=\"_blank\">Uradni list RS, \u0161t. 43\/2000<\/a>), sofinancira MIZ\u0160.<\/p>","_et_gb_content_width":"","inline_featured_image":false,"footnotes":""},"class_list":["post-27612","page","type-page","status-publish","hentry"],"acf":[],"yoast_head":"<!-- This site is optimized with the Yoast SEO plugin v26.2 - https:\/\/yoast.com\/wordpress\/plugins\/seo\/ -->\n<title>Self-Directed Learning Centres | Andrago\u0161ki center Republike Slovenije<\/title>\n<meta name=\"robots\" content=\"index, follow, max-snippet:-1, max-image-preview:large, max-video-preview:-1\" \/>\n<link rel=\"canonical\" href=\"https:\/\/www.acs.si\/en\/projects\/national\/self-directed-learning-centres\/\" \/>\n<meta property=\"og:locale\" content=\"en_US\" \/>\n<meta property=\"og:type\" content=\"article\" \/>\n<meta property=\"og:title\" content=\"Self-Directed Learning Centres | Andrago\u0161ki center Republike Slovenije\" \/>\n<meta property=\"og:description\" content=\"&nbsp; Project...\" \/>\n<meta property=\"og:url\" content=\"https:\/\/www.acs.si\/en\/projects\/national\/self-directed-learning-centres\/\" \/>\n<meta property=\"og:site_name\" content=\"Andrago\u0161ki center Republike Slovenije\" \/>\n<meta property=\"article:publisher\" content=\"https:\/\/www.facebook.com\/AndragoskiCenterSlovenije\/\" \/>\n<meta property=\"article:modified_time\" content=\"2025-02-17T11:26:24+00:00\" \/>\n<meta name=\"twitter:card\" content=\"summary_large_image\" \/>\n<meta name=\"twitter:label1\" content=\"Est. reading time\" \/>\n\t<meta name=\"twitter:data1\" content=\"4 minutes\" \/>\n<script type=\"application\/ld+json\" class=\"yoast-schema-graph\">{\"@context\":\"https:\/\/schema.org\",\"@graph\":[{\"@type\":\"WebPage\",\"@id\":\"https:\/\/www.acs.si\/en\/projects\/national\/self-directed-learning-centres\/\",\"url\":\"https:\/\/www.acs.si\/en\/projects\/national\/self-directed-learning-centres\/\",\"name\":\"Self-Directed Learning Centres | Andrago\u0161ki center Republike Slovenije\",\"isPartOf\":{\"@id\":\"https:\/\/www.acs.si\/#website\"},\"datePublished\":\"2018-08-06T11:04:30+00:00\",\"dateModified\":\"2025-02-17T11:26:24+00:00\",\"breadcrumb\":{\"@id\":\"https:\/\/www.acs.si\/en\/projects\/national\/self-directed-learning-centres\/#breadcrumb\"},\"inLanguage\":\"en-US\",\"potentialAction\":[{\"@type\":\"ReadAction\",\"target\":[\"https:\/\/www.acs.si\/en\/projects\/national\/self-directed-learning-centres\/\"]}]},{\"@type\":\"BreadcrumbList\",\"@id\":\"https:\/\/www.acs.si\/en\/projects\/national\/self-directed-learning-centres\/#breadcrumb\",\"itemListElement\":[{\"@type\":\"ListItem\",\"position\":1,\"name\":\"Home\",\"item\":\"https:\/\/www.acs.si\/en\/\"},{\"@type\":\"ListItem\",\"position\":2,\"name\":\"Projects\",\"item\":\"https:\/\/www.acs.si\/en\/projects\/\"},{\"@type\":\"ListItem\",\"position\":3,\"name\":\"National\",\"item\":\"https:\/\/www.acs.si\/en\/projects\/national\/\"},{\"@type\":\"ListItem\",\"position\":4,\"name\":\"Self-Directed Learning Centres\"}]},{\"@type\":\"WebSite\",\"@id\":\"https:\/\/www.acs.si\/#website\",\"url\":\"https:\/\/www.acs.si\/\",\"name\":\"Andrago\u0161ki center Republike Slovenije\",\"description\":\"\",\"potentialAction\":[{\"@type\":\"SearchAction\",\"target\":{\"@type\":\"EntryPoint\",\"urlTemplate\":\"https:\/\/www.acs.si\/?s={search_term_string}\"},\"query-input\":{\"@type\":\"PropertyValueSpecification\",\"valueRequired\":true,\"valueName\":\"search_term_string\"}}],\"inLanguage\":\"en-US\"}]}<\/script>\n<!-- \/ Yoast SEO plugin. -->","yoast_head_json":{"title":"Self-Directed Learning Centres | Andrago\u0161ki center Republike Slovenije","robots":{"index":"index","follow":"follow","max-snippet":"max-snippet:-1","max-image-preview":"max-image-preview:large","max-video-preview":"max-video-preview:-1"},"canonical":"https:\/\/www.acs.si\/en\/projects\/national\/self-directed-learning-centres\/","og_locale":"en_US","og_type":"article","og_title":"Self-Directed Learning Centres | Andrago\u0161ki center Republike Slovenije","og_description":"&nbsp; Project...","og_url":"https:\/\/www.acs.si\/en\/projects\/national\/self-directed-learning-centres\/","og_site_name":"Andrago\u0161ki center Republike Slovenije","article_publisher":"https:\/\/www.facebook.com\/AndragoskiCenterSlovenije\/","article_modified_time":"2025-02-17T11:26:24+00:00","twitter_card":"summary_large_image","twitter_misc":{"Est. reading time":"4 minutes"},"schema":{"@context":"https:\/\/schema.org","@graph":[{"@type":"WebPage","@id":"https:\/\/www.acs.si\/en\/projects\/national\/self-directed-learning-centres\/","url":"https:\/\/www.acs.si\/en\/projects\/national\/self-directed-learning-centres\/","name":"Self-Directed Learning Centres | Andrago\u0161ki center Republike Slovenije","isPartOf":{"@id":"https:\/\/www.acs.si\/#website"},"datePublished":"2018-08-06T11:04:30+00:00","dateModified":"2025-02-17T11:26:24+00:00","breadcrumb":{"@id":"https:\/\/www.acs.si\/en\/projects\/national\/self-directed-learning-centres\/#breadcrumb"},"inLanguage":"en-US","potentialAction":[{"@type":"ReadAction","target":["https:\/\/www.acs.si\/en\/projects\/national\/self-directed-learning-centres\/"]}]},{"@type":"BreadcrumbList","@id":"https:\/\/www.acs.si\/en\/projects\/national\/self-directed-learning-centres\/#breadcrumb","itemListElement":[{"@type":"ListItem","position":1,"name":"Home","item":"https:\/\/www.acs.si\/en\/"},{"@type":"ListItem","position":2,"name":"Projects","item":"https:\/\/www.acs.si\/en\/projects\/"},{"@type":"ListItem","position":3,"name":"National","item":"https:\/\/www.acs.si\/en\/projects\/national\/"},{"@type":"ListItem","position":4,"name":"Self-Directed Learning Centres"}]},{"@type":"WebSite","@id":"https:\/\/www.acs.si\/#website","url":"https:\/\/www.acs.si\/","name":"Andrago\u0161ki center Republike Slovenije","description":"","potentialAction":[{"@type":"SearchAction","target":{"@type":"EntryPoint","urlTemplate":"https:\/\/www.acs.si\/?s={search_term_string}"},"query-input":{"@type":"PropertyValueSpecification","valueRequired":true,"valueName":"search_term_string"}}],"inLanguage":"en-US"}]}},"_links":{"self":[{"href":"https:\/\/www.acs.si\/en\/wp-json\/wp\/v2\/pages\/27612","targetHints":{"allow":["GET"]}}],"collection":[{"href":"https:\/\/www.acs.si\/en\/wp-json\/wp\/v2\/pages"}],"about":[{"href":"https:\/\/www.acs.si\/en\/wp-json\/wp\/v2\/types\/page"}],"author":[{"embeddable":true,"href":"https:\/\/www.acs.si\/en\/wp-json\/wp\/v2\/users\/161"}],"replies":[{"embeddable":true,"href":"https:\/\/www.acs.si\/en\/wp-json\/wp\/v2\/comments?post=27612"}],"version-history":[{"count":24,"href":"https:\/\/www.acs.si\/en\/wp-json\/wp\/v2\/pages\/27612\/revisions"}],"predecessor-version":[{"id":78440,"href":"https:\/\/www.acs.si\/en\/wp-json\/wp\/v2\/pages\/27612\/revisions\/78440"}],"up":[{"embeddable":true,"href":"https:\/\/www.acs.si\/en\/wp-json\/wp\/v2\/pages\/28417"}],"wp:attachment":[{"href":"https:\/\/www.acs.si\/en\/wp-json\/wp\/v2\/media?parent=27612"}],"curies":[{"name":"wp","href":"https:\/\/api.w.org\/{rel}","templated":true}]}}