{"id":27442,"date":"2018-07-27T13:24:55","date_gmt":"2018-07-27T12:24:55","guid":{"rendered":"http:\/\/www.acs.si\/?page_id=27442"},"modified":"2024-09-11T12:14:20","modified_gmt":"2024-09-11T10:14:20","slug":"validation","status":"publish","type":"page","link":"https:\/\/www.acs.si\/en\/fields-of-work\/validation\/","title":{"rendered":"Validation"},"content":{"rendered":"<p>[et_pb_section fb_built=&#8221;1&#8243; _builder_version=&#8221;4.16&#8243; global_colors_info=&#8221;{}&#8221;][et_pb_row _builder_version=&#8221;4.16&#8243; background_size=&#8221;initial&#8221; background_position=&#8221;top_left&#8221; background_repeat=&#8221;repeat&#8221; global_colors_info=&#8221;{}&#8221;][et_pb_column type=&#8221;4_4&#8243; _builder_version=&#8221;4.16&#8243; custom_padding=&#8221;|||&#8221; global_colors_info=&#8221;{}&#8221; custom_padding__hover=&#8221;|||&#8221;][et_pb_text admin_label=&#8221;Povzetek v okvirju&#8221; _builder_version=&#8221;4.16&#8243; global_colors_info=&#8221;{}&#8221;]<\/p>\n<div class=\"summary\">\n<div class=\"summaryIcon\"><img decoding=\"async\" src=\"https:\/\/www.acs.si\/wp-content\/themes\/andragoski\/images\/icons\/icon_vrednotenje.svg\" alt=\"image\" \/><\/div>\n<p>We develop knowledge throughout our lives, in various ways and under different circumstances. The validation of the non-formal and informal knowledge of adults is important because it allows us to rate all of our knowledge realistically and become aware of its importance. We develop the following in this area:<\/p>\n<ul>\n<li>procedures, tools and professional materials and<\/li>\n<li>we provide for the systemic incorporation of the field into adult education.<\/li>\n<\/ul>\n<p>We also work professionally:<\/p>\n<ul>\n<li>on the coordination of key providers of the National Vocational Qualifications system (NPK);<\/li>\n<li>on the training of the members of committees for the validation of NPK;<\/li>\n<li>on the establishment of ties with key stakeholders and the entities tasked with the development of this field at home and abroad.<\/li>\n<\/ul>\n<\/div>\n<p>[\/et_pb_text][\/et_pb_column][\/et_pb_row][et_pb_row _builder_version=&#8221;4.16&#8243; background_size=&#8221;initial&#8221; background_position=&#8221;top_left&#8221; background_repeat=&#8221;repeat&#8221; global_colors_info=&#8221;{}&#8221;][et_pb_column type=&#8221;4_4&#8243; _builder_version=&#8221;4.16&#8243; custom_padding=&#8221;|||&#8221; global_colors_info=&#8221;{}&#8221; custom_padding__hover=&#8221;|||&#8221;][et_pb_text admin_label=&#8221;Opis podro\u010dja&#8221; _builder_version=&#8221;4.16&#8243; global_colors_info=&#8221;{}&#8221;]<\/p>\n<p>In the Slovenian education system, adult learning is validated and recognised for two purposes: for participation in formal education and the acquisition of national vocational qualifications (<a href=\"http:\/\/www.npk.si\/\">NPK<\/a>). We also support a third purpose with our development projects at the SIAE: documentation and validation of adults&#8217; knowledge and experience in order to ensure greater flexibility on the labour market, personal growth and the development of key competences. When developing and implementing the procedure for the validation of adults&#8217; non-formal and informal learning, we follow international professional recommendations. Both the EU (2012) and the European Centre for the Development of Vocational Training (Cedefop, 2023) define four key phases of the validation process: identification, documentation, assessment and certification. We develop professional materials and tools for the first three phases. The result of the validation process is a <a href=\"https:\/\/arhiv.acs.si\/rezultati_projektov\/SPISDVNPZ_2016-2022\/Vodila_za_pripravo_portfolija.pdf\">portfolio<\/a>, an opinion of an adult education professional on the individual&#8217;s competences, and a plan for further education, employment and career development. We have outlined these activities most comprehensively in the manual entitled <a href=\"https:\/\/www.acs.si\/upload\/fck\/Image\/Ugotavljanje_vrednotenje_in_priznavanje_neformalno_in_prilonostno_pridobljenega_znanja_odraslih.pdf\">Determination, Validation and Recognition of Adults&#8217; Non-formal and Informal Learning<\/a>.<\/p>\n<p>According to Article 52 of the <a href=\"http:\/\/www.pisrs.si\/Pis.web\/pregledPredpisa?id=ZAKO7641\">Adult Education Act<\/a> (AEA-1), which was adopted in 2018, guidance in adult education is the subject of the public service in this field in Slovenia. Identification and documentation of knowledge and skills is one of three areas of guidance, the other two being enrolment in education and continuation of education and organised self-directed learning. Guidance on identification and documentation refers to the professional support provided by counsellors to adults on identification and documentation of their previously acquired knowledge and skills, which are the first two phases in the comprehensive process of validating their previously acquired knowledge and skills. The active role of the adult in gathering certificates and other documentation is emphasised as well as the active role of the counsellor in guiding the adult through the process and presenting the possibilities of using the results of this process in continuation of education and career development. The professional basis for the implementation of guidance activities in adult education is substantiated in\u00a0<a href=\"https:\/\/www.acs.si\/en\/digital-library\/guidelines-for-implementing-adult-education-guidance-as-a-public-service\/\">The Guidelines for Implementing Adult Education Guidance as a Public Service<\/a>\u00a0(adopted by the Expert Council for Adult Education in June 2020).<\/p>\n<p>The quality of the work in this area is ensured through the training of professionals who carry out procedures for adult learning validation and through the development of approaches for the monitoring and evaluation of processes, results and effects of the validation.<\/p>\n<p>Would you like to learn more about the validation of (your own) knowledge? Visit the web portal on <a href=\"https:\/\/svetovanje.acs.si\/svetovalna-dejavnost-v-io\/svetovanje-pri-ugotavljanju-in-dokumentiranju-znanja-in-spretnosti\/\">Adlt Educatin Guidance<\/a> (in Slovenian).<\/p>\n<p>[\/et_pb_text][\/et_pb_column][\/et_pb_row][et_pb_row _builder_version=&#8221;4.16&#8243; background_size=&#8221;initial&#8221; background_position=&#8221;top_left&#8221; background_repeat=&#8221;repeat&#8221; global_colors_info=&#8221;{}&#8221;][et_pb_column type=&#8221;4_4&#8243; _builder_version=&#8221;4.16&#8243; custom_padding=&#8221;|||&#8221; global_colors_info=&#8221;{}&#8221; custom_padding__hover=&#8221;|||&#8221;][et_pb_text admin_label=&#8221;Citat&#8221; _builder_version=&#8221;4.16&#8243; global_colors_info=&#8221;{}&#8221;]<\/p>\n<div class=\"blockquote\">\n<p>Learning is a treasure that will follow its owner everywhere.<\/p>\n<p class=\"author\">Chinese proverb<\/p>\n<\/div>\n<p>[\/et_pb_text][\/et_pb_column][\/et_pb_row][\/et_pb_section]<\/p>\n","protected":false},"excerpt":{"rendered":"<p>We develop&#8230;<\/p>\n","protected":false},"author":161,"featured_media":0,"parent":28313,"menu_order":0,"comment_status":"closed","ping_status":"closed","template":"","meta":{"_acf_changed":false,"_et_pb_use_builder":"on","_et_pb_old_content":"<div class=\"summary\">\r\n<div class=\"summaryIcon\">\r\n\t<img src=\"https:\/\/www.acs.si\/wp-content\/themes\/andragoski\/images\/icons\/icon_vrednotenje.svg\" alt=\"image\">\r\n<\/div>\r\n\t<p>ACS se z vrednotenjem neformalno pridobljenega znanja odraslih ukvarja od ustanovitve leta 1991. Naloge na tem podro\u010dju obsegajo strokovno sodelovanje:<\/p>\r\n\t<ul>\r\n\t\t<li>pri koordinaciji klju\u010dnih nosilcev sistema nacionalnih poklicnih kvalifikacij, <\/li>\r\n\t\t<li>pri usposabljanju \u010dlanov komisija za potrjevanje NPK,<\/li>\r\n\t\t<li>pri sistemskem urejanju podro\u010dja,<\/li>\r\n\t\t<li>pri povezovanju s klju\u010dnimi dele\u017eniki in nosilci razvoja podro\u010dja doma in v tujini. <\/li>\r\n\t<\/ul>\r\n<\/div>\r\n\r\n<p>Na ACS se z vrednotenjem neformalno pridobljenega znanja odrasli ukvarjamo od ustanovitve leta 1991.  V zadnjih letih v okviru letnega delovnega na\u010drta in projektov Evropskega socialnega sklada razvijamo postopke, orodja in strokovna gradiva ter skrbimo za sistemsko ume\u0161\u010danje podro\u010dja v izobra\u017eevanje odraslih. <\/p>\r\n<p>\r\nV slovenski praksi sta se uveljavila dva namena vrednotenja znanj odraslih, za udele\u017ebo v formalnem izobra\u017eevanju in za pridobivanje nacionalnih poklicnih kvalifikacij (ve\u010d informacij o NPK je na spletni strani <a href=\"http:\/\/www.npk.si\/\" rel=\"noopener\" target=\"_blank\">http:\/\/www.npk.si\/<\/a>). Z razvojnimi projekti ACS uveljavljenima namenoma dodajamo \u0161e tretjega: za evidentiranje in opis znanja ter izku\u0161enj s ciljem zagotavljati ve\u010djo pro\u017enost na trgu dela, za osebno rast in razvoj klju\u010dnih kompetenc. V razvoju in implementaciji postopka vrednotenja neformalno in prilo\u017enostno pridobljenega znanja odraslih, sledimo mednarodna strokovna priporo\u010dila. Tako EU (2012), kot Cedefop (2015), opredeljujeta 4 klju\u010dne faze procesa vrednotenja: ugotavljanje, dokumentiranje, ocenjevanje in certificiranje. Na ACS razvijamo strokovna gradiva in orodja za prve tri faze. Rezultat procesa vrednotenja je izdelan portfolijo \u2013 v fizi\u010dni ali elektronski obliki (glej tudi <a href=\"https:\/\/eportfolijo.acs.si\/\" rel=\"noopener\" target=\"_blank\">https:\/\/eportfolijo.acs.si\/<\/a>), mnenje strokovnega delavca v IO o kompetencah odraslega, izdelan na\u010drt za nadaljnje izobra\u017eevanje, zaposlitev, razvoj kariere.  Najbolj celostno smo vse te aktivnosti opisali v priro\u010dniku Ugotavljanje, vrednotenje in priznavanje neformalno in prilo\u017enostno pridobljenega znanja odraslih (ACS, 2012) \u2013 dostopno tudi <a href=\"https:\/\/www.acs.si\/upload\/fck\/Image\/Ugotavljanje_vrednotenje_in_priznavanje_neformalno_in_prilonostno_pridobljenega_znanja_odraslih.pdf\" rel=\"noopener\" target=\"_blank\">na spletu<\/a>. <\/p>\r\n<p>\r\nKakovost dela na tem podro\u010dju, poleg zgoraj navedenega, zagotavljamo tudi z usposabljanjem strokovnih delavcev, ki izvajajo postopke  vrednotenja znanja odraslih in razvijamo pristope za spremljanje in evalvacijo procesov, rezultatov in u\u010dinkov vrednotenja. <\/p>\r\n<p>\r\nZa strokovno podporo in informiranost vseh strokovnih delavcev v IO o podro\u010dju vrednotenja znanja odraslih, smo razvili in vzpostavili spletni portal Vrednotenje in priznavanja neformalnega znanja: <a href=\"http:\/\/vpnz.acs.si\/\" rel=\"noopener\" target=\"_blank\">http:\/\/vpnz.acs.si\/<\/a>.<\/p>\r\n\r\n\r\n<div class=\"blockquote\">\r\n                        <p>Znanje je zaklad, ki vedno spremlja svojega lastnika.<\/p>\r\n                        <p class=\"author\"> Kitajski pregovor <\/p>\r\n                    <\/div>","_et_gb_content_width":"","inline_featured_image":false,"footnotes":""},"class_list":["post-27442","page","type-page","status-publish","hentry"],"acf":[],"yoast_head":"<!-- This site is optimized with the Yoast SEO plugin v26.2 - https:\/\/yoast.com\/wordpress\/plugins\/seo\/ -->\n<title>Validation | Andrago\u0161ki center Republike Slovenije<\/title>\n<meta name=\"robots\" content=\"index, follow, max-snippet:-1, max-image-preview:large, max-video-preview:-1\" \/>\n<link rel=\"canonical\" href=\"https:\/\/www.acs.si\/en\/fields-of-work\/validation\/\" \/>\n<meta property=\"og:locale\" content=\"en_US\" \/>\n<meta property=\"og:type\" content=\"article\" \/>\n<meta property=\"og:title\" content=\"Validation | Andrago\u0161ki center Republike Slovenije\" \/>\n<meta property=\"og:description\" content=\"We develop...\" \/>\n<meta property=\"og:url\" content=\"https:\/\/www.acs.si\/en\/fields-of-work\/validation\/\" \/>\n<meta property=\"og:site_name\" content=\"Andrago\u0161ki center Republike Slovenije\" \/>\n<meta property=\"article:publisher\" content=\"https:\/\/www.facebook.com\/AndragoskiCenterSlovenije\/\" \/>\n<meta property=\"article:modified_time\" content=\"2024-09-11T10:14:20+00:00\" \/>\n<meta property=\"og:image\" content=\"https:\/\/www.acs.si\/wp-content\/themes\/andragoski\/images\/icons\/icon_vrednotenje.svg\" \/>\n<meta name=\"twitter:card\" content=\"summary_large_image\" \/>\n<meta name=\"twitter:label1\" content=\"Est. reading time\" \/>\n\t<meta name=\"twitter:data1\" content=\"4 minutes\" \/>\n<script type=\"application\/ld+json\" class=\"yoast-schema-graph\">{\"@context\":\"https:\/\/schema.org\",\"@graph\":[{\"@type\":\"WebPage\",\"@id\":\"https:\/\/www.acs.si\/en\/fields-of-work\/validation\/\",\"url\":\"https:\/\/www.acs.si\/en\/fields-of-work\/validation\/\",\"name\":\"Validation | Andrago\u0161ki center Republike Slovenije\",\"isPartOf\":{\"@id\":\"https:\/\/www.acs.si\/#website\"},\"primaryImageOfPage\":{\"@id\":\"https:\/\/www.acs.si\/en\/fields-of-work\/validation\/#primaryimage\"},\"image\":{\"@id\":\"https:\/\/www.acs.si\/en\/fields-of-work\/validation\/#primaryimage\"},\"thumbnailUrl\":\"https:\/\/www.acs.si\/wp-content\/themes\/andragoski\/images\/icons\/icon_vrednotenje.svg\",\"datePublished\":\"2018-07-27T12:24:55+00:00\",\"dateModified\":\"2024-09-11T10:14:20+00:00\",\"breadcrumb\":{\"@id\":\"https:\/\/www.acs.si\/en\/fields-of-work\/validation\/#breadcrumb\"},\"inLanguage\":\"en-US\",\"potentialAction\":[{\"@type\":\"ReadAction\",\"target\":[\"https:\/\/www.acs.si\/en\/fields-of-work\/validation\/\"]}]},{\"@type\":\"ImageObject\",\"inLanguage\":\"en-US\",\"@id\":\"https:\/\/www.acs.si\/en\/fields-of-work\/validation\/#primaryimage\",\"url\":\"https:\/\/www.acs.si\/wp-content\/themes\/andragoski\/images\/icons\/icon_vrednotenje.svg\",\"contentUrl\":\"https:\/\/www.acs.si\/wp-content\/themes\/andragoski\/images\/icons\/icon_vrednotenje.svg\"},{\"@type\":\"BreadcrumbList\",\"@id\":\"https:\/\/www.acs.si\/en\/fields-of-work\/validation\/#breadcrumb\",\"itemListElement\":[{\"@type\":\"ListItem\",\"position\":1,\"name\":\"Home\",\"item\":\"https:\/\/www.acs.si\/en\/\"},{\"@type\":\"ListItem\",\"position\":2,\"name\":\"Fields of Work\",\"item\":\"https:\/\/www.acs.si\/en\/fields-of-work\/\"},{\"@type\":\"ListItem\",\"position\":3,\"name\":\"Validation\"}]},{\"@type\":\"WebSite\",\"@id\":\"https:\/\/www.acs.si\/#website\",\"url\":\"https:\/\/www.acs.si\/\",\"name\":\"Andrago\u0161ki center Republike Slovenije\",\"description\":\"\",\"potentialAction\":[{\"@type\":\"SearchAction\",\"target\":{\"@type\":\"EntryPoint\",\"urlTemplate\":\"https:\/\/www.acs.si\/?s={search_term_string}\"},\"query-input\":{\"@type\":\"PropertyValueSpecification\",\"valueRequired\":true,\"valueName\":\"search_term_string\"}}],\"inLanguage\":\"en-US\"}]}<\/script>\n<!-- \/ Yoast SEO plugin. -->","yoast_head_json":{"title":"Validation | Andrago\u0161ki center Republike Slovenije","robots":{"index":"index","follow":"follow","max-snippet":"max-snippet:-1","max-image-preview":"max-image-preview:large","max-video-preview":"max-video-preview:-1"},"canonical":"https:\/\/www.acs.si\/en\/fields-of-work\/validation\/","og_locale":"en_US","og_type":"article","og_title":"Validation | Andrago\u0161ki center Republike Slovenije","og_description":"We develop...","og_url":"https:\/\/www.acs.si\/en\/fields-of-work\/validation\/","og_site_name":"Andrago\u0161ki center Republike Slovenije","article_publisher":"https:\/\/www.facebook.com\/AndragoskiCenterSlovenije\/","article_modified_time":"2024-09-11T10:14:20+00:00","og_image":[{"url":"https:\/\/www.acs.si\/wp-content\/themes\/andragoski\/images\/icons\/icon_vrednotenje.svg","type":"","width":"","height":""}],"twitter_card":"summary_large_image","twitter_misc":{"Est. reading time":"4 minutes"},"schema":{"@context":"https:\/\/schema.org","@graph":[{"@type":"WebPage","@id":"https:\/\/www.acs.si\/en\/fields-of-work\/validation\/","url":"https:\/\/www.acs.si\/en\/fields-of-work\/validation\/","name":"Validation | Andrago\u0161ki center Republike Slovenije","isPartOf":{"@id":"https:\/\/www.acs.si\/#website"},"primaryImageOfPage":{"@id":"https:\/\/www.acs.si\/en\/fields-of-work\/validation\/#primaryimage"},"image":{"@id":"https:\/\/www.acs.si\/en\/fields-of-work\/validation\/#primaryimage"},"thumbnailUrl":"https:\/\/www.acs.si\/wp-content\/themes\/andragoski\/images\/icons\/icon_vrednotenje.svg","datePublished":"2018-07-27T12:24:55+00:00","dateModified":"2024-09-11T10:14:20+00:00","breadcrumb":{"@id":"https:\/\/www.acs.si\/en\/fields-of-work\/validation\/#breadcrumb"},"inLanguage":"en-US","potentialAction":[{"@type":"ReadAction","target":["https:\/\/www.acs.si\/en\/fields-of-work\/validation\/"]}]},{"@type":"ImageObject","inLanguage":"en-US","@id":"https:\/\/www.acs.si\/en\/fields-of-work\/validation\/#primaryimage","url":"https:\/\/www.acs.si\/wp-content\/themes\/andragoski\/images\/icons\/icon_vrednotenje.svg","contentUrl":"https:\/\/www.acs.si\/wp-content\/themes\/andragoski\/images\/icons\/icon_vrednotenje.svg"},{"@type":"BreadcrumbList","@id":"https:\/\/www.acs.si\/en\/fields-of-work\/validation\/#breadcrumb","itemListElement":[{"@type":"ListItem","position":1,"name":"Home","item":"https:\/\/www.acs.si\/en\/"},{"@type":"ListItem","position":2,"name":"Fields of Work","item":"https:\/\/www.acs.si\/en\/fields-of-work\/"},{"@type":"ListItem","position":3,"name":"Validation"}]},{"@type":"WebSite","@id":"https:\/\/www.acs.si\/#website","url":"https:\/\/www.acs.si\/","name":"Andrago\u0161ki center Republike Slovenije","description":"","potentialAction":[{"@type":"SearchAction","target":{"@type":"EntryPoint","urlTemplate":"https:\/\/www.acs.si\/?s={search_term_string}"},"query-input":{"@type":"PropertyValueSpecification","valueRequired":true,"valueName":"search_term_string"}}],"inLanguage":"en-US"}]}},"_links":{"self":[{"href":"https:\/\/www.acs.si\/en\/wp-json\/wp\/v2\/pages\/27442","targetHints":{"allow":["GET"]}}],"collection":[{"href":"https:\/\/www.acs.si\/en\/wp-json\/wp\/v2\/pages"}],"about":[{"href":"https:\/\/www.acs.si\/en\/wp-json\/wp\/v2\/types\/page"}],"author":[{"embeddable":true,"href":"https:\/\/www.acs.si\/en\/wp-json\/wp\/v2\/users\/161"}],"replies":[{"embeddable":true,"href":"https:\/\/www.acs.si\/en\/wp-json\/wp\/v2\/comments?post=27442"}],"version-history":[{"count":8,"href":"https:\/\/www.acs.si\/en\/wp-json\/wp\/v2\/pages\/27442\/revisions"}],"predecessor-version":[{"id":74651,"href":"https:\/\/www.acs.si\/en\/wp-json\/wp\/v2\/pages\/27442\/revisions\/74651"}],"up":[{"embeddable":true,"href":"https:\/\/www.acs.si\/en\/wp-json\/wp\/v2\/pages\/28313"}],"wp:attachment":[{"href":"https:\/\/www.acs.si\/en\/wp-json\/wp\/v2\/media?parent=27442"}],"curies":[{"name":"wp","href":"https:\/\/api.w.org\/{rel}","templated":true}]}}