{"id":27437,"date":"2018-07-27T13:19:17","date_gmt":"2018-07-27T12:19:17","guid":{"rendered":"http:\/\/www.acs.si\/?page_id=27437"},"modified":"2025-02-19T08:35:23","modified_gmt":"2025-02-19T07:35:23","slug":"guidance","status":"publish","type":"page","link":"https:\/\/www.acs.si\/en\/fields-of-work\/guidance\/","title":{"rendered":"Guidance"},"content":{"rendered":"<p>[et_pb_section fb_built=&#8221;1&#8243; _builder_version=&#8221;4.16&#8243; global_colors_info=&#8221;{}&#8221;][et_pb_row _builder_version=&#8221;4.16&#8243; background_size=&#8221;initial&#8221; background_position=&#8221;top_left&#8221; background_repeat=&#8221;repeat&#8221; global_colors_info=&#8221;{}&#8221;][et_pb_column type=&#8221;4_4&#8243; _builder_version=&#8221;4.16&#8243; custom_padding=&#8221;|||&#8221; global_colors_info=&#8221;{}&#8221; custom_padding__hover=&#8221;|||&#8221;][et_pb_text admin_label=&#8221;Povzetek v okvirju&#8221; _builder_version=&#8221;4.16&#8243; global_colors_info=&#8221;{}&#8221;]<\/p>\n<div class=\"summary\">\n<div class=\"summaryIcon\"><img decoding=\"async\" src=\"https:\/\/www.acs.si\/wp-content\/themes\/andragoski\/images\/icons\/icon_svetovanje.svg\" alt=\"image\" \/><\/div>\n<p>We develop the guidance activity in adult education in several areas:<\/p>\n<ul>\n<li>we provide guidance to the professional and broader public regarding all issues and challenges associated with adult education and learning;<\/li>\n<li>we are developing a model of the information-guidance activity in adult education (ISIO) \u2013 IGAE, which we have incorporated into the network of guidance centres for adult education \u2013 IGAE centres;\u00a0since 2021 guidance activity in adult education (ISIO) \u2013 IGAE is a part of public service;<\/li>\n<li>we develop and prepare professional materials, databases, training courses for counsellors, etc.;<\/li>\n<li>we are involved in the preparation of various policy and professional documents in the field of adult education, especially those in the field of guidance in adult education and we work with other global networks on the development and incorporation of this field into the education system;<\/li>\n<li>we establish ties with domestic and foreign partners and work on both international projects and the projects, co-founded by the <span>European Cohesion Policy Program<\/span>.<\/li>\n<\/ul>\n<\/div>\n<p>[\/et_pb_text][\/et_pb_column][\/et_pb_row][et_pb_row _builder_version=&#8221;4.16&#8243; background_size=&#8221;initial&#8221; background_position=&#8221;top_left&#8221; background_repeat=&#8221;repeat&#8221; global_colors_info=&#8221;{}&#8221;][et_pb_column type=&#8221;4_4&#8243; _builder_version=&#8221;4.16&#8243; custom_padding=&#8221;|||&#8221; global_colors_info=&#8221;{}&#8221; custom_padding__hover=&#8221;|||&#8221;][et_pb_text admin_label=&#8221;Opis podro\u010dja&#8221; _builder_version=&#8221;4.16&#8243; global_colors_info=&#8221;{}&#8221;]<\/p>\n<p>\u00a0We initially provided adult education guidance to the professional and general public both through the provision of information and guidance in person, over the telephone and e-mail, between 1999 and 2020 also through the <a href=\"http:\/\/svetovalni.acs.si\/\">e-Svetovalni koti\u010dek<\/a> (e-Guidance Corner).<\/p>\n<p>We began developing the model of the information-guidance activity in adult education \u2013 IGAE at the end of the nineteen-nineties and integrated it into the network of regional guidance centres for adult education \u2013 <a href=\"http:\/\/isio.acs.si\">IGAE<\/a> centres. Since 2021 guidance activity in adult education (ISIO) \u2013 IGAE is a part of public service, being provided by 35 public adult education centres (34 in 2021 and 35 since 2022). The professional basis for the implementation of guidance activities in adult education is substantiated in <a href=\"https:\/\/www.acs.si\/en\/digital-library\/guidelines-for-implementing-adult-education-guidance-as-a-public-service\/\">The Guidelines for Implementing Adult Education Guidance as a Public Service<\/a> (adopted by the Expert Council for Adult Education in June 2020). For more information visit the public network <a href=\"https:\/\/svetovanje.acs.si\/\">webpage<\/a>\u00a0(in Slovenian).<\/p>\n<p>We have been devoting special attention since 2009 to the development and assessment of the <a href=\"http:\/\/isio.acs.si\/kakovost\/\">quality of the adult education guidance activity<\/a>.\u00a0That remains an important part of quality assurance of adult education guidance as a public service.<\/p>\n<p>We are also developing professional materials, guidance, databases and tools for quality and effective work of adult education counsellors. The majority of such materials are available in the <a href=\"https:\/\/izobrazevanje.acs.si\/knjizna_polica\/\">Publications<\/a> section<strong>.<\/strong> We are developing various training courses for adult education counsellors that reflect the current needs in this area. We devote special attention to the development of guidance for vulnerable groups of adults.<\/p>\n<p>We also develop the activity of guidance in adult education in Slovenia as partners or coordinators of international projects and within the scope of the projects, co-founded by the European Social Found (ESF) and <span>European Cohesion Policy Program<\/span>.<\/p>\n<p>In the 2000\u20132003 period, we were internationally active within the scope of the project entitled EBIS \u2013 Development of Adult Education in South-East Europe, while we worked in the 2007\u20132009 period on the innovative Leonardo da Vinci project Guidance at the workplace \u2013 Guidance merger.<\/p>\n<p>In the 2015\u20132018 period, we were partners in Erasmus+, KA3 project Guidance and Orientation for Adult Learners \u2013 <a href=\"https:\/\/www.acs.si\/en\/projects\/international\/goal\/\">GOAL<\/a>, 2015\u20132018 (in Slovenia the lead partner was the Ministrsy od Eduction, Science and Sport with two partners \u2013 Slovenian Institute for Adult Education and Institute of the Republic of Slovenia for Vocational Education and Training).<\/p>\n<p>In the 2020\u20132022 period, we are partners in Erasmus+. KA2 project Guidance for Low-skilled Adults towards Skills Assessment and Validation \u2013 GLAS (CIK Trebnje being the lead partner in Slovenia).\u00a0<\/p>\n<p>In 2021-2023, we were a partner in the Erasmus+ KA2 project YouthReach: Outreach &#8211; Inclusive and Transformative Framework for All.<\/p>\n<p>In 2022-2024, we were a partner in the Erasmus+ project KA2, Reaching Out to the &#8216;Left-Behind&#8217; &#8211; improving guidance for working persons from the underprivileged milieu.<\/p>\n<p>Co-founded by the European Social Found (ESF) and the Ministry of Education, Science and Spor (now Ministry of Education), we implemented several projects in the past that dealt with the development of the content and training for the area of guidance in adult education:<\/p>\n<ul>\n<li>Education and training of adult education professionals\u00a0 (<a href=\"https:\/\/www.acs.si\/en\/projects\/esf-projects\/education-and-training-of-adult-education-professionals-2009-2011\/\">2009\u20132011<\/a> and <a href=\"https:\/\/www.acs.si\/en\/projects\/esf-projects\/education-and-training-for-adult-education-professionals-2011-2014\/\">2011\u20132014<\/a>),\u00a0<\/li>\n<li>Competences of Adult Education Professionals ( <a href=\"https:\/\/www.acs.si\/en\/projects\/esf-projects\/competences-of-adult-education-professionals-2016-2018\/\">2016\u20132018<\/a> and <a href=\"https:\/\/www.acs.si\/en\/projects\/esf-projects\/competences-of-adult-education-professionals-2018-2022\/\">2018\u20132022<\/a>).<\/li>\n<\/ul>\n<p>In March 2022, we successfully completed a six-year ESF project \u00a0&#8220;<a href=\"https:\/\/www.acs.si\/SPSDV_2016-2021\">Professional Support for the Information-Guidance Activity and Validation of Non-formal Learning 2016\u20132022<\/a><em>&#8220;.<\/em><\/p>\n<p>In 2024, we started a new project, co-founded by the European Cohesion Policy Program, called <a href=\"https:\/\/www.acs.si\/en\/projects\/esf-projects\/strengthening-lifelong-learning\/\"><strong>Strengthening Lifelong Learning<\/strong><\/a>, which will run until June 2029. The project covers several thematic strands, one of which, strand 3, is <em>Strengthening Adult Education Guidance Activities<\/em>. The purpose of these activities is to provide professional support to adult education counsellors through various tools, instruments and materials. These will enable them to inform, motivate and carry out professional and quality adult education guidance in all three areas (guidance on enrolment in education and continuation of education, guidance on identification and documentation of knowledge and skills, guidance on self-directed learning).<\/p>\n<p>We regularly work with other counselling networks in Slovenian on the exchange of knowledge and experience and the incorporation of this field into the education system. Partner networking and cooperation take place within the scope of the development and updating of the <a href=\"http:\/\/www.mojaizbira.si\">portal of all Slovenian networks<\/a> that deal with the area of adult education. Through our member, we participate in the national Lifelong Career Orientation (VKO) Expert Group. We have the strongest ties with the Employment Service of Slovenia, National Education Institute Slovenia, the Association Of Free Trade Unions Of Slovenia, the Institute of the Republic of Slovenia for Vocational Education and Training (CPI), the Public Scholarship, Development, Disability and Maintenance Fund of the Republic of Slovenia, the Chamber of Commerce and Industry of Slovenia, and the Chamber of Craft and Small Business of Slovenia.<\/p>\n<p>[\/et_pb_text][\/et_pb_column][\/et_pb_row][et_pb_row _builder_version=&#8221;4.16&#8243; background_size=&#8221;initial&#8221; background_position=&#8221;top_left&#8221; background_repeat=&#8221;repeat&#8221; global_colors_info=&#8221;{}&#8221;][et_pb_column type=&#8221;4_4&#8243; _builder_version=&#8221;4.16&#8243; custom_padding=&#8221;|||&#8221; global_colors_info=&#8221;{}&#8221; custom_padding__hover=&#8221;|||&#8221;][et_pb_text admin_label=&#8221;Citat&#8221; _builder_version=&#8221;4.16&#8243; global_colors_info=&#8221;{}&#8221;]<\/p>\n<p>\u00a0<\/p>\n<div class=\"blockquote\">\n<p>From guidance to knowledge.<\/p>\n<\/div>\n<p>\u00a0<\/p>\n<p>[\/et_pb_text][\/et_pb_column][\/et_pb_row][\/et_pb_section]<\/p>\n","protected":false},"excerpt":{"rendered":"<p>We develop the&#8230;<\/p>\n","protected":false},"author":161,"featured_media":0,"parent":28313,"menu_order":0,"comment_status":"closed","ping_status":"closed","template":"","meta":{"_acf_changed":false,"_et_pb_use_builder":"on","_et_pb_old_content":"<div class=\"summary\">\r\n<div class=\"summaryIcon\">\r\n\t<img src=\"https:\/\/www.acs.si\/wp-content\/themes\/andragoski\/images\/icons\/icon_svetovanje.svg\" alt=\"image\">\r\n<\/div>\r\n\t<p>Razvijanje svetovalne dejavnosti v izobra\u017eevanju odraslih  na ACS obsega ve\u010d sklopov aktivnosti:<\/p>\r\n\t<ul>\r\n\t\t<li>razvijamo in zagotavljamo svetovanje strokovni in \u0161ir\u0161i javnosti za vsa vpra\u0161anja, ki so povezana z izobra\u017eevanjem in u\u010denjem odraslih,<\/li>\r\n\t\t<li>razvijamo model \u00bbInformativno Svetovalne dejavnosti v Izobra\u017eevanju Odraslih \u2013 ISIO\u00ab, ki smo ga vpeljali v mre\u017eo svetovalnih sredi\u0161\u010d za izobra\u017eevanje odraslih \u2013 sredi\u0161\u010d ISIO,<\/li>\r\n\t\t<li>razvijamo in pripravljamo strokovna gradiva, baze podatkov, usposabljanja za svetovalce idr., \r\n<li>sodelujemo z drugimi svetovalnimi omre\u017eji pri razvoju in ume\u0161\u010danju podro\u010dja v sistem vzgoje in izobra\u017eevanja,<\/li>\r\n<\/li>\r\n\t\t<li>povezujemo in sodelujemo tudi v mednarodnih projektih ter v projektih Evropskega socialnega sklada.<\/li>\r\n\t<\/ul>\r\n<\/div>\r\n\r\n<p>\r\nSvetovalno dejavnosti v izobra\u017eevanju odraslih  na ACS razvijamo od ustanovitve leta 1991.  Najprej je bil dan ve\u010dji poudarek razvijanju svetovalne dejavnosti, ki so jo sodelavci ACS zagotavljali strokovni in \u0161ir\u0161i javnosti. Tako preko osebnega informiranja in svetovanja, kot preko telefona, elektronske po\u0161te in za odrasle od leta 1999 naprej prek e-Svetovalnega koti\u010dka (<a href=\"http:\/\/svetovalni.acs.si\/\" rel=\"noopener\" target=\"_blank\">http:\/\/svetovalni.acs.si\/<\/a>).\r\n<\/p>\r\n<p>\r\nKonec devetdesetih let pa smo pri\u010deli razvijati model \u00bbInformativno Svetovalne dejavnosti v Izobra\u017eevanju Odraslih \u2013 ISIO\u00ab, ki smo ga najprej vpeljali v mre\u017eo regionalnih svetovalnih sredi\u0161\u010d za izobra\u017eevanje odraslih \u2013 sredi\u0161\u010d ISIO (letu 2018 deluje 17 sredi\u0161\u010d ISIO). Ve\u010d o ciljih, vsebini in konkretnih aktivnostih sredi\u0161\u010d ISIO je opisano na spletni strani <a href=\"http:\/\/isio.acs.si\" rel=\"noopener\" target=\"_blank\">http:\/\/isio.acs.si<\/a>. Od leta 2009 je posebna pozornost namenjena razvijanju in presojanju kakovosti svetovalne dejavnosti v IO, kar podrobneje predstavljamo na spletni podstrani http:\/\/isio.acs.si\/kakovost\/.<\/p>\r\n<p>\r\nPoleg razvoja in spremljanja dejavnosti sredi\u0161\u010d ISIO razvijamo na ACS tudi strokovna gradiva in vodila, baze podatkov in pripomo\u010dke za kakovostno in u\u010dinkovito delo svetovalcev v izobra\u017eevanju odraslih. Ve\u010dina teh gradiv je dostopna v spletni knji\u017eni polici na naslovu<a href=\"http:\/\/isio.acs.si\/polica\/\" rel=\"noopener\" target=\"_blank\"> http:\/\/isio.acs.si\/polica\/<\/a>. Za svetovalce v IO razvijamo in izpeljujemo razli\u010dna usposabljanja, ki odra\u017eajo aktualnost potreb svetovanja v IO, s poudarkom na razvijanju svetovanja za ranljive skupine odraslih (v skladu z ReNPIO 2013-2020). \r\n<\/p>\r\n<p>\r\nV podporo razvoju svetovalne dejavnosti v IO v slovenskem prostoru je tudi sodelovanje v mednarodnih projektih s tega podro\u010dja in razvijanje dejavnosti v okviru projektov sofinanciranih iz sredstev Evropskega socialnega sklada. <\/p>\r\n\r\n<p>\r\nNa mednarodnem podro\u010dju smo bili v letih 2000-2003 zelo aktivni v projektu EBIS \u2013 Razvoj izobra\u017eevanja odraslih v JV Evropi, v letih 2007-2009 smo sodelovali v inovativnem projektu Leonardo da Vinci Svetovanje na delovnem mestu (Guidance at the workplace \u2013 Guidance merger 2), zadnji aktualni projekt pa je Erasmus+, KA3 projekt, Svetovanje odraslim v izobra\u017eevanju (Guidance an Orientation for Adult Learners \u2013 GOAL, 2015-2018). Ve\u010d o vsebini in rezultatih projekta je objavljeno na spletni strani projekta <a href=\"http:\/\/www.project.goal.eu\" rel=\"noopener\" target=\"_blank\">www.project.goal.eu<\/a>\r\n<\/p>\r\nS sofinanciranjem Evropskega socialnega sklada in Ministrstva za izobra\u017eevanje, znanost in \u0161port smo v preteklosti izpeljali ve\u010d ESS projektov, v okviru katerih smo razvijali tudi vsebine in usposabljanja za podro\u010dje svetovanja v IO, naj izpostavimo le zadnja dva: projekt Izobra\u017eevanje in usposabljanje strokovnih delavcev (2009-2011), Aktivnost: Usposabljanje za delovanje svetovalnih sredi\u0161\u010d ISIO in projekt Izobra\u017eevanje in usposabljanje strokovnih delavcev (2011-2014), Aktivnost: Usposabljanje in spopolnjevanje za svetovalno delo v IO. Opisi projektov  in rezultati so dostopni na naslednjih spletnih straneh: <a href=\"https:\/\/www.acs.si\/IUSD_2009-2011\" rel=\"noopener\" target=\"_blank\">https:\/\/www.acs.si\/IUSD_2009-2011<\/a> in <a href=\"https:\/\/www.acs.si\/IUSD_2011-2014\" rel=\"noopener\" target=\"_blank\">https:\/\/www.acs.si\/IUSD_2011-2014<\/a>\r\n Aktualni ESS projekt pa je \u00bbStrokovna podpora informativno svetovalni dejavnosti in vrednotenju neformalno pridobljenega znanja 2016\u20132021\u00ab. Opis projekta in \u017ee dose\u017eeni rezultati so dostopni na spletni strani <a href=\"https:\/\/www.acs.si\/SPSDV_2016-2021\" rel=\"noopener\" target=\"_blank\">https:\/\/www.acs.si\/SPSDV_2016-2021<\/a>.\r\n<\/p>\r\n<p>\r\nVsa leta pa sodelujemo tudi z drugimi svetovalnimi omre\u017eji v slovenskem prostoru, pri izmenjavi znanja in izku\u0161enj ter pri ume\u0161\u010danju podro\u010dja v sistem vzgoje in izobra\u017eevanje. Partnersko mre\u017eenje poteka ob sodelovanju pri razvoju in posodabljanju portala vseh slovenskih omre\u017ejih <a href=\"http:\/\/www.mojaizbira.si\" rel=\"noopener\" target=\"_blank\">www.mojaizbira.si<\/a>, kjer skrbimo za podro\u010dje IO. Aktivno sodelujemo preko svojega \u010dlana v nacionalni Strokovni skupini za vse\u017eivljenjsko karierni orientacijo (VKO).  Najve\u010d se povezujemo z s Centrom RS za poklicno izobra\u017eevanje, z Zavodom RS za \u0161olstvo, Zavodom RS za zaposlovanje, Skladom RS za razvoj kadrov in \u0161tipendije, z Zvezo svobodnih sindikatov Slovenije, Gospodarsko zbornico Slovenije in Obrtno-podjetni\u0161ko zbornico Slovenije.\r\n<\/p>\r\n<p>\r\nGlavni nacionalni financer na\u0161e dejavnosti je Ministrstvo za izobra\u017eevanje, znanost in \u0161port.   \r\n<\/p>\r\n\r\n\r\n<div class=\"blockquote\">\r\n                        <p>Od  svetovanja do znanja.<\/p>\r\n                                       <\/div>","_et_gb_content_width":"","inline_featured_image":false,"footnotes":""},"class_list":["post-27437","page","type-page","status-publish","hentry"],"acf":[],"yoast_head":"<!-- This site is optimized with the Yoast SEO plugin v26.2 - https:\/\/yoast.com\/wordpress\/plugins\/seo\/ -->\n<title>Guidance | Andrago\u0161ki center Republike Slovenije<\/title>\n<meta name=\"robots\" content=\"index, follow, max-snippet:-1, max-image-preview:large, max-video-preview:-1\" \/>\n<link rel=\"canonical\" href=\"https:\/\/www.acs.si\/en\/fields-of-work\/guidance\/\" \/>\n<meta property=\"og:locale\" content=\"en_US\" \/>\n<meta property=\"og:type\" content=\"article\" \/>\n<meta property=\"og:title\" content=\"Guidance | Andrago\u0161ki center Republike Slovenije\" \/>\n<meta property=\"og:description\" content=\"We develop the...\" \/>\n<meta property=\"og:url\" content=\"https:\/\/www.acs.si\/en\/fields-of-work\/guidance\/\" \/>\n<meta property=\"og:site_name\" content=\"Andrago\u0161ki center Republike Slovenije\" \/>\n<meta property=\"article:publisher\" content=\"https:\/\/www.facebook.com\/AndragoskiCenterSlovenije\/\" \/>\n<meta property=\"article:modified_time\" content=\"2025-02-19T07:35:23+00:00\" \/>\n<meta property=\"og:image\" content=\"https:\/\/www.acs.si\/wp-content\/themes\/andragoski\/images\/icons\/icon_svetovanje.svg\" \/>\n<meta name=\"twitter:card\" content=\"summary_large_image\" \/>\n<meta name=\"twitter:label1\" content=\"Est. reading time\" \/>\n\t<meta name=\"twitter:data1\" content=\"6 minutes\" \/>\n<script type=\"application\/ld+json\" class=\"yoast-schema-graph\">{\"@context\":\"https:\/\/schema.org\",\"@graph\":[{\"@type\":\"WebPage\",\"@id\":\"https:\/\/www.acs.si\/en\/fields-of-work\/guidance\/\",\"url\":\"https:\/\/www.acs.si\/en\/fields-of-work\/guidance\/\",\"name\":\"Guidance | Andrago\u0161ki center Republike Slovenije\",\"isPartOf\":{\"@id\":\"https:\/\/www.acs.si\/#website\"},\"primaryImageOfPage\":{\"@id\":\"https:\/\/www.acs.si\/en\/fields-of-work\/guidance\/#primaryimage\"},\"image\":{\"@id\":\"https:\/\/www.acs.si\/en\/fields-of-work\/guidance\/#primaryimage\"},\"thumbnailUrl\":\"https:\/\/www.acs.si\/wp-content\/themes\/andragoski\/images\/icons\/icon_svetovanje.svg\",\"datePublished\":\"2018-07-27T12:19:17+00:00\",\"dateModified\":\"2025-02-19T07:35:23+00:00\",\"breadcrumb\":{\"@id\":\"https:\/\/www.acs.si\/en\/fields-of-work\/guidance\/#breadcrumb\"},\"inLanguage\":\"en-US\",\"potentialAction\":[{\"@type\":\"ReadAction\",\"target\":[\"https:\/\/www.acs.si\/en\/fields-of-work\/guidance\/\"]}]},{\"@type\":\"ImageObject\",\"inLanguage\":\"en-US\",\"@id\":\"https:\/\/www.acs.si\/en\/fields-of-work\/guidance\/#primaryimage\",\"url\":\"https:\/\/www.acs.si\/wp-content\/themes\/andragoski\/images\/icons\/icon_svetovanje.svg\",\"contentUrl\":\"https:\/\/www.acs.si\/wp-content\/themes\/andragoski\/images\/icons\/icon_svetovanje.svg\"},{\"@type\":\"BreadcrumbList\",\"@id\":\"https:\/\/www.acs.si\/en\/fields-of-work\/guidance\/#breadcrumb\",\"itemListElement\":[{\"@type\":\"ListItem\",\"position\":1,\"name\":\"Home\",\"item\":\"https:\/\/www.acs.si\/en\/\"},{\"@type\":\"ListItem\",\"position\":2,\"name\":\"Fields of Work\",\"item\":\"https:\/\/www.acs.si\/en\/fields-of-work\/\"},{\"@type\":\"ListItem\",\"position\":3,\"name\":\"Guidance\"}]},{\"@type\":\"WebSite\",\"@id\":\"https:\/\/www.acs.si\/#website\",\"url\":\"https:\/\/www.acs.si\/\",\"name\":\"Andrago\u0161ki center Republike Slovenije\",\"description\":\"\",\"potentialAction\":[{\"@type\":\"SearchAction\",\"target\":{\"@type\":\"EntryPoint\",\"urlTemplate\":\"https:\/\/www.acs.si\/?s={search_term_string}\"},\"query-input\":{\"@type\":\"PropertyValueSpecification\",\"valueRequired\":true,\"valueName\":\"search_term_string\"}}],\"inLanguage\":\"en-US\"}]}<\/script>\n<!-- \/ Yoast SEO plugin. -->","yoast_head_json":{"title":"Guidance | Andrago\u0161ki center Republike Slovenije","robots":{"index":"index","follow":"follow","max-snippet":"max-snippet:-1","max-image-preview":"max-image-preview:large","max-video-preview":"max-video-preview:-1"},"canonical":"https:\/\/www.acs.si\/en\/fields-of-work\/guidance\/","og_locale":"en_US","og_type":"article","og_title":"Guidance | Andrago\u0161ki center Republike Slovenije","og_description":"We develop the...","og_url":"https:\/\/www.acs.si\/en\/fields-of-work\/guidance\/","og_site_name":"Andrago\u0161ki center Republike Slovenije","article_publisher":"https:\/\/www.facebook.com\/AndragoskiCenterSlovenije\/","article_modified_time":"2025-02-19T07:35:23+00:00","og_image":[{"url":"https:\/\/www.acs.si\/wp-content\/themes\/andragoski\/images\/icons\/icon_svetovanje.svg","type":"","width":"","height":""}],"twitter_card":"summary_large_image","twitter_misc":{"Est. reading time":"6 minutes"},"schema":{"@context":"https:\/\/schema.org","@graph":[{"@type":"WebPage","@id":"https:\/\/www.acs.si\/en\/fields-of-work\/guidance\/","url":"https:\/\/www.acs.si\/en\/fields-of-work\/guidance\/","name":"Guidance | Andrago\u0161ki center Republike Slovenije","isPartOf":{"@id":"https:\/\/www.acs.si\/#website"},"primaryImageOfPage":{"@id":"https:\/\/www.acs.si\/en\/fields-of-work\/guidance\/#primaryimage"},"image":{"@id":"https:\/\/www.acs.si\/en\/fields-of-work\/guidance\/#primaryimage"},"thumbnailUrl":"https:\/\/www.acs.si\/wp-content\/themes\/andragoski\/images\/icons\/icon_svetovanje.svg","datePublished":"2018-07-27T12:19:17+00:00","dateModified":"2025-02-19T07:35:23+00:00","breadcrumb":{"@id":"https:\/\/www.acs.si\/en\/fields-of-work\/guidance\/#breadcrumb"},"inLanguage":"en-US","potentialAction":[{"@type":"ReadAction","target":["https:\/\/www.acs.si\/en\/fields-of-work\/guidance\/"]}]},{"@type":"ImageObject","inLanguage":"en-US","@id":"https:\/\/www.acs.si\/en\/fields-of-work\/guidance\/#primaryimage","url":"https:\/\/www.acs.si\/wp-content\/themes\/andragoski\/images\/icons\/icon_svetovanje.svg","contentUrl":"https:\/\/www.acs.si\/wp-content\/themes\/andragoski\/images\/icons\/icon_svetovanje.svg"},{"@type":"BreadcrumbList","@id":"https:\/\/www.acs.si\/en\/fields-of-work\/guidance\/#breadcrumb","itemListElement":[{"@type":"ListItem","position":1,"name":"Home","item":"https:\/\/www.acs.si\/en\/"},{"@type":"ListItem","position":2,"name":"Fields of Work","item":"https:\/\/www.acs.si\/en\/fields-of-work\/"},{"@type":"ListItem","position":3,"name":"Guidance"}]},{"@type":"WebSite","@id":"https:\/\/www.acs.si\/#website","url":"https:\/\/www.acs.si\/","name":"Andrago\u0161ki center Republike Slovenije","description":"","potentialAction":[{"@type":"SearchAction","target":{"@type":"EntryPoint","urlTemplate":"https:\/\/www.acs.si\/?s={search_term_string}"},"query-input":{"@type":"PropertyValueSpecification","valueRequired":true,"valueName":"search_term_string"}}],"inLanguage":"en-US"}]}},"_links":{"self":[{"href":"https:\/\/www.acs.si\/en\/wp-json\/wp\/v2\/pages\/27437","targetHints":{"allow":["GET"]}}],"collection":[{"href":"https:\/\/www.acs.si\/en\/wp-json\/wp\/v2\/pages"}],"about":[{"href":"https:\/\/www.acs.si\/en\/wp-json\/wp\/v2\/types\/page"}],"author":[{"embeddable":true,"href":"https:\/\/www.acs.si\/en\/wp-json\/wp\/v2\/users\/161"}],"replies":[{"embeddable":true,"href":"https:\/\/www.acs.si\/en\/wp-json\/wp\/v2\/comments?post=27437"}],"version-history":[{"count":20,"href":"https:\/\/www.acs.si\/en\/wp-json\/wp\/v2\/pages\/27437\/revisions"}],"predecessor-version":[{"id":78469,"href":"https:\/\/www.acs.si\/en\/wp-json\/wp\/v2\/pages\/27437\/revisions\/78469"}],"up":[{"embeddable":true,"href":"https:\/\/www.acs.si\/en\/wp-json\/wp\/v2\/pages\/28313"}],"wp:attachment":[{"href":"https:\/\/www.acs.si\/en\/wp-json\/wp\/v2\/media?parent=27437"}],"curies":[{"name":"wp","href":"https:\/\/api.w.org\/{rel}","templated":true}]}}