{"id":27428,"date":"2018-07-27T12:58:15","date_gmt":"2018-07-27T11:58:15","guid":{"rendered":"http:\/\/www.acs.si\/?page_id=27428"},"modified":"2021-05-05T15:58:43","modified_gmt":"2021-05-05T13:58:43","slug":"research","status":"publish","type":"page","link":"https:\/\/www.acs.si\/en\/fields-of-work\/research\/","title":{"rendered":"Research"},"content":{"rendered":"<p>[et_pb_section fb_built=&#8221;1&#8243; _builder_version=&#8221;3.22.3&#8243;][et_pb_row _builder_version=&#8221;3.25&#8243; background_size=&#8221;initial&#8221; background_position=&#8221;top_left&#8221; background_repeat=&#8221;repeat&#8221;][et_pb_column type=&#8221;4_4&#8243; _builder_version=&#8221;3.25&#8243; custom_padding=&#8221;|||&#8221; custom_padding__hover=&#8221;|||&#8221;][et_pb_text admin_label=&#8221;Povzetek v okvirju&#8221; _builder_version=&#8221;3.27.4&#8243;]<\/p>\n<div class=\"summary\">\n<div class=\"summaryIcon\"><img decoding=\"async\" src=\"https:\/\/www.acs.si\/wp-content\/themes\/andragoski\/images\/icons\/icon_raziskave.svg\" alt=\"image\" \/><\/div>\n<p>We perform the research activity within the scope of national and international projects. We have participated in more than thirty surveys and evaluations. A large proportion of our research was focused on literacy, while evaluations dealt with various active employment policy projects.<\/p>\n<p>We conduct:<\/p>\n<ul>\n<li>research for the support of the development of adult education theory and concepts;<\/li>\n<li>applied research and comparative studies in the area of adult education;<\/li>\n<li>evaluations of various content segments in adult education.<\/li>\n<\/ul>\n<\/div>\n<p>[\/et_pb_text][\/et_pb_column][\/et_pb_row][et_pb_row _builder_version=&#8221;3.25&#8243; background_size=&#8221;initial&#8221; background_position=&#8221;top_left&#8221; background_repeat=&#8221;repeat&#8221;][et_pb_column type=&#8221;4_4&#8243; _builder_version=&#8221;3.25&#8243; custom_padding=&#8221;|||&#8221; custom_padding__hover=&#8221;|||&#8221;][et_pb_text admin_label=&#8221;Opis podro\u010dja&#8221; _builder_version=&#8221;4.9.2&#8243; hover_enabled=&#8221;0&#8243; sticky_enabled=&#8221;0&#8243;]<\/p>\n<p>Research projects mostly deal with the study of issues relevant for adult education policy and development. Planned research work dealing with the policy, systems, strategies and concepts, various procedures, and the factors affecting processes and achievements represents the foundation for well-thought out and coordinated measures. This type of work is a pre-condition for an effective policy in the area of adult education.<\/p>\n<p>Research projects create new knowledge. As the central national institutions for adult education, we provide for the creation of fundamental professional literature that enables the creation of Slovenian professional terminology in the area of adult education.<\/p>\n<p>Research of the individual segments of adult education also enables the development of new models and forms of learning as well as their application in practice.<\/p>\n<p>Would you like to learn more about the results of the literacy survey? Visit the <a href=\"http:\/\/piaac.acs.si\/en\/\" target=\"_blank\" rel=\"noopener\">PIAAC website<\/a>.<\/p>\n<p>[\/et_pb_text][\/et_pb_column][\/et_pb_row][et_pb_row _builder_version=&#8221;3.25&#8243; background_size=&#8221;initial&#8221; background_position=&#8221;top_left&#8221; background_repeat=&#8221;repeat&#8221;][et_pb_column type=&#8221;4_4&#8243; _builder_version=&#8221;3.25&#8243; custom_padding=&#8221;|||&#8221; custom_padding__hover=&#8221;|||&#8221;][et_pb_text admin_label=&#8221;Citat&#8221; _builder_version=&#8221;3.27.4&#8243;]<\/p>\n<div class=\"blockquote\">\n<p>Betterment of conditions the world over is not essentially dependent on scientific knowledge but on the fulfilment of human traditions and ideals.<\/p>\n<p class=\"author\">Albert Einstein<\/p>\n<\/div>\n<p>[\/et_pb_text][\/et_pb_column][\/et_pb_row][\/et_pb_section]<\/p>\n","protected":false},"excerpt":{"rendered":"<p>We perform the&#8230;<\/p>\n","protected":false},"author":161,"featured_media":0,"parent":28313,"menu_order":0,"comment_status":"closed","ping_status":"closed","template":"","meta":{"_acf_changed":false,"_et_pb_use_builder":"on","_et_pb_old_content":"<div class=\"summary\"><div class=\"summaryIcon\"><img src=\"https:\/\/www.acs.si\/wp-content\/themes\/andragoski\/images\/icons\/icon_raziskave.svg\" alt=\"image\" \/><\/div><p>Raziskovalno delo na podro\u010dju izobra\u017eevanja odraslih je ena od temeljnih nalog ACS, zapisanih tudi v njegovem aktu o ustanovitvi. V raziskovalno dejavnost ACS sodijo:<\/p><ul><li>raziskave za podporo razvoju teorije in konceptov v izobra\u017eevanju odraslih,<\/li><li>aplikativne raziskave in primerjalne \u0161tudije na podro\u010dju izobra\u017eevanja odraslih,<\/li><li>evalvacije razli\u010dnih vsebinskih segmentov podro\u010dja izobra\u017eevanja odraslih.<\/li><\/ul><\/div><p>Raziskovalni projekti se prete\u017eno ukvarjajo s prou\u010devanjem vpra\u0161anj, ki so pomembna za politiko in razvoj izobra\u017eevanja odraslih. Na\u010drtno raziskovalno delo o politiki, sistemih, strategijah in konceptih, o razli\u010dnih prijemih, o dejavnikih, ki vplivajo na procese in dose\u017eke, predstavlja temelj za premi\u0161ljene in medsebojno usklajene ukrepe, ki so pogoj za u\u010dinkovito politiko na podro\u010dju izobra\u017eevanja odraslih.<\/p><p>V raziskovalnih projektih se ustvarja novo znanje, ACS pa kot osrednja nacionalna ustanova za izobra\u017eevanje odraslih skrbi tudi za nastajanje temeljne strokovne literature, ki omogo\u010da ustvarjanje slovenskega strokovnega izrazja na podro\u010dju izobra\u017eevanja odraslih.<\/p><p>Raziskovanje posameznih segmentov izobra\u017eevanja odraslih omogo\u010da tudi razvoj novih modelov in oblik u\u010denja ter njihov prenos v prakso.<\/p><p>ACS izvaja raziskovalno dejavnost v okviru nacionalnih in mednarodnih projektov. ACS je doslej sodeloval v ve\u010d kot tridesetih raziskavah in evalvacijah. Velik del raziskav ACS se je doslej osredoto\u010dal na podro\u010dje pismenosti, evalvacije pa na razli\u010dne projekte Aktivne politike zaposlovanja.<\/p><div class=\"blockquote\"><p>Izbolj\u0161anje pogojev v svetu ni bistveno odvisno od spoznanj znanosti, temve\u010d od izpolnitve \u010dlove\u0161kih tradicij in idealov.<\/p><p class=\"author\">Albert Einstein<\/p><\/div>","_et_gb_content_width":"","inline_featured_image":false,"footnotes":""},"class_list":["post-27428","page","type-page","status-publish","hentry"],"acf":[],"yoast_head":"<!-- This site is optimized with the Yoast SEO plugin v26.2 - https:\/\/yoast.com\/wordpress\/plugins\/seo\/ -->\n<title>Research | Andrago\u0161ki center Republike Slovenije<\/title>\n<meta name=\"robots\" content=\"index, follow, max-snippet:-1, max-image-preview:large, max-video-preview:-1\" \/>\n<link rel=\"canonical\" href=\"https:\/\/www.acs.si\/en\/fields-of-work\/research\/\" \/>\n<meta property=\"og:locale\" content=\"en_US\" \/>\n<meta property=\"og:type\" content=\"article\" \/>\n<meta property=\"og:title\" content=\"Research | Andrago\u0161ki center Republike Slovenije\" \/>\n<meta property=\"og:description\" content=\"We perform the...\" \/>\n<meta property=\"og:url\" content=\"https:\/\/www.acs.si\/en\/fields-of-work\/research\/\" \/>\n<meta property=\"og:site_name\" content=\"Andrago\u0161ki center Republike Slovenije\" \/>\n<meta property=\"article:publisher\" content=\"https:\/\/www.facebook.com\/AndragoskiCenterSlovenije\/\" \/>\n<meta property=\"article:modified_time\" content=\"2021-05-05T13:58:43+00:00\" \/>\n<meta property=\"og:image\" content=\"https:\/\/www.acs.si\/wp-content\/themes\/andragoski\/images\/icons\/icon_raziskave.svg\" \/>\n<meta name=\"twitter:card\" content=\"summary_large_image\" \/>\n<meta name=\"twitter:label1\" content=\"Est. reading time\" \/>\n\t<meta name=\"twitter:data1\" content=\"2 minutes\" \/>\n<script type=\"application\/ld+json\" class=\"yoast-schema-graph\">{\"@context\":\"https:\/\/schema.org\",\"@graph\":[{\"@type\":\"WebPage\",\"@id\":\"https:\/\/www.acs.si\/en\/fields-of-work\/research\/\",\"url\":\"https:\/\/www.acs.si\/en\/fields-of-work\/research\/\",\"name\":\"Research | Andrago\u0161ki center Republike Slovenije\",\"isPartOf\":{\"@id\":\"https:\/\/www.acs.si\/#website\"},\"primaryImageOfPage\":{\"@id\":\"https:\/\/www.acs.si\/en\/fields-of-work\/research\/#primaryimage\"},\"image\":{\"@id\":\"https:\/\/www.acs.si\/en\/fields-of-work\/research\/#primaryimage\"},\"thumbnailUrl\":\"https:\/\/www.acs.si\/wp-content\/themes\/andragoski\/images\/icons\/icon_raziskave.svg\",\"datePublished\":\"2018-07-27T11:58:15+00:00\",\"dateModified\":\"2021-05-05T13:58:43+00:00\",\"breadcrumb\":{\"@id\":\"https:\/\/www.acs.si\/en\/fields-of-work\/research\/#breadcrumb\"},\"inLanguage\":\"en-US\",\"potentialAction\":[{\"@type\":\"ReadAction\",\"target\":[\"https:\/\/www.acs.si\/en\/fields-of-work\/research\/\"]}]},{\"@type\":\"ImageObject\",\"inLanguage\":\"en-US\",\"@id\":\"https:\/\/www.acs.si\/en\/fields-of-work\/research\/#primaryimage\",\"url\":\"https:\/\/www.acs.si\/wp-content\/themes\/andragoski\/images\/icons\/icon_raziskave.svg\",\"contentUrl\":\"https:\/\/www.acs.si\/wp-content\/themes\/andragoski\/images\/icons\/icon_raziskave.svg\"},{\"@type\":\"BreadcrumbList\",\"@id\":\"https:\/\/www.acs.si\/en\/fields-of-work\/research\/#breadcrumb\",\"itemListElement\":[{\"@type\":\"ListItem\",\"position\":1,\"name\":\"Home\",\"item\":\"https:\/\/www.acs.si\/en\/\"},{\"@type\":\"ListItem\",\"position\":2,\"name\":\"Fields of Work\",\"item\":\"https:\/\/www.acs.si\/en\/fields-of-work\/\"},{\"@type\":\"ListItem\",\"position\":3,\"name\":\"Research\"}]},{\"@type\":\"WebSite\",\"@id\":\"https:\/\/www.acs.si\/#website\",\"url\":\"https:\/\/www.acs.si\/\",\"name\":\"Andrago\u0161ki center Republike Slovenije\",\"description\":\"\",\"potentialAction\":[{\"@type\":\"SearchAction\",\"target\":{\"@type\":\"EntryPoint\",\"urlTemplate\":\"https:\/\/www.acs.si\/?s={search_term_string}\"},\"query-input\":{\"@type\":\"PropertyValueSpecification\",\"valueRequired\":true,\"valueName\":\"search_term_string\"}}],\"inLanguage\":\"en-US\"}]}<\/script>\n<!-- \/ Yoast SEO plugin. -->","yoast_head_json":{"title":"Research | Andrago\u0161ki center Republike Slovenije","robots":{"index":"index","follow":"follow","max-snippet":"max-snippet:-1","max-image-preview":"max-image-preview:large","max-video-preview":"max-video-preview:-1"},"canonical":"https:\/\/www.acs.si\/en\/fields-of-work\/research\/","og_locale":"en_US","og_type":"article","og_title":"Research | Andrago\u0161ki center Republike Slovenije","og_description":"We perform the...","og_url":"https:\/\/www.acs.si\/en\/fields-of-work\/research\/","og_site_name":"Andrago\u0161ki center Republike Slovenije","article_publisher":"https:\/\/www.facebook.com\/AndragoskiCenterSlovenije\/","article_modified_time":"2021-05-05T13:58:43+00:00","og_image":[{"url":"https:\/\/www.acs.si\/wp-content\/themes\/andragoski\/images\/icons\/icon_raziskave.svg","type":"","width":"","height":""}],"twitter_card":"summary_large_image","twitter_misc":{"Est. reading time":"2 minutes"},"schema":{"@context":"https:\/\/schema.org","@graph":[{"@type":"WebPage","@id":"https:\/\/www.acs.si\/en\/fields-of-work\/research\/","url":"https:\/\/www.acs.si\/en\/fields-of-work\/research\/","name":"Research | Andrago\u0161ki center Republike Slovenije","isPartOf":{"@id":"https:\/\/www.acs.si\/#website"},"primaryImageOfPage":{"@id":"https:\/\/www.acs.si\/en\/fields-of-work\/research\/#primaryimage"},"image":{"@id":"https:\/\/www.acs.si\/en\/fields-of-work\/research\/#primaryimage"},"thumbnailUrl":"https:\/\/www.acs.si\/wp-content\/themes\/andragoski\/images\/icons\/icon_raziskave.svg","datePublished":"2018-07-27T11:58:15+00:00","dateModified":"2021-05-05T13:58:43+00:00","breadcrumb":{"@id":"https:\/\/www.acs.si\/en\/fields-of-work\/research\/#breadcrumb"},"inLanguage":"en-US","potentialAction":[{"@type":"ReadAction","target":["https:\/\/www.acs.si\/en\/fields-of-work\/research\/"]}]},{"@type":"ImageObject","inLanguage":"en-US","@id":"https:\/\/www.acs.si\/en\/fields-of-work\/research\/#primaryimage","url":"https:\/\/www.acs.si\/wp-content\/themes\/andragoski\/images\/icons\/icon_raziskave.svg","contentUrl":"https:\/\/www.acs.si\/wp-content\/themes\/andragoski\/images\/icons\/icon_raziskave.svg"},{"@type":"BreadcrumbList","@id":"https:\/\/www.acs.si\/en\/fields-of-work\/research\/#breadcrumb","itemListElement":[{"@type":"ListItem","position":1,"name":"Home","item":"https:\/\/www.acs.si\/en\/"},{"@type":"ListItem","position":2,"name":"Fields of Work","item":"https:\/\/www.acs.si\/en\/fields-of-work\/"},{"@type":"ListItem","position":3,"name":"Research"}]},{"@type":"WebSite","@id":"https:\/\/www.acs.si\/#website","url":"https:\/\/www.acs.si\/","name":"Andrago\u0161ki center Republike Slovenije","description":"","potentialAction":[{"@type":"SearchAction","target":{"@type":"EntryPoint","urlTemplate":"https:\/\/www.acs.si\/?s={search_term_string}"},"query-input":{"@type":"PropertyValueSpecification","valueRequired":true,"valueName":"search_term_string"}}],"inLanguage":"en-US"}]}},"_links":{"self":[{"href":"https:\/\/www.acs.si\/en\/wp-json\/wp\/v2\/pages\/27428","targetHints":{"allow":["GET"]}}],"collection":[{"href":"https:\/\/www.acs.si\/en\/wp-json\/wp\/v2\/pages"}],"about":[{"href":"https:\/\/www.acs.si\/en\/wp-json\/wp\/v2\/types\/page"}],"author":[{"embeddable":true,"href":"https:\/\/www.acs.si\/en\/wp-json\/wp\/v2\/users\/161"}],"replies":[{"embeddable":true,"href":"https:\/\/www.acs.si\/en\/wp-json\/wp\/v2\/comments?post=27428"}],"version-history":[{"count":9,"href":"https:\/\/www.acs.si\/en\/wp-json\/wp\/v2\/pages\/27428\/revisions"}],"predecessor-version":[{"id":40813,"href":"https:\/\/www.acs.si\/en\/wp-json\/wp\/v2\/pages\/27428\/revisions\/40813"}],"up":[{"embeddable":true,"href":"https:\/\/www.acs.si\/en\/wp-json\/wp\/v2\/pages\/28313"}],"wp:attachment":[{"href":"https:\/\/www.acs.si\/en\/wp-json\/wp\/v2\/media?parent=27428"}],"curies":[{"name":"wp","href":"https:\/\/api.w.org\/{rel}","templated":true}]}}