{"id":27419,"date":"2018-07-27T12:41:28","date_gmt":"2018-07-27T11:41:28","guid":{"rendered":"http:\/\/www.acs.si\/?page_id=27419"},"modified":"2018-10-12T10:01:00","modified_gmt":"2018-10-12T09:01:00","slug":"podpora-sistemu","status":"publish","type":"page","link":"https:\/\/www.acs.si\/en\/fields-of-work\/podpora-sistemu\/","title":{"rendered":"System support"},"content":{"rendered":"<p>[et_pb_section bb_built=&#8221;1&#8243;][et_pb_row][et_pb_column type=&#8221;4_4&#8243;][et_pb_text admin_label=&#8221;Povzetek v okvirju&#8221; _builder_version=&#8221;3.4.1&#8243;]<\/p>\n<div class=\"summary\">\n<div class=\"summaryIcon\"><img decoding=\"async\" src=\"https:\/\/www.acs.si\/wp-content\/themes\/andragoski\/images\/icons\/icon_podpora_sistemu.svg\" alt=\"image\" \/><\/div>\n<p>We perform many different tasks outlined below in order to prepare systemic solutions and measures required for the development of different content areas of adult education:<\/p>\n<ul>\n<li>we prepare professional groundwork for long-term, medium-term and short-term planning of adult education development;<\/li>\n<li>we prepare professional groundwork required for designing legislation in the area of adult education;<\/li>\n<li>we participate in many different domestic and international professional associations in order to contribute to the further development and advancement of the adult education system in Slovenia, the EU and globally;<\/li>\n<li>we engage in development and research projects, the results of which form the basis for the improvement of various content segment of adult education.<\/li>\n<\/ul>\n<\/div>\n<p>[\/et_pb_text][\/et_pb_column][\/et_pb_row][et_pb_row][et_pb_column type=&#8221;4_4&#8243;][et_pb_text admin_label=&#8221;Opis podro\u010dja&#8221; _builder_version=&#8221;3.4.1&#8243;]<\/p>\n<p>The results of research and development work represent the basis for modifying and upgrading the adult education system and its further systemic and qualitative development. The realisation of the lifelong learning concept is based on a coordinated and connected partnership that plans and develops different development policies for the promotion of adult education.<\/p>\n<p>This is why we monitor the objectives and standards that apply to the introduction of the lifelong learning concept in better developed EU countries. By generating interest in the acquisition or retention of knowledge by the broadest possible circle of the population, we realise the concept of the lifelong character of learning and a faster transition of Slovenia to a knowledge society.<\/p>\n<p>We consider the expert groundwork for the following strategic documents to be our central achievements in the planning of the development of adult education in Slovenia: Resolution on the Master Plan for Adult Education in the Republic of Slovenia (ReNPIO) until 2010 and Resolution on the Master Plan for Adult Education in the Republic of Slovenia (ReNPIO) for the 2013\u20132020 Period as well as the expert groundwork in the area of legislation \u2013 both for the old (1996) and the new Adult Education Act (2018). We have developed an online application for the concurrent monitoring of the realisation of the ReNPIO whereby the application has replaced classic reporting and simultaneously enables the performance of an in-depth analysis of the data on programmes and activities financed by the Ministry of Education, Science and Sport.<\/p>\n<p>[\/et_pb_text][\/et_pb_column][\/et_pb_row][et_pb_row][et_pb_column type=&#8221;4_4&#8243;][et_pb_text admin_label=&#8221;Citat&#8221; _builder_version=&#8221;3.4.1&#8243;]<\/p>\n<p>&nbsp;<\/p>\n<div class=\"blockquote\">\n<p>An investment in knowledge pays the best interest.<\/p>\n<p class=\"author\">Benjamin Franlin<\/p>\n<\/div>\n<p>&nbsp;<\/p>\n<p>[\/et_pb_text][\/et_pb_column][\/et_pb_row][\/et_pb_section]<\/p>\n","protected":false},"excerpt":{"rendered":"<p>We perform many&#8230;<\/p>\n","protected":false},"author":161,"featured_media":0,"parent":28313,"menu_order":0,"comment_status":"closed","ping_status":"closed","template":"","meta":{"_acf_changed":false,"_et_pb_use_builder":"on","_et_pb_old_content":"<div class=\"summary\"><div class=\"summaryIcon\"><img src=\"https:\/\/www.acs.si\/wp-content\/themes\/andragoski\/images\/icons\/icon_podpora_sistemu.svg\" alt=\"image\" \/><\/div><p>Ena od pomembnej\u0161ih dejavnosti ACS \u017ee od njegovega nastanka dalje so naloge, katerih cilj je razvoj sistema izobra\u017eevanja odraslih. Gre za raznolike naloge potrebne za pripravo sistemskih re\u0161itev in ukrepov na razli\u010dnih vsebinskih podro\u010djih izobra\u017eevanja odraslih kot so:<\/p><ul><li>priprava strokovnih podlag za dolgoro\u010dno, srednjero\u010dno in kratkoro\u010dno na\u010drtovanje razvoja izobra\u017eevanja odraslih,<\/li><li>priprava strokovnih podlag, potrebnih za oblikovanje zakonodaje na podro\u010dju izobra\u017eevanja odraslih,<\/li><li>sodelovanje v \u0161tevilnih razli\u010dnih oblikah strokovnih povezav z namenom nadaljnjega razvoja in izpopolnjevanje sistema izobra\u017eevanja odraslih v Sloveniji, v EU in globalno,<\/li><li>razvojni in raziskovalni projekti, katerih rezultati predstavljajo osnovo za izbolj\u0161anje razli\u010dnih vsebinskih segmentov izobra\u017eevanja odraslih.<\/li><\/ul><\/div><p>Podlago za spreminjanje in dograjevanje sistema izobra\u017eevanja odraslih, njegov nadaljnji sistemski in kvalitativni razvoj omogo\u010dajo rezultati raziskovalnega in razvojnega dela. Namenjeno je tudi razvijanju partnerstev za usklajeno na\u010drtovanje in izvajanje razli\u010dnih razvojnih politik za spodbujanje izobra\u017eevanja odraslih z namenom uresni\u010devanja koncepta vse\u017eivljenjskega u\u010denja.<\/p><p>Pri tem si prizadevamo slediti ciljem in standardom, ki na podro\u010dju uveljavljanja koncepta vse\u017eivljenjskega u\u010denja veljajo v razvitej\u0161ih dr\u017eavah Evropske unije. Z zbujanjem zanimanja za pridobivanje oziroma ohranjanje znanja pri naj\u0161ir\u0161em krogu prebivalstva se trudimo uresni\u010devati koncept vse\u017eivljenjskosti u\u010denja in hitrej\u0161i prehod Slovenije v dru\u017ebo znanja.<\/p><p>Med osrednje dose\u017eke ACS za na\u010drtovanje razvoja izobra\u017eevanja odraslih v Sloveniji sodita strokovni podlagi za oba strate\u0161ka dokumenta Resolucija o nacionalnem programu izobra\u017eevanja odraslih v Republiki Sloveniji (ReNPIO) do leta 2010 in ReNPIO za obdobje 2013-2020 in strokovni podlagi na podro\u010dju zakonodaje - za Zakon o izobra\u017eevanju odraslih iz 1996 in za nov Zakon o izobra\u017eevanju odraslih (v obravnavi 2018). Za sprotno spremljanje uresni\u010devanja ReNPIO je ACS razvil spletno aplikacijo, ki je nadomestila poro\u010danje izvajalcev na papirju, hkrati pa omogo\u010da iz\u010drpno analizo podatkov o programih in dejavnostih, ki jih financira MIZ\u0160.<\/p><div class=\"blockquote\"><p>Najbolje se obrestuje nalo\u017eba v znanje.<\/p><p class=\"author\">Benjamin Franlin<\/p><\/div>","_et_gb_content_width":"","inline_featured_image":false,"footnotes":""},"class_list":["post-27419","page","type-page","status-publish","hentry"],"acf":[],"yoast_head":"<!-- This site is optimized with the Yoast SEO plugin v26.2 - https:\/\/yoast.com\/wordpress\/plugins\/seo\/ -->\n<title>System support | Andrago\u0161ki center Republike Slovenije<\/title>\n<meta name=\"robots\" content=\"index, follow, max-snippet:-1, max-image-preview:large, max-video-preview:-1\" \/>\n<link rel=\"canonical\" href=\"https:\/\/www.acs.si\/en\/fields-of-work\/podpora-sistemu\/\" \/>\n<meta property=\"og:locale\" content=\"en_US\" \/>\n<meta property=\"og:type\" content=\"article\" \/>\n<meta property=\"og:title\" content=\"System support | Andrago\u0161ki center Republike Slovenije\" \/>\n<meta property=\"og:description\" content=\"We perform many...\" \/>\n<meta property=\"og:url\" content=\"https:\/\/www.acs.si\/en\/fields-of-work\/podpora-sistemu\/\" \/>\n<meta property=\"og:site_name\" content=\"Andrago\u0161ki center Republike Slovenije\" \/>\n<meta property=\"article:publisher\" content=\"https:\/\/www.facebook.com\/AndragoskiCenterSlovenije\/\" \/>\n<meta property=\"article:modified_time\" content=\"2018-10-12T09:01:00+00:00\" \/>\n<meta property=\"og:image\" content=\"https:\/\/www.acs.si\/wp-content\/themes\/andragoski\/images\/icons\/icon_podpora_sistemu.svg\" \/>\n<meta name=\"twitter:card\" content=\"summary_large_image\" \/>\n<meta name=\"twitter:label1\" content=\"Est. reading time\" \/>\n\t<meta name=\"twitter:data1\" content=\"2 minutes\" \/>\n<script type=\"application\/ld+json\" class=\"yoast-schema-graph\">{\"@context\":\"https:\/\/schema.org\",\"@graph\":[{\"@type\":\"WebPage\",\"@id\":\"https:\/\/www.acs.si\/en\/fields-of-work\/podpora-sistemu\/\",\"url\":\"https:\/\/www.acs.si\/en\/fields-of-work\/podpora-sistemu\/\",\"name\":\"System support | Andrago\u0161ki center Republike Slovenije\",\"isPartOf\":{\"@id\":\"https:\/\/www.acs.si\/#website\"},\"primaryImageOfPage\":{\"@id\":\"https:\/\/www.acs.si\/en\/fields-of-work\/podpora-sistemu\/#primaryimage\"},\"image\":{\"@id\":\"https:\/\/www.acs.si\/en\/fields-of-work\/podpora-sistemu\/#primaryimage\"},\"thumbnailUrl\":\"https:\/\/www.acs.si\/wp-content\/themes\/andragoski\/images\/icons\/icon_podpora_sistemu.svg\",\"datePublished\":\"2018-07-27T11:41:28+00:00\",\"dateModified\":\"2018-10-12T09:01:00+00:00\",\"breadcrumb\":{\"@id\":\"https:\/\/www.acs.si\/en\/fields-of-work\/podpora-sistemu\/#breadcrumb\"},\"inLanguage\":\"en-US\",\"potentialAction\":[{\"@type\":\"ReadAction\",\"target\":[\"https:\/\/www.acs.si\/en\/fields-of-work\/podpora-sistemu\/\"]}]},{\"@type\":\"ImageObject\",\"inLanguage\":\"en-US\",\"@id\":\"https:\/\/www.acs.si\/en\/fields-of-work\/podpora-sistemu\/#primaryimage\",\"url\":\"https:\/\/www.acs.si\/wp-content\/themes\/andragoski\/images\/icons\/icon_podpora_sistemu.svg\",\"contentUrl\":\"https:\/\/www.acs.si\/wp-content\/themes\/andragoski\/images\/icons\/icon_podpora_sistemu.svg\"},{\"@type\":\"BreadcrumbList\",\"@id\":\"https:\/\/www.acs.si\/en\/fields-of-work\/podpora-sistemu\/#breadcrumb\",\"itemListElement\":[{\"@type\":\"ListItem\",\"position\":1,\"name\":\"Home\",\"item\":\"https:\/\/www.acs.si\/en\/\"},{\"@type\":\"ListItem\",\"position\":2,\"name\":\"Fields of Work\",\"item\":\"https:\/\/www.acs.si\/en\/fields-of-work\/\"},{\"@type\":\"ListItem\",\"position\":3,\"name\":\"System support\"}]},{\"@type\":\"WebSite\",\"@id\":\"https:\/\/www.acs.si\/#website\",\"url\":\"https:\/\/www.acs.si\/\",\"name\":\"Andrago\u0161ki center Republike Slovenije\",\"description\":\"\",\"potentialAction\":[{\"@type\":\"SearchAction\",\"target\":{\"@type\":\"EntryPoint\",\"urlTemplate\":\"https:\/\/www.acs.si\/?s={search_term_string}\"},\"query-input\":{\"@type\":\"PropertyValueSpecification\",\"valueRequired\":true,\"valueName\":\"search_term_string\"}}],\"inLanguage\":\"en-US\"}]}<\/script>\n<!-- \/ Yoast SEO plugin. -->","yoast_head_json":{"title":"System support | Andrago\u0161ki center Republike Slovenije","robots":{"index":"index","follow":"follow","max-snippet":"max-snippet:-1","max-image-preview":"max-image-preview:large","max-video-preview":"max-video-preview:-1"},"canonical":"https:\/\/www.acs.si\/en\/fields-of-work\/podpora-sistemu\/","og_locale":"en_US","og_type":"article","og_title":"System support | Andrago\u0161ki center Republike Slovenije","og_description":"We perform many...","og_url":"https:\/\/www.acs.si\/en\/fields-of-work\/podpora-sistemu\/","og_site_name":"Andrago\u0161ki center Republike Slovenije","article_publisher":"https:\/\/www.facebook.com\/AndragoskiCenterSlovenije\/","article_modified_time":"2018-10-12T09:01:00+00:00","og_image":[{"url":"https:\/\/www.acs.si\/wp-content\/themes\/andragoski\/images\/icons\/icon_podpora_sistemu.svg","type":"","width":"","height":""}],"twitter_card":"summary_large_image","twitter_misc":{"Est. reading time":"2 minutes"},"schema":{"@context":"https:\/\/schema.org","@graph":[{"@type":"WebPage","@id":"https:\/\/www.acs.si\/en\/fields-of-work\/podpora-sistemu\/","url":"https:\/\/www.acs.si\/en\/fields-of-work\/podpora-sistemu\/","name":"System support | Andrago\u0161ki center Republike Slovenije","isPartOf":{"@id":"https:\/\/www.acs.si\/#website"},"primaryImageOfPage":{"@id":"https:\/\/www.acs.si\/en\/fields-of-work\/podpora-sistemu\/#primaryimage"},"image":{"@id":"https:\/\/www.acs.si\/en\/fields-of-work\/podpora-sistemu\/#primaryimage"},"thumbnailUrl":"https:\/\/www.acs.si\/wp-content\/themes\/andragoski\/images\/icons\/icon_podpora_sistemu.svg","datePublished":"2018-07-27T11:41:28+00:00","dateModified":"2018-10-12T09:01:00+00:00","breadcrumb":{"@id":"https:\/\/www.acs.si\/en\/fields-of-work\/podpora-sistemu\/#breadcrumb"},"inLanguage":"en-US","potentialAction":[{"@type":"ReadAction","target":["https:\/\/www.acs.si\/en\/fields-of-work\/podpora-sistemu\/"]}]},{"@type":"ImageObject","inLanguage":"en-US","@id":"https:\/\/www.acs.si\/en\/fields-of-work\/podpora-sistemu\/#primaryimage","url":"https:\/\/www.acs.si\/wp-content\/themes\/andragoski\/images\/icons\/icon_podpora_sistemu.svg","contentUrl":"https:\/\/www.acs.si\/wp-content\/themes\/andragoski\/images\/icons\/icon_podpora_sistemu.svg"},{"@type":"BreadcrumbList","@id":"https:\/\/www.acs.si\/en\/fields-of-work\/podpora-sistemu\/#breadcrumb","itemListElement":[{"@type":"ListItem","position":1,"name":"Home","item":"https:\/\/www.acs.si\/en\/"},{"@type":"ListItem","position":2,"name":"Fields of Work","item":"https:\/\/www.acs.si\/en\/fields-of-work\/"},{"@type":"ListItem","position":3,"name":"System support"}]},{"@type":"WebSite","@id":"https:\/\/www.acs.si\/#website","url":"https:\/\/www.acs.si\/","name":"Andrago\u0161ki center Republike Slovenije","description":"","potentialAction":[{"@type":"SearchAction","target":{"@type":"EntryPoint","urlTemplate":"https:\/\/www.acs.si\/?s={search_term_string}"},"query-input":{"@type":"PropertyValueSpecification","valueRequired":true,"valueName":"search_term_string"}}],"inLanguage":"en-US"}]}},"_links":{"self":[{"href":"https:\/\/www.acs.si\/en\/wp-json\/wp\/v2\/pages\/27419","targetHints":{"allow":["GET"]}}],"collection":[{"href":"https:\/\/www.acs.si\/en\/wp-json\/wp\/v2\/pages"}],"about":[{"href":"https:\/\/www.acs.si\/en\/wp-json\/wp\/v2\/types\/page"}],"author":[{"embeddable":true,"href":"https:\/\/www.acs.si\/en\/wp-json\/wp\/v2\/users\/161"}],"replies":[{"embeddable":true,"href":"https:\/\/www.acs.si\/en\/wp-json\/wp\/v2\/comments?post=27419"}],"version-history":[{"count":5,"href":"https:\/\/www.acs.si\/en\/wp-json\/wp\/v2\/pages\/27419\/revisions"}],"predecessor-version":[{"id":28983,"href":"https:\/\/www.acs.si\/en\/wp-json\/wp\/v2\/pages\/27419\/revisions\/28983"}],"up":[{"embeddable":true,"href":"https:\/\/www.acs.si\/en\/wp-json\/wp\/v2\/pages\/28313"}],"wp:attachment":[{"href":"https:\/\/www.acs.si\/en\/wp-json\/wp\/v2\/media?parent=27419"}],"curies":[{"name":"wp","href":"https:\/\/api.w.org\/{rel}","templated":true}]}}