{"id":26766,"date":"2018-06-06T10:11:37","date_gmt":"2018-06-06T09:11:37","guid":{"rendered":"http:\/\/www.acs.si\/?page_id=26766"},"modified":"2024-08-21T13:04:17","modified_gmt":"2024-08-21T11:04:17","slug":"awareness-raising","status":"publish","type":"page","link":"https:\/\/www.acs.si\/en\/fields-of-work\/awareness-raising\/","title":{"rendered":"Awareness-raising"},"content":{"rendered":"<p>[et_pb_section fb_built=&#8221;1&#8243; _builder_version=&#8221;4.16&#8243; global_colors_info=&#8221;{}&#8221;][et_pb_row _builder_version=&#8221;4.16&#8243; background_size=&#8221;initial&#8221; background_position=&#8221;top_left&#8221; background_repeat=&#8221;repeat&#8221; global_colors_info=&#8221;{}&#8221;][et_pb_column type=&#8221;4_4&#8243; _builder_version=&#8221;4.16&#8243; custom_padding=&#8221;|||&#8221; global_colors_info=&#8221;{}&#8221; custom_padding__hover=&#8221;|||&#8221;][et_pb_text admin_label=&#8221;Opis in citat&#8221; _builder_version=&#8221;4.17.2&#8243; hover_enabled=&#8221;0&#8243; global_colors_info=&#8221;{}&#8221; sticky_enabled=&#8221;0&#8243;]<\/p>\n<div class=\"summary\">\n<div class=\"summaryIcon\"><img decoding=\"async\" src=\"https:\/\/www.acs.si\/wp-content\/themes\/andragoski\/images\/icons\/icon_ozavescanje.svg\" alt=\"image\" \/><\/div>\n<p>We began our efforts of building the awareness about the importance, role and forms of adult education and lifelong learning in 1996 with the project entitled Teden vse\u017eivljenjskega u\u010denja (Lifelong Learning Week &#8211; LLW). Over the years, the building of awareness of all spheres of the public has become a recognised and indispensable activity that manifests itself in different ways. Its success is based on the participation of various stakeholders, i.e. from the political, academic and professional to the non-professional spheres and the media. One of the key guiding principles is that we work not only for others but also with them.<\/p>\n<\/div>\n<p>Through these activities, we:<\/p>\n<ul>\n<li>broaden the awareness about the necessity of learning in all stages of life and of its presence in all circumstances of life;<\/li>\n<li>contribute to the broadest possible understanding of adult education as a driving force behind lifelong advancement of knowledge and skills, improvement of employability, personal growth and coexistence in communities;<\/li>\n<li>promote curiosity and a positive attitude towards learning as well as change the established (mis)conceptions of its (in)accessibility;<\/li>\n<li>reach vulnerable groups and other adults and inspire them to engage in adult education and lifelong learning;<\/li>\n<li>contribute to the voice of the learners becoming increasingly heard and observed in the designing of the policy and the educational offer.<\/li>\n<\/ul>\n<p>We realise the above through the promotional campaign entitled Lifelong Learning Weeks (<a href=\"https:\/\/tvu.acs.si\/sl\/domov\/\" target=\"_blank\" rel=\"noopener\">Tedni vse\u017eivljenjskega u\u010denja<\/a> \u2013 TVU; 1996 \u2192), and the SIAE Awards for the Promotion of Adult Learning and Knowledge (<a href=\"https:\/\/tvu.acs.si\/sl\/priznanja\/\" target=\"_blank\" rel=\"noopener\">Priznanja za promocijo u\u010denja in znanja odraslih<\/a> \u2013 Priznanja ACS; 1997 \u2192). We also organise various domestic and international events where we participate with our own contributions. The more notable among these are the traditional Adult Education Colloquium (<a href=\"https:\/\/tvu.acs.si\/sl\/ak\/\" target=\"_blank\" rel=\"noopener\">Andrago\u0161ki kolokvij<\/a>; 1997 \u2192) and the Annual Adult Education Conference (<a href=\"http:\/\/web.acs.si\/lp\/\" target=\"_blank\" rel=\"noopener\">Letni posvet o izobra\u017eevanju odraslih<\/a>; 2010 \u2192) events.<\/p>\n<p>Our experiences in this professional field have established grounds for an extensive ESS+ project titled Awareness-raising, informing various audiences and motivationg for greater participation in lifelong learning (Ozave\u0161\u010danje, obve\u0161\u010danje razli\u010dnih javnosti in spodbujanje k ve\u010dji vklju\u010denosti v vse\u017eivljenjsko u\u010denje \u2013 <a role=\"link\" href=\"https:\/\/www.acs.si\/projekti\/projekti-ess\/ozavescanje-za-vzu\/\" target=\"_blank\" rel=\"noopener\">Ozave\u0161\u010danje za V\u017dU<\/a>; 2023 \u2192), running until 2028.<\/p>\n<p>We promote activities and achievements in various media, especially online media and social networks. We publish and disseminate various promotional materials.<\/p>\n<p>We build on the synergistic action at home by transferring our knowledge and experience to the international arena where we are recognised as one of the first and most active members of the international movement for the promotion of adult education and lifelong learning.<\/p>\n<p>We have used this experience as the basis for the national coordination of the <a href=\"https:\/\/epuo.acs.si\/en\/eaal-project\/\" target=\"_blank\" rel=\"noopener\">Implementation of the European Agenda for Adult Learning (the EAAL project) in Slovenia<\/a>, which we have been doing since 2012 on the national level. We also take part in other European projects dealing with awareness-raising.<\/p>\n<div class=\"blockquote\">\n<p>By three methods we may learn wisdom: First, by reflection, which is noblest; Second, by imitation, which is easiest; and third by experience, which is the bitterest.<\/p>\n<p class=\"author\">Confucius<\/p>\n<\/div>\n<p>[\/et_pb_text][\/et_pb_column][\/et_pb_row][\/et_pb_section]<\/p>\n","protected":false},"excerpt":{"rendered":"<p>We began our&#8230;<\/p>\n","protected":false},"author":161,"featured_media":0,"parent":28313,"menu_order":0,"comment_status":"closed","ping_status":"closed","template":"","meta":{"_acf_changed":false,"_et_pb_use_builder":"on","_et_pb_old_content":"<div class=\"summary\"><div class=\"summaryIcon\"><img src=\"https:\/\/www.acs.si\/wp-content\/themes\/andragoski\/images\/icons\/icon_ozavescanje.svg\" alt=\"image\" \/><\/div><p>Ozave\u0161\u010danje o pomenu, vlogi in pojavnih oblikah izobra\u017eevanja odraslih in vse\u017eivljenjskega u\u010denja smo na ACS za\u010deli sistemati\u010dno razvijati leta 1996 s projektom Teden vse\u017eivljenjskega u\u010denja. Z leti je postalo ozave\u0161\u010danje vseh vrst javnosti priznana in nepogre\u0161ljiva dejavnost, ki se manifestira na razli\u010dne na\u010dine. Za njeno uspe\u0161nost je klju\u010dnega pomena sodelovanje z raznovrstnimi dele\u017eniki \u2013 od politi\u010dne, akademske, strokovne pa do lai\u010dne javnosti ter medijev. Eno na\u0161ih klju\u010dnih vodil namre\u010d je, da delujemo ne le za druge, temve\u010d skupaj z njimi.<\/p><\/div><p>Promocijsko dejavnost smo na ACS za\u010deli sistemati\u010dno razvijati leta 1996 s projektom <a href=\"http:\/\/tvu.acs.si\" target=\"_blank\" rel=\"noopener\">Teden vse\u017eivljenjskega u\u010denja<\/a>, z leti pa je postala njena vloga pri udejanjanju politike in prakse izobra\u017eevanja in u\u010denja (odraslih) priznana in nepogre\u0161ljiva. V okviru teh nalog organiziramo doma\u010de in mednarodne prireditve in na njih sodelujemo, prek spletnih strani ACS in biltena <a href=\"https:\/\/www.acs.si\/e-novicke\" target=\"_blank\" rel=\"noopener\">e-Novi\u010dke<\/a> stopamo v stik s strokovno in naj\u0161ir\u0161o javnostjo, sodelujemo z razli\u010dnimi mediji ter izdajamo promocijska gradiva.<\/p><p>Namen te dejavnosti pa ni zgolj obve\u0161\u010danje in predstavitev dogajanj, pa\u010d pa \u017eelimo:<\/p><ul><li>\u0161iriti zavest o potrebnosti u\u010denja v vseh \u017eivljenjskih obdobjih ter njegovi prisotnosti v vseh \u017eivljenjskih okoli\u0161\u010dinah,<\/li><li>prispevati k naj\u0161ir\u0161emu razumevanju izobra\u017eevanja odraslih kot gonilne sile za vse\u017eivljenjsko nadgrajevanje znanja in spretnosti, zvi\u0161evanje zaposljivosti, osebnostno rast ter so\u017eitje v skupnostih,<\/li><li>spodbujati vedo\u017eeljnost in pozitivno naravnanost do u\u010denja ter spreminjati ustaljene predstave o njegovi (ne)dostopnosti,<\/li><li>prispevati k temu, da bi postal glas u\u010de\u010dih se vse bolj sli\u0161en in vpliven.<\/li><\/ul><p>Klju\u010dni dejavnik za uresni\u010devanje na\u0161tetih ciljev je partnerstvo ACS z javnostmi na vseh ravneh \u2013 od naj\u0161ir\u0161e politi\u010dne, akademske, strokovne pa do lai\u010dne javnosti in medijev.<\/p><p>Sinergijsko delovanje doma nadgrajujemo s prenosom na\u0161ih izku\u0161enj in znanj v mednarodni prostor, kjer smo prepoznani kot eden prvih in najdejavnej\u0161ih \u010dlanov mednarodnega gibanja za promocijo izobra\u017eevanja odraslih in vse\u017eivljenjskega u\u010denja.<\/p><p>Trenutno sodelujemo v projektu Uresni\u010devanje Evropskega programa za u\u010denje odraslih (EPUO) 2015-2017 v Sloveniji.<\/p><p>Projekt je namenjen popularizaciji sporo\u010dil prenovljenega <a href=\"http:\/\/eur-lex.europa.eu\/LexUriServ\/LexUriServ.do?uri=OJ:C:2011:372:0001:0006:SL:PDF\" target=\"_blank\" rel=\"noopener\">Evropskega programa za u\u010denje odraslih (EPUO)<\/a> ter izobra\u017eevalne politike doma in v EU, predvsem pa ozave\u0161\u010danju slovenske javnosti o pomenu in vseprisotnosti izobra\u017eevanja odraslih in vse\u017eivljenjskega u\u010denja ter o prilo\u017enostih, ki so na voljo odraslemu prebivalstvu. Poudarek je na pridobivanju temeljnih zmo\u017enosti in drugih klju\u010dnih kompetenc odraslih.<\/p><div class=\"blockquote\"><p>Tri poti vodijo do modrosti: razmi\u0161ljanje \u2013 to je najplemenitej\u0161e; vzgoja \u2013 ta je najla\u017eja; in izku\u0161nja \u2013 ta je najbolj neprijetna.<\/p><p class=\"author\">Konfucij<\/p><\/div>","_et_gb_content_width":"","inline_featured_image":false,"footnotes":""},"class_list":["post-26766","page","type-page","status-publish","hentry"],"acf":[],"yoast_head":"<!-- This site is optimized with the Yoast SEO plugin v26.2 - https:\/\/yoast.com\/wordpress\/plugins\/seo\/ -->\n<title>Awareness-raising | Andrago\u0161ki center Republike Slovenije<\/title>\n<meta name=\"robots\" content=\"index, follow, max-snippet:-1, max-image-preview:large, max-video-preview:-1\" \/>\n<link rel=\"canonical\" href=\"https:\/\/www.acs.si\/en\/fields-of-work\/awareness-raising\/\" \/>\n<meta property=\"og:locale\" content=\"en_US\" \/>\n<meta property=\"og:type\" content=\"article\" \/>\n<meta property=\"og:title\" content=\"Awareness-raising | Andrago\u0161ki center Republike Slovenije\" \/>\n<meta property=\"og:description\" content=\"We began our...\" \/>\n<meta property=\"og:url\" content=\"https:\/\/www.acs.si\/en\/fields-of-work\/awareness-raising\/\" \/>\n<meta property=\"og:site_name\" content=\"Andrago\u0161ki center Republike Slovenije\" \/>\n<meta property=\"article:publisher\" content=\"https:\/\/www.facebook.com\/AndragoskiCenterSlovenije\/\" \/>\n<meta property=\"article:modified_time\" content=\"2024-08-21T11:04:17+00:00\" \/>\n<meta property=\"og:image\" content=\"https:\/\/www.acs.si\/wp-content\/themes\/andragoski\/images\/icons\/icon_ozavescanje.svg\" \/>\n<meta name=\"twitter:card\" content=\"summary_large_image\" \/>\n<meta name=\"twitter:label1\" content=\"Est. reading time\" \/>\n\t<meta name=\"twitter:data1\" content=\"3 minutes\" \/>\n<script type=\"application\/ld+json\" class=\"yoast-schema-graph\">{\"@context\":\"https:\/\/schema.org\",\"@graph\":[{\"@type\":\"WebPage\",\"@id\":\"https:\/\/www.acs.si\/en\/fields-of-work\/awareness-raising\/\",\"url\":\"https:\/\/www.acs.si\/en\/fields-of-work\/awareness-raising\/\",\"name\":\"Awareness-raising | Andrago\u0161ki center Republike Slovenije\",\"isPartOf\":{\"@id\":\"https:\/\/www.acs.si\/#website\"},\"primaryImageOfPage\":{\"@id\":\"https:\/\/www.acs.si\/en\/fields-of-work\/awareness-raising\/#primaryimage\"},\"image\":{\"@id\":\"https:\/\/www.acs.si\/en\/fields-of-work\/awareness-raising\/#primaryimage\"},\"thumbnailUrl\":\"https:\/\/www.acs.si\/wp-content\/themes\/andragoski\/images\/icons\/icon_ozavescanje.svg\",\"datePublished\":\"2018-06-06T09:11:37+00:00\",\"dateModified\":\"2024-08-21T11:04:17+00:00\",\"breadcrumb\":{\"@id\":\"https:\/\/www.acs.si\/en\/fields-of-work\/awareness-raising\/#breadcrumb\"},\"inLanguage\":\"en-US\",\"potentialAction\":[{\"@type\":\"ReadAction\",\"target\":[\"https:\/\/www.acs.si\/en\/fields-of-work\/awareness-raising\/\"]}]},{\"@type\":\"ImageObject\",\"inLanguage\":\"en-US\",\"@id\":\"https:\/\/www.acs.si\/en\/fields-of-work\/awareness-raising\/#primaryimage\",\"url\":\"https:\/\/www.acs.si\/wp-content\/themes\/andragoski\/images\/icons\/icon_ozavescanje.svg\",\"contentUrl\":\"https:\/\/www.acs.si\/wp-content\/themes\/andragoski\/images\/icons\/icon_ozavescanje.svg\"},{\"@type\":\"BreadcrumbList\",\"@id\":\"https:\/\/www.acs.si\/en\/fields-of-work\/awareness-raising\/#breadcrumb\",\"itemListElement\":[{\"@type\":\"ListItem\",\"position\":1,\"name\":\"Home\",\"item\":\"https:\/\/www.acs.si\/en\/\"},{\"@type\":\"ListItem\",\"position\":2,\"name\":\"Fields of Work\",\"item\":\"https:\/\/www.acs.si\/en\/fields-of-work\/\"},{\"@type\":\"ListItem\",\"position\":3,\"name\":\"Awareness-raising\"}]},{\"@type\":\"WebSite\",\"@id\":\"https:\/\/www.acs.si\/#website\",\"url\":\"https:\/\/www.acs.si\/\",\"name\":\"Andrago\u0161ki center Republike Slovenije\",\"description\":\"\",\"potentialAction\":[{\"@type\":\"SearchAction\",\"target\":{\"@type\":\"EntryPoint\",\"urlTemplate\":\"https:\/\/www.acs.si\/?s={search_term_string}\"},\"query-input\":{\"@type\":\"PropertyValueSpecification\",\"valueRequired\":true,\"valueName\":\"search_term_string\"}}],\"inLanguage\":\"en-US\"}]}<\/script>\n<!-- \/ Yoast SEO plugin. -->","yoast_head_json":{"title":"Awareness-raising | Andrago\u0161ki center Republike Slovenije","robots":{"index":"index","follow":"follow","max-snippet":"max-snippet:-1","max-image-preview":"max-image-preview:large","max-video-preview":"max-video-preview:-1"},"canonical":"https:\/\/www.acs.si\/en\/fields-of-work\/awareness-raising\/","og_locale":"en_US","og_type":"article","og_title":"Awareness-raising | Andrago\u0161ki center Republike Slovenije","og_description":"We began our...","og_url":"https:\/\/www.acs.si\/en\/fields-of-work\/awareness-raising\/","og_site_name":"Andrago\u0161ki center Republike Slovenije","article_publisher":"https:\/\/www.facebook.com\/AndragoskiCenterSlovenije\/","article_modified_time":"2024-08-21T11:04:17+00:00","og_image":[{"url":"https:\/\/www.acs.si\/wp-content\/themes\/andragoski\/images\/icons\/icon_ozavescanje.svg","type":"","width":"","height":""}],"twitter_card":"summary_large_image","twitter_misc":{"Est. reading time":"3 minutes"},"schema":{"@context":"https:\/\/schema.org","@graph":[{"@type":"WebPage","@id":"https:\/\/www.acs.si\/en\/fields-of-work\/awareness-raising\/","url":"https:\/\/www.acs.si\/en\/fields-of-work\/awareness-raising\/","name":"Awareness-raising | Andrago\u0161ki center Republike Slovenije","isPartOf":{"@id":"https:\/\/www.acs.si\/#website"},"primaryImageOfPage":{"@id":"https:\/\/www.acs.si\/en\/fields-of-work\/awareness-raising\/#primaryimage"},"image":{"@id":"https:\/\/www.acs.si\/en\/fields-of-work\/awareness-raising\/#primaryimage"},"thumbnailUrl":"https:\/\/www.acs.si\/wp-content\/themes\/andragoski\/images\/icons\/icon_ozavescanje.svg","datePublished":"2018-06-06T09:11:37+00:00","dateModified":"2024-08-21T11:04:17+00:00","breadcrumb":{"@id":"https:\/\/www.acs.si\/en\/fields-of-work\/awareness-raising\/#breadcrumb"},"inLanguage":"en-US","potentialAction":[{"@type":"ReadAction","target":["https:\/\/www.acs.si\/en\/fields-of-work\/awareness-raising\/"]}]},{"@type":"ImageObject","inLanguage":"en-US","@id":"https:\/\/www.acs.si\/en\/fields-of-work\/awareness-raising\/#primaryimage","url":"https:\/\/www.acs.si\/wp-content\/themes\/andragoski\/images\/icons\/icon_ozavescanje.svg","contentUrl":"https:\/\/www.acs.si\/wp-content\/themes\/andragoski\/images\/icons\/icon_ozavescanje.svg"},{"@type":"BreadcrumbList","@id":"https:\/\/www.acs.si\/en\/fields-of-work\/awareness-raising\/#breadcrumb","itemListElement":[{"@type":"ListItem","position":1,"name":"Home","item":"https:\/\/www.acs.si\/en\/"},{"@type":"ListItem","position":2,"name":"Fields of Work","item":"https:\/\/www.acs.si\/en\/fields-of-work\/"},{"@type":"ListItem","position":3,"name":"Awareness-raising"}]},{"@type":"WebSite","@id":"https:\/\/www.acs.si\/#website","url":"https:\/\/www.acs.si\/","name":"Andrago\u0161ki center Republike Slovenije","description":"","potentialAction":[{"@type":"SearchAction","target":{"@type":"EntryPoint","urlTemplate":"https:\/\/www.acs.si\/?s={search_term_string}"},"query-input":{"@type":"PropertyValueSpecification","valueRequired":true,"valueName":"search_term_string"}}],"inLanguage":"en-US"}]}},"_links":{"self":[{"href":"https:\/\/www.acs.si\/en\/wp-json\/wp\/v2\/pages\/26766","targetHints":{"allow":["GET"]}}],"collection":[{"href":"https:\/\/www.acs.si\/en\/wp-json\/wp\/v2\/pages"}],"about":[{"href":"https:\/\/www.acs.si\/en\/wp-json\/wp\/v2\/types\/page"}],"author":[{"embeddable":true,"href":"https:\/\/www.acs.si\/en\/wp-json\/wp\/v2\/users\/161"}],"replies":[{"embeddable":true,"href":"https:\/\/www.acs.si\/en\/wp-json\/wp\/v2\/comments?post=26766"}],"version-history":[{"count":11,"href":"https:\/\/www.acs.si\/en\/wp-json\/wp\/v2\/pages\/26766\/revisions"}],"predecessor-version":[{"id":73506,"href":"https:\/\/www.acs.si\/en\/wp-json\/wp\/v2\/pages\/26766\/revisions\/73506"}],"up":[{"embeddable":true,"href":"https:\/\/www.acs.si\/en\/wp-json\/wp\/v2\/pages\/28313"}],"wp:attachment":[{"href":"https:\/\/www.acs.si\/en\/wp-json\/wp\/v2\/media?parent=26766"}],"curies":[{"name":"wp","href":"https:\/\/api.w.org\/{rel}","templated":true}]}}