{"id":26760,"date":"2018-06-06T08:44:43","date_gmt":"2018-06-06T07:44:43","guid":{"rendered":"http:\/\/www.acs.si\/?page_id=26760"},"modified":"2018-06-06T08:44:43","modified_gmt":"2018-06-06T07:44:43","slug":"quality","status":"publish","type":"page","link":"https:\/\/www.acs.si\/en\/fields-of-work\/quality\/","title":{"rendered":"Quality"},"content":{"rendered":"<p>[et_pb_section bb_built=&#8221;1&#8243;][et_pb_row][et_pb_column type=&#8221;4_4&#8243;][et_pb_text admin_label=&#8221;Povzetek v okvirju&#8221; _builder_version=&#8221;3.4.1&#8243; text_text_color=&#8221;#ffffff&#8221;]<\/p>\n<div class=\"summary\">\n<div class=\"summaryIcon\"><img decoding=\"async\" src=\"https:\/\/www.acs.si\/wp-content\/themes\/andragoski\/images\/icons\/icon_kakovost.svg\" alt=\"image\" \/><\/div>\n<div>\n<p>Support for the development of the quality of adult education, especially of public adult education programmes, is a very important activity for us. We thus contribute to the <strong>realisation of the right of all adult inhabitants of Slovenia to quality education and the right of the public to be informed about the course and outcomes of such activities. <\/strong>We realise our fundamental mission in the assurance of the quality of adult education by:<\/p>\n<ul>\n<li>conducting <strong>research and development work <\/strong>to support the development of the quality of adult education on the system and practitioner levels;<\/li>\n<li><strong>developing internal and external approaches for the definition,<\/strong> assessment and development of quality;<\/li>\n<li><strong>producing professional groundwork <\/strong>for the <strong>systemic incorporation<\/strong> of activities in the area of quality;<\/li>\n<li><strong>advising and training <\/strong>professionals in the field of adult education for the performance of self-assessment and the development of quality of their own work;<\/li>\n<li><strong>providing expert support for the development of quality at educational organisations <\/strong>and promoting <strong>the exchange of knowledge and good practices<\/strong>;<\/li>\n<li><strong>developing ICT support<\/strong> for quality development processes;<\/li>\n<li><strong>developing professional literature<\/strong> in the area of quality;<\/li>\n<li>concurrently <strong>monitoring <\/strong>all solutions that we introduce in practice and <strong>introducing improvements based on evaluations;<\/strong><\/li>\n<li><strong>ensuring the flow of knowledge within international<\/strong> <strong>networks<\/strong>.<\/li>\n<\/ul>\n<\/div>\n<\/div>\n<p>[\/et_pb_text][et_pb_text admin_label=&#8221;Opis podro\u010dja&#8221; _builder_version=&#8221;3.4.1&#8243;]<\/p>\n<p>When developing this field, we follow the principle stating that we need to <strong>uniformly develop both the internal and the external approaches <\/strong>to the assessment and development of quality. The introduction of both needs to be supported by <strong>guidance and training of professionals<\/strong> who will implement these approaches.<\/p>\n<p>The main milestone in the planning of the introduction of self-evaluation in the adult education practice is the year 2001 when we developed and first introduced into practice the <a href=\"https:\/\/kakovost.acs.si\/doc\/N-1144-1.pdf\" target=\"_blank\" rel=\"noopener\">Approach to self-evaluation offering quality education to adults \u2013 OQEA<\/a>. The OQEA approach guides an organisation in its deliberation of the definition of quality (<em>What do we<\/em> <em>want to be like?<\/em>), assessment of quality (<em>What are we like?<\/em>) and the maintenance and development of the quality of one&#8217;s own work (<em>How can we become even better?<\/em>). In order to train adult educators for the assessment and development of quality according to the OQEA approach, we developed a new basic training programme in 2017 for the introduction and upgrading of an internal quality system at an adult education organisation \u2013 Quality Mosaic (<a href=\"https:\/\/arhiv.acs.si\/ucna_gradiva\/Mozaik_kakovosti.pdf\" target=\"_blank\" rel=\"noopener\">Mozaik kakovosti<\/a>).<\/p>\n<p>The next important professional milestone is represented by the setup of a <a href=\"https:\/\/kakovost.acs.si\/counsellors\/\" target=\"_blank\" rel=\"noopener\">national network of quality counsellors<\/a> for the area of adult education. The aim of the network is to train professional staff for the highest possible quality of professional counselling aimed at effective, comprehensive, systematic and continuous assessment and development of the quality of adult education at an educational organisation. We have developed a conceptual scheme of a counselling network within which we coordinate the work professionally.<\/p>\n<p>The central element of the approach to the assessment and development of quality is self-evaluation; internal quality processes are upgraded with external processes. It is essential for us to &#8220;look ourselves in the mirror&#8221; in certain periods when it comes to the processes related to quality, whereby it is also important to have professional courage to plan when and how others will assess us. We therefore also develop external incentives such as: Zeleni znak kakovosti (<a href=\"https:\/\/kakovost.acs.si\/incentives\/green_logo\/\" target=\"_blank\" rel=\"noopener\">green OQWA logo<\/a>), Ekspertna zunanja evalvacija (<a href=\"https:\/\/kakovost.acs.si\/expert_external_evaluation\/\" target=\"_blank\" rel=\"noopener\">Expert External Evaluation<\/a>), <a href=\"https:\/\/kakovost.acs.si\/razvoj_podrocja\/publiciranje\/index.php?id=958\" target=\"_blank\" rel=\"noopener\">Kolegialna presoja kakovosti<\/a> (Peer Quality Review).<\/p>\n<p>Do you need support in the development of your own internal quality systems? Visit the <a href=\"https:\/\/mozaik.acs.si\/\" target=\"_blank\" rel=\"noopener\">Quality Mosaic<\/a> portal where you will find <strong>professional recommendations<\/strong>, <strong>tools<\/strong> and <strong>descriptions of good practices <\/strong>for the setup and development of an internal quality system.<\/p>\n<p>[\/et_pb_text][et_pb_text admin_label=&#8221;Citat&#8221; _builder_version=&#8221;3.4.1&#8243;]<\/p>\n<div class=\"blockquote\">\n<p>An organisation that cares for the quality of its work will assess such quality in a planned, systematic and regular manner in order to maintain what is good, eliminate what is bad and search for opportunities for its further development.<\/p>\n<\/div>\n<p>[\/et_pb_text][\/et_pb_column][\/et_pb_row][\/et_pb_section]<\/p>\n","protected":false},"excerpt":{"rendered":"<p>Support for the&#8230;<\/p>\n","protected":false},"author":161,"featured_media":0,"parent":28313,"menu_order":0,"comment_status":"closed","ping_status":"closed","template":"","meta":{"_acf_changed":false,"_et_pb_use_builder":"on","_et_pb_old_content":"<div class=\"summary\">\r\n<div class=\"summaryIcon\">\r\n\t<img src=\"https:\/\/www.acs.si\/wp-content\/themes\/andragoski\/images\/icons\/icon_kakovost.svg\" alt=\"image\">\r\n<\/div>\r\n\t<p>Na\u0161e temeljno poslanstvo pri zagotavljanju kakovosti izobra\u017eevanja odraslih uresni\u010dujemo tako, da:<\/p>\r\n\t<ul>\r\n\t\t<li>zagotavljamo raziskovalno in razvojno delo v podporo razvoju kakovosti v izobra\u017eevanju odraslih na sistemski in izvajalski ravni<\/li>\r\n\t\t<li>razvijamo notranje in zunanje pristope za opredeljevanje, presojanje in razvijanje kakovosti,<\/li>\r\n\t\t<li>razvijamo strokovne podlage za sistemsko ume\u0161\u010danje dejavnosti s podro\u010dja kakovosti,<\/li>\r\n\t\t<li>svetujemo in usposabljamo strokovne delavce v izobra\u017eevanju odraslih za izpeljavo samoevalvacije in razvoj kakovosti lastnega dela,<\/li>\r\n<li>dajemo strokovno podporo za razvoj kakovosti v izobra\u017eevalnih organizacijah ter spodbujamo izmenjavo znanja in dobre prakse, <\/li>\r\n<li>razvijamo informacijsko-komunikacijsko podporo procesom razvoja kakovosti, <\/li>\r\n<li>vse re\u0161itve, ki jih vpeljujemo v prakso, tudi sproti spremljamo in na podlagi ovrednotenj uvajamo izbolj\u0161ave, <\/li>\r\n<li>skrbimo za pretok znanja v mednarodnih povezavah. <\/li>\r\n\t<\/ul>\r\n<\/div>\r\n\r\n<p>Podpora razvoju kakovosti izobra\u017eevanja odraslih, zlasti javnega, je \u017ee vse od ustanovitve, pomemben del dejavnosti Andrago\u0161kega centra Slovenije (ACS). Z razli\u010dnimi dejavnostmi in projekti s podro\u010dja kakovosti v izobra\u017eevanju odraslih se trudimo prispevati k udejanjanju pravice vseh odraslih prebivalcev Slovenije do kakovostnega izobra\u017eevanja in pravice javnosti do obve\u0161\u010denosti o poteku in izidih te dejavnosti. \r\n\r\nPri razvoju podro\u010dja sledimo na\u010delu, da je potrebno enakomerno razvijati tako notranje kot zunanje pristope za presojanje in razvij kakovosti. Uveljavljanje enih in drugih, pa je potrebno podpreti s svetovanjem in usposabljanjem strokovnih delavcev, ki bodo te pristope udejanjali. \r\n\r\nKot temelji mejnik pri na\u010drtnem vpeljevanju samoevalvacije v prakso izobra\u017eevanja odraslih lahko \u0161tejemo leto 2001, ko smo razvili in v prakso prvi\u010d vpeljali pristop k samoevalvaciji <a href=\"https:\/\/www.acs.si\/podrocja-dela\/kakovost\/ponudimo-odraslim-kakovostno-izobrazevanje\/\">Ponudimo odraslim kakovostno izobra\u017eevanje \u2013 POKI<\/a>. Pristop POKI organizacijo vodi v premislekih o opredeljevanju kakovosti (Kak\u0161ni \u017eelimo biti?), presojanju kakovosti (Kak\u0161ni smo?) in ohranjanju in razvijanju kakovosti lastnega dela (Kako smo lahko \u0161e bolj\u0161i?). Z namenom usposabljanja izobra\u017eevalcev odraslih za presojanje in razvijanje kakovosti po pristopu POKI,  smo v letu 2017 razvili nov program temeljnega usposabljanja za vzpostavitev in nadgradnjo notranjega sistema kakovosti v organizaciji za izobra\u017eevanje odraslih \u2013 <a href=\"https:\/\/izobrazevanje.acs.si\/dokumenti\/N-1432-2.pdf\" rel=\"noopener\" target=\"_blank\">Mozaik kakovosti<\/a>.\r\n\r\nNaslednji pomembni strokovni mejnik predstavlja vzpostavitev <a href=\"https:\/\/kakovost.acs.si\/svetovalci\/o_omrezju\/\" rel=\"noopener\" target=\"_blank\">nacionalnega omre\u017eja svetovalcev za kakovost<\/a> v izobra\u017eevanju odraslih. Namen tega omre\u017eja je usposobiti profesionalno osebje, ki bo \u010dim bolj kakovostno strokovno svetovalo, kako je mogo\u010de u\u010dinkovito, celostno, sistemati\u010dno in stalno presojati in razvijati kakovost izobra\u017eevanja odraslih v izobra\u017eevalni organizaciji. Razvili smo konceptualno zasnovo svetovalnega omre\u017eja in delo v omre\u017eju strokovno koordiniramo.  \r\n\r\nV pristopu k presojanju in razvijanju kakovosti, ki ga razvijamo na podro\u010dju izobra\u017eevanja odraslih v Sloveniji, ima samoevalvacija osrednje mesto. Notranje procese kakovosti pa nadgrajujemo z zunanjimi. Klju\u010dno je, da si v procesih kakovosti v dolo\u010denih obdobjih sami \u00bbnastavimo ogledalo\u00ab, prav tako pa \u0161teje tudi strokovni pogum, da na\u010drtno pristopimo k temu, da nam \u00bbogledalo nastavijo drugi.\u00ab  Z namenom zunanjih presoj kakovosti zato na ACS razvijamo tudi zunanje spodbude, kot so: <a href=\"https:\/\/kakovost.acs.si\/spodbude\/zeleni_znak\/\" rel=\"noopener\" target=\"_blank\">Zeleni znak kakovosti<\/a>, <a href=\"https:\/\/kakovost.acs.si\/ekspertna_zunanja_evalvacija\/\" rel=\"noopener\" target=\"_blank\">Ekspertna zunanja evalvacija<\/a>, <a href=\"https:\/\/kakovost.acs.si\/razvoj_podrocja\/publiciranje\/index.php?id=958\" rel=\"noopener\" target=\"_blank\">Kolegialna presoja kakovosti<\/a>.\r\n\r\nV podporo izvajalcem pri razvoju lastnih notranjih sistemov kakovosti smo oblikovali spletni portal <a href=\"https:\/\/mozaik.acs.si\/\" rel=\"noopener\" target=\"_blank\">Mozaik kakovosti<\/a>. Izobra\u017eevalci odraslih lahko na spletnem portalu dostopajo do strokovnih priporo\u010dil, pripomo\u010dkov in opisov dobrih praks za vzpostavitev in razvoj notranjega sistema kakovosti. \r\n.<\/p>\r\n<p>Oseba za stike:<\/p>\r\n<p>\r\n\tdr. Tanja Mo\u017eina<br>\r\n\tE: <a href=\"mailto:tanja.mozina@acs.si\">tanja.mozina@acs.si<\/a><br>\r\n\tT: 01 5842 577<br>\r\n\tF: 01 5842 550<\/p>\r\n<br>\r\n\r\n<blockquote>\r\nOrganizacija, ki skrbi za kakovost svojega dela, na\u010drtno, sistemati\u010dno in redno presoja svojo kakovost, da bi ohranila, kar je dobro, odpravila, kar je slabo, in iskala prilo\u017enosti za svoj nadaljnji razvoj.\r\n<\/blockquote>","_et_gb_content_width":"","inline_featured_image":false,"footnotes":""},"class_list":["post-26760","page","type-page","status-publish","hentry"],"acf":[],"yoast_head":"<!-- This site is optimized with the Yoast SEO plugin v26.2 - https:\/\/yoast.com\/wordpress\/plugins\/seo\/ -->\n<title>Quality | Andrago\u0161ki center Republike Slovenije<\/title>\n<meta name=\"robots\" content=\"index, follow, max-snippet:-1, max-image-preview:large, max-video-preview:-1\" \/>\n<link rel=\"canonical\" href=\"https:\/\/www.acs.si\/en\/fields-of-work\/quality\/\" \/>\n<meta property=\"og:locale\" content=\"en_US\" \/>\n<meta property=\"og:type\" content=\"article\" \/>\n<meta property=\"og:title\" content=\"Quality | Andrago\u0161ki center Republike Slovenije\" \/>\n<meta property=\"og:description\" content=\"Support for the...\" \/>\n<meta property=\"og:url\" content=\"https:\/\/www.acs.si\/en\/fields-of-work\/quality\/\" \/>\n<meta property=\"og:site_name\" content=\"Andrago\u0161ki center Republike Slovenije\" \/>\n<meta property=\"article:publisher\" content=\"https:\/\/www.facebook.com\/AndragoskiCenterSlovenije\/\" \/>\n<meta property=\"og:image\" content=\"https:\/\/www.acs.si\/wp-content\/themes\/andragoski\/images\/icons\/icon_kakovost.svg\" \/>\n<meta name=\"twitter:card\" content=\"summary_large_image\" \/>\n<meta name=\"twitter:label1\" content=\"Est. reading time\" \/>\n\t<meta name=\"twitter:data1\" content=\"3 minutes\" \/>\n<script type=\"application\/ld+json\" class=\"yoast-schema-graph\">{\"@context\":\"https:\/\/schema.org\",\"@graph\":[{\"@type\":\"WebPage\",\"@id\":\"https:\/\/www.acs.si\/en\/fields-of-work\/quality\/\",\"url\":\"https:\/\/www.acs.si\/en\/fields-of-work\/quality\/\",\"name\":\"Quality | Andrago\u0161ki center Republike Slovenije\",\"isPartOf\":{\"@id\":\"https:\/\/www.acs.si\/#website\"},\"primaryImageOfPage\":{\"@id\":\"https:\/\/www.acs.si\/en\/fields-of-work\/quality\/#primaryimage\"},\"image\":{\"@id\":\"https:\/\/www.acs.si\/en\/fields-of-work\/quality\/#primaryimage\"},\"thumbnailUrl\":\"https:\/\/www.acs.si\/wp-content\/themes\/andragoski\/images\/icons\/icon_kakovost.svg\",\"datePublished\":\"2018-06-06T07:44:43+00:00\",\"breadcrumb\":{\"@id\":\"https:\/\/www.acs.si\/en\/fields-of-work\/quality\/#breadcrumb\"},\"inLanguage\":\"en-US\",\"potentialAction\":[{\"@type\":\"ReadAction\",\"target\":[\"https:\/\/www.acs.si\/en\/fields-of-work\/quality\/\"]}]},{\"@type\":\"ImageObject\",\"inLanguage\":\"en-US\",\"@id\":\"https:\/\/www.acs.si\/en\/fields-of-work\/quality\/#primaryimage\",\"url\":\"https:\/\/www.acs.si\/wp-content\/themes\/andragoski\/images\/icons\/icon_kakovost.svg\",\"contentUrl\":\"https:\/\/www.acs.si\/wp-content\/themes\/andragoski\/images\/icons\/icon_kakovost.svg\"},{\"@type\":\"BreadcrumbList\",\"@id\":\"https:\/\/www.acs.si\/en\/fields-of-work\/quality\/#breadcrumb\",\"itemListElement\":[{\"@type\":\"ListItem\",\"position\":1,\"name\":\"Home\",\"item\":\"https:\/\/www.acs.si\/en\/\"},{\"@type\":\"ListItem\",\"position\":2,\"name\":\"Fields of Work\",\"item\":\"https:\/\/www.acs.si\/en\/fields-of-work\/\"},{\"@type\":\"ListItem\",\"position\":3,\"name\":\"Quality\"}]},{\"@type\":\"WebSite\",\"@id\":\"https:\/\/www.acs.si\/#website\",\"url\":\"https:\/\/www.acs.si\/\",\"name\":\"Andrago\u0161ki center Republike Slovenije\",\"description\":\"\",\"potentialAction\":[{\"@type\":\"SearchAction\",\"target\":{\"@type\":\"EntryPoint\",\"urlTemplate\":\"https:\/\/www.acs.si\/?s={search_term_string}\"},\"query-input\":{\"@type\":\"PropertyValueSpecification\",\"valueRequired\":true,\"valueName\":\"search_term_string\"}}],\"inLanguage\":\"en-US\"}]}<\/script>\n<!-- \/ Yoast SEO plugin. -->","yoast_head_json":{"title":"Quality | Andrago\u0161ki center Republike Slovenije","robots":{"index":"index","follow":"follow","max-snippet":"max-snippet:-1","max-image-preview":"max-image-preview:large","max-video-preview":"max-video-preview:-1"},"canonical":"https:\/\/www.acs.si\/en\/fields-of-work\/quality\/","og_locale":"en_US","og_type":"article","og_title":"Quality | Andrago\u0161ki center Republike Slovenije","og_description":"Support for the...","og_url":"https:\/\/www.acs.si\/en\/fields-of-work\/quality\/","og_site_name":"Andrago\u0161ki center Republike Slovenije","article_publisher":"https:\/\/www.facebook.com\/AndragoskiCenterSlovenije\/","og_image":[{"url":"https:\/\/www.acs.si\/wp-content\/themes\/andragoski\/images\/icons\/icon_kakovost.svg","type":"","width":"","height":""}],"twitter_card":"summary_large_image","twitter_misc":{"Est. reading time":"3 minutes"},"schema":{"@context":"https:\/\/schema.org","@graph":[{"@type":"WebPage","@id":"https:\/\/www.acs.si\/en\/fields-of-work\/quality\/","url":"https:\/\/www.acs.si\/en\/fields-of-work\/quality\/","name":"Quality | Andrago\u0161ki center Republike Slovenije","isPartOf":{"@id":"https:\/\/www.acs.si\/#website"},"primaryImageOfPage":{"@id":"https:\/\/www.acs.si\/en\/fields-of-work\/quality\/#primaryimage"},"image":{"@id":"https:\/\/www.acs.si\/en\/fields-of-work\/quality\/#primaryimage"},"thumbnailUrl":"https:\/\/www.acs.si\/wp-content\/themes\/andragoski\/images\/icons\/icon_kakovost.svg","datePublished":"2018-06-06T07:44:43+00:00","breadcrumb":{"@id":"https:\/\/www.acs.si\/en\/fields-of-work\/quality\/#breadcrumb"},"inLanguage":"en-US","potentialAction":[{"@type":"ReadAction","target":["https:\/\/www.acs.si\/en\/fields-of-work\/quality\/"]}]},{"@type":"ImageObject","inLanguage":"en-US","@id":"https:\/\/www.acs.si\/en\/fields-of-work\/quality\/#primaryimage","url":"https:\/\/www.acs.si\/wp-content\/themes\/andragoski\/images\/icons\/icon_kakovost.svg","contentUrl":"https:\/\/www.acs.si\/wp-content\/themes\/andragoski\/images\/icons\/icon_kakovost.svg"},{"@type":"BreadcrumbList","@id":"https:\/\/www.acs.si\/en\/fields-of-work\/quality\/#breadcrumb","itemListElement":[{"@type":"ListItem","position":1,"name":"Home","item":"https:\/\/www.acs.si\/en\/"},{"@type":"ListItem","position":2,"name":"Fields of Work","item":"https:\/\/www.acs.si\/en\/fields-of-work\/"},{"@type":"ListItem","position":3,"name":"Quality"}]},{"@type":"WebSite","@id":"https:\/\/www.acs.si\/#website","url":"https:\/\/www.acs.si\/","name":"Andrago\u0161ki center Republike Slovenije","description":"","potentialAction":[{"@type":"SearchAction","target":{"@type":"EntryPoint","urlTemplate":"https:\/\/www.acs.si\/?s={search_term_string}"},"query-input":{"@type":"PropertyValueSpecification","valueRequired":true,"valueName":"search_term_string"}}],"inLanguage":"en-US"}]}},"_links":{"self":[{"href":"https:\/\/www.acs.si\/en\/wp-json\/wp\/v2\/pages\/26760","targetHints":{"allow":["GET"]}}],"collection":[{"href":"https:\/\/www.acs.si\/en\/wp-json\/wp\/v2\/pages"}],"about":[{"href":"https:\/\/www.acs.si\/en\/wp-json\/wp\/v2\/types\/page"}],"author":[{"embeddable":true,"href":"https:\/\/www.acs.si\/en\/wp-json\/wp\/v2\/users\/161"}],"replies":[{"embeddable":true,"href":"https:\/\/www.acs.si\/en\/wp-json\/wp\/v2\/comments?post=26760"}],"version-history":[{"count":2,"href":"https:\/\/www.acs.si\/en\/wp-json\/wp\/v2\/pages\/26760\/revisions"}],"predecessor-version":[{"id":26762,"href":"https:\/\/www.acs.si\/en\/wp-json\/wp\/v2\/pages\/26760\/revisions\/26762"}],"up":[{"embeddable":true,"href":"https:\/\/www.acs.si\/en\/wp-json\/wp\/v2\/pages\/28313"}],"wp:attachment":[{"href":"https:\/\/www.acs.si\/en\/wp-json\/wp\/v2\/media?parent=26760"}],"curies":[{"name":"wp","href":"https:\/\/api.w.org\/{rel}","templated":true}]}}