{"id":26754,"date":"2018-06-06T08:25:14","date_gmt":"2018-06-06T07:25:14","guid":{"rendered":"http:\/\/www.acs.si\/?page_id=26754"},"modified":"2024-08-20T13:23:51","modified_gmt":"2024-08-20T11:23:51","slug":"information-support","status":"publish","type":"page","link":"https:\/\/www.acs.si\/en\/fields-of-work\/information-support\/","title":{"rendered":"Information services"},"content":{"rendered":"<p>[et_pb_section fb_built=&#8221;1&#8243; admin_label=&#8221;section&#8221; _builder_version=&#8221;4.16&#8243; global_colors_info=&#8221;{}&#8221;][et_pb_row admin_label=&#8221;row&#8221; _builder_version=&#8221;4.16&#8243; background_size=&#8221;initial&#8221; background_position=&#8221;top_left&#8221; background_repeat=&#8221;repeat&#8221; global_colors_info=&#8221;{}&#8221;][et_pb_column type=&#8221;4_4&#8243; _builder_version=&#8221;4.16&#8243; custom_padding=&#8221;|||&#8221; global_colors_info=&#8221;{}&#8221; custom_padding__hover=&#8221;|||&#8221;][et_pb_text admin_label=&#8221;Povzetek&#8221; _builder_version=&#8221;4.17.2&#8243; text_text_color=&#8221;#ffffff&#8221; hover_enabled=&#8221;0&#8243; global_colors_info=&#8221;{}&#8221; sticky_enabled=&#8221;0&#8243;]<\/p>\n<div class=\"summary\">\n<div class=\"summaryIcon\"><img decoding=\"async\" src=\"https:\/\/www.acs.si\/wp-content\/themes\/andragoski\/images\/icons\/icon_informiranje.svg\" alt=\"image\" \/><\/div>\n<p>We inform the domestic and international public, i.e. from the professional, academic and political to non-professional spheres and the media, of the activities and achievements in the fields of adult education and lifelong learning. We make use of other media and sources of information and also set up, upgrade and expand our own media and sources. In doing so, we establish inter-sector ties at home and on the international stage.<\/p>\n<\/div>\n<p>[\/et_pb_text][et_pb_text admin_label=&#8221;Opis podro\u010dja&#8221; _builder_version=&#8221;4.17.2&#8243; text_text_color=&#8221;#161616&#8243; background_size=&#8221;initial&#8221; background_position=&#8221;top_left&#8221; background_repeat=&#8221;repeat&#8221; hover_enabled=&#8221;0&#8243; global_colors_info=&#8221;{}&#8221; sticky_enabled=&#8221;0&#8243;]<\/p>\n<p>The aim of these activities is:<\/p>\n<ul>\n<li>to inform the domestic and foreign public of the developments in the field of adult education and lifelong learning in Slovenia;<\/li>\n<li>to use our own media to publish relevant information gathered from other domestic and international sources;<\/li>\n<li>the ensure current data, indicators and up-to-date adult education content presentations;<\/li>\n<li>to analyse the educational offer in Slovenia and inform the broadest possible population of the general public as well as the professional public about the said offer;<\/li>\n<li>to provide library-documentation activities to employees and external users.<\/li>\n<\/ul>\n<p>The above allows us to contribute to the broadest possible understanding of adult education as a driving force behind lifelong advancement of knowledge and skills, improvement of employability, personal growth and coexistence in the community. Diverse information also allows us to boost awareness-building activities in other ways.<\/p>\n<p>We realise our purpose of providing information using an online overview of the offer of adult education in Slovenia entitled <a href=\"https:\/\/pregled.acs.si\/\" target=\"_blank\" rel=\"noopener noreferrer\">Kam po znanje<\/a> (online overview of adult education and learning on offer) (1992 \u2192) and the collection of current content presentations gathered in the <a href=\"https:\/\/www.acs.si\/en\/projects\/other-activities\/info-mosaic\/\" target=\"_blank\" rel=\"noopener noreferrer\">InfO-Mosaic<\/a> (2008 \u2192). The <a href=\"https:\/\/enovicke.acs.si\/en\/home\/\" target=\"_blank\" rel=\"noopener noreferrer\">SIAE Newsletter<\/a>\u00a0(1992 \u2192) informs Slovenian and foreign readership on the latest developments and achievements in adult education in Slovenia and abroad. We also publish articles on the Electronic Platform for Adult Education in Europe \u2013 <a href=\"https:\/\/ec.europa.eu\/epale\/en\/home-page\" target=\"_blank\" rel=\"noopener noreferrer\">EPALE<\/a> (2015 \u2192). We participate in the Slovenian EPALE expert group and contribute in other ways to the development of this medium for the exchange of information, viewpoints and other content intended for the professional public in adult education.<\/p>\n<p>Do you need professional materials dealing with adult learning and education, pedagogy and similar professional fields? Visit the <a href=\"https:\/\/www.acs.si\/en\/library-and-resources\/library-2\/\" target=\"_blank\" rel=\"noopener noreferrer\">specialised library<\/a> where we have collected specialised book and other materials for around 350 users.<\/p>\n<p>[\/et_pb_text][et_pb_text admin_label=&#8221;Citat&#8221; _builder_version=&#8221;4.16&#8243; text_text_color=&#8221;#161616&#8243; background_size=&#8221;initial&#8221; background_position=&#8221;top_left&#8221; background_repeat=&#8221;repeat&#8221; global_colors_info=&#8221;{}&#8221;]<\/p>\n<div class=\"blockquote\">\n<p>The important thing is not to stop questioning. Curiosity has its own reason for existing.<\/p>\n<p class=\"author\">Albert Einstein<\/p>\n<\/div>\n<p>[\/et_pb_text][\/et_pb_column][\/et_pb_row][\/et_pb_section]<\/p>\n","protected":false},"excerpt":{"rendered":"<p>We inform the&#8230;<\/p>\n","protected":false},"author":161,"featured_media":0,"parent":28313,"menu_order":0,"comment_status":"closed","ping_status":"closed","template":"","meta":{"_acf_changed":false,"_et_pb_use_builder":"on","_et_pb_old_content":"<div class=\"summary\">\r\n<div class=\"summaryIcon\"><img src=\"https:\/\/www.acs.si\/wp-content\/themes\/andragoski\/images\/icons\/icon_informiranje.svg\" alt=\"image\" \/><\/div>\r\nInformiranje o dejavnostih in dose\u017ekih na podro\u010dju izobra\u017eevanja odraslih in vse\u017eivljenjskega u\u010denja na ACS izvajamo vse od leta 1992.\r\n\r\nPri tem nagovarjamo doma\u010do in tujo javnost \u2013 od strokovne, akademske, politi\u010dne pa do lai\u010dne javnosti ter medijev. Vzpostavili smo lastne medije in vire informacij, ki jih stalno nagrajujemo in \u0161irimo. Uporabljamo pa tudi druge medije in vire informacij ter se pri tem medsektorsko povezujemo v doma\u010dem in mednarodnem merilu.\r\n\r\n<\/div>\r\n<strong>Namen teh dejavnosti je:<\/strong>\r\n<ul>\r\n \t<li>obve\u0161\u010dati doma\u010do in tujo javnost o dogajanjih na podro\u010dju izobra\u017eevanja odraslih in vse\u017eivljenjskega u\u010denja v Sloveniji,<\/li>\r\n \t<li>v lastnih medijih objavljati relevantne informacije iz drugih doma\u010dih in mednarodnih virov,<\/li>\r\n \t<li>zagotavljati aktualne podatke, kazalnike in aktualne vsebinske predstavitve klju\u010dnih podro\u010dij IO,<\/li>\r\n \t<li>informirati naj\u0161ir\u0161o in strokovno javnost o izobra\u017eevalni ponudbi v Sloveniji ter slednjo analizirati,<\/li>\r\n \t<li>zagotoviti knji\u017eni\u010dno-dokumentacijske dejavnosti sodelavcem ACS ter zunanjim uporabnikom.<\/li>\r\n<\/ul>\r\nZ na\u0161tetim prispevamo k naj\u0161ir\u0161emu razumevanju izobra\u017eevanja odraslih kot gonilne sile za vse\u017eivljenjsko nadgrajevanje znanja in spretnosti, zvi\u0161evanje zaposljivosti, osebnostno rast ter so\u017eitje v skupnostih. Z razli\u010dnimi informacijami pa tudi na druge na\u010dine krepimo dejavnosti <a href=\"https:\/\/www.acs.si\/podrocja-dela\/ozavescanje\/\">ozave\u0161\u010danja<\/a>.\r\n\r\nInformiranje uresni\u010dujemo s spletnim pregledom ponudbe izobra\u017eevanja odraslih v Sloveniji <a href=\"https:\/\/www.acs.si\/projekti\/domaci\/kam-po-znanje\/\">Kam po znanje<\/a> (1992 \u2192) ter z zbirko aktualnih vsebinskih predstavitev, zbranih v <a href=\"https:\/\/www.acs.si\/projekti\/domaci\/info-mozaik\/\">InfO-mozaiku<\/a> (2008 \u2192). Z glasilom <a href=\"https:\/\/www.acs.si\/projekti\/domaci\/e-novicke\/\">e-Novi\u010dke<\/a>(1992 \u2192) obve\u0161\u010damo slovenske in tuje bralce o najaktualnej\u0161ih dogajanjih in dose\u017ekih v izobra\u017eevanju odraslih pri nas in v tujini. Prispevke objavljamo tudi v ePlatformi za izobra\u017eevanje odraslih v Evropi \u2013 <a href=\"https:\/\/www.acs.si\/projekti\/mednarodni\/epale\/\">EPALE<\/a> (2015 \u2192), sodelujemo v slovenski ekspertni skupini za EPALE ter na druge na\u010dine prispevamo k razvoju tega medija za izmenjavo informacij, stali\u0161\u010d in drugih vsebin, namenjenih strokovni javnosti v izobra\u017eevanju odraslih.\r\n\r\nNa ACS deluje tudi knji\u017enica, v kateri so zbrana specializirana knji\u017ena in druga gradiva za okrog 350 uporabnikov.\r\n\r\n<div class=\"blockquote\">\r\n\r\nPomembno je, da ne nehamo spra\u0161evati. Radovednost ima svoj razlog za obstoj.\r\n\r\n<p class=\"author\">Albert Einstein<\/p>\r\n\r\n<\/div>","_et_gb_content_width":"","inline_featured_image":false,"footnotes":""},"class_list":["post-26754","page","type-page","status-publish","hentry"],"acf":[],"yoast_head":"<!-- This site is optimized with the Yoast SEO plugin v26.2 - https:\/\/yoast.com\/wordpress\/plugins\/seo\/ -->\n<title>Information services | Andrago\u0161ki center Republike Slovenije<\/title>\n<meta name=\"robots\" content=\"index, follow, max-snippet:-1, max-image-preview:large, max-video-preview:-1\" \/>\n<link rel=\"canonical\" href=\"https:\/\/www.acs.si\/en\/fields-of-work\/information-support\/\" \/>\n<meta property=\"og:locale\" content=\"en_US\" \/>\n<meta property=\"og:type\" content=\"article\" \/>\n<meta property=\"og:title\" content=\"Information services | Andrago\u0161ki center Republike Slovenije\" \/>\n<meta property=\"og:description\" content=\"We inform the...\" \/>\n<meta property=\"og:url\" content=\"https:\/\/www.acs.si\/en\/fields-of-work\/information-support\/\" \/>\n<meta property=\"og:site_name\" content=\"Andrago\u0161ki center Republike Slovenije\" \/>\n<meta property=\"article:publisher\" content=\"https:\/\/www.facebook.com\/AndragoskiCenterSlovenije\/\" \/>\n<meta property=\"article:modified_time\" content=\"2024-08-20T11:23:51+00:00\" \/>\n<meta property=\"og:image\" content=\"https:\/\/www.acs.si\/wp-content\/themes\/andragoski\/images\/icons\/icon_informiranje.svg\" \/>\n<meta name=\"twitter:card\" content=\"summary_large_image\" \/>\n<meta name=\"twitter:label1\" content=\"Est. reading time\" \/>\n\t<meta name=\"twitter:data1\" content=\"3 minutes\" \/>\n<script type=\"application\/ld+json\" class=\"yoast-schema-graph\">{\"@context\":\"https:\/\/schema.org\",\"@graph\":[{\"@type\":\"WebPage\",\"@id\":\"https:\/\/www.acs.si\/en\/fields-of-work\/information-support\/\",\"url\":\"https:\/\/www.acs.si\/en\/fields-of-work\/information-support\/\",\"name\":\"Information services | Andrago\u0161ki center Republike Slovenije\",\"isPartOf\":{\"@id\":\"https:\/\/www.acs.si\/#website\"},\"primaryImageOfPage\":{\"@id\":\"https:\/\/www.acs.si\/en\/fields-of-work\/information-support\/#primaryimage\"},\"image\":{\"@id\":\"https:\/\/www.acs.si\/en\/fields-of-work\/information-support\/#primaryimage\"},\"thumbnailUrl\":\"https:\/\/www.acs.si\/wp-content\/themes\/andragoski\/images\/icons\/icon_informiranje.svg\",\"datePublished\":\"2018-06-06T07:25:14+00:00\",\"dateModified\":\"2024-08-20T11:23:51+00:00\",\"breadcrumb\":{\"@id\":\"https:\/\/www.acs.si\/en\/fields-of-work\/information-support\/#breadcrumb\"},\"inLanguage\":\"en-US\",\"potentialAction\":[{\"@type\":\"ReadAction\",\"target\":[\"https:\/\/www.acs.si\/en\/fields-of-work\/information-support\/\"]}]},{\"@type\":\"ImageObject\",\"inLanguage\":\"en-US\",\"@id\":\"https:\/\/www.acs.si\/en\/fields-of-work\/information-support\/#primaryimage\",\"url\":\"https:\/\/www.acs.si\/wp-content\/themes\/andragoski\/images\/icons\/icon_informiranje.svg\",\"contentUrl\":\"https:\/\/www.acs.si\/wp-content\/themes\/andragoski\/images\/icons\/icon_informiranje.svg\"},{\"@type\":\"BreadcrumbList\",\"@id\":\"https:\/\/www.acs.si\/en\/fields-of-work\/information-support\/#breadcrumb\",\"itemListElement\":[{\"@type\":\"ListItem\",\"position\":1,\"name\":\"Home\",\"item\":\"https:\/\/www.acs.si\/en\/\"},{\"@type\":\"ListItem\",\"position\":2,\"name\":\"Fields of Work\",\"item\":\"https:\/\/www.acs.si\/en\/fields-of-work\/\"},{\"@type\":\"ListItem\",\"position\":3,\"name\":\"Information services\"}]},{\"@type\":\"WebSite\",\"@id\":\"https:\/\/www.acs.si\/#website\",\"url\":\"https:\/\/www.acs.si\/\",\"name\":\"Andrago\u0161ki center Republike Slovenije\",\"description\":\"\",\"potentialAction\":[{\"@type\":\"SearchAction\",\"target\":{\"@type\":\"EntryPoint\",\"urlTemplate\":\"https:\/\/www.acs.si\/?s={search_term_string}\"},\"query-input\":{\"@type\":\"PropertyValueSpecification\",\"valueRequired\":true,\"valueName\":\"search_term_string\"}}],\"inLanguage\":\"en-US\"}]}<\/script>\n<!-- \/ Yoast SEO plugin. -->","yoast_head_json":{"title":"Information services | Andrago\u0161ki center Republike Slovenije","robots":{"index":"index","follow":"follow","max-snippet":"max-snippet:-1","max-image-preview":"max-image-preview:large","max-video-preview":"max-video-preview:-1"},"canonical":"https:\/\/www.acs.si\/en\/fields-of-work\/information-support\/","og_locale":"en_US","og_type":"article","og_title":"Information services | Andrago\u0161ki center Republike Slovenije","og_description":"We inform the...","og_url":"https:\/\/www.acs.si\/en\/fields-of-work\/information-support\/","og_site_name":"Andrago\u0161ki center Republike Slovenije","article_publisher":"https:\/\/www.facebook.com\/AndragoskiCenterSlovenije\/","article_modified_time":"2024-08-20T11:23:51+00:00","og_image":[{"url":"https:\/\/www.acs.si\/wp-content\/themes\/andragoski\/images\/icons\/icon_informiranje.svg","type":"","width":"","height":""}],"twitter_card":"summary_large_image","twitter_misc":{"Est. reading time":"3 minutes"},"schema":{"@context":"https:\/\/schema.org","@graph":[{"@type":"WebPage","@id":"https:\/\/www.acs.si\/en\/fields-of-work\/information-support\/","url":"https:\/\/www.acs.si\/en\/fields-of-work\/information-support\/","name":"Information services | Andrago\u0161ki center Republike Slovenije","isPartOf":{"@id":"https:\/\/www.acs.si\/#website"},"primaryImageOfPage":{"@id":"https:\/\/www.acs.si\/en\/fields-of-work\/information-support\/#primaryimage"},"image":{"@id":"https:\/\/www.acs.si\/en\/fields-of-work\/information-support\/#primaryimage"},"thumbnailUrl":"https:\/\/www.acs.si\/wp-content\/themes\/andragoski\/images\/icons\/icon_informiranje.svg","datePublished":"2018-06-06T07:25:14+00:00","dateModified":"2024-08-20T11:23:51+00:00","breadcrumb":{"@id":"https:\/\/www.acs.si\/en\/fields-of-work\/information-support\/#breadcrumb"},"inLanguage":"en-US","potentialAction":[{"@type":"ReadAction","target":["https:\/\/www.acs.si\/en\/fields-of-work\/information-support\/"]}]},{"@type":"ImageObject","inLanguage":"en-US","@id":"https:\/\/www.acs.si\/en\/fields-of-work\/information-support\/#primaryimage","url":"https:\/\/www.acs.si\/wp-content\/themes\/andragoski\/images\/icons\/icon_informiranje.svg","contentUrl":"https:\/\/www.acs.si\/wp-content\/themes\/andragoski\/images\/icons\/icon_informiranje.svg"},{"@type":"BreadcrumbList","@id":"https:\/\/www.acs.si\/en\/fields-of-work\/information-support\/#breadcrumb","itemListElement":[{"@type":"ListItem","position":1,"name":"Home","item":"https:\/\/www.acs.si\/en\/"},{"@type":"ListItem","position":2,"name":"Fields of Work","item":"https:\/\/www.acs.si\/en\/fields-of-work\/"},{"@type":"ListItem","position":3,"name":"Information services"}]},{"@type":"WebSite","@id":"https:\/\/www.acs.si\/#website","url":"https:\/\/www.acs.si\/","name":"Andrago\u0161ki center Republike Slovenije","description":"","potentialAction":[{"@type":"SearchAction","target":{"@type":"EntryPoint","urlTemplate":"https:\/\/www.acs.si\/?s={search_term_string}"},"query-input":{"@type":"PropertyValueSpecification","valueRequired":true,"valueName":"search_term_string"}}],"inLanguage":"en-US"}]}},"_links":{"self":[{"href":"https:\/\/www.acs.si\/en\/wp-json\/wp\/v2\/pages\/26754","targetHints":{"allow":["GET"]}}],"collection":[{"href":"https:\/\/www.acs.si\/en\/wp-json\/wp\/v2\/pages"}],"about":[{"href":"https:\/\/www.acs.si\/en\/wp-json\/wp\/v2\/types\/page"}],"author":[{"embeddable":true,"href":"https:\/\/www.acs.si\/en\/wp-json\/wp\/v2\/users\/161"}],"replies":[{"embeddable":true,"href":"https:\/\/www.acs.si\/en\/wp-json\/wp\/v2\/comments?post=26754"}],"version-history":[{"count":11,"href":"https:\/\/www.acs.si\/en\/wp-json\/wp\/v2\/pages\/26754\/revisions"}],"predecessor-version":[{"id":73443,"href":"https:\/\/www.acs.si\/en\/wp-json\/wp\/v2\/pages\/26754\/revisions\/73443"}],"up":[{"embeddable":true,"href":"https:\/\/www.acs.si\/en\/wp-json\/wp\/v2\/pages\/28313"}],"wp:attachment":[{"href":"https:\/\/www.acs.si\/en\/wp-json\/wp\/v2\/media?parent=26754"}],"curies":[{"name":"wp","href":"https:\/\/api.w.org\/{rel}","templated":true}]}}